{"id":53484,"date":"2023-10-06T11:28:15","date_gmt":"2023-10-06T09:28:15","guid":{"rendered":"https:\/\/pistonaddict.com\/product\/porsche-911-carrera-2-cabrio-997\/"},"modified":"2023-12-20T09:46:35","modified_gmt":"2023-12-20T08:46:35","slug":"porsche-911-carrera-2-cabrio-997","status":"publish","type":"product","link":"https:\/\/pistonaddict.com\/da\/product\/porsche-911-carrera-2-cabrio-997\/","title":{"rendered":"Porsche 911 Carrera 2 Cabrio (997)"},"content":{"rendered":"<p><strong>Bilens historie<\/strong><\/p>\n<p>Denne &#8220;Guards Red&#8221; Porsche 911 Carrera 2 Cabrio blev produceret i december 2006 og solgt som ny i Spanien, hvor den tilbragte hele sit liv. Den nuv\u00e6rende ejer k\u00f8bte det i 2021. Denne cabriolet er et godt eksempel p\u00e5 Carrera 2-modellen fra 997-generationen, som er kendt for sin lette konstruktion, omdrejningsvillige motorer og kompromisl\u00f8se k\u00f8refornemmelse. Porsche-purister kritiserede ofte de efterf\u00f8lgende 911-modeller for at v\u00e6re for store og tunge, men alle var enige om, at 997 var den sidste i den klassiske serie af biler. Den har en kvik undervogn, naturligt indsugede motorer, karakteristisk lyd og unikke k\u00f8reegenskaber, is\u00e6r i RWD-udgaver som denne. Dette eksemplar er <strong>drevet af en 3,6-liters<\/strong> <strong>flat-six-motor, der leverer sunde 325 hk<\/strong> og mere end respektabel ydelse. Sprinten fra 0 til 100 km\/t er mulig p\u00e5 kun 4,8 sekunder med en tophastighed p\u00e5 over 280 km\/t (177 mph). Det vigtigste er dog den 6-trins manuelle, som straks forvandler denne r\u00f8de cabriolet fra endnu en 911 til et sj\u00e6ldent samlerobjekt. Det manuelle gear er et meget eftertragtet ekstraudstyr, som ikke kun hj\u00e6lper bilen med at opn\u00e5 sit fulde pr\u00e6stationspotentiale, men ogs\u00e5 g\u00f8r hver eneste k\u00f8retur til en uforglemmelig oplevelse.<\/p>\n<p><strong>Interi\u00f8r<\/strong><\/p>\n<p>Interi\u00f8ret i &#8220;Natural Brown&#8221; er sl\u00e5ende kombineret med det r\u00f8de eksteri\u00f8r og adskiller dette eksemplar endnu mere fra resten af 911-modellerne. Interi\u00f8ret er i pletfri stand uden ridser p\u00e5 l\u00e6ders\u00e6derne. Den er ogs\u00e5 veludstyret med sportss\u00e6der (ekstraudstyr), et Bose-lydsystem og et matchende rat. Det eneste uoriginale element er Kenwood-hovedenheden med touchscreen, men den smagfulde opgradering passer perfekt til instrumentbordets design. Selv om denne cabriolet blev k\u00f8rt som weekendcruiser i det solrige Spanien, er der ingen tegn p\u00e5 solskader p\u00e5 det smukke solbrune skindinteri\u00f8r.<\/p>\n<p><strong>Tilstand<\/strong><\/p>\n<p>Bilen har kun k\u00f8rt 43.000 kilometer fra ny og er i perfekt stand uden uheld eller skader p\u00e5 bilen. Det sidste motorservice blev udf\u00f8rt i 2022, mens bremserne blev efterset i oktober 2023. Bilen blev grundigt rengjort, og der blev foretaget en olieanalyse, som viste, at motoren og drivlinjen var i perfekt stand. 911&#8217;erne har altid haft ry for at v\u00e6re af h\u00f8j kvalitet, og n\u00e5r de vedligeholdes korrekt og passes omhyggeligt, som det er tilf\u00e6ldet med denne, kan de holde hele livet.<\/p>\n<p><strong>Eksteri\u00f8r og hjul  <\/strong><\/p>\n<p>Det r\u00f8de karrosseri er i perfekt stand uden ridser eller buler, og cabrioletkalechen har ingen skader. Farvekombinationen er fantastisk og f\u00e5r dette eksemplar til at skille sig ud fra m\u00e6ngden. Denne 911 Carrera 2 har Porsches signatur &#8220;Lobster Claw&#8221; 19-tommer hjul pakket ind i splinternye Michelin Pilot Sport-d\u00e6k.<\/p>\n<p><strong>Dokumentation:<\/strong><\/p>\n<p>Dette k\u00f8ret\u00f8j s\u00e6lges af forhandleren med den relevante dokumentation i Spanien. CarFax-rapporten er ren; der findes ingen beviser p\u00e5 ulykker, reparationer af ulykker, ejerskab eller juridiske problemer. Der er optegnelser over regelm\u00e6ssig vedligeholdelse sammen med originale fabriksbrochurer og kvitteringer. Den spanske tekniske inspektion (ITV) er inkluderet i dokumentationen, og bilen bestod med glans. Tjek <a href=\"https:\/\/pistonaddict.com\/wp-content\/uploads\/2023\/10\/CARFAX-Vehicle-History-Report-PORSCHE-911.pdf\">CarFax-dokumentet<\/a> for denne smukke cabriolet Porsche 911 Carrera.<\/p>\n<p><strong>Det er n\u00f8dvendigt med en kreditkorth\u00e6ftelse (frigives automatisk) for at f\u00e5 adgang til auktionen over denne f\u00f8rsteklasses bil.<\/strong><\/p>\n<p>Se koldstartsvideoen af denne smukke Porsche 911 Carrera cabriolet:<\/p>\n<p><iframe title=\"Cold Start Video of the Porsche 911 Carrera Cabrio 325 CV\" width=\"1200\" height=\"675\" src=\"https:\/\/www.youtube.com\/embed\/FNuC3o32Erw?feature=oembed\" frameborder=\"0\" allow=\"accelerometer; autoplay; clipboard-write; encrypted-media; gyroscope; picture-in-picture; web-share\" allowfullscreen><\/iframe><\/p>\n","protected":false},"excerpt":{"rendered":"<p>Porsche 911 har en s\u00e6rlig plads i verden af sportsvogne. Den opfattes ikke l\u00e6ngere bare som et k\u00f8ret\u00f8j, da den overskrider bilindustriens gr\u00e6nser og er blevet et kulturelt symbol og en globalt anerkendt form. Gennem generationer har 911 udviklet sig fra en lille sportscoup\u00e9 til nutidens luksuri\u00f8se GT-bil. Men hvad nu, hvis du har lyst til den essentielle 911-f\u00f8lelse, en naturligt aspireret boxermotors knurren og ren k\u00f8refornemmelse. I s\u00e5 fald er 997-generationen den sidste, der tilbyder alle de eftertragtede klassiske dyder i moderne indpakning. Det er perfektion p\u00e5 fire hjul i cabrioletform og med manuelt gear.<\/p>\n","protected":false},"featured_media":53264,"comment_status":"open","ping_status":"closed","template":"","meta":{"inline_featured_image":false},"product_cat":[701],"product_tag":[2089,804,2086,2087,1003,802],"acf":[],"yoast_head":"<!-- This site is optimized with the Yoast SEO plugin v22.5 - https:\/\/yoast.com\/wordpress\/plugins\/seo\/ -->\n<title>auktion - Piston Addict<\/title>\n<meta name=\"robots\" content=\"index, follow, max-snippet:-1, max-image-preview:large, max-video-preview:-1\" \/>\n<link rel=\"canonical\" href=\"https:\/\/pistonaddict.com\/da\/product\/porsche-911-carrera-2-cabrio-997\/\" \/>\n<meta property=\"og:locale\" content=\"da_DK\" \/>\n<meta property=\"og:type\" content=\"article\" \/>\n<meta property=\"og:title\" content=\"auktion - Piston Addict\" \/>\n<meta property=\"og:description\" content=\"Porsche 911 har en s\u00e6rlig plads i verden af sportsvogne. Den opfattes ikke l\u00e6ngere bare som et k\u00f8ret\u00f8j, da den overskrider bilindustriens gr\u00e6nser og er blevet et kulturelt symbol og en globalt anerkendt form. Gennem generationer har 911 udviklet sig fra en lille sportscoup\u00e9 til nutidens luksuri\u00f8se GT-bil. Men hvad nu, hvis du har lyst til den essentielle 911-f\u00f8lelse, en naturligt aspireret boxermotors knurren og ren k\u00f8refornemmelse. I s\u00e5 fald er 997-generationen den sidste, der tilbyder alle de eftertragtede klassiske dyder i moderne indpakning. Det er perfektion p\u00e5 fire hjul i cabrioletform og med manuelt gear.\" \/>\n<meta property=\"og:url\" content=\"https:\/\/pistonaddict.com\/da\/product\/porsche-911-carrera-2-cabrio-997\/\" \/>\n<meta property=\"og:site_name\" content=\"Piston Addict\" \/>\n<meta property=\"article:modified_time\" content=\"2023-12-20T08:46:35+00:00\" \/>\n<meta property=\"og:image\" content=\"https:\/\/pistonaddict.com\/wp-content\/uploads\/2023\/10\/20220624_201726_resized-copia.jpg\" \/>\n\t<meta property=\"og:image:width\" content=\"1008\" \/>\n\t<meta property=\"og:image:height\" content=\"567\" \/>\n\t<meta property=\"og:image:type\" content=\"image\/jpeg\" \/>\n<meta name=\"twitter:card\" content=\"summary_large_image\" \/>\n<meta name=\"twitter:label1\" content=\"Estimeret l\u00e6setid\" \/>\n\t<meta name=\"twitter:data1\" content=\"3 minutter\" \/>\n<script type=\"application\/ld+json\" class=\"yoast-schema-graph\">{\"@context\":\"https:\/\/schema.org\",\"@graph\":[{\"@type\":\"WebPage\",\"@id\":\"https:\/\/pistonaddict.com\/da\/product\/porsche-911-carrera-2-cabrio-997\/\",\"url\":\"https:\/\/pistonaddict.com\/da\/product\/porsche-911-carrera-2-cabrio-997\/\",\"name\":\"auktion - Piston Addict\",\"isPartOf\":{\"@id\":\"https:\/\/pistonaddict.com\/da\/#website\"},\"primaryImageOfPage\":{\"@id\":\"https:\/\/pistonaddict.com\/da\/product\/porsche-911-carrera-2-cabrio-997\/#primaryimage\"},\"image\":{\"@id\":\"https:\/\/pistonaddict.com\/da\/product\/porsche-911-carrera-2-cabrio-997\/#primaryimage\"},\"thumbnailUrl\":\"https:\/\/pistonaddict.com\/wp-content\/uploads\/2023\/10\/20220624_201726_resized-copia.jpg\",\"datePublished\":\"2023-10-06T09:28:15+00:00\",\"dateModified\":\"2023-12-20T08:46:35+00:00\",\"breadcrumb\":{\"@id\":\"https:\/\/pistonaddict.com\/da\/product\/porsche-911-carrera-2-cabrio-997\/#breadcrumb\"},\"inLanguage\":\"da-DK\",\"potentialAction\":[{\"@type\":\"ReadAction\",\"target\":[\"https:\/\/pistonaddict.com\/da\/product\/porsche-911-carrera-2-cabrio-997\/\"]}]},{\"@type\":\"ImageObject\",\"inLanguage\":\"da-DK\",\"@id\":\"https:\/\/pistonaddict.com\/da\/product\/porsche-911-carrera-2-cabrio-997\/#primaryimage\",\"url\":\"https:\/\/pistonaddict.com\/wp-content\/uploads\/2023\/10\/20220624_201726_resized-copia.jpg\",\"contentUrl\":\"https:\/\/pistonaddict.com\/wp-content\/uploads\/2023\/10\/20220624_201726_resized-copia.jpg\",\"width\":1008,\"height\":567},{\"@type\":\"BreadcrumbList\",\"@id\":\"https:\/\/pistonaddict.com\/da\/product\/porsche-911-carrera-2-cabrio-997\/#breadcrumb\",\"itemListElement\":[{\"@type\":\"ListItem\",\"position\":1,\"name\":\"Hjemmeside\",\"item\":\"https:\/\/pistonaddict.com\/da\/hjemmeside-2\/\"},{\"@type\":\"ListItem\",\"position\":2,\"name\":\"Auctions\",\"item\":\"https:\/\/pistonaddict.com\/auctions-listing\/\"},{\"@type\":\"ListItem\",\"position\":3,\"name\":\"Porsche 911 Carrera 2 Cabrio (997)\"}]},{\"@type\":\"WebSite\",\"@id\":\"https:\/\/pistonaddict.com\/da\/#website\",\"url\":\"https:\/\/pistonaddict.com\/da\/\",\"name\":\"Piston Addict\",\"description\":\"Only interesting vehicles\",\"publisher\":{\"@id\":\"https:\/\/pistonaddict.com\/da\/#organization\"},\"potentialAction\":[{\"@type\":\"SearchAction\",\"target\":{\"@type\":\"EntryPoint\",\"urlTemplate\":\"https:\/\/pistonaddict.com\/da\/?s={search_term_string}\"},\"query-input\":\"required name=search_term_string\"}],\"inLanguage\":\"da-DK\"},{\"@type\":\"Organization\",\"@id\":\"https:\/\/pistonaddict.com\/da\/#organization\",\"name\":\"Piston Addict\",\"url\":\"https:\/\/pistonaddict.com\/da\/\",\"logo\":{\"@type\":\"ImageObject\",\"inLanguage\":\"da-DK\",\"@id\":\"https:\/\/pistonaddict.com\/da\/#\/schema\/logo\/image\/\",\"url\":\"https:\/\/pistonaddict.com\/wp-content\/uploads\/2022\/07\/logo-6.png\",\"contentUrl\":\"https:\/\/pistonaddict.com\/wp-content\/uploads\/2022\/07\/logo-6.png\",\"width\":970,\"height\":200,\"caption\":\"Piston Addict\"},\"image\":{\"@id\":\"https:\/\/pistonaddict.com\/da\/#\/schema\/logo\/image\/\"}}]}<\/script>\n<!-- \/ Yoast SEO plugin. -->","yoast_head_json":{"title":"auktion - Piston Addict","robots":{"index":"index","follow":"follow","max-snippet":"max-snippet:-1","max-image-preview":"max-image-preview:large","max-video-preview":"max-video-preview:-1"},"canonical":"https:\/\/pistonaddict.com\/da\/product\/porsche-911-carrera-2-cabrio-997\/","og_locale":"da_DK","og_type":"article","og_title":"auktion - Piston Addict","og_description":"Porsche 911 har en s\u00e6rlig plads i verden af sportsvogne. Den opfattes ikke l\u00e6ngere bare som et k\u00f8ret\u00f8j, da den overskrider bilindustriens gr\u00e6nser og er blevet et kulturelt symbol og en globalt anerkendt form. Gennem generationer har 911 udviklet sig fra en lille sportscoup\u00e9 til nutidens luksuri\u00f8se GT-bil. Men hvad nu, hvis du har lyst til den essentielle 911-f\u00f8lelse, en naturligt aspireret boxermotors knurren og ren k\u00f8refornemmelse. I s\u00e5 fald er 997-generationen den sidste, der tilbyder alle de eftertragtede klassiske dyder i moderne indpakning. Det er perfektion p\u00e5 fire hjul i cabrioletform og med manuelt gear.","og_url":"https:\/\/pistonaddict.com\/da\/product\/porsche-911-carrera-2-cabrio-997\/","og_site_name":"Piston Addict","article_modified_time":"2023-12-20T08:46:35+00:00","og_image":[{"width":1008,"height":567,"url":"https:\/\/pistonaddict.com\/wp-content\/uploads\/2023\/10\/20220624_201726_resized-copia.jpg","type":"image\/jpeg"}],"twitter_card":"summary_large_image","twitter_misc":{"Estimeret l\u00e6setid":"3 minutter"},"schema":{"@context":"https:\/\/schema.org","@graph":[{"@type":"WebPage","@id":"https:\/\/pistonaddict.com\/da\/product\/porsche-911-carrera-2-cabrio-997\/","url":"https:\/\/pistonaddict.com\/da\/product\/porsche-911-carrera-2-cabrio-997\/","name":"auktion - Piston Addict","isPartOf":{"@id":"https:\/\/pistonaddict.com\/da\/#website"},"primaryImageOfPage":{"@id":"https:\/\/pistonaddict.com\/da\/product\/porsche-911-carrera-2-cabrio-997\/#primaryimage"},"image":{"@id":"https:\/\/pistonaddict.com\/da\/product\/porsche-911-carrera-2-cabrio-997\/#primaryimage"},"thumbnailUrl":"https:\/\/pistonaddict.com\/wp-content\/uploads\/2023\/10\/20220624_201726_resized-copia.jpg","datePublished":"2023-10-06T09:28:15+00:00","dateModified":"2023-12-20T08:46:35+00:00","breadcrumb":{"@id":"https:\/\/pistonaddict.com\/da\/product\/porsche-911-carrera-2-cabrio-997\/#breadcrumb"},"inLanguage":"da-DK","potentialAction":[{"@type":"ReadAction","target":["https:\/\/pistonaddict.com\/da\/product\/porsche-911-carrera-2-cabrio-997\/"]}]},{"@type":"ImageObject","inLanguage":"da-DK","@id":"https:\/\/pistonaddict.com\/da\/product\/porsche-911-carrera-2-cabrio-997\/#primaryimage","url":"https:\/\/pistonaddict.com\/wp-content\/uploads\/2023\/10\/20220624_201726_resized-copia.jpg","contentUrl":"https:\/\/pistonaddict.com\/wp-content\/uploads\/2023\/10\/20220624_201726_resized-copia.jpg","width":1008,"height":567},{"@type":"BreadcrumbList","@id":"https:\/\/pistonaddict.com\/da\/product\/porsche-911-carrera-2-cabrio-997\/#breadcrumb","itemListElement":[{"@type":"ListItem","position":1,"name":"Hjemmeside","item":"https:\/\/pistonaddict.com\/da\/hjemmeside-2\/"},{"@type":"ListItem","position":2,"name":"Auctions","item":"https:\/\/pistonaddict.com\/auctions-listing\/"},{"@type":"ListItem","position":3,"name":"Porsche 911 Carrera 2 Cabrio (997)"}]},{"@type":"WebSite","@id":"https:\/\/pistonaddict.com\/da\/#website","url":"https:\/\/pistonaddict.com\/da\/","name":"Piston Addict","description":"Only interesting vehicles","publisher":{"@id":"https:\/\/pistonaddict.com\/da\/#organization"},"potentialAction":[{"@type":"SearchAction","target":{"@type":"EntryPoint","urlTemplate":"https:\/\/pistonaddict.com\/da\/?s={search_term_string}"},"query-input":"required name=search_term_string"}],"inLanguage":"da-DK"},{"@type":"Organization","@id":"https:\/\/pistonaddict.com\/da\/#organization","name":"Piston Addict","url":"https:\/\/pistonaddict.com\/da\/","logo":{"@type":"ImageObject","inLanguage":"da-DK","@id":"https:\/\/pistonaddict.com\/da\/#\/schema\/logo\/image\/","url":"https:\/\/pistonaddict.com\/wp-content\/uploads\/2022\/07\/logo-6.png","contentUrl":"https:\/\/pistonaddict.com\/wp-content\/uploads\/2022\/07\/logo-6.png","width":970,"height":200,"caption":"Piston Addict"},"image":{"@id":"https:\/\/pistonaddict.com\/da\/#\/schema\/logo\/image\/"}}]}},"_links":{"self":[{"href":"https:\/\/pistonaddict.com\/da\/wp-json\/wp\/v2\/product\/53484"}],"collection":[{"href":"https:\/\/pistonaddict.com\/da\/wp-json\/wp\/v2\/product"}],"about":[{"href":"https:\/\/pistonaddict.com\/da\/wp-json\/wp\/v2\/types\/product"}],"replies":[{"embeddable":true,"href":"https:\/\/pistonaddict.com\/da\/wp-json\/wp\/v2\/comments?post=53484"}],"wp:featuredmedia":[{"embeddable":true,"href":"https:\/\/pistonaddict.com\/da\/wp-json\/wp\/v2\/media\/53264"}],"wp:attachment":[{"href":"https:\/\/pistonaddict.com\/da\/wp-json\/wp\/v2\/media?parent=53484"}],"wp:term":[{"taxonomy":"product_cat","embeddable":true,"href":"https:\/\/pistonaddict.com\/da\/wp-json\/wp\/v2\/product_cat?post=53484"},{"taxonomy":"product_tag","embeddable":true,"href":"https:\/\/pistonaddict.com\/da\/wp-json\/wp\/v2\/product_tag?post=53484"}],"curies":[{"name":"wp","href":"https:\/\/api.w.org\/{rel}","templated":true}]}}