{"id":47823,"date":"2024-01-16T09:00:29","date_gmt":"2024-01-16T08:00:29","guid":{"rendered":"https:\/\/pistonaddict.com\/product\/morgan-roadster-v6-3-0\/"},"modified":"2024-03-20T09:43:18","modified_gmt":"2024-03-20T08:43:18","slug":"morgan-roadster-v6-3-0","status":"publish","type":"product","link":"https:\/\/pistonaddict.com\/da\/product\/morgan-roadster-v6-3-0\/","title":{"rendered":"Morgan Roadster V6 3.0"},"content":{"rendered":"<p><strong>Bilens historie<\/strong><\/p>\n<p>Den nuv\u00e6rende ejer af denne elegante roadster k\u00f8bte bilen i 2010, da den kun var tre \u00e5r gammel. Den blev leveret som ny og har tilbragt hele sit liv i Spanien, hvor den er blevet brugt til afslappende k\u00f8reture langs kysten. Denne generation af Morgans \u00e6rv\u00e6rdige roadster blev introduceret i 2004, og selv om den n\u00e6sten ikke var til at skelne udefra, var der en meget velkommen forbedring under den lange motorhjelm &#8211; Fords Duratec 3,0-liters V6&#8217;er. Med 24 ventiler, moderne konstruktion og uovertruffen p\u00e5lidelighed er Fords V6 bedre end den gamle Rover V8, som Morgan brugte, p\u00e5 n\u00e6sten alle m\u00e5der. Denne motor leverer respektable 223 hk, og da V6&#8217;eren er kortere end V8&#8217;eren, er den placeret mere mod midten af bilen, hvilket g\u00f8r den bedre at styre. Som du sikkert ved, er en af hemmelighederne bag Morgans unikke k\u00f8redynamik dens chassis, der delvist er lavet af tr\u00e6. S\u00e5 n\u00e5r du har en roadster, der vejer lige under et ton, har du en levende k\u00f8reoplevelse og bem\u00e6rker hver eneste detalje i, hvordan den k\u00f8rer, accelererer og h\u00e5ndterer. Og s\u00e5 kan den i \u00f8vrigt n\u00e5 100 km\/t p\u00e5 5,5 sekunder, hvilket g\u00f8r den meget sp\u00e6ndende at k\u00f8re.<\/p>\n<p><strong>Tilstand<\/strong><\/p>\n<p>Denne Morgan Roadster har kun k\u00f8rt lidt over 41.000 kilometer og har to ejere fra ny. Den generelle tilstand er meget god, uden skader, nedbrud eller udvendige reparationer. Den blev regelm\u00e6ssigt vedligeholdt uden \u00e6ndringer af motor, karrosseri eller affjedring. Ejeren har for nylig efterset bremserne og foretaget en olieanalyse, som var negativ, hvilket betyder, at motoren er i perfekt stand. Det er forventeligt, da Fords 3,0-liters V6 er kendt for sin holdbarhed og lange levetid.<\/p>\n<p><strong>Interi\u00f8r<\/strong><\/p>\n<p>Et af de bedste tr\u00e6k ved Morgan Roadster var dens klassiske, men elegante interi\u00f8r, og i dette tilf\u00e6lde er det blevet forbedret med det legendariske Moto-Lita-rat i tr\u00e6. Instrumentbr\u00e6ttet af tr\u00e6 har fuld instrumentering, et lydsystem og et ur. Samtidig er s\u00e6derne betrukket med smukt beige l\u00e6der, som er i ideel stand og passer perfekt til den udvendige farve. Den sorte kaleche er ogs\u00e5 i god stand og sj\u00e6ldent brugt, da bilen blev opbevaret i garagen og kun k\u00f8rt i godt vejr. Det originale Morgan-omslag er ogs\u00e5 inkluderet.<\/p>\n<p><strong>Udvendigt og hjul<\/strong><\/p>\n<p>Officielt kaldet Connaught Green, men mere ber\u00f8mt som BRG (British Racing Green), er denne Morgan udf\u00f8rt i den mest eftertragtede farve af dem alle. En klassisk m\u00f8rk nuance, der passer perfekt til det beige interi\u00f8r, er den ultimative specifikation for enhver klassisk britisk roadster. Karosseriet er i perfekt stand uden ridser eller misfarvninger og med sp\u00e6ndende detaljer som t\u00e5gelygter, badges og l\u00e6derremme, der holder motorhjelmen p\u00e5 plads (klisterm\u00e6rket p\u00e5 motorhjelmen kan nemt fjernes). Looket fuldendes med et s\u00e6t 18-tommers tr\u00e5dhjul med Yokohama-d\u00e6k og et reservehjul i fuld st\u00f8rrelse monteret bagp\u00e5. Hjulene ser m\u00e5ske ud, som om de er fra 40&#8217;erne, men de er helt nye og k\u00e6rligt genskabte genstande, der er designet til at passe til moderne gummi.<\/p>\n<p><strong>Dokumentation<\/strong><\/p>\n<p>Dette er et privatejet k\u00f8ret\u00f8j med passende dokumentation, der befinder sig i Palma de Mallorca, Spanien. Rapporterne er rene; der findes ingen beviser for ulykker, reparationer af ulykker, ejerskab eller juridiske problemer. Der er optegnelser over regelm\u00e6ssig vedligeholdelse, der g\u00e5r tilbage til 2020.<br \/>\nDu kan tjekke CarFax for denne Morgan Roadster V6 cabriolet <a href=\"https:\/\/pistonaddict.com\/wp-content\/uploads\/2023\/08\/CARFAX-Vehicle-History-Report-MORGAN-ROADSTER-Convertible-2007.pdf\">her<\/a>. <strong>Spansk MOT (ITV) best\u00e5et og gyldig indtil 4. august 2024<\/strong>.<\/p>\n<p><strong>Udstyr og ekstraudstyr<\/strong><\/p>\n<p>&#8211; Motolita klassisk rat i tr\u00e6<br \/>\n&#8211; Instrumentbr\u00e6t i tr\u00e6<br \/>\n&#8211; Gearskifteknap i st\u00e5l<br \/>\n&#8211; Sidelommer i l\u00e6derl\u00e5ger<br \/>\n&#8211; Morgan skjold tv\u00e6rstangsbeslag<br \/>\n&#8211; Indvendige l\u00e5sebeslag med Morgan-skjold<br \/>\n&#8211; Ur<br \/>\n&#8211; Radio CD\/MP3 Blaupunkt<br \/>\n&#8211; 2 ekstra forlygter<br \/>\n&#8211; Indvendigt l\u00e6derb\u00e6lte foret med f\u00e5reskind p\u00e5 toppen af motorhjelmen<br \/>\n&#8211; Parasoller i sort l\u00e6der<br \/>\n&#8211; Tyverisikret batteriafbryder<br \/>\n&#8211; Frontbj\u00e6lke til badges\/skjolde<br \/>\n&#8211; H\u00e6ttebetr\u00e6k i sort l\u00e6der med Morgan-skjold<br \/>\n&#8211; 2 sorte l\u00e6derbetr\u00e6k til methacrylatvinduer med Morgan-skjold<br \/>\n&#8211; Indvendigt beskyttelsesbetr\u00e6k til bilen (bl\u00e5t stof) med Morgan-skjold<\/p>\n<p><strong>Se koldstartsvideoen af denne smukke Morgan Roadster V6 cabriolet:<\/strong><\/p>\n<p><iframe title=\"Cold Start : Morgan Roadster V6 3.0 on PistonAddict.com\" width=\"1200\" height=\"675\" src=\"https:\/\/www.youtube.com\/embed\/yLSfe-ePOFg?start=29&#038;feature=oembed\" frameborder=\"0\" allow=\"accelerometer; autoplay; clipboard-write; encrypted-media; gyroscope; picture-in-picture; web-share\" allowfullscreen><\/iframe><\/p>\n","protected":false},"excerpt":{"rendered":"<p>Blandt de mange klassikere fra Storbritannien er Morgan Roadster un\u00e6gtelig indbegrebet af britisk charme i bilform. Med et tidl\u00f8st design, der stammer fra roadsternes tidlige dage, og en modelr\u00e6kke, der har v\u00e6ret ubrudt siden 1950, er den moderne Morgan Plus Six en uimodst\u00e5elig kombination af unik konstruktion, skr\u00e6ddersyet og h\u00e5ndbygget produktion og en kraftfuld V6&#8217;er, der forvandler denne \u00e6gte klassiker til en kapabel \u00e5ben sportsvogn.<\/p>\n","protected":false},"featured_media":46726,"comment_status":"open","ping_status":"closed","template":"","meta":{"inline_featured_image":false},"product_cat":[701],"product_tag":[1995,1991,1003,1986,1988],"acf":[],"yoast_head":"<!-- This site is optimized with the Yoast SEO plugin v22.5 - https:\/\/yoast.com\/wordpress\/plugins\/seo\/ -->\n<title>auktion - Piston Addict<\/title>\n<meta name=\"description\" content=\"Fantastisk Morgan Roadster V6 3.0 fra 2007 i fremragende stand p\u00e5 auktion p\u00e5 PistonAddict.com\" \/>\n<meta name=\"robots\" content=\"index, follow, max-snippet:-1, max-image-preview:large, max-video-preview:-1\" \/>\n<link rel=\"canonical\" href=\"https:\/\/pistonaddict.com\/da\/product\/morgan-roadster-v6-3-0\/\" \/>\n<meta property=\"og:locale\" content=\"da_DK\" \/>\n<meta property=\"og:type\" content=\"article\" \/>\n<meta property=\"og:title\" content=\"auktion - Piston Addict\" \/>\n<meta property=\"og:description\" content=\"Fantastisk Morgan Roadster V6 3.0 fra 2007 i fremragende stand p\u00e5 auktion p\u00e5 PistonAddict.com\" \/>\n<meta property=\"og:url\" content=\"https:\/\/pistonaddict.com\/da\/product\/morgan-roadster-v6-3-0\/\" \/>\n<meta property=\"og:site_name\" content=\"Piston Addict\" \/>\n<meta property=\"article:modified_time\" content=\"2024-03-20T08:43:18+00:00\" \/>\n<meta property=\"og:image\" content=\"https:\/\/pistonaddict.com\/wp-content\/uploads\/2023\/08\/DSC0169-scaled.jpg\" \/>\n\t<meta property=\"og:image:width\" content=\"2560\" \/>\n\t<meta property=\"og:image:height\" content=\"1707\" \/>\n\t<meta property=\"og:image:type\" content=\"image\/jpeg\" \/>\n<meta name=\"twitter:card\" content=\"summary_large_image\" \/>\n<meta name=\"twitter:label1\" content=\"Estimeret l\u00e6setid\" \/>\n\t<meta name=\"twitter:data1\" content=\"4 minutter\" \/>\n<script type=\"application\/ld+json\" class=\"yoast-schema-graph\">{\"@context\":\"https:\/\/schema.org\",\"@graph\":[{\"@type\":\"WebPage\",\"@id\":\"https:\/\/pistonaddict.com\/da\/product\/morgan-roadster-v6-3-0\/\",\"url\":\"https:\/\/pistonaddict.com\/da\/product\/morgan-roadster-v6-3-0\/\",\"name\":\"auktion - Piston Addict\",\"isPartOf\":{\"@id\":\"https:\/\/pistonaddict.com\/da\/#website\"},\"primaryImageOfPage\":{\"@id\":\"https:\/\/pistonaddict.com\/da\/product\/morgan-roadster-v6-3-0\/#primaryimage\"},\"image\":{\"@id\":\"https:\/\/pistonaddict.com\/da\/product\/morgan-roadster-v6-3-0\/#primaryimage\"},\"thumbnailUrl\":\"https:\/\/pistonaddict.com\/wp-content\/uploads\/2023\/08\/DSC0169-scaled.jpg\",\"datePublished\":\"2024-01-16T08:00:29+00:00\",\"dateModified\":\"2024-03-20T08:43:18+00:00\",\"description\":\"Fantastisk Morgan Roadster V6 3.0 fra 2007 i fremragende stand p\u00e5 auktion p\u00e5 PistonAddict.com\",\"breadcrumb\":{\"@id\":\"https:\/\/pistonaddict.com\/da\/product\/morgan-roadster-v6-3-0\/#breadcrumb\"},\"inLanguage\":\"da-DK\",\"potentialAction\":[{\"@type\":\"ReadAction\",\"target\":[\"https:\/\/pistonaddict.com\/da\/product\/morgan-roadster-v6-3-0\/\"]}]},{\"@type\":\"ImageObject\",\"inLanguage\":\"da-DK\",\"@id\":\"https:\/\/pistonaddict.com\/da\/product\/morgan-roadster-v6-3-0\/#primaryimage\",\"url\":\"https:\/\/pistonaddict.com\/wp-content\/uploads\/2023\/08\/DSC0169-scaled.jpg\",\"contentUrl\":\"https:\/\/pistonaddict.com\/wp-content\/uploads\/2023\/08\/DSC0169-scaled.jpg\",\"width\":2560,\"height\":1707},{\"@type\":\"BreadcrumbList\",\"@id\":\"https:\/\/pistonaddict.com\/da\/product\/morgan-roadster-v6-3-0\/#breadcrumb\",\"itemListElement\":[{\"@type\":\"ListItem\",\"position\":1,\"name\":\"Hjemmeside\",\"item\":\"https:\/\/pistonaddict.com\/da\/hjemmeside-2\/\"},{\"@type\":\"ListItem\",\"position\":2,\"name\":\"Auctions\",\"item\":\"https:\/\/pistonaddict.com\/auctions-listing\/\"},{\"@type\":\"ListItem\",\"position\":3,\"name\":\"Morgan Roadster V6 3.0\"}]},{\"@type\":\"WebSite\",\"@id\":\"https:\/\/pistonaddict.com\/da\/#website\",\"url\":\"https:\/\/pistonaddict.com\/da\/\",\"name\":\"Piston Addict\",\"description\":\"Only interesting vehicles\",\"publisher\":{\"@id\":\"https:\/\/pistonaddict.com\/da\/#organization\"},\"potentialAction\":[{\"@type\":\"SearchAction\",\"target\":{\"@type\":\"EntryPoint\",\"urlTemplate\":\"https:\/\/pistonaddict.com\/da\/?s={search_term_string}\"},\"query-input\":\"required name=search_term_string\"}],\"inLanguage\":\"da-DK\"},{\"@type\":\"Organization\",\"@id\":\"https:\/\/pistonaddict.com\/da\/#organization\",\"name\":\"Piston Addict\",\"url\":\"https:\/\/pistonaddict.com\/da\/\",\"logo\":{\"@type\":\"ImageObject\",\"inLanguage\":\"da-DK\",\"@id\":\"https:\/\/pistonaddict.com\/da\/#\/schema\/logo\/image\/\",\"url\":\"https:\/\/pistonaddict.com\/wp-content\/uploads\/2022\/07\/logo-6.png\",\"contentUrl\":\"https:\/\/pistonaddict.com\/wp-content\/uploads\/2022\/07\/logo-6.png\",\"width\":970,\"height\":200,\"caption\":\"Piston Addict\"},\"image\":{\"@id\":\"https:\/\/pistonaddict.com\/da\/#\/schema\/logo\/image\/\"}}]}<\/script>\n<!-- \/ Yoast SEO plugin. -->","yoast_head_json":{"title":"auktion - Piston Addict","description":"Fantastisk Morgan Roadster V6 3.0 fra 2007 i fremragende stand p\u00e5 auktion p\u00e5 PistonAddict.com","robots":{"index":"index","follow":"follow","max-snippet":"max-snippet:-1","max-image-preview":"max-image-preview:large","max-video-preview":"max-video-preview:-1"},"canonical":"https:\/\/pistonaddict.com\/da\/product\/morgan-roadster-v6-3-0\/","og_locale":"da_DK","og_type":"article","og_title":"auktion - Piston Addict","og_description":"Fantastisk Morgan Roadster V6 3.0 fra 2007 i fremragende stand p\u00e5 auktion p\u00e5 PistonAddict.com","og_url":"https:\/\/pistonaddict.com\/da\/product\/morgan-roadster-v6-3-0\/","og_site_name":"Piston Addict","article_modified_time":"2024-03-20T08:43:18+00:00","og_image":[{"width":2560,"height":1707,"url":"https:\/\/pistonaddict.com\/wp-content\/uploads\/2023\/08\/DSC0169-scaled.jpg","type":"image\/jpeg"}],"twitter_card":"summary_large_image","twitter_misc":{"Estimeret l\u00e6setid":"4 minutter"},"schema":{"@context":"https:\/\/schema.org","@graph":[{"@type":"WebPage","@id":"https:\/\/pistonaddict.com\/da\/product\/morgan-roadster-v6-3-0\/","url":"https:\/\/pistonaddict.com\/da\/product\/morgan-roadster-v6-3-0\/","name":"auktion - Piston Addict","isPartOf":{"@id":"https:\/\/pistonaddict.com\/da\/#website"},"primaryImageOfPage":{"@id":"https:\/\/pistonaddict.com\/da\/product\/morgan-roadster-v6-3-0\/#primaryimage"},"image":{"@id":"https:\/\/pistonaddict.com\/da\/product\/morgan-roadster-v6-3-0\/#primaryimage"},"thumbnailUrl":"https:\/\/pistonaddict.com\/wp-content\/uploads\/2023\/08\/DSC0169-scaled.jpg","datePublished":"2024-01-16T08:00:29+00:00","dateModified":"2024-03-20T08:43:18+00:00","description":"Fantastisk Morgan Roadster V6 3.0 fra 2007 i fremragende stand p\u00e5 auktion p\u00e5 PistonAddict.com","breadcrumb":{"@id":"https:\/\/pistonaddict.com\/da\/product\/morgan-roadster-v6-3-0\/#breadcrumb"},"inLanguage":"da-DK","potentialAction":[{"@type":"ReadAction","target":["https:\/\/pistonaddict.com\/da\/product\/morgan-roadster-v6-3-0\/"]}]},{"@type":"ImageObject","inLanguage":"da-DK","@id":"https:\/\/pistonaddict.com\/da\/product\/morgan-roadster-v6-3-0\/#primaryimage","url":"https:\/\/pistonaddict.com\/wp-content\/uploads\/2023\/08\/DSC0169-scaled.jpg","contentUrl":"https:\/\/pistonaddict.com\/wp-content\/uploads\/2023\/08\/DSC0169-scaled.jpg","width":2560,"height":1707},{"@type":"BreadcrumbList","@id":"https:\/\/pistonaddict.com\/da\/product\/morgan-roadster-v6-3-0\/#breadcrumb","itemListElement":[{"@type":"ListItem","position":1,"name":"Hjemmeside","item":"https:\/\/pistonaddict.com\/da\/hjemmeside-2\/"},{"@type":"ListItem","position":2,"name":"Auctions","item":"https:\/\/pistonaddict.com\/auctions-listing\/"},{"@type":"ListItem","position":3,"name":"Morgan Roadster V6 3.0"}]},{"@type":"WebSite","@id":"https:\/\/pistonaddict.com\/da\/#website","url":"https:\/\/pistonaddict.com\/da\/","name":"Piston Addict","description":"Only interesting vehicles","publisher":{"@id":"https:\/\/pistonaddict.com\/da\/#organization"},"potentialAction":[{"@type":"SearchAction","target":{"@type":"EntryPoint","urlTemplate":"https:\/\/pistonaddict.com\/da\/?s={search_term_string}"},"query-input":"required name=search_term_string"}],"inLanguage":"da-DK"},{"@type":"Organization","@id":"https:\/\/pistonaddict.com\/da\/#organization","name":"Piston Addict","url":"https:\/\/pistonaddict.com\/da\/","logo":{"@type":"ImageObject","inLanguage":"da-DK","@id":"https:\/\/pistonaddict.com\/da\/#\/schema\/logo\/image\/","url":"https:\/\/pistonaddict.com\/wp-content\/uploads\/2022\/07\/logo-6.png","contentUrl":"https:\/\/pistonaddict.com\/wp-content\/uploads\/2022\/07\/logo-6.png","width":970,"height":200,"caption":"Piston Addict"},"image":{"@id":"https:\/\/pistonaddict.com\/da\/#\/schema\/logo\/image\/"}}]}},"_links":{"self":[{"href":"https:\/\/pistonaddict.com\/da\/wp-json\/wp\/v2\/product\/47823"}],"collection":[{"href":"https:\/\/pistonaddict.com\/da\/wp-json\/wp\/v2\/product"}],"about":[{"href":"https:\/\/pistonaddict.com\/da\/wp-json\/wp\/v2\/types\/product"}],"replies":[{"embeddable":true,"href":"https:\/\/pistonaddict.com\/da\/wp-json\/wp\/v2\/comments?post=47823"}],"wp:featuredmedia":[{"embeddable":true,"href":"https:\/\/pistonaddict.com\/da\/wp-json\/wp\/v2\/media\/46726"}],"wp:attachment":[{"href":"https:\/\/pistonaddict.com\/da\/wp-json\/wp\/v2\/media?parent=47823"}],"wp:term":[{"taxonomy":"product_cat","embeddable":true,"href":"https:\/\/pistonaddict.com\/da\/wp-json\/wp\/v2\/product_cat?post=47823"},{"taxonomy":"product_tag","embeddable":true,"href":"https:\/\/pistonaddict.com\/da\/wp-json\/wp\/v2\/product_tag?post=47823"}],"curies":[{"name":"wp","href":"https:\/\/api.w.org\/{rel}","templated":true}]}}