{"id":45983,"date":"2023-06-16T15:02:15","date_gmt":"2023-06-16T13:02:15","guid":{"rendered":"https:\/\/pistonaddict.com\/product\/audi-r8-v10-roed-dynamit\/"},"modified":"2023-12-20T09:44:44","modified_gmt":"2023-12-20T08:44:44","slug":"audi-r8-v10-red-dynamite","status":"publish","type":"product","link":"https:\/\/pistonaddict.com\/da\/product\/audi-r8-v10-red-dynamite\/","title":{"rendered":"Audi R8 V10 R\u00f8d dynamit"},"content":{"rendered":"<h2>Udvendig<\/h2>\n<p>Med en knaldr\u00f8d finish og sorte detaljer vil denne Audi R8 ikke g\u00e5 ubem\u00e6rket hen, uanset hvor den dukker op. Derudover forbedrer ting som den forkromede k\u00f8lergrill og spejlkapperne i kulfiber kun dens udseende. Men \u00e6rligt talt er R8 en fantastisk bil i enhver farve og uanset tilstedev\u00e6relsen af s\u00e5danne detaljer.<\/p>\n<p>Bundlinjen er, at de tyske designere med R8 har opn\u00e5et en n\u00e6sten perfekt blanding af aggressivitet og subtilitet. Det er sv\u00e6rt at tro, at det mere eller mindre er Lamborgini Aventador underneden, som er langt mere prangende og flamboyant. S\u00e5 hvis du er p\u00e5 udkig efter en dygtig sportsvogn, men ikke \u00f8nsker at ligne en bl\u00e6rer\u00f8v, er R8 et af de bedste bud. Nogle af de \u00f8vrige bem\u00e6rkelsesv\u00e6rdige detaljer i denne 2-personers bil er en massiv h\u00e6kspoiler og fabriksmonterede 20-tommer f\u00e6lge med splinternye Good Year Eagle-d\u00e6k.<\/p>\n<h2>Interi\u00f8r<\/h2>\n<p>Interi\u00f8ret i denne R8 er domineret af en kombination af sort l\u00e6der, r\u00f8de syninger og kulfiberdetaljer. S\u00e6derne, der ser ud, som om de lige har forladt fabrikken, er st\u00f8ttende og komfortable p\u00e5 samme tid. Og s\u00e5 er der et l\u00e6derindpakket 3-egers rat med knapper til alle vigtige funktioner. Ud over de almindelige knapper, f.eks. til stereoanl\u00e6g eller tripcomputere, er der ogs\u00e5 en knap til valg af k\u00f8reindstilling, launch control og udst\u00f8dningstuning.<\/p>\n<p>Bag rattet er der et digitalt kombiinstrument, som ud over de grundl\u00e6ggende oplysninger kan vise meget mere. Det omfatter navigation, bakkamera og stereoanl\u00e6g, som i \u00f8vrigt er fremstillet af det verdensber\u00f8mte Bang &amp; Olufsen.<\/p>\n<h2>Mekanik<\/h2>\n<p>Under den subtile og elegante hud har denne anden generation af R8 et stivere og lettere chassis lavet af aluminium og kulfiber. Men den mest betydningsfulde del af denne bil er naturligvis dens motor, en kraftfuld 5,2-liters V10. Og som det, Audi kalder en Plus-model, producerer den 610 hestekr\u00e6fter og 560 Nm drejningsmoment, som leveres til alle hjul via et Quattro-system og 7-trins automatgear. Med alt dette vil denne R8 g\u00e5 fra 0 til 100 p\u00e5 cirka 3 sekunder og n\u00e5 en topfart p\u00e5 329 km\/t. Og for at sikre en bremsekraft, der matcher al denne fart, er der massive bremser hele vejen rundt.<\/p>\n<h2>K\u00f8ret\u00f8jets historie<\/h2>\n<p>If\u00f8lge s\u00e6lgeren blev denne Audi R8 sidst serviceret i oktober 2022, mens bremserne blev efterset for blot et par dage siden. Desuden er der ingen kendte fejl eller advarsler p\u00e5 instrumentbr\u00e6ttet. Endelig er der, at d\u00f8mme ud fra de medf\u00f8lgende fotos, ingen karrosserimangler at rapportere.<\/p>\n<p>&nbsp;<\/p>\n<p><strong>Der kr\u00e6ves et kreditkort for at f\u00e5 adgang til auktionen af dette premium-k\u00f8ret\u00f8j.<\/strong><\/p>\n","protected":false},"excerpt":{"rendered":"<p>Bilen, der er til salg her, er uden tvivl en af de bedst pr\u00e6sterende modeller i sin klasse &#8211; den ikoniske Audi R8. Det var, og er stadig, Ingolstadt-fabrikantens f\u00f8rste fors\u00f8g p\u00e5 superbilmarkedet, som viste sig at v\u00e6re en k\u00e6mpe succes. If\u00f8lge s\u00e6lgeren er dette k\u00f8ret\u00f8j fuldt serviceret og har ikke haft nogen ulykker, med en matchende CarVertical-rapport, der bakker dette op. Desuden har den k\u00f8rt mindre end 50.000 km indtil videre, hvilket ikke er meget for en bil som denne. Endelig befinder denne <strong>Audi R8 V10 plus Quattro <\/strong>fra 2015 sig i \u00f8jeblikket i Belgien, hvor den har v\u00e6ret indregistreret, siden den var ny. Du kan afgive et bud p\u00e5 bilen ved at <a href=\"https:\/\/pistonaddict.com\/contact-us\/\">kontakte os<\/a>.<\/p>\n","protected":false},"featured_media":43344,"comment_status":"open","ping_status":"closed","template":"","meta":{"inline_featured_image":false},"product_cat":[701],"product_tag":[1911,1915,903],"acf":[],"yoast_head":"<!-- This site is optimized with the Yoast SEO plugin v22.5 - https:\/\/yoast.com\/wordpress\/plugins\/seo\/ -->\n<title>auktion - Piston Addict<\/title>\n<meta name=\"description\" content=\"Bilen, der er p\u00e5 auktion her, er uden tvivl en af de bedst pr\u00e6sterende modeller i sin klasse - den ikoniske Audi R8 V10.\" \/>\n<meta name=\"robots\" content=\"index, follow, max-snippet:-1, max-image-preview:large, max-video-preview:-1\" \/>\n<link rel=\"canonical\" href=\"https:\/\/pistonaddict.com\/da\/product\/audi-r8-v10-red-dynamite\/\" \/>\n<meta property=\"og:locale\" content=\"da_DK\" \/>\n<meta property=\"og:type\" content=\"article\" \/>\n<meta property=\"og:title\" content=\"auktion - Piston Addict\" \/>\n<meta property=\"og:description\" content=\"Bilen, der er p\u00e5 auktion her, er uden tvivl en af de bedst pr\u00e6sterende modeller i sin klasse - den ikoniske Audi R8 V10.\" \/>\n<meta property=\"og:url\" content=\"https:\/\/pistonaddict.com\/da\/product\/audi-r8-v10-red-dynamite\/\" \/>\n<meta property=\"og:site_name\" content=\"Piston Addict\" \/>\n<meta property=\"article:modified_time\" content=\"2023-12-20T08:44:44+00:00\" \/>\n<meta property=\"og:image\" content=\"https:\/\/pistonaddict.com\/wp-content\/uploads\/2023\/06\/DSC_0412.jpg\" \/>\n\t<meta property=\"og:image:width\" content=\"2048\" \/>\n\t<meta property=\"og:image:height\" content=\"1365\" \/>\n\t<meta property=\"og:image:type\" content=\"image\/jpeg\" \/>\n<meta name=\"twitter:card\" content=\"summary_large_image\" \/>\n<meta name=\"twitter:label1\" content=\"Estimeret l\u00e6setid\" \/>\n\t<meta name=\"twitter:data1\" content=\"2 minutter\" \/>\n<script type=\"application\/ld+json\" class=\"yoast-schema-graph\">{\"@context\":\"https:\/\/schema.org\",\"@graph\":[{\"@type\":\"WebPage\",\"@id\":\"https:\/\/pistonaddict.com\/da\/product\/audi-r8-v10-red-dynamite\/\",\"url\":\"https:\/\/pistonaddict.com\/da\/product\/audi-r8-v10-red-dynamite\/\",\"name\":\"auktion - Piston Addict\",\"isPartOf\":{\"@id\":\"https:\/\/pistonaddict.com\/da\/#website\"},\"primaryImageOfPage\":{\"@id\":\"https:\/\/pistonaddict.com\/da\/product\/audi-r8-v10-red-dynamite\/#primaryimage\"},\"image\":{\"@id\":\"https:\/\/pistonaddict.com\/da\/product\/audi-r8-v10-red-dynamite\/#primaryimage\"},\"thumbnailUrl\":\"https:\/\/pistonaddict.com\/wp-content\/uploads\/2023\/06\/DSC_0412.jpg\",\"datePublished\":\"2023-06-16T13:02:15+00:00\",\"dateModified\":\"2023-12-20T08:44:44+00:00\",\"description\":\"Bilen, der er p\u00e5 auktion her, er uden tvivl en af de bedst pr\u00e6sterende modeller i sin klasse - den ikoniske Audi R8 V10.\",\"breadcrumb\":{\"@id\":\"https:\/\/pistonaddict.com\/da\/product\/audi-r8-v10-red-dynamite\/#breadcrumb\"},\"inLanguage\":\"da-DK\",\"potentialAction\":[{\"@type\":\"ReadAction\",\"target\":[\"https:\/\/pistonaddict.com\/da\/product\/audi-r8-v10-red-dynamite\/\"]}]},{\"@type\":\"ImageObject\",\"inLanguage\":\"da-DK\",\"@id\":\"https:\/\/pistonaddict.com\/da\/product\/audi-r8-v10-red-dynamite\/#primaryimage\",\"url\":\"https:\/\/pistonaddict.com\/wp-content\/uploads\/2023\/06\/DSC_0412.jpg\",\"contentUrl\":\"https:\/\/pistonaddict.com\/wp-content\/uploads\/2023\/06\/DSC_0412.jpg\",\"width\":2048,\"height\":1365},{\"@type\":\"BreadcrumbList\",\"@id\":\"https:\/\/pistonaddict.com\/da\/product\/audi-r8-v10-red-dynamite\/#breadcrumb\",\"itemListElement\":[{\"@type\":\"ListItem\",\"position\":1,\"name\":\"Hjemmeside\",\"item\":\"https:\/\/pistonaddict.com\/da\/hjemmeside-2\/\"},{\"@type\":\"ListItem\",\"position\":2,\"name\":\"Auctions\",\"item\":\"https:\/\/pistonaddict.com\/auctions-listing\/\"},{\"@type\":\"ListItem\",\"position\":3,\"name\":\"Audi R8 V10 R\u00f8d dynamit\"}]},{\"@type\":\"WebSite\",\"@id\":\"https:\/\/pistonaddict.com\/da\/#website\",\"url\":\"https:\/\/pistonaddict.com\/da\/\",\"name\":\"Piston Addict\",\"description\":\"Only interesting vehicles\",\"publisher\":{\"@id\":\"https:\/\/pistonaddict.com\/da\/#organization\"},\"potentialAction\":[{\"@type\":\"SearchAction\",\"target\":{\"@type\":\"EntryPoint\",\"urlTemplate\":\"https:\/\/pistonaddict.com\/da\/?s={search_term_string}\"},\"query-input\":\"required name=search_term_string\"}],\"inLanguage\":\"da-DK\"},{\"@type\":\"Organization\",\"@id\":\"https:\/\/pistonaddict.com\/da\/#organization\",\"name\":\"Piston Addict\",\"url\":\"https:\/\/pistonaddict.com\/da\/\",\"logo\":{\"@type\":\"ImageObject\",\"inLanguage\":\"da-DK\",\"@id\":\"https:\/\/pistonaddict.com\/da\/#\/schema\/logo\/image\/\",\"url\":\"https:\/\/pistonaddict.com\/wp-content\/uploads\/2022\/07\/logo-6.png\",\"contentUrl\":\"https:\/\/pistonaddict.com\/wp-content\/uploads\/2022\/07\/logo-6.png\",\"width\":970,\"height\":200,\"caption\":\"Piston Addict\"},\"image\":{\"@id\":\"https:\/\/pistonaddict.com\/da\/#\/schema\/logo\/image\/\"}}]}<\/script>\n<!-- \/ Yoast SEO plugin. -->","yoast_head_json":{"title":"auktion - Piston Addict","description":"Bilen, der er p\u00e5 auktion her, er uden tvivl en af de bedst pr\u00e6sterende modeller i sin klasse - den ikoniske Audi R8 V10.","robots":{"index":"index","follow":"follow","max-snippet":"max-snippet:-1","max-image-preview":"max-image-preview:large","max-video-preview":"max-video-preview:-1"},"canonical":"https:\/\/pistonaddict.com\/da\/product\/audi-r8-v10-red-dynamite\/","og_locale":"da_DK","og_type":"article","og_title":"auktion - Piston Addict","og_description":"Bilen, der er p\u00e5 auktion her, er uden tvivl en af de bedst pr\u00e6sterende modeller i sin klasse - den ikoniske Audi R8 V10.","og_url":"https:\/\/pistonaddict.com\/da\/product\/audi-r8-v10-red-dynamite\/","og_site_name":"Piston Addict","article_modified_time":"2023-12-20T08:44:44+00:00","og_image":[{"width":2048,"height":1365,"url":"https:\/\/pistonaddict.com\/wp-content\/uploads\/2023\/06\/DSC_0412.jpg","type":"image\/jpeg"}],"twitter_card":"summary_large_image","twitter_misc":{"Estimeret l\u00e6setid":"2 minutter"},"schema":{"@context":"https:\/\/schema.org","@graph":[{"@type":"WebPage","@id":"https:\/\/pistonaddict.com\/da\/product\/audi-r8-v10-red-dynamite\/","url":"https:\/\/pistonaddict.com\/da\/product\/audi-r8-v10-red-dynamite\/","name":"auktion - Piston Addict","isPartOf":{"@id":"https:\/\/pistonaddict.com\/da\/#website"},"primaryImageOfPage":{"@id":"https:\/\/pistonaddict.com\/da\/product\/audi-r8-v10-red-dynamite\/#primaryimage"},"image":{"@id":"https:\/\/pistonaddict.com\/da\/product\/audi-r8-v10-red-dynamite\/#primaryimage"},"thumbnailUrl":"https:\/\/pistonaddict.com\/wp-content\/uploads\/2023\/06\/DSC_0412.jpg","datePublished":"2023-06-16T13:02:15+00:00","dateModified":"2023-12-20T08:44:44+00:00","description":"Bilen, der er p\u00e5 auktion her, er uden tvivl en af de bedst pr\u00e6sterende modeller i sin klasse - den ikoniske Audi R8 V10.","breadcrumb":{"@id":"https:\/\/pistonaddict.com\/da\/product\/audi-r8-v10-red-dynamite\/#breadcrumb"},"inLanguage":"da-DK","potentialAction":[{"@type":"ReadAction","target":["https:\/\/pistonaddict.com\/da\/product\/audi-r8-v10-red-dynamite\/"]}]},{"@type":"ImageObject","inLanguage":"da-DK","@id":"https:\/\/pistonaddict.com\/da\/product\/audi-r8-v10-red-dynamite\/#primaryimage","url":"https:\/\/pistonaddict.com\/wp-content\/uploads\/2023\/06\/DSC_0412.jpg","contentUrl":"https:\/\/pistonaddict.com\/wp-content\/uploads\/2023\/06\/DSC_0412.jpg","width":2048,"height":1365},{"@type":"BreadcrumbList","@id":"https:\/\/pistonaddict.com\/da\/product\/audi-r8-v10-red-dynamite\/#breadcrumb","itemListElement":[{"@type":"ListItem","position":1,"name":"Hjemmeside","item":"https:\/\/pistonaddict.com\/da\/hjemmeside-2\/"},{"@type":"ListItem","position":2,"name":"Auctions","item":"https:\/\/pistonaddict.com\/auctions-listing\/"},{"@type":"ListItem","position":3,"name":"Audi R8 V10 R\u00f8d dynamit"}]},{"@type":"WebSite","@id":"https:\/\/pistonaddict.com\/da\/#website","url":"https:\/\/pistonaddict.com\/da\/","name":"Piston Addict","description":"Only interesting vehicles","publisher":{"@id":"https:\/\/pistonaddict.com\/da\/#organization"},"potentialAction":[{"@type":"SearchAction","target":{"@type":"EntryPoint","urlTemplate":"https:\/\/pistonaddict.com\/da\/?s={search_term_string}"},"query-input":"required name=search_term_string"}],"inLanguage":"da-DK"},{"@type":"Organization","@id":"https:\/\/pistonaddict.com\/da\/#organization","name":"Piston Addict","url":"https:\/\/pistonaddict.com\/da\/","logo":{"@type":"ImageObject","inLanguage":"da-DK","@id":"https:\/\/pistonaddict.com\/da\/#\/schema\/logo\/image\/","url":"https:\/\/pistonaddict.com\/wp-content\/uploads\/2022\/07\/logo-6.png","contentUrl":"https:\/\/pistonaddict.com\/wp-content\/uploads\/2022\/07\/logo-6.png","width":970,"height":200,"caption":"Piston Addict"},"image":{"@id":"https:\/\/pistonaddict.com\/da\/#\/schema\/logo\/image\/"}}]}},"_links":{"self":[{"href":"https:\/\/pistonaddict.com\/da\/wp-json\/wp\/v2\/product\/45983"}],"collection":[{"href":"https:\/\/pistonaddict.com\/da\/wp-json\/wp\/v2\/product"}],"about":[{"href":"https:\/\/pistonaddict.com\/da\/wp-json\/wp\/v2\/types\/product"}],"replies":[{"embeddable":true,"href":"https:\/\/pistonaddict.com\/da\/wp-json\/wp\/v2\/comments?post=45983"}],"wp:featuredmedia":[{"embeddable":true,"href":"https:\/\/pistonaddict.com\/da\/wp-json\/wp\/v2\/media\/43344"}],"wp:attachment":[{"href":"https:\/\/pistonaddict.com\/da\/wp-json\/wp\/v2\/media?parent=45983"}],"wp:term":[{"taxonomy":"product_cat","embeddable":true,"href":"https:\/\/pistonaddict.com\/da\/wp-json\/wp\/v2\/product_cat?post=45983"},{"taxonomy":"product_tag","embeddable":true,"href":"https:\/\/pistonaddict.com\/da\/wp-json\/wp\/v2\/product_tag?post=45983"}],"curies":[{"name":"wp","href":"https:\/\/api.w.org\/{rel}","templated":true}]}}