{"id":41963,"date":"2023-06-12T14:22:37","date_gmt":"2023-06-12T12:22:37","guid":{"rendered":"https:\/\/pistonaddict.com\/product\/audi-r8-4-2-fsi-v8\/"},"modified":"2024-03-20T09:14:27","modified_gmt":"2024-03-20T08:14:27","slug":"audi-r8-4-2-fsi-v8","status":"publish","type":"product","link":"https:\/\/pistonaddict.com\/da\/product\/audi-r8-4-2-fsi-v8\/","title":{"rendered":"Audi R8 4.2 FSI V8"},"content":{"rendered":"<p><strong>Modelhistorie<\/strong><\/p>\n<p>R8 vakte stor opsigt, da den blev lanceret i 2007, og ikke alene var det den f\u00f8rste superbil fra Audi, men den fik ogs\u00e5 utrolig stor succes med sit tidl\u00f8se design og en fantastisk drivlinje best\u00e5ende af en h\u00f8jtydende V8 (senere V10) og det ber\u00f8mte Quattro-firehjulstr\u00e6k. Fremkomsten af R8 gjorde konkurrenterne meget nerv\u00f8se, da kunderne endelig havde mulighed for at k\u00f8be en yderst kapabel maskine med AWD-tr\u00e6kkraft og Audi-kvalitet. Derfor blev den f\u00f8rste generation af R8 en enorm succes med n\u00e6sten 30.000 producerede eksemplarer. Dette s\u00e6rlige eksemplar er 2014-modellen, hvilket betyder, at det er en senere og mere eftertragtet version, der har f\u00e5et en lille ny stil, bedre funktioner og raffineret mekanik. Kr\u00e6fterne leveres af en 4,2-liters FSI V8-motor, som yder 430 hk og sender dem til alle fire hjul via en 7-trins S Tronic dobbeltkoblingsautomatgearkasse. Denne kombination er i stand til at k\u00f8re fra 0 til 100 km\/t p\u00e5 4,2 sekunder og har en tophastighed p\u00e5 lidt over 300 km\/t, hvilket placerer R8 i superbilskategorien.<\/p>\n<p><strong>Tilstand<\/strong><\/p>\n<p>Med kun 43.649 km p\u00e5 kilometert\u00e6lleren er denne R8 i perfekt stand overalt. Den blev f\u00f8rst leveret i slutningen af 2014 til sin oprindelige ejer i Holland, og de nuv\u00e6rende ejere k\u00f8bte den i 2021. Denne Audi R8 har aldrig v\u00e6ret brugt p\u00e5 bane, og den er regelm\u00e6ssigt vedligeholdt med servicejournaler fra s\u00e6lgeren. Dette eksempel er ogs\u00e5 helt standard, uden nogen \u00e6ndringer eller un\u00f8dvendige tilf\u00f8jelser. Alt fabriksudstyr og alle funktioner er til stede og fungerer. Det sidste service, sammen med olieskiftet, blev udf\u00f8rt i slutningen af oktober 2022, og bremserne blev efterset i juni 2023. Den s\u00e5kaldte &#8220;long life&#8221;-service er gennemf\u00f8rt, og t\u00e6ndr\u00f8rene er blevet udskiftet. <strong>Denne R8 er d\u00e6kket af en 6-m\u00e5neders Bovag-garanti<\/strong>, som bare viser, at den er i pletfri stand.<\/p>\n<p><strong>Udvendigt og hjul<\/strong><\/p>\n<p>Denne R8 er lakeret i den elegante Panther Black-farve og har en kulfiberpakke (ekstraudstyr) med udvendige og indvendige indsatser af kulfiber. Bilens karosseri har ingen skader, ridser eller misfarvninger, og lakken er i perfekt stand. Det eneste, der er blevet r\u00f8rt ved udvendigt p\u00e5 denne R8, er en reparation af tankd\u00e6kslet, som er blevet udf\u00f8rt af en certificeret forhandler (faktureret den 5. maj 2021). Udseendet forst\u00e6rkes af 20-tommer f\u00e6lge (ekstraudstyr) med friske Pirelli P Zero-d\u00e6k.<\/p>\n<p><strong>Interi\u00f8r<\/strong><\/p>\n<p>Interi\u00f8ret, der er d\u00e6kket af matchende sort l\u00e6der og Alcantara, viser ingen tegn p\u00e5 slid og har kulfiberindsatser som en del af fabrikkens trimpakke. S\u00e6derne har en valgfri varmefunktion, og alle systemer (lyd, infotainment, HVAC) er i perfekt stand. Som en del af udstyrslisten er det v\u00e6rd at n\u00e6vne, at denne R8 har fartpilot, regnsensor, Bang og Olufsen lydsystem, automatisk nedbl\u00e6ndelige spejle, navigation, LED-belysning og meget mere.<\/p>\n<p><strong>Dokumentation<\/strong><\/p>\n<p>Denne brugte bil med passende dokumentation befinder sig i Holland. CarFax-rapporten er ren, der er ingen juridiske problemer. Der er optegnelser over regelm\u00e6ssig vedligeholdelse og f\u00e5 mindre reparationer. Det er meget vigtigt at n\u00e6vne, at denne Audi R8 har en BPM-refusion. BPM-refusionen er en hollandsk luksusskatterefusion for eksport. <strong> Det betyder, at hvis k\u00f8beren befinder sig i et andet EU-land (undtagen Holland) og indregistrerer bilen i sit hjemland inden for 13 uger efter k\u00f8bet, vil k\u00f8beren f\u00e5 5.967 euro tilbage<\/strong>, hvilket er meget praktisk.<br \/>\nSe <a href=\"https:\/\/pistonaddict.com\/wp-content\/uploads\/2023\/06\/CARFAX-Vehicle-History-Report-AUDI-R8.pdf\">CarFax for denne Audi R8<\/a>.<\/p>\n<p><strong>Det er n\u00f8dvendigt med en kreditkorth\u00e6ftelse (frigives automatisk) for at f\u00e5 adgang til auktionen over denne f\u00f8rsteklasses bil.<\/strong><\/p>\n<p>Se koldstartsvideoen af den smukke Audi R8 her:<\/p>\n<p><iframe title=\"Cold Start video of the Audi R8 4.2 FSI V8 on auction sale\" width=\"1200\" height=\"675\" src=\"https:\/\/www.youtube.com\/embed\/GyBid0aFEiA?feature=oembed\" frameborder=\"0\" allow=\"accelerometer; autoplay; clipboard-write; encrypted-media; gyroscope; picture-in-picture; web-share\" allowfullscreen><\/iframe><\/p>\n","protected":false},"excerpt":{"rendered":"<p>Man h\u00f8rer ofte udtrykket &#8220;hverdagssuperbil&#8221;, men meget f\u00e5 biler leverer faktisk overbevisende ydeevne, brugervenlighed og p\u00e5lidelighed i hverdagen. Audi R8 2014 er s\u00e5dan en perle. Med sin potente 4,2-liters V8, veludstyrede interi\u00f8r og perfekte k\u00f8redynamik er det en bil, du kan nyde til daglig og stadig have alle fordelene ved at k\u00f8re en fuldblods superbil. Du kan afgive et bud p\u00e5 bilen ved at <a href=\"https:\/\/pistonaddict.com\/contact-us\/\">kontakte os<\/a>.<\/p>\n","protected":false},"featured_media":41833,"comment_status":"open","ping_status":"closed","template":"","meta":{"inline_featured_image":false},"product_cat":[701],"product_tag":[1872,1870,903],"acf":[],"yoast_head":"<!-- This site is optimized with the Yoast SEO plugin v22.5 - https:\/\/yoast.com\/wordpress\/plugins\/seo\/ -->\n<title>auktion - Piston Addict<\/title>\n<meta name=\"description\" content=\"Denne Audi R8 er 2014-modellen, hvilket betyder, at det er en senere og mere eftertragtet version, der har f\u00e5et en lille restyle, bedre udstyr og raffineret mekanik. Kr\u00e6fterne leveres af en 4,2-liters FSI V8-motor, som yder 430 hk og sender dem til alle fire hjul via en 7-trins S Tronic dobbeltkoblingsautomatgearkasse.\" \/>\n<meta name=\"robots\" content=\"index, follow, max-snippet:-1, max-image-preview:large, max-video-preview:-1\" \/>\n<link rel=\"canonical\" href=\"https:\/\/pistonaddict.com\/da\/product\/audi-r8-4-2-fsi-v8\/\" \/>\n<meta property=\"og:locale\" content=\"da_DK\" \/>\n<meta property=\"og:type\" content=\"article\" \/>\n<meta property=\"og:title\" content=\"auktion - Piston Addict\" \/>\n<meta property=\"og:description\" content=\"Denne Audi R8 er 2014-modellen, hvilket betyder, at det er en senere og mere eftertragtet version, der har f\u00e5et en lille restyle, bedre udstyr og raffineret mekanik. Kr\u00e6fterne leveres af en 4,2-liters FSI V8-motor, som yder 430 hk og sender dem til alle fire hjul via en 7-trins S Tronic dobbeltkoblingsautomatgearkasse.\" \/>\n<meta property=\"og:url\" content=\"https:\/\/pistonaddict.com\/da\/product\/audi-r8-4-2-fsi-v8\/\" \/>\n<meta property=\"og:site_name\" content=\"Piston Addict\" \/>\n<meta property=\"article:modified_time\" content=\"2024-03-20T08:14:27+00:00\" \/>\n<meta property=\"og:image\" content=\"https:\/\/pistonaddict.com\/wp-content\/uploads\/2023\/06\/foto-5.jpg\" \/>\n\t<meta property=\"og:image:width\" content=\"1024\" \/>\n\t<meta property=\"og:image:height\" content=\"683\" \/>\n\t<meta property=\"og:image:type\" content=\"image\/jpeg\" \/>\n<meta name=\"twitter:card\" content=\"summary_large_image\" \/>\n<meta name=\"twitter:label1\" content=\"Estimeret l\u00e6setid\" \/>\n\t<meta name=\"twitter:data1\" content=\"3 minutter\" \/>\n<script type=\"application\/ld+json\" class=\"yoast-schema-graph\">{\"@context\":\"https:\/\/schema.org\",\"@graph\":[{\"@type\":\"WebPage\",\"@id\":\"https:\/\/pistonaddict.com\/da\/product\/audi-r8-4-2-fsi-v8\/\",\"url\":\"https:\/\/pistonaddict.com\/da\/product\/audi-r8-4-2-fsi-v8\/\",\"name\":\"auktion - Piston Addict\",\"isPartOf\":{\"@id\":\"https:\/\/pistonaddict.com\/da\/#website\"},\"primaryImageOfPage\":{\"@id\":\"https:\/\/pistonaddict.com\/da\/product\/audi-r8-4-2-fsi-v8\/#primaryimage\"},\"image\":{\"@id\":\"https:\/\/pistonaddict.com\/da\/product\/audi-r8-4-2-fsi-v8\/#primaryimage\"},\"thumbnailUrl\":\"https:\/\/pistonaddict.com\/wp-content\/uploads\/2023\/06\/foto-5.jpg\",\"datePublished\":\"2023-06-12T12:22:37+00:00\",\"dateModified\":\"2024-03-20T08:14:27+00:00\",\"description\":\"Denne Audi R8 er 2014-modellen, hvilket betyder, at det er en senere og mere eftertragtet version, der har f\u00e5et en lille restyle, bedre udstyr og raffineret mekanik. Kr\u00e6fterne leveres af en 4,2-liters FSI V8-motor, som yder 430 hk og sender dem til alle fire hjul via en 7-trins S Tronic dobbeltkoblingsautomatgearkasse.\",\"breadcrumb\":{\"@id\":\"https:\/\/pistonaddict.com\/da\/product\/audi-r8-4-2-fsi-v8\/#breadcrumb\"},\"inLanguage\":\"da-DK\",\"potentialAction\":[{\"@type\":\"ReadAction\",\"target\":[\"https:\/\/pistonaddict.com\/da\/product\/audi-r8-4-2-fsi-v8\/\"]}]},{\"@type\":\"ImageObject\",\"inLanguage\":\"da-DK\",\"@id\":\"https:\/\/pistonaddict.com\/da\/product\/audi-r8-4-2-fsi-v8\/#primaryimage\",\"url\":\"https:\/\/pistonaddict.com\/wp-content\/uploads\/2023\/06\/foto-5.jpg\",\"contentUrl\":\"https:\/\/pistonaddict.com\/wp-content\/uploads\/2023\/06\/foto-5.jpg\",\"width\":1024,\"height\":683},{\"@type\":\"BreadcrumbList\",\"@id\":\"https:\/\/pistonaddict.com\/da\/product\/audi-r8-4-2-fsi-v8\/#breadcrumb\",\"itemListElement\":[{\"@type\":\"ListItem\",\"position\":1,\"name\":\"Hjemmeside\",\"item\":\"https:\/\/pistonaddict.com\/da\/hjemmeside-2\/\"},{\"@type\":\"ListItem\",\"position\":2,\"name\":\"Auctions\",\"item\":\"https:\/\/pistonaddict.com\/auctions-listing\/\"},{\"@type\":\"ListItem\",\"position\":3,\"name\":\"Audi R8 4.2 FSI V8\"}]},{\"@type\":\"WebSite\",\"@id\":\"https:\/\/pistonaddict.com\/da\/#website\",\"url\":\"https:\/\/pistonaddict.com\/da\/\",\"name\":\"Piston Addict\",\"description\":\"Only interesting vehicles\",\"publisher\":{\"@id\":\"https:\/\/pistonaddict.com\/da\/#organization\"},\"potentialAction\":[{\"@type\":\"SearchAction\",\"target\":{\"@type\":\"EntryPoint\",\"urlTemplate\":\"https:\/\/pistonaddict.com\/da\/?s={search_term_string}\"},\"query-input\":\"required name=search_term_string\"}],\"inLanguage\":\"da-DK\"},{\"@type\":\"Organization\",\"@id\":\"https:\/\/pistonaddict.com\/da\/#organization\",\"name\":\"Piston Addict\",\"url\":\"https:\/\/pistonaddict.com\/da\/\",\"logo\":{\"@type\":\"ImageObject\",\"inLanguage\":\"da-DK\",\"@id\":\"https:\/\/pistonaddict.com\/da\/#\/schema\/logo\/image\/\",\"url\":\"https:\/\/pistonaddict.com\/wp-content\/uploads\/2022\/07\/logo-6.png\",\"contentUrl\":\"https:\/\/pistonaddict.com\/wp-content\/uploads\/2022\/07\/logo-6.png\",\"width\":970,\"height\":200,\"caption\":\"Piston Addict\"},\"image\":{\"@id\":\"https:\/\/pistonaddict.com\/da\/#\/schema\/logo\/image\/\"}}]}<\/script>\n<!-- \/ Yoast SEO plugin. -->","yoast_head_json":{"title":"auktion - Piston Addict","description":"Denne Audi R8 er 2014-modellen, hvilket betyder, at det er en senere og mere eftertragtet version, der har f\u00e5et en lille restyle, bedre udstyr og raffineret mekanik. Kr\u00e6fterne leveres af en 4,2-liters FSI V8-motor, som yder 430 hk og sender dem til alle fire hjul via en 7-trins S Tronic dobbeltkoblingsautomatgearkasse.","robots":{"index":"index","follow":"follow","max-snippet":"max-snippet:-1","max-image-preview":"max-image-preview:large","max-video-preview":"max-video-preview:-1"},"canonical":"https:\/\/pistonaddict.com\/da\/product\/audi-r8-4-2-fsi-v8\/","og_locale":"da_DK","og_type":"article","og_title":"auktion - Piston Addict","og_description":"Denne Audi R8 er 2014-modellen, hvilket betyder, at det er en senere og mere eftertragtet version, der har f\u00e5et en lille restyle, bedre udstyr og raffineret mekanik. Kr\u00e6fterne leveres af en 4,2-liters FSI V8-motor, som yder 430 hk og sender dem til alle fire hjul via en 7-trins S Tronic dobbeltkoblingsautomatgearkasse.","og_url":"https:\/\/pistonaddict.com\/da\/product\/audi-r8-4-2-fsi-v8\/","og_site_name":"Piston Addict","article_modified_time":"2024-03-20T08:14:27+00:00","og_image":[{"width":1024,"height":683,"url":"https:\/\/pistonaddict.com\/wp-content\/uploads\/2023\/06\/foto-5.jpg","type":"image\/jpeg"}],"twitter_card":"summary_large_image","twitter_misc":{"Estimeret l\u00e6setid":"3 minutter"},"schema":{"@context":"https:\/\/schema.org","@graph":[{"@type":"WebPage","@id":"https:\/\/pistonaddict.com\/da\/product\/audi-r8-4-2-fsi-v8\/","url":"https:\/\/pistonaddict.com\/da\/product\/audi-r8-4-2-fsi-v8\/","name":"auktion - Piston Addict","isPartOf":{"@id":"https:\/\/pistonaddict.com\/da\/#website"},"primaryImageOfPage":{"@id":"https:\/\/pistonaddict.com\/da\/product\/audi-r8-4-2-fsi-v8\/#primaryimage"},"image":{"@id":"https:\/\/pistonaddict.com\/da\/product\/audi-r8-4-2-fsi-v8\/#primaryimage"},"thumbnailUrl":"https:\/\/pistonaddict.com\/wp-content\/uploads\/2023\/06\/foto-5.jpg","datePublished":"2023-06-12T12:22:37+00:00","dateModified":"2024-03-20T08:14:27+00:00","description":"Denne Audi R8 er 2014-modellen, hvilket betyder, at det er en senere og mere eftertragtet version, der har f\u00e5et en lille restyle, bedre udstyr og raffineret mekanik. Kr\u00e6fterne leveres af en 4,2-liters FSI V8-motor, som yder 430 hk og sender dem til alle fire hjul via en 7-trins S Tronic dobbeltkoblingsautomatgearkasse.","breadcrumb":{"@id":"https:\/\/pistonaddict.com\/da\/product\/audi-r8-4-2-fsi-v8\/#breadcrumb"},"inLanguage":"da-DK","potentialAction":[{"@type":"ReadAction","target":["https:\/\/pistonaddict.com\/da\/product\/audi-r8-4-2-fsi-v8\/"]}]},{"@type":"ImageObject","inLanguage":"da-DK","@id":"https:\/\/pistonaddict.com\/da\/product\/audi-r8-4-2-fsi-v8\/#primaryimage","url":"https:\/\/pistonaddict.com\/wp-content\/uploads\/2023\/06\/foto-5.jpg","contentUrl":"https:\/\/pistonaddict.com\/wp-content\/uploads\/2023\/06\/foto-5.jpg","width":1024,"height":683},{"@type":"BreadcrumbList","@id":"https:\/\/pistonaddict.com\/da\/product\/audi-r8-4-2-fsi-v8\/#breadcrumb","itemListElement":[{"@type":"ListItem","position":1,"name":"Hjemmeside","item":"https:\/\/pistonaddict.com\/da\/hjemmeside-2\/"},{"@type":"ListItem","position":2,"name":"Auctions","item":"https:\/\/pistonaddict.com\/auctions-listing\/"},{"@type":"ListItem","position":3,"name":"Audi R8 4.2 FSI V8"}]},{"@type":"WebSite","@id":"https:\/\/pistonaddict.com\/da\/#website","url":"https:\/\/pistonaddict.com\/da\/","name":"Piston Addict","description":"Only interesting vehicles","publisher":{"@id":"https:\/\/pistonaddict.com\/da\/#organization"},"potentialAction":[{"@type":"SearchAction","target":{"@type":"EntryPoint","urlTemplate":"https:\/\/pistonaddict.com\/da\/?s={search_term_string}"},"query-input":"required name=search_term_string"}],"inLanguage":"da-DK"},{"@type":"Organization","@id":"https:\/\/pistonaddict.com\/da\/#organization","name":"Piston Addict","url":"https:\/\/pistonaddict.com\/da\/","logo":{"@type":"ImageObject","inLanguage":"da-DK","@id":"https:\/\/pistonaddict.com\/da\/#\/schema\/logo\/image\/","url":"https:\/\/pistonaddict.com\/wp-content\/uploads\/2022\/07\/logo-6.png","contentUrl":"https:\/\/pistonaddict.com\/wp-content\/uploads\/2022\/07\/logo-6.png","width":970,"height":200,"caption":"Piston Addict"},"image":{"@id":"https:\/\/pistonaddict.com\/da\/#\/schema\/logo\/image\/"}}]}},"_links":{"self":[{"href":"https:\/\/pistonaddict.com\/da\/wp-json\/wp\/v2\/product\/41963"}],"collection":[{"href":"https:\/\/pistonaddict.com\/da\/wp-json\/wp\/v2\/product"}],"about":[{"href":"https:\/\/pistonaddict.com\/da\/wp-json\/wp\/v2\/types\/product"}],"replies":[{"embeddable":true,"href":"https:\/\/pistonaddict.com\/da\/wp-json\/wp\/v2\/comments?post=41963"}],"wp:featuredmedia":[{"embeddable":true,"href":"https:\/\/pistonaddict.com\/da\/wp-json\/wp\/v2\/media\/41833"}],"wp:attachment":[{"href":"https:\/\/pistonaddict.com\/da\/wp-json\/wp\/v2\/media?parent=41963"}],"wp:term":[{"taxonomy":"product_cat","embeddable":true,"href":"https:\/\/pistonaddict.com\/da\/wp-json\/wp\/v2\/product_cat?post=41963"},{"taxonomy":"product_tag","embeddable":true,"href":"https:\/\/pistonaddict.com\/da\/wp-json\/wp\/v2\/product_tag?post=41963"}],"curies":[{"name":"wp","href":"https:\/\/api.w.org\/{rel}","templated":true}]}}