{"id":39963,"date":"2023-04-19T17:58:30","date_gmt":"2023-04-19T15:58:30","guid":{"rendered":"https:\/\/pistonaddict.com\/product\/nissan-gtr\/"},"modified":"2024-03-19T17:52:22","modified_gmt":"2024-03-19T16:52:22","slug":"nissan-gtr","status":"publish","type":"product","link":"https:\/\/pistonaddict.com\/da\/product\/nissan-gtr\/","title":{"rendered":"Nissan GT-R Nismo"},"content":{"rendered":"<h2>Udvendig<\/h2>\n<p>Udvendigt balancerer denne sortfarvede 2-d\u00f8rs coup\u00e9 et tilsyneladende diskret udseende med aggressive detaljer, der antyder dens sande karakter. Fronten har en stor k\u00f8lergrill og trekantede forlygter, hvilket giver den en formidabel tilstedev\u00e6relse p\u00e5 vejen. GT-R&#8217;s silhuet er defineret af den lange k\u00f8lerhjelm, den skr\u00e5 taglinje og den massive bagspoiler. Endelig domineres bagenden af Nissans karakteristiske runde baglygter. Da denne GT-R er bygget af Nismo, adskiller den sig fra standardmodellerne p\u00e5 flere punkter. Ud over det p\u00e5 k\u00f8lergrillen monterede badge omfatter dette en forst\u00f8rret frontspoiler og et bagagerumsd\u00e6ksel i kulfiber. Bilen er monteret p\u00e5 Michelin Super Sport Cup 2-d\u00e6k, der er monteret p\u00e5 20-tommer bronzef\u00e6lge fra Volk Racking.<\/p>\n<h2>Interi\u00f8r<\/h2>\n<p>GT-R&#8217;s interi\u00f8r med et 2+2-s\u00e6dearrangement afsl\u00f8rer dens praktiske anvendelighed. Det er klart, at bags\u00e6derne kun giver begr\u00e6nset plads og kun er velegnede til korte afstande. Men selv som s\u00e5dan er det rart at have dem. Fors\u00e6derne er derimod en anden sag. De er kl\u00e6dt i sort l\u00e6der med r\u00f8de accenter og giver praktisk talt ubegr\u00e6nset st\u00f8tte, s\u00e5 f\u00f8reren sidder fast p\u00e5 plads selv i de skarpeste sving. Og disse er forhandlet med et trespoked rat betrukket med b\u00f8rstet l\u00e6der med r\u00f8de syninger. Bag den er instrumentklyngen domineret af en omdrejningst\u00e6ller, der g\u00e5r op til 8.000 omdrejninger i minuttet. Andre visere omfatter speedometeret og m\u00e5lerne med motortemperatur og br\u00e6ndstofniveau. Der er ogs\u00e5 et display i midten, som viser racerlignende parametre som f.eks. acceleration eller sidekr\u00e6fter.<\/p>\n<h2>Mekanik<\/h2>\n<p>Selv om Nissan GT-R ser fantastisk ud, er den faktisk mest fascinerende p\u00e5 grund af den mekaniske underbygning under huden. F\u00f8rst og fremmest motoren, en 3,8-liters V6-motor med dobbelt turboladning, der er h\u00e5ndbygget med den h\u00f8jeste t\u00e6nkelige pr\u00e6cision af Nissans bedste teknikere. Desuden er hver enkelt af dem tunet til sit maksimum, hvilket resulterer i forskellige effektudbytter for hver enkelt bil. Og med 750 hestekr\u00e6fter er kraft noget, som denne GT-R har masser af. S\u00e5 er der en seks-trins dobbeltkoblingsautomat med seks gear, som for at forbedre v\u00e6gtfordelingen er monteret bagp\u00e5. Den er ogs\u00e5 h\u00e5ndbygget og parret med motoren for at g\u00f8re gearskiftet s\u00e5 hurtigt som muligt. Endelig overf\u00f8res al den enorme kraft effektivt til jorden via et avanceret firehjulstr\u00e6kssystem. Med alt dette accelererer denne Nissan GT-R fra 0 til 60 p\u00e5 kun 2,5 sekunder og har en topfart p\u00e5 205 MPH.<\/p>\n<h2>K\u00f8ret\u00f8jets historie<\/h2>\n<p>Mens hver Nissan GT-R med sin h\u00e5ndbyggede mekanik og skr\u00e6ddersyede tuning er unik p\u00e5 sin egen m\u00e5de, er denne model endnu mere speciel. Dette var faktisk den f\u00f8rste venstreh\u00e5ndsdrevne model, der blev bygget af Nismo, Nissans interne racerafdeling, og som blev fremstillet personligt til den dav\u00e6rende formand for Renaults Formel 1-team. If\u00f8lge s\u00e6lgeren er denne bil som ny, har k\u00f8rt 2.703 miles og befinder sig i \u00f8jeblikket i Storbritannien.<\/p>\n","protected":false},"excerpt":{"rendered":"<p>Den legendariske Nissan GT-R er en af de mest ikoniske og eftertragtede biler fra Landet med den opg\u00e5ende sol. Med sin m\u00e6gtige turboladede V6-motor og det omfattende firehjulstr\u00e6k imponerer dette vejg\u00e5ende monster bilisterne med sin rene hastighed og h\u00e5ndtering, der synes at trodse fysikkens love. Men denne 2016-model, som s\u00e6lges af en professionel s\u00e6lger, er ikke en almindelig GT-R. Den bil, du ser p\u00e5, er i stedet den spororienterede GT-R Nismo, der sl\u00e5r alle rekorder. Indtil videre har den kun k\u00f8rt 2.700 miles og venter ikke p\u00e5 sin nye ejer.<\/p>\n","protected":false},"featured_media":39371,"comment_status":"open","ping_status":"closed","template":"","meta":{"inline_featured_image":false},"product_cat":[701],"product_tag":[1697,903,1693,1689],"acf":[],"yoast_head":"<!-- This site is optimized with the Yoast SEO plugin v22.5 - https:\/\/yoast.com\/wordpress\/plugins\/seo\/ -->\n<title>auktion - Piston Addict<\/title>\n<meta name=\"description\" content=\"Se denne Nissan GT-R Nismo til auktionssalg p\u00e5 PistonAddict.com\" \/>\n<meta name=\"robots\" content=\"index, follow, max-snippet:-1, max-image-preview:large, max-video-preview:-1\" \/>\n<link rel=\"canonical\" href=\"https:\/\/pistonaddict.com\/da\/product\/nissan-gtr\/\" \/>\n<meta property=\"og:locale\" content=\"da_DK\" \/>\n<meta property=\"og:type\" content=\"article\" \/>\n<meta property=\"og:title\" content=\"auktion - Piston Addict\" \/>\n<meta property=\"og:description\" content=\"Se denne Nissan GT-R Nismo til auktionssalg p\u00e5 PistonAddict.com\" \/>\n<meta property=\"og:url\" content=\"https:\/\/pistonaddict.com\/da\/product\/nissan-gtr\/\" \/>\n<meta property=\"og:site_name\" content=\"Piston Addict\" \/>\n<meta property=\"article:modified_time\" content=\"2024-03-19T16:52:22+00:00\" \/>\n<meta property=\"og:image\" content=\"https:\/\/pistonaddict.com\/wp-content\/uploads\/2023\/04\/LuxurycarLondonApril11PistonAddict_0497-scaled.jpg\" \/>\n\t<meta property=\"og:image:width\" content=\"2560\" \/>\n\t<meta property=\"og:image:height\" content=\"1972\" \/>\n\t<meta property=\"og:image:type\" content=\"image\/jpeg\" \/>\n<meta name=\"twitter:card\" content=\"summary_large_image\" \/>\n<meta name=\"twitter:label1\" content=\"Estimeret l\u00e6setid\" \/>\n\t<meta name=\"twitter:data1\" content=\"2 minutter\" \/>\n<script type=\"application\/ld+json\" class=\"yoast-schema-graph\">{\"@context\":\"https:\/\/schema.org\",\"@graph\":[{\"@type\":\"WebPage\",\"@id\":\"https:\/\/pistonaddict.com\/da\/product\/nissan-gtr\/\",\"url\":\"https:\/\/pistonaddict.com\/da\/product\/nissan-gtr\/\",\"name\":\"auktion - Piston Addict\",\"isPartOf\":{\"@id\":\"https:\/\/pistonaddict.com\/da\/#website\"},\"primaryImageOfPage\":{\"@id\":\"https:\/\/pistonaddict.com\/da\/product\/nissan-gtr\/#primaryimage\"},\"image\":{\"@id\":\"https:\/\/pistonaddict.com\/da\/product\/nissan-gtr\/#primaryimage\"},\"thumbnailUrl\":\"https:\/\/pistonaddict.com\/wp-content\/uploads\/2023\/04\/LuxurycarLondonApril11PistonAddict_0497-scaled.jpg\",\"datePublished\":\"2023-04-19T15:58:30+00:00\",\"dateModified\":\"2024-03-19T16:52:22+00:00\",\"description\":\"Se denne Nissan GT-R Nismo til auktionssalg p\u00e5 PistonAddict.com\",\"breadcrumb\":{\"@id\":\"https:\/\/pistonaddict.com\/da\/product\/nissan-gtr\/#breadcrumb\"},\"inLanguage\":\"da-DK\",\"potentialAction\":[{\"@type\":\"ReadAction\",\"target\":[\"https:\/\/pistonaddict.com\/da\/product\/nissan-gtr\/\"]}]},{\"@type\":\"ImageObject\",\"inLanguage\":\"da-DK\",\"@id\":\"https:\/\/pistonaddict.com\/da\/product\/nissan-gtr\/#primaryimage\",\"url\":\"https:\/\/pistonaddict.com\/wp-content\/uploads\/2023\/04\/LuxurycarLondonApril11PistonAddict_0497-scaled.jpg\",\"contentUrl\":\"https:\/\/pistonaddict.com\/wp-content\/uploads\/2023\/04\/LuxurycarLondonApril11PistonAddict_0497-scaled.jpg\",\"width\":2560,\"height\":1972},{\"@type\":\"BreadcrumbList\",\"@id\":\"https:\/\/pistonaddict.com\/da\/product\/nissan-gtr\/#breadcrumb\",\"itemListElement\":[{\"@type\":\"ListItem\",\"position\":1,\"name\":\"Hjemmeside\",\"item\":\"https:\/\/pistonaddict.com\/da\/hjemmeside-2\/\"},{\"@type\":\"ListItem\",\"position\":2,\"name\":\"Auctions\",\"item\":\"https:\/\/pistonaddict.com\/auctions-listing\/\"},{\"@type\":\"ListItem\",\"position\":3,\"name\":\"Nissan GT-R Nismo\"}]},{\"@type\":\"WebSite\",\"@id\":\"https:\/\/pistonaddict.com\/da\/#website\",\"url\":\"https:\/\/pistonaddict.com\/da\/\",\"name\":\"Piston Addict\",\"description\":\"Only interesting vehicles\",\"publisher\":{\"@id\":\"https:\/\/pistonaddict.com\/da\/#organization\"},\"potentialAction\":[{\"@type\":\"SearchAction\",\"target\":{\"@type\":\"EntryPoint\",\"urlTemplate\":\"https:\/\/pistonaddict.com\/da\/?s={search_term_string}\"},\"query-input\":\"required name=search_term_string\"}],\"inLanguage\":\"da-DK\"},{\"@type\":\"Organization\",\"@id\":\"https:\/\/pistonaddict.com\/da\/#organization\",\"name\":\"Piston Addict\",\"url\":\"https:\/\/pistonaddict.com\/da\/\",\"logo\":{\"@type\":\"ImageObject\",\"inLanguage\":\"da-DK\",\"@id\":\"https:\/\/pistonaddict.com\/da\/#\/schema\/logo\/image\/\",\"url\":\"https:\/\/pistonaddict.com\/wp-content\/uploads\/2022\/07\/logo-6.png\",\"contentUrl\":\"https:\/\/pistonaddict.com\/wp-content\/uploads\/2022\/07\/logo-6.png\",\"width\":970,\"height\":200,\"caption\":\"Piston Addict\"},\"image\":{\"@id\":\"https:\/\/pistonaddict.com\/da\/#\/schema\/logo\/image\/\"}}]}<\/script>\n<!-- \/ Yoast SEO plugin. -->","yoast_head_json":{"title":"auktion - Piston Addict","description":"Se denne Nissan GT-R Nismo til auktionssalg p\u00e5 PistonAddict.com","robots":{"index":"index","follow":"follow","max-snippet":"max-snippet:-1","max-image-preview":"max-image-preview:large","max-video-preview":"max-video-preview:-1"},"canonical":"https:\/\/pistonaddict.com\/da\/product\/nissan-gtr\/","og_locale":"da_DK","og_type":"article","og_title":"auktion - Piston Addict","og_description":"Se denne Nissan GT-R Nismo til auktionssalg p\u00e5 PistonAddict.com","og_url":"https:\/\/pistonaddict.com\/da\/product\/nissan-gtr\/","og_site_name":"Piston Addict","article_modified_time":"2024-03-19T16:52:22+00:00","og_image":[{"width":2560,"height":1972,"url":"https:\/\/pistonaddict.com\/wp-content\/uploads\/2023\/04\/LuxurycarLondonApril11PistonAddict_0497-scaled.jpg","type":"image\/jpeg"}],"twitter_card":"summary_large_image","twitter_misc":{"Estimeret l\u00e6setid":"2 minutter"},"schema":{"@context":"https:\/\/schema.org","@graph":[{"@type":"WebPage","@id":"https:\/\/pistonaddict.com\/da\/product\/nissan-gtr\/","url":"https:\/\/pistonaddict.com\/da\/product\/nissan-gtr\/","name":"auktion - Piston Addict","isPartOf":{"@id":"https:\/\/pistonaddict.com\/da\/#website"},"primaryImageOfPage":{"@id":"https:\/\/pistonaddict.com\/da\/product\/nissan-gtr\/#primaryimage"},"image":{"@id":"https:\/\/pistonaddict.com\/da\/product\/nissan-gtr\/#primaryimage"},"thumbnailUrl":"https:\/\/pistonaddict.com\/wp-content\/uploads\/2023\/04\/LuxurycarLondonApril11PistonAddict_0497-scaled.jpg","datePublished":"2023-04-19T15:58:30+00:00","dateModified":"2024-03-19T16:52:22+00:00","description":"Se denne Nissan GT-R Nismo til auktionssalg p\u00e5 PistonAddict.com","breadcrumb":{"@id":"https:\/\/pistonaddict.com\/da\/product\/nissan-gtr\/#breadcrumb"},"inLanguage":"da-DK","potentialAction":[{"@type":"ReadAction","target":["https:\/\/pistonaddict.com\/da\/product\/nissan-gtr\/"]}]},{"@type":"ImageObject","inLanguage":"da-DK","@id":"https:\/\/pistonaddict.com\/da\/product\/nissan-gtr\/#primaryimage","url":"https:\/\/pistonaddict.com\/wp-content\/uploads\/2023\/04\/LuxurycarLondonApril11PistonAddict_0497-scaled.jpg","contentUrl":"https:\/\/pistonaddict.com\/wp-content\/uploads\/2023\/04\/LuxurycarLondonApril11PistonAddict_0497-scaled.jpg","width":2560,"height":1972},{"@type":"BreadcrumbList","@id":"https:\/\/pistonaddict.com\/da\/product\/nissan-gtr\/#breadcrumb","itemListElement":[{"@type":"ListItem","position":1,"name":"Hjemmeside","item":"https:\/\/pistonaddict.com\/da\/hjemmeside-2\/"},{"@type":"ListItem","position":2,"name":"Auctions","item":"https:\/\/pistonaddict.com\/auctions-listing\/"},{"@type":"ListItem","position":3,"name":"Nissan GT-R Nismo"}]},{"@type":"WebSite","@id":"https:\/\/pistonaddict.com\/da\/#website","url":"https:\/\/pistonaddict.com\/da\/","name":"Piston Addict","description":"Only interesting vehicles","publisher":{"@id":"https:\/\/pistonaddict.com\/da\/#organization"},"potentialAction":[{"@type":"SearchAction","target":{"@type":"EntryPoint","urlTemplate":"https:\/\/pistonaddict.com\/da\/?s={search_term_string}"},"query-input":"required name=search_term_string"}],"inLanguage":"da-DK"},{"@type":"Organization","@id":"https:\/\/pistonaddict.com\/da\/#organization","name":"Piston Addict","url":"https:\/\/pistonaddict.com\/da\/","logo":{"@type":"ImageObject","inLanguage":"da-DK","@id":"https:\/\/pistonaddict.com\/da\/#\/schema\/logo\/image\/","url":"https:\/\/pistonaddict.com\/wp-content\/uploads\/2022\/07\/logo-6.png","contentUrl":"https:\/\/pistonaddict.com\/wp-content\/uploads\/2022\/07\/logo-6.png","width":970,"height":200,"caption":"Piston Addict"},"image":{"@id":"https:\/\/pistonaddict.com\/da\/#\/schema\/logo\/image\/"}}]}},"_links":{"self":[{"href":"https:\/\/pistonaddict.com\/da\/wp-json\/wp\/v2\/product\/39963"}],"collection":[{"href":"https:\/\/pistonaddict.com\/da\/wp-json\/wp\/v2\/product"}],"about":[{"href":"https:\/\/pistonaddict.com\/da\/wp-json\/wp\/v2\/types\/product"}],"replies":[{"embeddable":true,"href":"https:\/\/pistonaddict.com\/da\/wp-json\/wp\/v2\/comments?post=39963"}],"wp:featuredmedia":[{"embeddable":true,"href":"https:\/\/pistonaddict.com\/da\/wp-json\/wp\/v2\/media\/39371"}],"wp:attachment":[{"href":"https:\/\/pistonaddict.com\/da\/wp-json\/wp\/v2\/media?parent=39963"}],"wp:term":[{"taxonomy":"product_cat","embeddable":true,"href":"https:\/\/pistonaddict.com\/da\/wp-json\/wp\/v2\/product_cat?post=39963"},{"taxonomy":"product_tag","embeddable":true,"href":"https:\/\/pistonaddict.com\/da\/wp-json\/wp\/v2\/product_tag?post=39963"}],"curies":[{"name":"wp","href":"https:\/\/api.w.org\/{rel}","templated":true}]}}