{"id":39213,"date":"2023-04-19T17:31:19","date_gmt":"2023-04-19T15:31:19","guid":{"rendered":"https:\/\/pistonaddict.com\/product\/mclaren-720s\/"},"modified":"2024-03-19T17:52:48","modified_gmt":"2024-03-19T16:52:48","slug":"mclaren-720s","status":"publish","type":"product","link":"https:\/\/pistonaddict.com\/da\/product\/mclaren-720s\/","title":{"rendered":"McLaren 720S"},"content":{"rendered":"<h2>Udvendig<\/h2>\n<p>McLaren 720S, der er malet i lys orange, vil helt sikkert f\u00e5 folk til at se sig omkring, uanset hvor den dukker op. Men den ville v\u00e6re den samme i enhver anden farve takket v\u00e6re det fantastiske, haj-inspirerede design. Med et aggressivt frontparti, en str\u00f8mlinet silhuet og praktiske, men sjove butterfly-d\u00f8re er den imponerende fra enhver vinkel. Dette omfatter massive lufthuller i siderne, et netbekl\u00e6dt motorrum, der lyser, n\u00e5r t\u00e6ndingen er t\u00e6ndt, og en bagspoiler, der popper op, n\u00e5r du bremser h\u00e5rdt. Og bremserne er udf\u00f8rt med massive keramiske skiver, der sidder bag bilens sorte 19-tommer f\u00e6lge med Pirelli P Zero-d\u00e6k.<\/p>\n<p>Alligevel ser denne 2-s\u00e6ders bil ikke ud, som den g\u00f8r, bare for at vise sig frem, da de fleste af dens karrosseriforme er udformet for at forbedre aerodynamikken og generere downforce. Og som s\u00e5dan viser McLaren 720S, at form og funktion kan forenes i perfekt harmoni.<\/p>\n<h2>Interi\u00f8r<\/h2>\n<p>McLarens interi\u00f8r, der er kl\u00e6dt i Alcantara og kulfiber, afsl\u00f8rer yderligere, hvor spororienteret denne bil er. For det f\u00f8rste er der et par sporty s\u00e6der, der er udformet til at holde f\u00f8reren og passageren fastsp\u00e6ndt i skarpe hj\u00f8rner. S\u00e5 er der et tre-ekket l\u00e6derbetrukket rat, som danner ramme om et digitalt kombiinstrument. N\u00e5r den er i standardtilstand, viser den forskellige motor- og k\u00f8ret\u00f8jsparametre, f.eks. hastighed og motortemperatur. Men n\u00e5r Track-tilstanden er aktiveret, vipper hele klyngen nedad og afsl\u00f8rer et lille display \u00f8verst, som kun viser omdrejningst\u00e6ller, hastighed og det valgte gear. Endelig er midterkonsollen sparsomt, men funktionelt udstyret med vigtige knapper og knapper, ledsaget af et f\u00f8rerorienteret touchscreen-display i midten.<\/p>\n<h2>Mekanik<\/h2>\n<p>Under den elegante og aerodynamisk formede bil har 720S et kulfibermonocoque-chassis, som McLaren kalder MonoCage. Denne F1-inspirerede struktur er ikke kun let, men ogs\u00e5 ekstremt stiv, hvilket reducerer karrosserib\u00f8jningen under tunge sving.<\/p>\n<p>Hjertet i enhver supersportsvogn er motoren, som i McLaren er monteret lige bag s\u00e6derne. I fabriksudgave udvikler den V8 med to turboladede motorer 720 hestekr\u00e6fter &#8211; det tal, som bilen har sit navn &#8211; og et utroligt drejningsmoment p\u00e5 770 Nm. Kraften sendes til baghjulene via en hurtig 7-trins dobbeltkoblingsgearkasse med dobbeltkobling.<\/p>\n<p>Og alt dette i en bil, der kun vejer 1.400 kg, er mere end nok til at sikre en overlegen h\u00e5ndtering og ydeevne. I tal betyder det en acceleration fra 0-100 p\u00e5 2,9 sekunder og en tophastighed p\u00e5 212 miles i timen. Men dette er dog ikke en almindelig, fabriksafstemt McLaren 720S. I stedet har ejeren udstyret den med en Litchfield Custom Tune, der \u00f8ger motorens effekt til 800 hestekr\u00e6fter.<\/p>\n<h2>K\u00f8ret\u00f8jets historie<\/h2>\n<p>S\u00e6lgeren oplyser, at alt vedligeholdelsesarbejde blev udf\u00f8rt regelm\u00e6ssigt, og at det sidste serviceeftersyn blev udf\u00f8rt i oktober 2022. Der er i \u00f8jeblikket ingen kendte fejl eller advarsler p\u00e5 instrumentbr\u00e6ttet. Desuden er der, at d\u00f8mme ud fra de medf\u00f8lgende fotos, ingen fejl p\u00e5 karrosseriet, der skal rapporteres.<\/p>\n","protected":false},"excerpt":{"rendered":"<p>Her s\u00e6lges McLaren 720S, som nok er en af de mest effektive biler i sin klasse. Med en turboladet V8-motor og en topmoderne affjedring er denne coup\u00e9 lynhurtig p\u00e5 lige vej og i sving. If\u00f8lge den professionelle s\u00e6lger, der auktionerer den, er denne 2017 McLaren 720S up\u00e5klagelig, fuldt serviceret og har ikke v\u00e6ret involveret i nogen ulykker. Indtil videre har den tilbagelagt lidt mere end 4.000 miles, og den befinder sig i \u00f8jeblikket i Storbritannien.<\/p>\n","protected":false},"featured_media":39151,"comment_status":"open","ping_status":"closed","template":"","meta":{"inline_featured_image":false},"product_cat":[701],"product_tag":[1614,1610,903,1606],"acf":[],"yoast_head":"<!-- This site is optimized with the Yoast SEO plugin v22.5 - https:\/\/yoast.com\/wordpress\/plugins\/seo\/ -->\n<title>auktion - Piston Addict<\/title>\n<meta name=\"description\" content=\"Tjek denne McLaren 720S til auktionssalg p\u00e5 PistonAddict.com\" \/>\n<meta name=\"robots\" content=\"index, follow, max-snippet:-1, max-image-preview:large, max-video-preview:-1\" \/>\n<link rel=\"canonical\" href=\"https:\/\/pistonaddict.com\/da\/product\/mclaren-720s\/\" \/>\n<meta property=\"og:locale\" content=\"da_DK\" \/>\n<meta property=\"og:type\" content=\"article\" \/>\n<meta property=\"og:title\" content=\"auktion - Piston Addict\" \/>\n<meta property=\"og:description\" content=\"Tjek denne McLaren 720S til auktionssalg p\u00e5 PistonAddict.com\" \/>\n<meta property=\"og:url\" content=\"https:\/\/pistonaddict.com\/da\/product\/mclaren-720s\/\" \/>\n<meta property=\"og:site_name\" content=\"Piston Addict\" \/>\n<meta property=\"article:modified_time\" content=\"2024-03-19T16:52:48+00:00\" \/>\n<meta property=\"og:image\" content=\"https:\/\/pistonaddict.com\/wp-content\/uploads\/2023\/04\/LuxurycarLondonApril11PistonAddict_0851-scaled.jpg\" \/>\n\t<meta property=\"og:image:width\" content=\"2560\" \/>\n\t<meta property=\"og:image:height\" content=\"1534\" \/>\n\t<meta property=\"og:image:type\" content=\"image\/jpeg\" \/>\n<meta name=\"twitter:card\" content=\"summary_large_image\" \/>\n<meta name=\"twitter:label1\" content=\"Estimeret l\u00e6setid\" \/>\n\t<meta name=\"twitter:data1\" content=\"3 minutter\" \/>\n<script type=\"application\/ld+json\" class=\"yoast-schema-graph\">{\"@context\":\"https:\/\/schema.org\",\"@graph\":[{\"@type\":\"WebPage\",\"@id\":\"https:\/\/pistonaddict.com\/da\/product\/mclaren-720s\/\",\"url\":\"https:\/\/pistonaddict.com\/da\/product\/mclaren-720s\/\",\"name\":\"auktion - Piston Addict\",\"isPartOf\":{\"@id\":\"https:\/\/pistonaddict.com\/da\/#website\"},\"primaryImageOfPage\":{\"@id\":\"https:\/\/pistonaddict.com\/da\/product\/mclaren-720s\/#primaryimage\"},\"image\":{\"@id\":\"https:\/\/pistonaddict.com\/da\/product\/mclaren-720s\/#primaryimage\"},\"thumbnailUrl\":\"https:\/\/pistonaddict.com\/wp-content\/uploads\/2023\/04\/LuxurycarLondonApril11PistonAddict_0851-scaled.jpg\",\"datePublished\":\"2023-04-19T15:31:19+00:00\",\"dateModified\":\"2024-03-19T16:52:48+00:00\",\"description\":\"Tjek denne McLaren 720S til auktionssalg p\u00e5 PistonAddict.com\",\"breadcrumb\":{\"@id\":\"https:\/\/pistonaddict.com\/da\/product\/mclaren-720s\/#breadcrumb\"},\"inLanguage\":\"da-DK\",\"potentialAction\":[{\"@type\":\"ReadAction\",\"target\":[\"https:\/\/pistonaddict.com\/da\/product\/mclaren-720s\/\"]}]},{\"@type\":\"ImageObject\",\"inLanguage\":\"da-DK\",\"@id\":\"https:\/\/pistonaddict.com\/da\/product\/mclaren-720s\/#primaryimage\",\"url\":\"https:\/\/pistonaddict.com\/wp-content\/uploads\/2023\/04\/LuxurycarLondonApril11PistonAddict_0851-scaled.jpg\",\"contentUrl\":\"https:\/\/pistonaddict.com\/wp-content\/uploads\/2023\/04\/LuxurycarLondonApril11PistonAddict_0851-scaled.jpg\",\"width\":2560,\"height\":1534},{\"@type\":\"BreadcrumbList\",\"@id\":\"https:\/\/pistonaddict.com\/da\/product\/mclaren-720s\/#breadcrumb\",\"itemListElement\":[{\"@type\":\"ListItem\",\"position\":1,\"name\":\"Hjemmeside\",\"item\":\"https:\/\/pistonaddict.com\/da\/hjemmeside-2\/\"},{\"@type\":\"ListItem\",\"position\":2,\"name\":\"Auctions\",\"item\":\"https:\/\/pistonaddict.com\/auctions-listing\/\"},{\"@type\":\"ListItem\",\"position\":3,\"name\":\"McLaren 720S\"}]},{\"@type\":\"WebSite\",\"@id\":\"https:\/\/pistonaddict.com\/da\/#website\",\"url\":\"https:\/\/pistonaddict.com\/da\/\",\"name\":\"Piston Addict\",\"description\":\"Only interesting vehicles\",\"publisher\":{\"@id\":\"https:\/\/pistonaddict.com\/da\/#organization\"},\"potentialAction\":[{\"@type\":\"SearchAction\",\"target\":{\"@type\":\"EntryPoint\",\"urlTemplate\":\"https:\/\/pistonaddict.com\/da\/?s={search_term_string}\"},\"query-input\":\"required name=search_term_string\"}],\"inLanguage\":\"da-DK\"},{\"@type\":\"Organization\",\"@id\":\"https:\/\/pistonaddict.com\/da\/#organization\",\"name\":\"Piston Addict\",\"url\":\"https:\/\/pistonaddict.com\/da\/\",\"logo\":{\"@type\":\"ImageObject\",\"inLanguage\":\"da-DK\",\"@id\":\"https:\/\/pistonaddict.com\/da\/#\/schema\/logo\/image\/\",\"url\":\"https:\/\/pistonaddict.com\/wp-content\/uploads\/2022\/07\/logo-6.png\",\"contentUrl\":\"https:\/\/pistonaddict.com\/wp-content\/uploads\/2022\/07\/logo-6.png\",\"width\":970,\"height\":200,\"caption\":\"Piston Addict\"},\"image\":{\"@id\":\"https:\/\/pistonaddict.com\/da\/#\/schema\/logo\/image\/\"}}]}<\/script>\n<!-- \/ Yoast SEO plugin. -->","yoast_head_json":{"title":"auktion - Piston Addict","description":"Tjek denne McLaren 720S til auktionssalg p\u00e5 PistonAddict.com","robots":{"index":"index","follow":"follow","max-snippet":"max-snippet:-1","max-image-preview":"max-image-preview:large","max-video-preview":"max-video-preview:-1"},"canonical":"https:\/\/pistonaddict.com\/da\/product\/mclaren-720s\/","og_locale":"da_DK","og_type":"article","og_title":"auktion - Piston Addict","og_description":"Tjek denne McLaren 720S til auktionssalg p\u00e5 PistonAddict.com","og_url":"https:\/\/pistonaddict.com\/da\/product\/mclaren-720s\/","og_site_name":"Piston Addict","article_modified_time":"2024-03-19T16:52:48+00:00","og_image":[{"width":2560,"height":1534,"url":"https:\/\/pistonaddict.com\/wp-content\/uploads\/2023\/04\/LuxurycarLondonApril11PistonAddict_0851-scaled.jpg","type":"image\/jpeg"}],"twitter_card":"summary_large_image","twitter_misc":{"Estimeret l\u00e6setid":"3 minutter"},"schema":{"@context":"https:\/\/schema.org","@graph":[{"@type":"WebPage","@id":"https:\/\/pistonaddict.com\/da\/product\/mclaren-720s\/","url":"https:\/\/pistonaddict.com\/da\/product\/mclaren-720s\/","name":"auktion - Piston Addict","isPartOf":{"@id":"https:\/\/pistonaddict.com\/da\/#website"},"primaryImageOfPage":{"@id":"https:\/\/pistonaddict.com\/da\/product\/mclaren-720s\/#primaryimage"},"image":{"@id":"https:\/\/pistonaddict.com\/da\/product\/mclaren-720s\/#primaryimage"},"thumbnailUrl":"https:\/\/pistonaddict.com\/wp-content\/uploads\/2023\/04\/LuxurycarLondonApril11PistonAddict_0851-scaled.jpg","datePublished":"2023-04-19T15:31:19+00:00","dateModified":"2024-03-19T16:52:48+00:00","description":"Tjek denne McLaren 720S til auktionssalg p\u00e5 PistonAddict.com","breadcrumb":{"@id":"https:\/\/pistonaddict.com\/da\/product\/mclaren-720s\/#breadcrumb"},"inLanguage":"da-DK","potentialAction":[{"@type":"ReadAction","target":["https:\/\/pistonaddict.com\/da\/product\/mclaren-720s\/"]}]},{"@type":"ImageObject","inLanguage":"da-DK","@id":"https:\/\/pistonaddict.com\/da\/product\/mclaren-720s\/#primaryimage","url":"https:\/\/pistonaddict.com\/wp-content\/uploads\/2023\/04\/LuxurycarLondonApril11PistonAddict_0851-scaled.jpg","contentUrl":"https:\/\/pistonaddict.com\/wp-content\/uploads\/2023\/04\/LuxurycarLondonApril11PistonAddict_0851-scaled.jpg","width":2560,"height":1534},{"@type":"BreadcrumbList","@id":"https:\/\/pistonaddict.com\/da\/product\/mclaren-720s\/#breadcrumb","itemListElement":[{"@type":"ListItem","position":1,"name":"Hjemmeside","item":"https:\/\/pistonaddict.com\/da\/hjemmeside-2\/"},{"@type":"ListItem","position":2,"name":"Auctions","item":"https:\/\/pistonaddict.com\/auctions-listing\/"},{"@type":"ListItem","position":3,"name":"McLaren 720S"}]},{"@type":"WebSite","@id":"https:\/\/pistonaddict.com\/da\/#website","url":"https:\/\/pistonaddict.com\/da\/","name":"Piston Addict","description":"Only interesting vehicles","publisher":{"@id":"https:\/\/pistonaddict.com\/da\/#organization"},"potentialAction":[{"@type":"SearchAction","target":{"@type":"EntryPoint","urlTemplate":"https:\/\/pistonaddict.com\/da\/?s={search_term_string}"},"query-input":"required name=search_term_string"}],"inLanguage":"da-DK"},{"@type":"Organization","@id":"https:\/\/pistonaddict.com\/da\/#organization","name":"Piston Addict","url":"https:\/\/pistonaddict.com\/da\/","logo":{"@type":"ImageObject","inLanguage":"da-DK","@id":"https:\/\/pistonaddict.com\/da\/#\/schema\/logo\/image\/","url":"https:\/\/pistonaddict.com\/wp-content\/uploads\/2022\/07\/logo-6.png","contentUrl":"https:\/\/pistonaddict.com\/wp-content\/uploads\/2022\/07\/logo-6.png","width":970,"height":200,"caption":"Piston Addict"},"image":{"@id":"https:\/\/pistonaddict.com\/da\/#\/schema\/logo\/image\/"}}]}},"_links":{"self":[{"href":"https:\/\/pistonaddict.com\/da\/wp-json\/wp\/v2\/product\/39213"}],"collection":[{"href":"https:\/\/pistonaddict.com\/da\/wp-json\/wp\/v2\/product"}],"about":[{"href":"https:\/\/pistonaddict.com\/da\/wp-json\/wp\/v2\/types\/product"}],"replies":[{"embeddable":true,"href":"https:\/\/pistonaddict.com\/da\/wp-json\/wp\/v2\/comments?post=39213"}],"wp:featuredmedia":[{"embeddable":true,"href":"https:\/\/pistonaddict.com\/da\/wp-json\/wp\/v2\/media\/39151"}],"wp:attachment":[{"href":"https:\/\/pistonaddict.com\/da\/wp-json\/wp\/v2\/media?parent=39213"}],"wp:term":[{"taxonomy":"product_cat","embeddable":true,"href":"https:\/\/pistonaddict.com\/da\/wp-json\/wp\/v2\/product_cat?post=39213"},{"taxonomy":"product_tag","embeddable":true,"href":"https:\/\/pistonaddict.com\/da\/wp-json\/wp\/v2\/product_tag?post=39213"}],"curies":[{"name":"wp","href":"https:\/\/api.w.org\/{rel}","templated":true}]}}