{"id":37937,"date":"2023-04-19T16:55:04","date_gmt":"2023-04-19T14:55:04","guid":{"rendered":"https:\/\/pistonaddict.com\/product\/ferrari-412\/"},"modified":"2024-03-19T17:51:25","modified_gmt":"2024-03-19T16:51:25","slug":"ferrari-412","status":"publish","type":"product","link":"https:\/\/pistonaddict.com\/da\/product\/ferrari-412\/","title":{"rendered":"Ferrari 412"},"content":{"rendered":"<p><strong>Bilens historie<\/strong><\/p>\n<p>Ferrari 412 blev introduceret i 1985 som virksomhedens bedste GT-produkt med plads til fire passagerer og et rummeligt bagagerum. Den er drevet af den klassiske Colombo V12-motor med en slagvolumen p\u00e5 4,9 liter og repr\u00e6senterer en af de sidste versioner af den klassiske Ferrari GT-\u00e6ra. Med 340 hk, der driver baghjulene via en Borg-Warner-automatgearkasse, kan denne Ferrari 412 n\u00e5 100 km\/t p\u00e5 kun 6,5 sekunder og accelerere hele vejen til en topfart p\u00e5 260 km\/t. Dette eksemplar er et af de sidste eksemplarer, der blev leveret til den f\u00f8rste ejer i november 1988. Produktionen sluttede i 1989 efter 576 leverede biler, og kun 306 af dem havde automatisk gearkasse. Det sidste serviceeftersyn blev udf\u00f8rt i april 2021, og bilen er n\u00e6sten ikke blevet brugt siden.<\/p>\n<p><strong>Bilens tilstand<\/strong><\/p>\n<p>Det, der g\u00f8r denne elegante GT s\u00e5 tiltalende, er dens stand. Med mindre end 37.000 kilometer fra den nye er den et perfekt bevaret eksempel p\u00e5 80&#8217;ernes Ferrari-elegance. Denne bil er aldrig blevet restaureret, og den er i bem\u00e6rkelsesv\u00e6rdig original stand, helt ned til de originale hjul, v\u00e6rkt\u00f8jss\u00e6t (en v\u00e6rdsat detalje blandt Ferrari-samlere) og fabrikkorrekte d\u00e6k, hvilket er ret us\u00e6dvanligt i dag. Denne Ferrari 412 er blevet vedligeholdt og holdt i garage, hvilket er en af grundene til, at den ser ud som ny. Der er ingen oliel\u00e6kager i undervognen, motorrummet er p\u00e6nt, og alle originale stempler og m\u00e6rker er til stede.<\/p>\n<p><strong>Interi\u00f8r<\/strong><\/p>\n<p>Som forventet er interi\u00f8ret i denne Ferrari 412 fra 1988 bekl\u00e6dt med l\u00e6der, og farvekombinationen af det sorte ydre og de lysebrune s\u00e6der er s\u00e6rligt tiltalende. Der er ingen synlige skader, og s\u00e6derne, d\u00f8rkort og instrumentbr\u00e6ttet er i perfekt stand. Som en luksuri\u00f8s GT, hvilket denne Ferrari 412 bestemt er, er interi\u00f8ret naturligvis fuld af komfort, elektrisk tilbeh\u00f8r og fungerende klimaanl\u00e6g. Det eneste, der ikke er originalt, er lydenheden, som er udskiftet med en moderne.<\/p>\n<p><strong>Udvendigt og hjul<\/strong><\/p>\n<p>Alle udvendige bekl\u00e6dningsdele, lister og plastkomponenter ser ud til at v\u00e6re i perfekt stand, og der er ingen rust, som man kan forvente af en bil, der er blevet passet godt p\u00e5. Der er ingen ridser eller buler, og lakken er i perfekt stand. Det er interessant, at bilen har bevaret de originale hjul og TRX-gummier, som den havde, da den var ny. Nogle af Ferrari 412-ejerne har skiftet hjulene ud med mere moderne hjul, da TRX-d\u00e6k er sv\u00e6re at finde, men ejeren af dette eksemplar holdt sig til de originale specifikationer, hvilket er en fin detalje og viser, hvor godt bilen er blevet passet p\u00e5.<\/p>\n<p><strong>Dokumentation<\/strong><\/p>\n<p>Der er tale om et privatejet k\u00f8ret\u00f8j med beh\u00f8rig dokumentation, som befinder sig i London, Storbritannien. CarVertical-rapporten er ren; der findes ingen beviser for ulykker, reparationer eller juridiske problemer. Der er dokumentation for regelm\u00e6ssig vedligeholdelse.<\/p>\n","protected":false},"excerpt":{"rendered":"<p>Ferraris V12 GT&#8217;er har altid v\u00e6ret sublime k\u00f8remaskiner, der kunne springe over kontinenter med h\u00f8j hastighed og give imponerende komfort, og denne 412 fra 1988 er ikke anderledes. Den eftertragtede, sene model har alle ingredienserne til en fremragende investering Ferrari med en kraftfuld V12-motor, perfekt farvekombination og ulastelig stand med kun 37.000 kilometer fra ny.<\/p>\n","protected":false},"featured_media":37872,"comment_status":"open","ping_status":"closed","template":"","meta":{"inline_featured_image":false},"product_cat":[701],"product_tag":[1539,1547,903,1542],"acf":[],"yoast_head":"<!-- This site is optimized with the Yoast SEO plugin v22.5 - https:\/\/yoast.com\/wordpress\/plugins\/seo\/ -->\n<title>auktion - Piston Addict<\/title>\n<meta name=\"description\" content=\"Se denne Ferrari 412 til auktionssalg p\u00e5 PistonAddict.com med automatisk transmission og kun 36 971 km.\" \/>\n<meta name=\"robots\" content=\"index, follow, max-snippet:-1, max-image-preview:large, max-video-preview:-1\" \/>\n<link rel=\"canonical\" href=\"https:\/\/pistonaddict.com\/da\/product\/ferrari-412\/\" \/>\n<meta property=\"og:locale\" content=\"da_DK\" \/>\n<meta property=\"og:type\" content=\"article\" \/>\n<meta property=\"og:title\" content=\"auktion - Piston Addict\" \/>\n<meta property=\"og:description\" content=\"Se denne Ferrari 412 til auktionssalg p\u00e5 PistonAddict.com med automatisk transmission og kun 36 971 km.\" \/>\n<meta property=\"og:url\" content=\"https:\/\/pistonaddict.com\/da\/product\/ferrari-412\/\" \/>\n<meta property=\"og:site_name\" content=\"Piston Addict\" \/>\n<meta property=\"article:modified_time\" content=\"2024-03-19T16:51:25+00:00\" \/>\n<meta property=\"og:image\" content=\"https:\/\/pistonaddict.com\/wp-content\/uploads\/2023\/04\/LuxurycarLondonApril11PistonAddict_0358-scaled.jpg\" \/>\n\t<meta property=\"og:image:width\" content=\"2560\" \/>\n\t<meta property=\"og:image:height\" content=\"1737\" \/>\n\t<meta property=\"og:image:type\" content=\"image\/jpeg\" \/>\n<meta name=\"twitter:card\" content=\"summary_large_image\" \/>\n<meta name=\"twitter:label1\" content=\"Estimeret l\u00e6setid\" \/>\n\t<meta name=\"twitter:data1\" content=\"2 minutter\" \/>\n<script type=\"application\/ld+json\" class=\"yoast-schema-graph\">{\"@context\":\"https:\/\/schema.org\",\"@graph\":[{\"@type\":\"WebPage\",\"@id\":\"https:\/\/pistonaddict.com\/da\/product\/ferrari-412\/\",\"url\":\"https:\/\/pistonaddict.com\/da\/product\/ferrari-412\/\",\"name\":\"auktion - Piston Addict\",\"isPartOf\":{\"@id\":\"https:\/\/pistonaddict.com\/da\/#website\"},\"primaryImageOfPage\":{\"@id\":\"https:\/\/pistonaddict.com\/da\/product\/ferrari-412\/#primaryimage\"},\"image\":{\"@id\":\"https:\/\/pistonaddict.com\/da\/product\/ferrari-412\/#primaryimage\"},\"thumbnailUrl\":\"https:\/\/pistonaddict.com\/wp-content\/uploads\/2023\/04\/LuxurycarLondonApril11PistonAddict_0358-scaled.jpg\",\"datePublished\":\"2023-04-19T14:55:04+00:00\",\"dateModified\":\"2024-03-19T16:51:25+00:00\",\"description\":\"Se denne Ferrari 412 til auktionssalg p\u00e5 PistonAddict.com med automatisk transmission og kun 36 971 km.\",\"breadcrumb\":{\"@id\":\"https:\/\/pistonaddict.com\/da\/product\/ferrari-412\/#breadcrumb\"},\"inLanguage\":\"da-DK\",\"potentialAction\":[{\"@type\":\"ReadAction\",\"target\":[\"https:\/\/pistonaddict.com\/da\/product\/ferrari-412\/\"]}]},{\"@type\":\"ImageObject\",\"inLanguage\":\"da-DK\",\"@id\":\"https:\/\/pistonaddict.com\/da\/product\/ferrari-412\/#primaryimage\",\"url\":\"https:\/\/pistonaddict.com\/wp-content\/uploads\/2023\/04\/LuxurycarLondonApril11PistonAddict_0358-scaled.jpg\",\"contentUrl\":\"https:\/\/pistonaddict.com\/wp-content\/uploads\/2023\/04\/LuxurycarLondonApril11PistonAddict_0358-scaled.jpg\",\"width\":2560,\"height\":1737},{\"@type\":\"BreadcrumbList\",\"@id\":\"https:\/\/pistonaddict.com\/da\/product\/ferrari-412\/#breadcrumb\",\"itemListElement\":[{\"@type\":\"ListItem\",\"position\":1,\"name\":\"Hjemmeside\",\"item\":\"https:\/\/pistonaddict.com\/da\/hjemmeside-2\/\"},{\"@type\":\"ListItem\",\"position\":2,\"name\":\"Auctions\",\"item\":\"https:\/\/pistonaddict.com\/auctions-listing\/\"},{\"@type\":\"ListItem\",\"position\":3,\"name\":\"Ferrari 412\"}]},{\"@type\":\"WebSite\",\"@id\":\"https:\/\/pistonaddict.com\/da\/#website\",\"url\":\"https:\/\/pistonaddict.com\/da\/\",\"name\":\"Piston Addict\",\"description\":\"Only interesting vehicles\",\"publisher\":{\"@id\":\"https:\/\/pistonaddict.com\/da\/#organization\"},\"potentialAction\":[{\"@type\":\"SearchAction\",\"target\":{\"@type\":\"EntryPoint\",\"urlTemplate\":\"https:\/\/pistonaddict.com\/da\/?s={search_term_string}\"},\"query-input\":\"required name=search_term_string\"}],\"inLanguage\":\"da-DK\"},{\"@type\":\"Organization\",\"@id\":\"https:\/\/pistonaddict.com\/da\/#organization\",\"name\":\"Piston Addict\",\"url\":\"https:\/\/pistonaddict.com\/da\/\",\"logo\":{\"@type\":\"ImageObject\",\"inLanguage\":\"da-DK\",\"@id\":\"https:\/\/pistonaddict.com\/da\/#\/schema\/logo\/image\/\",\"url\":\"https:\/\/pistonaddict.com\/wp-content\/uploads\/2022\/07\/logo-6.png\",\"contentUrl\":\"https:\/\/pistonaddict.com\/wp-content\/uploads\/2022\/07\/logo-6.png\",\"width\":970,\"height\":200,\"caption\":\"Piston Addict\"},\"image\":{\"@id\":\"https:\/\/pistonaddict.com\/da\/#\/schema\/logo\/image\/\"}}]}<\/script>\n<!-- \/ Yoast SEO plugin. -->","yoast_head_json":{"title":"auktion - Piston Addict","description":"Se denne Ferrari 412 til auktionssalg p\u00e5 PistonAddict.com med automatisk transmission og kun 36 971 km.","robots":{"index":"index","follow":"follow","max-snippet":"max-snippet:-1","max-image-preview":"max-image-preview:large","max-video-preview":"max-video-preview:-1"},"canonical":"https:\/\/pistonaddict.com\/da\/product\/ferrari-412\/","og_locale":"da_DK","og_type":"article","og_title":"auktion - Piston Addict","og_description":"Se denne Ferrari 412 til auktionssalg p\u00e5 PistonAddict.com med automatisk transmission og kun 36 971 km.","og_url":"https:\/\/pistonaddict.com\/da\/product\/ferrari-412\/","og_site_name":"Piston Addict","article_modified_time":"2024-03-19T16:51:25+00:00","og_image":[{"width":2560,"height":1737,"url":"https:\/\/pistonaddict.com\/wp-content\/uploads\/2023\/04\/LuxurycarLondonApril11PistonAddict_0358-scaled.jpg","type":"image\/jpeg"}],"twitter_card":"summary_large_image","twitter_misc":{"Estimeret l\u00e6setid":"2 minutter"},"schema":{"@context":"https:\/\/schema.org","@graph":[{"@type":"WebPage","@id":"https:\/\/pistonaddict.com\/da\/product\/ferrari-412\/","url":"https:\/\/pistonaddict.com\/da\/product\/ferrari-412\/","name":"auktion - Piston Addict","isPartOf":{"@id":"https:\/\/pistonaddict.com\/da\/#website"},"primaryImageOfPage":{"@id":"https:\/\/pistonaddict.com\/da\/product\/ferrari-412\/#primaryimage"},"image":{"@id":"https:\/\/pistonaddict.com\/da\/product\/ferrari-412\/#primaryimage"},"thumbnailUrl":"https:\/\/pistonaddict.com\/wp-content\/uploads\/2023\/04\/LuxurycarLondonApril11PistonAddict_0358-scaled.jpg","datePublished":"2023-04-19T14:55:04+00:00","dateModified":"2024-03-19T16:51:25+00:00","description":"Se denne Ferrari 412 til auktionssalg p\u00e5 PistonAddict.com med automatisk transmission og kun 36 971 km.","breadcrumb":{"@id":"https:\/\/pistonaddict.com\/da\/product\/ferrari-412\/#breadcrumb"},"inLanguage":"da-DK","potentialAction":[{"@type":"ReadAction","target":["https:\/\/pistonaddict.com\/da\/product\/ferrari-412\/"]}]},{"@type":"ImageObject","inLanguage":"da-DK","@id":"https:\/\/pistonaddict.com\/da\/product\/ferrari-412\/#primaryimage","url":"https:\/\/pistonaddict.com\/wp-content\/uploads\/2023\/04\/LuxurycarLondonApril11PistonAddict_0358-scaled.jpg","contentUrl":"https:\/\/pistonaddict.com\/wp-content\/uploads\/2023\/04\/LuxurycarLondonApril11PistonAddict_0358-scaled.jpg","width":2560,"height":1737},{"@type":"BreadcrumbList","@id":"https:\/\/pistonaddict.com\/da\/product\/ferrari-412\/#breadcrumb","itemListElement":[{"@type":"ListItem","position":1,"name":"Hjemmeside","item":"https:\/\/pistonaddict.com\/da\/hjemmeside-2\/"},{"@type":"ListItem","position":2,"name":"Auctions","item":"https:\/\/pistonaddict.com\/auctions-listing\/"},{"@type":"ListItem","position":3,"name":"Ferrari 412"}]},{"@type":"WebSite","@id":"https:\/\/pistonaddict.com\/da\/#website","url":"https:\/\/pistonaddict.com\/da\/","name":"Piston Addict","description":"Only interesting vehicles","publisher":{"@id":"https:\/\/pistonaddict.com\/da\/#organization"},"potentialAction":[{"@type":"SearchAction","target":{"@type":"EntryPoint","urlTemplate":"https:\/\/pistonaddict.com\/da\/?s={search_term_string}"},"query-input":"required name=search_term_string"}],"inLanguage":"da-DK"},{"@type":"Organization","@id":"https:\/\/pistonaddict.com\/da\/#organization","name":"Piston Addict","url":"https:\/\/pistonaddict.com\/da\/","logo":{"@type":"ImageObject","inLanguage":"da-DK","@id":"https:\/\/pistonaddict.com\/da\/#\/schema\/logo\/image\/","url":"https:\/\/pistonaddict.com\/wp-content\/uploads\/2022\/07\/logo-6.png","contentUrl":"https:\/\/pistonaddict.com\/wp-content\/uploads\/2022\/07\/logo-6.png","width":970,"height":200,"caption":"Piston Addict"},"image":{"@id":"https:\/\/pistonaddict.com\/da\/#\/schema\/logo\/image\/"}}]}},"_links":{"self":[{"href":"https:\/\/pistonaddict.com\/da\/wp-json\/wp\/v2\/product\/37937"}],"collection":[{"href":"https:\/\/pistonaddict.com\/da\/wp-json\/wp\/v2\/product"}],"about":[{"href":"https:\/\/pistonaddict.com\/da\/wp-json\/wp\/v2\/types\/product"}],"replies":[{"embeddable":true,"href":"https:\/\/pistonaddict.com\/da\/wp-json\/wp\/v2\/comments?post=37937"}],"wp:featuredmedia":[{"embeddable":true,"href":"https:\/\/pistonaddict.com\/da\/wp-json\/wp\/v2\/media\/37872"}],"wp:attachment":[{"href":"https:\/\/pistonaddict.com\/da\/wp-json\/wp\/v2\/media?parent=37937"}],"wp:term":[{"taxonomy":"product_cat","embeddable":true,"href":"https:\/\/pistonaddict.com\/da\/wp-json\/wp\/v2\/product_cat?post=37937"},{"taxonomy":"product_tag","embeddable":true,"href":"https:\/\/pistonaddict.com\/da\/wp-json\/wp\/v2\/product_tag?post=37937"}],"curies":[{"name":"wp","href":"https:\/\/api.w.org\/{rel}","templated":true}]}}