{"id":35643,"date":"2023-04-19T15:45:16","date_gmt":"2023-04-19T13:45:16","guid":{"rendered":"https:\/\/pistonaddict.com\/product\/bmw-m4\/"},"modified":"2024-03-19T17:51:17","modified_gmt":"2024-03-19T16:51:17","slug":"bmw-m4","status":"publish","type":"product","link":"https:\/\/pistonaddict.com\/da\/product\/bmw-m4\/","title":{"rendered":"BMW M4"},"content":{"rendered":"<p><strong>Bilens historie<\/strong><\/p>\n<p>F82-serien M4 var et stort skridt for BMW, da den blev lanceret i 2014. Det var den f\u00f8rste M-produkt med en sekscylindret turbomotor med seks cylindre, elektrisk servostyring og omfattende brug af kulfiber i bilens konstruktion. Resultatet var en fantastisk k\u00f8remaskine med 425 hk i standardudgave, en sammensat affjedring og sublime pr\u00e6stationer. F82 var ogs\u00e5 den f\u00f8rste model, der brugte M4-navnet, som var betegnelsen for coupe-versionen af M3. Dette eksemplar blev produceret i 2017 og er en mere eftertragtet og forbedret senere model. Det mest interessante ved denne bil er dog dens specifikationer, stand og kilometertal. Med lidt over 3.500 km p\u00e5 uret er den praktisk talt en helt ny bil, hvilket g\u00f8r den til et investeringsvenligt k\u00f8ret\u00f8j. Men denne M4 er ogs\u00e5 udstyret med mange ekstraudstyr og smagfuldt modificeret for at levere mere kraft, bedre h\u00e5ndtering og imponerende generel k\u00f8rselsdynamik. Den blev bestilt som ny af BMW&#8217;s VIP-kunde, som vidste pr\u00e6cis, hvordan han skulle specificere den perfekte M4.<\/p>\n<p><strong> <\/strong><strong>Tilstand<\/strong><\/p>\n<p>Minimalt kilometertal sikrer, at denne M4 er i perfekt stand uden mekaniske fejl, skader efter ulykker og med nyligt udf\u00f8rt service i februar 2022. Men ud over den imponerende liste over fabriksudstyr har denne bil ogs\u00e5 en modificeret affjedring og sidder lavere end standard, hvilket sikrer en endnu bedre k\u00f8re- og h\u00e5ndteringsfornemmelse. Det er dog kun begyndelsen, og den oprindelige ejer af denne bil installerede et Akrapovi\u010d titanium udst\u00f8dningssystem med kulstofspidser, der forbedrer lyden af den ber\u00f8mte straight-six-motor. Den udvendige forbedring blev fuldendt med en carbon splitter foran, en bagspoiler og aftermarket-f\u00e6lge. Selv om 425 hk er ganske meget, har den oprindelige ejer forbedret ydelsen, og motoren yder nu 510 hk, hvilket g\u00f8r denne M4 til en kompetent bil. Valget af transmission er BMW&#8217;s 7-trins DCT-automat, som er et intelligent valg, der kombinerer komfort og ydeevne. Dette k\u00f8ret\u00f8j er udstyret med keramiske bremseskiver som ekstraudstyr.<\/p>\n<p><strong>Interi\u00f8r<\/strong><\/p>\n<p>Interi\u00f8ret er bekl\u00e6dt med sort l\u00e6der med M-specifikke s\u00e6der og kulstofaccenter og viser ingen tegn p\u00e5 brug. Med en perfekt siddeposition, et f\u00f8rsteklasses lydsystem og BMW&#8217;s ber\u00f8mte iDrive infotainment er det en forn\u00f8jelse at tilbringe tid i denne M4, mens du k\u00f8rer kilometer med en fantastisk hastighed. Der er ingen \u00e6ndringer i interi\u00f8ret, og listen over ekstraudstyr og komfort er omfattende.<\/p>\n<p><strong>Udvendigt og hjul<\/strong><\/p>\n<p>Denne M4 er f\u00e6rdig i en sl\u00e5ende Austin Yellow Metallic-farve og har et pletfrit ydre med alle trimdele til stede og uden m\u00e6rker. Carbonstykkerne er en del af M Performance Accessories-kataloget og passer perfekt. En bem\u00e6rkelsesv\u00e6rdig detalje er HRE-eftermarkedsf\u00e6lgene, som passer til det ydre og er lettere og st\u00e6rkere end fabrikshjulene.<\/p>\n<p><strong>Dokumentation<\/strong><\/p>\n<p>Der er tale om et privatejet k\u00f8ret\u00f8j med beh\u00f8rig dokumentation, som befinder sig i London, Storbritannien. CarVertical-rapporten er ren; der findes ingen beviser for ulykker, reparationer eller juridiske problemer. Der er dokumentation for regelm\u00e6ssig vedligeholdelse.<\/p>\n","protected":false},"excerpt":{"rendered":"<p>Der er en god grund til, at BMW M4 er s\u00e5 respekteret blandt fans af performancebiler. Ingen anden bil i sin klasse kan tilbyde imponerende sportsvognsdynamik og hverdagsvenlighed som F82-serie M4. Denne bil er et perfekt eksempel, let modificeret for at g\u00f8re k\u00f8rslen endnu bedre, med et minimalt kilometertal, velplejet og klar til den n\u00e6ste ejer.<\/p>\n","protected":false},"featured_media":35425,"comment_status":"open","ping_status":"closed","template":"","meta":{"inline_featured_image":false},"product_cat":[701],"product_tag":[1394,903,1392,1393],"acf":[],"yoast_head":"<!-- This site is optimized with the Yoast SEO plugin v22.5 - https:\/\/yoast.com\/wordpress\/plugins\/seo\/ -->\n<title>auktion - Piston Addict<\/title>\n<meta name=\"description\" content=\"Se denne BMW M4 til auktionssalg p\u00e5 PistonAddict.com med automatisk transmission og kun 2053 miles.\" \/>\n<meta name=\"robots\" content=\"index, follow, max-snippet:-1, max-image-preview:large, max-video-preview:-1\" \/>\n<link rel=\"canonical\" href=\"https:\/\/pistonaddict.com\/da\/product\/bmw-m4\/\" \/>\n<meta property=\"og:locale\" content=\"da_DK\" \/>\n<meta property=\"og:type\" content=\"article\" \/>\n<meta property=\"og:title\" content=\"auktion - Piston Addict\" \/>\n<meta property=\"og:description\" content=\"Se denne BMW M4 til auktionssalg p\u00e5 PistonAddict.com med automatisk transmission og kun 2053 miles.\" \/>\n<meta property=\"og:url\" content=\"https:\/\/pistonaddict.com\/da\/product\/bmw-m4\/\" \/>\n<meta property=\"og:site_name\" content=\"Piston Addict\" \/>\n<meta property=\"article:modified_time\" content=\"2024-03-19T16:51:17+00:00\" \/>\n<meta property=\"og:image\" content=\"https:\/\/pistonaddict.com\/wp-content\/uploads\/2023\/04\/LuxurycarLondonApril11PistonAddict_0647-scaled.jpg\" \/>\n\t<meta property=\"og:image:width\" content=\"2560\" \/>\n\t<meta property=\"og:image:height\" content=\"1708\" \/>\n\t<meta property=\"og:image:type\" content=\"image\/jpeg\" \/>\n<meta name=\"twitter:card\" content=\"summary_large_image\" \/>\n<meta name=\"twitter:label1\" content=\"Estimeret l\u00e6setid\" \/>\n\t<meta name=\"twitter:data1\" content=\"2 minutter\" \/>\n<script type=\"application\/ld+json\" class=\"yoast-schema-graph\">{\"@context\":\"https:\/\/schema.org\",\"@graph\":[{\"@type\":\"WebPage\",\"@id\":\"https:\/\/pistonaddict.com\/da\/product\/bmw-m4\/\",\"url\":\"https:\/\/pistonaddict.com\/da\/product\/bmw-m4\/\",\"name\":\"auktion - Piston Addict\",\"isPartOf\":{\"@id\":\"https:\/\/pistonaddict.com\/da\/#website\"},\"primaryImageOfPage\":{\"@id\":\"https:\/\/pistonaddict.com\/da\/product\/bmw-m4\/#primaryimage\"},\"image\":{\"@id\":\"https:\/\/pistonaddict.com\/da\/product\/bmw-m4\/#primaryimage\"},\"thumbnailUrl\":\"https:\/\/pistonaddict.com\/wp-content\/uploads\/2023\/04\/LuxurycarLondonApril11PistonAddict_0647-scaled.jpg\",\"datePublished\":\"2023-04-19T13:45:16+00:00\",\"dateModified\":\"2024-03-19T16:51:17+00:00\",\"description\":\"Se denne BMW M4 til auktionssalg p\u00e5 PistonAddict.com med automatisk transmission og kun 2053 miles.\",\"breadcrumb\":{\"@id\":\"https:\/\/pistonaddict.com\/da\/product\/bmw-m4\/#breadcrumb\"},\"inLanguage\":\"da-DK\",\"potentialAction\":[{\"@type\":\"ReadAction\",\"target\":[\"https:\/\/pistonaddict.com\/da\/product\/bmw-m4\/\"]}]},{\"@type\":\"ImageObject\",\"inLanguage\":\"da-DK\",\"@id\":\"https:\/\/pistonaddict.com\/da\/product\/bmw-m4\/#primaryimage\",\"url\":\"https:\/\/pistonaddict.com\/wp-content\/uploads\/2023\/04\/LuxurycarLondonApril11PistonAddict_0647-scaled.jpg\",\"contentUrl\":\"https:\/\/pistonaddict.com\/wp-content\/uploads\/2023\/04\/LuxurycarLondonApril11PistonAddict_0647-scaled.jpg\",\"width\":2560,\"height\":1708},{\"@type\":\"BreadcrumbList\",\"@id\":\"https:\/\/pistonaddict.com\/da\/product\/bmw-m4\/#breadcrumb\",\"itemListElement\":[{\"@type\":\"ListItem\",\"position\":1,\"name\":\"Hjemmeside\",\"item\":\"https:\/\/pistonaddict.com\/da\/hjemmeside-2\/\"},{\"@type\":\"ListItem\",\"position\":2,\"name\":\"Auctions\",\"item\":\"https:\/\/pistonaddict.com\/auctions-listing\/\"},{\"@type\":\"ListItem\",\"position\":3,\"name\":\"BMW M4\"}]},{\"@type\":\"WebSite\",\"@id\":\"https:\/\/pistonaddict.com\/da\/#website\",\"url\":\"https:\/\/pistonaddict.com\/da\/\",\"name\":\"Piston Addict\",\"description\":\"Only interesting vehicles\",\"publisher\":{\"@id\":\"https:\/\/pistonaddict.com\/da\/#organization\"},\"potentialAction\":[{\"@type\":\"SearchAction\",\"target\":{\"@type\":\"EntryPoint\",\"urlTemplate\":\"https:\/\/pistonaddict.com\/da\/?s={search_term_string}\"},\"query-input\":\"required name=search_term_string\"}],\"inLanguage\":\"da-DK\"},{\"@type\":\"Organization\",\"@id\":\"https:\/\/pistonaddict.com\/da\/#organization\",\"name\":\"Piston Addict\",\"url\":\"https:\/\/pistonaddict.com\/da\/\",\"logo\":{\"@type\":\"ImageObject\",\"inLanguage\":\"da-DK\",\"@id\":\"https:\/\/pistonaddict.com\/da\/#\/schema\/logo\/image\/\",\"url\":\"https:\/\/pistonaddict.com\/wp-content\/uploads\/2022\/07\/logo-6.png\",\"contentUrl\":\"https:\/\/pistonaddict.com\/wp-content\/uploads\/2022\/07\/logo-6.png\",\"width\":970,\"height\":200,\"caption\":\"Piston Addict\"},\"image\":{\"@id\":\"https:\/\/pistonaddict.com\/da\/#\/schema\/logo\/image\/\"}}]}<\/script>\n<!-- \/ Yoast SEO plugin. -->","yoast_head_json":{"title":"auktion - Piston Addict","description":"Se denne BMW M4 til auktionssalg p\u00e5 PistonAddict.com med automatisk transmission og kun 2053 miles.","robots":{"index":"index","follow":"follow","max-snippet":"max-snippet:-1","max-image-preview":"max-image-preview:large","max-video-preview":"max-video-preview:-1"},"canonical":"https:\/\/pistonaddict.com\/da\/product\/bmw-m4\/","og_locale":"da_DK","og_type":"article","og_title":"auktion - Piston Addict","og_description":"Se denne BMW M4 til auktionssalg p\u00e5 PistonAddict.com med automatisk transmission og kun 2053 miles.","og_url":"https:\/\/pistonaddict.com\/da\/product\/bmw-m4\/","og_site_name":"Piston Addict","article_modified_time":"2024-03-19T16:51:17+00:00","og_image":[{"width":2560,"height":1708,"url":"https:\/\/pistonaddict.com\/wp-content\/uploads\/2023\/04\/LuxurycarLondonApril11PistonAddict_0647-scaled.jpg","type":"image\/jpeg"}],"twitter_card":"summary_large_image","twitter_misc":{"Estimeret l\u00e6setid":"2 minutter"},"schema":{"@context":"https:\/\/schema.org","@graph":[{"@type":"WebPage","@id":"https:\/\/pistonaddict.com\/da\/product\/bmw-m4\/","url":"https:\/\/pistonaddict.com\/da\/product\/bmw-m4\/","name":"auktion - Piston Addict","isPartOf":{"@id":"https:\/\/pistonaddict.com\/da\/#website"},"primaryImageOfPage":{"@id":"https:\/\/pistonaddict.com\/da\/product\/bmw-m4\/#primaryimage"},"image":{"@id":"https:\/\/pistonaddict.com\/da\/product\/bmw-m4\/#primaryimage"},"thumbnailUrl":"https:\/\/pistonaddict.com\/wp-content\/uploads\/2023\/04\/LuxurycarLondonApril11PistonAddict_0647-scaled.jpg","datePublished":"2023-04-19T13:45:16+00:00","dateModified":"2024-03-19T16:51:17+00:00","description":"Se denne BMW M4 til auktionssalg p\u00e5 PistonAddict.com med automatisk transmission og kun 2053 miles.","breadcrumb":{"@id":"https:\/\/pistonaddict.com\/da\/product\/bmw-m4\/#breadcrumb"},"inLanguage":"da-DK","potentialAction":[{"@type":"ReadAction","target":["https:\/\/pistonaddict.com\/da\/product\/bmw-m4\/"]}]},{"@type":"ImageObject","inLanguage":"da-DK","@id":"https:\/\/pistonaddict.com\/da\/product\/bmw-m4\/#primaryimage","url":"https:\/\/pistonaddict.com\/wp-content\/uploads\/2023\/04\/LuxurycarLondonApril11PistonAddict_0647-scaled.jpg","contentUrl":"https:\/\/pistonaddict.com\/wp-content\/uploads\/2023\/04\/LuxurycarLondonApril11PistonAddict_0647-scaled.jpg","width":2560,"height":1708},{"@type":"BreadcrumbList","@id":"https:\/\/pistonaddict.com\/da\/product\/bmw-m4\/#breadcrumb","itemListElement":[{"@type":"ListItem","position":1,"name":"Hjemmeside","item":"https:\/\/pistonaddict.com\/da\/hjemmeside-2\/"},{"@type":"ListItem","position":2,"name":"Auctions","item":"https:\/\/pistonaddict.com\/auctions-listing\/"},{"@type":"ListItem","position":3,"name":"BMW M4"}]},{"@type":"WebSite","@id":"https:\/\/pistonaddict.com\/da\/#website","url":"https:\/\/pistonaddict.com\/da\/","name":"Piston Addict","description":"Only interesting vehicles","publisher":{"@id":"https:\/\/pistonaddict.com\/da\/#organization"},"potentialAction":[{"@type":"SearchAction","target":{"@type":"EntryPoint","urlTemplate":"https:\/\/pistonaddict.com\/da\/?s={search_term_string}"},"query-input":"required name=search_term_string"}],"inLanguage":"da-DK"},{"@type":"Organization","@id":"https:\/\/pistonaddict.com\/da\/#organization","name":"Piston Addict","url":"https:\/\/pistonaddict.com\/da\/","logo":{"@type":"ImageObject","inLanguage":"da-DK","@id":"https:\/\/pistonaddict.com\/da\/#\/schema\/logo\/image\/","url":"https:\/\/pistonaddict.com\/wp-content\/uploads\/2022\/07\/logo-6.png","contentUrl":"https:\/\/pistonaddict.com\/wp-content\/uploads\/2022\/07\/logo-6.png","width":970,"height":200,"caption":"Piston Addict"},"image":{"@id":"https:\/\/pistonaddict.com\/da\/#\/schema\/logo\/image\/"}}]}},"_links":{"self":[{"href":"https:\/\/pistonaddict.com\/da\/wp-json\/wp\/v2\/product\/35643"}],"collection":[{"href":"https:\/\/pistonaddict.com\/da\/wp-json\/wp\/v2\/product"}],"about":[{"href":"https:\/\/pistonaddict.com\/da\/wp-json\/wp\/v2\/types\/product"}],"replies":[{"embeddable":true,"href":"https:\/\/pistonaddict.com\/da\/wp-json\/wp\/v2\/comments?post=35643"}],"wp:featuredmedia":[{"embeddable":true,"href":"https:\/\/pistonaddict.com\/da\/wp-json\/wp\/v2\/media\/35425"}],"wp:attachment":[{"href":"https:\/\/pistonaddict.com\/da\/wp-json\/wp\/v2\/media?parent=35643"}],"wp:term":[{"taxonomy":"product_cat","embeddable":true,"href":"https:\/\/pistonaddict.com\/da\/wp-json\/wp\/v2\/product_cat?post=35643"},{"taxonomy":"product_tag","embeddable":true,"href":"https:\/\/pistonaddict.com\/da\/wp-json\/wp\/v2\/product_tag?post=35643"}],"curies":[{"name":"wp","href":"https:\/\/api.w.org\/{rel}","templated":true}]}}