{"id":34584,"date":"2023-04-19T15:06:28","date_gmt":"2023-04-19T13:06:28","guid":{"rendered":"https:\/\/pistonaddict.com\/product\/bentley-flying-spur\/"},"modified":"2024-03-19T17:48:22","modified_gmt":"2024-03-19T16:48:22","slug":"bentley-flying-spur","status":"publish","type":"product","link":"https:\/\/pistonaddict.com\/da\/product\/bentley-flying-spur\/","title":{"rendered":"Bentley Flying Spur"},"content":{"rendered":"<p><strong>Bilens historie<\/strong><\/p>\n<p>Denne Flying Spur er en af de f\u00f8rste biler af denne type, der leveres i slutningen af 2020 til kendte VIP Bentley-kunder. Bilen har kun \u00e9n ejer, og den har kun k\u00f8rt 8359 km. Denne Flying Spur er udf\u00f8rt i \u00f8nskv\u00e6rdig gr\u00f8n med matchende solbr\u00e6ndt skind og har f\u00e5et en sort udvendig trimpakke og er en First Edition-model. I Bentleys verden er First Edition-modeller altid de mest eftertragtede p\u00e5 grund af specifikke og unikke farvevalg, fine detaljer og udstyr, som ofte er ekstraudstyr p\u00e5 standardbiler.<\/p>\n<p><strong>Bilens tilstand<\/strong><\/p>\n<p>Som en af de h\u00f8jeste Bentley Flying Spurs-specifikationer k\u00f8bte den oprindelige og nuv\u00e6rende ejer ikke kun First Edition-pakken, men tilf\u00f8jede ogs\u00e5 adskillige funktioner og udstyr til den i forvejen imponerende specifikationsliste. Den valgfrie 6,0-liters W12-motor yder 626 hk og kan sende denne superluksussedan ud p\u00e5 imponerende 3,5 sekunder fra 0 til 100 km\/t. Hvad der er endnu mere fascinerende er topfarten, og hvis du befinder dig p\u00e5 en del af Autobahn uden restriktioner, kan du n\u00e5 333 km\/t! Vi er sikre p\u00e5, at selv ved den hastighed vil denne Flying Spur v\u00e6re stabil og komfortabel.<\/p>\n<p><strong>Udvendigt og hjul<\/strong><\/p>\n<p>P\u00e5 grund af omhyggelig vedligeholdelse, en klimakontrolleret garage og f\u00e5 kilometer s\u00e6lges denne Flying Spur med perfekt stand, ingen skader p\u00e5 ydersiden (eller interi\u00f8ret) og med de originale hjul. En af de sm\u00e5, men interessante detaljer er det sorte tag, der passer perfekt til den sorte udvendige bekl\u00e6dning og yderligere fremh\u00e6ver den sportslige karakter af denne elegante sedan.<\/p>\n<p><strong>Interi\u00f8r<\/strong><\/p>\n<p>En af de mest fascinerende dele af denne bil er interi\u00f8ret. Denne Flying Spur er designet som den perfekte blanding af moderne teknologi og klassisk luksus og er bekl\u00e6dt med \u00f8nskeligt solbr\u00e6ndt skind med kontrasterende gr\u00f8nt l\u00e6der og tr\u00e6indl\u00e6g. Den er fyldt med alle former for komfort, og den beskyttende folie kan findes p\u00e5 nogle kromdele, hvilket viser, at denne bil n\u00e6sten ikke er blevet brugt.<\/p>\n<p><strong>Dokumentation<\/strong><\/p>\n<p>Der er tale om et privatejet k\u00f8ret\u00f8j med beh\u00f8rig dokumentation, som befinder sig i London, Storbritannien. CarVertical-rapporten er ren; der findes ingen beviser for ulykker, reparationer eller juridiske problemer. Der er dokumentation for regelm\u00e6ssig vedligeholdelse.<\/p>\n","protected":false},"excerpt":{"rendered":"<p>Ligesom mange af sine konkurrenter vil Bentley i den n\u00e6rmeste fremtid udvikle EV-modeller. Det betyder, at dette kan v\u00e6re sidste chance for at erhverve en majest\u00e6tisk luksusbil med ICE-drift som denne Flying Spur i en meget \u00f8nskv\u00e6rdig specifikation og i ny stand. Denne bil er drevet af den karakteristiske W12-motor og er et unikt eksemplar, der er perfekt til kr\u00e6sne Bentley-kyndige kendere.<\/p>\n","protected":false},"featured_media":34080,"comment_status":"open","ping_status":"closed","template":"","meta":{"inline_featured_image":false},"product_cat":[701],"product_tag":[1312,903,1303,1307],"acf":[],"yoast_head":"<!-- This site is optimized with the Yoast SEO plugin v22.5 - https:\/\/yoast.com\/wordpress\/plugins\/seo\/ -->\n<title>auktion - Piston Addict<\/title>\n<meta name=\"description\" content=\"Se denne Bentley Flying Spur til auktionssalg p\u00e5 PistonAddict.com med automatgear og kun 8359 km.\" \/>\n<meta name=\"robots\" content=\"index, follow, max-snippet:-1, max-image-preview:large, max-video-preview:-1\" \/>\n<link rel=\"canonical\" href=\"https:\/\/pistonaddict.com\/da\/product\/bentley-flying-spur\/\" \/>\n<meta property=\"og:locale\" content=\"da_DK\" \/>\n<meta property=\"og:type\" content=\"article\" \/>\n<meta property=\"og:title\" content=\"auktion - Piston Addict\" \/>\n<meta property=\"og:description\" content=\"Se denne Bentley Flying Spur til auktionssalg p\u00e5 PistonAddict.com med automatgear og kun 8359 km.\" \/>\n<meta property=\"og:url\" content=\"https:\/\/pistonaddict.com\/da\/product\/bentley-flying-spur\/\" \/>\n<meta property=\"og:site_name\" content=\"Piston Addict\" \/>\n<meta property=\"article:modified_time\" content=\"2024-03-19T16:48:22+00:00\" \/>\n<meta property=\"og:image\" content=\"https:\/\/pistonaddict.com\/wp-content\/uploads\/2023\/04\/LuxurycarLondonApril11PistonAddict_0433-scaled.jpg\" \/>\n\t<meta property=\"og:image:width\" content=\"2560\" \/>\n\t<meta property=\"og:image:height\" content=\"1505\" \/>\n\t<meta property=\"og:image:type\" content=\"image\/jpeg\" \/>\n<meta name=\"twitter:card\" content=\"summary_large_image\" \/>\n<meta name=\"twitter:label1\" content=\"Estimeret l\u00e6setid\" \/>\n\t<meta name=\"twitter:data1\" content=\"2 minutter\" \/>\n<script type=\"application\/ld+json\" class=\"yoast-schema-graph\">{\"@context\":\"https:\/\/schema.org\",\"@graph\":[{\"@type\":\"WebPage\",\"@id\":\"https:\/\/pistonaddict.com\/da\/product\/bentley-flying-spur\/\",\"url\":\"https:\/\/pistonaddict.com\/da\/product\/bentley-flying-spur\/\",\"name\":\"auktion - Piston Addict\",\"isPartOf\":{\"@id\":\"https:\/\/pistonaddict.com\/da\/#website\"},\"primaryImageOfPage\":{\"@id\":\"https:\/\/pistonaddict.com\/da\/product\/bentley-flying-spur\/#primaryimage\"},\"image\":{\"@id\":\"https:\/\/pistonaddict.com\/da\/product\/bentley-flying-spur\/#primaryimage\"},\"thumbnailUrl\":\"https:\/\/pistonaddict.com\/wp-content\/uploads\/2023\/04\/LuxurycarLondonApril11PistonAddict_0433-scaled.jpg\",\"datePublished\":\"2023-04-19T13:06:28+00:00\",\"dateModified\":\"2024-03-19T16:48:22+00:00\",\"description\":\"Se denne Bentley Flying Spur til auktionssalg p\u00e5 PistonAddict.com med automatgear og kun 8359 km.\",\"breadcrumb\":{\"@id\":\"https:\/\/pistonaddict.com\/da\/product\/bentley-flying-spur\/#breadcrumb\"},\"inLanguage\":\"da-DK\",\"potentialAction\":[{\"@type\":\"ReadAction\",\"target\":[\"https:\/\/pistonaddict.com\/da\/product\/bentley-flying-spur\/\"]}]},{\"@type\":\"ImageObject\",\"inLanguage\":\"da-DK\",\"@id\":\"https:\/\/pistonaddict.com\/da\/product\/bentley-flying-spur\/#primaryimage\",\"url\":\"https:\/\/pistonaddict.com\/wp-content\/uploads\/2023\/04\/LuxurycarLondonApril11PistonAddict_0433-scaled.jpg\",\"contentUrl\":\"https:\/\/pistonaddict.com\/wp-content\/uploads\/2023\/04\/LuxurycarLondonApril11PistonAddict_0433-scaled.jpg\",\"width\":2560,\"height\":1505},{\"@type\":\"BreadcrumbList\",\"@id\":\"https:\/\/pistonaddict.com\/da\/product\/bentley-flying-spur\/#breadcrumb\",\"itemListElement\":[{\"@type\":\"ListItem\",\"position\":1,\"name\":\"Hjemmeside\",\"item\":\"https:\/\/pistonaddict.com\/da\/hjemmeside-2\/\"},{\"@type\":\"ListItem\",\"position\":2,\"name\":\"Auctions\",\"item\":\"https:\/\/pistonaddict.com\/auctions-listing\/\"},{\"@type\":\"ListItem\",\"position\":3,\"name\":\"Bentley Flying Spur\"}]},{\"@type\":\"WebSite\",\"@id\":\"https:\/\/pistonaddict.com\/da\/#website\",\"url\":\"https:\/\/pistonaddict.com\/da\/\",\"name\":\"Piston Addict\",\"description\":\"Only interesting vehicles\",\"publisher\":{\"@id\":\"https:\/\/pistonaddict.com\/da\/#organization\"},\"potentialAction\":[{\"@type\":\"SearchAction\",\"target\":{\"@type\":\"EntryPoint\",\"urlTemplate\":\"https:\/\/pistonaddict.com\/da\/?s={search_term_string}\"},\"query-input\":\"required name=search_term_string\"}],\"inLanguage\":\"da-DK\"},{\"@type\":\"Organization\",\"@id\":\"https:\/\/pistonaddict.com\/da\/#organization\",\"name\":\"Piston Addict\",\"url\":\"https:\/\/pistonaddict.com\/da\/\",\"logo\":{\"@type\":\"ImageObject\",\"inLanguage\":\"da-DK\",\"@id\":\"https:\/\/pistonaddict.com\/da\/#\/schema\/logo\/image\/\",\"url\":\"https:\/\/pistonaddict.com\/wp-content\/uploads\/2022\/07\/logo-6.png\",\"contentUrl\":\"https:\/\/pistonaddict.com\/wp-content\/uploads\/2022\/07\/logo-6.png\",\"width\":970,\"height\":200,\"caption\":\"Piston Addict\"},\"image\":{\"@id\":\"https:\/\/pistonaddict.com\/da\/#\/schema\/logo\/image\/\"}}]}<\/script>\n<!-- \/ Yoast SEO plugin. -->","yoast_head_json":{"title":"auktion - Piston Addict","description":"Se denne Bentley Flying Spur til auktionssalg p\u00e5 PistonAddict.com med automatgear og kun 8359 km.","robots":{"index":"index","follow":"follow","max-snippet":"max-snippet:-1","max-image-preview":"max-image-preview:large","max-video-preview":"max-video-preview:-1"},"canonical":"https:\/\/pistonaddict.com\/da\/product\/bentley-flying-spur\/","og_locale":"da_DK","og_type":"article","og_title":"auktion - Piston Addict","og_description":"Se denne Bentley Flying Spur til auktionssalg p\u00e5 PistonAddict.com med automatgear og kun 8359 km.","og_url":"https:\/\/pistonaddict.com\/da\/product\/bentley-flying-spur\/","og_site_name":"Piston Addict","article_modified_time":"2024-03-19T16:48:22+00:00","og_image":[{"width":2560,"height":1505,"url":"https:\/\/pistonaddict.com\/wp-content\/uploads\/2023\/04\/LuxurycarLondonApril11PistonAddict_0433-scaled.jpg","type":"image\/jpeg"}],"twitter_card":"summary_large_image","twitter_misc":{"Estimeret l\u00e6setid":"2 minutter"},"schema":{"@context":"https:\/\/schema.org","@graph":[{"@type":"WebPage","@id":"https:\/\/pistonaddict.com\/da\/product\/bentley-flying-spur\/","url":"https:\/\/pistonaddict.com\/da\/product\/bentley-flying-spur\/","name":"auktion - Piston Addict","isPartOf":{"@id":"https:\/\/pistonaddict.com\/da\/#website"},"primaryImageOfPage":{"@id":"https:\/\/pistonaddict.com\/da\/product\/bentley-flying-spur\/#primaryimage"},"image":{"@id":"https:\/\/pistonaddict.com\/da\/product\/bentley-flying-spur\/#primaryimage"},"thumbnailUrl":"https:\/\/pistonaddict.com\/wp-content\/uploads\/2023\/04\/LuxurycarLondonApril11PistonAddict_0433-scaled.jpg","datePublished":"2023-04-19T13:06:28+00:00","dateModified":"2024-03-19T16:48:22+00:00","description":"Se denne Bentley Flying Spur til auktionssalg p\u00e5 PistonAddict.com med automatgear og kun 8359 km.","breadcrumb":{"@id":"https:\/\/pistonaddict.com\/da\/product\/bentley-flying-spur\/#breadcrumb"},"inLanguage":"da-DK","potentialAction":[{"@type":"ReadAction","target":["https:\/\/pistonaddict.com\/da\/product\/bentley-flying-spur\/"]}]},{"@type":"ImageObject","inLanguage":"da-DK","@id":"https:\/\/pistonaddict.com\/da\/product\/bentley-flying-spur\/#primaryimage","url":"https:\/\/pistonaddict.com\/wp-content\/uploads\/2023\/04\/LuxurycarLondonApril11PistonAddict_0433-scaled.jpg","contentUrl":"https:\/\/pistonaddict.com\/wp-content\/uploads\/2023\/04\/LuxurycarLondonApril11PistonAddict_0433-scaled.jpg","width":2560,"height":1505},{"@type":"BreadcrumbList","@id":"https:\/\/pistonaddict.com\/da\/product\/bentley-flying-spur\/#breadcrumb","itemListElement":[{"@type":"ListItem","position":1,"name":"Hjemmeside","item":"https:\/\/pistonaddict.com\/da\/hjemmeside-2\/"},{"@type":"ListItem","position":2,"name":"Auctions","item":"https:\/\/pistonaddict.com\/auctions-listing\/"},{"@type":"ListItem","position":3,"name":"Bentley Flying Spur"}]},{"@type":"WebSite","@id":"https:\/\/pistonaddict.com\/da\/#website","url":"https:\/\/pistonaddict.com\/da\/","name":"Piston Addict","description":"Only interesting vehicles","publisher":{"@id":"https:\/\/pistonaddict.com\/da\/#organization"},"potentialAction":[{"@type":"SearchAction","target":{"@type":"EntryPoint","urlTemplate":"https:\/\/pistonaddict.com\/da\/?s={search_term_string}"},"query-input":"required name=search_term_string"}],"inLanguage":"da-DK"},{"@type":"Organization","@id":"https:\/\/pistonaddict.com\/da\/#organization","name":"Piston Addict","url":"https:\/\/pistonaddict.com\/da\/","logo":{"@type":"ImageObject","inLanguage":"da-DK","@id":"https:\/\/pistonaddict.com\/da\/#\/schema\/logo\/image\/","url":"https:\/\/pistonaddict.com\/wp-content\/uploads\/2022\/07\/logo-6.png","contentUrl":"https:\/\/pistonaddict.com\/wp-content\/uploads\/2022\/07\/logo-6.png","width":970,"height":200,"caption":"Piston Addict"},"image":{"@id":"https:\/\/pistonaddict.com\/da\/#\/schema\/logo\/image\/"}}]}},"_links":{"self":[{"href":"https:\/\/pistonaddict.com\/da\/wp-json\/wp\/v2\/product\/34584"}],"collection":[{"href":"https:\/\/pistonaddict.com\/da\/wp-json\/wp\/v2\/product"}],"about":[{"href":"https:\/\/pistonaddict.com\/da\/wp-json\/wp\/v2\/types\/product"}],"replies":[{"embeddable":true,"href":"https:\/\/pistonaddict.com\/da\/wp-json\/wp\/v2\/comments?post=34584"}],"wp:featuredmedia":[{"embeddable":true,"href":"https:\/\/pistonaddict.com\/da\/wp-json\/wp\/v2\/media\/34080"}],"wp:attachment":[{"href":"https:\/\/pistonaddict.com\/da\/wp-json\/wp\/v2\/media?parent=34584"}],"wp:term":[{"taxonomy":"product_cat","embeddable":true,"href":"https:\/\/pistonaddict.com\/da\/wp-json\/wp\/v2\/product_cat?post=34584"},{"taxonomy":"product_tag","embeddable":true,"href":"https:\/\/pistonaddict.com\/da\/wp-json\/wp\/v2\/product_tag?post=34584"}],"curies":[{"name":"wp","href":"https:\/\/api.w.org\/{rel}","templated":true}]}}