{"id":34030,"date":"2023-04-19T10:37:02","date_gmt":"2023-04-19T08:37:02","guid":{"rendered":"https:\/\/pistonaddict.com\/product\/porsche-gt3-touring\/"},"modified":"2024-03-19T17:27:12","modified_gmt":"2024-03-19T16:27:12","slug":"porsche-gt3-touring","status":"publish","type":"product","link":"https:\/\/pistonaddict.com\/da\/product\/porsche-gt3-touring\/","title":{"rendered":"Porsche GT3 Touring"},"content":{"rendered":"<h2>Udvendig<\/h2>\n<p>Udvendigt har denne gr\u00e5 Touring-model de fleste designdetaljer til f\u00e6lles med 911 RS3, som den er baseret p\u00e5. Dette omfatter Xenon-forlygter med LED-halos, store luftindtag foran og bredere karrosseripaneler og kofangere. Men der, hvor de to biler adskiller sig fra hinanden, er den massive vinge bagp\u00e5, eller det tilsyneladende frav\u00e6r af den, p\u00e5 Touring-modellen. I stedet har denne model en udtr\u00e6kkelig bagspoiler, der kan foldes ud ved 75 MPH for at give ekstra downforce. Spoileren er dog trukket tilbage og flugter med bilens silhuet ved lave hastigheder, hvilket giver den et slankt og str\u00f8mlinet udseende. Denne Porsche har fabriksmonterede 19-tommer f\u00e6lge og Dunlop Sport Maxx Race 2-d\u00e6k, som passer perfekt til den.<\/p>\n<h2>Interi\u00f8r<\/h2>\n<p>Indvendigt har denne Porsche et par letv\u00e6gtsskuffels\u00e6der i sort l\u00e6der med m\u00f8rkegr\u00e5 stofindl\u00e6g. De gule sikkerhedsseler er en fin detalje, der giver interi\u00f8ret et mere levende udseende. I mods\u00e6tning til den <em>almindelige<\/em> 911 er der ingen s\u00e6der bagi. Indenfor finder f\u00f8reren et trespaltet l\u00e6derrat med tre spidser og Porsche&#8217;s karakteristiske instrumentgruppe bag det. Dette omfatter en centermonteret omdrejningst\u00e6ller, der g\u00e5r op til 10.000 omdrejninger pr. minut, et speedometer og flere andre m\u00e5lere. Konsollen i midten er domineret af en stor touchscreen med integreret stereoanl\u00e6g, sk\u00e6rm med bakkamera og navigation. Endelig har denne Porsche ligesom de fleste andre GT3-modeller et stopur \u00f8verst p\u00e5 instrumentbr\u00e6ttet, hvilket er nyttigt, n\u00e5r du k\u00f8rer omgange med tidtagning.<\/p>\n<h2>Mekanik<\/h2>\n<p>Selv om denne Touring er en model, der virker som en afslappet model, er den stadig en del af den prestigefyldte GT3-serie. Det betyder, at den har den samme 4,0-liters flad seksmotor med naturlig optr\u00e6k, der udvikler 500 hestekr\u00e6fter og et drejningsmoment p\u00e5 469 Nm. Men i mods\u00e6tning til de fleste GT3-modeller, der bruger automatiske automatgear med dobbeltkobling, har denne bil en mere traditionel sekstrins manuel gearkasse med seks gear. Kraften sendes til baghjulene via et sp\u00e6rredifferentiale, som forbedrer tr\u00e6kket, is\u00e6r p\u00e5 glat vej. Med alt dette accelererer denne Porsche fra 0 til 60 p\u00e5 kun 3,4 sekunder og har en topfart p\u00e5 196 MPH. Og n\u00e5r den skal standse, s\u00f8rger de enorme bremser for, at det sker p\u00e5 kortest mulig afstand.<\/p>\n<h2>K\u00f8ret\u00f8jets historie<\/h2>\n<p>Denne 911 GT3 Touring blev skr\u00e6ddersyet af Porsche til en af deres VIP-kunder, som bestilte den som en del af en st\u00f8rre samling. Selv om den befinder sig i Storbritannien, er der tale om en model med venstrek\u00f8rsel og nummerplader fra Luxembourg. Den fik sit sidste serviceeftersyn for blot et par m\u00e5neder siden, i februar, og er nu helt klar til at k\u00f8re p\u00e5 landevejen.<\/p>\n","protected":false},"excerpt":{"rendered":"<p>Denne Porsche 911 GT3 Touring er perfekt til dig, der leder efter en elegant og smidig bil, der kan levere en bl\u00e6ret ydeevne. Selv om den m\u00e5ske ser diskret &#8211; eller endda diskret &#8211; udvendigt, er denne 2-d\u00f8rs coup\u00e9 en \u00e6gte fuldblods racerbil nedenunder. Og som s\u00e5dan er den lige s\u00e5 god, n\u00e5r du k\u00f8rer p\u00e5 motorvejen som n\u00e5r du k\u00f8rer p\u00e5 banen. Denne Porsche er fremstillet i 2018 som en af de sidste biler i 991.2-serien og har kun k\u00f8rt 1.400 km. Desuden siger s\u00e6lgeren, at den for nylig er blevet serviceret og beskriver den <em>som ny<\/em>.<\/p>\n","protected":false},"featured_media":33481,"comment_status":"open","ping_status":"closed","template":"","meta":{"inline_featured_image":false},"product_cat":[701],"product_tag":[1273,903,1146,802],"acf":[],"yoast_head":"<!-- This site is optimized with the Yoast SEO plugin v22.5 - https:\/\/yoast.com\/wordpress\/plugins\/seo\/ -->\n<title>auktion - Piston Addict<\/title>\n<meta name=\"description\" content=\"Tjek denne Porsche GT3 Touring til auktionssalg p\u00e5 PistonAddict.com med automatisk transmission og kun 1414 miles.\" \/>\n<meta name=\"robots\" content=\"index, follow, max-snippet:-1, max-image-preview:large, max-video-preview:-1\" \/>\n<link rel=\"canonical\" href=\"https:\/\/pistonaddict.com\/da\/product\/porsche-gt3-touring\/\" \/>\n<meta property=\"og:locale\" content=\"da_DK\" \/>\n<meta property=\"og:type\" content=\"article\" \/>\n<meta property=\"og:title\" content=\"auktion - Piston Addict\" \/>\n<meta property=\"og:description\" content=\"Tjek denne Porsche GT3 Touring til auktionssalg p\u00e5 PistonAddict.com med automatisk transmission og kun 1414 miles.\" \/>\n<meta property=\"og:url\" content=\"https:\/\/pistonaddict.com\/da\/product\/porsche-gt3-touring\/\" \/>\n<meta property=\"og:site_name\" content=\"Piston Addict\" \/>\n<meta property=\"article:modified_time\" content=\"2024-03-19T16:27:12+00:00\" \/>\n<meta property=\"og:image\" content=\"https:\/\/pistonaddict.com\/wp-content\/uploads\/2023\/04\/LuxurycarLondonApril11PistonAddict_0868-2-scaled.jpg\" \/>\n\t<meta property=\"og:image:width\" content=\"2560\" \/>\n\t<meta property=\"og:image:height\" content=\"1673\" \/>\n\t<meta property=\"og:image:type\" content=\"image\/jpeg\" \/>\n<meta name=\"twitter:card\" content=\"summary_large_image\" \/>\n<meta name=\"twitter:label1\" content=\"Estimeret l\u00e6setid\" \/>\n\t<meta name=\"twitter:data1\" content=\"2 minutter\" \/>\n<script type=\"application\/ld+json\" class=\"yoast-schema-graph\">{\"@context\":\"https:\/\/schema.org\",\"@graph\":[{\"@type\":\"WebPage\",\"@id\":\"https:\/\/pistonaddict.com\/da\/product\/porsche-gt3-touring\/\",\"url\":\"https:\/\/pistonaddict.com\/da\/product\/porsche-gt3-touring\/\",\"name\":\"auktion - Piston Addict\",\"isPartOf\":{\"@id\":\"https:\/\/pistonaddict.com\/da\/#website\"},\"primaryImageOfPage\":{\"@id\":\"https:\/\/pistonaddict.com\/da\/product\/porsche-gt3-touring\/#primaryimage\"},\"image\":{\"@id\":\"https:\/\/pistonaddict.com\/da\/product\/porsche-gt3-touring\/#primaryimage\"},\"thumbnailUrl\":\"https:\/\/pistonaddict.com\/wp-content\/uploads\/2023\/04\/LuxurycarLondonApril11PistonAddict_0868-2-scaled.jpg\",\"datePublished\":\"2023-04-19T08:37:02+00:00\",\"dateModified\":\"2024-03-19T16:27:12+00:00\",\"description\":\"Tjek denne Porsche GT3 Touring til auktionssalg p\u00e5 PistonAddict.com med automatisk transmission og kun 1414 miles.\",\"breadcrumb\":{\"@id\":\"https:\/\/pistonaddict.com\/da\/product\/porsche-gt3-touring\/#breadcrumb\"},\"inLanguage\":\"da-DK\",\"potentialAction\":[{\"@type\":\"ReadAction\",\"target\":[\"https:\/\/pistonaddict.com\/da\/product\/porsche-gt3-touring\/\"]}]},{\"@type\":\"ImageObject\",\"inLanguage\":\"da-DK\",\"@id\":\"https:\/\/pistonaddict.com\/da\/product\/porsche-gt3-touring\/#primaryimage\",\"url\":\"https:\/\/pistonaddict.com\/wp-content\/uploads\/2023\/04\/LuxurycarLondonApril11PistonAddict_0868-2-scaled.jpg\",\"contentUrl\":\"https:\/\/pistonaddict.com\/wp-content\/uploads\/2023\/04\/LuxurycarLondonApril11PistonAddict_0868-2-scaled.jpg\",\"width\":2560,\"height\":1673},{\"@type\":\"BreadcrumbList\",\"@id\":\"https:\/\/pistonaddict.com\/da\/product\/porsche-gt3-touring\/#breadcrumb\",\"itemListElement\":[{\"@type\":\"ListItem\",\"position\":1,\"name\":\"Hjemmeside\",\"item\":\"https:\/\/pistonaddict.com\/da\/hjemmeside-2\/\"},{\"@type\":\"ListItem\",\"position\":2,\"name\":\"Auctions\",\"item\":\"https:\/\/pistonaddict.com\/auctions-listing\/\"},{\"@type\":\"ListItem\",\"position\":3,\"name\":\"Porsche GT3 Touring\"}]},{\"@type\":\"WebSite\",\"@id\":\"https:\/\/pistonaddict.com\/da\/#website\",\"url\":\"https:\/\/pistonaddict.com\/da\/\",\"name\":\"Piston Addict\",\"description\":\"Only interesting vehicles\",\"publisher\":{\"@id\":\"https:\/\/pistonaddict.com\/da\/#organization\"},\"potentialAction\":[{\"@type\":\"SearchAction\",\"target\":{\"@type\":\"EntryPoint\",\"urlTemplate\":\"https:\/\/pistonaddict.com\/da\/?s={search_term_string}\"},\"query-input\":\"required name=search_term_string\"}],\"inLanguage\":\"da-DK\"},{\"@type\":\"Organization\",\"@id\":\"https:\/\/pistonaddict.com\/da\/#organization\",\"name\":\"Piston Addict\",\"url\":\"https:\/\/pistonaddict.com\/da\/\",\"logo\":{\"@type\":\"ImageObject\",\"inLanguage\":\"da-DK\",\"@id\":\"https:\/\/pistonaddict.com\/da\/#\/schema\/logo\/image\/\",\"url\":\"https:\/\/pistonaddict.com\/wp-content\/uploads\/2022\/07\/logo-6.png\",\"contentUrl\":\"https:\/\/pistonaddict.com\/wp-content\/uploads\/2022\/07\/logo-6.png\",\"width\":970,\"height\":200,\"caption\":\"Piston Addict\"},\"image\":{\"@id\":\"https:\/\/pistonaddict.com\/da\/#\/schema\/logo\/image\/\"}}]}<\/script>\n<!-- \/ Yoast SEO plugin. -->","yoast_head_json":{"title":"auktion - Piston Addict","description":"Tjek denne Porsche GT3 Touring til auktionssalg p\u00e5 PistonAddict.com med automatisk transmission og kun 1414 miles.","robots":{"index":"index","follow":"follow","max-snippet":"max-snippet:-1","max-image-preview":"max-image-preview:large","max-video-preview":"max-video-preview:-1"},"canonical":"https:\/\/pistonaddict.com\/da\/product\/porsche-gt3-touring\/","og_locale":"da_DK","og_type":"article","og_title":"auktion - Piston Addict","og_description":"Tjek denne Porsche GT3 Touring til auktionssalg p\u00e5 PistonAddict.com med automatisk transmission og kun 1414 miles.","og_url":"https:\/\/pistonaddict.com\/da\/product\/porsche-gt3-touring\/","og_site_name":"Piston Addict","article_modified_time":"2024-03-19T16:27:12+00:00","og_image":[{"width":2560,"height":1673,"url":"https:\/\/pistonaddict.com\/wp-content\/uploads\/2023\/04\/LuxurycarLondonApril11PistonAddict_0868-2-scaled.jpg","type":"image\/jpeg"}],"twitter_card":"summary_large_image","twitter_misc":{"Estimeret l\u00e6setid":"2 minutter"},"schema":{"@context":"https:\/\/schema.org","@graph":[{"@type":"WebPage","@id":"https:\/\/pistonaddict.com\/da\/product\/porsche-gt3-touring\/","url":"https:\/\/pistonaddict.com\/da\/product\/porsche-gt3-touring\/","name":"auktion - Piston Addict","isPartOf":{"@id":"https:\/\/pistonaddict.com\/da\/#website"},"primaryImageOfPage":{"@id":"https:\/\/pistonaddict.com\/da\/product\/porsche-gt3-touring\/#primaryimage"},"image":{"@id":"https:\/\/pistonaddict.com\/da\/product\/porsche-gt3-touring\/#primaryimage"},"thumbnailUrl":"https:\/\/pistonaddict.com\/wp-content\/uploads\/2023\/04\/LuxurycarLondonApril11PistonAddict_0868-2-scaled.jpg","datePublished":"2023-04-19T08:37:02+00:00","dateModified":"2024-03-19T16:27:12+00:00","description":"Tjek denne Porsche GT3 Touring til auktionssalg p\u00e5 PistonAddict.com med automatisk transmission og kun 1414 miles.","breadcrumb":{"@id":"https:\/\/pistonaddict.com\/da\/product\/porsche-gt3-touring\/#breadcrumb"},"inLanguage":"da-DK","potentialAction":[{"@type":"ReadAction","target":["https:\/\/pistonaddict.com\/da\/product\/porsche-gt3-touring\/"]}]},{"@type":"ImageObject","inLanguage":"da-DK","@id":"https:\/\/pistonaddict.com\/da\/product\/porsche-gt3-touring\/#primaryimage","url":"https:\/\/pistonaddict.com\/wp-content\/uploads\/2023\/04\/LuxurycarLondonApril11PistonAddict_0868-2-scaled.jpg","contentUrl":"https:\/\/pistonaddict.com\/wp-content\/uploads\/2023\/04\/LuxurycarLondonApril11PistonAddict_0868-2-scaled.jpg","width":2560,"height":1673},{"@type":"BreadcrumbList","@id":"https:\/\/pistonaddict.com\/da\/product\/porsche-gt3-touring\/#breadcrumb","itemListElement":[{"@type":"ListItem","position":1,"name":"Hjemmeside","item":"https:\/\/pistonaddict.com\/da\/hjemmeside-2\/"},{"@type":"ListItem","position":2,"name":"Auctions","item":"https:\/\/pistonaddict.com\/auctions-listing\/"},{"@type":"ListItem","position":3,"name":"Porsche GT3 Touring"}]},{"@type":"WebSite","@id":"https:\/\/pistonaddict.com\/da\/#website","url":"https:\/\/pistonaddict.com\/da\/","name":"Piston Addict","description":"Only interesting vehicles","publisher":{"@id":"https:\/\/pistonaddict.com\/da\/#organization"},"potentialAction":[{"@type":"SearchAction","target":{"@type":"EntryPoint","urlTemplate":"https:\/\/pistonaddict.com\/da\/?s={search_term_string}"},"query-input":"required name=search_term_string"}],"inLanguage":"da-DK"},{"@type":"Organization","@id":"https:\/\/pistonaddict.com\/da\/#organization","name":"Piston Addict","url":"https:\/\/pistonaddict.com\/da\/","logo":{"@type":"ImageObject","inLanguage":"da-DK","@id":"https:\/\/pistonaddict.com\/da\/#\/schema\/logo\/image\/","url":"https:\/\/pistonaddict.com\/wp-content\/uploads\/2022\/07\/logo-6.png","contentUrl":"https:\/\/pistonaddict.com\/wp-content\/uploads\/2022\/07\/logo-6.png","width":970,"height":200,"caption":"Piston Addict"},"image":{"@id":"https:\/\/pistonaddict.com\/da\/#\/schema\/logo\/image\/"}}]}},"_links":{"self":[{"href":"https:\/\/pistonaddict.com\/da\/wp-json\/wp\/v2\/product\/34030"}],"collection":[{"href":"https:\/\/pistonaddict.com\/da\/wp-json\/wp\/v2\/product"}],"about":[{"href":"https:\/\/pistonaddict.com\/da\/wp-json\/wp\/v2\/types\/product"}],"replies":[{"embeddable":true,"href":"https:\/\/pistonaddict.com\/da\/wp-json\/wp\/v2\/comments?post=34030"}],"wp:featuredmedia":[{"embeddable":true,"href":"https:\/\/pistonaddict.com\/da\/wp-json\/wp\/v2\/media\/33481"}],"wp:attachment":[{"href":"https:\/\/pistonaddict.com\/da\/wp-json\/wp\/v2\/media?parent=34030"}],"wp:term":[{"taxonomy":"product_cat","embeddable":true,"href":"https:\/\/pistonaddict.com\/da\/wp-json\/wp\/v2\/product_cat?post=34030"},{"taxonomy":"product_tag","embeddable":true,"href":"https:\/\/pistonaddict.com\/da\/wp-json\/wp\/v2\/product_tag?post=34030"}],"curies":[{"name":"wp","href":"https:\/\/api.w.org\/{rel}","templated":true}]}}