{"id":33348,"date":"2023-04-19T09:41:30","date_gmt":"2023-04-19T07:41:30","guid":{"rendered":"https:\/\/pistonaddict.com\/product\/jensen-interceptor\/"},"modified":"2024-03-19T17:47:59","modified_gmt":"2024-03-19T16:47:59","slug":"jensen-interceptor","status":"publish","type":"product","link":"https:\/\/pistonaddict.com\/da\/product\/jensen-interceptor\/","title":{"rendered":"Jensen Interceptor R Mk3"},"content":{"rendered":"<p><strong>Bilens historie<\/strong><\/p>\n<p>Denne Jensen Interceptor blev leveret til den oprindelige ejer tilbage i marts 1972. Den blev drevet af en massiv 440 CID Chrysler V8-motor med kun 280 hk p\u00e5 grund af de sk\u00e6rpede emissionsnormer p\u00e5 den tid. Mk3-modellerne (introduceret i 1971) var kendt for deres l\u00e6kre interi\u00f8r, lange liste over standardudstyr og smidige k\u00f8rselsdynamik. Men da de fleste Interceptors fortsatte med at leve deres liv som en del af samlinger af klassiske biler, fik dette eksemplar en omfattende makeover, en ny chance og en massiv effektopgradering. Den forvandler den fra en 70&#8217;er cruiser til en muskelmaskine fra det 21. \u00e5rhundrede, der er klar til at overraske Porsche-ejere p\u00e5 motorvejen. Det britiske firma JIR foretog en komplet ombygning og beholdt de oprindelige linjer, men opgraderede mekanikken i h\u00f8j grad.<\/p>\n<p><strong>Bilens tilstand<\/strong><\/p>\n<p>Med mindre end 10.000 miles siden den blev fuldst\u00e6ndig ombygget, er denne Jensen Interceptor R i perfekt stand overalt. Da dette er et godt eksempel p\u00e5 en vellykket restomod, er specifikationerne s\u00e6rligt interessante. Det kostede over 200.000 pund at bygge denne bil, s\u00e5 listen over modifikationer, specialkomponenter og unikke dele er omfattende. Netop denne Interceptor R betragtes som den mest udviklede Jensen i verden. Under motorhjelmen sidder en 6,2-liters V8 fra Corvette ZR1, som yder over 600 hk og sender kraften til baghjulene via en 6-trins automatgearkasse. En s\u00e5dan kraft kr\u00e6vede et s\u00e6t AP-bremser, en revideret affjedring og meget mere. Resultatet er en fantastisk maskine, der kan n\u00e5 100 km p\u00e5 lidt over 4 sekunder og k\u00f8re komfortabelt ved h\u00f8je hastigheder.<\/p>\n<p><strong>Interi\u00f8r<\/strong><\/p>\n<p>I interi\u00f8ret var det understatement, der var n\u00f8glen med klassisk instrumentbr\u00e6tlayout og trim, men med opgraderede s\u00e6der, teknologi og det fineste l\u00e6derindtr\u00e6k. Den bordeauxr\u00f8de farve passer perfekt til en tofarvet udvendig bekl\u00e6dning. Classic Jensen-ejere vil fort\u00e6lle dig, at disse biler havde vanskelig elektronik og ofte komplekse systemer, da de var nye. Heldigvis har dette eksemplar f\u00e5et en komplet makeover, moderne komponenter, funktioner, fungerende klimaanl\u00e6g og et f\u00f8rsteklasses lydsystem.<\/p>\n<p><strong>Udvendigt og hjul<\/strong><\/p>\n<p>Denne Interceptor R fra 1972 er f\u00e6rdig i en elegant tofarvet kombination og ser ret standard ud, men s\u00e5 snart du ser p\u00e5 detaljerne, vil du se, at den er alt andet end det. Hjulene er specialfremstillede og ligner meget det originale design, men er bredere og st\u00f8rre. Der blev tilf\u00f8jet en sideventilation for at hj\u00e6lpe med at k\u00f8le den kraftige motor ned, og der blev diskret tilf\u00f8jet en anden k\u00f8lergrill og forskellige badges. De, der ved en ting eller to om klassiske Interceptors, ved, at disse biler var rustf\u00f8lsomme, men dette eksemplar er efter alt det arbejde, der er blevet udf\u00f8rt, praktisk talt et nyt k\u00f8ret\u00f8j uden s\u00e5danne problemer.<\/p>\n<p><strong>  Dokumentation<\/strong><\/p>\n<p>Der er tale om et privatejet k\u00f8ret\u00f8j med beh\u00f8rig dokumentation, som befinder sig i London, Storbritannien. CarVertical-rapporten er ren; der findes ingen beviser for ulykker, reparationer eller juridiske problemer. Der er dokumentation for regelm\u00e6ssig vedligeholdelse. Fremtidige ejere vil gerne vide, at dette eksemplar er en ber\u00f8mthedsbil, der blev testet af den ber\u00f8mte Jeremy Clarkson og var med i Top Gear i 2011\/2012.<\/p>\n","protected":false},"excerpt":{"rendered":"<p>Selv om denne smukke Interceptor ser ret standard ud udefra, har den en sp\u00e6ndende hemmelighed. Kompressoropladet V8-motor med 600 hk og en jordsk\u00e6lvende ydeevne pakket ind i et af de smukkeste designs fra 70&#8217;erne. Dette er en rigtig britisk restomod GT med et amerikansk hjerte, der er klar til at overhale alt, hvad der st\u00e5r i vejen for den.<\/p>\n","protected":false},"featured_media":32663,"comment_status":"open","ping_status":"closed","template":"","meta":{"inline_featured_image":false},"product_cat":[701],"product_tag":[1250,903,1112,1109],"acf":[],"yoast_head":"<!-- This site is optimized with the Yoast SEO plugin v22.5 - https:\/\/yoast.com\/wordpress\/plugins\/seo\/ -->\n<title>auktion - Piston Addict<\/title>\n<meta name=\"description\" content=\"Se denne Jensen Interceptor R MK3 til auktionssalg p\u00e5 PistonAddict.com\" \/>\n<meta name=\"robots\" content=\"index, follow, max-snippet:-1, max-image-preview:large, max-video-preview:-1\" \/>\n<link rel=\"canonical\" href=\"https:\/\/pistonaddict.com\/da\/product\/jensen-interceptor\/\" \/>\n<meta property=\"og:locale\" content=\"da_DK\" \/>\n<meta property=\"og:type\" content=\"article\" \/>\n<meta property=\"og:title\" content=\"auktion - Piston Addict\" \/>\n<meta property=\"og:description\" content=\"Se denne Jensen Interceptor R MK3 til auktionssalg p\u00e5 PistonAddict.com\" \/>\n<meta property=\"og:url\" content=\"https:\/\/pistonaddict.com\/da\/product\/jensen-interceptor\/\" \/>\n<meta property=\"og:site_name\" content=\"Piston Addict\" \/>\n<meta property=\"article:modified_time\" content=\"2024-03-19T16:47:59+00:00\" \/>\n<meta property=\"og:image\" content=\"https:\/\/pistonaddict.com\/wp-content\/uploads\/2023\/04\/LuxurycarLondonApril11PistonAddict_0906-scaled.jpg\" \/>\n\t<meta property=\"og:image:width\" content=\"2560\" \/>\n\t<meta property=\"og:image:height\" content=\"1505\" \/>\n\t<meta property=\"og:image:type\" content=\"image\/jpeg\" \/>\n<meta name=\"twitter:card\" content=\"summary_large_image\" \/>\n<meta name=\"twitter:label1\" content=\"Estimeret l\u00e6setid\" \/>\n\t<meta name=\"twitter:data1\" content=\"3 minutter\" \/>\n<script type=\"application\/ld+json\" class=\"yoast-schema-graph\">{\"@context\":\"https:\/\/schema.org\",\"@graph\":[{\"@type\":\"WebPage\",\"@id\":\"https:\/\/pistonaddict.com\/da\/product\/jensen-interceptor\/\",\"url\":\"https:\/\/pistonaddict.com\/da\/product\/jensen-interceptor\/\",\"name\":\"auktion - Piston Addict\",\"isPartOf\":{\"@id\":\"https:\/\/pistonaddict.com\/da\/#website\"},\"primaryImageOfPage\":{\"@id\":\"https:\/\/pistonaddict.com\/da\/product\/jensen-interceptor\/#primaryimage\"},\"image\":{\"@id\":\"https:\/\/pistonaddict.com\/da\/product\/jensen-interceptor\/#primaryimage\"},\"thumbnailUrl\":\"https:\/\/pistonaddict.com\/wp-content\/uploads\/2023\/04\/LuxurycarLondonApril11PistonAddict_0906-scaled.jpg\",\"datePublished\":\"2023-04-19T07:41:30+00:00\",\"dateModified\":\"2024-03-19T16:47:59+00:00\",\"description\":\"Se denne Jensen Interceptor R MK3 til auktionssalg p\u00e5 PistonAddict.com\",\"breadcrumb\":{\"@id\":\"https:\/\/pistonaddict.com\/da\/product\/jensen-interceptor\/#breadcrumb\"},\"inLanguage\":\"da-DK\",\"potentialAction\":[{\"@type\":\"ReadAction\",\"target\":[\"https:\/\/pistonaddict.com\/da\/product\/jensen-interceptor\/\"]}]},{\"@type\":\"ImageObject\",\"inLanguage\":\"da-DK\",\"@id\":\"https:\/\/pistonaddict.com\/da\/product\/jensen-interceptor\/#primaryimage\",\"url\":\"https:\/\/pistonaddict.com\/wp-content\/uploads\/2023\/04\/LuxurycarLondonApril11PistonAddict_0906-scaled.jpg\",\"contentUrl\":\"https:\/\/pistonaddict.com\/wp-content\/uploads\/2023\/04\/LuxurycarLondonApril11PistonAddict_0906-scaled.jpg\",\"width\":2560,\"height\":1505},{\"@type\":\"BreadcrumbList\",\"@id\":\"https:\/\/pistonaddict.com\/da\/product\/jensen-interceptor\/#breadcrumb\",\"itemListElement\":[{\"@type\":\"ListItem\",\"position\":1,\"name\":\"Hjemmeside\",\"item\":\"https:\/\/pistonaddict.com\/da\/hjemmeside-2\/\"},{\"@type\":\"ListItem\",\"position\":2,\"name\":\"Auctions\",\"item\":\"https:\/\/pistonaddict.com\/auctions-listing\/\"},{\"@type\":\"ListItem\",\"position\":3,\"name\":\"Jensen Interceptor R Mk3\"}]},{\"@type\":\"WebSite\",\"@id\":\"https:\/\/pistonaddict.com\/da\/#website\",\"url\":\"https:\/\/pistonaddict.com\/da\/\",\"name\":\"Piston Addict\",\"description\":\"Only interesting vehicles\",\"publisher\":{\"@id\":\"https:\/\/pistonaddict.com\/da\/#organization\"},\"potentialAction\":[{\"@type\":\"SearchAction\",\"target\":{\"@type\":\"EntryPoint\",\"urlTemplate\":\"https:\/\/pistonaddict.com\/da\/?s={search_term_string}\"},\"query-input\":\"required name=search_term_string\"}],\"inLanguage\":\"da-DK\"},{\"@type\":\"Organization\",\"@id\":\"https:\/\/pistonaddict.com\/da\/#organization\",\"name\":\"Piston Addict\",\"url\":\"https:\/\/pistonaddict.com\/da\/\",\"logo\":{\"@type\":\"ImageObject\",\"inLanguage\":\"da-DK\",\"@id\":\"https:\/\/pistonaddict.com\/da\/#\/schema\/logo\/image\/\",\"url\":\"https:\/\/pistonaddict.com\/wp-content\/uploads\/2022\/07\/logo-6.png\",\"contentUrl\":\"https:\/\/pistonaddict.com\/wp-content\/uploads\/2022\/07\/logo-6.png\",\"width\":970,\"height\":200,\"caption\":\"Piston Addict\"},\"image\":{\"@id\":\"https:\/\/pistonaddict.com\/da\/#\/schema\/logo\/image\/\"}}]}<\/script>\n<!-- \/ Yoast SEO plugin. -->","yoast_head_json":{"title":"auktion - Piston Addict","description":"Se denne Jensen Interceptor R MK3 til auktionssalg p\u00e5 PistonAddict.com","robots":{"index":"index","follow":"follow","max-snippet":"max-snippet:-1","max-image-preview":"max-image-preview:large","max-video-preview":"max-video-preview:-1"},"canonical":"https:\/\/pistonaddict.com\/da\/product\/jensen-interceptor\/","og_locale":"da_DK","og_type":"article","og_title":"auktion - Piston Addict","og_description":"Se denne Jensen Interceptor R MK3 til auktionssalg p\u00e5 PistonAddict.com","og_url":"https:\/\/pistonaddict.com\/da\/product\/jensen-interceptor\/","og_site_name":"Piston Addict","article_modified_time":"2024-03-19T16:47:59+00:00","og_image":[{"width":2560,"height":1505,"url":"https:\/\/pistonaddict.com\/wp-content\/uploads\/2023\/04\/LuxurycarLondonApril11PistonAddict_0906-scaled.jpg","type":"image\/jpeg"}],"twitter_card":"summary_large_image","twitter_misc":{"Estimeret l\u00e6setid":"3 minutter"},"schema":{"@context":"https:\/\/schema.org","@graph":[{"@type":"WebPage","@id":"https:\/\/pistonaddict.com\/da\/product\/jensen-interceptor\/","url":"https:\/\/pistonaddict.com\/da\/product\/jensen-interceptor\/","name":"auktion - Piston Addict","isPartOf":{"@id":"https:\/\/pistonaddict.com\/da\/#website"},"primaryImageOfPage":{"@id":"https:\/\/pistonaddict.com\/da\/product\/jensen-interceptor\/#primaryimage"},"image":{"@id":"https:\/\/pistonaddict.com\/da\/product\/jensen-interceptor\/#primaryimage"},"thumbnailUrl":"https:\/\/pistonaddict.com\/wp-content\/uploads\/2023\/04\/LuxurycarLondonApril11PistonAddict_0906-scaled.jpg","datePublished":"2023-04-19T07:41:30+00:00","dateModified":"2024-03-19T16:47:59+00:00","description":"Se denne Jensen Interceptor R MK3 til auktionssalg p\u00e5 PistonAddict.com","breadcrumb":{"@id":"https:\/\/pistonaddict.com\/da\/product\/jensen-interceptor\/#breadcrumb"},"inLanguage":"da-DK","potentialAction":[{"@type":"ReadAction","target":["https:\/\/pistonaddict.com\/da\/product\/jensen-interceptor\/"]}]},{"@type":"ImageObject","inLanguage":"da-DK","@id":"https:\/\/pistonaddict.com\/da\/product\/jensen-interceptor\/#primaryimage","url":"https:\/\/pistonaddict.com\/wp-content\/uploads\/2023\/04\/LuxurycarLondonApril11PistonAddict_0906-scaled.jpg","contentUrl":"https:\/\/pistonaddict.com\/wp-content\/uploads\/2023\/04\/LuxurycarLondonApril11PistonAddict_0906-scaled.jpg","width":2560,"height":1505},{"@type":"BreadcrumbList","@id":"https:\/\/pistonaddict.com\/da\/product\/jensen-interceptor\/#breadcrumb","itemListElement":[{"@type":"ListItem","position":1,"name":"Hjemmeside","item":"https:\/\/pistonaddict.com\/da\/hjemmeside-2\/"},{"@type":"ListItem","position":2,"name":"Auctions","item":"https:\/\/pistonaddict.com\/auctions-listing\/"},{"@type":"ListItem","position":3,"name":"Jensen Interceptor R Mk3"}]},{"@type":"WebSite","@id":"https:\/\/pistonaddict.com\/da\/#website","url":"https:\/\/pistonaddict.com\/da\/","name":"Piston Addict","description":"Only interesting vehicles","publisher":{"@id":"https:\/\/pistonaddict.com\/da\/#organization"},"potentialAction":[{"@type":"SearchAction","target":{"@type":"EntryPoint","urlTemplate":"https:\/\/pistonaddict.com\/da\/?s={search_term_string}"},"query-input":"required name=search_term_string"}],"inLanguage":"da-DK"},{"@type":"Organization","@id":"https:\/\/pistonaddict.com\/da\/#organization","name":"Piston Addict","url":"https:\/\/pistonaddict.com\/da\/","logo":{"@type":"ImageObject","inLanguage":"da-DK","@id":"https:\/\/pistonaddict.com\/da\/#\/schema\/logo\/image\/","url":"https:\/\/pistonaddict.com\/wp-content\/uploads\/2022\/07\/logo-6.png","contentUrl":"https:\/\/pistonaddict.com\/wp-content\/uploads\/2022\/07\/logo-6.png","width":970,"height":200,"caption":"Piston Addict"},"image":{"@id":"https:\/\/pistonaddict.com\/da\/#\/schema\/logo\/image\/"}}]}},"_links":{"self":[{"href":"https:\/\/pistonaddict.com\/da\/wp-json\/wp\/v2\/product\/33348"}],"collection":[{"href":"https:\/\/pistonaddict.com\/da\/wp-json\/wp\/v2\/product"}],"about":[{"href":"https:\/\/pistonaddict.com\/da\/wp-json\/wp\/v2\/types\/product"}],"replies":[{"embeddable":true,"href":"https:\/\/pistonaddict.com\/da\/wp-json\/wp\/v2\/comments?post=33348"}],"wp:featuredmedia":[{"embeddable":true,"href":"https:\/\/pistonaddict.com\/da\/wp-json\/wp\/v2\/media\/32663"}],"wp:attachment":[{"href":"https:\/\/pistonaddict.com\/da\/wp-json\/wp\/v2\/media?parent=33348"}],"wp:term":[{"taxonomy":"product_cat","embeddable":true,"href":"https:\/\/pistonaddict.com\/da\/wp-json\/wp\/v2\/product_cat?post=33348"},{"taxonomy":"product_tag","embeddable":true,"href":"https:\/\/pistonaddict.com\/da\/wp-json\/wp\/v2\/product_tag?post=33348"}],"curies":[{"name":"wp","href":"https:\/\/api.w.org\/{rel}","templated":true}]}}