{"id":29699,"date":"2023-03-02T21:25:19","date_gmt":"2023-03-02T20:25:19","guid":{"rendered":"https:\/\/pistonaddict.com\/product\/1985-porsche-911-carrera-3-2-til-salg\/"},"modified":"2024-03-22T16:10:19","modified_gmt":"2024-03-22T15:10:19","slug":"1985-porsche-911-carrera-3-2-for-sale","status":"publish","type":"product","link":"https:\/\/pistonaddict.com\/da\/product\/1985-porsche-911-carrera-3-2-for-sale\/","title":{"rendered":"1985 Porsche 911 Carrera 3.2 til salg p\u00e5 auktion"},"content":{"rendered":"<p><strong>Bilens historie<\/strong><\/p>\n<p>S\u00e6lgeren k\u00f8bte dette smukke eksempel p\u00e5 magi fra midten af 80&#8217;erne i 1997 i Luxembourg og importerede det til Schweiz. Denne Carrera er udstyret med en standard 3,2-liters flat-six-motor, der leverer 231 hk til baghjulene via en 5-trins manuel gearkasse. Motoren er br\u00e6ndstofindspr\u00f8jtet og er i stand til at sende denne legendariske sportsvogn op p\u00e5 5,9 sekunder fra 0 til 100 km\/t og en topfart p\u00e5 stadig respektable 245 km\/t (150 mph). Der er ingen dokumentation for eventuelle motor\u00e6ndringer, men bilen blev regelm\u00e6ssigt vedligeholdt, og det sidste dokumenterede service blev udf\u00f8rt i slutningen af marts 2022. Indtil videre har denne sorte Porsche tilbagelagt 168.000 km.<\/p>\n<p><strong>Tilstand<\/strong><\/p>\n<p>K\u00f8ret\u00f8jet har f\u00e5et en komplet professionel omlakering af karrosseriet og en renovering af motoren med originale dele og komponenter. Den har best\u00e5et den schweiziske tekniske kontrol, og den er lovlig og registreret. Perspektivk\u00f8bere vil gerne vide, at olieanalysen er blevet foretaget, og at resultaterne er i orden. I videoerne kan du se, at olietrykket og alle m\u00e5lerne fungerer korrekt. Der er ingen oliel\u00e6kager i undervognen, motorrummet er p\u00e6nt, og alle originale stempler og m\u00e6rker er til stede.<\/p>\n<p><strong>Interi\u00f8r<\/strong><\/p>\n<p>Interi\u00f8ret i denne Porsche 911 Carrera 3.2 fra 1985 er originalt, med s\u00e6der og d\u00f8rkort betrukket med l\u00e6der. Sammenlignet med lignende biler har dette tredobbelt sorte eksemplar (karrosseri, interi\u00f8r og t\u00e6pper &#8211; alt i sort) nogle \u00f8nskv\u00e6rdige ekstraudstyr, som samlere s\u00f8ger. Den f\u00f8rste af dem er l\u00e6ders\u00e6derne med elektrisk betjening. For det andet er dette eksempel udstyret med aircondition, hvilket er en velkommen tilf\u00f8jelse, is\u00e6r p\u00e5 varme sommerdage. For det tredje har denne Carrera fra 1985 ogs\u00e5 soltag, el-spejle og forlygtevasker, som alle bidrager til den forbedrede oplevelse. Bagruden er opvarmet, og der er et eftermarked stereoanl\u00e6g til dine yndlingsmelodier fra 80&#8217;erne. Skiftknappen er dog ikke den originale genstand.<\/p>\n<p><strong>Eksteri\u00f8r og hjul<\/strong><\/p>\n<p>Alle udvendige bekl\u00e6dningsdele, lister og plastkomponenter ser ud til at v\u00e6re i perfekt stand, og der er ingen synlig rust omkring soltagets \u00e5bning, hvilket er en almindelig sport p\u00e5 disse biler. Det betyder, at k\u00f8ret\u00f8jet er velplejet og kun bruges sporadisk. Interessant nok valgte ejeren at forbedre det rullende materiel p\u00e5 denne Porsche 911 Carrera fra 1985. I stedet for de fabrikkorrekte 15-tommers hjul har denne bil 16-tommers originale Fuchs-f\u00e6lge med Pirelli P Zero-d\u00e6k. Selvf\u00f8lgelig er de bageste bredere end de forreste. Dette er en almindelig \u00e6ndring, der b\u00e5de forbedrer udseendet og k\u00f8reegenskaberne. D\u00e6kkene blev monteret i midten af 2021. Bilen leveres med et originalt v\u00e6rkt\u00f8jss\u00e6t og reservehjul, hvilket viser originalitetsniveauet, der er gunstigt for samlere.<\/p>\n<p><strong>Dokumentation<\/strong><\/p>\n<p>Der er tale om et privatejet k\u00f8ret\u00f8j med beh\u00f8rig dokumentation, som befinder sig i Geneve, Schweiz. CarVertical-rapporten er ren; der findes ingen beviser for ulykker, reparationer eller ejerskab af ulykker eller juridiske problemer. Der er optegnelser over regelm\u00e6ssig vedligeholdelse, der g\u00e5r tilbage til 2015.<\/p>\n","protected":false},"excerpt":{"rendered":"<p>Denne Carrera 3.2 fra 1985 er f\u00e6rdig i en elegant Porsche-sort nuance med et matchende interi\u00f8r og er et perfekt eksempel p\u00e5 en klassisk 911 i f\u00f8rerkvalitet, der er klar til at blive nydt af den nye ejer. Med et um\u00e6rket ydre, flere \u00f8nskv\u00e6rdige ekstraudstyr og et velindrettet interi\u00f8r er denne Carrera en velholdt og p\u00e5lidelig klassiker med masser af ydeevne, der er klar til at blive taget med p\u00e5 en sommerrejse tv\u00e6rs over Europa med selvtillid.<\/p>\n","protected":false},"featured_media":29659,"comment_status":"open","ping_status":"closed","template":"","meta":{"inline_featured_image":false},"product_cat":[701],"product_tag":[1004,804,882,1003,802],"acf":[],"yoast_head":"<!-- This site is optimized with the Yoast SEO plugin v22.5 - https:\/\/yoast.com\/wordpress\/plugins\/seo\/ -->\n<title>1985 Porsche 911 Carrera 3.2 til salg p\u00e5 auktion - Piston Addict<\/title>\n<meta name=\"description\" content=\"Se denne smukke Porsche 911 Carrera 3.2 fra 1985 p\u00e5 PistonAddict.com\" \/>\n<meta name=\"robots\" content=\"index, follow, max-snippet:-1, max-image-preview:large, max-video-preview:-1\" \/>\n<link rel=\"canonical\" href=\"https:\/\/pistonaddict.com\/da\/product\/1985-porsche-911-carrera-3-2-for-sale\/\" \/>\n<meta property=\"og:locale\" content=\"da_DK\" \/>\n<meta property=\"og:type\" content=\"article\" \/>\n<meta property=\"og:title\" content=\"1985 Porsche 911 Carrera 3.2 til salg p\u00e5 auktion - Piston Addict\" \/>\n<meta property=\"og:description\" content=\"Se denne smukke Porsche 911 Carrera 3.2 fra 1985 p\u00e5 PistonAddict.com\" \/>\n<meta property=\"og:url\" content=\"https:\/\/pistonaddict.com\/da\/product\/1985-porsche-911-carrera-3-2-for-sale\/\" \/>\n<meta property=\"og:site_name\" content=\"Piston Addict\" \/>\n<meta property=\"article:modified_time\" content=\"2024-03-22T15:10:19+00:00\" \/>\n<meta property=\"og:image\" content=\"https:\/\/pistonaddict.com\/wp-content\/uploads\/2023\/03\/IMG_2519-scaled.jpeg\" \/>\n\t<meta property=\"og:image:width\" content=\"2560\" \/>\n\t<meta property=\"og:image:height\" content=\"1920\" \/>\n\t<meta property=\"og:image:type\" content=\"image\/jpeg\" \/>\n<meta name=\"twitter:card\" content=\"summary_large_image\" \/>\n<meta name=\"twitter:label1\" content=\"Estimeret l\u00e6setid\" \/>\n\t<meta name=\"twitter:data1\" content=\"2 minutter\" \/>\n<script type=\"application\/ld+json\" class=\"yoast-schema-graph\">{\"@context\":\"https:\/\/schema.org\",\"@graph\":[{\"@type\":\"WebPage\",\"@id\":\"https:\/\/pistonaddict.com\/da\/product\/1985-porsche-911-carrera-3-2-for-sale\/\",\"url\":\"https:\/\/pistonaddict.com\/da\/product\/1985-porsche-911-carrera-3-2-for-sale\/\",\"name\":\"1985 Porsche 911 Carrera 3.2 til salg p\u00e5 auktion - Piston Addict\",\"isPartOf\":{\"@id\":\"https:\/\/pistonaddict.com\/da\/#website\"},\"primaryImageOfPage\":{\"@id\":\"https:\/\/pistonaddict.com\/da\/product\/1985-porsche-911-carrera-3-2-for-sale\/#primaryimage\"},\"image\":{\"@id\":\"https:\/\/pistonaddict.com\/da\/product\/1985-porsche-911-carrera-3-2-for-sale\/#primaryimage\"},\"thumbnailUrl\":\"https:\/\/pistonaddict.com\/wp-content\/uploads\/2023\/03\/IMG_2519-scaled.jpeg\",\"datePublished\":\"2023-03-02T20:25:19+00:00\",\"dateModified\":\"2024-03-22T15:10:19+00:00\",\"description\":\"Se denne smukke Porsche 911 Carrera 3.2 fra 1985 p\u00e5 PistonAddict.com\",\"breadcrumb\":{\"@id\":\"https:\/\/pistonaddict.com\/da\/product\/1985-porsche-911-carrera-3-2-for-sale\/#breadcrumb\"},\"inLanguage\":\"da-DK\",\"potentialAction\":[{\"@type\":\"ReadAction\",\"target\":[\"https:\/\/pistonaddict.com\/da\/product\/1985-porsche-911-carrera-3-2-for-sale\/\"]}]},{\"@type\":\"ImageObject\",\"inLanguage\":\"da-DK\",\"@id\":\"https:\/\/pistonaddict.com\/da\/product\/1985-porsche-911-carrera-3-2-for-sale\/#primaryimage\",\"url\":\"https:\/\/pistonaddict.com\/wp-content\/uploads\/2023\/03\/IMG_2519-scaled.jpeg\",\"contentUrl\":\"https:\/\/pistonaddict.com\/wp-content\/uploads\/2023\/03\/IMG_2519-scaled.jpeg\",\"width\":2560,\"height\":1920},{\"@type\":\"BreadcrumbList\",\"@id\":\"https:\/\/pistonaddict.com\/da\/product\/1985-porsche-911-carrera-3-2-for-sale\/#breadcrumb\",\"itemListElement\":[{\"@type\":\"ListItem\",\"position\":1,\"name\":\"Hjemmeside\",\"item\":\"https:\/\/pistonaddict.com\/da\/hjemmeside-2\/\"},{\"@type\":\"ListItem\",\"position\":2,\"name\":\"Auctions\",\"item\":\"https:\/\/pistonaddict.com\/auctions-listing\/\"},{\"@type\":\"ListItem\",\"position\":3,\"name\":\"1985 Porsche 911 Carrera 3.2 til salg p\u00e5 auktion\"}]},{\"@type\":\"WebSite\",\"@id\":\"https:\/\/pistonaddict.com\/da\/#website\",\"url\":\"https:\/\/pistonaddict.com\/da\/\",\"name\":\"Piston Addict\",\"description\":\"Only interesting vehicles\",\"publisher\":{\"@id\":\"https:\/\/pistonaddict.com\/da\/#organization\"},\"potentialAction\":[{\"@type\":\"SearchAction\",\"target\":{\"@type\":\"EntryPoint\",\"urlTemplate\":\"https:\/\/pistonaddict.com\/da\/?s={search_term_string}\"},\"query-input\":\"required name=search_term_string\"}],\"inLanguage\":\"da-DK\"},{\"@type\":\"Organization\",\"@id\":\"https:\/\/pistonaddict.com\/da\/#organization\",\"name\":\"Piston Addict\",\"url\":\"https:\/\/pistonaddict.com\/da\/\",\"logo\":{\"@type\":\"ImageObject\",\"inLanguage\":\"da-DK\",\"@id\":\"https:\/\/pistonaddict.com\/da\/#\/schema\/logo\/image\/\",\"url\":\"https:\/\/pistonaddict.com\/wp-content\/uploads\/2022\/07\/logo-6.png\",\"contentUrl\":\"https:\/\/pistonaddict.com\/wp-content\/uploads\/2022\/07\/logo-6.png\",\"width\":970,\"height\":200,\"caption\":\"Piston Addict\"},\"image\":{\"@id\":\"https:\/\/pistonaddict.com\/da\/#\/schema\/logo\/image\/\"}}]}<\/script>\n<!-- \/ Yoast SEO plugin. -->","yoast_head_json":{"title":"1985 Porsche 911 Carrera 3.2 til salg p\u00e5 auktion - Piston Addict","description":"Se denne smukke Porsche 911 Carrera 3.2 fra 1985 p\u00e5 PistonAddict.com","robots":{"index":"index","follow":"follow","max-snippet":"max-snippet:-1","max-image-preview":"max-image-preview:large","max-video-preview":"max-video-preview:-1"},"canonical":"https:\/\/pistonaddict.com\/da\/product\/1985-porsche-911-carrera-3-2-for-sale\/","og_locale":"da_DK","og_type":"article","og_title":"1985 Porsche 911 Carrera 3.2 til salg p\u00e5 auktion - Piston Addict","og_description":"Se denne smukke Porsche 911 Carrera 3.2 fra 1985 p\u00e5 PistonAddict.com","og_url":"https:\/\/pistonaddict.com\/da\/product\/1985-porsche-911-carrera-3-2-for-sale\/","og_site_name":"Piston Addict","article_modified_time":"2024-03-22T15:10:19+00:00","og_image":[{"width":2560,"height":1920,"url":"https:\/\/pistonaddict.com\/wp-content\/uploads\/2023\/03\/IMG_2519-scaled.jpeg","type":"image\/jpeg"}],"twitter_card":"summary_large_image","twitter_misc":{"Estimeret l\u00e6setid":"2 minutter"},"schema":{"@context":"https:\/\/schema.org","@graph":[{"@type":"WebPage","@id":"https:\/\/pistonaddict.com\/da\/product\/1985-porsche-911-carrera-3-2-for-sale\/","url":"https:\/\/pistonaddict.com\/da\/product\/1985-porsche-911-carrera-3-2-for-sale\/","name":"1985 Porsche 911 Carrera 3.2 til salg p\u00e5 auktion - Piston Addict","isPartOf":{"@id":"https:\/\/pistonaddict.com\/da\/#website"},"primaryImageOfPage":{"@id":"https:\/\/pistonaddict.com\/da\/product\/1985-porsche-911-carrera-3-2-for-sale\/#primaryimage"},"image":{"@id":"https:\/\/pistonaddict.com\/da\/product\/1985-porsche-911-carrera-3-2-for-sale\/#primaryimage"},"thumbnailUrl":"https:\/\/pistonaddict.com\/wp-content\/uploads\/2023\/03\/IMG_2519-scaled.jpeg","datePublished":"2023-03-02T20:25:19+00:00","dateModified":"2024-03-22T15:10:19+00:00","description":"Se denne smukke Porsche 911 Carrera 3.2 fra 1985 p\u00e5 PistonAddict.com","breadcrumb":{"@id":"https:\/\/pistonaddict.com\/da\/product\/1985-porsche-911-carrera-3-2-for-sale\/#breadcrumb"},"inLanguage":"da-DK","potentialAction":[{"@type":"ReadAction","target":["https:\/\/pistonaddict.com\/da\/product\/1985-porsche-911-carrera-3-2-for-sale\/"]}]},{"@type":"ImageObject","inLanguage":"da-DK","@id":"https:\/\/pistonaddict.com\/da\/product\/1985-porsche-911-carrera-3-2-for-sale\/#primaryimage","url":"https:\/\/pistonaddict.com\/wp-content\/uploads\/2023\/03\/IMG_2519-scaled.jpeg","contentUrl":"https:\/\/pistonaddict.com\/wp-content\/uploads\/2023\/03\/IMG_2519-scaled.jpeg","width":2560,"height":1920},{"@type":"BreadcrumbList","@id":"https:\/\/pistonaddict.com\/da\/product\/1985-porsche-911-carrera-3-2-for-sale\/#breadcrumb","itemListElement":[{"@type":"ListItem","position":1,"name":"Hjemmeside","item":"https:\/\/pistonaddict.com\/da\/hjemmeside-2\/"},{"@type":"ListItem","position":2,"name":"Auctions","item":"https:\/\/pistonaddict.com\/auctions-listing\/"},{"@type":"ListItem","position":3,"name":"1985 Porsche 911 Carrera 3.2 til salg p\u00e5 auktion"}]},{"@type":"WebSite","@id":"https:\/\/pistonaddict.com\/da\/#website","url":"https:\/\/pistonaddict.com\/da\/","name":"Piston Addict","description":"Only interesting vehicles","publisher":{"@id":"https:\/\/pistonaddict.com\/da\/#organization"},"potentialAction":[{"@type":"SearchAction","target":{"@type":"EntryPoint","urlTemplate":"https:\/\/pistonaddict.com\/da\/?s={search_term_string}"},"query-input":"required name=search_term_string"}],"inLanguage":"da-DK"},{"@type":"Organization","@id":"https:\/\/pistonaddict.com\/da\/#organization","name":"Piston Addict","url":"https:\/\/pistonaddict.com\/da\/","logo":{"@type":"ImageObject","inLanguage":"da-DK","@id":"https:\/\/pistonaddict.com\/da\/#\/schema\/logo\/image\/","url":"https:\/\/pistonaddict.com\/wp-content\/uploads\/2022\/07\/logo-6.png","contentUrl":"https:\/\/pistonaddict.com\/wp-content\/uploads\/2022\/07\/logo-6.png","width":970,"height":200,"caption":"Piston Addict"},"image":{"@id":"https:\/\/pistonaddict.com\/da\/#\/schema\/logo\/image\/"}}]}},"_links":{"self":[{"href":"https:\/\/pistonaddict.com\/da\/wp-json\/wp\/v2\/product\/29699"}],"collection":[{"href":"https:\/\/pistonaddict.com\/da\/wp-json\/wp\/v2\/product"}],"about":[{"href":"https:\/\/pistonaddict.com\/da\/wp-json\/wp\/v2\/types\/product"}],"replies":[{"embeddable":true,"href":"https:\/\/pistonaddict.com\/da\/wp-json\/wp\/v2\/comments?post=29699"}],"wp:featuredmedia":[{"embeddable":true,"href":"https:\/\/pistonaddict.com\/da\/wp-json\/wp\/v2\/media\/29659"}],"wp:attachment":[{"href":"https:\/\/pistonaddict.com\/da\/wp-json\/wp\/v2\/media?parent=29699"}],"wp:term":[{"taxonomy":"product_cat","embeddable":true,"href":"https:\/\/pistonaddict.com\/da\/wp-json\/wp\/v2\/product_cat?post=29699"},{"taxonomy":"product_tag","embeddable":true,"href":"https:\/\/pistonaddict.com\/da\/wp-json\/wp\/v2\/product_tag?post=29699"}],"curies":[{"name":"wp","href":"https:\/\/api.w.org\/{rel}","templated":true}]}}