{"id":28005,"date":"2023-03-02T16:24:00","date_gmt":"2023-03-02T15:24:00","guid":{"rendered":"https:\/\/pistonaddict.com\/product\/2008-porsche-911-gt2\/"},"modified":"2024-03-22T16:08:11","modified_gmt":"2024-03-22T15:08:11","slug":"2008-porsche-911-gt2","status":"publish","type":"product","link":"https:\/\/pistonaddict.com\/da\/product\/2008-porsche-911-gt2\/","title":{"rendered":"2008 Porsche 911 GT2 til auktionssalg"},"content":{"rendered":"<h2>Udvendig<\/h2>\n<p>Bilen er sortlakeret og har Bi-Xenon-forlygter. Men det mest i\u00f8jnefaldende ved denne Porsche er dens aggressive udseende. Sammenlignet med en standard 911 har denne GT2 udvidede karrosseripaneler og kofangere med ekstra ventilations\u00e5bninger for at forbedre k\u00f8ling. De skinnende titanium-udst\u00f8dningsspidser er en anden bem\u00e6rkelsesv\u00e6rdig detalje, der adskiller den fra andre modeller. Endelig giver en stor, sort spoiler bagp\u00e5 et mere aggressivt udseende og forbedrer aerodynamikken. Bilen er monteret p\u00e5 fabriksmonterede 19&#8243; f\u00e6lge med Michelin Pilot Sport Cup2-d\u00e6k. Disse d\u00e6k blev monteret p\u00e5 k\u00f8ret\u00f8jet i juli 2022 og er ideelt egnede til anvendelsen.<\/p>\n<h2>Interi\u00f8r<\/h2>\n<p>Indvendigt er der to manuelt indstillede, lette, letv\u00e6gtss\u00e6der, der er betrukket med brandh\u00e6mmende stof og forsynet med r\u00f8de racerseler. Ejeren beskriver dem <em>som nye<\/em>, og billederne fort\u00e6ller den samme historie. Bagtil er der en fabriksmonteret overrullestang, som g\u00f8r chassiset mere stift og \u00f8ger sikkerheden. Resten af bilens interi\u00f8r er bekl\u00e6dt med sort stof. N\u00e5r f\u00f8reren sidder p\u00e5 s\u00e6det, sidder han eller hun bag et firespaltet rat i Alcantara-l\u00e6der. Som i de fleste Porscher er instrumentklyngen domineret af en omdrejningst\u00e6ller, hvis r\u00f8dgr\u00e6nse er 7.000 omdrejninger pr. minut. Derudover har den et speedometer, der g\u00e5r op til 350 KPM, og flere m\u00e5lere, der viser vigtige driftsparametre. Dette omfatter bl.a. motortemperatur, olietryk og br\u00e6ndstofniveau. Den aktuelle kilometert\u00e6ller er indstillet til ca. 12.000 kilometer. Endelig er der i midten af instrumentbr\u00e6ttet monteret et stopur, som er nyttigt, n\u00e5r du k\u00f8rer omgange med tidtagning.<\/p>\n<h2>Mekanik<\/h2>\n<p>Det er mekanikken under huden, der afsl\u00f8rer GT2&#8217;s karakter fuldt ud. For det f\u00f8rste har den en 3,6-liters flad sekser, som bruges i det meste af 997-serien. Men til anvendelse i GT2 er denne motor udstyret med et par turboladere med variabel geometri og en direkte br\u00e6ndstofindspr\u00f8jtning. Disse opgraderinger bidrog til at \u00f8ge ydelsen til hele 530 hestekr\u00e6fter. Den leveres til baghjulene via en traditionel 6-trins gearkasse. Porsche besluttede at spare v\u00e6gt ved at undlade at montere et firehjulstr\u00e6k eller en kompleks PDK dobbeltkoblingsgearkasse. Endelig s\u00f8rger et s\u00e6t fabriksmonterede keramiske bremser for, at GT2&#8217;eren stopper lige s\u00e5 imponerende, som den k\u00f8rer.<\/p>\n<h2>Servicehistorik<\/h2>\n<p>Ejeren siger, at bilen er blevet j\u00e6vnligt serviceret i henhold til fabrikantens tidsplan, og at det sidste service blev udf\u00f8rt i juli 2022. Der er i \u00f8jeblikket ingen kendte fejl eller advarselslamper p\u00e5 instrumentbr\u00e6ttet. Desuden er der ingen m\u00e6rkbare ridser, buler eller andre ufuldkommenheder i karrosseriet. Endelig er dette k\u00f8ret\u00f8j helt og holdent p\u00e5 lager, og der er ikke foretaget nogen form for eftermarkeds\u00e6ndringer. Med alt dette i tankerne kan det siges, at denne 911 GT2 er <em>i perfekt stand<\/em>, som ejeren beskrev den.<\/p>\n","protected":false},"excerpt":{"rendered":"<p>Denne Porsche 911 GT2 fra 2008, som har k\u00f8rt knap 12.000 kilometer, s\u00e6lges privat af ejeren, som k\u00f8bte den helt ny. Den drives af en 530-hestes turbomotor med flad seksmotor med turbolader, der er koblet til en seks-trins automatgear. Den har bl.a. 19&#8243; Porsche-f\u00e6lge, Bi-Xenon-forlygter, keramiske bremser, letv\u00e6gtss\u00e6der med racerseler og en fabriksmonteret overrulningsb\u00f8jle. Bilen befinder sig i \u00f8jeblikket i Schweiz, hvor den har v\u00e6ret registreret siden f\u00f8rste dag. Den er for nylig blevet serviceret fuldt ud og har nu et s\u00e6t n\u00e6sten helt nye d\u00e6k. Bortset fra en mindre ridse i kofangeren i 2013, som blev fuldst\u00e6ndig repareret, er denne GT2 fri for skader, hvilket bekr\u00e6ftes af en tilsvarende carVertical-rapport.<\/p>\n","protected":false},"featured_media":27890,"comment_status":"open","ping_status":"closed","template":"","meta":{"inline_featured_image":false},"product_cat":[701],"product_tag":[968,804,903,806,802],"acf":[],"yoast_head":"<!-- This site is optimized with the Yoast SEO plugin v22.5 - https:\/\/yoast.com\/wordpress\/plugins\/seo\/ -->\n<title>2008 Porsche 911 GT2 til auktionssalg - Piston Addict<\/title>\n<meta name=\"description\" content=\"Tjek denne 2008 Porsche 911 GT2 til auktionssalg p\u00e5 PistonAddict.com\" \/>\n<meta name=\"robots\" content=\"index, follow, max-snippet:-1, max-image-preview:large, max-video-preview:-1\" \/>\n<link rel=\"canonical\" href=\"https:\/\/pistonaddict.com\/da\/product\/2008-porsche-911-gt2\/\" \/>\n<meta property=\"og:locale\" content=\"da_DK\" \/>\n<meta property=\"og:type\" content=\"article\" \/>\n<meta property=\"og:title\" content=\"2008 Porsche 911 GT2 til auktionssalg - Piston Addict\" \/>\n<meta property=\"og:description\" content=\"Tjek denne 2008 Porsche 911 GT2 til auktionssalg p\u00e5 PistonAddict.com\" \/>\n<meta property=\"og:url\" content=\"https:\/\/pistonaddict.com\/da\/product\/2008-porsche-911-gt2\/\" \/>\n<meta property=\"og:site_name\" content=\"Piston Addict\" \/>\n<meta property=\"article:modified_time\" content=\"2024-03-22T15:08:11+00:00\" \/>\n<meta property=\"og:image\" content=\"https:\/\/pistonaddict.com\/wp-content\/uploads\/2023\/03\/MainGT22008.jpg\" \/>\n\t<meta property=\"og:image:width\" content=\"1200\" \/>\n\t<meta property=\"og:image:height\" content=\"798\" \/>\n\t<meta property=\"og:image:type\" content=\"image\/jpeg\" \/>\n<meta name=\"twitter:card\" content=\"summary_large_image\" \/>\n<meta name=\"twitter:label1\" content=\"Estimeret l\u00e6setid\" \/>\n\t<meta name=\"twitter:data1\" content=\"2 minutter\" \/>\n<script type=\"application\/ld+json\" class=\"yoast-schema-graph\">{\"@context\":\"https:\/\/schema.org\",\"@graph\":[{\"@type\":\"WebPage\",\"@id\":\"https:\/\/pistonaddict.com\/da\/product\/2008-porsche-911-gt2\/\",\"url\":\"https:\/\/pistonaddict.com\/da\/product\/2008-porsche-911-gt2\/\",\"name\":\"2008 Porsche 911 GT2 til auktionssalg - Piston Addict\",\"isPartOf\":{\"@id\":\"https:\/\/pistonaddict.com\/da\/#website\"},\"primaryImageOfPage\":{\"@id\":\"https:\/\/pistonaddict.com\/da\/product\/2008-porsche-911-gt2\/#primaryimage\"},\"image\":{\"@id\":\"https:\/\/pistonaddict.com\/da\/product\/2008-porsche-911-gt2\/#primaryimage\"},\"thumbnailUrl\":\"https:\/\/pistonaddict.com\/wp-content\/uploads\/2023\/03\/MainGT22008.jpg\",\"datePublished\":\"2023-03-02T15:24:00+00:00\",\"dateModified\":\"2024-03-22T15:08:11+00:00\",\"description\":\"Tjek denne 2008 Porsche 911 GT2 til auktionssalg p\u00e5 PistonAddict.com\",\"breadcrumb\":{\"@id\":\"https:\/\/pistonaddict.com\/da\/product\/2008-porsche-911-gt2\/#breadcrumb\"},\"inLanguage\":\"da-DK\",\"potentialAction\":[{\"@type\":\"ReadAction\",\"target\":[\"https:\/\/pistonaddict.com\/da\/product\/2008-porsche-911-gt2\/\"]}]},{\"@type\":\"ImageObject\",\"inLanguage\":\"da-DK\",\"@id\":\"https:\/\/pistonaddict.com\/da\/product\/2008-porsche-911-gt2\/#primaryimage\",\"url\":\"https:\/\/pistonaddict.com\/wp-content\/uploads\/2023\/03\/MainGT22008.jpg\",\"contentUrl\":\"https:\/\/pistonaddict.com\/wp-content\/uploads\/2023\/03\/MainGT22008.jpg\",\"width\":1200,\"height\":798},{\"@type\":\"BreadcrumbList\",\"@id\":\"https:\/\/pistonaddict.com\/da\/product\/2008-porsche-911-gt2\/#breadcrumb\",\"itemListElement\":[{\"@type\":\"ListItem\",\"position\":1,\"name\":\"Hjemmeside\",\"item\":\"https:\/\/pistonaddict.com\/da\/hjemmeside-2\/\"},{\"@type\":\"ListItem\",\"position\":2,\"name\":\"Auctions\",\"item\":\"https:\/\/pistonaddict.com\/auctions-listing\/\"},{\"@type\":\"ListItem\",\"position\":3,\"name\":\"2008 Porsche 911 GT2 til auktionssalg\"}]},{\"@type\":\"WebSite\",\"@id\":\"https:\/\/pistonaddict.com\/da\/#website\",\"url\":\"https:\/\/pistonaddict.com\/da\/\",\"name\":\"Piston Addict\",\"description\":\"Only interesting vehicles\",\"publisher\":{\"@id\":\"https:\/\/pistonaddict.com\/da\/#organization\"},\"potentialAction\":[{\"@type\":\"SearchAction\",\"target\":{\"@type\":\"EntryPoint\",\"urlTemplate\":\"https:\/\/pistonaddict.com\/da\/?s={search_term_string}\"},\"query-input\":\"required name=search_term_string\"}],\"inLanguage\":\"da-DK\"},{\"@type\":\"Organization\",\"@id\":\"https:\/\/pistonaddict.com\/da\/#organization\",\"name\":\"Piston Addict\",\"url\":\"https:\/\/pistonaddict.com\/da\/\",\"logo\":{\"@type\":\"ImageObject\",\"inLanguage\":\"da-DK\",\"@id\":\"https:\/\/pistonaddict.com\/da\/#\/schema\/logo\/image\/\",\"url\":\"https:\/\/pistonaddict.com\/wp-content\/uploads\/2022\/07\/logo-6.png\",\"contentUrl\":\"https:\/\/pistonaddict.com\/wp-content\/uploads\/2022\/07\/logo-6.png\",\"width\":970,\"height\":200,\"caption\":\"Piston Addict\"},\"image\":{\"@id\":\"https:\/\/pistonaddict.com\/da\/#\/schema\/logo\/image\/\"}}]}<\/script>\n<!-- \/ Yoast SEO plugin. -->","yoast_head_json":{"title":"2008 Porsche 911 GT2 til auktionssalg - Piston Addict","description":"Tjek denne 2008 Porsche 911 GT2 til auktionssalg p\u00e5 PistonAddict.com","robots":{"index":"index","follow":"follow","max-snippet":"max-snippet:-1","max-image-preview":"max-image-preview:large","max-video-preview":"max-video-preview:-1"},"canonical":"https:\/\/pistonaddict.com\/da\/product\/2008-porsche-911-gt2\/","og_locale":"da_DK","og_type":"article","og_title":"2008 Porsche 911 GT2 til auktionssalg - Piston Addict","og_description":"Tjek denne 2008 Porsche 911 GT2 til auktionssalg p\u00e5 PistonAddict.com","og_url":"https:\/\/pistonaddict.com\/da\/product\/2008-porsche-911-gt2\/","og_site_name":"Piston Addict","article_modified_time":"2024-03-22T15:08:11+00:00","og_image":[{"width":1200,"height":798,"url":"https:\/\/pistonaddict.com\/wp-content\/uploads\/2023\/03\/MainGT22008.jpg","type":"image\/jpeg"}],"twitter_card":"summary_large_image","twitter_misc":{"Estimeret l\u00e6setid":"2 minutter"},"schema":{"@context":"https:\/\/schema.org","@graph":[{"@type":"WebPage","@id":"https:\/\/pistonaddict.com\/da\/product\/2008-porsche-911-gt2\/","url":"https:\/\/pistonaddict.com\/da\/product\/2008-porsche-911-gt2\/","name":"2008 Porsche 911 GT2 til auktionssalg - Piston Addict","isPartOf":{"@id":"https:\/\/pistonaddict.com\/da\/#website"},"primaryImageOfPage":{"@id":"https:\/\/pistonaddict.com\/da\/product\/2008-porsche-911-gt2\/#primaryimage"},"image":{"@id":"https:\/\/pistonaddict.com\/da\/product\/2008-porsche-911-gt2\/#primaryimage"},"thumbnailUrl":"https:\/\/pistonaddict.com\/wp-content\/uploads\/2023\/03\/MainGT22008.jpg","datePublished":"2023-03-02T15:24:00+00:00","dateModified":"2024-03-22T15:08:11+00:00","description":"Tjek denne 2008 Porsche 911 GT2 til auktionssalg p\u00e5 PistonAddict.com","breadcrumb":{"@id":"https:\/\/pistonaddict.com\/da\/product\/2008-porsche-911-gt2\/#breadcrumb"},"inLanguage":"da-DK","potentialAction":[{"@type":"ReadAction","target":["https:\/\/pistonaddict.com\/da\/product\/2008-porsche-911-gt2\/"]}]},{"@type":"ImageObject","inLanguage":"da-DK","@id":"https:\/\/pistonaddict.com\/da\/product\/2008-porsche-911-gt2\/#primaryimage","url":"https:\/\/pistonaddict.com\/wp-content\/uploads\/2023\/03\/MainGT22008.jpg","contentUrl":"https:\/\/pistonaddict.com\/wp-content\/uploads\/2023\/03\/MainGT22008.jpg","width":1200,"height":798},{"@type":"BreadcrumbList","@id":"https:\/\/pistonaddict.com\/da\/product\/2008-porsche-911-gt2\/#breadcrumb","itemListElement":[{"@type":"ListItem","position":1,"name":"Hjemmeside","item":"https:\/\/pistonaddict.com\/da\/hjemmeside-2\/"},{"@type":"ListItem","position":2,"name":"Auctions","item":"https:\/\/pistonaddict.com\/auctions-listing\/"},{"@type":"ListItem","position":3,"name":"2008 Porsche 911 GT2 til auktionssalg"}]},{"@type":"WebSite","@id":"https:\/\/pistonaddict.com\/da\/#website","url":"https:\/\/pistonaddict.com\/da\/","name":"Piston Addict","description":"Only interesting vehicles","publisher":{"@id":"https:\/\/pistonaddict.com\/da\/#organization"},"potentialAction":[{"@type":"SearchAction","target":{"@type":"EntryPoint","urlTemplate":"https:\/\/pistonaddict.com\/da\/?s={search_term_string}"},"query-input":"required name=search_term_string"}],"inLanguage":"da-DK"},{"@type":"Organization","@id":"https:\/\/pistonaddict.com\/da\/#organization","name":"Piston Addict","url":"https:\/\/pistonaddict.com\/da\/","logo":{"@type":"ImageObject","inLanguage":"da-DK","@id":"https:\/\/pistonaddict.com\/da\/#\/schema\/logo\/image\/","url":"https:\/\/pistonaddict.com\/wp-content\/uploads\/2022\/07\/logo-6.png","contentUrl":"https:\/\/pistonaddict.com\/wp-content\/uploads\/2022\/07\/logo-6.png","width":970,"height":200,"caption":"Piston Addict"},"image":{"@id":"https:\/\/pistonaddict.com\/da\/#\/schema\/logo\/image\/"}}]}},"_links":{"self":[{"href":"https:\/\/pistonaddict.com\/da\/wp-json\/wp\/v2\/product\/28005"}],"collection":[{"href":"https:\/\/pistonaddict.com\/da\/wp-json\/wp\/v2\/product"}],"about":[{"href":"https:\/\/pistonaddict.com\/da\/wp-json\/wp\/v2\/types\/product"}],"replies":[{"embeddable":true,"href":"https:\/\/pistonaddict.com\/da\/wp-json\/wp\/v2\/comments?post=28005"}],"wp:featuredmedia":[{"embeddable":true,"href":"https:\/\/pistonaddict.com\/da\/wp-json\/wp\/v2\/media\/27890"}],"wp:attachment":[{"href":"https:\/\/pistonaddict.com\/da\/wp-json\/wp\/v2\/media?parent=28005"}],"wp:term":[{"taxonomy":"product_cat","embeddable":true,"href":"https:\/\/pistonaddict.com\/da\/wp-json\/wp\/v2\/product_cat?post=28005"},{"taxonomy":"product_tag","embeddable":true,"href":"https:\/\/pistonaddict.com\/da\/wp-json\/wp\/v2\/product_tag?post=28005"}],"curies":[{"name":"wp","href":"https:\/\/api.w.org\/{rel}","templated":true}]}}