{"id":108792,"date":"2024-06-11T17:05:07","date_gmt":"2024-06-11T15:05:07","guid":{"rendered":"https:\/\/pistonaddict.com\/product\/lamborghini-urraco-p250\/"},"modified":"2024-06-12T09:53:39","modified_gmt":"2024-06-12T07:53:39","slug":"lamborghini-urraco-p250","status":"publish","type":"product","link":"https:\/\/pistonaddict.com\/da\/product\/lamborghini-urraco-p250\/","title":{"rendered":"Lamborghini Urraco P250"},"content":{"rendered":"<h2>Udvendig<\/h2>\n<p>Udvendigt har denne italienske firepersoners bil en kileformet silhuet, som er karakteristisk for de fleste superbiler p\u00e5 den tid. Fronten domineres af de ikoniske pop-up-forlygter, som er en absolut n\u00f8dvendighed for at f\u00e5 plads til den flade, lavt h\u00e6ngende motorhjelm. Vi bev\u00e6ger os langs siderne, hvor de muskul\u00f8se hjulkasser med plads til de originale 14&#8243; aluf\u00e6lge med tidstypiske Michelin XWX-d\u00e6k er de mest i\u00f8jnefaldende. Desuden vil et skarpt \u00f8je f\u00e5 \u00f8je p\u00e5 en dobbelt ANSA i rustfrit st\u00e5l, lavet af den ber\u00f8mte tuner Abart, p\u00e5 bagsiden. Denne bil er lakeret i en elegant s\u00f8lvfinish, som giver et elegant overlay til dens aggressive fremtoning.<\/p>\n<h2>Interi\u00f8r<\/h2>\n<p>N\u00e5r d\u00f8rene \u00e5bnes, afsl\u00f8res Lamboens overd\u00e5dige Nero-interi\u00f8r, hvor fors\u00e6derne, hvis tilstand af s\u00e6lgeren beskrives som &#8216;nye&#8217;, er det mest bem\u00e6rkelsesv\u00e6rdige. Den samme beskrivelse kan bruges om den bageste b\u00e6nk, som er rummelig nok til at rumme to personer. N\u00e5r f\u00f8reren har sat sig til rette, ser han p\u00e5 et l\u00e6derrat med fire eger og en detaljeret instrumentgruppe bagved. Ud over speedometeret, der g\u00e5r op til 280 km\/t og en omdrejningst\u00e6ller p\u00e5 9000 o\/min, omfatter viserne ogs\u00e5 motortemperatur, olietryk og ladesp\u00e6nding. Instrumentbr\u00e6ttet er bekl\u00e6dt med m\u00f8rkegr\u00e5t Alcantara-l\u00e6der, som giver det en bl\u00f8d fornemmelse og et fladt udseende, der ikke reflekterer solens str\u00e5ler.<\/p>\n<h2>Mekanik<\/h2>\n<p>Som P250-model har denne Urraco en 2,5-liters V8-motor, der yder 250 hestekr\u00e6fter og et lige s\u00e5 imponerende drejningsmoment p\u00e5 220 Nm. Denne kraft overf\u00f8res via en 5-trins manuel gearkasse, hvilket sikrer 0-100-tider p\u00e5 lige under 7 sekunder og en tophastighed p\u00e5 240 kilometer i timen. Disse pr\u00e6stationstal, som er imponerende selv efter nutidens standarder, gjorde Uracco til en af de hurtigste fires\u00e6dere p\u00e5 det tidspunkt. K\u00f8reegenskaberne er pr\u00e6cise takket v\u00e6re en uafh\u00e6ngig affjedring, mens effektive og holdbare skivebremser p\u00e5 alle fire hjul s\u00f8rger for sikker opbremsning.<\/p>\n<h2>K\u00f8ret\u00f8jets historie<\/h2>\n<p>Den Lamborghini Urraco P250, vi har her, blev lavet i 1975 og har i \u00f8jeblikket 78.000 kilometer p\u00e5 uret. Gennem \u00e5rene blev bilen aldrig brugt p\u00e5 banen eller involveret i en ulykke. I 2016 fik den et omfattende eftersyn, hvor motoren og affjedringen blev fuldst\u00e6ndig ombygget, mens undervognen fik et nyt lag rustbeskyttelse. Samtidig blev interi\u00f8ret fuldst\u00e6ndig ompolstret, og bilen blev omlakeret. Visuelle fejl er begr\u00e6nset til en mindre skade p\u00e5 f\u00f8rerd\u00f8ren, som vil blive repareret inden levering til den fremtidige ejer. K\u00f8ret\u00f8jet befinder sig i \u00f8jeblikket i Spanien, hvor det har v\u00e6ret indregistreret siden dag \u00e9t.<\/p>\n<p><strong>Se koldstartsvideoen af denne fantastiske<\/strong> <strong>Lamborghini Urraco P250<\/strong>:<\/p>\n<p><iframe title=\"Cold Start Video of the amazing Lamborghini Urraco P250\" width=\"1200\" height=\"675\" src=\"https:\/\/www.youtube.com\/embed\/wt_LCr8LgcQ?feature=oembed\" frameborder=\"0\" allow=\"accelerometer; autoplay; clipboard-write; encrypted-media; gyroscope; picture-in-picture; web-share\" referrerpolicy=\"strict-origin-when-cross-origin\" allowfullscreen><\/iframe><\/p>\n<p><strong>Og videoturen:<\/strong><\/p>\n<p><iframe title=\"Video Tour of the Lamborghini Urraco P250\" width=\"1200\" height=\"675\" src=\"https:\/\/www.youtube.com\/embed\/azU8K1XDHOA?feature=oembed\" frameborder=\"0\" allow=\"accelerometer; autoplay; clipboard-write; encrypted-media; gyroscope; picture-in-picture; web-share\" referrerpolicy=\"strict-origin-when-cross-origin\" allowfullscreen><\/iframe><\/p>\n","protected":false},"excerpt":{"rendered":"<p>Urraco er opkaldt efter en race af kamptyre fra Miura og er en sportsvogn, der blev fremstillet af Lamborghini mellem 1972 og 1979. Denne firepersoners bil, designet af Bertone, skulle tage kampen op med konkurrenter som Ferrari 308 GT4 og den legendariske Porsche 911. P\u00e5 trods af at Urraco var fantastisk at se p\u00e5 og nem at k\u00f8re, var den ikke noget stort salgshit, og der blev kun fremstillet 791 biler i l\u00f8bet af de 7 \u00e5r, den blev produceret. Alligevel sikrer et s\u00e5 begr\u00e6nset produktionsantal eksklusivitet, s\u00e5 dem, der k\u00f8ber denne s\u00f8lvfarvede Lambo, f\u00e5r noget, der ikke ses ofte.<\/p>\n","protected":false},"featured_media":108752,"comment_status":"open","ping_status":"closed","template":"","meta":{"inline_featured_image":false},"product_cat":[701],"product_tag":[4247,4248,4246,1003],"acf":[],"yoast_head":"<!-- This site is optimized with the Yoast SEO plugin v22.5 - https:\/\/yoast.com\/wordpress\/plugins\/seo\/ -->\n<title>Lamborghini Urraco P250 - Piston Addict<\/title>\n<meta name=\"robots\" content=\"index, follow, max-snippet:-1, max-image-preview:large, max-video-preview:-1\" \/>\n<link rel=\"canonical\" href=\"https:\/\/pistonaddict.com\/da\/product\/lamborghini-urraco-p250\/\" \/>\n<meta property=\"og:locale\" content=\"da_DK\" \/>\n<meta property=\"og:type\" content=\"article\" \/>\n<meta property=\"og:title\" content=\"Lamborghini Urraco P250 - Piston Addict\" \/>\n<meta property=\"og:description\" content=\"Urraco er opkaldt efter en race af kamptyre fra Miura og er en sportsvogn, der blev fremstillet af Lamborghini mellem 1972 og 1979. Denne firepersoners bil, designet af Bertone, skulle tage kampen op med konkurrenter som Ferrari 308 GT4 og den legendariske Porsche 911. P\u00e5 trods af at Urraco var fantastisk at se p\u00e5 og nem at k\u00f8re, var den ikke noget stort salgshit, og der blev kun fremstillet 791 biler i l\u00f8bet af de 7 \u00e5r, den blev produceret. Alligevel sikrer et s\u00e5 begr\u00e6nset produktionsantal eksklusivitet, s\u00e5 dem, der k\u00f8ber denne s\u00f8lvfarvede Lambo, f\u00e5r noget, der ikke ses ofte.\" \/>\n<meta property=\"og:url\" content=\"https:\/\/pistonaddict.com\/da\/product\/lamborghini-urraco-p250\/\" \/>\n<meta property=\"og:site_name\" content=\"Piston Addict\" \/>\n<meta property=\"article:modified_time\" content=\"2024-06-12T07:53:39+00:00\" \/>\n<meta property=\"og:image\" content=\"https:\/\/pistonaddict.com\/wp-content\/uploads\/2024\/06\/IMG-20231121-WA0182.jpg\" \/>\n\t<meta property=\"og:image:width\" content=\"2048\" \/>\n\t<meta property=\"og:image:height\" content=\"1536\" \/>\n\t<meta property=\"og:image:type\" content=\"image\/jpeg\" \/>\n<meta name=\"twitter:card\" content=\"summary_large_image\" \/>\n<meta name=\"twitter:label1\" content=\"Estimeret l\u00e6setid\" \/>\n\t<meta name=\"twitter:data1\" content=\"2 minutter\" \/>\n<script type=\"application\/ld+json\" class=\"yoast-schema-graph\">{\"@context\":\"https:\/\/schema.org\",\"@graph\":[{\"@type\":\"WebPage\",\"@id\":\"https:\/\/pistonaddict.com\/da\/product\/lamborghini-urraco-p250\/\",\"url\":\"https:\/\/pistonaddict.com\/da\/product\/lamborghini-urraco-p250\/\",\"name\":\"Lamborghini Urraco P250 - Piston Addict\",\"isPartOf\":{\"@id\":\"https:\/\/pistonaddict.com\/da\/#website\"},\"primaryImageOfPage\":{\"@id\":\"https:\/\/pistonaddict.com\/da\/product\/lamborghini-urraco-p250\/#primaryimage\"},\"image\":{\"@id\":\"https:\/\/pistonaddict.com\/da\/product\/lamborghini-urraco-p250\/#primaryimage\"},\"thumbnailUrl\":\"https:\/\/pistonaddict.com\/wp-content\/uploads\/2024\/06\/IMG-20231121-WA0182.jpg\",\"datePublished\":\"2024-06-11T15:05:07+00:00\",\"dateModified\":\"2024-06-12T07:53:39+00:00\",\"breadcrumb\":{\"@id\":\"https:\/\/pistonaddict.com\/da\/product\/lamborghini-urraco-p250\/#breadcrumb\"},\"inLanguage\":\"da-DK\",\"potentialAction\":[{\"@type\":\"ReadAction\",\"target\":[\"https:\/\/pistonaddict.com\/da\/product\/lamborghini-urraco-p250\/\"]}]},{\"@type\":\"ImageObject\",\"inLanguage\":\"da-DK\",\"@id\":\"https:\/\/pistonaddict.com\/da\/product\/lamborghini-urraco-p250\/#primaryimage\",\"url\":\"https:\/\/pistonaddict.com\/wp-content\/uploads\/2024\/06\/IMG-20231121-WA0182.jpg\",\"contentUrl\":\"https:\/\/pistonaddict.com\/wp-content\/uploads\/2024\/06\/IMG-20231121-WA0182.jpg\",\"width\":2048,\"height\":1536},{\"@type\":\"BreadcrumbList\",\"@id\":\"https:\/\/pistonaddict.com\/da\/product\/lamborghini-urraco-p250\/#breadcrumb\",\"itemListElement\":[{\"@type\":\"ListItem\",\"position\":1,\"name\":\"Hjemmeside\",\"item\":\"https:\/\/pistonaddict.com\/da\/hjemmeside-2\/\"},{\"@type\":\"ListItem\",\"position\":2,\"name\":\"Auctions\",\"item\":\"https:\/\/pistonaddict.com\/auctions-listing\/\"},{\"@type\":\"ListItem\",\"position\":3,\"name\":\"Lamborghini Urraco P250\"}]},{\"@type\":\"WebSite\",\"@id\":\"https:\/\/pistonaddict.com\/da\/#website\",\"url\":\"https:\/\/pistonaddict.com\/da\/\",\"name\":\"Piston Addict\",\"description\":\"Only interesting vehicles\",\"publisher\":{\"@id\":\"https:\/\/pistonaddict.com\/da\/#organization\"},\"potentialAction\":[{\"@type\":\"SearchAction\",\"target\":{\"@type\":\"EntryPoint\",\"urlTemplate\":\"https:\/\/pistonaddict.com\/da\/?s={search_term_string}\"},\"query-input\":\"required name=search_term_string\"}],\"inLanguage\":\"da-DK\"},{\"@type\":\"Organization\",\"@id\":\"https:\/\/pistonaddict.com\/da\/#organization\",\"name\":\"Piston Addict\",\"url\":\"https:\/\/pistonaddict.com\/da\/\",\"logo\":{\"@type\":\"ImageObject\",\"inLanguage\":\"da-DK\",\"@id\":\"https:\/\/pistonaddict.com\/da\/#\/schema\/logo\/image\/\",\"url\":\"https:\/\/pistonaddict.com\/wp-content\/uploads\/2022\/07\/logo-6.png\",\"contentUrl\":\"https:\/\/pistonaddict.com\/wp-content\/uploads\/2022\/07\/logo-6.png\",\"width\":970,\"height\":200,\"caption\":\"Piston Addict\"},\"image\":{\"@id\":\"https:\/\/pistonaddict.com\/da\/#\/schema\/logo\/image\/\"}}]}<\/script>\n<!-- \/ Yoast SEO plugin. -->","yoast_head_json":{"title":"Lamborghini Urraco P250 - Piston Addict","robots":{"index":"index","follow":"follow","max-snippet":"max-snippet:-1","max-image-preview":"max-image-preview:large","max-video-preview":"max-video-preview:-1"},"canonical":"https:\/\/pistonaddict.com\/da\/product\/lamborghini-urraco-p250\/","og_locale":"da_DK","og_type":"article","og_title":"Lamborghini Urraco P250 - Piston Addict","og_description":"Urraco er opkaldt efter en race af kamptyre fra Miura og er en sportsvogn, der blev fremstillet af Lamborghini mellem 1972 og 1979. Denne firepersoners bil, designet af Bertone, skulle tage kampen op med konkurrenter som Ferrari 308 GT4 og den legendariske Porsche 911. P\u00e5 trods af at Urraco var fantastisk at se p\u00e5 og nem at k\u00f8re, var den ikke noget stort salgshit, og der blev kun fremstillet 791 biler i l\u00f8bet af de 7 \u00e5r, den blev produceret. Alligevel sikrer et s\u00e5 begr\u00e6nset produktionsantal eksklusivitet, s\u00e5 dem, der k\u00f8ber denne s\u00f8lvfarvede Lambo, f\u00e5r noget, der ikke ses ofte.","og_url":"https:\/\/pistonaddict.com\/da\/product\/lamborghini-urraco-p250\/","og_site_name":"Piston Addict","article_modified_time":"2024-06-12T07:53:39+00:00","og_image":[{"width":2048,"height":1536,"url":"https:\/\/pistonaddict.com\/wp-content\/uploads\/2024\/06\/IMG-20231121-WA0182.jpg","type":"image\/jpeg"}],"twitter_card":"summary_large_image","twitter_misc":{"Estimeret l\u00e6setid":"2 minutter"},"schema":{"@context":"https:\/\/schema.org","@graph":[{"@type":"WebPage","@id":"https:\/\/pistonaddict.com\/da\/product\/lamborghini-urraco-p250\/","url":"https:\/\/pistonaddict.com\/da\/product\/lamborghini-urraco-p250\/","name":"Lamborghini Urraco P250 - Piston Addict","isPartOf":{"@id":"https:\/\/pistonaddict.com\/da\/#website"},"primaryImageOfPage":{"@id":"https:\/\/pistonaddict.com\/da\/product\/lamborghini-urraco-p250\/#primaryimage"},"image":{"@id":"https:\/\/pistonaddict.com\/da\/product\/lamborghini-urraco-p250\/#primaryimage"},"thumbnailUrl":"https:\/\/pistonaddict.com\/wp-content\/uploads\/2024\/06\/IMG-20231121-WA0182.jpg","datePublished":"2024-06-11T15:05:07+00:00","dateModified":"2024-06-12T07:53:39+00:00","breadcrumb":{"@id":"https:\/\/pistonaddict.com\/da\/product\/lamborghini-urraco-p250\/#breadcrumb"},"inLanguage":"da-DK","potentialAction":[{"@type":"ReadAction","target":["https:\/\/pistonaddict.com\/da\/product\/lamborghini-urraco-p250\/"]}]},{"@type":"ImageObject","inLanguage":"da-DK","@id":"https:\/\/pistonaddict.com\/da\/product\/lamborghini-urraco-p250\/#primaryimage","url":"https:\/\/pistonaddict.com\/wp-content\/uploads\/2024\/06\/IMG-20231121-WA0182.jpg","contentUrl":"https:\/\/pistonaddict.com\/wp-content\/uploads\/2024\/06\/IMG-20231121-WA0182.jpg","width":2048,"height":1536},{"@type":"BreadcrumbList","@id":"https:\/\/pistonaddict.com\/da\/product\/lamborghini-urraco-p250\/#breadcrumb","itemListElement":[{"@type":"ListItem","position":1,"name":"Hjemmeside","item":"https:\/\/pistonaddict.com\/da\/hjemmeside-2\/"},{"@type":"ListItem","position":2,"name":"Auctions","item":"https:\/\/pistonaddict.com\/auctions-listing\/"},{"@type":"ListItem","position":3,"name":"Lamborghini Urraco P250"}]},{"@type":"WebSite","@id":"https:\/\/pistonaddict.com\/da\/#website","url":"https:\/\/pistonaddict.com\/da\/","name":"Piston Addict","description":"Only interesting vehicles","publisher":{"@id":"https:\/\/pistonaddict.com\/da\/#organization"},"potentialAction":[{"@type":"SearchAction","target":{"@type":"EntryPoint","urlTemplate":"https:\/\/pistonaddict.com\/da\/?s={search_term_string}"},"query-input":"required name=search_term_string"}],"inLanguage":"da-DK"},{"@type":"Organization","@id":"https:\/\/pistonaddict.com\/da\/#organization","name":"Piston Addict","url":"https:\/\/pistonaddict.com\/da\/","logo":{"@type":"ImageObject","inLanguage":"da-DK","@id":"https:\/\/pistonaddict.com\/da\/#\/schema\/logo\/image\/","url":"https:\/\/pistonaddict.com\/wp-content\/uploads\/2022\/07\/logo-6.png","contentUrl":"https:\/\/pistonaddict.com\/wp-content\/uploads\/2022\/07\/logo-6.png","width":970,"height":200,"caption":"Piston Addict"},"image":{"@id":"https:\/\/pistonaddict.com\/da\/#\/schema\/logo\/image\/"}}]}},"_links":{"self":[{"href":"https:\/\/pistonaddict.com\/da\/wp-json\/wp\/v2\/product\/108792"}],"collection":[{"href":"https:\/\/pistonaddict.com\/da\/wp-json\/wp\/v2\/product"}],"about":[{"href":"https:\/\/pistonaddict.com\/da\/wp-json\/wp\/v2\/types\/product"}],"replies":[{"embeddable":true,"href":"https:\/\/pistonaddict.com\/da\/wp-json\/wp\/v2\/comments?post=108792"}],"wp:featuredmedia":[{"embeddable":true,"href":"https:\/\/pistonaddict.com\/da\/wp-json\/wp\/v2\/media\/108752"}],"wp:attachment":[{"href":"https:\/\/pistonaddict.com\/da\/wp-json\/wp\/v2\/media?parent=108792"}],"wp:term":[{"taxonomy":"product_cat","embeddable":true,"href":"https:\/\/pistonaddict.com\/da\/wp-json\/wp\/v2\/product_cat?post=108792"},{"taxonomy":"product_tag","embeddable":true,"href":"https:\/\/pistonaddict.com\/da\/wp-json\/wp\/v2\/product_tag?post=108792"}],"curies":[{"name":"wp","href":"https:\/\/api.w.org\/{rel}","templated":true}]}}