{"id":104843,"date":"2024-05-21T11:33:26","date_gmt":"2024-05-21T09:33:26","guid":{"rendered":"https:\/\/pistonaddict.com\/product\/fisker-karma-2\/"},"modified":"2024-05-21T14:15:18","modified_gmt":"2024-05-21T12:15:18","slug":"fisker-karma-2","status":"publish","type":"product","link":"https:\/\/pistonaddict.com\/da\/product\/fisker-karma-2\/","title":{"rendered":"Fisker Karma"},"content":{"rendered":"<p><strong>Bilens historie<\/strong><\/p>\n<p>Fisker Karma, som er et vidnesbyrd om Henrik Fiskers genialitet, blev pr\u00e6senteret i 2011. Denne plug-in-hybridbil (PHEV) flyttede ikke kun gr\u00e6nserne for bildesign og -teknologi, men fangede ogs\u00e5 hjerter med sin sl\u00e5ende \u00e6stetik, sit luksuri\u00f8se interi\u00f8r og sin innovative teknik. Selv om hybrider ikke var en nyhed p\u00e5 det tidspunkt, omdefinerede Karma opfattelsen af dem og forvandlede dem fra dagligdags til ambiti\u00f8se. Den forener problemfrit ydeevne og b\u00e6redygtighed, hvilket g\u00f8r hybrider b\u00e5de milj\u00f8venlige og stilfulde og sp\u00e6ndende at k\u00f8re. Karma er drevet af en potent kombination af en 2,0-liters turboladet benzinmotor og to elmotorer og kan prale af imponerende pr\u00e6stationer. Dens acceleration fra 0 til 100 km\/t p\u00e5 blot 5,9 sekunder og en tophastighed p\u00e5 over 200 km\/t viste dens sportsvognsstamtavle. Alligevel opn\u00e5ede den disse bedrifter, mens den bevarede en prisv\u00e6rdig br\u00e6ndstofeffektivitet. Ud over dens ydeevne blev Karmas design dens afg\u00f8rende kendetegn. Dens yndefulde linjer og imponerende tilstedev\u00e6relse fik folk til at se p\u00e5 den, hvor end den kom frem, og den blev beundret af bilentusiaster verden over. Denne specifikke model, en anden serie fra 2013, er en sj\u00e6ldenhed og en eksklusivitet. Blandt de 2.349 Fisker Karmas, der blev fremstillet, er netop denne en af de sidste med serienummeret 2.259. En sj\u00e6lden perle, kun 188 k\u00f8ret\u00f8jer p\u00e5 verdensplan kan prale af denne unikke kombination af farve og f\u00e6lge.<\/p>\n<p><strong>Tilstand<\/strong><\/p>\n<p>Med kun 82.080 km, ledsaget af en omfattende servicehistorik og kun et par hengivne ejere, st\u00e5r denne Karma i uber\u00f8rt stand. Hvad ang\u00e5r br\u00e6ndstofeffektivitet, er Fiskers p\u00e5stand om en r\u00e6kkevidde p\u00e5 over 80 km udelukkende p\u00e5 el velbegrundet, hvilket g\u00f8r den velegnet til daglig pendling. Desuden er der bem\u00e6rkelsesv\u00e6rdige tal, n\u00e5r man bruger benzin og el, med et gennemsnit p\u00e5 kun 4,5 liter br\u00e6ndstof pr. 100 km. Potentielle k\u00f8bere vil s\u00e6tte pris p\u00e5 den omhyggelige vedligeholdelse af dette k\u00f8ret\u00f8j, som det fremg\u00e5r af de omfattende serviceb\u00f8ger. Der blev foretaget et olieskift i slutningen af 2022, en komplet service i marts 2024 og et eftersyn af bremsesystemet i maj 2024 for at sikre, at denne elegante sorte Karma er i topform. Det vigtigste at n\u00e6vne er, at batteriet var f\u00e6rdigt i 2017, da den nuv\u00e6rende ejer k\u00f8bte bilen &#8211; hvilket betyder, at fremtidige ejere vil f\u00e5 en problemfri ejeroplevelse.<\/p>\n<p><strong>Interi\u00f8r<\/strong><\/p>\n<p>Kombinationen af sort l\u00e6der og Alcantara passer perfekt til det udvendige, men det vigtigste er, at interi\u00f8ret er i ny stand uden revner, skader eller \u00e6ndringer. Infotainment- og audiosystemerne er til stede, og de rammel\u00f8se d\u00f8re bidrager til sedanens sportslige og coup\u00e9agtige fornemmelse. P\u00e5 grund af sin s\u00e6rlige konstruktion sidder Karma lavt og giver passagererne mere indvendig plads end konkurrenterne. Alle funktioner, som f.eks. s\u00e6devarme, er funktionelle og i god stand.<\/p>\n<p><strong>Udvendigt og hjul<\/strong><\/p>\n<p>Den skinnende sorte lak er i topform uden ridser, buler eller skader. Det unikke solcelletag er til stede og funktionelt og fungerer stadig som en af denne models mest bem\u00e6rkelsesv\u00e6rdige funktioner. Denne Karma er udstyret med 22 tommer f\u00e6lge (ekstraudstyr) med Pirelli-d\u00e6k p\u00e5 forhjulene og Goodyear-d\u00e6k p\u00e5 baghjulene. Ford\u00e6kkene blev monteret i marts 2024 og er i ny stand. Den eneste reparation, der er foretaget udvendigt, er en renovering af de unikke hjul, s\u00e5 de ser ud, som om de lige er blevet leveret.<\/p>\n<p><strong>Dokumentation<\/strong><\/p>\n<p>Denne bil befinder sig i Schweiz og s\u00e6lges af en privatperson. <a href=\"https:\/\/pistonaddict.com\/wp-content\/uploads\/2024\/05\/YH4K14AA4CA002259.pdf\">CarVertical-rapporten<\/a> er ren; der findes ingen beviser p\u00e5 ulykker, reparationer af ulykker, ejerskab eller juridiske problemer. Der er optegnelser over regelm\u00e6ssig vedligeholdelse, salgsregninger og kvitteringer. Der er ingen fabriksgaranti p\u00e5 denne model.<\/p>\n<p><strong>Se videoen af denne smukke Fisker Karma :<\/strong><\/p>\n<p><iframe title=\"Video Tour of the Fisker Karma for auction sale\" width=\"1200\" height=\"675\" src=\"https:\/\/www.youtube.com\/embed\/xv_ZkvmcPKw?feature=oembed\" frameborder=\"0\" allow=\"accelerometer; autoplay; clipboard-write; encrypted-media; gyroscope; picture-in-picture; web-share\" referrerpolicy=\"strict-origin-when-cross-origin\" allowfullscreen><\/iframe><\/p>\n","protected":false},"excerpt":{"rendered":"<p>Fisker Karma vil altid blive husket som en af de mest interessante og en af de f\u00f8rste hybrider, der var tilg\u00e6ngelige p\u00e5 verdensplan. Med sit unikke design, kraftfulde drivlinje, fantastiske funktioner og meget lave produktionstal er Karma faktisk den f\u00f8rste samlerbil i den moderne EV\/Hybrid-\u00e6ra. Fremtidens klassiker? Helt sikkert!<\/p>\n","protected":false},"featured_media":104614,"comment_status":"open","ping_status":"closed","template":"","meta":{"inline_featured_image":false},"product_cat":[701],"product_tag":[4089,4090,903,1772,4091],"acf":[],"yoast_head":"<!-- This site is optimized with the Yoast SEO plugin v22.5 - https:\/\/yoast.com\/wordpress\/plugins\/seo\/ -->\n<title>Fisker Karma - Piston Addict<\/title>\n<meta name=\"robots\" content=\"index, follow, max-snippet:-1, max-image-preview:large, max-video-preview:-1\" \/>\n<link rel=\"canonical\" href=\"https:\/\/pistonaddict.com\/da\/product\/fisker-karma-2\/\" \/>\n<meta property=\"og:locale\" content=\"da_DK\" \/>\n<meta property=\"og:type\" content=\"article\" \/>\n<meta property=\"og:title\" content=\"Fisker Karma - Piston Addict\" \/>\n<meta property=\"og:description\" content=\"Fisker Karma vil altid blive husket som en af de mest interessante og en af de f\u00f8rste hybrider, der var tilg\u00e6ngelige p\u00e5 verdensplan. Med sit unikke design, kraftfulde drivlinje, fantastiske funktioner og meget lave produktionstal er Karma faktisk den f\u00f8rste samlerbil i den moderne EV\/Hybrid-\u00e6ra. Fremtidens klassiker? Helt sikkert!\" \/>\n<meta property=\"og:url\" content=\"https:\/\/pistonaddict.com\/da\/product\/fisker-karma-2\/\" \/>\n<meta property=\"og:site_name\" content=\"Piston Addict\" \/>\n<meta property=\"article:modified_time\" content=\"2024-05-21T12:15:18+00:00\" \/>\n<meta property=\"og:image\" content=\"https:\/\/pistonaddict.com\/wp-content\/uploads\/2024\/05\/IMG-20240321-WA0010.jpg\" \/>\n\t<meta property=\"og:image:width\" content=\"2000\" \/>\n\t<meta property=\"og:image:height\" content=\"1500\" \/>\n\t<meta property=\"og:image:type\" content=\"image\/jpeg\" \/>\n<meta name=\"twitter:card\" content=\"summary_large_image\" \/>\n<meta name=\"twitter:label1\" content=\"Estimeret l\u00e6setid\" \/>\n\t<meta name=\"twitter:data1\" content=\"3 minutter\" \/>\n<script type=\"application\/ld+json\" class=\"yoast-schema-graph\">{\"@context\":\"https:\/\/schema.org\",\"@graph\":[{\"@type\":\"WebPage\",\"@id\":\"https:\/\/pistonaddict.com\/da\/product\/fisker-karma-2\/\",\"url\":\"https:\/\/pistonaddict.com\/da\/product\/fisker-karma-2\/\",\"name\":\"Fisker Karma - Piston Addict\",\"isPartOf\":{\"@id\":\"https:\/\/pistonaddict.com\/da\/#website\"},\"primaryImageOfPage\":{\"@id\":\"https:\/\/pistonaddict.com\/da\/product\/fisker-karma-2\/#primaryimage\"},\"image\":{\"@id\":\"https:\/\/pistonaddict.com\/da\/product\/fisker-karma-2\/#primaryimage\"},\"thumbnailUrl\":\"https:\/\/pistonaddict.com\/wp-content\/uploads\/2024\/05\/IMG-20240321-WA0010.jpg\",\"datePublished\":\"2024-05-21T09:33:26+00:00\",\"dateModified\":\"2024-05-21T12:15:18+00:00\",\"breadcrumb\":{\"@id\":\"https:\/\/pistonaddict.com\/da\/product\/fisker-karma-2\/#breadcrumb\"},\"inLanguage\":\"da-DK\",\"potentialAction\":[{\"@type\":\"ReadAction\",\"target\":[\"https:\/\/pistonaddict.com\/da\/product\/fisker-karma-2\/\"]}]},{\"@type\":\"ImageObject\",\"inLanguage\":\"da-DK\",\"@id\":\"https:\/\/pistonaddict.com\/da\/product\/fisker-karma-2\/#primaryimage\",\"url\":\"https:\/\/pistonaddict.com\/wp-content\/uploads\/2024\/05\/IMG-20240321-WA0010.jpg\",\"contentUrl\":\"https:\/\/pistonaddict.com\/wp-content\/uploads\/2024\/05\/IMG-20240321-WA0010.jpg\",\"width\":2000,\"height\":1500},{\"@type\":\"BreadcrumbList\",\"@id\":\"https:\/\/pistonaddict.com\/da\/product\/fisker-karma-2\/#breadcrumb\",\"itemListElement\":[{\"@type\":\"ListItem\",\"position\":1,\"name\":\"Hjemmeside\",\"item\":\"https:\/\/pistonaddict.com\/da\/hjemmeside-2\/\"},{\"@type\":\"ListItem\",\"position\":2,\"name\":\"Auctions\",\"item\":\"https:\/\/pistonaddict.com\/auctions-listing\/\"},{\"@type\":\"ListItem\",\"position\":3,\"name\":\"Fisker Karma\"}]},{\"@type\":\"WebSite\",\"@id\":\"https:\/\/pistonaddict.com\/da\/#website\",\"url\":\"https:\/\/pistonaddict.com\/da\/\",\"name\":\"Piston Addict\",\"description\":\"Only interesting vehicles\",\"publisher\":{\"@id\":\"https:\/\/pistonaddict.com\/da\/#organization\"},\"potentialAction\":[{\"@type\":\"SearchAction\",\"target\":{\"@type\":\"EntryPoint\",\"urlTemplate\":\"https:\/\/pistonaddict.com\/da\/?s={search_term_string}\"},\"query-input\":\"required name=search_term_string\"}],\"inLanguage\":\"da-DK\"},{\"@type\":\"Organization\",\"@id\":\"https:\/\/pistonaddict.com\/da\/#organization\",\"name\":\"Piston Addict\",\"url\":\"https:\/\/pistonaddict.com\/da\/\",\"logo\":{\"@type\":\"ImageObject\",\"inLanguage\":\"da-DK\",\"@id\":\"https:\/\/pistonaddict.com\/da\/#\/schema\/logo\/image\/\",\"url\":\"https:\/\/pistonaddict.com\/wp-content\/uploads\/2022\/07\/logo-6.png\",\"contentUrl\":\"https:\/\/pistonaddict.com\/wp-content\/uploads\/2022\/07\/logo-6.png\",\"width\":970,\"height\":200,\"caption\":\"Piston Addict\"},\"image\":{\"@id\":\"https:\/\/pistonaddict.com\/da\/#\/schema\/logo\/image\/\"}}]}<\/script>\n<!-- \/ Yoast SEO plugin. -->","yoast_head_json":{"title":"Fisker Karma - Piston Addict","robots":{"index":"index","follow":"follow","max-snippet":"max-snippet:-1","max-image-preview":"max-image-preview:large","max-video-preview":"max-video-preview:-1"},"canonical":"https:\/\/pistonaddict.com\/da\/product\/fisker-karma-2\/","og_locale":"da_DK","og_type":"article","og_title":"Fisker Karma - Piston Addict","og_description":"Fisker Karma vil altid blive husket som en af de mest interessante og en af de f\u00f8rste hybrider, der var tilg\u00e6ngelige p\u00e5 verdensplan. Med sit unikke design, kraftfulde drivlinje, fantastiske funktioner og meget lave produktionstal er Karma faktisk den f\u00f8rste samlerbil i den moderne EV\/Hybrid-\u00e6ra. Fremtidens klassiker? Helt sikkert!","og_url":"https:\/\/pistonaddict.com\/da\/product\/fisker-karma-2\/","og_site_name":"Piston Addict","article_modified_time":"2024-05-21T12:15:18+00:00","og_image":[{"width":2000,"height":1500,"url":"https:\/\/pistonaddict.com\/wp-content\/uploads\/2024\/05\/IMG-20240321-WA0010.jpg","type":"image\/jpeg"}],"twitter_card":"summary_large_image","twitter_misc":{"Estimeret l\u00e6setid":"3 minutter"},"schema":{"@context":"https:\/\/schema.org","@graph":[{"@type":"WebPage","@id":"https:\/\/pistonaddict.com\/da\/product\/fisker-karma-2\/","url":"https:\/\/pistonaddict.com\/da\/product\/fisker-karma-2\/","name":"Fisker Karma - Piston Addict","isPartOf":{"@id":"https:\/\/pistonaddict.com\/da\/#website"},"primaryImageOfPage":{"@id":"https:\/\/pistonaddict.com\/da\/product\/fisker-karma-2\/#primaryimage"},"image":{"@id":"https:\/\/pistonaddict.com\/da\/product\/fisker-karma-2\/#primaryimage"},"thumbnailUrl":"https:\/\/pistonaddict.com\/wp-content\/uploads\/2024\/05\/IMG-20240321-WA0010.jpg","datePublished":"2024-05-21T09:33:26+00:00","dateModified":"2024-05-21T12:15:18+00:00","breadcrumb":{"@id":"https:\/\/pistonaddict.com\/da\/product\/fisker-karma-2\/#breadcrumb"},"inLanguage":"da-DK","potentialAction":[{"@type":"ReadAction","target":["https:\/\/pistonaddict.com\/da\/product\/fisker-karma-2\/"]}]},{"@type":"ImageObject","inLanguage":"da-DK","@id":"https:\/\/pistonaddict.com\/da\/product\/fisker-karma-2\/#primaryimage","url":"https:\/\/pistonaddict.com\/wp-content\/uploads\/2024\/05\/IMG-20240321-WA0010.jpg","contentUrl":"https:\/\/pistonaddict.com\/wp-content\/uploads\/2024\/05\/IMG-20240321-WA0010.jpg","width":2000,"height":1500},{"@type":"BreadcrumbList","@id":"https:\/\/pistonaddict.com\/da\/product\/fisker-karma-2\/#breadcrumb","itemListElement":[{"@type":"ListItem","position":1,"name":"Hjemmeside","item":"https:\/\/pistonaddict.com\/da\/hjemmeside-2\/"},{"@type":"ListItem","position":2,"name":"Auctions","item":"https:\/\/pistonaddict.com\/auctions-listing\/"},{"@type":"ListItem","position":3,"name":"Fisker Karma"}]},{"@type":"WebSite","@id":"https:\/\/pistonaddict.com\/da\/#website","url":"https:\/\/pistonaddict.com\/da\/","name":"Piston Addict","description":"Only interesting vehicles","publisher":{"@id":"https:\/\/pistonaddict.com\/da\/#organization"},"potentialAction":[{"@type":"SearchAction","target":{"@type":"EntryPoint","urlTemplate":"https:\/\/pistonaddict.com\/da\/?s={search_term_string}"},"query-input":"required name=search_term_string"}],"inLanguage":"da-DK"},{"@type":"Organization","@id":"https:\/\/pistonaddict.com\/da\/#organization","name":"Piston Addict","url":"https:\/\/pistonaddict.com\/da\/","logo":{"@type":"ImageObject","inLanguage":"da-DK","@id":"https:\/\/pistonaddict.com\/da\/#\/schema\/logo\/image\/","url":"https:\/\/pistonaddict.com\/wp-content\/uploads\/2022\/07\/logo-6.png","contentUrl":"https:\/\/pistonaddict.com\/wp-content\/uploads\/2022\/07\/logo-6.png","width":970,"height":200,"caption":"Piston Addict"},"image":{"@id":"https:\/\/pistonaddict.com\/da\/#\/schema\/logo\/image\/"}}]}},"_links":{"self":[{"href":"https:\/\/pistonaddict.com\/da\/wp-json\/wp\/v2\/product\/104843"}],"collection":[{"href":"https:\/\/pistonaddict.com\/da\/wp-json\/wp\/v2\/product"}],"about":[{"href":"https:\/\/pistonaddict.com\/da\/wp-json\/wp\/v2\/types\/product"}],"replies":[{"embeddable":true,"href":"https:\/\/pistonaddict.com\/da\/wp-json\/wp\/v2\/comments?post=104843"}],"wp:featuredmedia":[{"embeddable":true,"href":"https:\/\/pistonaddict.com\/da\/wp-json\/wp\/v2\/media\/104614"}],"wp:attachment":[{"href":"https:\/\/pistonaddict.com\/da\/wp-json\/wp\/v2\/media?parent=104843"}],"wp:term":[{"taxonomy":"product_cat","embeddable":true,"href":"https:\/\/pistonaddict.com\/da\/wp-json\/wp\/v2\/product_cat?post=104843"},{"taxonomy":"product_tag","embeddable":true,"href":"https:\/\/pistonaddict.com\/da\/wp-json\/wp\/v2\/product_tag?post=104843"}],"curies":[{"name":"wp","href":"https:\/\/api.w.org\/{rel}","templated":true}]}}