{"id":104240,"date":"2024-05-17T11:16:20","date_gmt":"2024-05-17T09:16:20","guid":{"rendered":"https:\/\/pistonaddict.com\/product\/1979-pontiac-bonneville-brougham\/"},"modified":"2024-05-17T15:57:17","modified_gmt":"2024-05-17T13:57:17","slug":"1979-pontiac-bonneville-brougham","status":"publish","type":"product","link":"https:\/\/pistonaddict.com\/da\/product\/1979-pontiac-bonneville-brougham\/","title":{"rendered":"1979 Pontiac Bonneville Brougham"},"content":{"rendered":"<p><strong>Bilens historie<\/strong><\/p>\n<p>I GM&#8217;s nomenklatur havde Pontiac Bonneville en s\u00e6rlig plads. Selv om den var n\u00e6rt besl\u00e6gtet med de mere hverdagsagtige Chevrolet Impala og Caprice, skilte den sig klart ud fra resten af racen med sit unikke design, sin eksklusive luksus og sine gode pr\u00e6stationer. Siden den f\u00f8rste Bonneville-model blev introduceret i 1958, har denne navneskilt haft en s\u00e6rlig tiltr\u00e6kningskraft blandt amerikanske bilfans. P\u00e5 trods af at Bonneville 1979 var mindre kraftfuld end sine forg\u00e6ngere, blev den betragtet som en af de bedste sedaner p\u00e5 markedet og det bedste valg for kr\u00e6sne entusiaster, der \u00f8nsker en blanding af luksus og performance. Denne sjette generation blev introduceret i 1977 og solgt frem til 1981, f\u00f8r GM erstattede den med en mindre og ikke s\u00e5 attraktiv model. Det er derfor, at netop denne Bonneville er s\u00e5 interessant. Ikke alene er det en af de sidste \u00e6gte Pontiac-sedaner, men det er ogs\u00e5 et eksemplar med en unik historie, og den er i pletfri stand. Da det er en Bonneville Brougham (topmodellen), er den ogs\u00e5 ret sj\u00e6lden, og Pontiac lavede kun ca. 17.300 eksemplarer det \u00e5r. Under motorhjelmen ligger en 350 V8 (5,7 liter) (ekstraudstyr) med 170 hk koblet til en 4-trins automatgearkasse.<\/p>\n<p>Dette s\u00e6rlige eksemplar blev oprindeligt solgt i Mexico i 1979 og umiddelbart efter importeret til Spanien. Det er derfor, den har et speedometer i kilometer og andre specifikke detaljer. Ejeren importerede den og brugte den sporadisk, s\u00e5 bilen k\u00f8rte kun 31.000 kilometer. Den nuv\u00e6rende ejer erhvervede den i 2019 fra den oprindelige ejers familie og restaurerede k\u00f8ret\u00f8jet (lakering og f\u00e5 detaljer), hvilket bragte denne eftertragtede sedan til en ny tilstand.<\/p>\n<p><strong>Interi\u00f8r<\/strong><\/p>\n<p>N\u00e5r du s\u00e6tter dig bag rattet i en Pontiac Bonneville fra 1979, vil dine forestillinger om, hvad et luksuri\u00f8st interi\u00f8r er, straks \u00e6ndre sig. Massive og behagelige velours\u00e6der, masser af indvendig plads, kromdetaljer og st\u00f8jsvaghed er uovertruffen selv af mange aldrig-biler. Det karamelfarvede indtr\u00e6k og t\u00e6pperne passer perfekt til tr\u00e6indl\u00e6ggene og den udvendige farve, og den er et godt eksempel p\u00e5 Detroits \u00e6stetik i slutningen af 70&#8217;erne. Det er ogs\u00e5 et veludstyret k\u00f8ret\u00f8j med elruder og -spejle, automatisk klimaanl\u00e6g konverteret til moderne gas, stereoanl\u00e6g og fartpilot. Alt er fuldt funktionsdygtigt og uden skader.<\/p>\n<p><strong>Bilens tilstand<\/strong><\/p>\n<p>Med pr\u00e6cis 31.619 kilometer p\u00e5 t\u00e6lleren har denne Bonneville Brougham altid st\u00e5et i garage og under et unikt cover, n\u00e5r den ikke var i brug. P\u00e5 grund af den nylige omlakering i den originale farve kan vi med sikkerhed sige, at k\u00f8ret\u00f8jet er i s\u00e5 godt som ny stand. Kromdetaljerne er blanke, og alle pyntelister er i perfekt stand med originale f\u00e6lge og tidstypiske d\u00e6k. Bilen blev serviceret, olien blev skiftet, og bremserne blev efterset i april 2024, mens noget elektrisk arbejde blev udf\u00f8rt i 2021. I betragtning af kilometertal, stand og forsyn, kunne dette v\u00e6re den bedste Bonneville Brougham fra 1979. Denne bil har best\u00e5et ITV&#8217;s tekniske inspektion, som er gyldig indtil 2028.<\/p>\n<p><strong>Eksteri\u00f8r og hjul<\/strong><\/p>\n<p>Karrosseriet er fejlfrit efter professionel og korrekt nylakering i den originale farve. Overmalingen var vellykket, da karosseriet var perfekt bevaret uden korrosion, skader eller reparationer. Med originale tr\u00e5dhjul monterede ejeren de karakteristiske og originale whitewall-d\u00e6k i 2021.<\/p>\n<p><strong>Dokumentation<\/strong><\/p>\n<p>Bilen befinder sig i Spanien og leveres med en omfattende dokumentation, herunder kvitteringer fra vedligeholdelse, dokumentation fra spansk bilinspektion, godkendelse af status som klassisk bil og s\u00e5 videre. Der er ingen optegnelser over skader, tyveri eller forsikringskrav. Dokumentationen d\u00e6kker k\u00f8ret\u00f8jet fra f\u00f8rste dag og er fyldt med beviser p\u00e5 enest\u00e5ende pleje.<\/p>\n<p><strong>Se koldstartsvideoen af denne pletfri Pontiac Bonneville fra 1979:<\/strong><\/p>\n<p><iframe title=\"Cold Start Video of the incredible 1979 Pontiac Bonneville\" width=\"1200\" height=\"675\" src=\"https:\/\/www.youtube.com\/embed\/6DKO8uhEkN8?feature=oembed\" frameborder=\"0\" allow=\"accelerometer; autoplay; clipboard-write; encrypted-media; gyroscope; picture-in-picture; web-share\" referrerpolicy=\"strict-origin-when-cross-origin\" allowfullscreen><\/iframe><\/p>\n","protected":false},"excerpt":{"rendered":"<p>I bilhistorien vil Pontiac blive husket som GM&#8217;s sp\u00e6ndende m\u00e6rke med en r\u00e6kke kraftfulde muskelbiler, elegante former og innovative designs. Bonneville fra 1979 ligger i toppen af modelprogrammet og markerer afslutningen p\u00e5 en \u00e6ra for sedaner i fuld st\u00f8rrelse. Med uovertruffen stil, masser af plads og en r\u00e6kke luksusfunktioner er denne sedan et godt eksempel p\u00e5 en klassisk amerikansk bil.<\/p>\n","protected":false},"featured_media":104283,"comment_status":"open","ping_status":"closed","template":"","meta":{"inline_featured_image":false},"product_cat":[701],"product_tag":[3977,4023,903],"acf":[],"yoast_head":"<!-- This site is optimized with the Yoast SEO plugin v22.5 - https:\/\/yoast.com\/wordpress\/plugins\/seo\/ -->\n<title>1979 Pontiac Bonneville Brougham - Piston Addict<\/title>\n<meta name=\"robots\" content=\"index, follow, max-snippet:-1, max-image-preview:large, max-video-preview:-1\" \/>\n<link rel=\"canonical\" href=\"https:\/\/pistonaddict.com\/da\/product\/1979-pontiac-bonneville-brougham\/\" \/>\n<meta property=\"og:locale\" content=\"da_DK\" \/>\n<meta property=\"og:type\" content=\"article\" \/>\n<meta property=\"og:title\" content=\"1979 Pontiac Bonneville Brougham - Piston Addict\" \/>\n<meta property=\"og:description\" content=\"I bilhistorien vil Pontiac blive husket som GM&#039;s sp\u00e6ndende m\u00e6rke med en r\u00e6kke kraftfulde muskelbiler, elegante former og innovative designs. Bonneville fra 1979 ligger i toppen af modelprogrammet og markerer afslutningen p\u00e5 en \u00e6ra for sedaner i fuld st\u00f8rrelse. Med uovertruffen stil, masser af plads og en r\u00e6kke luksusfunktioner er denne sedan et godt eksempel p\u00e5 en klassisk amerikansk bil.\" \/>\n<meta property=\"og:url\" content=\"https:\/\/pistonaddict.com\/da\/product\/1979-pontiac-bonneville-brougham\/\" \/>\n<meta property=\"og:site_name\" content=\"Piston Addict\" \/>\n<meta property=\"article:modified_time\" content=\"2024-05-17T13:57:17+00:00\" \/>\n<meta property=\"og:image\" content=\"https:\/\/pistonaddict.com\/wp-content\/uploads\/2024\/05\/5a7bfe0d-cda7-49a4-89d2-85a67cfe2d90-1.jpg\" \/>\n\t<meta property=\"og:image:width\" content=\"2016\" \/>\n\t<meta property=\"og:image:height\" content=\"1134\" \/>\n\t<meta property=\"og:image:type\" content=\"image\/jpeg\" \/>\n<meta name=\"twitter:card\" content=\"summary_large_image\" \/>\n<meta name=\"twitter:label1\" content=\"Estimeret l\u00e6setid\" \/>\n\t<meta name=\"twitter:data1\" content=\"3 minutter\" \/>\n<script type=\"application\/ld+json\" class=\"yoast-schema-graph\">{\"@context\":\"https:\/\/schema.org\",\"@graph\":[{\"@type\":\"WebPage\",\"@id\":\"https:\/\/pistonaddict.com\/da\/product\/1979-pontiac-bonneville-brougham\/\",\"url\":\"https:\/\/pistonaddict.com\/da\/product\/1979-pontiac-bonneville-brougham\/\",\"name\":\"1979 Pontiac Bonneville Brougham - Piston Addict\",\"isPartOf\":{\"@id\":\"https:\/\/pistonaddict.com\/da\/#website\"},\"primaryImageOfPage\":{\"@id\":\"https:\/\/pistonaddict.com\/da\/product\/1979-pontiac-bonneville-brougham\/#primaryimage\"},\"image\":{\"@id\":\"https:\/\/pistonaddict.com\/da\/product\/1979-pontiac-bonneville-brougham\/#primaryimage\"},\"thumbnailUrl\":\"https:\/\/pistonaddict.com\/wp-content\/uploads\/2024\/05\/5a7bfe0d-cda7-49a4-89d2-85a67cfe2d90-1.jpg\",\"datePublished\":\"2024-05-17T09:16:20+00:00\",\"dateModified\":\"2024-05-17T13:57:17+00:00\",\"breadcrumb\":{\"@id\":\"https:\/\/pistonaddict.com\/da\/product\/1979-pontiac-bonneville-brougham\/#breadcrumb\"},\"inLanguage\":\"da-DK\",\"potentialAction\":[{\"@type\":\"ReadAction\",\"target\":[\"https:\/\/pistonaddict.com\/da\/product\/1979-pontiac-bonneville-brougham\/\"]}]},{\"@type\":\"ImageObject\",\"inLanguage\":\"da-DK\",\"@id\":\"https:\/\/pistonaddict.com\/da\/product\/1979-pontiac-bonneville-brougham\/#primaryimage\",\"url\":\"https:\/\/pistonaddict.com\/wp-content\/uploads\/2024\/05\/5a7bfe0d-cda7-49a4-89d2-85a67cfe2d90-1.jpg\",\"contentUrl\":\"https:\/\/pistonaddict.com\/wp-content\/uploads\/2024\/05\/5a7bfe0d-cda7-49a4-89d2-85a67cfe2d90-1.jpg\",\"width\":2016,\"height\":1134},{\"@type\":\"BreadcrumbList\",\"@id\":\"https:\/\/pistonaddict.com\/da\/product\/1979-pontiac-bonneville-brougham\/#breadcrumb\",\"itemListElement\":[{\"@type\":\"ListItem\",\"position\":1,\"name\":\"Hjemmeside\",\"item\":\"https:\/\/pistonaddict.com\/da\/hjemmeside-2\/\"},{\"@type\":\"ListItem\",\"position\":2,\"name\":\"Auctions\",\"item\":\"https:\/\/pistonaddict.com\/auctions-listing\/\"},{\"@type\":\"ListItem\",\"position\":3,\"name\":\"1979 Pontiac Bonneville Brougham\"}]},{\"@type\":\"WebSite\",\"@id\":\"https:\/\/pistonaddict.com\/da\/#website\",\"url\":\"https:\/\/pistonaddict.com\/da\/\",\"name\":\"Piston Addict\",\"description\":\"Only interesting vehicles\",\"publisher\":{\"@id\":\"https:\/\/pistonaddict.com\/da\/#organization\"},\"potentialAction\":[{\"@type\":\"SearchAction\",\"target\":{\"@type\":\"EntryPoint\",\"urlTemplate\":\"https:\/\/pistonaddict.com\/da\/?s={search_term_string}\"},\"query-input\":\"required name=search_term_string\"}],\"inLanguage\":\"da-DK\"},{\"@type\":\"Organization\",\"@id\":\"https:\/\/pistonaddict.com\/da\/#organization\",\"name\":\"Piston Addict\",\"url\":\"https:\/\/pistonaddict.com\/da\/\",\"logo\":{\"@type\":\"ImageObject\",\"inLanguage\":\"da-DK\",\"@id\":\"https:\/\/pistonaddict.com\/da\/#\/schema\/logo\/image\/\",\"url\":\"https:\/\/pistonaddict.com\/wp-content\/uploads\/2022\/07\/logo-6.png\",\"contentUrl\":\"https:\/\/pistonaddict.com\/wp-content\/uploads\/2022\/07\/logo-6.png\",\"width\":970,\"height\":200,\"caption\":\"Piston Addict\"},\"image\":{\"@id\":\"https:\/\/pistonaddict.com\/da\/#\/schema\/logo\/image\/\"}}]}<\/script>\n<!-- \/ Yoast SEO plugin. -->","yoast_head_json":{"title":"1979 Pontiac Bonneville Brougham - Piston Addict","robots":{"index":"index","follow":"follow","max-snippet":"max-snippet:-1","max-image-preview":"max-image-preview:large","max-video-preview":"max-video-preview:-1"},"canonical":"https:\/\/pistonaddict.com\/da\/product\/1979-pontiac-bonneville-brougham\/","og_locale":"da_DK","og_type":"article","og_title":"1979 Pontiac Bonneville Brougham - Piston Addict","og_description":"I bilhistorien vil Pontiac blive husket som GM's sp\u00e6ndende m\u00e6rke med en r\u00e6kke kraftfulde muskelbiler, elegante former og innovative designs. Bonneville fra 1979 ligger i toppen af modelprogrammet og markerer afslutningen p\u00e5 en \u00e6ra for sedaner i fuld st\u00f8rrelse. Med uovertruffen stil, masser af plads og en r\u00e6kke luksusfunktioner er denne sedan et godt eksempel p\u00e5 en klassisk amerikansk bil.","og_url":"https:\/\/pistonaddict.com\/da\/product\/1979-pontiac-bonneville-brougham\/","og_site_name":"Piston Addict","article_modified_time":"2024-05-17T13:57:17+00:00","og_image":[{"width":2016,"height":1134,"url":"https:\/\/pistonaddict.com\/wp-content\/uploads\/2024\/05\/5a7bfe0d-cda7-49a4-89d2-85a67cfe2d90-1.jpg","type":"image\/jpeg"}],"twitter_card":"summary_large_image","twitter_misc":{"Estimeret l\u00e6setid":"3 minutter"},"schema":{"@context":"https:\/\/schema.org","@graph":[{"@type":"WebPage","@id":"https:\/\/pistonaddict.com\/da\/product\/1979-pontiac-bonneville-brougham\/","url":"https:\/\/pistonaddict.com\/da\/product\/1979-pontiac-bonneville-brougham\/","name":"1979 Pontiac Bonneville Brougham - Piston Addict","isPartOf":{"@id":"https:\/\/pistonaddict.com\/da\/#website"},"primaryImageOfPage":{"@id":"https:\/\/pistonaddict.com\/da\/product\/1979-pontiac-bonneville-brougham\/#primaryimage"},"image":{"@id":"https:\/\/pistonaddict.com\/da\/product\/1979-pontiac-bonneville-brougham\/#primaryimage"},"thumbnailUrl":"https:\/\/pistonaddict.com\/wp-content\/uploads\/2024\/05\/5a7bfe0d-cda7-49a4-89d2-85a67cfe2d90-1.jpg","datePublished":"2024-05-17T09:16:20+00:00","dateModified":"2024-05-17T13:57:17+00:00","breadcrumb":{"@id":"https:\/\/pistonaddict.com\/da\/product\/1979-pontiac-bonneville-brougham\/#breadcrumb"},"inLanguage":"da-DK","potentialAction":[{"@type":"ReadAction","target":["https:\/\/pistonaddict.com\/da\/product\/1979-pontiac-bonneville-brougham\/"]}]},{"@type":"ImageObject","inLanguage":"da-DK","@id":"https:\/\/pistonaddict.com\/da\/product\/1979-pontiac-bonneville-brougham\/#primaryimage","url":"https:\/\/pistonaddict.com\/wp-content\/uploads\/2024\/05\/5a7bfe0d-cda7-49a4-89d2-85a67cfe2d90-1.jpg","contentUrl":"https:\/\/pistonaddict.com\/wp-content\/uploads\/2024\/05\/5a7bfe0d-cda7-49a4-89d2-85a67cfe2d90-1.jpg","width":2016,"height":1134},{"@type":"BreadcrumbList","@id":"https:\/\/pistonaddict.com\/da\/product\/1979-pontiac-bonneville-brougham\/#breadcrumb","itemListElement":[{"@type":"ListItem","position":1,"name":"Hjemmeside","item":"https:\/\/pistonaddict.com\/da\/hjemmeside-2\/"},{"@type":"ListItem","position":2,"name":"Auctions","item":"https:\/\/pistonaddict.com\/auctions-listing\/"},{"@type":"ListItem","position":3,"name":"1979 Pontiac Bonneville Brougham"}]},{"@type":"WebSite","@id":"https:\/\/pistonaddict.com\/da\/#website","url":"https:\/\/pistonaddict.com\/da\/","name":"Piston Addict","description":"Only interesting vehicles","publisher":{"@id":"https:\/\/pistonaddict.com\/da\/#organization"},"potentialAction":[{"@type":"SearchAction","target":{"@type":"EntryPoint","urlTemplate":"https:\/\/pistonaddict.com\/da\/?s={search_term_string}"},"query-input":"required name=search_term_string"}],"inLanguage":"da-DK"},{"@type":"Organization","@id":"https:\/\/pistonaddict.com\/da\/#organization","name":"Piston Addict","url":"https:\/\/pistonaddict.com\/da\/","logo":{"@type":"ImageObject","inLanguage":"da-DK","@id":"https:\/\/pistonaddict.com\/da\/#\/schema\/logo\/image\/","url":"https:\/\/pistonaddict.com\/wp-content\/uploads\/2022\/07\/logo-6.png","contentUrl":"https:\/\/pistonaddict.com\/wp-content\/uploads\/2022\/07\/logo-6.png","width":970,"height":200,"caption":"Piston Addict"},"image":{"@id":"https:\/\/pistonaddict.com\/da\/#\/schema\/logo\/image\/"}}]}},"_links":{"self":[{"href":"https:\/\/pistonaddict.com\/da\/wp-json\/wp\/v2\/product\/104240"}],"collection":[{"href":"https:\/\/pistonaddict.com\/da\/wp-json\/wp\/v2\/product"}],"about":[{"href":"https:\/\/pistonaddict.com\/da\/wp-json\/wp\/v2\/types\/product"}],"replies":[{"embeddable":true,"href":"https:\/\/pistonaddict.com\/da\/wp-json\/wp\/v2\/comments?post=104240"}],"wp:featuredmedia":[{"embeddable":true,"href":"https:\/\/pistonaddict.com\/da\/wp-json\/wp\/v2\/media\/104283"}],"wp:attachment":[{"href":"https:\/\/pistonaddict.com\/da\/wp-json\/wp\/v2\/media?parent=104240"}],"wp:term":[{"taxonomy":"product_cat","embeddable":true,"href":"https:\/\/pistonaddict.com\/da\/wp-json\/wp\/v2\/product_cat?post=104240"},{"taxonomy":"product_tag","embeddable":true,"href":"https:\/\/pistonaddict.com\/da\/wp-json\/wp\/v2\/product_tag?post=104240"}],"curies":[{"name":"wp","href":"https:\/\/api.w.org\/{rel}","templated":true}]}}