{"id":51255,"date":"2022-04-28T09:17:25","date_gmt":"2022-04-28T07:17:25","guid":{"rendered":"https:\/\/pistonaddict.com\/hjemmeside-2\/"},"modified":"2024-05-17T17:25:32","modified_gmt":"2024-05-17T15:25:32","slug":"hjemmeside-2","status":"publish","type":"page","link":"https:\/\/pistonaddict.com\/da\/","title":{"rendered":"Hjemmeside"},"content":{"rendered":"","protected":false},"excerpt":{"rendered":"","protected":false},"author":1,"featured_media":0,"parent":0,"menu_order":0,"comment_status":"closed","ping_status":"closed","template":"template-parts\/tpl-accueil.php","meta":{"inline_featured_image":false,"footnotes":""},"acf":[],"yoast_head":"<!-- This site is optimized with the Yoast SEO plugin v22.5 - https:\/\/yoast.com\/wordpress\/plugins\/seo\/ -->\n<title>Piston Addict : Markedsplads for online bilauktioner<\/title>\n<meta name=\"description\" content=\"Piston Addict auktioner er den internationale markedsplads for veteranbiler og klassiske k\u00f8ret\u00f8jer. S\u00e6lg og k\u00f8b dit dr\u00f8mmek\u00f8ret\u00f8j p\u00e5 auktioner p\u00e5 Piston Addict, kun interessante k\u00f8ret\u00f8jer, fra veteranmotorcykler til hyperbiler. Du kan ogs\u00e5 informere dig selv om din n\u00e6ste bil med Piston Addict-bilartikler skrevet af vores biljournalister og stille sp\u00f8rgsm\u00e5l til Piston Addict-f\u00e6llesskabet.\" \/>\n<meta name=\"robots\" content=\"index, follow, max-snippet:-1, max-image-preview:large, max-video-preview:-1\" \/>\n<link rel=\"canonical\" href=\"https:\/\/pistonaddict.com\/da\/\" \/>\n<meta property=\"og:locale\" content=\"da_DK\" \/>\n<meta property=\"og:type\" content=\"article\" \/>\n<meta property=\"og:title\" content=\"Piston Addict : Markedsplads for online bilauktioner\" \/>\n<meta property=\"og:description\" content=\"Piston Addict auktioner er den internationale markedsplads for veteranbiler og klassiske k\u00f8ret\u00f8jer. S\u00e6lg og k\u00f8b dit dr\u00f8mmek\u00f8ret\u00f8j p\u00e5 auktioner p\u00e5 Piston Addict, kun interessante k\u00f8ret\u00f8jer, fra veteranmotorcykler til hyperbiler. Du kan ogs\u00e5 informere dig selv om din n\u00e6ste bil med Piston Addict-bilartikler skrevet af vores biljournalister og stille sp\u00f8rgsm\u00e5l til Piston Addict-f\u00e6llesskabet.\" \/>\n<meta property=\"og:url\" content=\"https:\/\/pistonaddict.com\/da\/\" \/>\n<meta property=\"og:site_name\" content=\"Piston Addict\" \/>\n<meta property=\"article:modified_time\" content=\"2024-05-17T15:25:32+00:00\" \/>\n<meta name=\"twitter:card\" content=\"summary_large_image\" \/>\n<script type=\"application\/ld+json\" class=\"yoast-schema-graph\">{\"@context\":\"https:\/\/schema.org\",\"@graph\":[{\"@type\":\"WebPage\",\"@id\":\"https:\/\/pistonaddict.com\/da\/\",\"url\":\"https:\/\/pistonaddict.com\/da\/\",\"name\":\"Piston Addict : Markedsplads for online bilauktioner\",\"isPartOf\":{\"@id\":\"https:\/\/pistonaddict.com\/da\/#website\"},\"datePublished\":\"2022-04-28T07:17:25+00:00\",\"dateModified\":\"2024-05-17T15:25:32+00:00\",\"description\":\"Piston Addict auktioner er den internationale markedsplads for veteranbiler og klassiske k\u00f8ret\u00f8jer. S\u00e6lg og k\u00f8b dit dr\u00f8mmek\u00f8ret\u00f8j p\u00e5 auktioner p\u00e5 Piston Addict, kun interessante k\u00f8ret\u00f8jer, fra veteranmotorcykler til hyperbiler. Du kan ogs\u00e5 informere dig selv om din n\u00e6ste bil med Piston Addict-bilartikler skrevet af vores biljournalister og stille sp\u00f8rgsm\u00e5l til Piston Addict-f\u00e6llesskabet.\",\"breadcrumb\":{\"@id\":\"https:\/\/pistonaddict.com\/da\/#breadcrumb\"},\"inLanguage\":\"da-DK\",\"potentialAction\":[{\"@type\":\"ReadAction\",\"target\":[\"https:\/\/pistonaddict.com\/da\/\"]}]},{\"@type\":\"BreadcrumbList\",\"@id\":\"https:\/\/pistonaddict.com\/da\/#breadcrumb\",\"itemListElement\":[{\"@type\":\"ListItem\",\"position\":1,\"name\":\"Hjemmeside\",\"item\":\"https:\/\/pistonaddict.com\/da\/hjemmeside-2\/\"},{\"@type\":\"ListItem\",\"position\":2,\"name\":\"Hjemmeside\"}]},{\"@type\":\"WebSite\",\"@id\":\"https:\/\/pistonaddict.com\/da\/#website\",\"url\":\"https:\/\/pistonaddict.com\/da\/\",\"name\":\"Piston Addict\",\"description\":\"Only interesting vehicles\",\"publisher\":{\"@id\":\"https:\/\/pistonaddict.com\/da\/#organization\"},\"potentialAction\":[{\"@type\":\"SearchAction\",\"target\":{\"@type\":\"EntryPoint\",\"urlTemplate\":\"https:\/\/pistonaddict.com\/da\/?s={search_term_string}\"},\"query-input\":\"required name=search_term_string\"}],\"inLanguage\":\"da-DK\"},{\"@type\":\"Organization\",\"@id\":\"https:\/\/pistonaddict.com\/da\/#organization\",\"name\":\"Piston Addict\",\"url\":\"https:\/\/pistonaddict.com\/da\/\",\"logo\":{\"@type\":\"ImageObject\",\"inLanguage\":\"da-DK\",\"@id\":\"https:\/\/pistonaddict.com\/da\/#\/schema\/logo\/image\/\",\"url\":\"https:\/\/pistonaddict.com\/wp-content\/uploads\/2022\/07\/logo-6.png\",\"contentUrl\":\"https:\/\/pistonaddict.com\/wp-content\/uploads\/2022\/07\/logo-6.png\",\"width\":970,\"height\":200,\"caption\":\"Piston Addict\"},\"image\":{\"@id\":\"https:\/\/pistonaddict.com\/da\/#\/schema\/logo\/image\/\"}}]}<\/script>\n<!-- \/ Yoast SEO plugin. -->","yoast_head_json":{"title":"Piston Addict : Markedsplads for online bilauktioner","description":"Piston Addict auktioner er den internationale markedsplads for veteranbiler og klassiske k\u00f8ret\u00f8jer. S\u00e6lg og k\u00f8b dit dr\u00f8mmek\u00f8ret\u00f8j p\u00e5 auktioner p\u00e5 Piston Addict, kun interessante k\u00f8ret\u00f8jer, fra veteranmotorcykler til hyperbiler. Du kan ogs\u00e5 informere dig selv om din n\u00e6ste bil med Piston Addict-bilartikler skrevet af vores biljournalister og stille sp\u00f8rgsm\u00e5l til Piston Addict-f\u00e6llesskabet.","robots":{"index":"index","follow":"follow","max-snippet":"max-snippet:-1","max-image-preview":"max-image-preview:large","max-video-preview":"max-video-preview:-1"},"canonical":"https:\/\/pistonaddict.com\/da\/","og_locale":"da_DK","og_type":"article","og_title":"Piston Addict : Markedsplads for online bilauktioner","og_description":"Piston Addict auktioner er den internationale markedsplads for veteranbiler og klassiske k\u00f8ret\u00f8jer. S\u00e6lg og k\u00f8b dit dr\u00f8mmek\u00f8ret\u00f8j p\u00e5 auktioner p\u00e5 Piston Addict, kun interessante k\u00f8ret\u00f8jer, fra veteranmotorcykler til hyperbiler. Du kan ogs\u00e5 informere dig selv om din n\u00e6ste bil med Piston Addict-bilartikler skrevet af vores biljournalister og stille sp\u00f8rgsm\u00e5l til Piston Addict-f\u00e6llesskabet.","og_url":"https:\/\/pistonaddict.com\/da\/","og_site_name":"Piston Addict","article_modified_time":"2024-05-17T15:25:32+00:00","twitter_card":"summary_large_image","schema":{"@context":"https:\/\/schema.org","@graph":[{"@type":"WebPage","@id":"https:\/\/pistonaddict.com\/da\/","url":"https:\/\/pistonaddict.com\/da\/","name":"Piston Addict : Markedsplads for online bilauktioner","isPartOf":{"@id":"https:\/\/pistonaddict.com\/da\/#website"},"datePublished":"2022-04-28T07:17:25+00:00","dateModified":"2024-05-17T15:25:32+00:00","description":"Piston Addict auktioner er den internationale markedsplads for veteranbiler og klassiske k\u00f8ret\u00f8jer. S\u00e6lg og k\u00f8b dit dr\u00f8mmek\u00f8ret\u00f8j p\u00e5 auktioner p\u00e5 Piston Addict, kun interessante k\u00f8ret\u00f8jer, fra veteranmotorcykler til hyperbiler. Du kan ogs\u00e5 informere dig selv om din n\u00e6ste bil med Piston Addict-bilartikler skrevet af vores biljournalister og stille sp\u00f8rgsm\u00e5l til Piston Addict-f\u00e6llesskabet.","breadcrumb":{"@id":"https:\/\/pistonaddict.com\/da\/#breadcrumb"},"inLanguage":"da-DK","potentialAction":[{"@type":"ReadAction","target":["https:\/\/pistonaddict.com\/da\/"]}]},{"@type":"BreadcrumbList","@id":"https:\/\/pistonaddict.com\/da\/#breadcrumb","itemListElement":[{"@type":"ListItem","position":1,"name":"Hjemmeside","item":"https:\/\/pistonaddict.com\/da\/hjemmeside-2\/"},{"@type":"ListItem","position":2,"name":"Hjemmeside"}]},{"@type":"WebSite","@id":"https:\/\/pistonaddict.com\/da\/#website","url":"https:\/\/pistonaddict.com\/da\/","name":"Piston Addict","description":"Only interesting vehicles","publisher":{"@id":"https:\/\/pistonaddict.com\/da\/#organization"},"potentialAction":[{"@type":"SearchAction","target":{"@type":"EntryPoint","urlTemplate":"https:\/\/pistonaddict.com\/da\/?s={search_term_string}"},"query-input":"required name=search_term_string"}],"inLanguage":"da-DK"},{"@type":"Organization","@id":"https:\/\/pistonaddict.com\/da\/#organization","name":"Piston Addict","url":"https:\/\/pistonaddict.com\/da\/","logo":{"@type":"ImageObject","inLanguage":"da-DK","@id":"https:\/\/pistonaddict.com\/da\/#\/schema\/logo\/image\/","url":"https:\/\/pistonaddict.com\/wp-content\/uploads\/2022\/07\/logo-6.png","contentUrl":"https:\/\/pistonaddict.com\/wp-content\/uploads\/2022\/07\/logo-6.png","width":970,"height":200,"caption":"Piston Addict"},"image":{"@id":"https:\/\/pistonaddict.com\/da\/#\/schema\/logo\/image\/"}}]}},"_links":{"self":[{"href":"https:\/\/pistonaddict.com\/da\/wp-json\/wp\/v2\/pages\/51255"}],"collection":[{"href":"https:\/\/pistonaddict.com\/da\/wp-json\/wp\/v2\/pages"}],"about":[{"href":"https:\/\/pistonaddict.com\/da\/wp-json\/wp\/v2\/types\/page"}],"author":[{"embeddable":true,"href":"https:\/\/pistonaddict.com\/da\/wp-json\/wp\/v2\/users\/1"}],"replies":[{"embeddable":true,"href":"https:\/\/pistonaddict.com\/da\/wp-json\/wp\/v2\/comments?post=51255"}],"version-history":[{"count":1,"href":"https:\/\/pistonaddict.com\/da\/wp-json\/wp\/v2\/pages\/51255\/revisions"}],"predecessor-version":[{"id":80967,"href":"https:\/\/pistonaddict.com\/da\/wp-json\/wp\/v2\/pages\/51255\/revisions\/80967"}],"wp:attachment":[{"href":"https:\/\/pistonaddict.com\/da\/wp-json\/wp\/v2\/media?parent=51255"}],"curies":[{"name":"wp","href":"https:\/\/api.w.org\/{rel}","templated":true}]}}