{"id":3131,"date":"2022-04-29T11:19:54","date_gmt":"2022-04-29T09:19:54","guid":{"rendered":"https:\/\/pistonaddict.com\/fortrolighedspolitik\/"},"modified":"2022-05-04T18:00:03","modified_gmt":"2022-05-04T16:00:03","slug":"fortrolighedspolitik","status":"publish","type":"page","link":"https:\/\/pistonaddict.com\/da\/fortrolighedspolitik\/","title":{"rendered":"Fortrolighedspolitik"},"content":{"rendered":"\t\t<div data-elementor-type=\"wp-page\" data-elementor-id=\"3131\" class=\"elementor elementor-3131 elementor-339\">\n\t\t\t\t\t\t<section class=\"elementor-section elementor-top-section elementor-element elementor-element-82c15da elementor-section-boxed elementor-section-height-default elementor-section-height-default\" data-id=\"82c15da\" data-element_type=\"section\">\n\t\t\t\t\t\t<div class=\"elementor-container elementor-column-gap-default\">\n\t\t\t\t\t<div class=\"elementor-column elementor-col-100 elementor-top-column elementor-element elementor-element-ddaf1f1\" data-id=\"ddaf1f1\" data-element_type=\"column\">\n\t\t\t<div class=\"elementor-widget-wrap elementor-element-populated\">\n\t\t\t\t\t\t<div class=\"elementor-element elementor-element-25741e6 elementor-widget elementor-widget-text-editor\" data-id=\"25741e6\" data-element_type=\"widget\" data-widget_type=\"text-editor.default\">\n\t\t\t\t<div class=\"elementor-widget-container\">\n\t\t\t<style>\/*! elementor - v3.21.0 - 18-04-2024 *\/\n.elementor-widget-text-editor.elementor-drop-cap-view-stacked .elementor-drop-cap{background-color:#69727d;color:#fff}.elementor-widget-text-editor.elementor-drop-cap-view-framed .elementor-drop-cap{color:#69727d;border:3px solid;background-color:transparent}.elementor-widget-text-editor:not(.elementor-drop-cap-view-default) .elementor-drop-cap{margin-top:8px}.elementor-widget-text-editor:not(.elementor-drop-cap-view-default) .elementor-drop-cap-letter{width:1em;height:1em}.elementor-widget-text-editor .elementor-drop-cap{float:left;text-align:center;line-height:1;font-size:50px}.elementor-widget-text-editor .elementor-drop-cap-letter{display:inline-block}<\/style>\t\t\t\t\n          <p> <\/p>\n          <p>Form\u00e5let med privatlivspolitikken er at vise dig, hvordan <strong>Piston Addict<\/strong> bruger, administrerer og beskytter de personlige oplysninger, som du m\u00e5tte have overf\u00f8rt til virksomheden i forbindelse med brugen af dens hjemmeside: https:\/\/www.pistonaddict.com. Denne privatlivspolitik er baseret p\u00e5 hjemmesideredakt\u00f8rens forpligtelser, som defineret af de generelle databeskyttelsesforordninger (GDPR), for alle sp\u00f8rgsm\u00e5l vedr\u00f8rende samtykke til indsamling af personoplysninger, beskyttelse og sikkerhed af personlige data, respekt for dine rettigheder med hensyn til adgang, berigtigelse, behandling, portabilitet og sletning af dine data.<\/p>\n          <p><strong>Piston Addicts<\/strong> privatlivspolitik kan blive \u00e6ndret i overensstemmelse med mulige \u00e6ndringer i de lovgivningsm\u00e6ssige (RGPD), regulatoriske og retlige rammer, der bestemmer dens udvikling og anvendelse.<\/p>\n          <div class=\"vc_row wpb_row vc_row-fluid row_bg_bottom vc_custom_1496737831361\"> <\/div>\n          <div class=\"wpb_column vc_column_container vc_col-sm-12\">\n            <div class=\"vc_column-inner\">\n              <div class=\"wpb_wrapper\"> <\/div>\n            <\/div>\n          <\/div>\n          <div class=\"cms-custom-heading-wrap heading2 text-left vc_custom_heading heading2_uppercase \">\n            <h2 class=\"cmsc-custom-heading vc_custom_heading\">1\u00b0 INDSAMLING AF PERSONOPLYSNINGER<\/h2>\n          <\/div>\n          <div class=\"wpb_text_column wpb_content_element vc_custom_1621498045904 cms_text_block\">\n            <div class=\"wpb_wrapper \"> <\/div>\n          <\/div>\n          <p>Det er ganske muligt at gennemse https:\/\/www.pistonaddict.com-siden uden at afsl\u00f8re dine personlige oplysninger til udgiveren af hjemmesiden, med de begr\u00e6nsninger, som dette p\u00e5l\u00e6gger med hensyn til adgang til en del af de tilbudte informationer og tjenester.<\/p>\n          <p>Udlevering af personoplysninger (efternavn og fornavn, firmanavn, funktion i virksomheden, e-mailadresse, professionelt telefonnummer mv.) til <strong>Piston Addict<\/strong> er en forpligtelse, hvis du \u00f8nsker at modtage et tilbud, kontakte eller bede om Information.<\/p>\n          <p>Du accepterer derfor princippet om deres indsamling til de form\u00e5l, der er beskrevet i formularerne samt i afsnittet &#8220;Form\u00e5lene med databehandling&#8221;. Udgiveren indsamler ogs\u00e5 personoplysninger via udrulning af forbindelsesfiler i overensstemmelse med g\u00e6ldende lovgivning om brug af cookies.<\/p>\n          <div class=\"vc_row wpb_row vc_row-fluid row_bg_bottom vc_custom_1496737831361\"> <\/div>\n          <div class=\"wpb_column vc_column_container vc_col-sm-12\">\n            <div class=\"vc_column-inner\">\n              <div class=\"wpb_wrapper\"> <\/div>\n            <\/div>\n          <\/div>\n          <div class=\"cms-custom-heading-wrap heading2 text-left vc_custom_heading heading2_uppercase \">\n            <h2 class=\"cmsc-custom-heading vc_custom_heading\">2\u00b0 SIKRING AF PERSONDATA<\/h2>\n          <\/div>\n          <p><strong>Piston Addict<\/strong> implementerer en r\u00e6kke sikkerhedsforanstaltninger for at opretholde sikkerheden for dine personlige oplysninger:<\/p>\n          <ul>\n            <li>brug af state-of-the-art kryptering til at beskytte dine personlige data, der overf\u00f8res online,<\/li>\n            <li>analytiske cookies g\u00f8r det muligt at t\u00e6lle internetbrugere, mens de analyserer deres adf\u00e6rd under bes\u00f8get p\u00e5 webstedet for at generere trafikstatistik,<\/li>\n            <li>brug af computere og servere i et sikkert milj\u00f8 til at opbevare og behandle dine data,<\/li>\n            <li>begr\u00e6nset adgang til personoplysninger for medarbejdere, der skal udf\u00f8re konkret arbejde (fakturering mv.).<\/li>\n          <\/ul>\n          <div class=\"vc_row wpb_row vc_row-fluid row_bg_bottom vc_custom_1496737831361\"> <\/div>\n          <div class=\"wpb_column vc_column_container vc_col-sm-12\">\n            <div class=\"vc_column-inner\">\n              <div class=\"wpb_wrapper\"> <\/div>\n            <\/div>\n          <\/div>\n          <div class=\"cms-custom-heading-wrap heading2 text-left vc_custom_heading heading2_uppercase \">\n            <h2 class=\"cmsc-custom-heading vc_custom_heading\">3\u00b0 BEHANDLING AF PERSONOPLYSNINGER<\/h2>\n          <\/div>\n          <div class=\"wpb_text_column wpb_content_element vc_custom_1621498045904 cms_text_block\">\n            <div class=\"wpb_wrapper \"> <\/div>\n          <\/div>\n          <p><strong>Piston Addict<\/strong> har en meget streng politik for behandling af personoplysninger, der best\u00e5r i aldrig at tildele, udl\u00e5ne, leje eller videres\u00e6lge dem til tredjepartsorganisationer.<\/p>\n          <p>Al behandling af dine personlige data indsamlet p\u00e5 https:\/\/www.pistonaddict.com-webstedet udf\u00f8res direkte af medlemmer af <strong>Efficiencies<\/strong> -teamet, der er autoriseret til dette form\u00e5l.<\/p>\n          <p>Du accepterer derfor princippet om at behandle dine personoplysninger til de form\u00e5l, der er beskrevet i kontaktformularerne, kontooprettelse\/administration samt i nedenst\u00e5ende afsnit, s\u00e5 vi bedre forst\u00e5r dine behov i forhold til produkter og tjenester.<\/p>\n          <div class=\"vc_row wpb_row vc_row-fluid row_bg_bottom vc_custom_1496737831361\"> <\/div>\n          <div class=\"wpb_column vc_column_container vc_col-sm-12\">\n            <div class=\"vc_column-inner\">\n              <div class=\"wpb_wrapper\"> <\/div>\n            <\/div>\n          <\/div>\n          <div class=\"cms-custom-heading-wrap heading2 text-left vc_custom_heading heading2_uppercase \">\n            <h2 class=\"cmsc-custom-heading vc_custom_heading\">4\u00b0 FORM\u00c5LET MED DATABEHANDLING<\/h2>\n          <\/div>\n          <div class=\"wpb_text_column wpb_content_element vc_custom_1621498045904 cms_text_block\">\n            <div class=\"wpb_wrapper \"> <\/div>\n          <\/div>\n          <p><strong>Piston Addict<\/strong> udf\u00f8rer manuel eller automatiseret behandling af dine personoplysninger i henhold til specifikke form\u00e5l:<\/p>\n          <ul>\n            <li>De data, der indsamles via informationsindtastningsformularerne p\u00e5 hjemmesiden (kontakt, tilbudsanmodning, rekruttering) bruges til at sende tilbud, skabe eller udvikle en kommerciel relation, rekruttere praktikanter og\/eller medarbejdere.<\/li>\n            <li>De data, der indsamles under afspilning af videoer, der er lagt op p\u00e5 specialiserede platforme, er n\u00f8dvendige for at kunne f\u00e5 adgang til disse tredjepartswebsteder og udf\u00f8re deres anmodninger.<\/li>\n            <li>De data, der indsamles ved brug af adgangsknapperne til det sociale netv\u00e6rk, er n\u00f8dvendige for at kunne udf\u00f8re anmodningerne fra disse tredjepartswebsteder.<\/li>\n          <\/ul>\n          <div class=\"vc_row wpb_row vc_row-fluid row_bg_bottom vc_custom_1496737831361\"> <\/div>\n          <div class=\"wpb_column vc_column_container vc_col-sm-12\">\n            <div class=\"vc_column-inner\">\n              <div class=\"wpb_wrapper\"> <\/div>\n            <\/div>\n          <\/div>\n          <div class=\"cms-custom-heading-wrap heading2 text-left vc_custom_heading heading2_uppercase \">\n            <h2 class=\"cmsc-custom-heading vc_custom_heading\">5\u00b0 INDSAMLING AF SAMTYKKE TIL DATAINDSAMLING<\/h2>\n          <\/div>\n          <div class=\"wpb_text_column wpb_content_element vc_custom_1621498045904 cms_text_block\">\n            <div class=\"wpb_wrapper \"> <\/div>\n          <\/div>\n          <p>Til alle typer indsamling af personlige data via sin hjemmeside bruger <strong>Piston Addict<\/strong> enheder til at modtage dit udtrykkelige samtykke:<\/p>\n          <ul>\n            <li>for accept af dataindsamling ved udfyldelse af kontaktformularer,<\/li>\n            <li>for accept af cookies ved visning af advarselsbanneret.<\/li>\n          <\/ul>\n          <p><strong>Piston Addict<\/strong> gemmer indsamlingerne af samtykke til indsamling af personoplysninger for p\u00e5 simpel anmodning at kunne g\u00f8re dem tilg\u00e6ngelige for CNIL og ethvert andet kontrolorgan.<\/p>\n          <div class=\"vc_row wpb_row vc_row-fluid row_bg_bottom vc_custom_1496737831361\"> <\/div>\n          <div class=\"wpb_column vc_column_container vc_col-sm-12\">\n            <div class=\"vc_column-inner\">\n              <div class=\"wpb_wrapper\"> <\/div>\n            <\/div>\n          <\/div>\n          <div class=\"cms-custom-heading-wrap heading2 text-left vc_custom_heading heading2_uppercase \">\n            <h2 class=\"cmsc-custom-heading vc_custom_heading\">6\u00b0 VARIGHED AF OPBEVARING AF PERSONDATA<\/h2>\n          <\/div>\n          <div class=\"wpb_text_column wpb_content_element vc_custom_1621498045904 cms_text_block\">\n            <div class=\"wpb_wrapper \"> <\/div>\n          <\/div>\n          <p>Opbevaringsperioden for dine personlige data varierer afh\u00e6ngigt af deres art og den teknologi, der bruges til deres indsamling:<\/p>\n          <ul>\n            <li>for alle dine personlige data indsamlet af cookies er opbevaringsperioden maksimalt 13 m\u00e5neder,<\/li>\n            <li>for alle dine data indsamlet via en formular, m\u00e5 opbevaringsperioden ikke overstige 36 m\u00e5neder.<\/li>\n          <\/ul>\n          <div class=\"vc_row wpb_row vc_row-fluid row_bg_bottom vc_custom_1496737831361\"> <\/div>\n          <div class=\"wpb_column vc_column_container vc_col-sm-12\">\n            <div class=\"vc_column-inner\">\n              <div class=\"wpb_wrapper\"> <\/div>\n            <\/div>\n          <\/div>\n          <div class=\"cms-custom-heading-wrap heading2 text-left vc_custom_heading heading2_uppercase \">\n            <h2 class=\"cmsc-custom-heading vc_custom_heading\">7\u00b0 OVERF\u00d8RSEL AF PERSONOPLYSNINGER<\/h2>\n          <\/div>\n          <div class=\"wpb_text_column wpb_content_element vc_custom_1621498045904 cms_text_block\">\n            <div class=\"wpb_wrapper \"> <\/div>\n          <\/div>\n          <p><strong>Piston Addict<\/strong> overf\u00f8rer ikke dine personlige data til tredjelande, uanset om de befinder sig i eller uden for EU.<\/p>\n          <div class=\"vc_row wpb_row vc_row-fluid row_bg_bottom vc_custom_1496737831361\"> <\/div>\n          <div class=\"wpb_column vc_column_container vc_col-sm-12\">\n            <div class=\"vc_column-inner\">\n              <div class=\"wpb_wrapper\"> <\/div>\n            <\/div>\n          <\/div>\n          <div class=\"cms-custom-heading-wrap heading2 text-left vc_custom_heading heading2_uppercase \">\n            <h2 class=\"cmsc-custom-heading vc_custom_heading\">8\u00b0 AUTORISEREDE UDBYDERE<\/h2>\n          <\/div>\n          <div class=\"wpb_text_column wpb_content_element vc_custom_1621498045904 cms_text_block\">\n            <div class=\"wpb_wrapper \"> <\/div>\n          <\/div>\n          <p><strong>Piston Addict<\/strong> bruger tjenester fra autoriserede tjenesteudbydere til at lette behandlingen af personoplysninger, som du bruger p\u00e5 hjemmesiden.<\/p>\n          <div class=\"wpb_column vc_column_container vc_col-sm-12\">\n            <div class=\"vc_column-inner\">\n              <div class=\"wpb_wrapper\"> <\/div>\n            <\/div>\n          <\/div>\n          <div class=\"cms-custom-heading-wrap heading2 text-left vc_custom_heading heading2_uppercase \">\n            <h2 class=\"cmsc-custom-heading vc_custom_heading\">9\u00b0 UD\u00d8VELSE AF INTERNETBRUGERS RETTIGHEDER<\/h2>\n          <\/div>\n          <div class=\"wpb_text_column wpb_content_element vc_custom_1621498045904 cms_text_block\">\n            <div class=\"wpb_wrapper \"> <\/div>\n          <\/div>\n          <p>I overensstemmelse med de generelle databeskyttelsesforordninger vedtaget af Europa-Parlamentet den 14. april 2016 og den \u00e6ndrede databeskyttelseslov af 6. januar 1978 har du en r\u00e6kke rettigheder i forbindelse med dine personoplysninger.<\/p>\n          <p>Du kan ud\u00f8ve disse rettigheder ved at kontakte udgiveren af webstedet direkte:<\/p>\n          <ul>\n            <li>p\u00e5 mail: <strong>Piston Addict<\/strong> \u2013 <\/li>\n            <li>telefonisk: <\/li>\n            <li>via e-mail: <\/li>\n          <\/ul>\n          <h3>9.1\u00b0 Retten til adgang til data<\/h3>\n          <p>Inden for de juridiske rammer, der er defineret af RGPD, kan du til enhver tid frems\u00e6tte en skriftlig anmodning om videregivelse af dine personoplysninger.<\/p>\n          <p>For at g\u00f8re dette kan du bruge modelbrevet oprettet af Commission Nationale de l&#8217;Informatique et des Libert\u00e9s: https:\/\/www.cnil.fr\/fr\/modele\/courrier\/exerciser-son-droit-dacces.<\/p>\n          <h3>9.2\u00b0 Retten til at berigtige data<\/h3>\n          <p>Lovgivningen vedr\u00f8rende personoplysninger giver dig mulighed for at anmode om \u00e6ndring eller berigtigelse af ufuldst\u00e6ndige, un\u00f8jagtige eller for\u00e6ldede oplysninger vedr\u00f8rende dig selv eller en afd\u00f8d n\u00e6rtst\u00e5ende person.<\/p>\n          <p>For at g\u00f8re dette kan du bruge det modelbrev, der er udarbejdet af Commission Nationale de l&#8217;Informatique et des Libert\u00e9s: https:\/\/www.cnil.fr\/fr\/modele\/courrier\/rectifier-des-donnees-inexactes-obsoletes-ou &#8211; udl\u00f8bet.<\/p>\n          <h3>9.3\u00b0 Ret til indsigelse af legitime \u00e5rsager<\/h3>\n          <p>Inden for de lovgivningsm\u00e6ssige rammer, der er defineret af GDPR, kan du til enhver tid g\u00f8re indsigelse mod behandlingen af dine personoplysninger af f\u00f8lgende \u00e5rsager:<\/p>\n          <ul>\n            <li>modstand mod brugen af data indsamlet i forbindelse med kommercielle efterforskningsoperationer,<\/li>\n            <li>modstand baseret p\u00e5 legitime grunde.<\/li>\n          <\/ul>\n          <p>For at g\u00f8re dette kan du bruge modelbrevet udarbejdet af Commission Nationale de l&#8217;Informatique et des Libert\u00e9s: https:\/\/www.cnil.fr\/fr\/modele\/courrier\/sopposing-lutilisation-commerciale-de-ses- coordonnees .<\/p>\n          <h3>9.4\u00b0 Retten til dataportabilitet<\/h3>\n          <p>Inden for de lovgivningsm\u00e6ssige rammer, der er defineret af RGPD, kan du til enhver tid anmode om at gendanne dine personlige data i et \u00e5bent og maskinl\u00e6sbart format, for at gemme dem p\u00e5 et andet medie eller for at overf\u00f8re dem til et andet informationssystem til genbrug.<\/p>\n          <p>For at g\u00f8re dette kan du bruge modelbrevet foresl\u00e5et af National Commission for Computing and Liberties: https:\/\/www.cnil.fr\/fr\/modele\/courrier\/exerciser-son-droit-dacces.<\/p>\n          <h3>9.5\u00b0 Ret til at slette data<\/h3>\n          <p>Persondatalovgivningen giver dig mulighed for at anmode om sletning af alle dine data, der er blevet gemt p\u00e5 <strong>Piston Addicts<\/strong> hjemmeside.<\/p>\n          <p>For at g\u00f8re dette kan du bruge modelbrevet foresl\u00e5et af Commission Nationale de l&#8217;Informatique et des Libert\u00e9s: https:\/\/www.cnil.fr\/fr\/modele\/courrier\/supprimer-des-informations-vous-concernant-dun -internet side.<\/p>\n          <h3>9.6\u00b0 Behandlingen af dine anmodninger<\/h3>\n          <p><strong>Piston Addict<\/strong> forpligter sig til at besvare dine anmodninger vedr\u00f8rende persondata inden for en rimelig periode, som ikke m\u00e5 overstige 1 m\u00e5ned fra modtagelsen heraf.<\/p>\n          <p><strong>Piston Addict<\/strong> forbeholder sig retten til at afvise anmodninger vedr\u00f8rende data, der er karakteriseret enten af \u00e5benlyst ondsindet hensigt eller af en gentagen og misbrugende karakter.<\/p>\n          <h3>9.7\u00b0 Den personansvarlige for persondata<\/h3>\n          <p><strong>Hr. <\/strong><br>E-mail: <br>Telefon : <\/p>\n        \t\t\t\t\t\t<\/div>\n\t\t\t\t<\/div>\n\t\t\t\t\t<\/div>\n\t\t<\/div>\n\t\t\t\t\t<\/div>\n\t\t<\/section>\n\t\t\t\t<\/div>\n\t\t","protected":false},"excerpt":{"rendered":"<p>Form\u00e5let med privatlivspolitikken er at vise dig, hvordan Piston Addict bruger, administrerer og beskytter de personlige oplysninger, som du m\u00e5tte have overf\u00f8rt til virksomheden i forbindelse med brugen af dens hjemmeside: https:\/\/www.pistonaddict.com. Denne privatlivspolitik er baseret p\u00e5 hjemmesideredakt\u00f8rens forpligtelser, som defineret af de generelle databeskyttelsesforordninger (GDPR), for alle sp\u00f8rgsm\u00e5l vedr\u00f8rende samtykke til indsamling af personoplysninger, &#8230; <a title=\"Fortrolighedspolitik\" class=\"read-more\" href=\"https:\/\/pistonaddict.com\/da\/fortrolighedspolitik\/\">L\u00e6s mere<span class=\"screen-reader-text\">Fortrolighedspolitik<\/span><\/a><\/p>\n","protected":false},"author":1,"featured_media":0,"parent":0,"menu_order":0,"comment_status":"closed","ping_status":"closed","template":"","meta":{"inline_featured_image":false,"footnotes":""},"acf":[],"yoast_head":"<!-- This site is optimized with the Yoast SEO plugin v22.5 - https:\/\/yoast.com\/wordpress\/plugins\/seo\/ -->\n<title>Fortrolighedspolitik - Piston Addict<\/title>\n<meta name=\"robots\" content=\"index, follow, max-snippet:-1, max-image-preview:large, max-video-preview:-1\" \/>\n<link rel=\"canonical\" href=\"https:\/\/pistonaddict.com\/da\/fortrolighedspolitik\/\" \/>\n<meta property=\"og:locale\" content=\"da_DK\" \/>\n<meta property=\"og:type\" content=\"article\" \/>\n<meta property=\"og:title\" content=\"Fortrolighedspolitik - Piston Addict\" \/>\n<meta property=\"og:description\" content=\"Form\u00e5let med privatlivspolitikken er at vise dig, hvordan Piston Addict bruger, administrerer og beskytter de personlige oplysninger, som du m\u00e5tte have overf\u00f8rt til virksomheden i forbindelse med brugen af dens hjemmeside: https:\/\/www.pistonaddict.com. Denne privatlivspolitik er baseret p\u00e5 hjemmesideredakt\u00f8rens forpligtelser, som defineret af de generelle databeskyttelsesforordninger (GDPR), for alle sp\u00f8rgsm\u00e5l vedr\u00f8rende samtykke til indsamling af personoplysninger, ... L\u00e6s mereFortrolighedspolitik\" \/>\n<meta property=\"og:url\" content=\"https:\/\/pistonaddict.com\/da\/fortrolighedspolitik\/\" \/>\n<meta property=\"og:site_name\" content=\"Piston Addict\" \/>\n<meta property=\"article:modified_time\" content=\"2022-05-04T16:00:03+00:00\" \/>\n<meta name=\"twitter:card\" content=\"summary_large_image\" \/>\n<meta name=\"twitter:label1\" content=\"Estimeret l\u00e6setid\" \/>\n\t<meta name=\"twitter:data1\" content=\"6 minutter\" \/>\n<script type=\"application\/ld+json\" class=\"yoast-schema-graph\">{\"@context\":\"https:\/\/schema.org\",\"@graph\":[{\"@type\":\"WebPage\",\"@id\":\"https:\/\/pistonaddict.com\/da\/fortrolighedspolitik\/\",\"url\":\"https:\/\/pistonaddict.com\/da\/fortrolighedspolitik\/\",\"name\":\"Fortrolighedspolitik - Piston Addict\",\"isPartOf\":{\"@id\":\"https:\/\/pistonaddict.com\/da\/#website\"},\"datePublished\":\"2022-04-29T09:19:54+00:00\",\"dateModified\":\"2022-05-04T16:00:03+00:00\",\"breadcrumb\":{\"@id\":\"https:\/\/pistonaddict.com\/da\/fortrolighedspolitik\/#breadcrumb\"},\"inLanguage\":\"da-DK\",\"potentialAction\":[{\"@type\":\"ReadAction\",\"target\":[\"https:\/\/pistonaddict.com\/da\/fortrolighedspolitik\/\"]}]},{\"@type\":\"BreadcrumbList\",\"@id\":\"https:\/\/pistonaddict.com\/da\/fortrolighedspolitik\/#breadcrumb\",\"itemListElement\":[{\"@type\":\"ListItem\",\"position\":1,\"name\":\"Hjemmeside\",\"item\":\"https:\/\/pistonaddict.com\/da\/hjemmeside-2\/\"},{\"@type\":\"ListItem\",\"position\":2,\"name\":\"Fortrolighedspolitik\"}]},{\"@type\":\"WebSite\",\"@id\":\"https:\/\/pistonaddict.com\/da\/#website\",\"url\":\"https:\/\/pistonaddict.com\/da\/\",\"name\":\"Piston Addict\",\"description\":\"Only interesting vehicles\",\"publisher\":{\"@id\":\"https:\/\/pistonaddict.com\/da\/#organization\"},\"potentialAction\":[{\"@type\":\"SearchAction\",\"target\":{\"@type\":\"EntryPoint\",\"urlTemplate\":\"https:\/\/pistonaddict.com\/da\/?s={search_term_string}\"},\"query-input\":\"required name=search_term_string\"}],\"inLanguage\":\"da-DK\"},{\"@type\":\"Organization\",\"@id\":\"https:\/\/pistonaddict.com\/da\/#organization\",\"name\":\"Piston Addict\",\"url\":\"https:\/\/pistonaddict.com\/da\/\",\"logo\":{\"@type\":\"ImageObject\",\"inLanguage\":\"da-DK\",\"@id\":\"https:\/\/pistonaddict.com\/da\/#\/schema\/logo\/image\/\",\"url\":\"https:\/\/pistonaddict.com\/wp-content\/uploads\/2022\/07\/logo-6.png\",\"contentUrl\":\"https:\/\/pistonaddict.com\/wp-content\/uploads\/2022\/07\/logo-6.png\",\"width\":970,\"height\":200,\"caption\":\"Piston Addict\"},\"image\":{\"@id\":\"https:\/\/pistonaddict.com\/da\/#\/schema\/logo\/image\/\"}}]}<\/script>\n<!-- \/ Yoast SEO plugin. -->","yoast_head_json":{"title":"Fortrolighedspolitik - Piston Addict","robots":{"index":"index","follow":"follow","max-snippet":"max-snippet:-1","max-image-preview":"max-image-preview:large","max-video-preview":"max-video-preview:-1"},"canonical":"https:\/\/pistonaddict.com\/da\/fortrolighedspolitik\/","og_locale":"da_DK","og_type":"article","og_title":"Fortrolighedspolitik - Piston Addict","og_description":"Form\u00e5let med privatlivspolitikken er at vise dig, hvordan Piston Addict bruger, administrerer og beskytter de personlige oplysninger, som du m\u00e5tte have overf\u00f8rt til virksomheden i forbindelse med brugen af dens hjemmeside: https:\/\/www.pistonaddict.com. Denne privatlivspolitik er baseret p\u00e5 hjemmesideredakt\u00f8rens forpligtelser, som defineret af de generelle databeskyttelsesforordninger (GDPR), for alle sp\u00f8rgsm\u00e5l vedr\u00f8rende samtykke til indsamling af personoplysninger, ... L\u00e6s mereFortrolighedspolitik","og_url":"https:\/\/pistonaddict.com\/da\/fortrolighedspolitik\/","og_site_name":"Piston Addict","article_modified_time":"2022-05-04T16:00:03+00:00","twitter_card":"summary_large_image","twitter_misc":{"Estimeret l\u00e6setid":"6 minutter"},"schema":{"@context":"https:\/\/schema.org","@graph":[{"@type":"WebPage","@id":"https:\/\/pistonaddict.com\/da\/fortrolighedspolitik\/","url":"https:\/\/pistonaddict.com\/da\/fortrolighedspolitik\/","name":"Fortrolighedspolitik - Piston Addict","isPartOf":{"@id":"https:\/\/pistonaddict.com\/da\/#website"},"datePublished":"2022-04-29T09:19:54+00:00","dateModified":"2022-05-04T16:00:03+00:00","breadcrumb":{"@id":"https:\/\/pistonaddict.com\/da\/fortrolighedspolitik\/#breadcrumb"},"inLanguage":"da-DK","potentialAction":[{"@type":"ReadAction","target":["https:\/\/pistonaddict.com\/da\/fortrolighedspolitik\/"]}]},{"@type":"BreadcrumbList","@id":"https:\/\/pistonaddict.com\/da\/fortrolighedspolitik\/#breadcrumb","itemListElement":[{"@type":"ListItem","position":1,"name":"Hjemmeside","item":"https:\/\/pistonaddict.com\/da\/hjemmeside-2\/"},{"@type":"ListItem","position":2,"name":"Fortrolighedspolitik"}]},{"@type":"WebSite","@id":"https:\/\/pistonaddict.com\/da\/#website","url":"https:\/\/pistonaddict.com\/da\/","name":"Piston Addict","description":"Only interesting vehicles","publisher":{"@id":"https:\/\/pistonaddict.com\/da\/#organization"},"potentialAction":[{"@type":"SearchAction","target":{"@type":"EntryPoint","urlTemplate":"https:\/\/pistonaddict.com\/da\/?s={search_term_string}"},"query-input":"required name=search_term_string"}],"inLanguage":"da-DK"},{"@type":"Organization","@id":"https:\/\/pistonaddict.com\/da\/#organization","name":"Piston Addict","url":"https:\/\/pistonaddict.com\/da\/","logo":{"@type":"ImageObject","inLanguage":"da-DK","@id":"https:\/\/pistonaddict.com\/da\/#\/schema\/logo\/image\/","url":"https:\/\/pistonaddict.com\/wp-content\/uploads\/2022\/07\/logo-6.png","contentUrl":"https:\/\/pistonaddict.com\/wp-content\/uploads\/2022\/07\/logo-6.png","width":970,"height":200,"caption":"Piston Addict"},"image":{"@id":"https:\/\/pistonaddict.com\/da\/#\/schema\/logo\/image\/"}}]}},"_links":{"self":[{"href":"https:\/\/pistonaddict.com\/da\/wp-json\/wp\/v2\/pages\/3131"}],"collection":[{"href":"https:\/\/pistonaddict.com\/da\/wp-json\/wp\/v2\/pages"}],"about":[{"href":"https:\/\/pistonaddict.com\/da\/wp-json\/wp\/v2\/types\/page"}],"author":[{"embeddable":true,"href":"https:\/\/pistonaddict.com\/da\/wp-json\/wp\/v2\/users\/1"}],"replies":[{"embeddable":true,"href":"https:\/\/pistonaddict.com\/da\/wp-json\/wp\/v2\/comments?post=3131"}],"version-history":[{"count":2,"href":"https:\/\/pistonaddict.com\/da\/wp-json\/wp\/v2\/pages\/3131\/revisions"}],"predecessor-version":[{"id":4169,"href":"https:\/\/pistonaddict.com\/da\/wp-json\/wp\/v2\/pages\/3131\/revisions\/4169"}],"wp:attachment":[{"href":"https:\/\/pistonaddict.com\/da\/wp-json\/wp\/v2\/media?parent=3131"}],"curies":[{"name":"wp","href":"https:\/\/api.w.org\/{rel}","templated":true}]}}