{"id":3071,"date":"2022-04-29T11:20:06","date_gmt":"2022-04-29T09:20:06","guid":{"rendered":"https:\/\/pistonaddict.com\/kommentarregler\/"},"modified":"2023-02-05T11:11:46","modified_gmt":"2023-02-05T10:11:46","slug":"kommentarregler","status":"publish","type":"page","link":"https:\/\/pistonaddict.com\/da\/kommentarregler\/","title":{"rendered":"Regler for kommentarer"},"content":{"rendered":"\t\t<div data-elementor-type=\"wp-page\" data-elementor-id=\"3071\" class=\"elementor elementor-3071 elementor-3043\">\n\t\t\t\t\t\t<section class=\"elementor-section elementor-top-section elementor-element elementor-element-01b8fa5 elementor-section-boxed elementor-section-height-default elementor-section-height-default\" data-id=\"01b8fa5\" data-element_type=\"section\">\n\t\t\t\t\t\t<div class=\"elementor-container elementor-column-gap-default\">\n\t\t\t\t\t<div class=\"elementor-column elementor-col-100 elementor-top-column elementor-element elementor-element-19e2c1c\" data-id=\"19e2c1c\" data-element_type=\"column\">\n\t\t\t<div class=\"elementor-widget-wrap elementor-element-populated\">\n\t\t\t\t\t\t<div class=\"elementor-element elementor-element-9413b6d elementor-widget elementor-widget-text-editor\" data-id=\"9413b6d\" data-element_type=\"widget\" data-widget_type=\"text-editor.default\">\n\t\t\t\t<div class=\"elementor-widget-container\">\n\t\t\t<style>\/*! elementor - v3.21.0 - 18-04-2024 *\/\n.elementor-widget-text-editor.elementor-drop-cap-view-stacked .elementor-drop-cap{background-color:#69727d;color:#fff}.elementor-widget-text-editor.elementor-drop-cap-view-framed .elementor-drop-cap{color:#69727d;border:3px solid;background-color:transparent}.elementor-widget-text-editor:not(.elementor-drop-cap-view-default) .elementor-drop-cap{margin-top:8px}.elementor-widget-text-editor:not(.elementor-drop-cap-view-default) .elementor-drop-cap-letter{width:1em;height:1em}.elementor-widget-text-editor .elementor-drop-cap{float:left;text-align:center;line-height:1;font-size:50px}.elementor-widget-text-editor .elementor-drop-cap-letter{display:inline-block}<\/style>\t\t\t\t<\/p>\n<h2> <\/h2>\n<h2>Regel 1. V\u00e6r konstruktiv og ikke negativ<\/h2>\n<p>Det er nemmere at sige, at man ikke kan lide noget, og nogle gange kan det v\u00e6re berettiget. P\u00e5 den anden side er det mere v\u00e6rdifuldt at sige, hvordan man kan forbedre det, og der tilf\u00f8jes virkelig v\u00e6rdi, n\u00e5r man kan specificere, hvad der er forkert, og hvordan man kan forbedre det.<\/p>\n<h2> <\/h2>\n<h2>Regel 2. Erfaring vinder<\/h2>\n<p>Andre l\u00e6sere er meget mere interesseret i din mening, hvis den kommer fra relevant erfaring. Hvis du kender historien om et bestemt k\u00f8ret\u00f8j eller ved meget om det p\u00e5g\u00e6ldende m\u00e6rke eller den p\u00e5g\u00e6ldende model, er der st\u00f8rre sandsynlighed for, at du vil v\u00e6re interessant.<\/p>\n<h2> <\/h2>\n<h2>Regel 3. Tal om biler, ikke om andre<\/h2>\n<p>Alle har ret til at have en mening, ogs\u00e5 selv om man ikke er enig i den. Kritik af andre medlemmers karakter, smag eller generelle karakter er ikke p\u00e5 sin plads.<\/p>\n<h2> <\/h2>\n<h2>Regel 4. Markedet fasts\u00e6tter prisen<\/h2>\n<p>Piston Addict er et frit marked, hvor s\u00e6lger og k\u00f8ber bestemmer prisen, s\u00e5 det betyder intet at sige, at noget er for dyrt eller for billigt. En vare er det v\u00e6rd, som nogen er villig til at betale.<\/p>\n<h2> <\/h2>\n<h2>Regel 5. Hvis du ikke har l\u00e6st alle de andre kommentarer, er du ikke klar til at skrive din egen kommentar.<\/h2>\n<p>Det er den digitale pendant til at lytte, f\u00f8r du taler.<\/p>\n<h2> <\/h2>\n<h2>Regel 6. Ingen k\u00f8bs-, salgs- eller kontaktoplysninger er tilladt i kommentarfeltet<\/h2>\n<p>Hvis du har en bil til salg, bedes du indsende den til os via indsendelsesformularen. K\u00f8bsanmodninger, e-mailadresser og telefonnumre i kommentarer  <br \/>vil blive slettet.<\/p>\n<h2> <\/h2>\n<h2>Regel 7. Alle er velkomne<\/h2>\n<p>Vores medlemmer er lige s\u00e5 forskellige som det udvalg af biler, vi har p\u00e5 vores liste. Politiske, kvindefjendske eller homofobiske kommentarer er ikke tilladt.<\/p>\n<h2> <\/h2>\n<h2>Funktionalitet til kommentarer<\/h2>\n<p><strong>\u00c6ndring af kommentarer:<\/strong> kommentarer kan \u00e6ndres af deres forfatter efter offentligg\u00f8relsen uden tidsbegr\u00e6nsning. Klik p\u00e5 det r\u00f8de &#8220;Rediger&#8221;-link, der er beregnet til dette form\u00e5l.<\/p>\n<p><strong>Marker som ukonstruktiv:<\/strong> Hvis en kommentar overtr\u00e6der ovenst\u00e5ende regler, bedes du klikke p\u00e5 &#8220;Rapporter&#8221; flag-linket, s\u00e5 den kan blive gennemg\u00e5et eller fjernet. Vi gennemg\u00e5r alle indberettede kommentarer og tr\u00e6ffer den endelige beslutning om, hvorvidt de skal geninds\u00e6ttes eller fjernes.<br \/>Vi \u00f8nsker, at samtalen p\u00e5 dette websted skal v\u00e6re af h\u00f8j kvalitet.<\/p>\n<p><strong>F\u00f8rste gang, du kommenterer: Alle f\u00f8rstegangskommentarer<\/strong> bliver modereret, og en kommentar vil ikke blive offentliggjort p\u00e5 webstedet, f\u00f8r den er blevet gennemg\u00e5et af Piston Addict-medarbejderne. N\u00e5r du har skrevet en kommentar for f\u00f8rste gang, vil den ikke l\u00e6ngere blive modereret.<\/p>\n\t\t\t\t\t\t<\/div>\n\t\t\t\t<\/div>\n\t\t\t\t\t<\/div>\n\t\t<\/div>\n\t\t\t\t\t<\/div>\n\t\t<\/section>\n\t\t\t\t<\/div>\n\t\t","protected":false},"excerpt":{"rendered":"<p>Regel 1. V\u00e6r konstruktiv og ikke negativ Det er nemmere at sige, at man ikke kan lide noget, og nogle gange kan det v\u00e6re berettiget. P\u00e5 den anden side er det mere v\u00e6rdifuldt at sige, hvordan man kan forbedre det, og der tilf\u00f8jes virkelig v\u00e6rdi, n\u00e5r man kan specificere, hvad der er forkert, og hvordan &#8230; <a title=\"Regler for kommentarer\" class=\"read-more\" href=\"https:\/\/pistonaddict.com\/da\/kommentarregler\/\">L\u00e6s mere<span class=\"screen-reader-text\">Regler for kommentarer<\/span><\/a><\/p>\n","protected":false},"author":1,"featured_media":0,"parent":0,"menu_order":0,"comment_status":"closed","ping_status":"closed","template":"","meta":{"inline_featured_image":false,"footnotes":""},"acf":[],"yoast_head":"<!-- This site is optimized with the Yoast SEO plugin v22.5 - https:\/\/yoast.com\/wordpress\/plugins\/seo\/ -->\n<title>Regler for kommentarer - Piston Addict<\/title>\n<meta name=\"robots\" content=\"index, follow, max-snippet:-1, max-image-preview:large, max-video-preview:-1\" \/>\n<link rel=\"canonical\" href=\"https:\/\/pistonaddict.com\/da\/kommentarregler\/\" \/>\n<meta property=\"og:locale\" content=\"da_DK\" \/>\n<meta property=\"og:type\" content=\"article\" \/>\n<meta property=\"og:title\" content=\"Regler for kommentarer - Piston Addict\" \/>\n<meta property=\"og:description\" content=\"Regel 1. V\u00e6r konstruktiv og ikke negativ Det er nemmere at sige, at man ikke kan lide noget, og nogle gange kan det v\u00e6re berettiget. P\u00e5 den anden side er det mere v\u00e6rdifuldt at sige, hvordan man kan forbedre det, og der tilf\u00f8jes virkelig v\u00e6rdi, n\u00e5r man kan specificere, hvad der er forkert, og hvordan ... L\u00e6s mereRegler for kommentarer\" \/>\n<meta property=\"og:url\" content=\"https:\/\/pistonaddict.com\/da\/kommentarregler\/\" \/>\n<meta property=\"og:site_name\" content=\"Piston Addict\" \/>\n<meta property=\"article:modified_time\" content=\"2023-02-05T10:11:46+00:00\" \/>\n<meta name=\"twitter:card\" content=\"summary_large_image\" \/>\n<meta name=\"twitter:label1\" content=\"Estimeret l\u00e6setid\" \/>\n\t<meta name=\"twitter:data1\" content=\"2 minutter\" \/>\n<script type=\"application\/ld+json\" class=\"yoast-schema-graph\">{\"@context\":\"https:\/\/schema.org\",\"@graph\":[{\"@type\":\"WebPage\",\"@id\":\"https:\/\/pistonaddict.com\/da\/kommentarregler\/\",\"url\":\"https:\/\/pistonaddict.com\/da\/kommentarregler\/\",\"name\":\"Regler for kommentarer - Piston Addict\",\"isPartOf\":{\"@id\":\"https:\/\/pistonaddict.com\/da\/#website\"},\"datePublished\":\"2022-04-29T09:20:06+00:00\",\"dateModified\":\"2023-02-05T10:11:46+00:00\",\"breadcrumb\":{\"@id\":\"https:\/\/pistonaddict.com\/da\/kommentarregler\/#breadcrumb\"},\"inLanguage\":\"da-DK\",\"potentialAction\":[{\"@type\":\"ReadAction\",\"target\":[\"https:\/\/pistonaddict.com\/da\/kommentarregler\/\"]}]},{\"@type\":\"BreadcrumbList\",\"@id\":\"https:\/\/pistonaddict.com\/da\/kommentarregler\/#breadcrumb\",\"itemListElement\":[{\"@type\":\"ListItem\",\"position\":1,\"name\":\"Hjemmeside\",\"item\":\"https:\/\/pistonaddict.com\/da\/hjemmeside-2\/\"},{\"@type\":\"ListItem\",\"position\":2,\"name\":\"Regler for kommentarer\"}]},{\"@type\":\"WebSite\",\"@id\":\"https:\/\/pistonaddict.com\/da\/#website\",\"url\":\"https:\/\/pistonaddict.com\/da\/\",\"name\":\"Piston Addict\",\"description\":\"Only interesting vehicles\",\"publisher\":{\"@id\":\"https:\/\/pistonaddict.com\/da\/#organization\"},\"potentialAction\":[{\"@type\":\"SearchAction\",\"target\":{\"@type\":\"EntryPoint\",\"urlTemplate\":\"https:\/\/pistonaddict.com\/da\/?s={search_term_string}\"},\"query-input\":\"required name=search_term_string\"}],\"inLanguage\":\"da-DK\"},{\"@type\":\"Organization\",\"@id\":\"https:\/\/pistonaddict.com\/da\/#organization\",\"name\":\"Piston Addict\",\"url\":\"https:\/\/pistonaddict.com\/da\/\",\"logo\":{\"@type\":\"ImageObject\",\"inLanguage\":\"da-DK\",\"@id\":\"https:\/\/pistonaddict.com\/da\/#\/schema\/logo\/image\/\",\"url\":\"https:\/\/pistonaddict.com\/wp-content\/uploads\/2022\/07\/logo-6.png\",\"contentUrl\":\"https:\/\/pistonaddict.com\/wp-content\/uploads\/2022\/07\/logo-6.png\",\"width\":970,\"height\":200,\"caption\":\"Piston Addict\"},\"image\":{\"@id\":\"https:\/\/pistonaddict.com\/da\/#\/schema\/logo\/image\/\"}}]}<\/script>\n<!-- \/ Yoast SEO plugin. -->","yoast_head_json":{"title":"Regler for kommentarer - Piston Addict","robots":{"index":"index","follow":"follow","max-snippet":"max-snippet:-1","max-image-preview":"max-image-preview:large","max-video-preview":"max-video-preview:-1"},"canonical":"https:\/\/pistonaddict.com\/da\/kommentarregler\/","og_locale":"da_DK","og_type":"article","og_title":"Regler for kommentarer - Piston Addict","og_description":"Regel 1. V\u00e6r konstruktiv og ikke negativ Det er nemmere at sige, at man ikke kan lide noget, og nogle gange kan det v\u00e6re berettiget. P\u00e5 den anden side er det mere v\u00e6rdifuldt at sige, hvordan man kan forbedre det, og der tilf\u00f8jes virkelig v\u00e6rdi, n\u00e5r man kan specificere, hvad der er forkert, og hvordan ... L\u00e6s mereRegler for kommentarer","og_url":"https:\/\/pistonaddict.com\/da\/kommentarregler\/","og_site_name":"Piston Addict","article_modified_time":"2023-02-05T10:11:46+00:00","twitter_card":"summary_large_image","twitter_misc":{"Estimeret l\u00e6setid":"2 minutter"},"schema":{"@context":"https:\/\/schema.org","@graph":[{"@type":"WebPage","@id":"https:\/\/pistonaddict.com\/da\/kommentarregler\/","url":"https:\/\/pistonaddict.com\/da\/kommentarregler\/","name":"Regler for kommentarer - Piston Addict","isPartOf":{"@id":"https:\/\/pistonaddict.com\/da\/#website"},"datePublished":"2022-04-29T09:20:06+00:00","dateModified":"2023-02-05T10:11:46+00:00","breadcrumb":{"@id":"https:\/\/pistonaddict.com\/da\/kommentarregler\/#breadcrumb"},"inLanguage":"da-DK","potentialAction":[{"@type":"ReadAction","target":["https:\/\/pistonaddict.com\/da\/kommentarregler\/"]}]},{"@type":"BreadcrumbList","@id":"https:\/\/pistonaddict.com\/da\/kommentarregler\/#breadcrumb","itemListElement":[{"@type":"ListItem","position":1,"name":"Hjemmeside","item":"https:\/\/pistonaddict.com\/da\/hjemmeside-2\/"},{"@type":"ListItem","position":2,"name":"Regler for kommentarer"}]},{"@type":"WebSite","@id":"https:\/\/pistonaddict.com\/da\/#website","url":"https:\/\/pistonaddict.com\/da\/","name":"Piston Addict","description":"Only interesting vehicles","publisher":{"@id":"https:\/\/pistonaddict.com\/da\/#organization"},"potentialAction":[{"@type":"SearchAction","target":{"@type":"EntryPoint","urlTemplate":"https:\/\/pistonaddict.com\/da\/?s={search_term_string}"},"query-input":"required name=search_term_string"}],"inLanguage":"da-DK"},{"@type":"Organization","@id":"https:\/\/pistonaddict.com\/da\/#organization","name":"Piston Addict","url":"https:\/\/pistonaddict.com\/da\/","logo":{"@type":"ImageObject","inLanguage":"da-DK","@id":"https:\/\/pistonaddict.com\/da\/#\/schema\/logo\/image\/","url":"https:\/\/pistonaddict.com\/wp-content\/uploads\/2022\/07\/logo-6.png","contentUrl":"https:\/\/pistonaddict.com\/wp-content\/uploads\/2022\/07\/logo-6.png","width":970,"height":200,"caption":"Piston Addict"},"image":{"@id":"https:\/\/pistonaddict.com\/da\/#\/schema\/logo\/image\/"}}]}},"_links":{"self":[{"href":"https:\/\/pistonaddict.com\/da\/wp-json\/wp\/v2\/pages\/3071"}],"collection":[{"href":"https:\/\/pistonaddict.com\/da\/wp-json\/wp\/v2\/pages"}],"about":[{"href":"https:\/\/pistonaddict.com\/da\/wp-json\/wp\/v2\/types\/page"}],"author":[{"embeddable":true,"href":"https:\/\/pistonaddict.com\/da\/wp-json\/wp\/v2\/users\/1"}],"replies":[{"embeddable":true,"href":"https:\/\/pistonaddict.com\/da\/wp-json\/wp\/v2\/comments?post=3071"}],"version-history":[{"count":5,"href":"https:\/\/pistonaddict.com\/da\/wp-json\/wp\/v2\/pages\/3071\/revisions"}],"predecessor-version":[{"id":26254,"href":"https:\/\/pistonaddict.com\/da\/wp-json\/wp\/v2\/pages\/3071\/revisions\/26254"}],"wp:attachment":[{"href":"https:\/\/pistonaddict.com\/da\/wp-json\/wp\/v2\/media?parent=3071"}],"curies":[{"name":"wp","href":"https:\/\/api.w.org\/{rel}","templated":true}]}}