{"id":2987,"date":"2022-04-29T11:19:25","date_gmt":"2022-04-29T09:19:25","guid":{"rendered":"https:\/\/pistonaddict.com\/haandtering-af-cookies\/"},"modified":"2022-10-28T10:21:19","modified_gmt":"2022-10-28T08:21:19","slug":"haandtering-af-cookies","status":"publish","type":"page","link":"https:\/\/pistonaddict.com\/da\/haandtering-af-cookies\/","title":{"rendered":"Forvaltning af cookies"},"content":{"rendered":"\t\t<div data-elementor-type=\"wp-page\" data-elementor-id=\"2987\" class=\"elementor elementor-2987 elementor-2954\">\n\t\t\t\t\t\t<section class=\"elementor-section elementor-top-section elementor-element elementor-element-00987b4 elementor-section-boxed elementor-section-height-default elementor-section-height-default\" data-id=\"00987b4\" data-element_type=\"section\">\n\t\t\t\t\t\t<div class=\"elementor-container elementor-column-gap-default\">\n\t\t\t\t\t<div class=\"elementor-column elementor-col-100 elementor-top-column elementor-element elementor-element-9f5f945\" data-id=\"9f5f945\" data-element_type=\"column\">\n\t\t\t<div class=\"elementor-widget-wrap elementor-element-populated\">\n\t\t\t\t\t\t<div class=\"elementor-element elementor-element-8525f40 elementor-widget elementor-widget-text-editor\" data-id=\"8525f40\" data-element_type=\"widget\" data-widget_type=\"text-editor.default\">\n\t\t\t\t<div class=\"elementor-widget-container\">\n\t\t\t<style>\/*! elementor - v3.21.0 - 18-04-2024 *\/\n.elementor-widget-text-editor.elementor-drop-cap-view-stacked .elementor-drop-cap{background-color:#69727d;color:#fff}.elementor-widget-text-editor.elementor-drop-cap-view-framed .elementor-drop-cap{color:#69727d;border:3px solid;background-color:transparent}.elementor-widget-text-editor:not(.elementor-drop-cap-view-default) .elementor-drop-cap{margin-top:8px}.elementor-widget-text-editor:not(.elementor-drop-cap-view-default) .elementor-drop-cap-letter{width:1em;height:1em}.elementor-widget-text-editor .elementor-drop-cap{float:left;text-align:center;line-height:1;font-size:50px}.elementor-widget-text-editor .elementor-drop-cap-letter{display:inline-block}<\/style>\t\t\t\t<div class=\"wpb_text_column wpb_content_element cms_text_block\">\n<div class=\"wpb_wrapper \">\n<p>Ved din f\u00f8rste adgang til webstedet https:\/\/www.pistonaddict.com informerer et b\u00e5nd i bunden af siden dig om, at data vedr\u00f8rende din navigation vil blive registreret i specifikke filer kaldet &#8220;cookies&#8221; eller forbindelsesfiler.<\/p>\n<p>Afin de mieux vous informere sur leur r\u00f4le, les contraintes li\u00e9es \u00e0 leur acceptation ou leur refus et les d\u00e9marches \u00e0 suivre pour bloquer leur installation sur votre computer, <strong>Piston Addict<\/strong> vous pr\u00e9sente sa politique de gestion des cookies.<\/p>\n<div class=\"wpb_column vc_column_container vc_col-sm-12\">\n<div class=\"vc_column-inner\">\n<div class=\"wpb_wrapper\"> <\/div>\n<\/div>\n<\/div>\n<div class=\"cms-custom-heading-wrap heading2 text-left vc_custom_heading heading2_uppercase \">\n<h2> <\/h2>\n<h2 class=\"cmsc-custom-heading vc_custom_heading\">1\u00b0 LE R\u00d4LE DES COOKIES OU FICHIERS DE CONNEXION<\/h2>\n<\/div>\n<p>Cookies tillader at indsamle oplysninger om din s\u00f8gning p\u00e5 webstedet (https:\/\/www.pistonaddict.com) med det form\u00e5l at justere og forbedre din navigation. G\u00e9r\u00e9s af navigat\u00f8ren, forbindelsesfilerne giver mulighed for at bestemme pr\u00e6cist de tjenester og oplysninger, som du s\u00f8ger, ud fra de rubrikker og sider, som du konsulterer.<\/p>\n<p>For en optimal udnyttelse af webstedet og dets tjenester anvendes forskellige typer cookies afh\u00e6ngigt af deres form\u00e5l:<\/p>\n<ul>\n<li>les cookies de session sont principalement install\u00e9s sur les sites marchands pour sauvegarder durant toute la s\u00e9quence de navigation, certaines donn\u00e9es saisies en amont,<\/li>\n<li>de funktionelle cookies tager h\u00f8jde for navigationspr\u00e6ferencer (sprog, sk\u00e6rmopl\u00f8sning&#8230;), eller giver de oplysninger, der er blevet indhentet ved forudg\u00e5ende navigationssessioner (identifikatorer af forbindelse, tjenester, der er k\u00f8bt, data, der er indhentet&#8230;),<\/li>\n<li>les cookies analytiques permet de comptabiliser les internautes tout en analysant leur comportement durant la visite du site Internet afin de generer des statistiques de fr\u00e9quentation,<\/li>\n<li>de tredje cookies er deponeret p\u00e5 den internetbrugerens navigator af publicistiske selskaber eller partnere p\u00e5 internetsiden, samt af sociale netv\u00e6rk og videoplatforme i forbindelse med denne side.<\/li>\n<\/ul>\n<p>De n\u00f8dvendige data fra forbindelsesfilerne tillader ikke, at du identificerer dem p\u00e5 nominativ vis, de anvendes udelukkende til at sikre en god funktion af internetsiden og bliver aldrig meddelt af <strong>Piston Addict<\/strong> til andre strukturer.<\/p>\n<div class=\"wpb_column vc_column_container vc_col-sm-12\">\n<div class=\"vc_column-inner\">\n<div class=\"wpb_wrapper\"> <\/div>\n<\/div>\n<\/div>\n<div class=\"cms-custom-heading-wrap heading2 text-left vc_custom_heading heading2_uppercase \">\n<h2> <\/h2>\n<h2 class=\"cmsc-custom-heading vc_custom_heading\">2\u00b0 LES COOKIES PR\u00c9SENTS SUR LE SITE PISTONADDICT.COM<\/h2>\n<\/div>\n<div class=\"wpb_text_column wpb_content_element vc_custom_1621498045904 cms_text_block\">\n<div class=\"wpb_wrapper \"> <\/div>\n<\/div>\n<p>If\u00f8lge deres art og den type data, som de indsamler, kan de cookies, der anvendes p\u00e5 webstedet https:\/\/www.pistonaddict.com, forhindre dit samtykke til deres anvendelse eller v\u00e6re i modstridende modstridende.<\/p>\n<h3> <\/h3>\n<h3>2.1\u00b0 De funktionsdygtige cookies<\/h3>\n<p>La Commission Nationale de l&#8217;Informatique et des Libert\u00e9s (CNIL) anbefaler, at du undlader at registrere de cookies, der er n\u00f8dvendige for en god funktion af webstedet, eller som har til eneste form\u00e5l at lette kommunikationen ad elektronisk vej.<\/p>\n<p>Dette vedr\u00f8rer hovedsageligt cookies til identifikation af sessionen, cookies til multimedie-l\u00e6sere, cookies til autentificering, cookies til udligning af opladning eller oprettelse af sessionen samt cookies til personlig tilpasning af brugergr\u00e6nsefladen.<\/p>\n<h3> <\/h3>\n<h3>2.2\u00b0 De opf\u00f8lgende cookies<\/h3>\n<p>If\u00f8lge den g\u00e6ldende lovgivning, der er anvendt af RGPD, vil alle cookies, der muligg\u00f8r cibling eller profilering, v\u00e6re tilg\u00e6ngelige f\u00f8r deres indsendelse til din browser: registrering af dit samtykke, muligheden for at mods\u00e6tte dig deres brug, information om, at navigationens forts\u00e6ttelse er i overensstemmelse med deponering af cookies p\u00e5 din terminal.<\/p>\n<p>Cela concerne \u00e0 la fois les cookies de mesure d&#8217;audience (Analytics) et les cookies de partage sur les r\u00e9seaux sociaux (Facebook&#8230;), ces cookies sont donc soumis aux politiques de confidentialit\u00e9 des \u00e9diteurs de ces applications logicielles.<\/p>\n<h4> <\/h4>\n<h4><strong>2.2.1\u00b0 Les cookies de mesure d&#8217;audience<\/strong><\/h4>\n<p>Google Analytics-cookies giver mulighed for at udarbejde statistikker om brugen af webstedet: https:\/\/www.pistonaddict.com.<\/p>\n<p>De er blevet parametreret p\u00e5 en m\u00e5de, s\u00e5 de kan indsamle data, der g\u00f8r det muligt at foretage en fakultativ indsamling af dit samtykke:<\/p>\n<ul>\n<li>de cookies, der er indgivet, tjener udelukkende til at udarbejde anonyme statistikker, den adresse IP, der g\u00f8r det muligt for dig at lokalisere, er ikke mere pr\u00e6cis end byens st\u00f8rrelse, og de to sidste oktetter af adressen IP er undertrykt,<\/li>\n<li>de cookies, der g\u00f8r det muligt at fastl\u00e6gge din tra\u00e7abilitet samt dine IP-adresser, bliver ikke opbevaret l\u00e6ngere end 13 m\u00e5neder efter det f\u00f8rste bes\u00f8g.<\/li>\n<\/ul>\n<p>Fortrolighedspolitikken for Google Analytics er tilg\u00e6ngelig p\u00e5 f\u00f8lgende adresse: https:\/\/policies.google.com\/privacy?hl=fr<\/p>\n<h3> <\/h3>\n<h4><strong>2.2.2.2\u00b0 De cookies til deling af data<\/strong><\/h4>\n<p>De cookies, der deles p\u00e5 sociale netv\u00e6rk (Facebook&#8230;), er udstedt og opbevaret af udgiverne af applikationerne. Under forbehold af dit samtykke tillader disse cookies at dele nemt indholdet, der er offentliggjort p\u00e5 webstedet: https:\/\/www.pistonaddict.com ved hj\u00e6lp af dedikerede applikations-knapper.<\/p>\n<p>Politikkerne om fortrolighed p\u00e5 sociale netv\u00e6rk er tilg\u00e6ngelige p\u00e5 f\u00f8lgende sider :<\/p>\n<ul>\n<li>Facebook : https:\/\/fr-fr.facebook.com\/privacy\/explanation<\/li>\n<li>Twitter : https:\/\/twitter.com\/fr\/privacy#update<\/li>\n<li>Pinterest : https:\/\/policy.pinterest.com\/fr\/privacy-policy<\/li>\n<li>Instagram : https:\/\/help.instagram.com\/519522125107875<\/li>\n<\/ul>\n<h3> <\/h3>\n<h4><strong>2.2.3\u00b0 Cookies fra videoplatforme<\/strong><\/h4>\n<p>De cookies, der er knyttet til visning af videoer p\u00e5 YouTube, er udstedt og administreret af udgiveren af videoplatformen. Under forbehold af dit samtykke er disse cookies sendt til din internetnavigator ved opl\u00e6sning af videoer, der er offentliggjort p\u00e5 webstedet: https:\/\/www.pistonaddict.com og p\u00e5 platformen.<\/p>\n<p>YouTube&#8217;s fortrolighedspolitik er tilg\u00e6ngelig p\u00e5 f\u00f8lgende adresse: https:\/\/policies.google.com\/privacy?hl=fr-CA<\/p>\n<\/div>\n<\/div>\n<div class=\"wpb_column vc_column_container vc_col-sm-12\">\n<div class=\"vc_column-inner\">\n<div class=\"wpb_wrapper\"> <\/div>\n<\/div>\n<\/div>\n<div class=\"cms-custom-heading-wrap heading2 text-left vc_custom_heading heading2_uppercase \">\n<h2> <\/h2>\n<h2 class=\"cmsc-custom-heading vc_custom_heading\">3\u00b0 L&#8217;ACCEPT ELLER AFVISNING AF COOKIES<\/h2>\n<\/div>\n<div class=\"wpb_text_column wpb_content_element vc_custom_1621498045904 cms_text_block\">\n<div class=\"wpb_wrapper \">\n<p>Under dit f\u00f8rste bes\u00f8g p\u00e5 webstedet https:\/\/www.pistonaddict.com er der et b\u00e5nd i bunden af siden for at du kan acceptere eller afvise cookies. Ce bandeau comporte \u00e9galement les mentions relatives \u00e0 la finalit\u00e9 des envois de cookies sur votre navigateur Internet.<\/p>\n<p>Vous pouvez \u00e9galement param\u00e9trer votre navigateur Internet afin d&#8217;\u00eatre averti lorsque des cookies seront d\u00e9pos\u00e9s avec la possibilit\u00e9 de les acceptere ou de les refuser. Alt efter den anvendte navigator kan konfigurationen af cookies (accept eller afvisning) v\u00e6re forskellig.<\/p>\n<p>Du kan finde nedenst\u00e5ende adresser til de sider, der er dedikeret til hver af de vigtigste navigat\u00f8rer:<\/p>\n<ul>\n<li>Microsoft Internet Explorer : http:\/\/windows.microsoft.com\/fr-FR\/windows-vista\/Block-or-allow-cookies<\/li>\n<li>Google Chrome : https:\/\/support.google.com\/chrome\/answer\/95647?hl=fr<\/li>\n<li>Safari : https:\/\/support.apple.com\/fr-fr\/guide\/safari\/sfri11471\/mac<\/li>\n<li>Firefox : https:\/\/support.mozilla.org\/fr\/kb\/autoriser-bloquer-cookies-preferences-sites<\/li>\n<li>Opera : https:\/\/help.opera.com\/en\/latest\/web-preferences\/#cookies<\/li>\n<\/ul>\n<p>A note : Le refus des cookies peut emp\u00eacher la personnalisation de votre navigation p\u00e5 webstedet : https:\/\/www.pistonaddict.com, il est donc important que vous konfiguriez votre navigateur en toute connaissance de cause.<\/p>\n<\/div>\n<\/div>\n<div class=\"wpb_column vc_column_container vc_col-sm-12\">\n<div class=\"vc_column-inner\">\n<div class=\"wpb_wrapper\"> <\/div>\n<\/div>\n<\/div>\n<div class=\"cms-custom-heading-wrap heading2 text-left vc_custom_heading heading2_uppercase \">\n<h2> <\/h2>\n<h2 class=\"cmsc-custom-heading vc_custom_heading\">4\u00b0 TILBAGEKALDELSE AF SAMTYKKE TIL COOKIES<\/h2>\n<\/div>\n<div class=\"wpb_text_column wpb_content_element vc_custom_1621498045904 cms_text_block\">\n<div class=\"wpb_wrapper \">\n<p>Det er muligt p\u00e5 ethvert tidspunkt at tilbagekalde sit <a class=\"wt-cli-manage-consent-link\">samtykke til cookies<\/a> tier og analytiske cookies.<\/p>\n<div class=\"wpb_column vc_column_container vc_col-sm-12\">\n<div class=\"vc_column-inner\">\n<div class=\"wpb_wrapper\"> <\/div>\n<\/div>\n<\/div>\n<div class=\"cms-custom-heading-wrap heading2 text-left vc_custom_heading heading2_uppercase \">\n<h2> <\/h2>\n<h2 class=\"cmsc-custom-heading vc_custom_heading\">5\u00b0 LA POLITIQUE DE CONFIDENTIALIT\u00c9<\/h2>\n<\/div>\n<div class=\"wpb_text_column wpb_content_element vc_custom_1621498045904 cms_text_block\">\n<div class=\"wpb_wrapper \"> <\/div>\n<\/div>\n<p>Hvis du vil vide mere om <strong>Piston Addict<\/strong> &#8216;s fortrolighedspolitik, skal du <a href=\"https:\/\/pistonaddict.com\/da\/fortrolighedspolitik\/\">klikke her<\/a>.<\/p>\n<\/div>\n<\/div>\n\t\t\t\t\t\t<\/div>\n\t\t\t\t<\/div>\n\t\t\t\t\t<\/div>\n\t\t<\/div>\n\t\t\t\t\t<\/div>\n\t\t<\/section>\n\t\t\t\t<\/div>\n\t\t","protected":false},"excerpt":{"rendered":"<p>Ved din f\u00f8rste adgang til webstedet https:\/\/www.pistonaddict.com informerer et b\u00e5nd i bunden af siden dig om, at data vedr\u00f8rende din navigation vil blive registreret i specifikke filer kaldet &#8220;cookies&#8221; eller forbindelsesfiler. Afin de mieux vous informere sur leur r\u00f4le, les contraintes li\u00e9es \u00e0 leur acceptation ou leur refus et les d\u00e9marches \u00e0 suivre pour bloquer &#8230; <a title=\"Forvaltning af cookies\" class=\"read-more\" href=\"https:\/\/pistonaddict.com\/da\/haandtering-af-cookies\/\">L\u00e6s mere<span class=\"screen-reader-text\">Forvaltning af cookies<\/span><\/a><\/p>\n","protected":false},"author":1,"featured_media":0,"parent":0,"menu_order":0,"comment_status":"closed","ping_status":"closed","template":"","meta":{"inline_featured_image":false,"footnotes":""},"acf":[],"yoast_head":"<!-- This site is optimized with the Yoast SEO plugin v22.5 - https:\/\/yoast.com\/wordpress\/plugins\/seo\/ -->\n<title>Forvaltning af cookies - Piston Addict<\/title>\n<meta name=\"robots\" content=\"index, follow, max-snippet:-1, max-image-preview:large, max-video-preview:-1\" \/>\n<link rel=\"canonical\" href=\"https:\/\/pistonaddict.com\/da\/haandtering-af-cookies\/\" \/>\n<meta property=\"og:locale\" content=\"da_DK\" \/>\n<meta property=\"og:type\" content=\"article\" \/>\n<meta property=\"og:title\" content=\"Forvaltning af cookies - Piston Addict\" \/>\n<meta property=\"og:description\" content=\"Ved din f\u00f8rste adgang til webstedet https:\/\/www.pistonaddict.com informerer et b\u00e5nd i bunden af siden dig om, at data vedr\u00f8rende din navigation vil blive registreret i specifikke filer kaldet &#8220;cookies&#8221; eller forbindelsesfiler. Afin de mieux vous informere sur leur r\u00f4le, les contraintes li\u00e9es \u00e0 leur acceptation ou leur refus et les d\u00e9marches \u00e0 suivre pour bloquer ... L\u00e6s mereForvaltning af cookies\" \/>\n<meta property=\"og:url\" content=\"https:\/\/pistonaddict.com\/da\/haandtering-af-cookies\/\" \/>\n<meta property=\"og:site_name\" content=\"Piston Addict\" \/>\n<meta property=\"article:modified_time\" content=\"2022-10-28T08:21:19+00:00\" \/>\n<meta name=\"twitter:card\" content=\"summary_large_image\" \/>\n<meta name=\"twitter:label1\" content=\"Estimeret l\u00e6setid\" \/>\n\t<meta name=\"twitter:data1\" content=\"5 minutter\" \/>\n<script type=\"application\/ld+json\" class=\"yoast-schema-graph\">{\"@context\":\"https:\/\/schema.org\",\"@graph\":[{\"@type\":\"WebPage\",\"@id\":\"https:\/\/pistonaddict.com\/da\/haandtering-af-cookies\/\",\"url\":\"https:\/\/pistonaddict.com\/da\/haandtering-af-cookies\/\",\"name\":\"Forvaltning af cookies - Piston Addict\",\"isPartOf\":{\"@id\":\"https:\/\/pistonaddict.com\/da\/#website\"},\"datePublished\":\"2022-04-29T09:19:25+00:00\",\"dateModified\":\"2022-10-28T08:21:19+00:00\",\"breadcrumb\":{\"@id\":\"https:\/\/pistonaddict.com\/da\/haandtering-af-cookies\/#breadcrumb\"},\"inLanguage\":\"da-DK\",\"potentialAction\":[{\"@type\":\"ReadAction\",\"target\":[\"https:\/\/pistonaddict.com\/da\/haandtering-af-cookies\/\"]}]},{\"@type\":\"BreadcrumbList\",\"@id\":\"https:\/\/pistonaddict.com\/da\/haandtering-af-cookies\/#breadcrumb\",\"itemListElement\":[{\"@type\":\"ListItem\",\"position\":1,\"name\":\"Hjemmeside\",\"item\":\"https:\/\/pistonaddict.com\/da\/hjemmeside-2\/\"},{\"@type\":\"ListItem\",\"position\":2,\"name\":\"Forvaltning af cookies\"}]},{\"@type\":\"WebSite\",\"@id\":\"https:\/\/pistonaddict.com\/da\/#website\",\"url\":\"https:\/\/pistonaddict.com\/da\/\",\"name\":\"Piston Addict\",\"description\":\"Only interesting vehicles\",\"publisher\":{\"@id\":\"https:\/\/pistonaddict.com\/da\/#organization\"},\"potentialAction\":[{\"@type\":\"SearchAction\",\"target\":{\"@type\":\"EntryPoint\",\"urlTemplate\":\"https:\/\/pistonaddict.com\/da\/?s={search_term_string}\"},\"query-input\":\"required name=search_term_string\"}],\"inLanguage\":\"da-DK\"},{\"@type\":\"Organization\",\"@id\":\"https:\/\/pistonaddict.com\/da\/#organization\",\"name\":\"Piston Addict\",\"url\":\"https:\/\/pistonaddict.com\/da\/\",\"logo\":{\"@type\":\"ImageObject\",\"inLanguage\":\"da-DK\",\"@id\":\"https:\/\/pistonaddict.com\/da\/#\/schema\/logo\/image\/\",\"url\":\"https:\/\/pistonaddict.com\/wp-content\/uploads\/2022\/07\/logo-6.png\",\"contentUrl\":\"https:\/\/pistonaddict.com\/wp-content\/uploads\/2022\/07\/logo-6.png\",\"width\":970,\"height\":200,\"caption\":\"Piston Addict\"},\"image\":{\"@id\":\"https:\/\/pistonaddict.com\/da\/#\/schema\/logo\/image\/\"}}]}<\/script>\n<!-- \/ Yoast SEO plugin. -->","yoast_head_json":{"title":"Forvaltning af cookies - Piston Addict","robots":{"index":"index","follow":"follow","max-snippet":"max-snippet:-1","max-image-preview":"max-image-preview:large","max-video-preview":"max-video-preview:-1"},"canonical":"https:\/\/pistonaddict.com\/da\/haandtering-af-cookies\/","og_locale":"da_DK","og_type":"article","og_title":"Forvaltning af cookies - Piston Addict","og_description":"Ved din f\u00f8rste adgang til webstedet https:\/\/www.pistonaddict.com informerer et b\u00e5nd i bunden af siden dig om, at data vedr\u00f8rende din navigation vil blive registreret i specifikke filer kaldet &#8220;cookies&#8221; eller forbindelsesfiler. Afin de mieux vous informere sur leur r\u00f4le, les contraintes li\u00e9es \u00e0 leur acceptation ou leur refus et les d\u00e9marches \u00e0 suivre pour bloquer ... L\u00e6s mereForvaltning af cookies","og_url":"https:\/\/pistonaddict.com\/da\/haandtering-af-cookies\/","og_site_name":"Piston Addict","article_modified_time":"2022-10-28T08:21:19+00:00","twitter_card":"summary_large_image","twitter_misc":{"Estimeret l\u00e6setid":"5 minutter"},"schema":{"@context":"https:\/\/schema.org","@graph":[{"@type":"WebPage","@id":"https:\/\/pistonaddict.com\/da\/haandtering-af-cookies\/","url":"https:\/\/pistonaddict.com\/da\/haandtering-af-cookies\/","name":"Forvaltning af cookies - Piston Addict","isPartOf":{"@id":"https:\/\/pistonaddict.com\/da\/#website"},"datePublished":"2022-04-29T09:19:25+00:00","dateModified":"2022-10-28T08:21:19+00:00","breadcrumb":{"@id":"https:\/\/pistonaddict.com\/da\/haandtering-af-cookies\/#breadcrumb"},"inLanguage":"da-DK","potentialAction":[{"@type":"ReadAction","target":["https:\/\/pistonaddict.com\/da\/haandtering-af-cookies\/"]}]},{"@type":"BreadcrumbList","@id":"https:\/\/pistonaddict.com\/da\/haandtering-af-cookies\/#breadcrumb","itemListElement":[{"@type":"ListItem","position":1,"name":"Hjemmeside","item":"https:\/\/pistonaddict.com\/da\/hjemmeside-2\/"},{"@type":"ListItem","position":2,"name":"Forvaltning af cookies"}]},{"@type":"WebSite","@id":"https:\/\/pistonaddict.com\/da\/#website","url":"https:\/\/pistonaddict.com\/da\/","name":"Piston Addict","description":"Only interesting vehicles","publisher":{"@id":"https:\/\/pistonaddict.com\/da\/#organization"},"potentialAction":[{"@type":"SearchAction","target":{"@type":"EntryPoint","urlTemplate":"https:\/\/pistonaddict.com\/da\/?s={search_term_string}"},"query-input":"required name=search_term_string"}],"inLanguage":"da-DK"},{"@type":"Organization","@id":"https:\/\/pistonaddict.com\/da\/#organization","name":"Piston Addict","url":"https:\/\/pistonaddict.com\/da\/","logo":{"@type":"ImageObject","inLanguage":"da-DK","@id":"https:\/\/pistonaddict.com\/da\/#\/schema\/logo\/image\/","url":"https:\/\/pistonaddict.com\/wp-content\/uploads\/2022\/07\/logo-6.png","contentUrl":"https:\/\/pistonaddict.com\/wp-content\/uploads\/2022\/07\/logo-6.png","width":970,"height":200,"caption":"Piston Addict"},"image":{"@id":"https:\/\/pistonaddict.com\/da\/#\/schema\/logo\/image\/"}}]}},"_links":{"self":[{"href":"https:\/\/pistonaddict.com\/da\/wp-json\/wp\/v2\/pages\/2987"}],"collection":[{"href":"https:\/\/pistonaddict.com\/da\/wp-json\/wp\/v2\/pages"}],"about":[{"href":"https:\/\/pistonaddict.com\/da\/wp-json\/wp\/v2\/types\/page"}],"author":[{"embeddable":true,"href":"https:\/\/pistonaddict.com\/da\/wp-json\/wp\/v2\/users\/1"}],"replies":[{"embeddable":true,"href":"https:\/\/pistonaddict.com\/da\/wp-json\/wp\/v2\/comments?post=2987"}],"version-history":[{"count":5,"href":"https:\/\/pistonaddict.com\/da\/wp-json\/wp\/v2\/pages\/2987\/revisions"}],"predecessor-version":[{"id":15961,"href":"https:\/\/pistonaddict.com\/da\/wp-json\/wp\/v2\/pages\/2987\/revisions\/15961"}],"wp:attachment":[{"href":"https:\/\/pistonaddict.com\/da\/wp-json\/wp\/v2\/media?parent=2987"}],"curies":[{"name":"wp","href":"https:\/\/api.w.org\/{rel}","templated":true}]}}