{"id":2911,"date":"2022-04-29T11:18:33","date_gmt":"2022-04-29T09:18:33","guid":{"rendered":"https:\/\/pistonaddict.com\/juridisk-meddelelse\/"},"modified":"2024-10-26T08:17:33","modified_gmt":"2024-10-26T06:17:33","slug":"juridisk-meddelelse","status":"publish","type":"page","link":"https:\/\/pistonaddict.com\/da\/juridisk-meddelelse\/","title":{"rendered":"Juridisk meddelelse"},"content":{"rendered":"\t\t<div data-elementor-type=\"wp-page\" data-elementor-id=\"2911\" class=\"elementor elementor-2911 elementor-2848\">\n\t\t\t\t\t\t<section class=\"elementor-section elementor-top-section elementor-element elementor-element-4eb0e23 elementor-section-boxed elementor-section-height-default elementor-section-height-default\" data-id=\"4eb0e23\" data-element_type=\"section\">\n\t\t\t\t\t\t<div class=\"elementor-container elementor-column-gap-default\">\n\t\t\t\t\t<div class=\"elementor-column elementor-col-100 elementor-top-column elementor-element elementor-element-229cbe5\" data-id=\"229cbe5\" data-element_type=\"column\">\n\t\t\t<div class=\"elementor-widget-wrap elementor-element-populated\">\n\t\t\t\t\t\t<div class=\"elementor-element elementor-element-2af4966 elementor-widget elementor-widget-text-editor\" data-id=\"2af4966\" data-element_type=\"widget\" data-widget_type=\"text-editor.default\">\n\t\t\t\t<div class=\"elementor-widget-container\">\n\t\t\t<style>\/*! elementor - v3.21.0 - 18-04-2024 *\/\n.elementor-widget-text-editor.elementor-drop-cap-view-stacked .elementor-drop-cap{background-color:#69727d;color:#fff}.elementor-widget-text-editor.elementor-drop-cap-view-framed .elementor-drop-cap{color:#69727d;border:3px solid;background-color:transparent}.elementor-widget-text-editor:not(.elementor-drop-cap-view-default) .elementor-drop-cap{margin-top:8px}.elementor-widget-text-editor:not(.elementor-drop-cap-view-default) .elementor-drop-cap-letter{width:1em;height:1em}.elementor-widget-text-editor .elementor-drop-cap{float:left;text-align:center;line-height:1;font-size:50px}.elementor-widget-text-editor .elementor-drop-cap-letter{display:inline-block}<\/style>\t\t\t\t<h2><strong>PR\u00c6SENTATION AF WEBSTEDET<\/strong><\/h2>\n<p>I henhold til artikel 6 i lov nr. 2004-575 af 21. juni 2004 om tillid til den digitale \u00f8konomi og i anvendelse af den <strong>generelle<\/strong> <strong>databeskyttelsesforordning<\/strong> [forordning (EU) 2016\/679] specificeres det for brugere af webstedet: https:\/\/www.pistonaddict.com, identiteten p\u00e5 de forskellige interessenter i forbindelse med dets realisering og dets overv\u00e5gning.<\/p>\n<ul>\n<li><strong>Ejer:<\/strong> <strong>Piston Addict SA<\/strong><\/li>\n<li>SA med en aktiekapital p\u00e5 400 000 CHF<\/li>\n<li>IDE-nummer: CHE-354.351.695<\/li>\n<li>Momsnummer: CHE-354.351.695TVA og EU528667635 (ikke EU OSS-nummer)<\/li>\n<li>Kontor : Rue Alexandre Gavard 16, 1227 Carouge,&nbsp; Schweiz<\/li>\n<li>Telefon: 00 41 22 342 03 55<\/li>\n<\/ul>\n<ul>\n<li><strong>Skaber\/Webmaster: KUBIWEB<\/strong><\/li>\n<li>SAS med en aktiekapital p\u00e5 21 320 \u20ac<\/li>\n<li>SIRET-nummer: 5301896464600025<\/li>\n<li>Hovedkvarter: 46-48 Chemin de la Bruy\u00e8re &#8211; 69570 DARDILLY<\/li>\n<\/ul>\n<ul>\n<li><strong>V\u00e6rt: HOSTINGER<\/strong><\/li>\n<li>Hovedkvarter: HOSTINGER INTERNATIONAL LTD, 61 Lordou Vironos Street, 6023 Larnaca, Cypern<\/li>\n<li>Kontakt: <a href=\"https:\/\/www.hostinger.fr\/contact\" target=\"_blank\" rel=\"noopener\">https:\/\/www.hostinger.fr\/contact<\/a><\/li>\n<\/ul>\n\n<ul>\n<li>E-mail : <a href=\"https:\/\/pistonaddict.com\/da\/kontakt-os\/\">Kontaktformular<\/a><\/li>\n<\/ul>\n<p>Piston Addict-aktiviteter foreg\u00e5r over hele verden med hovedfokus p\u00e5 Europa, undtagen Storbritannien og Irland.&nbsp;<\/p>\n<p><\/p>\n<h2><strong>GENERELLE BETINGELSER FOR BRUG AF WEBSTEDET OG DE TILBUDTE TJENESTER<\/strong><\/h2>\n<p>Brugen af https:\/\/www.pistonaddict.com indeb\u00e6rer fuld accept af de generelle betingelser for brug, der er beskrevet nedenfor. Disse brugsbetingelser kan til enhver tid \u00e6ndres eller suppleres, og brugerne af webstedet https:\/\/www.pistonaddict.com opfordres derfor til at konsultere dem regelm\u00e6ssigt.<\/p>\n<p>Dette websted er normalt tilg\u00e6ngeligt for brugere til enhver tid. En afbrydelse p\u00e5 grund af teknisk vedligeholdelse kan dog besluttes af <strong>Piston Addict<\/strong>, som i s\u00e5 fald vil bestr\u00e6be sig p\u00e5 at informere brugerne om datoer og tidspunkter for indgrebet.<\/p>\n<p>Hjemmesiden https:\/\/www.pistonaddict.com opdateres regelm\u00e6ssigt af <strong>Piston Addict<\/strong>. P\u00e5 samme m\u00e5de kan de juridiske meddelelser til enhver tid \u00e6ndres, men de er ikke desto mindre bindende for brugeren, som opfordres til at l\u00e6se dem s\u00e5 ofte som muligt for at g\u00f8re sig bekendt med dem.<\/p>\n<h2>&nbsp;<\/h2>\n<h2><strong>BESKRIVELSE AF DE LEVEREDE TJENESTEYDELSER<\/strong><\/h2>\n<p>Form\u00e5let med webstedet https:\/\/www.pistonaddict.com er at give oplysninger om alle virksomhedens aktiviteter. <strong>Piston Addict<\/strong> bestr\u00e6ber sig p\u00e5 at give s\u00e5 n\u00f8jagtige oplysninger p\u00e5 https:\/\/www.pistonaddict.com som muligt.<\/p>\n<p>Den kan dog ikke holdes ansvarlig for udeladelser, un\u00f8jagtigheder og mangler i opdateringen, hverken fra dens side eller fra de tredjepartspartnere, der leverer disse oplysninger til den.<\/p>\n<p>Alle de oplysninger, der er anf\u00f8rt p\u00e5 webstedet https:\/\/www.pistonaddict.com, er vejledende og vil sandsynligvis blive \u00e6ndret. Desuden er oplysningerne p\u00e5 webstedet https:\/\/www.pistonaddict.com ikke udt\u00f8mmende. De gives med forbehold af de \u00e6ndringer, der er foretaget, siden de blev lagt online.<\/p>\n<h2>&nbsp;<\/h2>\n<h2><strong>KONTRAKTM\u00c6SSIGE BEGR\u00c6NSNINGER VEDR\u00d8RENDE TEKNISKE DATA<\/strong><\/h2>\n<p>Webstedet anvender JavaScript-teknologi.<\/p>\n<p>Webstedet kan ikke holdes ansvarligt for materielle skader i forbindelse med brugen af webstedet. Desuden accepterer brugeren af webstedet at f\u00e5 adgang til webstedet ved hj\u00e6lp af nyere udstyr, der ikke indeholder virus, og med en opdateret browser af nyeste generation.<\/p>\n<h2>&nbsp;<\/h2>\n<h2><strong>INTELLEKTUEL EJENDOMSRET OG KR\u00c6NKELSER<\/strong><\/h2>\n<p><strong>Piston Addict<\/strong> er indehaver af de intellektuelle ejendomsrettigheder eller har brugsretten til alle elementer, der er tilg\u00e6ngelige p\u00e5 webstedet, is\u00e6r tekster, billeder, grafik, logoer, ikoner, lyde og software.<\/p>\n<p>Enhver reproduktion, repr\u00e6sentation, \u00e6ndring, offentligg\u00f8relse eller tilpasning af alle eller en del af elementerne p\u00e5 webstedet, uanset hvilke midler eller processer der anvendes, er forbudt, medmindre der foreligger en forudg\u00e5ende skriftlig tilladelse fra <strong>Piston Addict<\/strong>.<\/p>\n<p>Enhver uautoriseret brug af webstedet eller nogen af de elementer, som det indeholder, vil blive betragtet som en kr\u00e6nkelse og retsforfulgt i overensstemmelse med bestemmelserne i artikel L.335-2 og f\u00f8lgende i loven om intellektuel ejendomsret.<\/p>\n<h2>&nbsp;<\/h2>\n<h2><strong>BEGR\u00c6NSNING AF ANSVAR<\/strong><\/h2>\n<p><strong>Piston Addict<\/strong> kan ikke holdes ansvarlig for direkte eller indirekte skader for\u00e5rsaget af brugerens udstyr, n\u00e5r der er adgang til webstedet https:\/\/www.pistonaddict.com, og som enten skyldes brug af udstyr, der ikke opfylder specifikationerne angivet i punkt 4, enten forekomsten af en fejl eller en inkompatibilitet.<\/p>\n<p><strong>Piston Addict<\/strong> kan heller ikke holdes ansvarlig for f\u00f8lgeskader (f.eks. tab af markedsandel eller tab af muligheder) som f\u00f8lge af brugen af webstedet https:\/\/www.pistonaddict.com. Interaktive omr\u00e5der (mulighed for at stille sp\u00f8rgsm\u00e5l i kontaktomr\u00e5det) er tilg\u00e6ngelige for brugerne.<\/p>\n<p><strong>Piston Addict<\/strong> forbeholder sig ret til uden forudg\u00e5ende varsel at slette ethvert indhold, der er offentliggjort p\u00e5 dette omr\u00e5de, og som strider mod den g\u00e6ldende lovgivning i Frankrig, is\u00e6r bestemmelserne om databeskyttelse.<\/p>\n<p>I givet fald forbeholder <strong>Piston Addict<\/strong> sig ogs\u00e5 ret til at stille sp\u00f8rgsm\u00e5lstegn ved brugerens civilretlige og\/eller strafferetlige ansvar, is\u00e6r i tilf\u00e6lde af en racistisk, injurierende, \u00e6rekr\u00e6nkende eller pornografisk meddelelse, uanset hvilket medie der anvendes (tekst, foto osv.).<\/p>\n<h2>&nbsp;<\/h2>\n<h2><strong>FORVALTNING AF PERSONOPLYSNINGER<\/strong><\/h2>\n<p>I Frankrig er personoplysninger navnlig beskyttet af lov nr. 78-87 af 6. januar 1978, lov nr. 2004-801 af 6. august 2004, artikel L. 226-13 i straffeloven og det europ\u00e6iske direktiv af 24. oktober 1995 og Europa-Parlamentets og R\u00e5dets forordning (EU) 2016\/679 af 27. april 2016.<\/p>\n<p>Ved brug af https:\/\/www.pistonaddict.com-webstedet kan f\u00f8lgende indsamles: URL-adressen for de links, hvorigennem brugeren har f\u00e5et adgang til https:\/\/www.pistonaddict.com-webstedet, brugerens internetudbyder og brugerens IP-adresse (Internet Protocol).<\/p>\n<p>Under alle omst\u00e6ndigheder indsamler <strong>Piston Addict<\/strong> kun personlige oplysninger om brugeren med henblik p\u00e5 visse tjenester, der tilbydes af webstedet https:\/\/www.pistonaddict.com.<\/p>\n<p>Brugeren giver disse oplysninger med fuldt kendskab til de faktiske omst\u00e6ndigheder, is\u00e6r n\u00e5r han selv indtaster dem. Det er derefter angivet for brugeren af webstedet https:\/\/www.pistonaddict.com, om han\/hun er forpligtet til at give disse oplysninger eller ej. I overensstemmelse med bestemmelserne i artikel 38 og f\u00f8lgende i lov 78-17 af 6. januar 1978 om behandling af oplysninger, filer og frihedsrettigheder samt bestemmelserne i kapitel 3 i den generelle forordning om databeskyttelse har alle brugere ret til adgang til, berigtigelse af og indsigelse mod personlige oplysninger, der vedr\u00f8rer dem, ved at frems\u00e6tte en skriftlig og underskrevet anmodning, ledsaget af en kopi af identitetsdokumentet med underskrift af dokumentets indehaver, med angivelse af den adresse, hvortil svaret skal sendes.<\/p>\n<p>Ingen personlige oplysninger om brugeren af webstedet https:\/\/www.pistonaddict.com offentligg\u00f8res uden brugerens vidende, udveksles, overf\u00f8res, overdrages eller s\u00e6lges p\u00e5 noget som helst medium til tredjeparter.<\/p>\n<p>Kun overtagelsen af <strong>Piston Addict<\/strong> og dets rettigheder ville tillade overf\u00f8rsel af s\u00e5danne oplysninger til den potentielle k\u00f8ber, som igen ville v\u00e6re bundet af den samme forpligtelse til at gemme og \u00e6ndre data med hensyn til brugeren af webstedet. https:\/\/www.pistonaddict.com.<\/p>\n<p>Webstedet er ikke anmeldt til CNIL, da det ikke indsamler personlige oplysninger uden de ber\u00f8rte personers samtykke. Databaserne er beskyttet af bestemmelserne i loven af 1. juli 1998 om gennemf\u00f8relse af direktiv 96\/9 af 11. marts 1996 om retlig beskyttelse af databaser.<\/p>\n<p><span lang=\"en\">For at ud\u00f8ve dine rettigheder over dine personlige data eller i tilf\u00e6lde af sp\u00f8rgsm\u00e5l vedr\u00f8rende dem, kan du kontakte vores databeskyttelsesansvarlige p\u00e5 f\u00f8lgende adresse: dpo@pistonaddict.com.<\/span><\/p>\n<h2>&nbsp;<\/h2>\n<h2><strong>HYPERTEKSTLINKS OG COOKIES<\/strong><\/h2>\n<p>Webstedet https:\/\/www.pistonaddict.com indeholder et vist antal hypertekstlinks til andre websteder, som er oprettet med tilladelse fra <strong>Piston Addict<\/strong>. <strong>Piston Addict<\/strong> har dog ikke mulighed for at kontrollere indholdet af de bes\u00f8gte websteder og p\u00e5tager sig derfor intet ansvar for dette.<\/p>\n<p>Ved at surfe p\u00e5 https:\/\/www.pistonaddict.com kan det v\u00e6re sandsynligt, at der installeres en eller flere cookies p\u00e5 brugerens computer. En cookie er en lille fil, som ikke g\u00f8r det muligt at identificere brugeren, men som registrerer oplysninger om en computers navigation p\u00e5 et websted.<\/p>\n<p>De s\u00e5ledes indhentede data skal lette den efterf\u00f8lgende navigation p\u00e5 webstedet og skal ogs\u00e5 g\u00f8re det muligt at foretage forskellige m\u00e5linger af fremm\u00f8det.<\/p>\n<p>Hvis du n\u00e6gter at installere en cookie, kan det g\u00f8re det umuligt at f\u00e5 adgang til visse tjenester. Brugeren kan dog konfigurere sin computer som f\u00f8lger for at afvise installation af cookies:<\/p>\n<ul>\n<li>Under Internet Explorer: fanebladet v\u00e6rkt\u00f8j (piktogram i form af et tandhjul \u00f8verst til h\u00f8jre) \/ internetindstillinger. Klik p\u00e5 Privatliv, og v\u00e6lg Bloker alle cookies. Valid\u00e9r ved Ok.<\/li>\n<li>Under Firefox: \u00f8verst i browservinduet skal du klikke p\u00e5 knappen Firefox og derefter g\u00e5 til fanen Indstillinger. Klik p\u00e5 fanen Privatliv. Indstil opbevaringsreglerne til: Brug brugerdefinerede indstillinger for historik. Endelig skal du fjerne markeringen for at deaktivere cookies.<\/li>\n<li>Under Safari: Klik \u00f8verst til h\u00f8jre i browseren p\u00e5 menuikonet (symboliseret ved et tandhjul). V\u00e6lg Indstillinger. Klik p\u00e5 Vis avancerede indstillinger. Klik p\u00e5 Indholdsindstillinger i afsnittet &#8220;Privatliv&#8221;. I afsnittet &#8220;Cookies&#8221; kan du blokere cookies.<\/li>\n<li>I Chrome: Klik \u00f8verst til h\u00f8jre i browseren p\u00e5 menuikonet (symboliseret ved tre vandrette linjer). V\u00e6lg Indstillinger. Klik p\u00e5 Vis avancerede indstillinger. I afsnittet &#8220;Privatliv&#8221; skal du klikke p\u00e5 Pr\u00e6ferencer. Under fanen &#8220;Privatliv&#8221; kan du blokere cookies.<\/li>\n<\/ul>\n<h2>&nbsp;<\/h2>\n<h2><strong>G\u00c6LDENDE LOV OG TILDELING AF JURISDIKTION<\/strong><\/h2>\n<p>Enhver tvist i forbindelse med brugen af webstedet https:\/\/www.pistonaddict.com er underlagt schweizisk lovgivning. De kompetente domstole i Gen\u00e8ve har enekompetence.<\/p>\n<h2>&nbsp;<\/h2>\n<h2><strong>DE VIGTIGSTE BER\u00d8RTE LOVE<\/strong><\/h2>\n<p>Lov nr. 78-87 af 6. januar 1978, navnlig \u00e6ndret ved lov nr. 2004-801 af 6. august 2004 om databehandling, registre og frihedsrettigheder. Lov nr. 2004-575 af 21. juni 2004 om tillid til den digitale \u00f8konomi. Afsnit 2, 3, 4 og 5 i kapitel 3 i den generelle forordning om databeskyttelse.<\/p>\n<h2>&nbsp;<\/h2>\n<h2><strong>LEXICON<\/strong><\/h2>\n<p>Bruger: Internetbruger, der opretter forbindelse og bruger det ovenn\u00e6vnte websted.<\/p>\n<p>Personlige oplysninger: &#8220;oplysninger, der p\u00e5 nogen m\u00e5de, direkte eller indirekte, g\u00f8r det muligt at identificere de fysiske personer, som de vedr\u00f8rer&#8221; (artikel 4 i lov nr. 78-17 af 6. januar 1978).<\/p>\n<h2>&nbsp;<\/h2>\n<h2>COPYRIGHT<\/h2>\n<p><a title=\"vigtige ikoner\" href=\"https:\/\/www.flaticon.com\/free-icons\/key\">N\u00f8gleikoner skabt af Good Ware &#8211; Flaticon<br><\/a><\/p>\n<p><strong>Piston Addict<\/strong> er et registreret varem\u00e6rke, alle rettigheder forbeholdes.<\/p>\t\t\t\t\t\t<\/div>\n\t\t\t\t<\/div>\n\t\t\t\t\t<\/div>\n\t\t<\/div>\n\t\t\t\t\t<\/div>\n\t\t<\/section>\n\t\t\t\t<\/div>\n\t\t","protected":false},"excerpt":{"rendered":"<p>PR\u00c6SENTATION AF WEBSTEDET I henhold til artikel 6 i lov nr. 2004-575 af 21. juni 2004 om tillid til den digitale \u00f8konomi og i anvendelse af den generelle databeskyttelsesforordning [forordning (EU) 2016\/679] specificeres det for brugere af webstedet: https:\/\/www.pistonaddict.com, identiteten p\u00e5 de forskellige interessenter i forbindelse med dets realisering og dets overv\u00e5gning. Ejer: Piston Addict &#8230; <a title=\"Juridisk meddelelse\" class=\"read-more\" href=\"https:\/\/pistonaddict.com\/da\/juridisk-meddelelse\/\">L\u00e6s mere<span class=\"screen-reader-text\">Juridisk meddelelse<\/span><\/a><\/p>\n","protected":false},"author":1,"featured_media":0,"parent":0,"menu_order":0,"comment_status":"closed","ping_status":"closed","template":"","meta":{"inline_featured_image":false,"footnotes":""},"acf":[],"yoast_head":"<!-- This site is optimized with the Yoast SEO plugin v22.5 - https:\/\/yoast.com\/wordpress\/plugins\/seo\/ -->\n<title>Juridisk meddelelse - Piston Addict<\/title>\n<meta name=\"robots\" content=\"index, follow, max-snippet:-1, max-image-preview:large, max-video-preview:-1\" \/>\n<link rel=\"canonical\" href=\"https:\/\/pistonaddict.com\/da\/juridisk-meddelelse\/\" \/>\n<meta property=\"og:locale\" content=\"da_DK\" \/>\n<meta property=\"og:type\" content=\"article\" \/>\n<meta property=\"og:title\" content=\"Juridisk meddelelse - Piston Addict\" \/>\n<meta property=\"og:description\" content=\"PR\u00c6SENTATION AF WEBSTEDET I henhold til artikel 6 i lov nr. 2004-575 af 21. juni 2004 om tillid til den digitale \u00f8konomi og i anvendelse af den generelle databeskyttelsesforordning [forordning (EU) 2016\/679] specificeres det for brugere af webstedet: https:\/\/www.pistonaddict.com, identiteten p\u00e5 de forskellige interessenter i forbindelse med dets realisering og dets overv\u00e5gning. Ejer: Piston Addict ... L\u00e6s mereJuridisk meddelelse\" \/>\n<meta property=\"og:url\" content=\"https:\/\/pistonaddict.com\/da\/juridisk-meddelelse\/\" \/>\n<meta property=\"og:site_name\" content=\"Piston Addict\" \/>\n<meta property=\"article:modified_time\" content=\"2024-10-26T06:17:33+00:00\" \/>\n<meta name=\"twitter:card\" content=\"summary_large_image\" \/>\n<meta name=\"twitter:label1\" content=\"Estimeret l\u00e6setid\" \/>\n\t<meta name=\"twitter:data1\" content=\"8 minutter\" \/>\n<script type=\"application\/ld+json\" class=\"yoast-schema-graph\">{\"@context\":\"https:\/\/schema.org\",\"@graph\":[{\"@type\":\"WebPage\",\"@id\":\"https:\/\/pistonaddict.com\/da\/juridisk-meddelelse\/\",\"url\":\"https:\/\/pistonaddict.com\/da\/juridisk-meddelelse\/\",\"name\":\"Juridisk meddelelse - Piston Addict\",\"isPartOf\":{\"@id\":\"https:\/\/pistonaddict.com\/da\/#website\"},\"datePublished\":\"2022-04-29T09:18:33+00:00\",\"dateModified\":\"2024-10-26T06:17:33+00:00\",\"breadcrumb\":{\"@id\":\"https:\/\/pistonaddict.com\/da\/juridisk-meddelelse\/#breadcrumb\"},\"inLanguage\":\"da-DK\",\"potentialAction\":[{\"@type\":\"ReadAction\",\"target\":[\"https:\/\/pistonaddict.com\/da\/juridisk-meddelelse\/\"]}]},{\"@type\":\"BreadcrumbList\",\"@id\":\"https:\/\/pistonaddict.com\/da\/juridisk-meddelelse\/#breadcrumb\",\"itemListElement\":[{\"@type\":\"ListItem\",\"position\":1,\"name\":\"Hjemmeside\",\"item\":\"https:\/\/pistonaddict.com\/da\/hjemmeside-2\/\"},{\"@type\":\"ListItem\",\"position\":2,\"name\":\"Juridisk meddelelse\"}]},{\"@type\":\"WebSite\",\"@id\":\"https:\/\/pistonaddict.com\/da\/#website\",\"url\":\"https:\/\/pistonaddict.com\/da\/\",\"name\":\"Piston Addict\",\"description\":\"Only interesting vehicles\",\"publisher\":{\"@id\":\"https:\/\/pistonaddict.com\/da\/#organization\"},\"potentialAction\":[{\"@type\":\"SearchAction\",\"target\":{\"@type\":\"EntryPoint\",\"urlTemplate\":\"https:\/\/pistonaddict.com\/da\/?s={search_term_string}\"},\"query-input\":\"required name=search_term_string\"}],\"inLanguage\":\"da-DK\"},{\"@type\":\"Organization\",\"@id\":\"https:\/\/pistonaddict.com\/da\/#organization\",\"name\":\"Piston Addict\",\"url\":\"https:\/\/pistonaddict.com\/da\/\",\"logo\":{\"@type\":\"ImageObject\",\"inLanguage\":\"da-DK\",\"@id\":\"https:\/\/pistonaddict.com\/da\/#\/schema\/logo\/image\/\",\"url\":\"https:\/\/pistonaddict.com\/wp-content\/uploads\/2022\/07\/logo-6.png\",\"contentUrl\":\"https:\/\/pistonaddict.com\/wp-content\/uploads\/2022\/07\/logo-6.png\",\"width\":970,\"height\":200,\"caption\":\"Piston Addict\"},\"image\":{\"@id\":\"https:\/\/pistonaddict.com\/da\/#\/schema\/logo\/image\/\"}}]}<\/script>\n<!-- \/ Yoast SEO plugin. -->","yoast_head_json":{"title":"Juridisk meddelelse - Piston Addict","robots":{"index":"index","follow":"follow","max-snippet":"max-snippet:-1","max-image-preview":"max-image-preview:large","max-video-preview":"max-video-preview:-1"},"canonical":"https:\/\/pistonaddict.com\/da\/juridisk-meddelelse\/","og_locale":"da_DK","og_type":"article","og_title":"Juridisk meddelelse - Piston Addict","og_description":"PR\u00c6SENTATION AF WEBSTEDET I henhold til artikel 6 i lov nr. 2004-575 af 21. juni 2004 om tillid til den digitale \u00f8konomi og i anvendelse af den generelle databeskyttelsesforordning [forordning (EU) 2016\/679] specificeres det for brugere af webstedet: https:\/\/www.pistonaddict.com, identiteten p\u00e5 de forskellige interessenter i forbindelse med dets realisering og dets overv\u00e5gning. Ejer: Piston Addict ... L\u00e6s mereJuridisk meddelelse","og_url":"https:\/\/pistonaddict.com\/da\/juridisk-meddelelse\/","og_site_name":"Piston Addict","article_modified_time":"2024-10-26T06:17:33+00:00","twitter_card":"summary_large_image","twitter_misc":{"Estimeret l\u00e6setid":"8 minutter"},"schema":{"@context":"https:\/\/schema.org","@graph":[{"@type":"WebPage","@id":"https:\/\/pistonaddict.com\/da\/juridisk-meddelelse\/","url":"https:\/\/pistonaddict.com\/da\/juridisk-meddelelse\/","name":"Juridisk meddelelse - Piston Addict","isPartOf":{"@id":"https:\/\/pistonaddict.com\/da\/#website"},"datePublished":"2022-04-29T09:18:33+00:00","dateModified":"2024-10-26T06:17:33+00:00","breadcrumb":{"@id":"https:\/\/pistonaddict.com\/da\/juridisk-meddelelse\/#breadcrumb"},"inLanguage":"da-DK","potentialAction":[{"@type":"ReadAction","target":["https:\/\/pistonaddict.com\/da\/juridisk-meddelelse\/"]}]},{"@type":"BreadcrumbList","@id":"https:\/\/pistonaddict.com\/da\/juridisk-meddelelse\/#breadcrumb","itemListElement":[{"@type":"ListItem","position":1,"name":"Hjemmeside","item":"https:\/\/pistonaddict.com\/da\/hjemmeside-2\/"},{"@type":"ListItem","position":2,"name":"Juridisk meddelelse"}]},{"@type":"WebSite","@id":"https:\/\/pistonaddict.com\/da\/#website","url":"https:\/\/pistonaddict.com\/da\/","name":"Piston Addict","description":"Only interesting vehicles","publisher":{"@id":"https:\/\/pistonaddict.com\/da\/#organization"},"potentialAction":[{"@type":"SearchAction","target":{"@type":"EntryPoint","urlTemplate":"https:\/\/pistonaddict.com\/da\/?s={search_term_string}"},"query-input":"required name=search_term_string"}],"inLanguage":"da-DK"},{"@type":"Organization","@id":"https:\/\/pistonaddict.com\/da\/#organization","name":"Piston Addict","url":"https:\/\/pistonaddict.com\/da\/","logo":{"@type":"ImageObject","inLanguage":"da-DK","@id":"https:\/\/pistonaddict.com\/da\/#\/schema\/logo\/image\/","url":"https:\/\/pistonaddict.com\/wp-content\/uploads\/2022\/07\/logo-6.png","contentUrl":"https:\/\/pistonaddict.com\/wp-content\/uploads\/2022\/07\/logo-6.png","width":970,"height":200,"caption":"Piston Addict"},"image":{"@id":"https:\/\/pistonaddict.com\/da\/#\/schema\/logo\/image\/"}}]}},"_links":{"self":[{"href":"https:\/\/pistonaddict.com\/da\/wp-json\/wp\/v2\/pages\/2911"}],"collection":[{"href":"https:\/\/pistonaddict.com\/da\/wp-json\/wp\/v2\/pages"}],"about":[{"href":"https:\/\/pistonaddict.com\/da\/wp-json\/wp\/v2\/types\/page"}],"author":[{"embeddable":true,"href":"https:\/\/pistonaddict.com\/da\/wp-json\/wp\/v2\/users\/1"}],"replies":[{"embeddable":true,"href":"https:\/\/pistonaddict.com\/da\/wp-json\/wp\/v2\/comments?post=2911"}],"version-history":[{"count":15,"href":"https:\/\/pistonaddict.com\/da\/wp-json\/wp\/v2\/pages\/2911\/revisions"}],"predecessor-version":[{"id":111603,"href":"https:\/\/pistonaddict.com\/da\/wp-json\/wp\/v2\/pages\/2911\/revisions\/111603"}],"wp:attachment":[{"href":"https:\/\/pistonaddict.com\/da\/wp-json\/wp\/v2\/media?parent=2911"}],"curies":[{"name":"wp","href":"https:\/\/api.w.org\/{rel}","templated":true}]}}