{"id":2835,"date":"2022-04-29T11:18:49","date_gmt":"2022-04-29T09:18:49","guid":{"rendered":"https:\/\/pistonaddict.com\/forsendelse\/"},"modified":"2022-05-04T18:00:05","modified_gmt":"2022-05-04T16:00:05","slug":"forsendelse","status":"publish","type":"page","link":"https:\/\/pistonaddict.com\/da\/forsendelse\/","title":{"rendered":"Forsendelse"},"content":{"rendered":"\t\t<div data-elementor-type=\"wp-page\" data-elementor-id=\"2835\" class=\"elementor elementor-2835 elementor-333\">\n\t\t\t\t\t\t<section class=\"elementor-section elementor-top-section elementor-element elementor-element-eb8a04d elementor-section-boxed elementor-section-height-default elementor-section-height-default\" data-id=\"eb8a04d\" data-element_type=\"section\">\n\t\t\t\t\t\t<div class=\"elementor-container elementor-column-gap-default\">\n\t\t\t\t\t<div class=\"elementor-column elementor-col-100 elementor-top-column elementor-element elementor-element-43edc4e\" data-id=\"43edc4e\" data-element_type=\"column\">\n\t\t\t<div class=\"elementor-widget-wrap elementor-element-populated\">\n\t\t\t\t\t\t<div class=\"elementor-element elementor-element-d78828a elementor-widget elementor-widget-text-editor\" data-id=\"d78828a\" data-element_type=\"widget\" data-widget_type=\"text-editor.default\">\n\t\t\t\t<div class=\"elementor-widget-container\">\n\t\t\t<style>\/*! elementor - v3.21.0 - 18-04-2024 *\/\n.elementor-widget-text-editor.elementor-drop-cap-view-stacked .elementor-drop-cap{background-color:#69727d;color:#fff}.elementor-widget-text-editor.elementor-drop-cap-view-framed .elementor-drop-cap{color:#69727d;border:3px solid;background-color:transparent}.elementor-widget-text-editor:not(.elementor-drop-cap-view-default) .elementor-drop-cap{margin-top:8px}.elementor-widget-text-editor:not(.elementor-drop-cap-view-default) .elementor-drop-cap-letter{width:1em;height:1em}.elementor-widget-text-editor .elementor-drop-cap{float:left;text-align:center;line-height:1;font-size:50px}.elementor-widget-text-editor .elementor-drop-cap-letter{display:inline-block}<\/style>\t\t\t\t\n          <h1>\n            <strong>FORSENDELSE AF DIT K\u00d8RET\u00d8J<\/strong>\n          <\/h1>\n          <h2>\n            <strong>HVORDAN F\u00c5R DU TRANSPORTERT DIT K\u00d8RET\u00d8J?<\/strong>\n          <\/h2>\n          <p>Der er flere l\u00f8sninger til r\u00e5dighed for dig, hvis du \u00f8nsker at f\u00e5 dit k\u00f8ret\u00f8j transporteret.<\/p>\n          <p>Du kan g\u00f8re det p\u00e5 egen h\u00e5nd eller bruge professionelle transportydelser s\u00e5som bugsering, transport, flad- eller lastbiltransport eller endelig s\u00f8transport.<\/p>\n          <h3>\n            <strong>1- Bugsering af k\u00f8ret\u00f8jer<\/strong>\n          <\/h3>\n          <p>Denne type transport er velegnet til korte afstande, ved lav hastighed. For at bugsere dit k\u00f8ret\u00f8j skal du:<\/p>\n          <ul>\n            <li>Brug en godkendt pull-up bar for maksimal sikkerhed;<\/li>\n            <li>V\u00e6re ledsaget af en chauff\u00f8r i det bugserede k\u00f8ret\u00f8j;<\/li>\n            <li>K\u00f8r med maks. 50 km\/t og brug kun de sekund\u00e6re akser;<\/li>\n            <li>S\u00f8rg for et tr\u00e6kkende k\u00f8ret\u00f8j, der er tungere end det bugserede k\u00f8ret\u00f8j;<\/li>\n            <li>Brug advarslerne, v\u00e6r forsigtig og indtag en fleksibel k\u00f8restil.<\/li>\n          <\/ul>\n          <h2> <\/h2>\n          <h3>\n            <strong>2- Transporter et k\u00f8ret\u00f8j p\u00e5 en platform<\/strong>\n          <\/h3>\n          <p>Denne mulighed er velegnet til at transportere dit k\u00f8ret\u00f8j over lange afstande i fuld sikkerhed. Du kan v\u00e6lge at f\u00e5 dit k\u00f8ret\u00f8j transporteret p\u00e5 en ladvogn, helst overd\u00e6kket, for at beskytte karrosseriet under transporten.<\/p>\n          <h3>\n            <strong>3- K\u00f8ret\u00f8jstransport med lastbil<\/strong>\n          <\/h3>\n          <p>Dette er det samme princip som transport med en ladvogn, men i dette tilf\u00e6lde transporteres dit k\u00f8ret\u00f8j i lastbilens trailer. Dette alternativ er muligt, selvom du kun har \u00e9t k\u00f8ret\u00f8j at transportere. Denne mulighed er \u00f8konomisk; de bedste spillere p\u00e5 markedet tilbyder leveringstider p\u00e5 en til to uger fra ordremodtagelse til levering.<\/p>\n          <h3>\n            <strong>4- K\u00f8ret\u00f8jstransport<\/strong>\n          <\/h3>\n          <p>For at transporten skal v\u00e6re mulig, skal k\u00f8ret\u00f8jet v\u00e6re mobilt, i god stand og velholdt. En transport\u00f8r tildeles til dine behov og k\u00f8rer k\u00f8ret\u00f8jet fra afgang til destination.<\/p>\n          <p>Det er et hurtigt alternativ uden at g\u00e5 gennem forskellige l\u00e6sse- eller losseplatforme, men dyrere.<\/p>\n          <h3>\n            <strong>5- S\u00f8transport<\/strong>\n          <\/h3>\n          <p>Transport af biler med ro-ro-skib (eller RO-RO) repr\u00e6senterer et stort flertal af s\u00f8fragten for k\u00f8ret\u00f8jer. K\u00f8ret\u00f8jerne er parkeret der i hele transportens varighed. Det er den mest \u00f8konomiske og nogle gange hurtigste form for bilforsendelse.<\/p>\n          <p>Brug af en fragtagent er ofte obligatorisk for at kunne sende et k\u00f8ret\u00f8j til et fremmed land. Dette vil tage sig af de administrative procedurer i afgangshavnen, men ogs\u00e5 i ankomsthavnen.<\/p>\n          <h2>\n            <strong>HVILKE DOKUMENTER SKAL LEVERES FOR AT SENDE DIT K\u00d8RET\u00d8J INTERNATIONALT?<\/strong>\n          <\/h2>\n          <ul>\n            <li>K\u00f8bsfakturaen for k\u00f8ret\u00f8jet;<\/li>\n            <li>En kopi af dit identitetsdokument;<\/li>\n            <li>K\u00f8ret\u00f8jets registreringsdokument;<\/li>\n            <li>Overf\u00f8rselsbeviset;<\/li>\n            <li>Ikke-pantsattesten;<\/li>\n            <li>Det udfyldte og underskrevne v\u00e6rdicertifikat ( <strong><a href=\"https:\/\/pistonaddict.com\/wp-content\/uploads\/2022\/05\/Attestation-de-valeur-vehicule.pdf\" target=\"_blank\" rel=\"noopener\"><u>download det<\/u><\/a><\/strong> ).<\/li>\n          <\/ul>\n          <p>Afh\u00e6ngigt af bestemmelseslandet kan andre dokumenter v\u00e6re p\u00e5kr\u00e6vet. Glem ikke at sp\u00f8rge din fragtmand, om skatter, afgifter og fortoldningsgebyrer er inkluderet i det pr\u00e6senterede tilbud.<\/p>\n          <h2>\n            <strong>HVOR MEGET KOSTER DET AT SENDE ET K\u00d8RET\u00d8J INTERNATIONALT?<\/strong>\n          <\/h2>\n          <p>Taksterne varierer naturligvis fra den ene transport\u00f8r til den anden: flere elementer tages i betragtning af k\u00f8ret\u00f8jstransportfirmaet for at beregne transportomkostningerne:<\/p>\n          <ul>\n            <li>typen af k\u00f8ret\u00f8j;<\/li>\n            <li>Transportformen ;<\/li>\n            <li>Afstanden mellem de to lande;<\/li>\n            <li>Deadline for afsendelse og \u00e5rets periode.<\/li>\n          <\/ul>\n          <p>Du forbliver ansvarlig for transportforsikringen, som bliver tilbudt dig af transportfirmaet, samt de told- og afgifter, der skal betales.<\/p>\n          <p>Landtransport er den mest praktiske m\u00e5de at sende et k\u00f8ret\u00f8j p\u00e5, is\u00e6r mellem gr\u00e6nselande. S\u00f8transport har den fordel, at den er \u00f8konomisk, men langsommere.<\/p>\n          <h2>\n            <strong>R\u00c5D FOR STEMPE-AFHANDLINGER<\/strong>\n          <\/h2>\n          <p>Nu hvor du ved alt, hvad der er at vide om transport af k\u00f8ret\u00f8jer, er her nogle tips, som altid er gode at f\u00f8lge, f\u00f8r du overlader dit k\u00f8ret\u00f8j til det transportfirma, du v\u00e6lger:<\/p>\n          <ul>\n            <li>Deaktiver alarmen, hvis der er en, for at forhindre, at den g\u00e5r i gang under transport;<\/li>\n            <li>Oplad batteriet maksimalt, s\u00e5 det ikke aflades helt under transporten;<\/li>\n            <li>T\u00f8m br\u00e6ndstoftanken s\u00e5 meget som muligt, som en sikkerhedsforanstaltning;<\/li>\n            <li>Pas p\u00e5 ikke at efterlade genstande i k\u00f8ret\u00f8jet;<\/li>\n            <li>Opbevar beviser for k\u00f8ret\u00f8jets tilstand, f\u00f8r du afleverer det til transport\u00f8ren;<\/li>\n            <li>Tegn en forsikring for at f\u00e5 pengene-tilbage-garanti i tilf\u00e6lde af et problem under transporten;<\/li>\n            <li>Opbevar originalerne af k\u00f8ret\u00f8jets registreringsattest, ejerskabsattesten og attesten for ikke-pants\u00e6tning;<\/li>\n            <li>Hav en reservedel af k\u00f8ret\u00f8jets n\u00f8gler med dig. Og frem for alt, glem ikke at sende dubletn\u00f8glerne, n\u00e5r k\u00f8ret\u00f8jet er modtaget af k\u00f8beren.<\/li>\n          <\/ul>\n          <p> <\/p>\n          <h2>\n            <strong>Vores anbefalinger med lastbil<\/strong>\n          <\/h2>\n          <ul>\n            <li><em><strong>Tyskland \u2013 \u00d8strig \u2013 Belgien \u2013 Spanien \u2013 Frankrig \u2013 Italien \u2013 Holland \u2013 Portugal \u2013 Schweiz \u2013 Storbritannien<\/strong> :<\/em> International: <a href=\"https:\/\/www.eurosender.com\/en\/vt\/vehicle-transport\/car\" target=\"_blank\" rel=\"noopener\">Eurosender<\/a> , <a href=\"https:\/\/www.shiply.com\/vehicle-delivery\/car-transport-to-europe.php\" target=\"_blank\" rel=\"noopener\">Shiply<\/a><\/li>\n            <li><strong><em>Frankrig:<\/em><\/strong> Nationalt: <a href=\"https:\/\/disposeo.com\/\" target=\"_blank\" rel=\"noopener\">Disposeo<\/a> , <a href=\"https:\/\/www.hiflow.com\/particulier\" target=\"_blank\" rel=\"noopener\">Hiflow<\/a><\/li>\n          <\/ul>\n          <h2>\n            <strong>Vores anbefalinger til s\u00f8s<\/strong>\n          <\/h2>\n          <ul>\n            <li><a href=\"https:\/\/cfrrinkens.com\/rate-request\/\" target=\"_blank\" rel=\"noopener\">CFR Rinkens<\/a> , <a href=\"https:\/\/www.carseurope.net\/international-car-transportation-quote\/\" target=\"_blank\" rel=\"noopener\">BILER<\/a><\/li>\n          <\/ul>\n        \t\t\t\t\t\t<\/div>\n\t\t\t\t<\/div>\n\t\t\t\t\t<\/div>\n\t\t<\/div>\n\t\t\t\t\t<\/div>\n\t\t<\/section>\n\t\t\t\t<\/div>\n\t\t","protected":false},"excerpt":{"rendered":"<p>FORSENDELSE AF DIT K\u00d8RET\u00d8J HVORDAN F\u00c5R DU TRANSPORTERT DIT K\u00d8RET\u00d8J? Der er flere l\u00f8sninger til r\u00e5dighed for dig, hvis du \u00f8nsker at f\u00e5 dit k\u00f8ret\u00f8j transporteret. Du kan g\u00f8re det p\u00e5 egen h\u00e5nd eller bruge professionelle transportydelser s\u00e5som bugsering, transport, flad- eller lastbiltransport eller endelig s\u00f8transport. 1- Bugsering af k\u00f8ret\u00f8jer Denne type transport er velegnet &#8230; <a title=\"Forsendelse\" class=\"read-more\" href=\"https:\/\/pistonaddict.com\/da\/forsendelse\/\">L\u00e6s mere<span class=\"screen-reader-text\">Forsendelse<\/span><\/a><\/p>\n","protected":false},"author":1,"featured_media":0,"parent":0,"menu_order":0,"comment_status":"closed","ping_status":"closed","template":"","meta":{"inline_featured_image":false,"footnotes":""},"acf":[],"yoast_head":"<!-- This site is optimized with the Yoast SEO plugin v22.5 - https:\/\/yoast.com\/wordpress\/plugins\/seo\/ -->\n<title>Forsendelse - Piston Addict<\/title>\n<meta name=\"robots\" content=\"index, follow, max-snippet:-1, max-image-preview:large, max-video-preview:-1\" \/>\n<link rel=\"canonical\" href=\"https:\/\/pistonaddict.com\/da\/forsendelse\/\" \/>\n<meta property=\"og:locale\" content=\"da_DK\" \/>\n<meta property=\"og:type\" content=\"article\" \/>\n<meta property=\"og:title\" content=\"Forsendelse - Piston Addict\" \/>\n<meta property=\"og:description\" content=\"FORSENDELSE AF DIT K\u00d8RET\u00d8J HVORDAN F\u00c5R DU TRANSPORTERT DIT K\u00d8RET\u00d8J? Der er flere l\u00f8sninger til r\u00e5dighed for dig, hvis du \u00f8nsker at f\u00e5 dit k\u00f8ret\u00f8j transporteret. Du kan g\u00f8re det p\u00e5 egen h\u00e5nd eller bruge professionelle transportydelser s\u00e5som bugsering, transport, flad- eller lastbiltransport eller endelig s\u00f8transport. 1- Bugsering af k\u00f8ret\u00f8jer Denne type transport er velegnet ... L\u00e6s mereForsendelse\" \/>\n<meta property=\"og:url\" content=\"https:\/\/pistonaddict.com\/da\/forsendelse\/\" \/>\n<meta property=\"og:site_name\" content=\"Piston Addict\" \/>\n<meta property=\"article:modified_time\" content=\"2022-05-04T16:00:05+00:00\" \/>\n<meta name=\"twitter:card\" content=\"summary_large_image\" \/>\n<meta name=\"twitter:label1\" content=\"Estimeret l\u00e6setid\" \/>\n\t<meta name=\"twitter:data1\" content=\"4 minutter\" \/>\n<script type=\"application\/ld+json\" class=\"yoast-schema-graph\">{\"@context\":\"https:\/\/schema.org\",\"@graph\":[{\"@type\":\"WebPage\",\"@id\":\"https:\/\/pistonaddict.com\/da\/forsendelse\/\",\"url\":\"https:\/\/pistonaddict.com\/da\/forsendelse\/\",\"name\":\"Forsendelse - Piston Addict\",\"isPartOf\":{\"@id\":\"https:\/\/pistonaddict.com\/da\/#website\"},\"datePublished\":\"2022-04-29T09:18:49+00:00\",\"dateModified\":\"2022-05-04T16:00:05+00:00\",\"breadcrumb\":{\"@id\":\"https:\/\/pistonaddict.com\/da\/forsendelse\/#breadcrumb\"},\"inLanguage\":\"da-DK\",\"potentialAction\":[{\"@type\":\"ReadAction\",\"target\":[\"https:\/\/pistonaddict.com\/da\/forsendelse\/\"]}]},{\"@type\":\"BreadcrumbList\",\"@id\":\"https:\/\/pistonaddict.com\/da\/forsendelse\/#breadcrumb\",\"itemListElement\":[{\"@type\":\"ListItem\",\"position\":1,\"name\":\"Hjemmeside\",\"item\":\"https:\/\/pistonaddict.com\/da\/hjemmeside-2\/\"},{\"@type\":\"ListItem\",\"position\":2,\"name\":\"Forsendelse\"}]},{\"@type\":\"WebSite\",\"@id\":\"https:\/\/pistonaddict.com\/da\/#website\",\"url\":\"https:\/\/pistonaddict.com\/da\/\",\"name\":\"Piston Addict\",\"description\":\"Only interesting vehicles\",\"publisher\":{\"@id\":\"https:\/\/pistonaddict.com\/da\/#organization\"},\"potentialAction\":[{\"@type\":\"SearchAction\",\"target\":{\"@type\":\"EntryPoint\",\"urlTemplate\":\"https:\/\/pistonaddict.com\/da\/?s={search_term_string}\"},\"query-input\":\"required name=search_term_string\"}],\"inLanguage\":\"da-DK\"},{\"@type\":\"Organization\",\"@id\":\"https:\/\/pistonaddict.com\/da\/#organization\",\"name\":\"Piston Addict\",\"url\":\"https:\/\/pistonaddict.com\/da\/\",\"logo\":{\"@type\":\"ImageObject\",\"inLanguage\":\"da-DK\",\"@id\":\"https:\/\/pistonaddict.com\/da\/#\/schema\/logo\/image\/\",\"url\":\"https:\/\/pistonaddict.com\/wp-content\/uploads\/2022\/07\/logo-6.png\",\"contentUrl\":\"https:\/\/pistonaddict.com\/wp-content\/uploads\/2022\/07\/logo-6.png\",\"width\":970,\"height\":200,\"caption\":\"Piston Addict\"},\"image\":{\"@id\":\"https:\/\/pistonaddict.com\/da\/#\/schema\/logo\/image\/\"}}]}<\/script>\n<!-- \/ Yoast SEO plugin. -->","yoast_head_json":{"title":"Forsendelse - Piston Addict","robots":{"index":"index","follow":"follow","max-snippet":"max-snippet:-1","max-image-preview":"max-image-preview:large","max-video-preview":"max-video-preview:-1"},"canonical":"https:\/\/pistonaddict.com\/da\/forsendelse\/","og_locale":"da_DK","og_type":"article","og_title":"Forsendelse - Piston Addict","og_description":"FORSENDELSE AF DIT K\u00d8RET\u00d8J HVORDAN F\u00c5R DU TRANSPORTERT DIT K\u00d8RET\u00d8J? Der er flere l\u00f8sninger til r\u00e5dighed for dig, hvis du \u00f8nsker at f\u00e5 dit k\u00f8ret\u00f8j transporteret. Du kan g\u00f8re det p\u00e5 egen h\u00e5nd eller bruge professionelle transportydelser s\u00e5som bugsering, transport, flad- eller lastbiltransport eller endelig s\u00f8transport. 1- Bugsering af k\u00f8ret\u00f8jer Denne type transport er velegnet ... L\u00e6s mereForsendelse","og_url":"https:\/\/pistonaddict.com\/da\/forsendelse\/","og_site_name":"Piston Addict","article_modified_time":"2022-05-04T16:00:05+00:00","twitter_card":"summary_large_image","twitter_misc":{"Estimeret l\u00e6setid":"4 minutter"},"schema":{"@context":"https:\/\/schema.org","@graph":[{"@type":"WebPage","@id":"https:\/\/pistonaddict.com\/da\/forsendelse\/","url":"https:\/\/pistonaddict.com\/da\/forsendelse\/","name":"Forsendelse - Piston Addict","isPartOf":{"@id":"https:\/\/pistonaddict.com\/da\/#website"},"datePublished":"2022-04-29T09:18:49+00:00","dateModified":"2022-05-04T16:00:05+00:00","breadcrumb":{"@id":"https:\/\/pistonaddict.com\/da\/forsendelse\/#breadcrumb"},"inLanguage":"da-DK","potentialAction":[{"@type":"ReadAction","target":["https:\/\/pistonaddict.com\/da\/forsendelse\/"]}]},{"@type":"BreadcrumbList","@id":"https:\/\/pistonaddict.com\/da\/forsendelse\/#breadcrumb","itemListElement":[{"@type":"ListItem","position":1,"name":"Hjemmeside","item":"https:\/\/pistonaddict.com\/da\/hjemmeside-2\/"},{"@type":"ListItem","position":2,"name":"Forsendelse"}]},{"@type":"WebSite","@id":"https:\/\/pistonaddict.com\/da\/#website","url":"https:\/\/pistonaddict.com\/da\/","name":"Piston Addict","description":"Only interesting vehicles","publisher":{"@id":"https:\/\/pistonaddict.com\/da\/#organization"},"potentialAction":[{"@type":"SearchAction","target":{"@type":"EntryPoint","urlTemplate":"https:\/\/pistonaddict.com\/da\/?s={search_term_string}"},"query-input":"required name=search_term_string"}],"inLanguage":"da-DK"},{"@type":"Organization","@id":"https:\/\/pistonaddict.com\/da\/#organization","name":"Piston Addict","url":"https:\/\/pistonaddict.com\/da\/","logo":{"@type":"ImageObject","inLanguage":"da-DK","@id":"https:\/\/pistonaddict.com\/da\/#\/schema\/logo\/image\/","url":"https:\/\/pistonaddict.com\/wp-content\/uploads\/2022\/07\/logo-6.png","contentUrl":"https:\/\/pistonaddict.com\/wp-content\/uploads\/2022\/07\/logo-6.png","width":970,"height":200,"caption":"Piston Addict"},"image":{"@id":"https:\/\/pistonaddict.com\/da\/#\/schema\/logo\/image\/"}}]}},"_links":{"self":[{"href":"https:\/\/pistonaddict.com\/da\/wp-json\/wp\/v2\/pages\/2835"}],"collection":[{"href":"https:\/\/pistonaddict.com\/da\/wp-json\/wp\/v2\/pages"}],"about":[{"href":"https:\/\/pistonaddict.com\/da\/wp-json\/wp\/v2\/types\/page"}],"author":[{"embeddable":true,"href":"https:\/\/pistonaddict.com\/da\/wp-json\/wp\/v2\/users\/1"}],"replies":[{"embeddable":true,"href":"https:\/\/pistonaddict.com\/da\/wp-json\/wp\/v2\/comments?post=2835"}],"version-history":[{"count":2,"href":"https:\/\/pistonaddict.com\/da\/wp-json\/wp\/v2\/pages\/2835\/revisions"}],"predecessor-version":[{"id":4217,"href":"https:\/\/pistonaddict.com\/da\/wp-json\/wp\/v2\/pages\/2835\/revisions\/4217"}],"wp:attachment":[{"href":"https:\/\/pistonaddict.com\/da\/wp-json\/wp\/v2\/media?parent=2835"}],"curies":[{"name":"wp","href":"https:\/\/api.w.org\/{rel}","templated":true}]}}