{"id":2011,"date":"2022-04-13T10:38:14","date_gmt":"2022-04-13T08:38:14","guid":{"rendered":"https:\/\/pistonaddict.com\/eksempel-side\/"},"modified":"2022-05-04T18:00:16","modified_gmt":"2022-05-04T16:00:16","slug":"eksempel-side","status":"publish","type":"page","link":"https:\/\/pistonaddict.com\/da\/eksempel-side\/","title":{"rendered":"Eksempel side"},"content":{"rendered":"\n<p>Dette er en eksempelside. Det er forskelligt fra et blogindl\u00e6g, fordi det forbliver \u00e9t sted og vises i dit websteds navigation (i de fleste temaer). De fleste mennesker starter med en &#8220;Om&#8221;-side, der introducerer dem til folk, der bes\u00f8ger webstedet. Det kunne se s\u00e5dan ud:<\/p>\n\n<blockquote class=\"wp-block-quote\"><p>God morgen ! Jeg er en mekaniker, der \u00f8nsker at v\u00e6re skuespiller, og dette er mit websted. Jeg bor i Bordeaux, jeg har en fantastisk hund ved navn Russell, og jeg elsker vodka (samt at blive overrasket af pludselig regn under lange g\u00e5ture p\u00e5 stranden ved solnedgang).<\/p><\/blockquote>\n\n<p>\u2026eller s\u00e5dan noget her:<\/p>\n\n<blockquote class=\"wp-block-quote\"><p>Virksomheden 123 Machin Truc blev oprettet i 1971, og har siden siden fortsat med at tilbyde kvalitetsgadgets til offentligheden. Beliggende i Saint-Remy-en-Bouzemont-Saint-Genest-et-Isson, besk\u00e6ftiger 123 Machin Truc 2.000 mennesker og fremstiller alle slags fantastiske gadgets til Bouzemont-samfundet.<\/p><\/blockquote>\n\n<p>Som ny WordPress-bruger b\u00f8r du g\u00e5 til <a href=\"https:\/\/pistonaddict.com\/wp-admin\/\">dit dashboard<\/a> for at slette denne side og oprette nye sider til dit indhold. Hav det sjovt !<\/p>\n","protected":false},"excerpt":{"rendered":"<p>Dette er en eksempelside. Det er forskelligt fra et blogindl\u00e6g, fordi det forbliver \u00e9t sted og vises i dit websteds navigation (i de fleste temaer). De fleste mennesker starter med en &#8220;Om&#8221;-side, der introducerer dem til folk, der bes\u00f8ger webstedet. Det kunne se s\u00e5dan ud: God morgen ! Jeg er en mekaniker, der \u00f8nsker at &#8230; <a title=\"Eksempel side\" class=\"read-more\" href=\"https:\/\/pistonaddict.com\/da\/eksempel-side\/\">L\u00e6s mere<span class=\"screen-reader-text\">Eksempel side<\/span><\/a><\/p>\n","protected":false},"author":1,"featured_media":0,"parent":0,"menu_order":0,"comment_status":"closed","ping_status":"closed","template":"","meta":{"inline_featured_image":false,"footnotes":""},"acf":[],"yoast_head":"<!-- This site is optimized with the Yoast SEO plugin v22.5 - https:\/\/yoast.com\/wordpress\/plugins\/seo\/ -->\n<title>Eksempel side - Piston Addict<\/title>\n<meta name=\"robots\" content=\"index, follow, max-snippet:-1, max-image-preview:large, max-video-preview:-1\" \/>\n<link rel=\"canonical\" href=\"https:\/\/pistonaddict.com\/da\/eksempel-side\/\" \/>\n<meta property=\"og:locale\" content=\"da_DK\" \/>\n<meta property=\"og:type\" content=\"article\" \/>\n<meta property=\"og:title\" content=\"Eksempel side - Piston Addict\" \/>\n<meta property=\"og:description\" content=\"Dette er en eksempelside. Det er forskelligt fra et blogindl\u00e6g, fordi det forbliver \u00e9t sted og vises i dit websteds navigation (i de fleste temaer). De fleste mennesker starter med en &#8220;Om&#8221;-side, der introducerer dem til folk, der bes\u00f8ger webstedet. Det kunne se s\u00e5dan ud: God morgen ! Jeg er en mekaniker, der \u00f8nsker at ... L\u00e6s mereEksempel side\" \/>\n<meta property=\"og:url\" content=\"https:\/\/pistonaddict.com\/da\/eksempel-side\/\" \/>\n<meta property=\"og:site_name\" content=\"Piston Addict\" \/>\n<meta property=\"article:modified_time\" content=\"2022-05-04T16:00:16+00:00\" \/>\n<meta name=\"twitter:card\" content=\"summary_large_image\" \/>\n<meta name=\"twitter:label1\" content=\"Estimeret l\u00e6setid\" \/>\n\t<meta name=\"twitter:data1\" content=\"1 minut\" \/>\n<script type=\"application\/ld+json\" class=\"yoast-schema-graph\">{\"@context\":\"https:\/\/schema.org\",\"@graph\":[{\"@type\":\"WebPage\",\"@id\":\"https:\/\/pistonaddict.com\/da\/eksempel-side\/\",\"url\":\"https:\/\/pistonaddict.com\/da\/eksempel-side\/\",\"name\":\"Eksempel side - Piston Addict\",\"isPartOf\":{\"@id\":\"https:\/\/pistonaddict.com\/da\/#website\"},\"datePublished\":\"2022-04-13T08:38:14+00:00\",\"dateModified\":\"2022-05-04T16:00:16+00:00\",\"breadcrumb\":{\"@id\":\"https:\/\/pistonaddict.com\/da\/eksempel-side\/#breadcrumb\"},\"inLanguage\":\"da-DK\",\"potentialAction\":[{\"@type\":\"ReadAction\",\"target\":[\"https:\/\/pistonaddict.com\/da\/eksempel-side\/\"]}]},{\"@type\":\"BreadcrumbList\",\"@id\":\"https:\/\/pistonaddict.com\/da\/eksempel-side\/#breadcrumb\",\"itemListElement\":[{\"@type\":\"ListItem\",\"position\":1,\"name\":\"Hjemmeside\",\"item\":\"https:\/\/pistonaddict.com\/da\/hjemmeside-2\/\"},{\"@type\":\"ListItem\",\"position\":2,\"name\":\"Eksempel side\"}]},{\"@type\":\"WebSite\",\"@id\":\"https:\/\/pistonaddict.com\/da\/#website\",\"url\":\"https:\/\/pistonaddict.com\/da\/\",\"name\":\"Piston Addict\",\"description\":\"Only interesting vehicles\",\"publisher\":{\"@id\":\"https:\/\/pistonaddict.com\/da\/#organization\"},\"potentialAction\":[{\"@type\":\"SearchAction\",\"target\":{\"@type\":\"EntryPoint\",\"urlTemplate\":\"https:\/\/pistonaddict.com\/da\/?s={search_term_string}\"},\"query-input\":\"required name=search_term_string\"}],\"inLanguage\":\"da-DK\"},{\"@type\":\"Organization\",\"@id\":\"https:\/\/pistonaddict.com\/da\/#organization\",\"name\":\"Piston Addict\",\"url\":\"https:\/\/pistonaddict.com\/da\/\",\"logo\":{\"@type\":\"ImageObject\",\"inLanguage\":\"da-DK\",\"@id\":\"https:\/\/pistonaddict.com\/da\/#\/schema\/logo\/image\/\",\"url\":\"https:\/\/pistonaddict.com\/wp-content\/uploads\/2022\/07\/logo-6.png\",\"contentUrl\":\"https:\/\/pistonaddict.com\/wp-content\/uploads\/2022\/07\/logo-6.png\",\"width\":970,\"height\":200,\"caption\":\"Piston Addict\"},\"image\":{\"@id\":\"https:\/\/pistonaddict.com\/da\/#\/schema\/logo\/image\/\"}}]}<\/script>\n<!-- \/ Yoast SEO plugin. -->","yoast_head_json":{"title":"Eksempel side - Piston Addict","robots":{"index":"index","follow":"follow","max-snippet":"max-snippet:-1","max-image-preview":"max-image-preview:large","max-video-preview":"max-video-preview:-1"},"canonical":"https:\/\/pistonaddict.com\/da\/eksempel-side\/","og_locale":"da_DK","og_type":"article","og_title":"Eksempel side - Piston Addict","og_description":"Dette er en eksempelside. Det er forskelligt fra et blogindl\u00e6g, fordi det forbliver \u00e9t sted og vises i dit websteds navigation (i de fleste temaer). De fleste mennesker starter med en &#8220;Om&#8221;-side, der introducerer dem til folk, der bes\u00f8ger webstedet. Det kunne se s\u00e5dan ud: God morgen ! Jeg er en mekaniker, der \u00f8nsker at ... L\u00e6s mereEksempel side","og_url":"https:\/\/pistonaddict.com\/da\/eksempel-side\/","og_site_name":"Piston Addict","article_modified_time":"2022-05-04T16:00:16+00:00","twitter_card":"summary_large_image","twitter_misc":{"Estimeret l\u00e6setid":"1 minut"},"schema":{"@context":"https:\/\/schema.org","@graph":[{"@type":"WebPage","@id":"https:\/\/pistonaddict.com\/da\/eksempel-side\/","url":"https:\/\/pistonaddict.com\/da\/eksempel-side\/","name":"Eksempel side - Piston Addict","isPartOf":{"@id":"https:\/\/pistonaddict.com\/da\/#website"},"datePublished":"2022-04-13T08:38:14+00:00","dateModified":"2022-05-04T16:00:16+00:00","breadcrumb":{"@id":"https:\/\/pistonaddict.com\/da\/eksempel-side\/#breadcrumb"},"inLanguage":"da-DK","potentialAction":[{"@type":"ReadAction","target":["https:\/\/pistonaddict.com\/da\/eksempel-side\/"]}]},{"@type":"BreadcrumbList","@id":"https:\/\/pistonaddict.com\/da\/eksempel-side\/#breadcrumb","itemListElement":[{"@type":"ListItem","position":1,"name":"Hjemmeside","item":"https:\/\/pistonaddict.com\/da\/hjemmeside-2\/"},{"@type":"ListItem","position":2,"name":"Eksempel side"}]},{"@type":"WebSite","@id":"https:\/\/pistonaddict.com\/da\/#website","url":"https:\/\/pistonaddict.com\/da\/","name":"Piston Addict","description":"Only interesting vehicles","publisher":{"@id":"https:\/\/pistonaddict.com\/da\/#organization"},"potentialAction":[{"@type":"SearchAction","target":{"@type":"EntryPoint","urlTemplate":"https:\/\/pistonaddict.com\/da\/?s={search_term_string}"},"query-input":"required name=search_term_string"}],"inLanguage":"da-DK"},{"@type":"Organization","@id":"https:\/\/pistonaddict.com\/da\/#organization","name":"Piston Addict","url":"https:\/\/pistonaddict.com\/da\/","logo":{"@type":"ImageObject","inLanguage":"da-DK","@id":"https:\/\/pistonaddict.com\/da\/#\/schema\/logo\/image\/","url":"https:\/\/pistonaddict.com\/wp-content\/uploads\/2022\/07\/logo-6.png","contentUrl":"https:\/\/pistonaddict.com\/wp-content\/uploads\/2022\/07\/logo-6.png","width":970,"height":200,"caption":"Piston Addict"},"image":{"@id":"https:\/\/pistonaddict.com\/da\/#\/schema\/logo\/image\/"}}]}},"_links":{"self":[{"href":"https:\/\/pistonaddict.com\/da\/wp-json\/wp\/v2\/pages\/2011"}],"collection":[{"href":"https:\/\/pistonaddict.com\/da\/wp-json\/wp\/v2\/pages"}],"about":[{"href":"https:\/\/pistonaddict.com\/da\/wp-json\/wp\/v2\/types\/page"}],"author":[{"embeddable":true,"href":"https:\/\/pistonaddict.com\/da\/wp-json\/wp\/v2\/users\/1"}],"replies":[{"embeddable":true,"href":"https:\/\/pistonaddict.com\/da\/wp-json\/wp\/v2\/comments?post=2011"}],"version-history":[{"count":3,"href":"https:\/\/pistonaddict.com\/da\/wp-json\/wp\/v2\/pages\/2011\/revisions"}],"predecessor-version":[{"id":4380,"href":"https:\/\/pistonaddict.com\/da\/wp-json\/wp\/v2\/pages\/2011\/revisions\/4380"}],"wp:attachment":[{"href":"https:\/\/pistonaddict.com\/da\/wp-json\/wp\/v2\/media?parent=2011"}],"curies":[{"name":"wp","href":"https:\/\/api.w.org\/{rel}","templated":true}]}}