{"id":18999,"date":"2022-04-20T13:00:00","date_gmt":"2022-04-20T11:00:00","guid":{"rendered":"https:\/\/pistonaddict.com\/om-os\/"},"modified":"2023-11-14T17:53:08","modified_gmt":"2023-11-14T16:53:08","slug":"om-os","status":"publish","type":"page","link":"https:\/\/pistonaddict.com\/da\/om-os\/","title":{"rendered":"Om os"},"content":{"rendered":"\t\t<div data-elementor-type=\"wp-page\" data-elementor-id=\"18999\" class=\"elementor elementor-18999 elementor-2278\">\n\t\t\t\t\t\t<section class=\"elementor-section elementor-top-section elementor-element elementor-element-3668bb8 elementor-section-full_width elementor-section-content-middle banniere-page elementor-section-height-default elementor-section-height-default\" data-id=\"3668bb8\" data-element_type=\"section\" data-settings=\"{&quot;background_background&quot;:&quot;classic&quot;}\">\n\t\t\t\t\t\t<div class=\"elementor-container elementor-column-gap-default\">\n\t\t\t\t\t<div class=\"elementor-column elementor-col-100 elementor-top-column elementor-element elementor-element-b2088b2\" data-id=\"b2088b2\" data-element_type=\"column\">\n\t\t\t<div class=\"elementor-widget-wrap elementor-element-populated\">\n\t\t\t\t\t\t<div class=\"elementor-element elementor-element-26e06c0 elementor-widget elementor-widget-heading\" data-id=\"26e06c0\" data-element_type=\"widget\" data-widget_type=\"heading.default\">\n\t\t\t\t<div class=\"elementor-widget-container\">\n\t\t\t<style>\/*! elementor - v3.21.0 - 18-04-2024 *\/\n.elementor-heading-title{padding:0;margin:0;line-height:1}.elementor-widget-heading .elementor-heading-title[class*=elementor-size-]>a{color:inherit;font-size:inherit;line-height:inherit}.elementor-widget-heading .elementor-heading-title.elementor-size-small{font-size:15px}.elementor-widget-heading .elementor-heading-title.elementor-size-medium{font-size:19px}.elementor-widget-heading .elementor-heading-title.elementor-size-large{font-size:29px}.elementor-widget-heading .elementor-heading-title.elementor-size-xl{font-size:39px}.elementor-widget-heading .elementor-heading-title.elementor-size-xxl{font-size:59px}<\/style><h1 class=\"elementor-heading-title elementor-size-default\">Om Piston Addict<\/h1>\t\t<\/div>\n\t\t\t\t<\/div>\n\t\t\t\t\t<\/div>\n\t\t<\/div>\n\t\t\t\t\t<\/div>\n\t\t<\/section>\n\t\t\t\t<section class=\"elementor-section elementor-top-section elementor-element elementor-element-62ecd00 elementor-section-full_width descs elementor-section-height-default elementor-section-height-default\" data-id=\"62ecd00\" data-element_type=\"section\">\n\t\t\t\t\t\t<div class=\"elementor-container elementor-column-gap-default\">\n\t\t\t\t\t<div class=\"elementor-column elementor-col-100 elementor-top-column elementor-element elementor-element-cae2e10\" data-id=\"cae2e10\" data-element_type=\"column\">\n\t\t\t<div class=\"elementor-widget-wrap elementor-element-populated\">\n\t\t\t\t\t\t<div class=\"elementor-element elementor-element-174bee4 elementor-widget elementor-widget-text-editor\" data-id=\"174bee4\" data-element_type=\"widget\" data-widget_type=\"text-editor.default\">\n\t\t\t\t<div class=\"elementor-widget-container\">\n\t\t\t<style>\/*! elementor - v3.21.0 - 18-04-2024 *\/\n.elementor-widget-text-editor.elementor-drop-cap-view-stacked .elementor-drop-cap{background-color:#69727d;color:#fff}.elementor-widget-text-editor.elementor-drop-cap-view-framed .elementor-drop-cap{color:#69727d;border:3px solid;background-color:transparent}.elementor-widget-text-editor:not(.elementor-drop-cap-view-default) .elementor-drop-cap{margin-top:8px}.elementor-widget-text-editor:not(.elementor-drop-cap-view-default) .elementor-drop-cap-letter{width:1em;height:1em}.elementor-widget-text-editor .elementor-drop-cap{float:left;text-align:center;line-height:1;font-size:50px}.elementor-widget-text-editor .elementor-drop-cap-letter{display:inline-block}<\/style>\t\t\t\t<h2>Vores historie<\/h2>\nPiston Addict er en online-auktionsplatform med speciale i ekstraordin\u00e6re k\u00f8ret\u00f8jer.\n\nDa vi har v\u00e6ret bilentusiaster fra en tidlig alder, var det vigtigt for os at g\u00f8re salg og k\u00f8b af biler og motorcykler mere tilg\u00e6ngeligt, s\u00e5 du kan s\u00e6lge eller k\u00f8be et k\u00f8ret\u00f8j, uanset hvor du befinder dig.\n\nPiston Addict blev f\u00f8dt med \u00f8nsket om at revolutionere markedet for brugte k\u00f8ret\u00f8jer p\u00e5 den enkleste, mest flydende og gennemsigtige m\u00e5de, hvor alt du beh\u00f8ver er et klik eller en auktion for at erhverve og s\u00e6lge sp\u00e6ndende k\u00f8ret\u00f8jer.\n\n<b>Lanceret af entusiaster, fagfolk i sektoren med mere end 20 \u00e5rs erfaring inden for bilbranchen<\/b>, st\u00f8ttet af en koncern med en oms\u00e6tning p\u00e5 over 500 millioner euro i l\u00f8bet af de sidste 10 \u00e5r, med aktion\u00e6rer, der har samlet us\u00e6dvanlige k\u00f8ret\u00f8jer i l\u00f8bet af de sidste 30 \u00e5r, og som har haft mulighed for at eje legendariske biler som f.eks.  <a href=\"https:\/\/pistonaddict.com\/da\/ferrari-250-gto-til-salg\/\">Ferrari 250 GTO<\/a>,  <a href=\"https:\/\/pistonaddict.com\/da\/ferrari-250-gt-swb-til-auktionssalg\/\">Ferrari 250 GT SWB<\/a>, <a href=\"https:\/\/pistonaddict.com\/da\/lamborghini-miura-til-salg\/\">Lamborghini Miura SV<\/a>, <a href=\"https:\/\/pistonaddict.com\/da\/porsche-959-til-auktionssalg\/\">Porsche 959<\/a>, <a href=\"https:\/\/pistonaddict.com\/da\/shelby-ac-cobra-til-salg\/\">AC Cobra<\/a> eller <a href=\"https:\/\/pistonaddict.com\/da\/maserati-5000-gt-til-auktionssalg\/\">Maserati 5000 GT<\/a>.\n\n\u00d8nsket om at dele vores passion driver os til at skabe Piston Addict.\n<h2><\/h2>\n<h2>S\u00e5dan arbejder vi<\/h2>\nPiston Addict er ved at genopfinde m\u00e5den at s\u00e6lge eller k\u00f8be klassiske k\u00f8ret\u00f8jer, samlerobjekter og entusiastbiler p\u00e5.\n\nVi unders\u00f8ger hvert enkelt k\u00f8ret\u00f8j med den st\u00f8rste opm\u00e6rksomhed: hos Piston Addict finder du et team af entusiaster, som er eksperter i gamle og moderne motork\u00f8ret\u00f8jer.\n\nVores auktioner tilbyder fuld gennemsigtighed, mere omfattende lister og rimelige gebyrer sammenlignet med traditionelle platforme. Vi udv\u00e6lger en bred vifte af m\u00e6rker, modeller og typer af k\u00f8ret\u00f8jer, vi \u00f8nsker at se s\u00e5 mange som du kan h\u00e5be p\u00e5!\n\t<div id=\"hp-videos\" class=\"internal-page\">\n\t\t\t\t\t<div class=\"row\">\n\t\t\t\t\t\t\t\t\t\t\t\t\t\t\t<div class=\"col-2\">\n\t\t\t\t\t\t\t<div class=\"titre\">Hvordan s\u00e6lger man en bil?<\/div>\n\t\t\t\t\t\t\t<div class=\"video\"><iframe width=\"560\" height=\"315\" src=\"https:\/\/www.youtube.com\/embed\/O3Y_LGkk7SA?si=lrPDABSM1_VbMAty&#038;cc_load_policy=1&#038;cc_lang_pref=da\" title=\"YouTube video player\" frameborder=\"0\" allow=\"accelerometer; autoplay; clipboard-write; encrypted-media; gyroscope; picture-in-picture; web-share\" allowfullscreen><\/iframe><\/div>\n\t\t\t\t\t\t<\/div>\n\t\t\t\t\t\t\t\t\t\t\t\t\t\t\t\t\t\t\t\t<div class=\"col-2\">\n\t\t\t\t\t\t\t<div class=\"titre\">Hvordan k\u00f8ber man en bil?<\/div>\n\t\t\t\t\t\t\t<div class=\"video\"><iframe width=\"560\" height=\"315\" src=\"https:\/\/www.youtube.com\/embed\/rpL_CWBVwKk?si=Inx_LsS68MsBiaVq&#038;cc_load_policy=1&#038;cc_lang_pref=da\" title=\"YouTube video player\" frameborder=\"0\" allow=\"accelerometer; autoplay; clipboard-write; encrypted-media; gyroscope; picture-in-picture; web-share\" allowfullscreen><\/iframe><\/div>\n\t\t\t\t\t\t<\/div>\n\t\t\t\t\t\t\t\t\t\t\t\t<\/div>\n\t\t\t<\/div>\n\t\t\n<div class=\"grid-container\" id=\"logos-mag\">\n\t    \t<h3>Omtalt i f\u00f8lgende magasiner<\/h3>\n    \t<div class=\"c-logos-mag\">\n\t\t\t                                \t<div>\n                    \t<img \n                        \tsrc=\"https:\/\/pistonaddict.com\/wp-content\/uploads\/2023\/11\/1-logo-sport-auto-300x300-couleur.png\" \n                            alt=\"Sport Auto\" \n                        \ttitle=\"Sport Auto\" class=\"responsive-img\" \/>\n                    <\/div>\n                                                            \t<div>\n                    \t<img \n                        \tsrc=\"https:\/\/pistonaddict.com\/wp-content\/uploads\/2023\/11\/2-logo-auto-epca-300x300-couleur.png\" \n                            alt=\"Auto d\u2019Epoca\" \n                        \ttitle=\"Auto d\u2019Epoca\" class=\"responsive-img\" \/>\n                    <\/div>\n                                                            \t<div>\n                    \t<img \n                        \tsrc=\"https:\/\/pistonaddict.com\/wp-content\/uploads\/2023\/11\/3-logo-classic-300x300-couleur.png\" \n                            alt=\"Classic &amp; Sports Car\" \n                        \ttitle=\"Classic &amp; Sports Car\" class=\"responsive-img\" \/>\n                    <\/div>\n                                                            \t<div>\n                    \t<img \n                        \tsrc=\"https:\/\/pistonaddict.com\/wp-content\/uploads\/2023\/11\/4-logo-motor-klassik-300x300-couleur.png\" \n                            alt=\"Motor Klassik\" \n                        \ttitle=\"Motor Klassik\" class=\"responsive-img\" \/>\n                    <\/div>\n                                                            \t<div>\n                    \t<img \n                        \tsrc=\"https:\/\/pistonaddict.com\/wp-content\/uploads\/2023\/11\/5-logo-sport-auto-classiques-300x300-couleur.png\" \n                            alt=\"Sport Auto Classiques\" \n                        \ttitle=\"Sport Auto Classiques\" class=\"responsive-img\" \/>\n                    <\/div>\n                                    <\/div>\n    <\/div>\n\t\n<h2>Har du sp\u00f8rgsm\u00e5l? S\u00e5 <a href=\"https:\/\/pistonaddict.com\/da\/kontakt-os\/\">kontakt os<\/a>.<\/h2>\t\t\t\t\t\t<\/div>\n\t\t\t\t<\/div>\n\t\t\t\t\t<\/div>\n\t\t<\/div>\n\t\t\t\t\t<\/div>\n\t\t<\/section>\n\t\t\t\t<section class=\"elementor-section elementor-top-section elementor-element elementor-element-38f2e81 elementor-section-content-middle story elementor-section-boxed elementor-section-height-default elementor-section-height-default\" data-id=\"38f2e81\" data-element_type=\"section\" data-settings=\"{&quot;background_background&quot;:&quot;gradient&quot;}\">\n\t\t\t\t\t\t<div class=\"elementor-container elementor-column-gap-default\">\n\t\t\t\t\t<div class=\"elementor-column elementor-col-100 elementor-top-column elementor-element elementor-element-71b8e7e\" data-id=\"71b8e7e\" data-element_type=\"column\">\n\t\t\t<div class=\"elementor-widget-wrap elementor-element-populated\">\n\t\t\t\t\t\t<div class=\"elementor-element elementor-element-205cd4d elementor-widget elementor-widget-text-editor\" data-id=\"205cd4d\" data-element_type=\"widget\" data-widget_type=\"text-editor.default\">\n\t\t\t\t<div class=\"elementor-widget-container\">\n\t\t\t\t\t\t\t\n          <h3>Vidneudsagn<\/h3>\n          <p>Vi elsker, n\u00e5r k\u00f8bere og s\u00e6lgere fort\u00e6ller os om de gode oplevelser, de har haft p\u00e5 vores hjemmeside.<\/p>\n          <p>Send os din k\u00f8bs- eller salgshistorie med nogle fede billeder, s\u00e5 l\u00e6gger vi dit vidnesbyrd ud.<\/p>\n          <p>\n            <a href=\"mailto:contact@pistonaddict.com\">Indsend dit vidnesbyrd<\/a>\n          <\/p>\n        \t\t\t\t\t\t<\/div>\n\t\t\t\t<\/div>\n\t\t\t\t\t<\/div>\n\t\t<\/div>\n\t\t\t\t\t<\/div>\n\t\t<\/section>\n\t\t\t\t<\/div>\n\t\t","protected":false},"excerpt":{"rendered":"<p>Om Piston Addict Vores historie Piston Addict er en online-auktionsplatform med speciale i ekstraordin\u00e6re k\u00f8ret\u00f8jer. Da vi har v\u00e6ret bilentusiaster fra en tidlig alder, var det vigtigt for os at g\u00f8re salg og k\u00f8b af biler og motorcykler mere tilg\u00e6ngeligt, s\u00e5 du kan s\u00e6lge eller k\u00f8be et k\u00f8ret\u00f8j, uanset hvor du befinder dig. Piston Addict &#8230; <a title=\"Om os\" class=\"read-more\" href=\"https:\/\/pistonaddict.com\/da\/om-os\/\">L\u00e6s mere<span class=\"screen-reader-text\">Om os<\/span><\/a><\/p>\n","protected":false},"author":1,"featured_media":0,"parent":0,"menu_order":0,"comment_status":"closed","ping_status":"closed","template":"","meta":{"inline_featured_image":false,"footnotes":""},"acf":[],"yoast_head":"<!-- This site is optimized with the Yoast SEO plugin v22.5 - https:\/\/yoast.com\/wordpress\/plugins\/seo\/ -->\n<title>Om os - Piston Addict<\/title>\n<meta name=\"robots\" content=\"index, follow, max-snippet:-1, max-image-preview:large, max-video-preview:-1\" \/>\n<link rel=\"canonical\" href=\"https:\/\/pistonaddict.com\/da\/om-os\/\" \/>\n<meta property=\"og:locale\" content=\"da_DK\" \/>\n<meta property=\"og:type\" content=\"article\" \/>\n<meta property=\"og:title\" content=\"Om os - Piston Addict\" \/>\n<meta property=\"og:description\" content=\"Om Piston Addict Vores historie Piston Addict er en online-auktionsplatform med speciale i ekstraordin\u00e6re k\u00f8ret\u00f8jer. Da vi har v\u00e6ret bilentusiaster fra en tidlig alder, var det vigtigt for os at g\u00f8re salg og k\u00f8b af biler og motorcykler mere tilg\u00e6ngeligt, s\u00e5 du kan s\u00e6lge eller k\u00f8be et k\u00f8ret\u00f8j, uanset hvor du befinder dig. Piston Addict ... L\u00e6s mereOm os\" \/>\n<meta property=\"og:url\" content=\"https:\/\/pistonaddict.com\/da\/om-os\/\" \/>\n<meta property=\"og:site_name\" content=\"Piston Addict\" \/>\n<meta property=\"article:modified_time\" content=\"2023-11-14T16:53:08+00:00\" \/>\n<meta name=\"twitter:card\" content=\"summary_large_image\" \/>\n<meta name=\"twitter:label1\" content=\"Estimeret l\u00e6setid\" \/>\n\t<meta name=\"twitter:data1\" content=\"2 minutter\" \/>\n<script type=\"application\/ld+json\" class=\"yoast-schema-graph\">{\"@context\":\"https:\/\/schema.org\",\"@graph\":[{\"@type\":\"WebPage\",\"@id\":\"https:\/\/pistonaddict.com\/da\/om-os\/\",\"url\":\"https:\/\/pistonaddict.com\/da\/om-os\/\",\"name\":\"Om os - Piston Addict\",\"isPartOf\":{\"@id\":\"https:\/\/pistonaddict.com\/da\/#website\"},\"datePublished\":\"2022-04-20T11:00:00+00:00\",\"dateModified\":\"2023-11-14T16:53:08+00:00\",\"breadcrumb\":{\"@id\":\"https:\/\/pistonaddict.com\/da\/om-os\/#breadcrumb\"},\"inLanguage\":\"da-DK\",\"potentialAction\":[{\"@type\":\"ReadAction\",\"target\":[\"https:\/\/pistonaddict.com\/da\/om-os\/\"]}]},{\"@type\":\"BreadcrumbList\",\"@id\":\"https:\/\/pistonaddict.com\/da\/om-os\/#breadcrumb\",\"itemListElement\":[{\"@type\":\"ListItem\",\"position\":1,\"name\":\"Hjemmeside\",\"item\":\"https:\/\/pistonaddict.com\/da\/hjemmeside-2\/\"},{\"@type\":\"ListItem\",\"position\":2,\"name\":\"Om os\"}]},{\"@type\":\"WebSite\",\"@id\":\"https:\/\/pistonaddict.com\/da\/#website\",\"url\":\"https:\/\/pistonaddict.com\/da\/\",\"name\":\"Piston Addict\",\"description\":\"Only interesting vehicles\",\"publisher\":{\"@id\":\"https:\/\/pistonaddict.com\/da\/#organization\"},\"potentialAction\":[{\"@type\":\"SearchAction\",\"target\":{\"@type\":\"EntryPoint\",\"urlTemplate\":\"https:\/\/pistonaddict.com\/da\/?s={search_term_string}\"},\"query-input\":\"required name=search_term_string\"}],\"inLanguage\":\"da-DK\"},{\"@type\":\"Organization\",\"@id\":\"https:\/\/pistonaddict.com\/da\/#organization\",\"name\":\"Piston Addict\",\"url\":\"https:\/\/pistonaddict.com\/da\/\",\"logo\":{\"@type\":\"ImageObject\",\"inLanguage\":\"da-DK\",\"@id\":\"https:\/\/pistonaddict.com\/da\/#\/schema\/logo\/image\/\",\"url\":\"https:\/\/pistonaddict.com\/wp-content\/uploads\/2022\/07\/logo-6.png\",\"contentUrl\":\"https:\/\/pistonaddict.com\/wp-content\/uploads\/2022\/07\/logo-6.png\",\"width\":970,\"height\":200,\"caption\":\"Piston Addict\"},\"image\":{\"@id\":\"https:\/\/pistonaddict.com\/da\/#\/schema\/logo\/image\/\"}}]}<\/script>\n<!-- \/ Yoast SEO plugin. -->","yoast_head_json":{"title":"Om os - Piston Addict","robots":{"index":"index","follow":"follow","max-snippet":"max-snippet:-1","max-image-preview":"max-image-preview:large","max-video-preview":"max-video-preview:-1"},"canonical":"https:\/\/pistonaddict.com\/da\/om-os\/","og_locale":"da_DK","og_type":"article","og_title":"Om os - Piston Addict","og_description":"Om Piston Addict Vores historie Piston Addict er en online-auktionsplatform med speciale i ekstraordin\u00e6re k\u00f8ret\u00f8jer. Da vi har v\u00e6ret bilentusiaster fra en tidlig alder, var det vigtigt for os at g\u00f8re salg og k\u00f8b af biler og motorcykler mere tilg\u00e6ngeligt, s\u00e5 du kan s\u00e6lge eller k\u00f8be et k\u00f8ret\u00f8j, uanset hvor du befinder dig. Piston Addict ... L\u00e6s mereOm os","og_url":"https:\/\/pistonaddict.com\/da\/om-os\/","og_site_name":"Piston Addict","article_modified_time":"2023-11-14T16:53:08+00:00","twitter_card":"summary_large_image","twitter_misc":{"Estimeret l\u00e6setid":"2 minutter"},"schema":{"@context":"https:\/\/schema.org","@graph":[{"@type":"WebPage","@id":"https:\/\/pistonaddict.com\/da\/om-os\/","url":"https:\/\/pistonaddict.com\/da\/om-os\/","name":"Om os - Piston Addict","isPartOf":{"@id":"https:\/\/pistonaddict.com\/da\/#website"},"datePublished":"2022-04-20T11:00:00+00:00","dateModified":"2023-11-14T16:53:08+00:00","breadcrumb":{"@id":"https:\/\/pistonaddict.com\/da\/om-os\/#breadcrumb"},"inLanguage":"da-DK","potentialAction":[{"@type":"ReadAction","target":["https:\/\/pistonaddict.com\/da\/om-os\/"]}]},{"@type":"BreadcrumbList","@id":"https:\/\/pistonaddict.com\/da\/om-os\/#breadcrumb","itemListElement":[{"@type":"ListItem","position":1,"name":"Hjemmeside","item":"https:\/\/pistonaddict.com\/da\/hjemmeside-2\/"},{"@type":"ListItem","position":2,"name":"Om os"}]},{"@type":"WebSite","@id":"https:\/\/pistonaddict.com\/da\/#website","url":"https:\/\/pistonaddict.com\/da\/","name":"Piston Addict","description":"Only interesting vehicles","publisher":{"@id":"https:\/\/pistonaddict.com\/da\/#organization"},"potentialAction":[{"@type":"SearchAction","target":{"@type":"EntryPoint","urlTemplate":"https:\/\/pistonaddict.com\/da\/?s={search_term_string}"},"query-input":"required name=search_term_string"}],"inLanguage":"da-DK"},{"@type":"Organization","@id":"https:\/\/pistonaddict.com\/da\/#organization","name":"Piston Addict","url":"https:\/\/pistonaddict.com\/da\/","logo":{"@type":"ImageObject","inLanguage":"da-DK","@id":"https:\/\/pistonaddict.com\/da\/#\/schema\/logo\/image\/","url":"https:\/\/pistonaddict.com\/wp-content\/uploads\/2022\/07\/logo-6.png","contentUrl":"https:\/\/pistonaddict.com\/wp-content\/uploads\/2022\/07\/logo-6.png","width":970,"height":200,"caption":"Piston Addict"},"image":{"@id":"https:\/\/pistonaddict.com\/da\/#\/schema\/logo\/image\/"}}]}},"_links":{"self":[{"href":"https:\/\/pistonaddict.com\/da\/wp-json\/wp\/v2\/pages\/18999"}],"collection":[{"href":"https:\/\/pistonaddict.com\/da\/wp-json\/wp\/v2\/pages"}],"about":[{"href":"https:\/\/pistonaddict.com\/da\/wp-json\/wp\/v2\/types\/page"}],"author":[{"embeddable":true,"href":"https:\/\/pistonaddict.com\/da\/wp-json\/wp\/v2\/users\/1"}],"replies":[{"embeddable":true,"href":"https:\/\/pistonaddict.com\/da\/wp-json\/wp\/v2\/comments?post=18999"}],"version-history":[{"count":15,"href":"https:\/\/pistonaddict.com\/da\/wp-json\/wp\/v2\/pages\/18999\/revisions"}],"predecessor-version":[{"id":70328,"href":"https:\/\/pistonaddict.com\/da\/wp-json\/wp\/v2\/pages\/18999\/revisions\/70328"}],"wp:attachment":[{"href":"https:\/\/pistonaddict.com\/da\/wp-json\/wp\/v2\/media?parent=18999"}],"curies":[{"name":"wp","href":"https:\/\/api.w.org\/{rel}","templated":true}]}}