{"id":98261,"date":"2024-03-20T15:15:43","date_gmt":"2024-03-20T14:15:43","guid":{"rendered":"https:\/\/pistonaddict.com\/product\/porsche-997-targa\/"},"modified":"2024-03-20T15:24:05","modified_gmt":"2024-03-20T14:24:05","slug":"porsche-997-targa","status":"publish","type":"product","link":"https:\/\/pistonaddict.com\/cs\/product\/porsche-997-targa\/","title":{"rendered":"Porsche 997 Targa 4S"},"content":{"rendered":"<p><strong>Historie vozu<\/strong><\/p>\n<p>\u0160est\u00e1 generace kultovn\u00edho modelu Porsche 911 m\u011bla premi\u00e9ru v roce 2004 a intern\u011b se ozna\u010dovala jako 997. Jeho p\u0159edch\u016fdce, model 996, z\u016fst\u00e1v\u00e1 jedn\u00edm z nejkontroverzn\u011bj\u0161\u00edch model\u016f 911, p\u0159edev\u0161\u00edm kv\u016fli sv\u00e9mu designu a zaveden\u00ed vodou chlazen\u00fdch motor\u016f. Model 997 byl v\u0161ak v\u0161eobecn\u011b chv\u00e1len pro sv\u00e9 \u010dist\u00e9 linie a vylep\u0161en\u00e9 technologie a v\u00fdkon. I kdy\u017e m\u00e1 997 n\u011bkter\u00e9 mechanick\u00e9 podobnosti a stejnou platformu jako 996, byl to mnohem lep\u0161\u00ed a kompetentn\u011bj\u0161\u00ed v\u016fz, nehled\u011b na to, \u017ee byl modern\u011bj\u0161\u00ed a kr\u00e1sn\u011bj\u0161\u00ed. Nen\u00ed divu, \u017ee prodejn\u00ed \u010d\u00edsla prok\u00e1zala, \u017ee model 997 byl prodejn\u011b \u00fasp\u011b\u0161n\u00fd &#8211; za 9 let bylo vyrobeno v\u00edce ne\u017e 212 000 exempl\u00e1\u0159\u016f. Tento konkr\u00e9tn\u00ed exempl\u00e1\u0159 je v\u0161ak pom\u011brn\u011b vz\u00e1cn\u00fd, a to nejen proto, \u017ee se jedn\u00e1 o star\u0161\u00ed model 997.1, ale tak\u00e9 kv\u016fli vz\u00e1cn\u00e9mu stylu karoserie Targa. V roce 2008 bylo dod\u00e1no pouze 1426 exempl\u00e1\u0159\u016f modelu Targa 4S a jen m\u00e1lo z nich m\u011blo \u0161estistup\u0148ovou manu\u00e1ln\u00ed p\u0159evodovku. Celkem bylo vyrobeno jen asi 8 400 voz\u016f Targa 4S generace 997. Ploch\u00fd \u0161estiv\u00e1lec o objemu 3,8 litru s p\u0159irozen\u00fdm vst\u0159ikov\u00e1n\u00edm d\u00e1val na v\u0161echna \u010dty\u0159i kola v\u00fdkon 350 kon\u00ed, co\u017e se projevilo p\u016fsobiv\u00fdm zrychlen\u00edm a vynikaj\u00edc\u00edm chov\u00e1n\u00edm na silnici za jak\u00fdchkoli podm\u00ednek. Kombinace siln\u00e9ho v\u00fdkonu se vzdu\u0161nost\u00ed prosklen\u00e9 st\u0159echy a mechanick\u00fdm dojmem z manu\u00e1ln\u00ed p\u0159evodovky \u010din\u00ed tento exempl\u00e1\u0159 neuv\u011b\u0159iteln\u011b zaj\u00edmav\u00fdm pro ka\u017ed\u00e9ho opravdov\u00e9ho sb\u011bratele.<\/p>\n<p><strong>Interi\u00e9r<\/strong><\/p>\n<p>Interi\u00e9r vozu Porsche Targa 4S z roku 2008, pota\u017een\u00fd \u010dernou k\u016f\u017e\u00ed se vz\u00e1cnou a volitelnou ko\u017eenou palubn\u00ed deskou, je v perfektn\u00edm stavu, bez po\u0161kozen\u00ed a s mal\u00fdmi zn\u00e1mkami opot\u0159eben\u00ed. Tento exempl\u00e1\u0159 m\u00e1 spoustu \u017e\u00e1dan\u00e9 p\u0159\u00edplatkov\u00e9 v\u00fdbavy, jako je tempomat, pr\u00e9miov\u00fd audiosyst\u00e9m, elektricky ovl\u00e1dan\u00e1 a vyh\u0159\u00edvan\u00e1 ko\u017een\u00e1 sportovn\u00ed sedadla, multifunk\u010dn\u00ed volant, naviga\u010dn\u00ed syst\u00e9m atd. V\u0161e funguje, jak m\u00e1, v\u010detn\u011b prosklen\u00e9 st\u0159echy, a nedoch\u00e1z\u00ed k \u017e\u00e1dn\u00fdm \u00faprav\u00e1m. Ve srovn\u00e1n\u00ed s ostatn\u00edmi vozy 911 t\u00e9 doby je Targa zcela jedine\u010dn\u00e1, proto\u017ee nab\u00edz\u00ed pocit otev\u0159en\u00e9ho kabrioletu, ale z\u00e1rove\u0148 komfort kup\u00e9 a celoro\u010dn\u00ed pou\u017eitelnost.<\/p>\n<p><strong>Stav vozu<\/strong><\/p>\n<p>Toto Porsche 911 Targa 4S m\u00e1 najeto jen n\u011bco m\u00e1lo p\u0159es 110 000 km a dva pe\u010dliv\u00e9 majitele.Je v p\u016fsobiv\u00e9m stavu a pe\u010dliv\u011b udr\u017eovan\u00e9. Z\u00e1znamy ukazuj\u00ed, \u017ee posledn\u00ed v\u011bt\u0161\u00ed servisn\u00ed prohl\u00eddka byla provedena na konci roku 2022, p\u0159i\u010dem\u017e brzdy byly opraveny teprve p\u0159ed n\u011bkolika dny, v b\u0159eznu 2024. K dispozici jsou v\u0161echny z\u00e1znamy o \u00fadr\u017eb\u011b, kter\u00e9 ukazuj\u00ed, jak pe\u010dliv\u011b bylo o v\u016fz pe\u010dov\u00e1no. Tento konkr\u00e9tn\u00ed v\u016fz byl dod\u00e1n v Belgii.<\/p>\n<p><strong>Exteri\u00e9r a kola<\/strong><\/p>\n<p>Tento konkr\u00e9tn\u00ed exempl\u00e1\u0159 byl profesion\u00e1ln\u011b p\u0159elakov\u00e1n do p\u016fvodn\u00ed tmav\u011b \u0161ed\u00e9 barvy, kter\u00e1 vypad\u00e1 dokonale a hod\u00ed se k p\u016fvodn\u00edm kol\u016fm a \u010dern\u00e9mu interi\u00e9ru. Jak je uvedeno v CarVertical, jedin\u00fdm detailem, kter\u00fd stoj\u00ed za zm\u00ednku, je drobn\u00e9 po\u0161kozen\u00ed zadn\u00edho n\u00e1razn\u00edku, kter\u00e9 bylo opraveno, jak je vid\u011bt na fotografi\u00edch. Pneumatiky Bridgestone, kter\u00e9 maj\u00ed spr\u00e1vnou specifikaci, poch\u00e1zej\u00ed z roku 2018 a jsou jen m\u00edrn\u011b opot\u0159ebovan\u00e9.<\/p>\n<p><strong>Dokumentace<\/strong><\/p>\n<p>Prodejce prod\u00e1v\u00e1 tento v\u016fz s p\u0159\u00edslu\u0161nou dokumentac\u00ed a nach\u00e1z\u00ed se v Belgii. <a href=\"https:\/\/pistonaddict.com\/wp-content\/uploads\/2024\/03\/CarVertical-Porsche.pdf\">Zpr\u00e1va CarVertical<\/a> je \u010dist\u00e1, bez vlastnick\u00fdch nebo pr\u00e1vn\u00edch probl\u00e9m\u016f. Existuj\u00ed z\u00e1znamy o pravideln\u00e9 \u00fadr\u017eb\u011b a \u00fa\u010dtenky.<\/p>\n","protected":false},"excerpt":{"rendered":"<p>Generace 997, kter\u00e1 p\u0159edstavuje dokonalou rovnov\u00e1hu mezi klasick\u00fdm dojmem z vozu 911, kompaktn\u00edmi rozm\u011bry, komunikativn\u00edm podvozkem a modern\u00edmi technologiemi a funkcemi, je mezi nad\u0161enci voz\u016f 911 st\u00e1le obl\u00edben\u011bj\u0161\u00ed. To znamen\u00e1, \u017ee se jedn\u00e1 o dal\u0161\u00ed velkou v\u011bc ve sv\u011bt\u011b 911, jej\u00ed\u017e ceny rostou. P\u0159edpokl\u00e1dejme, \u017ee chcete nasko\u010dit do vozu 997. V takov\u00e9m p\u0159\u00edpad\u011b nen\u00ed nic lep\u0161\u00edho ne\u017e velmi \u017e\u00e1dan\u00fd v\u016fz ve vz\u00e1cn\u00e9m proveden\u00ed karoserie s \u017e\u00e1danou manu\u00e1ln\u00ed p\u0159evodovkou, kter\u00fd je p\u0159ipraven si po\u0159\u00e1dn\u011b u\u017e\u00edt.<\/p>\n","protected":false},"featured_media":97668,"comment_status":"open","ping_status":"closed","template":"","meta":{"inline_featured_image":false},"product_cat":[760],"product_tag":[3915,3917,945,2296,3913],"acf":[],"yoast_head":"<!-- This site is optimized with the Yoast SEO plugin v22.5 - https:\/\/yoast.com\/wordpress\/plugins\/seo\/ -->\n<title>Porsche 997 Targa 4S - Piston Addict<\/title>\n<meta name=\"robots\" content=\"index, follow, max-snippet:-1, max-image-preview:large, max-video-preview:-1\" \/>\n<link rel=\"canonical\" href=\"https:\/\/pistonaddict.com\/cs\/product\/porsche-997-targa\/\" \/>\n<meta property=\"og:locale\" content=\"cs_CZ\" \/>\n<meta property=\"og:type\" content=\"article\" \/>\n<meta property=\"og:title\" content=\"Porsche 997 Targa 4S - Piston Addict\" \/>\n<meta property=\"og:description\" content=\"Generace 997, kter\u00e1 p\u0159edstavuje dokonalou rovnov\u00e1hu mezi klasick\u00fdm dojmem z vozu 911, kompaktn\u00edmi rozm\u011bry, komunikativn\u00edm podvozkem a modern\u00edmi technologiemi a funkcemi, je mezi nad\u0161enci voz\u016f 911 st\u00e1le obl\u00edben\u011bj\u0161\u00ed. To znamen\u00e1, \u017ee se jedn\u00e1 o dal\u0161\u00ed velkou v\u011bc ve sv\u011bt\u011b 911, jej\u00ed\u017e ceny rostou. P\u0159edpokl\u00e1dejme, \u017ee chcete nasko\u010dit do vozu 997. V takov\u00e9m p\u0159\u00edpad\u011b nen\u00ed nic lep\u0161\u00edho ne\u017e velmi \u017e\u00e1dan\u00fd v\u016fz ve vz\u00e1cn\u00e9m proveden\u00ed karoserie s \u017e\u00e1danou manu\u00e1ln\u00ed p\u0159evodovkou, kter\u00fd je p\u0159ipraven si po\u0159\u00e1dn\u011b u\u017e\u00edt.\" \/>\n<meta property=\"og:url\" content=\"https:\/\/pistonaddict.com\/cs\/product\/porsche-997-targa\/\" \/>\n<meta property=\"og:site_name\" content=\"Piston Addict\" \/>\n<meta property=\"article:modified_time\" content=\"2024-03-20T14:24:05+00:00\" \/>\n<meta property=\"og:image\" content=\"https:\/\/pistonaddict.com\/wp-content\/uploads\/2024\/03\/1-1-1024x611.png\" \/>\n\t<meta property=\"og:image:width\" content=\"1024\" \/>\n\t<meta property=\"og:image:height\" content=\"611\" \/>\n\t<meta property=\"og:image:type\" content=\"image\/png\" \/>\n<meta name=\"twitter:card\" content=\"summary_large_image\" \/>\n<meta name=\"twitter:label1\" content=\"Odhadovan\u00e1 doba \u010dten\u00ed\" \/>\n\t<meta name=\"twitter:data1\" content=\"3 minuty\" \/>\n<script type=\"application\/ld+json\" class=\"yoast-schema-graph\">{\"@context\":\"https:\/\/schema.org\",\"@graph\":[{\"@type\":\"WebPage\",\"@id\":\"https:\/\/pistonaddict.com\/cs\/product\/porsche-997-targa\/\",\"url\":\"https:\/\/pistonaddict.com\/cs\/product\/porsche-997-targa\/\",\"name\":\"Porsche 997 Targa 4S - Piston Addict\",\"isPartOf\":{\"@id\":\"https:\/\/pistonaddict.com\/cs\/#website\"},\"primaryImageOfPage\":{\"@id\":\"https:\/\/pistonaddict.com\/cs\/product\/porsche-997-targa\/#primaryimage\"},\"image\":{\"@id\":\"https:\/\/pistonaddict.com\/cs\/product\/porsche-997-targa\/#primaryimage\"},\"thumbnailUrl\":\"https:\/\/pistonaddict.com\/wp-content\/uploads\/2024\/03\/1-1.png\",\"datePublished\":\"2024-03-20T14:15:43+00:00\",\"dateModified\":\"2024-03-20T14:24:05+00:00\",\"breadcrumb\":{\"@id\":\"https:\/\/pistonaddict.com\/cs\/product\/porsche-997-targa\/#breadcrumb\"},\"inLanguage\":\"cs\",\"potentialAction\":[{\"@type\":\"ReadAction\",\"target\":[\"https:\/\/pistonaddict.com\/cs\/product\/porsche-997-targa\/\"]}]},{\"@type\":\"ImageObject\",\"inLanguage\":\"cs\",\"@id\":\"https:\/\/pistonaddict.com\/cs\/product\/porsche-997-targa\/#primaryimage\",\"url\":\"https:\/\/pistonaddict.com\/wp-content\/uploads\/2024\/03\/1-1.png\",\"contentUrl\":\"https:\/\/pistonaddict.com\/wp-content\/uploads\/2024\/03\/1-1.png\",\"width\":2778,\"height\":1657},{\"@type\":\"BreadcrumbList\",\"@id\":\"https:\/\/pistonaddict.com\/cs\/product\/porsche-997-targa\/#breadcrumb\",\"itemListElement\":[{\"@type\":\"ListItem\",\"position\":1,\"name\":\"Domovsk\u00e1 str\u00e1nka\",\"item\":\"https:\/\/pistonaddict.com\/cs\/domovska-stranka-2\/\"},{\"@type\":\"ListItem\",\"position\":2,\"name\":\"Auctions\",\"item\":\"https:\/\/pistonaddict.com\/auctions-listing\/\"},{\"@type\":\"ListItem\",\"position\":3,\"name\":\"Porsche 997 Targa 4S\"}]},{\"@type\":\"WebSite\",\"@id\":\"https:\/\/pistonaddict.com\/cs\/#website\",\"url\":\"https:\/\/pistonaddict.com\/cs\/\",\"name\":\"Piston Addict\",\"description\":\"Only interesting vehicles\",\"publisher\":{\"@id\":\"https:\/\/pistonaddict.com\/cs\/#organization\"},\"potentialAction\":[{\"@type\":\"SearchAction\",\"target\":{\"@type\":\"EntryPoint\",\"urlTemplate\":\"https:\/\/pistonaddict.com\/cs\/?s={search_term_string}\"},\"query-input\":\"required name=search_term_string\"}],\"inLanguage\":\"cs\"},{\"@type\":\"Organization\",\"@id\":\"https:\/\/pistonaddict.com\/cs\/#organization\",\"name\":\"Piston Addict\",\"url\":\"https:\/\/pistonaddict.com\/cs\/\",\"logo\":{\"@type\":\"ImageObject\",\"inLanguage\":\"cs\",\"@id\":\"https:\/\/pistonaddict.com\/cs\/#\/schema\/logo\/image\/\",\"url\":\"https:\/\/pistonaddict.com\/wp-content\/uploads\/2022\/07\/logo-6.png\",\"contentUrl\":\"https:\/\/pistonaddict.com\/wp-content\/uploads\/2022\/07\/logo-6.png\",\"width\":970,\"height\":200,\"caption\":\"Piston Addict\"},\"image\":{\"@id\":\"https:\/\/pistonaddict.com\/cs\/#\/schema\/logo\/image\/\"}}]}<\/script>\n<!-- \/ Yoast SEO plugin. -->","yoast_head_json":{"title":"Porsche 997 Targa 4S - Piston Addict","robots":{"index":"index","follow":"follow","max-snippet":"max-snippet:-1","max-image-preview":"max-image-preview:large","max-video-preview":"max-video-preview:-1"},"canonical":"https:\/\/pistonaddict.com\/cs\/product\/porsche-997-targa\/","og_locale":"cs_CZ","og_type":"article","og_title":"Porsche 997 Targa 4S - Piston Addict","og_description":"Generace 997, kter\u00e1 p\u0159edstavuje dokonalou rovnov\u00e1hu mezi klasick\u00fdm dojmem z vozu 911, kompaktn\u00edmi rozm\u011bry, komunikativn\u00edm podvozkem a modern\u00edmi technologiemi a funkcemi, je mezi nad\u0161enci voz\u016f 911 st\u00e1le obl\u00edben\u011bj\u0161\u00ed. To znamen\u00e1, \u017ee se jedn\u00e1 o dal\u0161\u00ed velkou v\u011bc ve sv\u011bt\u011b 911, jej\u00ed\u017e ceny rostou. P\u0159edpokl\u00e1dejme, \u017ee chcete nasko\u010dit do vozu 997. V takov\u00e9m p\u0159\u00edpad\u011b nen\u00ed nic lep\u0161\u00edho ne\u017e velmi \u017e\u00e1dan\u00fd v\u016fz ve vz\u00e1cn\u00e9m proveden\u00ed karoserie s \u017e\u00e1danou manu\u00e1ln\u00ed p\u0159evodovkou, kter\u00fd je p\u0159ipraven si po\u0159\u00e1dn\u011b u\u017e\u00edt.","og_url":"https:\/\/pistonaddict.com\/cs\/product\/porsche-997-targa\/","og_site_name":"Piston Addict","article_modified_time":"2024-03-20T14:24:05+00:00","og_image":[{"width":1024,"height":611,"url":"https:\/\/pistonaddict.com\/wp-content\/uploads\/2024\/03\/1-1-1024x611.png","type":"image\/png"}],"twitter_card":"summary_large_image","twitter_misc":{"Odhadovan\u00e1 doba \u010dten\u00ed":"3 minuty"},"schema":{"@context":"https:\/\/schema.org","@graph":[{"@type":"WebPage","@id":"https:\/\/pistonaddict.com\/cs\/product\/porsche-997-targa\/","url":"https:\/\/pistonaddict.com\/cs\/product\/porsche-997-targa\/","name":"Porsche 997 Targa 4S - Piston Addict","isPartOf":{"@id":"https:\/\/pistonaddict.com\/cs\/#website"},"primaryImageOfPage":{"@id":"https:\/\/pistonaddict.com\/cs\/product\/porsche-997-targa\/#primaryimage"},"image":{"@id":"https:\/\/pistonaddict.com\/cs\/product\/porsche-997-targa\/#primaryimage"},"thumbnailUrl":"https:\/\/pistonaddict.com\/wp-content\/uploads\/2024\/03\/1-1.png","datePublished":"2024-03-20T14:15:43+00:00","dateModified":"2024-03-20T14:24:05+00:00","breadcrumb":{"@id":"https:\/\/pistonaddict.com\/cs\/product\/porsche-997-targa\/#breadcrumb"},"inLanguage":"cs","potentialAction":[{"@type":"ReadAction","target":["https:\/\/pistonaddict.com\/cs\/product\/porsche-997-targa\/"]}]},{"@type":"ImageObject","inLanguage":"cs","@id":"https:\/\/pistonaddict.com\/cs\/product\/porsche-997-targa\/#primaryimage","url":"https:\/\/pistonaddict.com\/wp-content\/uploads\/2024\/03\/1-1.png","contentUrl":"https:\/\/pistonaddict.com\/wp-content\/uploads\/2024\/03\/1-1.png","width":2778,"height":1657},{"@type":"BreadcrumbList","@id":"https:\/\/pistonaddict.com\/cs\/product\/porsche-997-targa\/#breadcrumb","itemListElement":[{"@type":"ListItem","position":1,"name":"Domovsk\u00e1 str\u00e1nka","item":"https:\/\/pistonaddict.com\/cs\/domovska-stranka-2\/"},{"@type":"ListItem","position":2,"name":"Auctions","item":"https:\/\/pistonaddict.com\/auctions-listing\/"},{"@type":"ListItem","position":3,"name":"Porsche 997 Targa 4S"}]},{"@type":"WebSite","@id":"https:\/\/pistonaddict.com\/cs\/#website","url":"https:\/\/pistonaddict.com\/cs\/","name":"Piston Addict","description":"Only interesting vehicles","publisher":{"@id":"https:\/\/pistonaddict.com\/cs\/#organization"},"potentialAction":[{"@type":"SearchAction","target":{"@type":"EntryPoint","urlTemplate":"https:\/\/pistonaddict.com\/cs\/?s={search_term_string}"},"query-input":"required name=search_term_string"}],"inLanguage":"cs"},{"@type":"Organization","@id":"https:\/\/pistonaddict.com\/cs\/#organization","name":"Piston Addict","url":"https:\/\/pistonaddict.com\/cs\/","logo":{"@type":"ImageObject","inLanguage":"cs","@id":"https:\/\/pistonaddict.com\/cs\/#\/schema\/logo\/image\/","url":"https:\/\/pistonaddict.com\/wp-content\/uploads\/2022\/07\/logo-6.png","contentUrl":"https:\/\/pistonaddict.com\/wp-content\/uploads\/2022\/07\/logo-6.png","width":970,"height":200,"caption":"Piston Addict"},"image":{"@id":"https:\/\/pistonaddict.com\/cs\/#\/schema\/logo\/image\/"}}]}},"_links":{"self":[{"href":"https:\/\/pistonaddict.com\/cs\/wp-json\/wp\/v2\/product\/98261"}],"collection":[{"href":"https:\/\/pistonaddict.com\/cs\/wp-json\/wp\/v2\/product"}],"about":[{"href":"https:\/\/pistonaddict.com\/cs\/wp-json\/wp\/v2\/types\/product"}],"replies":[{"embeddable":true,"href":"https:\/\/pistonaddict.com\/cs\/wp-json\/wp\/v2\/comments?post=98261"}],"wp:featuredmedia":[{"embeddable":true,"href":"https:\/\/pistonaddict.com\/cs\/wp-json\/wp\/v2\/media\/97668"}],"wp:attachment":[{"href":"https:\/\/pistonaddict.com\/cs\/wp-json\/wp\/v2\/media?parent=98261"}],"wp:term":[{"taxonomy":"product_cat","embeddable":true,"href":"https:\/\/pistonaddict.com\/cs\/wp-json\/wp\/v2\/product_cat?post=98261"},{"taxonomy":"product_tag","embeddable":true,"href":"https:\/\/pistonaddict.com\/cs\/wp-json\/wp\/v2\/product_tag?post=98261"}],"curies":[{"name":"wp","href":"https:\/\/api.w.org\/{rel}","templated":true}]}}