{"id":96724,"date":"2024-03-15T17:17:18","date_gmt":"2024-03-15T16:17:18","guid":{"rendered":"https:\/\/pistonaddict.com\/product\/amg-sls-roadster\/"},"modified":"2024-03-19T16:40:26","modified_gmt":"2024-03-19T15:40:26","slug":"amg-sls-roadster","status":"publish","type":"product","link":"https:\/\/pistonaddict.com\/cs\/product\/amg-sls-roadster\/","title":{"rendered":"AMG SLS Roadster"},"content":{"rendered":"<p><strong>Historie vozu<\/strong><\/p>\n<p>Kdy\u017e Mercedes v roce 2010 p\u0159edstavil ikonick\u00fd model SLS AMG, automobilov\u00fd sv\u011bt byl ohromen. Klasick\u00fd p\u0159\u00edstup, ale naprosto modern\u00ed proveden\u00ed, to byl plnokrevn\u00fd sportovn\u00ed v\u016fz, kter\u00fd zjevn\u011b \u010derpal inspiraci ze slavn\u00e9 minulosti zna\u010dky a legend\u00e1rn\u00edho modelu 300 SL Gullwing. P\u0159esto\u017ee se Mercedes p\u0159i jeho navrhov\u00e1n\u00ed ohl\u00ed\u017eel do minulosti, zam\u011b\u0159il se na budoucnost a nab\u00eddl modern\u00ed konstrukci podvozku, interi\u00e9r, komfort a pohon. Pod touto dlouhou kapotou se nach\u00e1zel osmiv\u00e1lec o objemu 6,2 litru (k\u00f3dov\u00e9 ozna\u010den\u00ed M156), kter\u00fd m\u011bl v\u00fdkon 571 kon\u00ed p\u0159en\u00e1\u0161en\u00fd na zadn\u00ed kola p\u0159es kompetentn\u00ed sedmistup\u0148ovou dvouspojkovou p\u0159evodovku. Vznikl tak v\u016fz, kter\u00fd vypad\u00e1 \u00fa\u017easn\u011b a je st\u00e1le rychl\u00fd jako supersport. \u010cas z 0 na 100 km\/h pouh\u00fdch 3,8 sekundy a maxim\u00e1ln\u00ed rychlost p\u0159es 310 km\/h jasn\u011b ukazuj\u00ed, pro\u010d Mercedes SLS AMG pat\u0159\u00ed mezi nejrychlej\u0161\u00ed vozy sv\u00e9 doby.<\/p>\n<p>Zaj\u00edmav\u00e9 je, \u017ee v\u00fdroba tohoto neuv\u011b\u0159iteln\u00e9ho stroje byla pom\u011brn\u011b kr\u00e1tk\u00e1 a v roce 2014 byla ukon\u010dena. N\u011bkte\u0159\u00ed tvrd\u00ed, \u017ee to Mercedes ud\u011blal z\u00e1m\u011brn\u011b, aby zajistil exkluzivitu a vz\u00e1cnost sv\u00e9ho nejlep\u0161\u00edho modern\u00edho sportovn\u00edho vozu. Tyto zv\u011bsti mohou b\u00fdt pravdiv\u00e9, proto\u017ee spole\u010dnost nikdy ofici\u00e1ln\u011b nezve\u0159ejnila p\u0159esn\u00e9 \u00fadaje o v\u00fdrob\u011b. Podle kvalifikovan\u00e9ho odhadu bylo dod\u00e1no asi 8 000 kup\u00e9 a asi 4 000 roadster\u016f. Tento v\u016fz je jedn\u00edm z t\u011bchto 4 000 exempl\u00e1\u0159\u016f, co\u017e jej \u010din\u00ed je\u0161t\u011b exkluzivn\u011bj\u0161\u00edm a m\u00fdti\u010dt\u011bj\u0161\u00edm.<\/p>\n<p><strong>Interi\u00e9r<\/strong><\/p>\n<p>Interi\u00e9r tohoto vozu SLS AMG Roadster je v perfektn\u00edm stavu bez jak\u00fdchkoli zn\u00e1mek pou\u017e\u00edv\u00e1n\u00ed a je pota\u017een \u010dernou k\u016f\u017e\u00ed s ko\u017eenou palubn\u00ed deskou. Sedadla a dve\u0159n\u00ed karty jsou bez ozna\u010den\u00ed; v\u0161echny funkce funguj\u00ed, stejn\u011b jako naviga\u010dn\u00ed syst\u00e9m, pr\u00e9miov\u00e9 audio a vyh\u0159\u00edvan\u00e1 a elektricky ovl\u00e1dan\u00e1 sportovn\u00ed sedadla. St\u0159echa kabrioletu je jako nov\u00e1 a perfektn\u011b se otev\u00edr\u00e1 a zav\u00edr\u00e1.<\/p>\n<p><strong>Stav<\/strong><\/p>\n<p>V\u017edy s pot\u011b\u0161en\u00edm nab\u00edz\u00edme vozidla, kter\u00e1 jsou ve stavu jako nov\u00e1, a toto vozidlo Mercedes SLS AMG Roadster 2012 je jedn\u00edm z nich. Tento v\u016fz, kter\u00fd m\u00e1 najeto pouh\u00fdch 19 000 km, byl v rukou sv\u00e9ho prvn\u00edho a jedin\u00e9ho majitele velmi m\u00e1lo vyu\u017e\u00edv\u00e1n a v pr\u016fm\u011bru najel m\u00e9n\u011b ne\u017e 2 000 km ro\u010dn\u011b. To znamen\u00e1, \u017ee je ve \u0161pi\u010dkov\u00e9m mechanick\u00e9m i estetick\u00e9m stavu a je zcela p\u016fvodn\u00ed z v\u00fdroby. Posledn\u00ed v\u011bt\u0161\u00ed servisn\u00ed prohl\u00eddka prob\u011bhla v roce 2018, brzdy byly opraveny teprve ned\u00e1vno, v b\u0159eznu 2024. O v\u016fz pe\u010dliv\u011b pe\u010doval prodejce Mercedesu.<\/p>\n<p><strong>Exteri\u00e9r a kola<\/strong><\/p>\n<p>Vzhledem k mal\u00e9mu po\u010dtu ujet\u00fdch kilometr\u016f a obsedantn\u00ed p\u00e9\u010di nen\u00ed p\u0159ekvapen\u00edm, \u017ee karoserie je jako nov\u00e1, bez \u0161kr\u00e1banc\u016f a vryp\u016f. V\u016fz je lad\u011bn do klasick\u00e9ho st\u0159\u00edbrn\u00e9ho odst\u00ednu Mercedes (p\u0159ipom\u00edn\u00e1 z\u00e1vodn\u00ed vozy Silver Arrow) a vypad\u00e1 \u00fa\u017easn\u011b s kontrastn\u00edm \u010dern\u00fdm interi\u00e9rem. Na voze jsou p\u016fvodn\u00ed 19palcov\u00e1 kola obut\u00e1 do v\u00fdkonn\u00fdch pneumatik Continental ContiSport Contact (DOT 2017) s p\u0159ibli\u017en\u011b 50% vyu\u017eit\u00edm.<\/p>\n<p><strong>Dokumentace<\/strong><\/p>\n<p>Prodejce prod\u00e1v\u00e1 toto vozidlo jm\u00e9nem p\u016fvodn\u00edho majitele s p\u0159\u00edslu\u0161nou dokumentac\u00ed, kter\u00fd se nach\u00e1z\u00ed v Belgii. <a href=\"https:\/\/pistonaddict.com\/wp-content\/uploads\/2024\/03\/CarVerticalAMG.pdf\">Zpr\u00e1va CarVertical<\/a> je \u010dist\u00e1, bez doklad\u016f o nehod\u00e1ch, oprav\u00e1ch po nehod\u00e1ch, vlastnictv\u00ed nebo pr\u00e1vn\u00edch probl\u00e9mech. Existuj\u00ed z\u00e1znamy o pravideln\u00e9 \u00fadr\u017eb\u011b a \u00fa\u010dtenky.<\/p>\n<p><strong>Pod\u00edvejte se na video se studen\u00fdm startem tohoto \u00fa\u017easn\u00e9ho vozu AMG SLS Roadster :<\/strong><\/p>\n<p><iframe title=\"Cold Start Video of the AMG SLS Roadster\" width=\"1200\" height=\"675\" src=\"https:\/\/www.youtube.com\/embed\/vjLjXYVelXI?feature=oembed\" frameborder=\"0\" allow=\"accelerometer; autoplay; clipboard-write; encrypted-media; gyroscope; picture-in-picture; web-share\" allowfullscreen><\/iframe><\/p>\n","protected":false},"excerpt":{"rendered":"<p>P\u0159i pohledu na modern\u00ed klasiku ze Stuttgartu se Mercedesu SLS AMG nic nevyrovn\u00e1. D\u00edky retro-futuristick\u00e9mu designu, mohutn\u00e9mu 6,2litrov\u00e9mu osmiv\u00e1lci vp\u0159edu a skv\u011bl\u00fdm v\u00fdkon\u016fm je SLS nejvyhled\u00e1van\u011bj\u0161\u00edm sportovn\u00edm vozem Mercedesu od dob origin\u00e1lu z 50. let, kter\u00fd zah\u00e1jil tuto linii. SLS je po v\u0161ech str\u00e1nk\u00e1ch v\u00fdjime\u010dn\u00fd v\u016fz, kter\u00fd se prod\u00e1v\u00e1 jen z\u0159\u00eddka, co\u017e \u010din\u00ed tento exempl\u00e1\u0159 s n\u00edzk\u00fdm po\u010dtem najet\u00fdch kilometr\u016f, v jedin\u00e9m vlastnictv\u00ed a prakticky nov\u00fd, je\u0161t\u011b vz\u00e1cn\u011bj\u0161\u00edm a unik\u00e1tn\u011bj\u0161\u00edm.<\/p>\n","protected":false},"featured_media":95988,"comment_status":"open","ping_status":"closed","template":"","meta":{"inline_featured_image":false},"product_cat":[760],"product_tag":[3076,2762,3074,929],"acf":[],"yoast_head":"<!-- This site is optimized with the Yoast SEO plugin v22.5 - https:\/\/yoast.com\/wordpress\/plugins\/seo\/ -->\n<title>AMG SLS Roadster - Piston Addict<\/title>\n<meta name=\"robots\" content=\"index, follow, max-snippet:-1, max-image-preview:large, max-video-preview:-1\" \/>\n<link rel=\"canonical\" href=\"https:\/\/pistonaddict.com\/cs\/product\/amg-sls-roadster\/\" \/>\n<meta property=\"og:locale\" content=\"cs_CZ\" \/>\n<meta property=\"og:type\" content=\"article\" \/>\n<meta property=\"og:title\" content=\"AMG SLS Roadster - Piston Addict\" \/>\n<meta property=\"og:description\" content=\"P\u0159i pohledu na modern\u00ed klasiku ze Stuttgartu se Mercedesu SLS AMG nic nevyrovn\u00e1. D\u00edky retro-futuristick\u00e9mu designu, mohutn\u00e9mu 6,2litrov\u00e9mu osmiv\u00e1lci vp\u0159edu a skv\u011bl\u00fdm v\u00fdkon\u016fm je SLS nejvyhled\u00e1van\u011bj\u0161\u00edm sportovn\u00edm vozem Mercedesu od dob origin\u00e1lu z 50. let, kter\u00fd zah\u00e1jil tuto linii. SLS je po v\u0161ech str\u00e1nk\u00e1ch v\u00fdjime\u010dn\u00fd v\u016fz, kter\u00fd se prod\u00e1v\u00e1 jen z\u0159\u00eddka, co\u017e \u010din\u00ed tento exempl\u00e1\u0159 s n\u00edzk\u00fdm po\u010dtem najet\u00fdch kilometr\u016f, v jedin\u00e9m vlastnictv\u00ed a prakticky nov\u00fd, je\u0161t\u011b vz\u00e1cn\u011bj\u0161\u00edm a unik\u00e1tn\u011bj\u0161\u00edm.\" \/>\n<meta property=\"og:url\" content=\"https:\/\/pistonaddict.com\/cs\/product\/amg-sls-roadster\/\" \/>\n<meta property=\"og:site_name\" content=\"Piston Addict\" \/>\n<meta property=\"article:modified_time\" content=\"2024-03-19T15:40:26+00:00\" \/>\n<meta property=\"og:image\" content=\"https:\/\/pistonaddict.com\/wp-content\/uploads\/2024\/03\/1-scaled.jpg\" \/>\n\t<meta property=\"og:image:width\" content=\"2560\" \/>\n\t<meta property=\"og:image:height\" content=\"1527\" \/>\n\t<meta property=\"og:image:type\" content=\"image\/jpeg\" \/>\n<meta name=\"twitter:card\" content=\"summary_large_image\" \/>\n<meta name=\"twitter:label1\" content=\"Odhadovan\u00e1 doba \u010dten\u00ed\" \/>\n\t<meta name=\"twitter:data1\" content=\"3 minuty\" \/>\n<script type=\"application\/ld+json\" class=\"yoast-schema-graph\">{\"@context\":\"https:\/\/schema.org\",\"@graph\":[{\"@type\":\"WebPage\",\"@id\":\"https:\/\/pistonaddict.com\/cs\/product\/amg-sls-roadster\/\",\"url\":\"https:\/\/pistonaddict.com\/cs\/product\/amg-sls-roadster\/\",\"name\":\"AMG SLS Roadster - Piston Addict\",\"isPartOf\":{\"@id\":\"https:\/\/pistonaddict.com\/cs\/#website\"},\"primaryImageOfPage\":{\"@id\":\"https:\/\/pistonaddict.com\/cs\/product\/amg-sls-roadster\/#primaryimage\"},\"image\":{\"@id\":\"https:\/\/pistonaddict.com\/cs\/product\/amg-sls-roadster\/#primaryimage\"},\"thumbnailUrl\":\"https:\/\/pistonaddict.com\/wp-content\/uploads\/2024\/03\/1-scaled.jpg\",\"datePublished\":\"2024-03-15T16:17:18+00:00\",\"dateModified\":\"2024-03-19T15:40:26+00:00\",\"breadcrumb\":{\"@id\":\"https:\/\/pistonaddict.com\/cs\/product\/amg-sls-roadster\/#breadcrumb\"},\"inLanguage\":\"cs\",\"potentialAction\":[{\"@type\":\"ReadAction\",\"target\":[\"https:\/\/pistonaddict.com\/cs\/product\/amg-sls-roadster\/\"]}]},{\"@type\":\"ImageObject\",\"inLanguage\":\"cs\",\"@id\":\"https:\/\/pistonaddict.com\/cs\/product\/amg-sls-roadster\/#primaryimage\",\"url\":\"https:\/\/pistonaddict.com\/wp-content\/uploads\/2024\/03\/1-scaled.jpg\",\"contentUrl\":\"https:\/\/pistonaddict.com\/wp-content\/uploads\/2024\/03\/1-scaled.jpg\",\"width\":2560,\"height\":1527},{\"@type\":\"BreadcrumbList\",\"@id\":\"https:\/\/pistonaddict.com\/cs\/product\/amg-sls-roadster\/#breadcrumb\",\"itemListElement\":[{\"@type\":\"ListItem\",\"position\":1,\"name\":\"Domovsk\u00e1 str\u00e1nka\",\"item\":\"https:\/\/pistonaddict.com\/cs\/domovska-stranka-2\/\"},{\"@type\":\"ListItem\",\"position\":2,\"name\":\"Auctions\",\"item\":\"https:\/\/pistonaddict.com\/auctions-listing\/\"},{\"@type\":\"ListItem\",\"position\":3,\"name\":\"AMG SLS Roadster\"}]},{\"@type\":\"WebSite\",\"@id\":\"https:\/\/pistonaddict.com\/cs\/#website\",\"url\":\"https:\/\/pistonaddict.com\/cs\/\",\"name\":\"Piston Addict\",\"description\":\"Only interesting vehicles\",\"publisher\":{\"@id\":\"https:\/\/pistonaddict.com\/cs\/#organization\"},\"potentialAction\":[{\"@type\":\"SearchAction\",\"target\":{\"@type\":\"EntryPoint\",\"urlTemplate\":\"https:\/\/pistonaddict.com\/cs\/?s={search_term_string}\"},\"query-input\":\"required name=search_term_string\"}],\"inLanguage\":\"cs\"},{\"@type\":\"Organization\",\"@id\":\"https:\/\/pistonaddict.com\/cs\/#organization\",\"name\":\"Piston Addict\",\"url\":\"https:\/\/pistonaddict.com\/cs\/\",\"logo\":{\"@type\":\"ImageObject\",\"inLanguage\":\"cs\",\"@id\":\"https:\/\/pistonaddict.com\/cs\/#\/schema\/logo\/image\/\",\"url\":\"https:\/\/pistonaddict.com\/wp-content\/uploads\/2022\/07\/logo-6.png\",\"contentUrl\":\"https:\/\/pistonaddict.com\/wp-content\/uploads\/2022\/07\/logo-6.png\",\"width\":970,\"height\":200,\"caption\":\"Piston Addict\"},\"image\":{\"@id\":\"https:\/\/pistonaddict.com\/cs\/#\/schema\/logo\/image\/\"}}]}<\/script>\n<!-- \/ Yoast SEO plugin. -->","yoast_head_json":{"title":"AMG SLS Roadster - Piston Addict","robots":{"index":"index","follow":"follow","max-snippet":"max-snippet:-1","max-image-preview":"max-image-preview:large","max-video-preview":"max-video-preview:-1"},"canonical":"https:\/\/pistonaddict.com\/cs\/product\/amg-sls-roadster\/","og_locale":"cs_CZ","og_type":"article","og_title":"AMG SLS Roadster - Piston Addict","og_description":"P\u0159i pohledu na modern\u00ed klasiku ze Stuttgartu se Mercedesu SLS AMG nic nevyrovn\u00e1. D\u00edky retro-futuristick\u00e9mu designu, mohutn\u00e9mu 6,2litrov\u00e9mu osmiv\u00e1lci vp\u0159edu a skv\u011bl\u00fdm v\u00fdkon\u016fm je SLS nejvyhled\u00e1van\u011bj\u0161\u00edm sportovn\u00edm vozem Mercedesu od dob origin\u00e1lu z 50. let, kter\u00fd zah\u00e1jil tuto linii. SLS je po v\u0161ech str\u00e1nk\u00e1ch v\u00fdjime\u010dn\u00fd v\u016fz, kter\u00fd se prod\u00e1v\u00e1 jen z\u0159\u00eddka, co\u017e \u010din\u00ed tento exempl\u00e1\u0159 s n\u00edzk\u00fdm po\u010dtem najet\u00fdch kilometr\u016f, v jedin\u00e9m vlastnictv\u00ed a prakticky nov\u00fd, je\u0161t\u011b vz\u00e1cn\u011bj\u0161\u00edm a unik\u00e1tn\u011bj\u0161\u00edm.","og_url":"https:\/\/pistonaddict.com\/cs\/product\/amg-sls-roadster\/","og_site_name":"Piston Addict","article_modified_time":"2024-03-19T15:40:26+00:00","og_image":[{"width":2560,"height":1527,"url":"https:\/\/pistonaddict.com\/wp-content\/uploads\/2024\/03\/1-scaled.jpg","type":"image\/jpeg"}],"twitter_card":"summary_large_image","twitter_misc":{"Odhadovan\u00e1 doba \u010dten\u00ed":"3 minuty"},"schema":{"@context":"https:\/\/schema.org","@graph":[{"@type":"WebPage","@id":"https:\/\/pistonaddict.com\/cs\/product\/amg-sls-roadster\/","url":"https:\/\/pistonaddict.com\/cs\/product\/amg-sls-roadster\/","name":"AMG SLS Roadster - Piston Addict","isPartOf":{"@id":"https:\/\/pistonaddict.com\/cs\/#website"},"primaryImageOfPage":{"@id":"https:\/\/pistonaddict.com\/cs\/product\/amg-sls-roadster\/#primaryimage"},"image":{"@id":"https:\/\/pistonaddict.com\/cs\/product\/amg-sls-roadster\/#primaryimage"},"thumbnailUrl":"https:\/\/pistonaddict.com\/wp-content\/uploads\/2024\/03\/1-scaled.jpg","datePublished":"2024-03-15T16:17:18+00:00","dateModified":"2024-03-19T15:40:26+00:00","breadcrumb":{"@id":"https:\/\/pistonaddict.com\/cs\/product\/amg-sls-roadster\/#breadcrumb"},"inLanguage":"cs","potentialAction":[{"@type":"ReadAction","target":["https:\/\/pistonaddict.com\/cs\/product\/amg-sls-roadster\/"]}]},{"@type":"ImageObject","inLanguage":"cs","@id":"https:\/\/pistonaddict.com\/cs\/product\/amg-sls-roadster\/#primaryimage","url":"https:\/\/pistonaddict.com\/wp-content\/uploads\/2024\/03\/1-scaled.jpg","contentUrl":"https:\/\/pistonaddict.com\/wp-content\/uploads\/2024\/03\/1-scaled.jpg","width":2560,"height":1527},{"@type":"BreadcrumbList","@id":"https:\/\/pistonaddict.com\/cs\/product\/amg-sls-roadster\/#breadcrumb","itemListElement":[{"@type":"ListItem","position":1,"name":"Domovsk\u00e1 str\u00e1nka","item":"https:\/\/pistonaddict.com\/cs\/domovska-stranka-2\/"},{"@type":"ListItem","position":2,"name":"Auctions","item":"https:\/\/pistonaddict.com\/auctions-listing\/"},{"@type":"ListItem","position":3,"name":"AMG SLS Roadster"}]},{"@type":"WebSite","@id":"https:\/\/pistonaddict.com\/cs\/#website","url":"https:\/\/pistonaddict.com\/cs\/","name":"Piston Addict","description":"Only interesting vehicles","publisher":{"@id":"https:\/\/pistonaddict.com\/cs\/#organization"},"potentialAction":[{"@type":"SearchAction","target":{"@type":"EntryPoint","urlTemplate":"https:\/\/pistonaddict.com\/cs\/?s={search_term_string}"},"query-input":"required name=search_term_string"}],"inLanguage":"cs"},{"@type":"Organization","@id":"https:\/\/pistonaddict.com\/cs\/#organization","name":"Piston Addict","url":"https:\/\/pistonaddict.com\/cs\/","logo":{"@type":"ImageObject","inLanguage":"cs","@id":"https:\/\/pistonaddict.com\/cs\/#\/schema\/logo\/image\/","url":"https:\/\/pistonaddict.com\/wp-content\/uploads\/2022\/07\/logo-6.png","contentUrl":"https:\/\/pistonaddict.com\/wp-content\/uploads\/2022\/07\/logo-6.png","width":970,"height":200,"caption":"Piston Addict"},"image":{"@id":"https:\/\/pistonaddict.com\/cs\/#\/schema\/logo\/image\/"}}]}},"_links":{"self":[{"href":"https:\/\/pistonaddict.com\/cs\/wp-json\/wp\/v2\/product\/96724"}],"collection":[{"href":"https:\/\/pistonaddict.com\/cs\/wp-json\/wp\/v2\/product"}],"about":[{"href":"https:\/\/pistonaddict.com\/cs\/wp-json\/wp\/v2\/types\/product"}],"replies":[{"embeddable":true,"href":"https:\/\/pistonaddict.com\/cs\/wp-json\/wp\/v2\/comments?post=96724"}],"wp:featuredmedia":[{"embeddable":true,"href":"https:\/\/pistonaddict.com\/cs\/wp-json\/wp\/v2\/media\/95988"}],"wp:attachment":[{"href":"https:\/\/pistonaddict.com\/cs\/wp-json\/wp\/v2\/media?parent=96724"}],"wp:term":[{"taxonomy":"product_cat","embeddable":true,"href":"https:\/\/pistonaddict.com\/cs\/wp-json\/wp\/v2\/product_cat?post=96724"},{"taxonomy":"product_tag","embeddable":true,"href":"https:\/\/pistonaddict.com\/cs\/wp-json\/wp\/v2\/product_tag?post=96724"}],"curies":[{"name":"wp","href":"https:\/\/api.w.org\/{rel}","templated":true}]}}