{"id":94125,"date":"2024-02-28T13:52:28","date_gmt":"2024-02-28T12:52:28","guid":{"rendered":"https:\/\/pistonaddict.com\/product\/fisker-karma\/"},"modified":"2024-03-19T16:38:42","modified_gmt":"2024-03-19T15:38:42","slug":"fisker-karma","status":"publish","type":"product","link":"https:\/\/pistonaddict.com\/cs\/product\/fisker-karma\/","title":{"rendered":"Fisker Karma"},"content":{"rendered":"<h2>Exteri\u00e9r<\/h2>\n<p>Zven\u010d\u00ed, po\u010d\u00ednaje p\u0159\u00edd\u00ed, m\u00e1 Karma n\u00edzko zav\u011b\u0161enou p\u0159\u00ed\u010f s \u0161irok\u00fdmi m\u0159\u00ed\u017ekami a prot\u00e1hl\u00fdmi xenonov\u00fdmi sv\u011btlomety, kter\u00e9 vozu dod\u00e1vaj\u00ed agresivn\u00ed postoj. Toto t\u00e9ma pokra\u010duje i na boc\u00edch, kde svalnat\u00e9 siluet\u011b dominuj\u00ed mohutn\u00e9 blatn\u00edky obep\u00ednaj\u00edc\u00ed 22palcov\u00e1 kola. Na \u0161irok\u00e9 z\u00e1di italsk\u00e9ho supersportu dod\u00e1vaj\u00ed Karm\u011b jedine\u010dn\u00fd vzhled na silnici detaily jako elegantn\u00ed zadn\u00ed sv\u011btla a reproduktory v m\u00edst\u011b, kde bychom o\u010dek\u00e1vali koncovky v\u00fdfuku s chromovan\u00fdmi koncovkami.<\/p>\n<p>V\u016fz je lakov\u00e1n v modr\u00e9 barv\u011b Deep Ocean, kter\u00e1 vypad\u00e1 efektn\u011b za jasn\u00fdch dn\u016f, kdy slune\u010dn\u00ed paprsky zv\u00fdrazn\u00ed jej\u00ed \u0161upinatost. Kdy\u017e u\u017e mluv\u00edme o slunci &#8211; Karma m\u00e1 sol\u00e1rn\u00ed panely integrovan\u00e9 ve st\u0159e\u0161e, co\u017e znamen\u00e1, \u017ee se m\u016f\u017ee dob\u00edjet pouh\u00fdm zaparkov\u00e1n\u00edm venku.<\/p>\n<h2>Interi\u00e9r<\/h2>\n<p>Po usednut\u00ed do vozu se ocitnete za \u010dty\u0159ramenn\u00fdm ko\u017een\u00fdm volantem, kter\u00fd r\u00e1muje elegantn\u00ed a futuristick\u00fd p\u0159\u00edstrojov\u00fd \u0161t\u00edt. Vlevo je rychlom\u011br s rychlost\u00ed a\u017e 220 km\/h. Na prav\u00e9 stran\u011b je v\u0161ak m\u00edsto ot\u00e1\u010dkom\u011bru zobrazena kapacita baterie a informace o tom, zda se baterie nab\u00edj\u00ed nebo zda se elekt\u0159ina vyu\u017e\u00edv\u00e1 ke zrychlen\u00ed. P\u0159\u00edstrojov\u00e1 deska je vybavena dotykov\u00fdm displejem, kter\u00fd slou\u017e\u00ed jako ovl\u00e1dac\u00ed centrum pro stereo, navigaci a klimatizaci.<\/p>\n<p>Cel\u00fd interi\u00e9r je vyveden v kombinaci d\u0159eva, k\u016f\u017ee a m\u011bkk\u00e9 Alcantary, co\u017e mu dod\u00e1v\u00e1 vynikaj\u00edc\u00ed vzhled. Jednou z v\u011bc\u00ed, kter\u00e1 upout\u00e1 pozornost, je masivn\u00ed st\u0159edov\u00fd tunel, kter\u00fd je nezbytn\u00fd, proto\u017ee se zde nach\u00e1zej\u00ed baterie.<\/p>\n<h2>Mechanika<\/h2>\n<p>A\u010dkoli zvenku i zevnit\u0159 vypad\u00e1 \u00fachvatn\u011b, nejp\u016fsobiv\u011bj\u0161\u00ed je mechanick\u00e9 z\u00e1zem\u00ed vozu Fisker. Kdy\u017e odklop\u00edte kapotu, najdete pod n\u00ed motor, stejn\u011b jako v ka\u017ed\u00e9m jin\u00e9m aut\u011b. Tento p\u0159epl\u0148ovan\u00fd \u010dty\u0159v\u00e1lec se v\u0161ak nepou\u017e\u00edv\u00e1 k pohonu kol. M\u00edsto toho funguje jako gener\u00e1tor, kter\u00fd dob\u00edj\u00ed baterie, kdy\u017e je pot\u0159eba je doplnit.<\/p>\n<p>V\u016fz poh\u00e1n\u011bj\u00ed dva elektromotory, kter\u00e9 ve dvojici p\u0159en\u00e1\u0161ej\u00ed v\u00fdkon na zadn\u00ed kola p\u0159es diferenci\u00e1l s omezenou svornost\u00ed. Tato kombinace dok\u00e1\u017ee vyvinout v\u00fdkon a\u017e 409 kon\u00ed a to\u010div\u00fd moment 1300 N.m, tak\u017ee Karma m\u00e1 v\u00fdkon odpov\u00eddaj\u00edc\u00ed jej\u00edmu vzhledu.<\/p>\n<p>Proto\u017ee Fisker necht\u011bl, aby byl v\u016fz p\u0159\u00edli\u0161 t\u011b\u017ek\u00fd, proto\u017ee by to zhor\u0161ilo j\u00edzdn\u00ed vlastnosti, nejsou baterie a v\u00fdsledn\u00fd dojezd v pln\u011b elektrick\u00e9m re\u017eimu p\u0159\u00edli\u0161 velk\u00e9. P\u0159i pln\u00e9m nabit\u00ed ujede Karma pouze na elekt\u0159inu p\u0159ibli\u017en\u011b 80 kilometr\u016f. Ale up\u0159\u00edmn\u011b \u0159e\u010deno, pro v\u011bt\u0161inu ka\u017edodenn\u00edho doj\u00ed\u017ed\u011bn\u00ed je to pravd\u011bpodobn\u011b v\u00edce ne\u017e dost a jako z\u00e1lo\u017en\u00ed gener\u00e1tor je v\u017edy k dispozici benzinov\u00fd motor.<\/p>\n<h2>Historie vozidla<\/h2>\n<p>Na z\u00e1v\u011br je\u0161t\u011b n\u011bkolik slov o stavu vozu Fisker, kter\u00fd prod\u00e1vaj\u00edc\u00ed ozna\u010duje jako vynikaj\u00edc\u00ed. A up\u0159\u00edmn\u011b \u0159e\u010deno, fotografie a kr\u00e1tk\u00e9 video vypov\u00eddaj\u00ed o tomt\u00e9\u017e. V\u016fz byl naposledy servisov\u00e1n v listopadu 2023 a nem\u00e1 \u017e\u00e1dn\u00e9 z\u00e1vady ani chyby, krom\u011b upozorn\u011bn\u00ed na tlak v pneumatik\u00e1ch na p\u0159\u00edstrojov\u00e9 desce. D\u016fvodem je z\u0159ejm\u011b to, \u017ee vozidlo je v sou\u010dasn\u00e9 dob\u011b vybaveno 21palcov\u00fdmi koly Schmid, zat\u00edmco syst\u00e9m TPMS je naprogramov\u00e1n tak, aby pracoval s letn\u00ed 22palcovou sadou OEM. Majitel tvrd\u00ed, \u017ee v\u016fz lze p\u0159ekalibrovat, aby rozpoznal alternativn\u00ed rozm\u011bry pneumatik, ale nezat\u011b\u017eoval se t\u00edm, proto\u017ee s n\u00edm v zim\u011b jezd\u00ed jen z\u0159\u00eddka. Krom\u011b toho byly v roce 2022 vym\u011bn\u011bny v\u0161echny airbagy v r\u00e1mci rozs\u00e1hl\u00e9 svol\u00e1vac\u00ed akce airbag\u016f Takata.<\/p>\n<p>Vzhledem k tomu, \u017ee se jedn\u00e1 o hybridn\u00ed elektromobil, mohou vzniknout obavy ohledn\u011b stavu bateri\u00ed, proto\u017ee jejich v\u00fdm\u011bna je velmi n\u00e1kladn\u00e1. Podle prodejce se v\u0161ak nen\u00ed \u010deho ob\u00e1vat, proto\u017ee baterii v srpnu 2023 zkontroloval certifikovan\u00fd technik vozu Fisker Karma, kter\u00fd potvrdil, \u017ee je st\u00e1le pln\u011b funk\u010dn\u00ed. K vozu je dod\u00e1v\u00e1na origin\u00e1ln\u00ed mobiln\u00ed nab\u00edje\u010dka, kter\u00e1 se p\u0159ipojuje do z\u00e1suvky 220 V, a ru\u010dn\u00ed \u010dte\u010dka k\u00f3d\u016f OBD2. Rakousk\u00e1 technick\u00e1 kontrola je \u00fasp\u011b\u0161n\u011b absolvov\u00e1na a plat\u00ed do srpna 2024.<\/p>\n<p>Jedna pozn\u00e1mka k budouc\u00ed \u00fadr\u017eb\u011b &#8211; jedin\u00fd evropsk\u00fd autorizovan\u00fd prodejce je v Nizozemsku, ale existuje mo\u017enost nechat si jejich kvalifikovan\u00e9ho specialistu dopravit letadlem na m\u00edsto, kde se postar\u00e1 o v\u0161e, co je t\u0159eba (za p\u0159edpokladu, \u017ee opravu lze prov\u00e9st na m\u00edst\u011b).<\/p>\n<p>Prod\u00e1vaj\u00edc\u00ed, kter\u00fd v\u016fz koupil v roce 2019, uv\u00e1d\u00ed, \u017ee v\u016fz nikdy nem\u011bl nehodu ani nebyl pou\u017e\u00edv\u00e1n na z\u00e1vodn\u00ed dr\u00e1ze, co\u017e lze dodate\u010dn\u011b potvrdit odpov\u00eddaj\u00edc\u00ed <a href=\"https:\/\/pistonaddict.com\/wp-content\/uploads\/2024\/02\/FiskerKarma.pdf\">zpr\u00e1vou o historii vozidla<\/a>. Za zm\u00ednku tak\u00e9 stoj\u00ed, \u017ee prod\u00e1vaj\u00edc\u00ed poskytne <a href=\"https:\/\/pistonaddict.com\/wp-content\/uploads\/2024\/02\/CoC1-rotated.jpg\">osv\u011bd\u010den\u00ed o shod\u011b<\/a>, pokud chce kupuj\u00edc\u00ed vozidlo p\u0159ev\u00e9zt mimo Rakousko, kde je tento Fisker registrov\u00e1n od prvn\u00edho dne.<\/p>\n<p><strong><br \/>\nPod\u00edvejte se na video se studen\u00fdm startem tohoto skv\u011bl\u00e9ho vozu Fisker Karma :<\/strong><\/p>\n<p><iframe title=\"Cold Start Video of the Fisker Karma\" width=\"1200\" height=\"675\" src=\"https:\/\/www.youtube.com\/embed\/Ct2_uFf2FEw?feature=oembed\" frameborder=\"0\" allow=\"accelerometer; autoplay; clipboard-write; encrypted-media; gyroscope; picture-in-picture; web-share\" allowfullscreen><\/iframe><\/p>\n","protected":false},"excerpt":{"rendered":"<p>Pokud hled\u00e1te sportovn\u00ed v\u016fz, kter\u00fd uveze \u010dty\u0159i osoby a jejich zavazadla, m\u00e1te z \u010deho vyb\u00edrat. Pokud ale chcete n\u011bco, co v\u00e1s odli\u0161\u00ed od b\u011b\u017en\u00fdch model\u016f, pak by se v\u00e1m mohl l\u00edbit Fisker Karma. Nab\u00edz\u00ed v\u0161echny v\u00fdhody elektromobilu bez obav z dojezdu a zv\u00fd\u0161en\u00e9 hmotnosti, kter\u00e9 jsou s nimi obvykle spojeny. A co v\u00edc, v\u0161echny tyto technick\u00e9 vymo\u017eenosti jsou zabaleny do \u00fachvatn\u011b vypadaj\u00edc\u00edho t\u011bla. A v prodeji zde m\u00e1me model z roku 2012, kter\u00fd prod\u00e1v\u00e1 majitel a kter\u00fd m\u00e1 zat\u00edm najeto 67 000 km. Pod\u00edvejme se bl\u00ed\u017ee na to, co nab\u00edz\u00ed.<\/p>\n","protected":false},"featured_media":93014,"comment_status":"open","ping_status":"closed","template":"","meta":{"inline_featured_image":false},"product_cat":[760],"product_tag":[2762,3039,929,1780,1775,3011],"acf":[],"yoast_head":"<!-- This site is optimized with the Yoast SEO plugin v22.5 - https:\/\/yoast.com\/wordpress\/plugins\/seo\/ -->\n<title>Fisker Karma - Piston Addict<\/title>\n<meta name=\"robots\" content=\"index, follow, max-snippet:-1, max-image-preview:large, max-video-preview:-1\" \/>\n<link rel=\"canonical\" href=\"https:\/\/pistonaddict.com\/cs\/product\/fisker-karma\/\" \/>\n<meta property=\"og:locale\" content=\"cs_CZ\" \/>\n<meta property=\"og:type\" content=\"article\" \/>\n<meta property=\"og:title\" content=\"Fisker Karma - Piston Addict\" \/>\n<meta property=\"og:description\" content=\"Pokud hled\u00e1te sportovn\u00ed v\u016fz, kter\u00fd uveze \u010dty\u0159i osoby a jejich zavazadla, m\u00e1te z \u010deho vyb\u00edrat. Pokud ale chcete n\u011bco, co v\u00e1s odli\u0161\u00ed od b\u011b\u017en\u00fdch model\u016f, pak by se v\u00e1m mohl l\u00edbit Fisker Karma. Nab\u00edz\u00ed v\u0161echny v\u00fdhody elektromobilu bez obav z dojezdu a zv\u00fd\u0161en\u00e9 hmotnosti, kter\u00e9 jsou s nimi obvykle spojeny. A co v\u00edc, v\u0161echny tyto technick\u00e9 vymo\u017eenosti jsou zabaleny do \u00fachvatn\u011b vypadaj\u00edc\u00edho t\u011bla. A v prodeji zde m\u00e1me model z roku 2012, kter\u00fd prod\u00e1v\u00e1 majitel a kter\u00fd m\u00e1 zat\u00edm najeto 67 000 km. Pod\u00edvejme se bl\u00ed\u017ee na to, co nab\u00edz\u00ed.\" \/>\n<meta property=\"og:url\" content=\"https:\/\/pistonaddict.com\/cs\/product\/fisker-karma\/\" \/>\n<meta property=\"og:site_name\" content=\"Piston Addict\" \/>\n<meta property=\"article:modified_time\" content=\"2024-03-19T15:38:42+00:00\" \/>\n<meta property=\"og:image\" content=\"https:\/\/pistonaddict.com\/wp-content\/uploads\/2024\/02\/1.jpg\" \/>\n\t<meta property=\"og:image:width\" content=\"1280\" \/>\n\t<meta property=\"og:image:height\" content=\"960\" \/>\n\t<meta property=\"og:image:type\" content=\"image\/jpeg\" \/>\n<meta name=\"twitter:card\" content=\"summary_large_image\" \/>\n<meta name=\"twitter:label1\" content=\"Odhadovan\u00e1 doba \u010dten\u00ed\" \/>\n\t<meta name=\"twitter:data1\" content=\"4 minuty\" \/>\n<script type=\"application\/ld+json\" class=\"yoast-schema-graph\">{\"@context\":\"https:\/\/schema.org\",\"@graph\":[{\"@type\":\"WebPage\",\"@id\":\"https:\/\/pistonaddict.com\/cs\/product\/fisker-karma\/\",\"url\":\"https:\/\/pistonaddict.com\/cs\/product\/fisker-karma\/\",\"name\":\"Fisker Karma - Piston Addict\",\"isPartOf\":{\"@id\":\"https:\/\/pistonaddict.com\/cs\/#website\"},\"primaryImageOfPage\":{\"@id\":\"https:\/\/pistonaddict.com\/cs\/product\/fisker-karma\/#primaryimage\"},\"image\":{\"@id\":\"https:\/\/pistonaddict.com\/cs\/product\/fisker-karma\/#primaryimage\"},\"thumbnailUrl\":\"https:\/\/pistonaddict.com\/wp-content\/uploads\/2024\/02\/1.jpg\",\"datePublished\":\"2024-02-28T12:52:28+00:00\",\"dateModified\":\"2024-03-19T15:38:42+00:00\",\"breadcrumb\":{\"@id\":\"https:\/\/pistonaddict.com\/cs\/product\/fisker-karma\/#breadcrumb\"},\"inLanguage\":\"cs\",\"potentialAction\":[{\"@type\":\"ReadAction\",\"target\":[\"https:\/\/pistonaddict.com\/cs\/product\/fisker-karma\/\"]}]},{\"@type\":\"ImageObject\",\"inLanguage\":\"cs\",\"@id\":\"https:\/\/pistonaddict.com\/cs\/product\/fisker-karma\/#primaryimage\",\"url\":\"https:\/\/pistonaddict.com\/wp-content\/uploads\/2024\/02\/1.jpg\",\"contentUrl\":\"https:\/\/pistonaddict.com\/wp-content\/uploads\/2024\/02\/1.jpg\",\"width\":1280,\"height\":960},{\"@type\":\"BreadcrumbList\",\"@id\":\"https:\/\/pistonaddict.com\/cs\/product\/fisker-karma\/#breadcrumb\",\"itemListElement\":[{\"@type\":\"ListItem\",\"position\":1,\"name\":\"Domovsk\u00e1 str\u00e1nka\",\"item\":\"https:\/\/pistonaddict.com\/cs\/domovska-stranka-2\/\"},{\"@type\":\"ListItem\",\"position\":2,\"name\":\"Auctions\",\"item\":\"https:\/\/pistonaddict.com\/auctions-listing\/\"},{\"@type\":\"ListItem\",\"position\":3,\"name\":\"Fisker Karma\"}]},{\"@type\":\"WebSite\",\"@id\":\"https:\/\/pistonaddict.com\/cs\/#website\",\"url\":\"https:\/\/pistonaddict.com\/cs\/\",\"name\":\"Piston Addict\",\"description\":\"Only interesting vehicles\",\"publisher\":{\"@id\":\"https:\/\/pistonaddict.com\/cs\/#organization\"},\"potentialAction\":[{\"@type\":\"SearchAction\",\"target\":{\"@type\":\"EntryPoint\",\"urlTemplate\":\"https:\/\/pistonaddict.com\/cs\/?s={search_term_string}\"},\"query-input\":\"required name=search_term_string\"}],\"inLanguage\":\"cs\"},{\"@type\":\"Organization\",\"@id\":\"https:\/\/pistonaddict.com\/cs\/#organization\",\"name\":\"Piston Addict\",\"url\":\"https:\/\/pistonaddict.com\/cs\/\",\"logo\":{\"@type\":\"ImageObject\",\"inLanguage\":\"cs\",\"@id\":\"https:\/\/pistonaddict.com\/cs\/#\/schema\/logo\/image\/\",\"url\":\"https:\/\/pistonaddict.com\/wp-content\/uploads\/2022\/07\/logo-6.png\",\"contentUrl\":\"https:\/\/pistonaddict.com\/wp-content\/uploads\/2022\/07\/logo-6.png\",\"width\":970,\"height\":200,\"caption\":\"Piston Addict\"},\"image\":{\"@id\":\"https:\/\/pistonaddict.com\/cs\/#\/schema\/logo\/image\/\"}}]}<\/script>\n<!-- \/ Yoast SEO plugin. -->","yoast_head_json":{"title":"Fisker Karma - Piston Addict","robots":{"index":"index","follow":"follow","max-snippet":"max-snippet:-1","max-image-preview":"max-image-preview:large","max-video-preview":"max-video-preview:-1"},"canonical":"https:\/\/pistonaddict.com\/cs\/product\/fisker-karma\/","og_locale":"cs_CZ","og_type":"article","og_title":"Fisker Karma - Piston Addict","og_description":"Pokud hled\u00e1te sportovn\u00ed v\u016fz, kter\u00fd uveze \u010dty\u0159i osoby a jejich zavazadla, m\u00e1te z \u010deho vyb\u00edrat. Pokud ale chcete n\u011bco, co v\u00e1s odli\u0161\u00ed od b\u011b\u017en\u00fdch model\u016f, pak by se v\u00e1m mohl l\u00edbit Fisker Karma. Nab\u00edz\u00ed v\u0161echny v\u00fdhody elektromobilu bez obav z dojezdu a zv\u00fd\u0161en\u00e9 hmotnosti, kter\u00e9 jsou s nimi obvykle spojeny. A co v\u00edc, v\u0161echny tyto technick\u00e9 vymo\u017eenosti jsou zabaleny do \u00fachvatn\u011b vypadaj\u00edc\u00edho t\u011bla. A v prodeji zde m\u00e1me model z roku 2012, kter\u00fd prod\u00e1v\u00e1 majitel a kter\u00fd m\u00e1 zat\u00edm najeto 67 000 km. Pod\u00edvejme se bl\u00ed\u017ee na to, co nab\u00edz\u00ed.","og_url":"https:\/\/pistonaddict.com\/cs\/product\/fisker-karma\/","og_site_name":"Piston Addict","article_modified_time":"2024-03-19T15:38:42+00:00","og_image":[{"width":1280,"height":960,"url":"https:\/\/pistonaddict.com\/wp-content\/uploads\/2024\/02\/1.jpg","type":"image\/jpeg"}],"twitter_card":"summary_large_image","twitter_misc":{"Odhadovan\u00e1 doba \u010dten\u00ed":"4 minuty"},"schema":{"@context":"https:\/\/schema.org","@graph":[{"@type":"WebPage","@id":"https:\/\/pistonaddict.com\/cs\/product\/fisker-karma\/","url":"https:\/\/pistonaddict.com\/cs\/product\/fisker-karma\/","name":"Fisker Karma - Piston Addict","isPartOf":{"@id":"https:\/\/pistonaddict.com\/cs\/#website"},"primaryImageOfPage":{"@id":"https:\/\/pistonaddict.com\/cs\/product\/fisker-karma\/#primaryimage"},"image":{"@id":"https:\/\/pistonaddict.com\/cs\/product\/fisker-karma\/#primaryimage"},"thumbnailUrl":"https:\/\/pistonaddict.com\/wp-content\/uploads\/2024\/02\/1.jpg","datePublished":"2024-02-28T12:52:28+00:00","dateModified":"2024-03-19T15:38:42+00:00","breadcrumb":{"@id":"https:\/\/pistonaddict.com\/cs\/product\/fisker-karma\/#breadcrumb"},"inLanguage":"cs","potentialAction":[{"@type":"ReadAction","target":["https:\/\/pistonaddict.com\/cs\/product\/fisker-karma\/"]}]},{"@type":"ImageObject","inLanguage":"cs","@id":"https:\/\/pistonaddict.com\/cs\/product\/fisker-karma\/#primaryimage","url":"https:\/\/pistonaddict.com\/wp-content\/uploads\/2024\/02\/1.jpg","contentUrl":"https:\/\/pistonaddict.com\/wp-content\/uploads\/2024\/02\/1.jpg","width":1280,"height":960},{"@type":"BreadcrumbList","@id":"https:\/\/pistonaddict.com\/cs\/product\/fisker-karma\/#breadcrumb","itemListElement":[{"@type":"ListItem","position":1,"name":"Domovsk\u00e1 str\u00e1nka","item":"https:\/\/pistonaddict.com\/cs\/domovska-stranka-2\/"},{"@type":"ListItem","position":2,"name":"Auctions","item":"https:\/\/pistonaddict.com\/auctions-listing\/"},{"@type":"ListItem","position":3,"name":"Fisker Karma"}]},{"@type":"WebSite","@id":"https:\/\/pistonaddict.com\/cs\/#website","url":"https:\/\/pistonaddict.com\/cs\/","name":"Piston Addict","description":"Only interesting vehicles","publisher":{"@id":"https:\/\/pistonaddict.com\/cs\/#organization"},"potentialAction":[{"@type":"SearchAction","target":{"@type":"EntryPoint","urlTemplate":"https:\/\/pistonaddict.com\/cs\/?s={search_term_string}"},"query-input":"required name=search_term_string"}],"inLanguage":"cs"},{"@type":"Organization","@id":"https:\/\/pistonaddict.com\/cs\/#organization","name":"Piston Addict","url":"https:\/\/pistonaddict.com\/cs\/","logo":{"@type":"ImageObject","inLanguage":"cs","@id":"https:\/\/pistonaddict.com\/cs\/#\/schema\/logo\/image\/","url":"https:\/\/pistonaddict.com\/wp-content\/uploads\/2022\/07\/logo-6.png","contentUrl":"https:\/\/pistonaddict.com\/wp-content\/uploads\/2022\/07\/logo-6.png","width":970,"height":200,"caption":"Piston Addict"},"image":{"@id":"https:\/\/pistonaddict.com\/cs\/#\/schema\/logo\/image\/"}}]}},"_links":{"self":[{"href":"https:\/\/pistonaddict.com\/cs\/wp-json\/wp\/v2\/product\/94125"}],"collection":[{"href":"https:\/\/pistonaddict.com\/cs\/wp-json\/wp\/v2\/product"}],"about":[{"href":"https:\/\/pistonaddict.com\/cs\/wp-json\/wp\/v2\/types\/product"}],"replies":[{"embeddable":true,"href":"https:\/\/pistonaddict.com\/cs\/wp-json\/wp\/v2\/comments?post=94125"}],"wp:featuredmedia":[{"embeddable":true,"href":"https:\/\/pistonaddict.com\/cs\/wp-json\/wp\/v2\/media\/93014"}],"wp:attachment":[{"href":"https:\/\/pistonaddict.com\/cs\/wp-json\/wp\/v2\/media?parent=94125"}],"wp:term":[{"taxonomy":"product_cat","embeddable":true,"href":"https:\/\/pistonaddict.com\/cs\/wp-json\/wp\/v2\/product_cat?post=94125"},{"taxonomy":"product_tag","embeddable":true,"href":"https:\/\/pistonaddict.com\/cs\/wp-json\/wp\/v2\/product_tag?post=94125"}],"curies":[{"name":"wp","href":"https:\/\/api.w.org\/{rel}","templated":true}]}}