{"id":92876,"date":"2024-02-23T14:19:05","date_gmt":"2024-02-23T13:19:05","guid":{"rendered":"https:\/\/pistonaddict.com\/product\/volkswagen-1303-cabrio-triple-white-beetle\/"},"modified":"2024-03-20T09:46:48","modified_gmt":"2024-03-20T08:46:48","slug":"volkswagen-1303-convertible-triple-white-beetle","status":"publish","type":"product","link":"https:\/\/pistonaddict.com\/cs\/product\/volkswagen-1303-convertible-triple-white-beetle\/","title":{"rendered":"Volkswagen 1303 Cabrio Triple White Beetle"},"content":{"rendered":"<p>Jestli\u017ee standardn\u00ed Volkswagen Beetle byl ekonomick\u00fd model, kter\u00fd oblet\u011bl sv\u011bt na kolech, jeho verze kabriolet byla v\u017edy tou luxusn\u011bj\u0161\u00ed a presti\u017en\u011bj\u0161\u00ed. P\u0159edev\u0161\u00edm byl vyroben slavnou karos\u00e1rnou Karmann a oproti standardn\u00edmu modelu se vyzna\u010doval mnoha \u00fapravami. Nejednalo se pouze o Brouka s padac\u00ed st\u0159echou, ale o zcela jin\u00fd v\u016fz s vylep\u0161en\u00fdm podvozkem, jin\u00fdmi dve\u0159mi, \u010deln\u00edmi skly a specifick\u00fdmi panely. Ke konci dlouh\u00e9 v\u00fdrobn\u00ed s\u00e9rie dostal Volkswagen Beetle Cabrio vylep\u0161en\u00fd motor, p\u0159edn\u00ed kotou\u010dov\u00e9 brzdy a dal\u0161\u00ed prvky, kter\u00e9 z n\u011bj ud\u011blaly lep\u0161\u00ed a schopn\u011bj\u0161\u00ed otev\u0159en\u00fd cestovn\u00ed v\u016fz. Dnes v\u00e1m takov\u00fd v\u016fz s hrdost\u00ed p\u0159edstavujeme. Volkswagen 1303 Cabrio z roku 1979 v jedine\u010dn\u00e9m trojit\u00e9m b\u00edl\u00e9m barevn\u00e9m proveden\u00ed s motorem o objemu 1,6 litru se vst\u0159ikov\u00e1n\u00edm paliva a ve zcela p\u016fvodn\u00edm stavu. P\u016fvodn\u011b se tento pozdn\u00ed model Beetle kabriolet prod\u00e1val v USA pod n\u00e1zvem Super Beetle a d\u00edky lep\u0161\u00ed v\u00fdbav\u011b a motoru o v\u00fdkonu 48 k s maxim\u00e1ln\u00ed rychlost\u00ed 130 km\/h pat\u0159\u00ed k nej\u017e\u00e1dan\u011bj\u0161\u00edm exempl\u00e1\u0159\u016fm. Tento konkr\u00e9tn\u00ed v\u016fz byl vyroben v prosinci 1979, co\u017e z n\u011bj \u010din\u00ed jeden z posledn\u00edch kabriolet\u016f Beetle, jeho\u017e v\u00fdroba skon\u010dila po\u010d\u00e1tkem roku 1980. Volkswagen prodal v roce 1980 pouze 4 572 voz\u016f 1303 Cabriolet, z toho jen velmi m\u00e1lo v trojbarevn\u00e9 barv\u011b, a tento v\u016fz je jedn\u00edm z nich. Tyto pozdn\u00ed modely maj\u00ed n\u011bkolik jedine\u010dn\u00fdch konstruk\u010dn\u00edch prvk\u016f, kter\u00e9 je \u010din\u00ed je\u0161t\u011b prakti\u010dt\u011bj\u0161\u00edmi a p\u0159\u00edjemn\u011bj\u0161\u00edmi. Nap\u0159\u00edklad v\u011bt\u0161\u00ed p\u0159edn\u00ed zavazadlov\u00fd prostor a m\u00edrn\u011b zak\u0159iven\u00e9 \u010deln\u00ed sklo sn\u00ed\u017eily hluk v\u011btru, p\u0159edev\u0161\u00edm p\u0159i j\u00edzd\u011b se sta\u017eenou st\u0159echou.<\/p>\n<p><strong>Interi\u00e9r<\/strong><\/p>\n<p>B\u00edl\u00e1 vinylov\u00e1 sedadla jsou ve vynikaj\u00edc\u00edm stavu a interi\u00e9r tohoto atraktivn\u00edho Brouka je zcela p\u016fvodn\u00ed. D\u00edky d\u0159evem oblo\u017een\u00e9 palubn\u00ed desce, jedine\u010dn\u00e9mu volantu a vylep\u0161en\u00e9 ergonomii se jedn\u00e1 o nejluxusn\u011bj\u0161\u00ed prost\u0159ed\u00ed pro \u0159idi\u010de ze v\u0161ech klasick\u00fdch Brouk\u016f. P\u0159\u00edstrojov\u00e1 deska nen\u00ed praskl\u00e1, audiosyst\u00e9m m\u00e1 p\u016fvabnou kazetovou jednotku Blaupunkt z 80. let.<\/p>\n<p><strong>Stav vozu<\/strong><\/p>\n<p>Tento kabriolet 1303 s pouh\u00fdmi 94 000 kilometry a n\u011bkolika pe\u010dliv\u00fdmi majiteli pro\u0161el renovac\u00ed a zachoval si p\u016fvodn\u00ed motor a p\u0159evodovku odpov\u00eddaj\u00edc\u00ed \u010d\u00edsl\u016fm. Celkov\u00fd stav se bl\u00ed\u017e\u00ed dokonal\u00e9mu, v\u0161e je v po\u0159\u00e1dku, bez rezav\u00fdch skvrn nebo barevn\u00fdch zm\u011bn. Posledn\u00ed servisn\u00ed prohl\u00eddka prob\u011bhla v \u0159\u00edjnu 2023 a v\u016fz bez probl\u00e9m\u016f pro\u0161el ro\u010dn\u00ed technickou kontrolou v roce 2024. U voz\u016f, jako je tento, b\u00fdv\u00e1 \u010dasto problematick\u00e1 vinylov\u00e1 st\u0159echa, ale s pot\u011b\u0161en\u00edm m\u016f\u017eeme ozn\u00e1mit, \u017ee i ta je v perfektn\u00edm stavu, bez trhlin a net\u011bsnost\u00ed. Podvozek je stejn\u011b \u010dist\u00fd jako karoserie, bez probl\u00e9m\u016f s koroz\u00ed. V\u016fz byl profesion\u00e1ln\u011b zrestaurov\u00e1n podle nejvy\u0161\u0161\u00edch standard\u016f s pou\u017eit\u00edm origin\u00e1ln\u00edch d\u00edl\u016f a udr\u017eov\u00e1n specialistou na vozy VW. Od renovace je vozidlo ulo\u017eeno v klimatizovan\u00e9 gar\u00e1\u017ei.<\/p>\n<p><strong>Exteri\u00e9r a kola<\/strong><\/p>\n<p>Charakteristick\u00e1 b\u00edl\u00e1 barva je v ide\u00e1ln\u00edm stavu a trojit\u00e9 b\u00edl\u00e9 barevn\u00e9 sch\u00e9ma je origin\u00e1ln\u00ed a vz\u00e1cn\u00e9. Kola jsou p\u016fvodn\u00ed 15palcov\u00e1 s chromovan\u00fdmi kryty n\u00e1boj\u016f obut\u00e1 do zcela nov\u00fdch (DOT 2023) a p\u0159im\u011b\u0159en\u011b velk\u00fdch (175\/70\/R15) gum.<\/p>\n<p><strong>Dokumentace<\/strong><\/p>\n<p>Soukrom\u00fd prodejce prod\u00e1v\u00e1 toto vozidlo s p\u0159\u00edslu\u0161nou dokumentac\u00ed v Nizozemsku. <strong>Nizozemsk\u00fd MOT (APK) je platn\u00fd do srpna 2024<\/strong>. Existuj\u00ed z\u00e1znamy o pravideln\u00e9 \u00fadr\u017eb\u011b, \u00fa\u010dty za prodej a \u00fa\u010dtenky. Dokumentace zahrnuje p\u016fvodn\u00ed titul majitele, prospekty, <a href=\"https:\/\/pistonaddict.com\/wp-content\/uploads\/2024\/02\/Zertificat.pdf\" target=\"blank\" rel=\"noopener\">znaleck\u00fd posudek VW classic<\/a> a registra\u010dn\u00ed doklady. Na tento model nen\u00ed k dispozici \u017e\u00e1dn\u00e1 tov\u00e1rn\u00ed z\u00e1ruka.<\/p>\n<p><strong><br \/>\nPod\u00edvejte se na video se studen\u00fdm startem tohoto kr\u00e1sn\u00e9ho kabrioletu Beetle Triple White :<\/strong><\/p>\n<p>&nbsp;<\/p>\n<p><iframe title=\"Cold Start Video of the Volkswagen Coccinelle\/Beetle Cabriolet 1.6 Triple White\" width=\"1200\" height=\"675\" src=\"https:\/\/www.youtube.com\/embed\/G0rjRvyjhRo?feature=oembed\" frameborder=\"0\" allow=\"accelerometer; autoplay; clipboard-write; encrypted-media; gyroscope; picture-in-picture; web-share\" allowfullscreen><\/iframe><\/p>\n<p><strong> <\/strong><\/p>\n","protected":false},"excerpt":{"rendered":"<p>Stejnojmenn\u00fd Brouk od Volkswagenu byl jedn\u00edm z nejobdivovan\u011bj\u0161\u00edch voz\u016f 20. stolet\u00ed a dodnes pat\u0159\u00ed mezi nejlep\u0161\u00ed startovac\u00ed klasiky. Jeho verze kabriolet je v\u0161ak mnohem vz\u00e1cn\u011bj\u0161\u00ed, chladn\u011bj\u0161\u00ed a ide\u00e1ln\u00ed pro j\u00edzdu pod \u0161ir\u00fdm nebem po pob\u0159e\u017e\u00ed s nezam\u011bniteln\u00fdm zvukem ploch\u00e9ho \u010dty\u0159v\u00e1lce. Pokud v\u00e1s okouzlily klasick\u00e9 linie Brouka, ale hled\u00e1te v\u016fz s lep\u0161\u00edmi j\u00edzdn\u00edmi vlastnostmi a v\u00fdkonem, je tento v\u016fz pro v\u00e1s ide\u00e1ln\u00ed. \u017d\u00e1dan\u011bj\u0161\u00ed, pozd\u011bj\u0161\u00ed model 1303 Cabrio s v\u00fdkonn\u011bj\u0161\u00edm motorem se vst\u0159ikov\u00e1n\u00edm paliva, p\u0159ipraven\u00fd na letn\u00ed sez\u00f3nu.<\/p>\n","protected":false},"featured_media":92677,"comment_status":"open","ping_status":"closed","template":"","meta":{"inline_featured_image":false},"product_cat":[760],"product_tag":[2946,945,2944],"acf":[],"yoast_head":"<!-- This site is optimized with the Yoast SEO plugin v22.5 - https:\/\/yoast.com\/wordpress\/plugins\/seo\/ -->\n<title>Volkswagen 1303 Cabrio Triple White Beetle - Piston Addict<\/title>\n<meta name=\"robots\" content=\"index, follow, max-snippet:-1, max-image-preview:large, max-video-preview:-1\" \/>\n<link rel=\"canonical\" href=\"https:\/\/pistonaddict.com\/cs\/product\/volkswagen-1303-convertible-triple-white-beetle\/\" \/>\n<meta property=\"og:locale\" content=\"cs_CZ\" \/>\n<meta property=\"og:type\" content=\"article\" \/>\n<meta property=\"og:title\" content=\"Volkswagen 1303 Cabrio Triple White Beetle - Piston Addict\" \/>\n<meta property=\"og:description\" content=\"Stejnojmenn\u00fd Brouk od Volkswagenu byl jedn\u00edm z nejobdivovan\u011bj\u0161\u00edch voz\u016f 20. stolet\u00ed a dodnes pat\u0159\u00ed mezi nejlep\u0161\u00ed startovac\u00ed klasiky. Jeho verze kabriolet je v\u0161ak mnohem vz\u00e1cn\u011bj\u0161\u00ed, chladn\u011bj\u0161\u00ed a ide\u00e1ln\u00ed pro j\u00edzdu pod \u0161ir\u00fdm nebem po pob\u0159e\u017e\u00ed s nezam\u011bniteln\u00fdm zvukem ploch\u00e9ho \u010dty\u0159v\u00e1lce. Pokud v\u00e1s okouzlily klasick\u00e9 linie Brouka, ale hled\u00e1te v\u016fz s lep\u0161\u00edmi j\u00edzdn\u00edmi vlastnostmi a v\u00fdkonem, je tento v\u016fz pro v\u00e1s ide\u00e1ln\u00ed. \u017d\u00e1dan\u011bj\u0161\u00ed, pozd\u011bj\u0161\u00ed model 1303 Cabrio s v\u00fdkonn\u011bj\u0161\u00edm motorem se vst\u0159ikov\u00e1n\u00edm paliva, p\u0159ipraven\u00fd na letn\u00ed sez\u00f3nu.\" \/>\n<meta property=\"og:url\" content=\"https:\/\/pistonaddict.com\/cs\/product\/volkswagen-1303-convertible-triple-white-beetle\/\" \/>\n<meta property=\"og:site_name\" content=\"Piston Addict\" \/>\n<meta property=\"article:modified_time\" content=\"2024-03-20T08:46:48+00:00\" \/>\n<meta property=\"og:image\" content=\"https:\/\/pistonaddict.com\/wp-content\/uploads\/2024\/02\/b2c02738-a5a6-4266-893c-b51da700edcd-1.jpg\" \/>\n\t<meta property=\"og:image:width\" content=\"1600\" \/>\n\t<meta property=\"og:image:height\" content=\"1200\" \/>\n\t<meta property=\"og:image:type\" content=\"image\/jpeg\" \/>\n<meta name=\"twitter:card\" content=\"summary_large_image\" \/>\n<meta name=\"twitter:label1\" content=\"Odhadovan\u00e1 doba \u010dten\u00ed\" \/>\n\t<meta name=\"twitter:data1\" content=\"3 minuty\" \/>\n<script type=\"application\/ld+json\" class=\"yoast-schema-graph\">{\"@context\":\"https:\/\/schema.org\",\"@graph\":[{\"@type\":\"WebPage\",\"@id\":\"https:\/\/pistonaddict.com\/cs\/product\/volkswagen-1303-convertible-triple-white-beetle\/\",\"url\":\"https:\/\/pistonaddict.com\/cs\/product\/volkswagen-1303-convertible-triple-white-beetle\/\",\"name\":\"Volkswagen 1303 Cabrio Triple White Beetle - Piston Addict\",\"isPartOf\":{\"@id\":\"https:\/\/pistonaddict.com\/cs\/#website\"},\"primaryImageOfPage\":{\"@id\":\"https:\/\/pistonaddict.com\/cs\/product\/volkswagen-1303-convertible-triple-white-beetle\/#primaryimage\"},\"image\":{\"@id\":\"https:\/\/pistonaddict.com\/cs\/product\/volkswagen-1303-convertible-triple-white-beetle\/#primaryimage\"},\"thumbnailUrl\":\"https:\/\/pistonaddict.com\/wp-content\/uploads\/2024\/02\/b2c02738-a5a6-4266-893c-b51da700edcd-1.jpg\",\"datePublished\":\"2024-02-23T13:19:05+00:00\",\"dateModified\":\"2024-03-20T08:46:48+00:00\",\"breadcrumb\":{\"@id\":\"https:\/\/pistonaddict.com\/cs\/product\/volkswagen-1303-convertible-triple-white-beetle\/#breadcrumb\"},\"inLanguage\":\"cs\",\"potentialAction\":[{\"@type\":\"ReadAction\",\"target\":[\"https:\/\/pistonaddict.com\/cs\/product\/volkswagen-1303-convertible-triple-white-beetle\/\"]}]},{\"@type\":\"ImageObject\",\"inLanguage\":\"cs\",\"@id\":\"https:\/\/pistonaddict.com\/cs\/product\/volkswagen-1303-convertible-triple-white-beetle\/#primaryimage\",\"url\":\"https:\/\/pistonaddict.com\/wp-content\/uploads\/2024\/02\/b2c02738-a5a6-4266-893c-b51da700edcd-1.jpg\",\"contentUrl\":\"https:\/\/pistonaddict.com\/wp-content\/uploads\/2024\/02\/b2c02738-a5a6-4266-893c-b51da700edcd-1.jpg\",\"width\":1600,\"height\":1200},{\"@type\":\"BreadcrumbList\",\"@id\":\"https:\/\/pistonaddict.com\/cs\/product\/volkswagen-1303-convertible-triple-white-beetle\/#breadcrumb\",\"itemListElement\":[{\"@type\":\"ListItem\",\"position\":1,\"name\":\"Domovsk\u00e1 str\u00e1nka\",\"item\":\"https:\/\/pistonaddict.com\/cs\/domovska-stranka-2\/\"},{\"@type\":\"ListItem\",\"position\":2,\"name\":\"Auctions\",\"item\":\"https:\/\/pistonaddict.com\/auctions-listing\/\"},{\"@type\":\"ListItem\",\"position\":3,\"name\":\"Volkswagen 1303 Cabrio Triple White Beetle\"}]},{\"@type\":\"WebSite\",\"@id\":\"https:\/\/pistonaddict.com\/cs\/#website\",\"url\":\"https:\/\/pistonaddict.com\/cs\/\",\"name\":\"Piston Addict\",\"description\":\"Only interesting vehicles\",\"publisher\":{\"@id\":\"https:\/\/pistonaddict.com\/cs\/#organization\"},\"potentialAction\":[{\"@type\":\"SearchAction\",\"target\":{\"@type\":\"EntryPoint\",\"urlTemplate\":\"https:\/\/pistonaddict.com\/cs\/?s={search_term_string}\"},\"query-input\":\"required name=search_term_string\"}],\"inLanguage\":\"cs\"},{\"@type\":\"Organization\",\"@id\":\"https:\/\/pistonaddict.com\/cs\/#organization\",\"name\":\"Piston Addict\",\"url\":\"https:\/\/pistonaddict.com\/cs\/\",\"logo\":{\"@type\":\"ImageObject\",\"inLanguage\":\"cs\",\"@id\":\"https:\/\/pistonaddict.com\/cs\/#\/schema\/logo\/image\/\",\"url\":\"https:\/\/pistonaddict.com\/wp-content\/uploads\/2022\/07\/logo-6.png\",\"contentUrl\":\"https:\/\/pistonaddict.com\/wp-content\/uploads\/2022\/07\/logo-6.png\",\"width\":970,\"height\":200,\"caption\":\"Piston Addict\"},\"image\":{\"@id\":\"https:\/\/pistonaddict.com\/cs\/#\/schema\/logo\/image\/\"}}]}<\/script>\n<!-- \/ Yoast SEO plugin. -->","yoast_head_json":{"title":"Volkswagen 1303 Cabrio Triple White Beetle - Piston Addict","robots":{"index":"index","follow":"follow","max-snippet":"max-snippet:-1","max-image-preview":"max-image-preview:large","max-video-preview":"max-video-preview:-1"},"canonical":"https:\/\/pistonaddict.com\/cs\/product\/volkswagen-1303-convertible-triple-white-beetle\/","og_locale":"cs_CZ","og_type":"article","og_title":"Volkswagen 1303 Cabrio Triple White Beetle - Piston Addict","og_description":"Stejnojmenn\u00fd Brouk od Volkswagenu byl jedn\u00edm z nejobdivovan\u011bj\u0161\u00edch voz\u016f 20. stolet\u00ed a dodnes pat\u0159\u00ed mezi nejlep\u0161\u00ed startovac\u00ed klasiky. Jeho verze kabriolet je v\u0161ak mnohem vz\u00e1cn\u011bj\u0161\u00ed, chladn\u011bj\u0161\u00ed a ide\u00e1ln\u00ed pro j\u00edzdu pod \u0161ir\u00fdm nebem po pob\u0159e\u017e\u00ed s nezam\u011bniteln\u00fdm zvukem ploch\u00e9ho \u010dty\u0159v\u00e1lce. Pokud v\u00e1s okouzlily klasick\u00e9 linie Brouka, ale hled\u00e1te v\u016fz s lep\u0161\u00edmi j\u00edzdn\u00edmi vlastnostmi a v\u00fdkonem, je tento v\u016fz pro v\u00e1s ide\u00e1ln\u00ed. \u017d\u00e1dan\u011bj\u0161\u00ed, pozd\u011bj\u0161\u00ed model 1303 Cabrio s v\u00fdkonn\u011bj\u0161\u00edm motorem se vst\u0159ikov\u00e1n\u00edm paliva, p\u0159ipraven\u00fd na letn\u00ed sez\u00f3nu.","og_url":"https:\/\/pistonaddict.com\/cs\/product\/volkswagen-1303-convertible-triple-white-beetle\/","og_site_name":"Piston Addict","article_modified_time":"2024-03-20T08:46:48+00:00","og_image":[{"width":1600,"height":1200,"url":"https:\/\/pistonaddict.com\/wp-content\/uploads\/2024\/02\/b2c02738-a5a6-4266-893c-b51da700edcd-1.jpg","type":"image\/jpeg"}],"twitter_card":"summary_large_image","twitter_misc":{"Odhadovan\u00e1 doba \u010dten\u00ed":"3 minuty"},"schema":{"@context":"https:\/\/schema.org","@graph":[{"@type":"WebPage","@id":"https:\/\/pistonaddict.com\/cs\/product\/volkswagen-1303-convertible-triple-white-beetle\/","url":"https:\/\/pistonaddict.com\/cs\/product\/volkswagen-1303-convertible-triple-white-beetle\/","name":"Volkswagen 1303 Cabrio Triple White Beetle - Piston Addict","isPartOf":{"@id":"https:\/\/pistonaddict.com\/cs\/#website"},"primaryImageOfPage":{"@id":"https:\/\/pistonaddict.com\/cs\/product\/volkswagen-1303-convertible-triple-white-beetle\/#primaryimage"},"image":{"@id":"https:\/\/pistonaddict.com\/cs\/product\/volkswagen-1303-convertible-triple-white-beetle\/#primaryimage"},"thumbnailUrl":"https:\/\/pistonaddict.com\/wp-content\/uploads\/2024\/02\/b2c02738-a5a6-4266-893c-b51da700edcd-1.jpg","datePublished":"2024-02-23T13:19:05+00:00","dateModified":"2024-03-20T08:46:48+00:00","breadcrumb":{"@id":"https:\/\/pistonaddict.com\/cs\/product\/volkswagen-1303-convertible-triple-white-beetle\/#breadcrumb"},"inLanguage":"cs","potentialAction":[{"@type":"ReadAction","target":["https:\/\/pistonaddict.com\/cs\/product\/volkswagen-1303-convertible-triple-white-beetle\/"]}]},{"@type":"ImageObject","inLanguage":"cs","@id":"https:\/\/pistonaddict.com\/cs\/product\/volkswagen-1303-convertible-triple-white-beetle\/#primaryimage","url":"https:\/\/pistonaddict.com\/wp-content\/uploads\/2024\/02\/b2c02738-a5a6-4266-893c-b51da700edcd-1.jpg","contentUrl":"https:\/\/pistonaddict.com\/wp-content\/uploads\/2024\/02\/b2c02738-a5a6-4266-893c-b51da700edcd-1.jpg","width":1600,"height":1200},{"@type":"BreadcrumbList","@id":"https:\/\/pistonaddict.com\/cs\/product\/volkswagen-1303-convertible-triple-white-beetle\/#breadcrumb","itemListElement":[{"@type":"ListItem","position":1,"name":"Domovsk\u00e1 str\u00e1nka","item":"https:\/\/pistonaddict.com\/cs\/domovska-stranka-2\/"},{"@type":"ListItem","position":2,"name":"Auctions","item":"https:\/\/pistonaddict.com\/auctions-listing\/"},{"@type":"ListItem","position":3,"name":"Volkswagen 1303 Cabrio Triple White Beetle"}]},{"@type":"WebSite","@id":"https:\/\/pistonaddict.com\/cs\/#website","url":"https:\/\/pistonaddict.com\/cs\/","name":"Piston Addict","description":"Only interesting vehicles","publisher":{"@id":"https:\/\/pistonaddict.com\/cs\/#organization"},"potentialAction":[{"@type":"SearchAction","target":{"@type":"EntryPoint","urlTemplate":"https:\/\/pistonaddict.com\/cs\/?s={search_term_string}"},"query-input":"required name=search_term_string"}],"inLanguage":"cs"},{"@type":"Organization","@id":"https:\/\/pistonaddict.com\/cs\/#organization","name":"Piston Addict","url":"https:\/\/pistonaddict.com\/cs\/","logo":{"@type":"ImageObject","inLanguage":"cs","@id":"https:\/\/pistonaddict.com\/cs\/#\/schema\/logo\/image\/","url":"https:\/\/pistonaddict.com\/wp-content\/uploads\/2022\/07\/logo-6.png","contentUrl":"https:\/\/pistonaddict.com\/wp-content\/uploads\/2022\/07\/logo-6.png","width":970,"height":200,"caption":"Piston Addict"},"image":{"@id":"https:\/\/pistonaddict.com\/cs\/#\/schema\/logo\/image\/"}}]}},"_links":{"self":[{"href":"https:\/\/pistonaddict.com\/cs\/wp-json\/wp\/v2\/product\/92876"}],"collection":[{"href":"https:\/\/pistonaddict.com\/cs\/wp-json\/wp\/v2\/product"}],"about":[{"href":"https:\/\/pistonaddict.com\/cs\/wp-json\/wp\/v2\/types\/product"}],"replies":[{"embeddable":true,"href":"https:\/\/pistonaddict.com\/cs\/wp-json\/wp\/v2\/comments?post=92876"}],"wp:featuredmedia":[{"embeddable":true,"href":"https:\/\/pistonaddict.com\/cs\/wp-json\/wp\/v2\/media\/92677"}],"wp:attachment":[{"href":"https:\/\/pistonaddict.com\/cs\/wp-json\/wp\/v2\/media?parent=92876"}],"wp:term":[{"taxonomy":"product_cat","embeddable":true,"href":"https:\/\/pistonaddict.com\/cs\/wp-json\/wp\/v2\/product_cat?post=92876"},{"taxonomy":"product_tag","embeddable":true,"href":"https:\/\/pistonaddict.com\/cs\/wp-json\/wp\/v2\/product_tag?post=92876"}],"curies":[{"name":"wp","href":"https:\/\/api.w.org\/{rel}","templated":true}]}}