{"id":89352,"date":"2024-01-31T11:03:43","date_gmt":"2024-01-31T10:03:43","guid":{"rendered":"https:\/\/pistonaddict.com\/product\/abarth-695-tributo-ferrari-no424\/"},"modified":"2024-03-20T09:45:09","modified_gmt":"2024-03-20T08:45:09","slug":"abarth-695-tributo-ferrari-no424","status":"publish","type":"product","link":"https:\/\/pistonaddict.com\/cs\/product\/abarth-695-tributo-ferrari-no424\/","title":{"rendered":"Abarth 695 Tributo Ferrari n\u00ba424"},"content":{"rendered":"<h2>Exteri\u00e9r<\/h2>\n<p>Model 695, kter\u00fd vych\u00e1z\u00ed ze slavn\u00e9ho a velmi obl\u00edben\u00e9ho Fiatu 500, asi nen\u00ed t\u0159eba p\u0159\u00edli\u0161 p\u0159edstavovat. Abarth p\u0159idal masivn\u00ed n\u00e1razn\u00edky vp\u0159edu i vzadu dopln\u011bn\u00e9 odpov\u00eddaj\u00edc\u00edmi kryty prah\u016f, zadn\u00ed spoiler a dvojit\u00fd v\u00fdfuk. A pak, aby ho je\u0161t\u011b v\u00edce ozvl\u00e1\u0161tnili, namontovali na n\u011bj detaily, jako jsou kryty zrc\u00e1tek z uhl\u00edkov\u00fdch vl\u00e1ken a poutav\u00fd n\u00e1pis <em>Tributo Ferrari<\/em> na zadn\u00edch \u010dtvrt\u00edch.<br \/>\nTento konkr\u00e9tn\u00ed Abart 695 je lakov\u00e1n v ohniv\u011b \u010derven\u00e9 barv\u011b s \u0161ed\u00fdmi z\u00e1vodn\u00edmi pruhy, kter\u00e9 za\u010d\u00ednaj\u00ed na kapot\u011b, p\u0159esahuj\u00ed st\u0159echu a kon\u010d\u00ed na zadn\u00edch dve\u0159\u00edch. O tom, jak moc se s vozem jezdilo, p\u0159esn\u011bji \u0159e\u010deno nejezdilo, nejl\u00e9pe vypov\u00eddaj\u00ed 17palcov\u00e1 kola, na kter\u00fdch jsou st\u00e1le namontov\u00e1ny tov\u00e1rn\u00ed pneumatiky Michelin Pilot.<\/p>\n<h2>Interi\u00e9r<\/h2>\n<p>Stejn\u011b jako zven\u010d\u00ed, i v interi\u00e9ru vozu se rychle projev\u00ed jeho prav\u00e1 povaha. P\u0159edn\u00ed kbel\u00edkov\u00e1 sedadla vyroben\u00e1 firmou Sabelt maj\u00ed strukturu z uhl\u00edkov\u00fdch vl\u00e1ken a jsou mimo\u0159\u00e1dn\u011b op\u011brn\u00e1. Po usednut\u00ed do nich se \u0159idi\u010d ocitne za t\u0159\u00edramenn\u00fdm ko\u017een\u00fdm volantem s \u010derven\u00fdmi akcenty a pro\u0161\u00edv\u00e1n\u00edm. Vzhledem k tomu, \u017ee se jedn\u00e1 o model s automatizovanou p\u0159evodovkou, nem\u00e1 tento Abart na st\u0159edov\u00e9 konzole \u0159adic\u00ed p\u00e1ku &#8211; m\u00edsto n\u00ed je zde pouze n\u011bkolik tla\u010d\u00edtek pro volbu zp\u00e1te\u010dky, j\u00edzdy nebo neutr\u00e1lu. Na volantu jsou v\u0161ak tak\u00e9 p\u00e1dla pro p\u0159\u00edpad, \u017ee chce \u0159idi\u010d \u0159adit ru\u010dn\u011b.<\/p>\n<p>Cel\u00fd interi\u00e9r je pokryt\u00fd n\u00e1dhern\u00fdmi detaily, jako jsou karbonov\u00e9 oblo\u017een\u00ed, klimatizace, stereo s p\u0159ipojen\u00edm USB a v\u0161ude kolem jsou n\u00e1pisy <em>Tributo Ferrari<\/em>.<\/p>\n<h2>Mechanika<\/h2>\n<p>Tento agresivn\u011b vyhl\u00ed\u017eej\u00edc\u00ed italsk\u00fd spor\u0165\u00e1k m\u00e1 1,4litrov\u00fd p\u0159epl\u0148ovan\u00fd motor, z n\u011bho\u017e se in\u017een\u00fdr\u016fm Abarthu poda\u0159ilo vym\u00e1\u010dknout ohromuj\u00edc\u00edch 180 kon\u00ed. V\u00fdkon je na p\u0159edn\u00ed kola p\u0159en\u00e1\u0161en prost\u0159ednictv\u00edm poloautomatick\u00e9 p\u0159evodovky MTA, kter\u00e1 pracuje v automatick\u00e9m i manu\u00e1ln\u00edm re\u017eimu. Je jist\u00e9, \u017ee kdy\u017e se do takto lehk\u00e9ho vozu vlo\u017e\u00ed tolik v\u00fdkonu, dos\u00e1hne se velkolep\u00fdch v\u00fdkon\u016f, nap\u0159\u00edklad maxim\u00e1ln\u00ed rychlosti v\u00edce ne\u017e 220 kilometr\u016f za hodinu. A aby to v\u0161echno bylo pod kontrolou, je tento Abarth 695 vybaven tu\u017e\u0161\u00edm odpru\u017een\u00edm a v\u011bt\u0161\u00edmi brzdami.<\/p>\n<h2>Historie vozidla<\/h2>\n<p>Profesion\u00e1ln\u00ed prodejce, kter\u00fd jej z\u00edskal teprve ned\u00e1vno, popisuje stav Abarthu jako t\u00e9m\u011b\u0159 perfektn\u00ed. Krom\u011b n\u00edzk\u00e9ho po\u010dtu najet\u00fdch kilometr\u016f byl v\u016fz naposledy servisov\u00e1n v lednu 2023, kdy byl vym\u011bn\u011bn motorov\u00fd olej. Zvenku ani zevnit\u0159 nejev\u00ed \u017e\u00e1dn\u00e9 zn\u00e1mky opot\u0159eben\u00ed, po\u0161kozen\u00ed nebo koroze, jedin\u00fdmi vizu\u00e1ln\u00edmi nedostatky jsou dva drobn\u00e9 \u0161kr\u00e1bance na prav\u00e9 stran\u011b. Ty v\u0161ak budou po prodeji vozu budouc\u00edmu majiteli bezplatn\u011b odborn\u011b opraveny.<\/p>\n<p>A kone\u010dn\u011b, podle prod\u00e1vaj\u00edc\u00edho se v\u016fz, kter\u00fd je v sou\u010dasn\u00e9 dob\u011b ve \u0160pan\u011blsku, nikdy nestal \u00fa\u010dastn\u00edkem nehody, co\u017e dokazuje odpov\u00eddaj\u00edc\u00ed zpr\u00e1va o historii vozidla <a href=\"https:\/\/pistonaddict.com\/wp-content\/uploads\/2024\/01\/carfaxAbarth695.pdf\">CARFAX<\/a>. \u0160pan\u011blsk\u00e9 MOT (ITV) pro\u0161lo a plat\u00ed do prosince 2024.<\/p>\n<p><strong>Pod\u00edvejte se na video se studen\u00fdm startem tohoto kr\u00e1sn\u00e9ho vozu Abarth 695 Tributo Ferrari :<\/strong><\/p>\n<p><iframe title=\"Cold Start Video of the Abarth 500 Tributo Ferrari\" width=\"1200\" height=\"675\" src=\"https:\/\/www.youtube.com\/embed\/lzDg2i_JYA4?feature=oembed\" frameborder=\"0\" allow=\"accelerometer; autoplay; clipboard-write; encrypted-media; gyroscope; picture-in-picture; web-share\" allowfullscreen><\/iframe><\/p>\n<p>&nbsp;<\/p>\n","protected":false},"excerpt":{"rendered":"<p>Mal\u00fd m\u011bstsk\u00fd v\u016fz nemus\u00ed b\u00fdt nutn\u011b jen praktick\u00fdm prost\u0159edkem pro pohyb ve st\u00edsn\u011bn\u00e9m prost\u0159ed\u00ed. Naopak, se spr\u00e1vnou v\u00fdbavou pod kapotou m\u016f\u017ee b\u00fdt skute\u010dnou kapesn\u00ed raketou, kter\u00e1, pokud je vhodn\u011b upravena, vypad\u00e1 tak\u00e9 \u00fa\u017easn\u011b. Jedn\u00edm z takov\u00fdch voz\u016f je Abarth 500, kter\u00fd vych\u00e1z\u00ed z velmi \u00fasp\u011b\u0161n\u00e9 reinkarnace legend\u00e1rn\u00edho modelu Fiat z 60. let. Konkr\u00e9tn\u00ed model, kter\u00fd se zde dra\u017e\u00ed, je v\u0161ak je\u0161t\u011b v\u00edce vy\u0161perkovan\u00e1 varianta Abarth 695, kter\u00e1 byla vyrobena v roce 2010 a dosud najela pouh\u00fdch 6 800 kilometr\u016f. K exkluzivit\u011b p\u0159isp\u00edv\u00e1 i to, \u017ee se jedn\u00e1 o vz\u00e1cn\u00fd model Tributo Ferrari, jeho\u017e v\u00fdrobn\u00ed po\u010det byl omezen na 1 695 kus\u016f. Pod\u00edvejme se tedy, co tento exkluzivn\u00ed a agresivn\u011b vyhl\u00ed\u017eej\u00edc\u00ed v\u016fz nab\u00edz\u00ed&#8230;<\/p>\n","protected":false},"featured_media":89369,"comment_status":"open","ping_status":"closed","template":"","meta":{"inline_featured_image":false},"product_cat":[760],"product_tag":[2910,2911,929],"acf":[],"yoast_head":"<!-- This site is optimized with the Yoast SEO plugin v22.5 - https:\/\/yoast.com\/wordpress\/plugins\/seo\/ -->\n<title>Abarth 695 Tributo Ferrari n\u00ba424 - Piston Addict<\/title>\n<meta name=\"robots\" content=\"index, follow, max-snippet:-1, max-image-preview:large, max-video-preview:-1\" \/>\n<link rel=\"canonical\" href=\"https:\/\/pistonaddict.com\/cs\/product\/abarth-695-tributo-ferrari-no424\/\" \/>\n<meta property=\"og:locale\" content=\"cs_CZ\" \/>\n<meta property=\"og:type\" content=\"article\" \/>\n<meta property=\"og:title\" content=\"Abarth 695 Tributo Ferrari n\u00ba424 - Piston Addict\" \/>\n<meta property=\"og:description\" content=\"Mal\u00fd m\u011bstsk\u00fd v\u016fz nemus\u00ed b\u00fdt nutn\u011b jen praktick\u00fdm prost\u0159edkem pro pohyb ve st\u00edsn\u011bn\u00e9m prost\u0159ed\u00ed. Naopak, se spr\u00e1vnou v\u00fdbavou pod kapotou m\u016f\u017ee b\u00fdt skute\u010dnou kapesn\u00ed raketou, kter\u00e1, pokud je vhodn\u011b upravena, vypad\u00e1 tak\u00e9 \u00fa\u017easn\u011b. Jedn\u00edm z takov\u00fdch voz\u016f je Abarth 500, kter\u00fd vych\u00e1z\u00ed z velmi \u00fasp\u011b\u0161n\u00e9 reinkarnace legend\u00e1rn\u00edho modelu Fiat z 60. let. Konkr\u00e9tn\u00ed model, kter\u00fd se zde dra\u017e\u00ed, je v\u0161ak je\u0161t\u011b v\u00edce vy\u0161perkovan\u00e1 varianta Abarth 695, kter\u00e1 byla vyrobena v roce 2010 a dosud najela pouh\u00fdch 6 800 kilometr\u016f. K exkluzivit\u011b p\u0159isp\u00edv\u00e1 i to, \u017ee se jedn\u00e1 o vz\u00e1cn\u00fd model Tributo Ferrari, jeho\u017e v\u00fdrobn\u00ed po\u010det byl omezen na 1 695 kus\u016f. Pod\u00edvejme se tedy, co tento exkluzivn\u00ed a agresivn\u011b vyhl\u00ed\u017eej\u00edc\u00ed v\u016fz nab\u00edz\u00ed...\" \/>\n<meta property=\"og:url\" content=\"https:\/\/pistonaddict.com\/cs\/product\/abarth-695-tributo-ferrari-no424\/\" \/>\n<meta property=\"og:site_name\" content=\"Piston Addict\" \/>\n<meta property=\"article:modified_time\" content=\"2024-03-20T08:45:09+00:00\" \/>\n<meta property=\"og:image\" content=\"https:\/\/pistonaddict.com\/wp-content\/uploads\/2024\/01\/IMG-20240110-WA0149-1.jpg\" \/>\n\t<meta property=\"og:image:width\" content=\"1600\" \/>\n\t<meta property=\"og:image:height\" content=\"1200\" \/>\n\t<meta property=\"og:image:type\" content=\"image\/jpeg\" \/>\n<meta name=\"twitter:card\" content=\"summary_large_image\" \/>\n<meta name=\"twitter:label1\" content=\"Odhadovan\u00e1 doba \u010dten\u00ed\" \/>\n\t<meta name=\"twitter:data1\" content=\"3 minuty\" \/>\n<script type=\"application\/ld+json\" class=\"yoast-schema-graph\">{\"@context\":\"https:\/\/schema.org\",\"@graph\":[{\"@type\":\"WebPage\",\"@id\":\"https:\/\/pistonaddict.com\/cs\/product\/abarth-695-tributo-ferrari-no424\/\",\"url\":\"https:\/\/pistonaddict.com\/cs\/product\/abarth-695-tributo-ferrari-no424\/\",\"name\":\"Abarth 695 Tributo Ferrari n\u00ba424 - Piston Addict\",\"isPartOf\":{\"@id\":\"https:\/\/pistonaddict.com\/cs\/#website\"},\"primaryImageOfPage\":{\"@id\":\"https:\/\/pistonaddict.com\/cs\/product\/abarth-695-tributo-ferrari-no424\/#primaryimage\"},\"image\":{\"@id\":\"https:\/\/pistonaddict.com\/cs\/product\/abarth-695-tributo-ferrari-no424\/#primaryimage\"},\"thumbnailUrl\":\"https:\/\/pistonaddict.com\/wp-content\/uploads\/2024\/01\/IMG-20240110-WA0149-1.jpg\",\"datePublished\":\"2024-01-31T10:03:43+00:00\",\"dateModified\":\"2024-03-20T08:45:09+00:00\",\"breadcrumb\":{\"@id\":\"https:\/\/pistonaddict.com\/cs\/product\/abarth-695-tributo-ferrari-no424\/#breadcrumb\"},\"inLanguage\":\"cs\",\"potentialAction\":[{\"@type\":\"ReadAction\",\"target\":[\"https:\/\/pistonaddict.com\/cs\/product\/abarth-695-tributo-ferrari-no424\/\"]}]},{\"@type\":\"ImageObject\",\"inLanguage\":\"cs\",\"@id\":\"https:\/\/pistonaddict.com\/cs\/product\/abarth-695-tributo-ferrari-no424\/#primaryimage\",\"url\":\"https:\/\/pistonaddict.com\/wp-content\/uploads\/2024\/01\/IMG-20240110-WA0149-1.jpg\",\"contentUrl\":\"https:\/\/pistonaddict.com\/wp-content\/uploads\/2024\/01\/IMG-20240110-WA0149-1.jpg\",\"width\":1600,\"height\":1200},{\"@type\":\"BreadcrumbList\",\"@id\":\"https:\/\/pistonaddict.com\/cs\/product\/abarth-695-tributo-ferrari-no424\/#breadcrumb\",\"itemListElement\":[{\"@type\":\"ListItem\",\"position\":1,\"name\":\"Domovsk\u00e1 str\u00e1nka\",\"item\":\"https:\/\/pistonaddict.com\/cs\/domovska-stranka-2\/\"},{\"@type\":\"ListItem\",\"position\":2,\"name\":\"Auctions\",\"item\":\"https:\/\/pistonaddict.com\/auctions-listing\/\"},{\"@type\":\"ListItem\",\"position\":3,\"name\":\"Abarth 695 Tributo Ferrari n\u00ba424\"}]},{\"@type\":\"WebSite\",\"@id\":\"https:\/\/pistonaddict.com\/cs\/#website\",\"url\":\"https:\/\/pistonaddict.com\/cs\/\",\"name\":\"Piston Addict\",\"description\":\"Only interesting vehicles\",\"publisher\":{\"@id\":\"https:\/\/pistonaddict.com\/cs\/#organization\"},\"potentialAction\":[{\"@type\":\"SearchAction\",\"target\":{\"@type\":\"EntryPoint\",\"urlTemplate\":\"https:\/\/pistonaddict.com\/cs\/?s={search_term_string}\"},\"query-input\":\"required name=search_term_string\"}],\"inLanguage\":\"cs\"},{\"@type\":\"Organization\",\"@id\":\"https:\/\/pistonaddict.com\/cs\/#organization\",\"name\":\"Piston Addict\",\"url\":\"https:\/\/pistonaddict.com\/cs\/\",\"logo\":{\"@type\":\"ImageObject\",\"inLanguage\":\"cs\",\"@id\":\"https:\/\/pistonaddict.com\/cs\/#\/schema\/logo\/image\/\",\"url\":\"https:\/\/pistonaddict.com\/wp-content\/uploads\/2022\/07\/logo-6.png\",\"contentUrl\":\"https:\/\/pistonaddict.com\/wp-content\/uploads\/2022\/07\/logo-6.png\",\"width\":970,\"height\":200,\"caption\":\"Piston Addict\"},\"image\":{\"@id\":\"https:\/\/pistonaddict.com\/cs\/#\/schema\/logo\/image\/\"}}]}<\/script>\n<!-- \/ Yoast SEO plugin. -->","yoast_head_json":{"title":"Abarth 695 Tributo Ferrari n\u00ba424 - Piston Addict","robots":{"index":"index","follow":"follow","max-snippet":"max-snippet:-1","max-image-preview":"max-image-preview:large","max-video-preview":"max-video-preview:-1"},"canonical":"https:\/\/pistonaddict.com\/cs\/product\/abarth-695-tributo-ferrari-no424\/","og_locale":"cs_CZ","og_type":"article","og_title":"Abarth 695 Tributo Ferrari n\u00ba424 - Piston Addict","og_description":"Mal\u00fd m\u011bstsk\u00fd v\u016fz nemus\u00ed b\u00fdt nutn\u011b jen praktick\u00fdm prost\u0159edkem pro pohyb ve st\u00edsn\u011bn\u00e9m prost\u0159ed\u00ed. Naopak, se spr\u00e1vnou v\u00fdbavou pod kapotou m\u016f\u017ee b\u00fdt skute\u010dnou kapesn\u00ed raketou, kter\u00e1, pokud je vhodn\u011b upravena, vypad\u00e1 tak\u00e9 \u00fa\u017easn\u011b. Jedn\u00edm z takov\u00fdch voz\u016f je Abarth 500, kter\u00fd vych\u00e1z\u00ed z velmi \u00fasp\u011b\u0161n\u00e9 reinkarnace legend\u00e1rn\u00edho modelu Fiat z 60. let. Konkr\u00e9tn\u00ed model, kter\u00fd se zde dra\u017e\u00ed, je v\u0161ak je\u0161t\u011b v\u00edce vy\u0161perkovan\u00e1 varianta Abarth 695, kter\u00e1 byla vyrobena v roce 2010 a dosud najela pouh\u00fdch 6 800 kilometr\u016f. K exkluzivit\u011b p\u0159isp\u00edv\u00e1 i to, \u017ee se jedn\u00e1 o vz\u00e1cn\u00fd model Tributo Ferrari, jeho\u017e v\u00fdrobn\u00ed po\u010det byl omezen na 1 695 kus\u016f. Pod\u00edvejme se tedy, co tento exkluzivn\u00ed a agresivn\u011b vyhl\u00ed\u017eej\u00edc\u00ed v\u016fz nab\u00edz\u00ed...","og_url":"https:\/\/pistonaddict.com\/cs\/product\/abarth-695-tributo-ferrari-no424\/","og_site_name":"Piston Addict","article_modified_time":"2024-03-20T08:45:09+00:00","og_image":[{"width":1600,"height":1200,"url":"https:\/\/pistonaddict.com\/wp-content\/uploads\/2024\/01\/IMG-20240110-WA0149-1.jpg","type":"image\/jpeg"}],"twitter_card":"summary_large_image","twitter_misc":{"Odhadovan\u00e1 doba \u010dten\u00ed":"3 minuty"},"schema":{"@context":"https:\/\/schema.org","@graph":[{"@type":"WebPage","@id":"https:\/\/pistonaddict.com\/cs\/product\/abarth-695-tributo-ferrari-no424\/","url":"https:\/\/pistonaddict.com\/cs\/product\/abarth-695-tributo-ferrari-no424\/","name":"Abarth 695 Tributo Ferrari n\u00ba424 - Piston Addict","isPartOf":{"@id":"https:\/\/pistonaddict.com\/cs\/#website"},"primaryImageOfPage":{"@id":"https:\/\/pistonaddict.com\/cs\/product\/abarth-695-tributo-ferrari-no424\/#primaryimage"},"image":{"@id":"https:\/\/pistonaddict.com\/cs\/product\/abarth-695-tributo-ferrari-no424\/#primaryimage"},"thumbnailUrl":"https:\/\/pistonaddict.com\/wp-content\/uploads\/2024\/01\/IMG-20240110-WA0149-1.jpg","datePublished":"2024-01-31T10:03:43+00:00","dateModified":"2024-03-20T08:45:09+00:00","breadcrumb":{"@id":"https:\/\/pistonaddict.com\/cs\/product\/abarth-695-tributo-ferrari-no424\/#breadcrumb"},"inLanguage":"cs","potentialAction":[{"@type":"ReadAction","target":["https:\/\/pistonaddict.com\/cs\/product\/abarth-695-tributo-ferrari-no424\/"]}]},{"@type":"ImageObject","inLanguage":"cs","@id":"https:\/\/pistonaddict.com\/cs\/product\/abarth-695-tributo-ferrari-no424\/#primaryimage","url":"https:\/\/pistonaddict.com\/wp-content\/uploads\/2024\/01\/IMG-20240110-WA0149-1.jpg","contentUrl":"https:\/\/pistonaddict.com\/wp-content\/uploads\/2024\/01\/IMG-20240110-WA0149-1.jpg","width":1600,"height":1200},{"@type":"BreadcrumbList","@id":"https:\/\/pistonaddict.com\/cs\/product\/abarth-695-tributo-ferrari-no424\/#breadcrumb","itemListElement":[{"@type":"ListItem","position":1,"name":"Domovsk\u00e1 str\u00e1nka","item":"https:\/\/pistonaddict.com\/cs\/domovska-stranka-2\/"},{"@type":"ListItem","position":2,"name":"Auctions","item":"https:\/\/pistonaddict.com\/auctions-listing\/"},{"@type":"ListItem","position":3,"name":"Abarth 695 Tributo Ferrari n\u00ba424"}]},{"@type":"WebSite","@id":"https:\/\/pistonaddict.com\/cs\/#website","url":"https:\/\/pistonaddict.com\/cs\/","name":"Piston Addict","description":"Only interesting vehicles","publisher":{"@id":"https:\/\/pistonaddict.com\/cs\/#organization"},"potentialAction":[{"@type":"SearchAction","target":{"@type":"EntryPoint","urlTemplate":"https:\/\/pistonaddict.com\/cs\/?s={search_term_string}"},"query-input":"required name=search_term_string"}],"inLanguage":"cs"},{"@type":"Organization","@id":"https:\/\/pistonaddict.com\/cs\/#organization","name":"Piston Addict","url":"https:\/\/pistonaddict.com\/cs\/","logo":{"@type":"ImageObject","inLanguage":"cs","@id":"https:\/\/pistonaddict.com\/cs\/#\/schema\/logo\/image\/","url":"https:\/\/pistonaddict.com\/wp-content\/uploads\/2022\/07\/logo-6.png","contentUrl":"https:\/\/pistonaddict.com\/wp-content\/uploads\/2022\/07\/logo-6.png","width":970,"height":200,"caption":"Piston Addict"},"image":{"@id":"https:\/\/pistonaddict.com\/cs\/#\/schema\/logo\/image\/"}}]}},"_links":{"self":[{"href":"https:\/\/pistonaddict.com\/cs\/wp-json\/wp\/v2\/product\/89352"}],"collection":[{"href":"https:\/\/pistonaddict.com\/cs\/wp-json\/wp\/v2\/product"}],"about":[{"href":"https:\/\/pistonaddict.com\/cs\/wp-json\/wp\/v2\/types\/product"}],"replies":[{"embeddable":true,"href":"https:\/\/pistonaddict.com\/cs\/wp-json\/wp\/v2\/comments?post=89352"}],"wp:featuredmedia":[{"embeddable":true,"href":"https:\/\/pistonaddict.com\/cs\/wp-json\/wp\/v2\/media\/89369"}],"wp:attachment":[{"href":"https:\/\/pistonaddict.com\/cs\/wp-json\/wp\/v2\/media?parent=89352"}],"wp:term":[{"taxonomy":"product_cat","embeddable":true,"href":"https:\/\/pistonaddict.com\/cs\/wp-json\/wp\/v2\/product_cat?post=89352"},{"taxonomy":"product_tag","embeddable":true,"href":"https:\/\/pistonaddict.com\/cs\/wp-json\/wp\/v2\/product_tag?post=89352"}],"curies":[{"name":"wp","href":"https:\/\/api.w.org\/{rel}","templated":true}]}}