{"id":79063,"date":"2023-12-13T14:41:14","date_gmt":"2023-12-13T13:41:14","guid":{"rendered":"https:\/\/pistonaddict.com\/product\/alpine-a110\/"},"modified":"2024-03-20T09:42:32","modified_gmt":"2024-03-20T08:42:32","slug":"alpine-a110","status":"publish","type":"product","link":"https:\/\/pistonaddict.com\/cs\/product\/alpine-a110\/","title":{"rendered":"Alpine A110"},"content":{"rendered":"<p><strong>Historie vozu<\/strong><\/p>\n<p>Pro generace milovn\u00edk\u016f sportovn\u00edch voz\u016f, kte\u0159\u00ed vyr\u016fstali v 60. a 70. letech, je jm\u00e9no Alpine synonymem pro \u0161ampion\u00e1ty v rallye, vysok\u00fd v\u00fdkon a nep\u0159ekonatelnou p\u0159\u00edtomnost na silnici. P\u0159esto\u017ee Alpine pou\u017e\u00edvala standardn\u00ed komponenty Renault, vozy m\u011bly t\u00e9m\u011b\u0159 supersportovn\u00ed vzhled a byly obl\u00edben\u00e9 u nad\u0161enc\u016f pro sv\u016fj vzhled a j\u00edzdn\u00ed dynamiku. Na za\u010d\u00e1tku 90. let v\u0161ak zna\u010dka zanikla a v\u0161ichni krom\u011b nejzaryt\u011bj\u0161\u00edch fanou\u0161k\u016f na ni t\u00e9m\u011b\u0159 zapomn\u011bli. Renault na\u0161t\u011bst\u00ed pochopil, jak v\u00fdznamn\u00fd je potenci\u00e1l tohoto legend\u00e1rn\u00edho jm\u00e9na, a investoval velk\u00e9 prost\u0159edky do zcela nov\u00e9ho modelu s kompletn\u00ed hlin\u00edkovou karoseri\u00ed, motorem um\u00edst\u011bn\u00fdm uprost\u0159ed a svi\u017enou dvouspojkovou p\u0159evodovkou. Spojen\u00edm ikonick\u00e9ho a retro-futuristick\u00e9ho vzhledu s motorem Clio RS a na m\u00edru upraven\u00fdm nastaven\u00edm karoserie a odpru\u017een\u00ed vznikla okam\u017eit\u00e1 klasika a pravd\u011bpodobn\u011b nejlep\u0161\u00ed sportovn\u00ed v\u016fz desetilet\u00ed. P\u0159epl\u0148ovan\u00fd 1,8litrov\u00fd motor, kter\u00fd p\u0159en\u00e1\u0161\u00ed v\u00fdkon na zadn\u00ed kola, dok\u00e1\u017ee tento n\u00e1dhern\u00fd dvoum\u00edstn\u00fd v\u016fz zrychlit na 100 km\/h za 4,5 sekundy. \u010c\u00edsla v\u0161ak tomuto vozu nesv\u011bd\u010d\u00ed. Alpine A110 s pohotovostn\u00ed hmotnost\u00ed jen o m\u00e1lo vy\u0161\u0161\u00ed ne\u017e jedna tuna prol\u00e9t\u00e1v\u00e1 zat\u00e1\u010dkami a \u0159\u00edd\u00ed se jako sen. Pr\u00e1v\u011b d\u00edky bezkonkuren\u010dn\u00ed j\u00edzdn\u00ed dynamice je mil\u00e1\u010dkem mnoha \u010dasopisov\u00fdch recenz\u00ed.<\/p>\n<p><strong>Interi\u00e9r<\/strong><\/p>\n<p>Vzhledem k tomu, \u017ee tento model je relativn\u011b nov\u00fd a m\u00e1 m\u00e1lo najeto, je ko\u017een\u00fd interi\u00e9r ve stavu jako nov\u00fd bez zn\u00e1mek opot\u0159eben\u00ed. Zku\u0161en\u00ed z\u00e1kazn\u00edci si v\u0161imnou, \u017ee jsou p\u0159\u00edtomna voliteln\u00e1 sedadla &#8220;GT&#8221;, co\u017e je v\u00edtan\u00fd dopln\u011bk, a tak\u00e9 n\u011bkter\u00e9 karbonov\u00e9 ozdobn\u00e9 prvky pro vzhled motorsportu. D\u016fle\u017eit\u00fd je v\u0161ak pr\u00e9miov\u00fd audiosyst\u00e9m Focal, kter\u00fd je vz\u00e1cnou volbou.<\/p>\n<p><strong>Stav<\/strong><\/p>\n<p>Tento konkr\u00e9tn\u00ed exempl\u00e1\u0159 byl dod\u00e1n jako nov\u00fd v roce 2021 a od t\u00e9 doby najel n\u011bco m\u00e1lo p\u0159es 30 000 km. Je to dob\u0159e udr\u017eovan\u00fd v\u016fz, kter\u00fd byl pou\u017e\u00edv\u00e1n pro radost z j\u00edzdy, stejn\u011b jako si ho jeho konstrukt\u00e9\u0159i vymysleli. Nikdy nebyl sledov\u00e1n ani po\u0161kozen dv\u011bma starostliv\u00fdmi majiteli od nov\u00e9ho vozu. P\u016fvodn\u00edm majitelem byl obchodn\u00ed \u0159editel spole\u010dnosti Alpine Spain. Posledn\u00ed servisn\u00ed prohl\u00eddka prob\u011bhla v listopadu 2023, p\u0159i\u010dem\u017e brzdy pro\u0161ly gener\u00e1ln\u00ed opravou teprve ned\u00e1vno, v prosinci 2023. P\u0159edchoz\u00ed v\u00fdm\u011bna oleje byla provedena v z\u00e1\u0159\u00ed. <strong>Tento v\u016fz Alpine A110 je st\u00e1le v tov\u00e1rn\u00ed z\u00e1ruce do listopadu 2024, tak\u017ee ve\u0161kerou \u00fadr\u017ebu prov\u00e1d\u011bl ofici\u00e1ln\u00ed servis ve \u0160pan\u011blsku<\/strong>.<\/p>\n<p><strong> <\/strong><strong>Exteri\u00e9r a kola<\/strong><\/p>\n<p>Tento v\u016fz Alpine A110, lakovan\u00fd v b\u00edl\u00e9 barv\u011b s velmi zaj\u00edmav\u00fdm grafick\u00fdm paketem, m\u00e1 jedine\u010dn\u00fd vzhled se speci\u00e1ln\u00edmi 18palcov\u00fdmi koly ur\u010den\u00fdmi pouze pro Alpine. Karoserie je bez po\u0161kozen\u00ed, \u0161kr\u00e1banc\u016f a pneumatiky jsou ve slu\u0161n\u00e9m stavu, podle prod\u00e1vaj\u00edc\u00edho jsou ojet\u00e9 z 50 %. Jedn\u00e1 se o pneumatiky Michelin Pilot Sport, kter\u00e9 byly vyrobeny koncem roku 2021.<\/p>\n<p><strong>Dokumentace<\/strong><\/p>\n<p>Prodejce prod\u00e1v\u00e1 toto vozidlo s p\u0159\u00edslu\u0161nou dokumentac\u00ed ve \u0160pan\u011blsku. <a href=\"https:\/\/pistonaddict.com\/wp-content\/uploads\/2023\/12\/AlpineA110.pdf\">Zpr\u00e1va CarFax<\/a> je \u010dist\u00e1; neexistuj\u00ed \u017e\u00e1dn\u00e9 doklady o nehod\u00e1ch, oprav\u00e1ch po nehod\u00e1ch, vlastnictv\u00ed nebo pr\u00e1vn\u00edch probl\u00e9mech. Existuj\u00ed z\u00e1znamy o pravideln\u00e9 \u00fadr\u017eb\u011b, \u00fa\u010dty za prodej a \u00fa\u010dtenky. Na tento model Alpine A110 se st\u00e1le vztahuje tov\u00e1rn\u00ed z\u00e1ruka, kter\u00e1 je p\u0159enosn\u00e1 na dal\u0161\u00edho majitele.<\/p>\n<p><strong>Pod\u00edvejte se na video se studen\u00fdm startem t\u00e9to kr\u00e1sn\u00e9 Alpine A110 :<\/strong><\/p>\n<p><iframe title=\"Cold Start Video of this great Alpine A110 for auction sale\" width=\"1200\" height=\"675\" src=\"https:\/\/www.youtube.com\/embed\/FlqeDNY4UtI?feature=oembed\" frameborder=\"0\" allow=\"accelerometer; autoplay; clipboard-write; encrypted-media; gyroscope; picture-in-picture; web-share\" allowfullscreen><\/iframe><\/p>\n","protected":false},"excerpt":{"rendered":"<p>Nej\u017ehav\u011bj\u0161\u00edm sportovn\u00edm vozem posledn\u00edch let nen\u00ed Ferrari, Lamborghini ani McLaren. Jedn\u00e1 se o Alpine A110 s na m\u00edru vyrobenou, velmi lehkou karoseri\u00ed, svi\u017en\u00fdm p\u0159epl\u0148ovan\u00fdm \u010dty\u0159v\u00e1lcem a \u017eiv\u00fdm v\u00fdkonem. Tento dvoum\u00edstn\u00fd v\u016fz p\u0159ipomn\u011bl fanou\u0161k\u016fm sportovn\u00edch voz\u016f, co je to j\u00edzda, a triumf\u00e1ln\u011b vr\u00e1til legend\u00e1rn\u00ed zna\u010dku na trh. Dnes v\u00e1m s hrdost\u00ed p\u0159edstavujeme jeden z nejlep\u0161\u00edch exempl\u00e1\u0159\u016f tohoto velmi vlivn\u00e9ho sportovn\u00edho vozu.<\/p>\n","protected":false},"featured_media":78349,"comment_status":"open","ping_status":"closed","template":"","meta":{"inline_featured_image":false},"product_cat":[760],"product_tag":[2832,2827,929],"acf":[],"yoast_head":"<!-- This site is optimized with the Yoast SEO plugin v22.5 - https:\/\/yoast.com\/wordpress\/plugins\/seo\/ -->\n<title>Alpine A110 aukce - Piston Addict<\/title>\n<meta name=\"robots\" content=\"index, follow, max-snippet:-1, max-image-preview:large, max-video-preview:-1\" \/>\n<link rel=\"canonical\" href=\"https:\/\/pistonaddict.com\/cs\/product\/alpine-a110\/\" \/>\n<meta property=\"og:locale\" content=\"cs_CZ\" \/>\n<meta property=\"og:type\" content=\"article\" \/>\n<meta property=\"og:title\" content=\"Alpine A110 aukce - Piston Addict\" \/>\n<meta property=\"og:description\" content=\"Nej\u017ehav\u011bj\u0161\u00edm sportovn\u00edm vozem posledn\u00edch let nen\u00ed Ferrari, Lamborghini ani McLaren. Jedn\u00e1 se o Alpine A110 s na m\u00edru vyrobenou, velmi lehkou karoseri\u00ed, svi\u017en\u00fdm p\u0159epl\u0148ovan\u00fdm \u010dty\u0159v\u00e1lcem a \u017eiv\u00fdm v\u00fdkonem. Tento dvoum\u00edstn\u00fd v\u016fz p\u0159ipomn\u011bl fanou\u0161k\u016fm sportovn\u00edch voz\u016f, co je to j\u00edzda, a triumf\u00e1ln\u011b vr\u00e1til legend\u00e1rn\u00ed zna\u010dku na trh. Dnes v\u00e1m s hrdost\u00ed p\u0159edstavujeme jeden z nejlep\u0161\u00edch exempl\u00e1\u0159\u016f tohoto velmi vlivn\u00e9ho sportovn\u00edho vozu.\" \/>\n<meta property=\"og:url\" content=\"https:\/\/pistonaddict.com\/cs\/product\/alpine-a110\/\" \/>\n<meta property=\"og:site_name\" content=\"Piston Addict\" \/>\n<meta property=\"article:modified_time\" content=\"2024-03-20T08:42:32+00:00\" \/>\n<meta property=\"og:image\" content=\"https:\/\/pistonaddict.com\/wp-content\/uploads\/2023\/12\/4517LTW_01.jpg\" \/>\n\t<meta property=\"og:image:width\" content=\"1440\" \/>\n\t<meta property=\"og:image:height\" content=\"1080\" \/>\n\t<meta property=\"og:image:type\" content=\"image\/jpeg\" \/>\n<meta name=\"twitter:card\" content=\"summary_large_image\" \/>\n<meta name=\"twitter:label1\" content=\"Odhadovan\u00e1 doba \u010dten\u00ed\" \/>\n\t<meta name=\"twitter:data1\" content=\"3 minuty\" \/>\n<script type=\"application\/ld+json\" class=\"yoast-schema-graph\">{\"@context\":\"https:\/\/schema.org\",\"@graph\":[{\"@type\":\"WebPage\",\"@id\":\"https:\/\/pistonaddict.com\/cs\/product\/alpine-a110\/\",\"url\":\"https:\/\/pistonaddict.com\/cs\/product\/alpine-a110\/\",\"name\":\"Alpine A110 aukce - Piston Addict\",\"isPartOf\":{\"@id\":\"https:\/\/pistonaddict.com\/cs\/#website\"},\"primaryImageOfPage\":{\"@id\":\"https:\/\/pistonaddict.com\/cs\/product\/alpine-a110\/#primaryimage\"},\"image\":{\"@id\":\"https:\/\/pistonaddict.com\/cs\/product\/alpine-a110\/#primaryimage\"},\"thumbnailUrl\":\"https:\/\/pistonaddict.com\/wp-content\/uploads\/2023\/12\/4517LTW_01.jpg\",\"datePublished\":\"2023-12-13T13:41:14+00:00\",\"dateModified\":\"2024-03-20T08:42:32+00:00\",\"breadcrumb\":{\"@id\":\"https:\/\/pistonaddict.com\/cs\/product\/alpine-a110\/#breadcrumb\"},\"inLanguage\":\"cs\",\"potentialAction\":[{\"@type\":\"ReadAction\",\"target\":[\"https:\/\/pistonaddict.com\/cs\/product\/alpine-a110\/\"]}]},{\"@type\":\"ImageObject\",\"inLanguage\":\"cs\",\"@id\":\"https:\/\/pistonaddict.com\/cs\/product\/alpine-a110\/#primaryimage\",\"url\":\"https:\/\/pistonaddict.com\/wp-content\/uploads\/2023\/12\/4517LTW_01.jpg\",\"contentUrl\":\"https:\/\/pistonaddict.com\/wp-content\/uploads\/2023\/12\/4517LTW_01.jpg\",\"width\":1440,\"height\":1080},{\"@type\":\"BreadcrumbList\",\"@id\":\"https:\/\/pistonaddict.com\/cs\/product\/alpine-a110\/#breadcrumb\",\"itemListElement\":[{\"@type\":\"ListItem\",\"position\":1,\"name\":\"Domovsk\u00e1 str\u00e1nka\",\"item\":\"https:\/\/pistonaddict.com\/cs\/domovska-stranka-2\/\"},{\"@type\":\"ListItem\",\"position\":2,\"name\":\"Auctions\",\"item\":\"https:\/\/pistonaddict.com\/auctions-listing\/\"},{\"@type\":\"ListItem\",\"position\":3,\"name\":\"Alpine A110\"}]},{\"@type\":\"WebSite\",\"@id\":\"https:\/\/pistonaddict.com\/cs\/#website\",\"url\":\"https:\/\/pistonaddict.com\/cs\/\",\"name\":\"Piston Addict\",\"description\":\"Only interesting vehicles\",\"publisher\":{\"@id\":\"https:\/\/pistonaddict.com\/cs\/#organization\"},\"potentialAction\":[{\"@type\":\"SearchAction\",\"target\":{\"@type\":\"EntryPoint\",\"urlTemplate\":\"https:\/\/pistonaddict.com\/cs\/?s={search_term_string}\"},\"query-input\":\"required name=search_term_string\"}],\"inLanguage\":\"cs\"},{\"@type\":\"Organization\",\"@id\":\"https:\/\/pistonaddict.com\/cs\/#organization\",\"name\":\"Piston Addict\",\"url\":\"https:\/\/pistonaddict.com\/cs\/\",\"logo\":{\"@type\":\"ImageObject\",\"inLanguage\":\"cs\",\"@id\":\"https:\/\/pistonaddict.com\/cs\/#\/schema\/logo\/image\/\",\"url\":\"https:\/\/pistonaddict.com\/wp-content\/uploads\/2022\/07\/logo-6.png\",\"contentUrl\":\"https:\/\/pistonaddict.com\/wp-content\/uploads\/2022\/07\/logo-6.png\",\"width\":970,\"height\":200,\"caption\":\"Piston Addict\"},\"image\":{\"@id\":\"https:\/\/pistonaddict.com\/cs\/#\/schema\/logo\/image\/\"}}]}<\/script>\n<!-- \/ Yoast SEO plugin. -->","yoast_head_json":{"title":"Alpine A110 aukce - Piston Addict","robots":{"index":"index","follow":"follow","max-snippet":"max-snippet:-1","max-image-preview":"max-image-preview:large","max-video-preview":"max-video-preview:-1"},"canonical":"https:\/\/pistonaddict.com\/cs\/product\/alpine-a110\/","og_locale":"cs_CZ","og_type":"article","og_title":"Alpine A110 aukce - Piston Addict","og_description":"Nej\u017ehav\u011bj\u0161\u00edm sportovn\u00edm vozem posledn\u00edch let nen\u00ed Ferrari, Lamborghini ani McLaren. Jedn\u00e1 se o Alpine A110 s na m\u00edru vyrobenou, velmi lehkou karoseri\u00ed, svi\u017en\u00fdm p\u0159epl\u0148ovan\u00fdm \u010dty\u0159v\u00e1lcem a \u017eiv\u00fdm v\u00fdkonem. Tento dvoum\u00edstn\u00fd v\u016fz p\u0159ipomn\u011bl fanou\u0161k\u016fm sportovn\u00edch voz\u016f, co je to j\u00edzda, a triumf\u00e1ln\u011b vr\u00e1til legend\u00e1rn\u00ed zna\u010dku na trh. Dnes v\u00e1m s hrdost\u00ed p\u0159edstavujeme jeden z nejlep\u0161\u00edch exempl\u00e1\u0159\u016f tohoto velmi vlivn\u00e9ho sportovn\u00edho vozu.","og_url":"https:\/\/pistonaddict.com\/cs\/product\/alpine-a110\/","og_site_name":"Piston Addict","article_modified_time":"2024-03-20T08:42:32+00:00","og_image":[{"width":1440,"height":1080,"url":"https:\/\/pistonaddict.com\/wp-content\/uploads\/2023\/12\/4517LTW_01.jpg","type":"image\/jpeg"}],"twitter_card":"summary_large_image","twitter_misc":{"Odhadovan\u00e1 doba \u010dten\u00ed":"3 minuty"},"schema":{"@context":"https:\/\/schema.org","@graph":[{"@type":"WebPage","@id":"https:\/\/pistonaddict.com\/cs\/product\/alpine-a110\/","url":"https:\/\/pistonaddict.com\/cs\/product\/alpine-a110\/","name":"Alpine A110 aukce - Piston Addict","isPartOf":{"@id":"https:\/\/pistonaddict.com\/cs\/#website"},"primaryImageOfPage":{"@id":"https:\/\/pistonaddict.com\/cs\/product\/alpine-a110\/#primaryimage"},"image":{"@id":"https:\/\/pistonaddict.com\/cs\/product\/alpine-a110\/#primaryimage"},"thumbnailUrl":"https:\/\/pistonaddict.com\/wp-content\/uploads\/2023\/12\/4517LTW_01.jpg","datePublished":"2023-12-13T13:41:14+00:00","dateModified":"2024-03-20T08:42:32+00:00","breadcrumb":{"@id":"https:\/\/pistonaddict.com\/cs\/product\/alpine-a110\/#breadcrumb"},"inLanguage":"cs","potentialAction":[{"@type":"ReadAction","target":["https:\/\/pistonaddict.com\/cs\/product\/alpine-a110\/"]}]},{"@type":"ImageObject","inLanguage":"cs","@id":"https:\/\/pistonaddict.com\/cs\/product\/alpine-a110\/#primaryimage","url":"https:\/\/pistonaddict.com\/wp-content\/uploads\/2023\/12\/4517LTW_01.jpg","contentUrl":"https:\/\/pistonaddict.com\/wp-content\/uploads\/2023\/12\/4517LTW_01.jpg","width":1440,"height":1080},{"@type":"BreadcrumbList","@id":"https:\/\/pistonaddict.com\/cs\/product\/alpine-a110\/#breadcrumb","itemListElement":[{"@type":"ListItem","position":1,"name":"Domovsk\u00e1 str\u00e1nka","item":"https:\/\/pistonaddict.com\/cs\/domovska-stranka-2\/"},{"@type":"ListItem","position":2,"name":"Auctions","item":"https:\/\/pistonaddict.com\/auctions-listing\/"},{"@type":"ListItem","position":3,"name":"Alpine A110"}]},{"@type":"WebSite","@id":"https:\/\/pistonaddict.com\/cs\/#website","url":"https:\/\/pistonaddict.com\/cs\/","name":"Piston Addict","description":"Only interesting vehicles","publisher":{"@id":"https:\/\/pistonaddict.com\/cs\/#organization"},"potentialAction":[{"@type":"SearchAction","target":{"@type":"EntryPoint","urlTemplate":"https:\/\/pistonaddict.com\/cs\/?s={search_term_string}"},"query-input":"required name=search_term_string"}],"inLanguage":"cs"},{"@type":"Organization","@id":"https:\/\/pistonaddict.com\/cs\/#organization","name":"Piston Addict","url":"https:\/\/pistonaddict.com\/cs\/","logo":{"@type":"ImageObject","inLanguage":"cs","@id":"https:\/\/pistonaddict.com\/cs\/#\/schema\/logo\/image\/","url":"https:\/\/pistonaddict.com\/wp-content\/uploads\/2022\/07\/logo-6.png","contentUrl":"https:\/\/pistonaddict.com\/wp-content\/uploads\/2022\/07\/logo-6.png","width":970,"height":200,"caption":"Piston Addict"},"image":{"@id":"https:\/\/pistonaddict.com\/cs\/#\/schema\/logo\/image\/"}}]}},"_links":{"self":[{"href":"https:\/\/pistonaddict.com\/cs\/wp-json\/wp\/v2\/product\/79063"}],"collection":[{"href":"https:\/\/pistonaddict.com\/cs\/wp-json\/wp\/v2\/product"}],"about":[{"href":"https:\/\/pistonaddict.com\/cs\/wp-json\/wp\/v2\/types\/product"}],"replies":[{"embeddable":true,"href":"https:\/\/pistonaddict.com\/cs\/wp-json\/wp\/v2\/comments?post=79063"}],"wp:featuredmedia":[{"embeddable":true,"href":"https:\/\/pistonaddict.com\/cs\/wp-json\/wp\/v2\/media\/78349"}],"wp:attachment":[{"href":"https:\/\/pistonaddict.com\/cs\/wp-json\/wp\/v2\/media?parent=79063"}],"wp:term":[{"taxonomy":"product_cat","embeddable":true,"href":"https:\/\/pistonaddict.com\/cs\/wp-json\/wp\/v2\/product_cat?post=79063"},{"taxonomy":"product_tag","embeddable":true,"href":"https:\/\/pistonaddict.com\/cs\/wp-json\/wp\/v2\/product_tag?post=79063"}],"curies":[{"name":"wp","href":"https:\/\/api.w.org\/{rel}","templated":true}]}}