{"id":78316,"date":"2023-12-13T10:17:52","date_gmt":"2023-12-13T09:17:52","guid":{"rendered":"https:\/\/pistonaddict.com\/product\/fisker-karma-signature-edition\/"},"modified":"2024-03-20T09:42:44","modified_gmt":"2024-03-20T08:42:44","slug":"fisker-karma-signature-edition","status":"publish","type":"product","link":"https:\/\/pistonaddict.com\/cs\/product\/fisker-karma-signature-edition\/","title":{"rendered":"Fisker Karma Signature Edition"},"content":{"rendered":"<p><strong>Historie vozu<\/strong><\/p>\n<p>P\u0159ed p\u0159\u00edchodem modelu Karma na trh v roce 2011 byly hybridy pom\u011brn\u011b nudn\u00e9 a nezaj\u00edmav\u00e9 vozy. Pak ale Fisker p\u0159edstavil model Karma s poutav\u00fdm designem, n\u00edzkou siluetou, svalnat\u00fdm postojem a jedine\u010dn\u00fdmi tvary. Bylo a st\u00e1le je to n\u011bco mimo\u0159\u00e1dn\u00e9ho. Pod sv\u016fdnou karoseri\u00ed se skr\u00fdv\u00e1 \u0159ada inovativn\u00edch technologi\u00ed. Hlavn\u00edm motorem je p\u0159epl\u0148ovan\u00fd 2,0litrov\u00fd motor od GM o v\u00fdkonu 260 kon\u00ed a dva elektromotory na zadn\u00ed n\u00e1prav\u011b. Akumul\u00e1tor o kapacit\u011b 20,1 kWh nap\u00e1j\u00ed elektromotory o v\u00fdkonu 120 kW (403 k).<\/p>\n<p>Zaj\u00edmav\u00e9 je, \u017ee baterie jsou um\u00edst\u011bny uprost\u0159ed vozu, tak\u017ee Karma m\u00e1 n\u00edzk\u00e9 t\u011b\u017ei\u0161t\u011b a v\u00fdborn\u011b dr\u017e\u00ed na silnici. Jedine\u010dn\u00fd je tak\u00e9 princip pr\u00e1ce. Vozidlo s automatickou p\u0159evodovkou m\u011blo dojezd p\u0159ibli\u017en\u011b 80 km pouze na elektrickou energii. Kdy\u017e se v\u0161ak baterie vybij\u00ed, \u0159idi\u010d aktivuje benzinov\u00fd motor, kter\u00fd poh\u00e1n\u00ed gener\u00e1tor nap\u00e1jej\u00edc\u00ed elektromotory. Karma je tedy benzinovo-elektrick\u00fd hybrid s velk\u00fdm d\u016frazem na elektrickou \u010d\u00e1st. Tento model byl dod\u00e1n \u010dlenu rodiny Fisker\u016f a jednomu z p\u016fvodn\u00edch investor\u016f, co\u017e z n\u011bj \u010din\u00ed mimo\u0159\u00e1dnou sou\u010d\u00e1st historie spole\u010dnosti.<\/p>\n<p><strong>Interi\u00e9r<\/strong><\/p>\n<p>Interi\u00e9r tohoto konkr\u00e9tn\u00edho exempl\u00e1\u0159e se vyzna\u010duje kombinac\u00ed \u010dern\u00e9 a hn\u011bd\u00e9 k\u016f\u017ee, co\u017e z n\u011bj \u010din\u00ed okouzluj\u00edc\u00ed m\u00edsto. Na sedadlech nejsou \u017e\u00e1dn\u00e9 \u0161kr\u00e1bance a v\u0161e je funk\u010dn\u00ed. Na p\u0159\u00e1n\u00ed je vybaven informa\u010dn\u00edm a z\u00e1bavn\u00edm syst\u00e9mem s displejem na palubn\u00ed desce.<\/p>\n<p><strong>Stav<\/strong><\/p>\n<p>S 80 000 km, kompletn\u00ed servisn\u00ed histori\u00ed, pouze jedn\u00edm majitelem je tato Karma v ide\u00e1ln\u00edm stavu. Nem\u00e1 \u017e\u00e1dn\u00e9 nehody ani po\u0161kozen\u00ed a interi\u00e9r je ve stavu nov\u00e9ho vozu. Zaj\u00edmavost\u00ed je, \u017ee Karma je vybavena st\u0159echou se sol\u00e1rn\u00edmi panely, kter\u00e9 p\u0159em\u011b\u0148uj\u00ed slune\u010dn\u00ed energii na elekt\u0159inu a v p\u0159\u00edpad\u011b pot\u0159eby vyp\u00ednaj\u00ed baterii. V tomto p\u0159\u00edkladu je sol\u00e1rn\u00ed st\u0159echa p\u0159\u00edtomna a je v bezvadn\u00e9m stavu. <strong>Tento konkr\u00e9tn\u00ed exempl\u00e1\u0159 je \u010d. 61 ze 100 vyroben\u00fdch s paketem Signature Edition<\/strong>, co\u017e je z\u00e1sadn\u00ed, proto\u017ee jeho historii lze sledovat v r\u00e1mci komunity Fisker. Vzhledem k tomu, \u017ee tento exempl\u00e1\u0159 m\u00e1 historick\u00fd v\u00fdznam, byl servisov\u00e1n jedn\u00edm z nejlep\u0161\u00edch specialist\u016f na vozy Fisker na sv\u011bt\u011b a jsou k dispozici z\u00e1znamy o pravideln\u00e9 \u00fadr\u017eb\u011b. Posledn\u00ed servisn\u00ed prohl\u00eddka a v\u00fdm\u011bna oleje prob\u011bhla v \u0159\u00edjnu 2023 a brzdy byly opraveny teprve p\u0159ed n\u011bkolika dny v prosinci 2023.<\/p>\n<p><strong>Exteri\u00e9r a kola<\/strong><\/p>\n<p>Jedine\u010dn\u00fd st\u0159\u00edbrn\u00fd lak dokonale lad\u00ed s dvoubarevn\u00fdm interi\u00e9rem bez \u0161kr\u00e1banc\u016f a prom\u00e1\u010dklin. V\u016fz bude dod\u00e1n s 21palcov\u00fdmi zimn\u00edmi pneumatikami v perfektn\u00edm stavu. 22palcov\u00e1 kola s letn\u00edmi pneumatikami jsou za p\u0159\u00edplatek. Pneumatiky jsou z roku 2023.<\/p>\n<p><strong>Dokumentace<\/strong><\/p>\n<p>Soukrom\u00fd prodejce prod\u00e1v\u00e1 toto vozidlo s p\u0159\u00edslu\u0161nou dokumentac\u00ed v N\u011bmecku. Zpr\u00e1va <a href=\"https:\/\/pistonaddict.com\/wp-content\/uploads\/2023\/12\/FiskerKarma.pdf\">CarVertical<\/a> je \u010dist\u00e1; neexistuj\u00ed \u017e\u00e1dn\u00e9 doklady o nehod\u00e1ch, oprav\u00e1ch po nehod\u00e1ch, vlastnictv\u00ed nebo pr\u00e1vn\u00edch probl\u00e9mech. Existuj\u00ed z\u00e1znamy o pravideln\u00e9 \u00fadr\u017eb\u011b, \u00fa\u010dty za prodej a \u00fa\u010dtenky. Na tento model nen\u00ed k dispozici \u017e\u00e1dn\u00e1 tov\u00e1rn\u00ed z\u00e1ruka.<\/p>\n<p><strong><br \/>\nPod\u00edvejte se na video studen\u00e9ho startu tohoto kr\u00e1sn\u00e9ho vozu Fisker Karma silver Signature :<\/strong><\/p>\n<p><iframe title=\"Cold Start Video of the Fisker Karma Signature for auction sale\" width=\"1200\" height=\"675\" src=\"https:\/\/www.youtube.com\/embed\/sOmYYpDT2U8?feature=oembed\" frameborder=\"0\" allow=\"accelerometer; autoplay; clipboard-write; encrypted-media; gyroscope; picture-in-picture; web-share\" allowfullscreen><\/iframe><\/p>\n","protected":false},"excerpt":{"rendered":"<p>Fisker Karma je nejen revolu\u010dn\u00ed hybrid, ale tak\u00e9 jedno z nejhez\u010d\u00edch aut 21. stolet\u00ed. Bylo jich vyrobeno jen n\u011bco m\u00e1lo p\u0159es 3000, tak\u017ee je vz\u00e1cn\u00fd, ale tento exempl\u00e1\u0159 je je\u0161t\u011b vz\u00e1cn\u011bj\u0161\u00ed. St\u0159\u00edbrn\u00fd model Karma z roku 2012, kter\u00fd dnes nab\u00edz\u00edme, poch\u00e1z\u00ed ze 100 kus\u016f Signature Edition a byl dokonce osobn\u011b podeps\u00e1n majitelem spole\u010dnosti Henrikem Fiskerem. Pokud hled\u00e1te sb\u011bratelsk\u00fd sen, je to p\u0159esn\u011b ono.<\/p>\n","protected":false},"featured_media":77657,"comment_status":"open","ping_status":"closed","template":"","meta":{"inline_featured_image":false},"product_cat":[760],"product_tag":[2762,2764,929,1780,1775],"acf":[],"yoast_head":"<!-- This site is optimized with the Yoast SEO plugin v22.5 - https:\/\/yoast.com\/wordpress\/plugins\/seo\/ -->\n<title>Fisker Karma Signature Edition aukce - Piston Addict<\/title>\n<meta name=\"robots\" content=\"index, follow, max-snippet:-1, max-image-preview:large, max-video-preview:-1\" \/>\n<link rel=\"canonical\" href=\"https:\/\/pistonaddict.com\/cs\/product\/fisker-karma-signature-edition\/\" \/>\n<meta property=\"og:locale\" content=\"cs_CZ\" \/>\n<meta property=\"og:type\" content=\"article\" \/>\n<meta property=\"og:title\" content=\"Fisker Karma Signature Edition aukce - Piston Addict\" \/>\n<meta property=\"og:description\" content=\"Fisker Karma je nejen revolu\u010dn\u00ed hybrid, ale tak\u00e9 jedno z nejhez\u010d\u00edch aut 21. stolet\u00ed. Bylo jich vyrobeno jen n\u011bco m\u00e1lo p\u0159es 3000, tak\u017ee je vz\u00e1cn\u00fd, ale tento exempl\u00e1\u0159 je je\u0161t\u011b vz\u00e1cn\u011bj\u0161\u00ed. St\u0159\u00edbrn\u00fd model Karma z roku 2012, kter\u00fd dnes nab\u00edz\u00edme, poch\u00e1z\u00ed ze 100 kus\u016f Signature Edition a byl dokonce osobn\u011b podeps\u00e1n majitelem spole\u010dnosti Henrikem Fiskerem. Pokud hled\u00e1te sb\u011bratelsk\u00fd sen, je to p\u0159esn\u011b ono.\" \/>\n<meta property=\"og:url\" content=\"https:\/\/pistonaddict.com\/cs\/product\/fisker-karma-signature-edition\/\" \/>\n<meta property=\"og:site_name\" content=\"Piston Addict\" \/>\n<meta property=\"article:modified_time\" content=\"2024-03-20T08:42:44+00:00\" \/>\n<meta property=\"og:image\" content=\"https:\/\/pistonaddict.com\/wp-content\/uploads\/2023\/12\/20210129_085341.jpg\" \/>\n\t<meta property=\"og:image:width\" content=\"1762\" \/>\n\t<meta property=\"og:image:height\" content=\"752\" \/>\n\t<meta property=\"og:image:type\" content=\"image\/jpeg\" \/>\n<meta name=\"twitter:card\" content=\"summary_large_image\" \/>\n<meta name=\"twitter:label1\" content=\"Odhadovan\u00e1 doba \u010dten\u00ed\" \/>\n\t<meta name=\"twitter:data1\" content=\"3 minuty\" \/>\n<script type=\"application\/ld+json\" class=\"yoast-schema-graph\">{\"@context\":\"https:\/\/schema.org\",\"@graph\":[{\"@type\":\"WebPage\",\"@id\":\"https:\/\/pistonaddict.com\/cs\/product\/fisker-karma-signature-edition\/\",\"url\":\"https:\/\/pistonaddict.com\/cs\/product\/fisker-karma-signature-edition\/\",\"name\":\"Fisker Karma Signature Edition aukce - Piston Addict\",\"isPartOf\":{\"@id\":\"https:\/\/pistonaddict.com\/cs\/#website\"},\"primaryImageOfPage\":{\"@id\":\"https:\/\/pistonaddict.com\/cs\/product\/fisker-karma-signature-edition\/#primaryimage\"},\"image\":{\"@id\":\"https:\/\/pistonaddict.com\/cs\/product\/fisker-karma-signature-edition\/#primaryimage\"},\"thumbnailUrl\":\"https:\/\/pistonaddict.com\/wp-content\/uploads\/2023\/12\/20210129_085341.jpg\",\"datePublished\":\"2023-12-13T09:17:52+00:00\",\"dateModified\":\"2024-03-20T08:42:44+00:00\",\"breadcrumb\":{\"@id\":\"https:\/\/pistonaddict.com\/cs\/product\/fisker-karma-signature-edition\/#breadcrumb\"},\"inLanguage\":\"cs\",\"potentialAction\":[{\"@type\":\"ReadAction\",\"target\":[\"https:\/\/pistonaddict.com\/cs\/product\/fisker-karma-signature-edition\/\"]}]},{\"@type\":\"ImageObject\",\"inLanguage\":\"cs\",\"@id\":\"https:\/\/pistonaddict.com\/cs\/product\/fisker-karma-signature-edition\/#primaryimage\",\"url\":\"https:\/\/pistonaddict.com\/wp-content\/uploads\/2023\/12\/20210129_085341.jpg\",\"contentUrl\":\"https:\/\/pistonaddict.com\/wp-content\/uploads\/2023\/12\/20210129_085341.jpg\",\"width\":1762,\"height\":752},{\"@type\":\"BreadcrumbList\",\"@id\":\"https:\/\/pistonaddict.com\/cs\/product\/fisker-karma-signature-edition\/#breadcrumb\",\"itemListElement\":[{\"@type\":\"ListItem\",\"position\":1,\"name\":\"Domovsk\u00e1 str\u00e1nka\",\"item\":\"https:\/\/pistonaddict.com\/cs\/domovska-stranka-2\/\"},{\"@type\":\"ListItem\",\"position\":2,\"name\":\"Auctions\",\"item\":\"https:\/\/pistonaddict.com\/auctions-listing\/\"},{\"@type\":\"ListItem\",\"position\":3,\"name\":\"Fisker Karma Signature Edition\"}]},{\"@type\":\"WebSite\",\"@id\":\"https:\/\/pistonaddict.com\/cs\/#website\",\"url\":\"https:\/\/pistonaddict.com\/cs\/\",\"name\":\"Piston Addict\",\"description\":\"Only interesting vehicles\",\"publisher\":{\"@id\":\"https:\/\/pistonaddict.com\/cs\/#organization\"},\"potentialAction\":[{\"@type\":\"SearchAction\",\"target\":{\"@type\":\"EntryPoint\",\"urlTemplate\":\"https:\/\/pistonaddict.com\/cs\/?s={search_term_string}\"},\"query-input\":\"required name=search_term_string\"}],\"inLanguage\":\"cs\"},{\"@type\":\"Organization\",\"@id\":\"https:\/\/pistonaddict.com\/cs\/#organization\",\"name\":\"Piston Addict\",\"url\":\"https:\/\/pistonaddict.com\/cs\/\",\"logo\":{\"@type\":\"ImageObject\",\"inLanguage\":\"cs\",\"@id\":\"https:\/\/pistonaddict.com\/cs\/#\/schema\/logo\/image\/\",\"url\":\"https:\/\/pistonaddict.com\/wp-content\/uploads\/2022\/07\/logo-6.png\",\"contentUrl\":\"https:\/\/pistonaddict.com\/wp-content\/uploads\/2022\/07\/logo-6.png\",\"width\":970,\"height\":200,\"caption\":\"Piston Addict\"},\"image\":{\"@id\":\"https:\/\/pistonaddict.com\/cs\/#\/schema\/logo\/image\/\"}}]}<\/script>\n<!-- \/ Yoast SEO plugin. -->","yoast_head_json":{"title":"Fisker Karma Signature Edition aukce - Piston Addict","robots":{"index":"index","follow":"follow","max-snippet":"max-snippet:-1","max-image-preview":"max-image-preview:large","max-video-preview":"max-video-preview:-1"},"canonical":"https:\/\/pistonaddict.com\/cs\/product\/fisker-karma-signature-edition\/","og_locale":"cs_CZ","og_type":"article","og_title":"Fisker Karma Signature Edition aukce - Piston Addict","og_description":"Fisker Karma je nejen revolu\u010dn\u00ed hybrid, ale tak\u00e9 jedno z nejhez\u010d\u00edch aut 21. stolet\u00ed. Bylo jich vyrobeno jen n\u011bco m\u00e1lo p\u0159es 3000, tak\u017ee je vz\u00e1cn\u00fd, ale tento exempl\u00e1\u0159 je je\u0161t\u011b vz\u00e1cn\u011bj\u0161\u00ed. St\u0159\u00edbrn\u00fd model Karma z roku 2012, kter\u00fd dnes nab\u00edz\u00edme, poch\u00e1z\u00ed ze 100 kus\u016f Signature Edition a byl dokonce osobn\u011b podeps\u00e1n majitelem spole\u010dnosti Henrikem Fiskerem. Pokud hled\u00e1te sb\u011bratelsk\u00fd sen, je to p\u0159esn\u011b ono.","og_url":"https:\/\/pistonaddict.com\/cs\/product\/fisker-karma-signature-edition\/","og_site_name":"Piston Addict","article_modified_time":"2024-03-20T08:42:44+00:00","og_image":[{"width":1762,"height":752,"url":"https:\/\/pistonaddict.com\/wp-content\/uploads\/2023\/12\/20210129_085341.jpg","type":"image\/jpeg"}],"twitter_card":"summary_large_image","twitter_misc":{"Odhadovan\u00e1 doba \u010dten\u00ed":"3 minuty"},"schema":{"@context":"https:\/\/schema.org","@graph":[{"@type":"WebPage","@id":"https:\/\/pistonaddict.com\/cs\/product\/fisker-karma-signature-edition\/","url":"https:\/\/pistonaddict.com\/cs\/product\/fisker-karma-signature-edition\/","name":"Fisker Karma Signature Edition aukce - Piston Addict","isPartOf":{"@id":"https:\/\/pistonaddict.com\/cs\/#website"},"primaryImageOfPage":{"@id":"https:\/\/pistonaddict.com\/cs\/product\/fisker-karma-signature-edition\/#primaryimage"},"image":{"@id":"https:\/\/pistonaddict.com\/cs\/product\/fisker-karma-signature-edition\/#primaryimage"},"thumbnailUrl":"https:\/\/pistonaddict.com\/wp-content\/uploads\/2023\/12\/20210129_085341.jpg","datePublished":"2023-12-13T09:17:52+00:00","dateModified":"2024-03-20T08:42:44+00:00","breadcrumb":{"@id":"https:\/\/pistonaddict.com\/cs\/product\/fisker-karma-signature-edition\/#breadcrumb"},"inLanguage":"cs","potentialAction":[{"@type":"ReadAction","target":["https:\/\/pistonaddict.com\/cs\/product\/fisker-karma-signature-edition\/"]}]},{"@type":"ImageObject","inLanguage":"cs","@id":"https:\/\/pistonaddict.com\/cs\/product\/fisker-karma-signature-edition\/#primaryimage","url":"https:\/\/pistonaddict.com\/wp-content\/uploads\/2023\/12\/20210129_085341.jpg","contentUrl":"https:\/\/pistonaddict.com\/wp-content\/uploads\/2023\/12\/20210129_085341.jpg","width":1762,"height":752},{"@type":"BreadcrumbList","@id":"https:\/\/pistonaddict.com\/cs\/product\/fisker-karma-signature-edition\/#breadcrumb","itemListElement":[{"@type":"ListItem","position":1,"name":"Domovsk\u00e1 str\u00e1nka","item":"https:\/\/pistonaddict.com\/cs\/domovska-stranka-2\/"},{"@type":"ListItem","position":2,"name":"Auctions","item":"https:\/\/pistonaddict.com\/auctions-listing\/"},{"@type":"ListItem","position":3,"name":"Fisker Karma Signature Edition"}]},{"@type":"WebSite","@id":"https:\/\/pistonaddict.com\/cs\/#website","url":"https:\/\/pistonaddict.com\/cs\/","name":"Piston Addict","description":"Only interesting vehicles","publisher":{"@id":"https:\/\/pistonaddict.com\/cs\/#organization"},"potentialAction":[{"@type":"SearchAction","target":{"@type":"EntryPoint","urlTemplate":"https:\/\/pistonaddict.com\/cs\/?s={search_term_string}"},"query-input":"required name=search_term_string"}],"inLanguage":"cs"},{"@type":"Organization","@id":"https:\/\/pistonaddict.com\/cs\/#organization","name":"Piston Addict","url":"https:\/\/pistonaddict.com\/cs\/","logo":{"@type":"ImageObject","inLanguage":"cs","@id":"https:\/\/pistonaddict.com\/cs\/#\/schema\/logo\/image\/","url":"https:\/\/pistonaddict.com\/wp-content\/uploads\/2022\/07\/logo-6.png","contentUrl":"https:\/\/pistonaddict.com\/wp-content\/uploads\/2022\/07\/logo-6.png","width":970,"height":200,"caption":"Piston Addict"},"image":{"@id":"https:\/\/pistonaddict.com\/cs\/#\/schema\/logo\/image\/"}}]}},"_links":{"self":[{"href":"https:\/\/pistonaddict.com\/cs\/wp-json\/wp\/v2\/product\/78316"}],"collection":[{"href":"https:\/\/pistonaddict.com\/cs\/wp-json\/wp\/v2\/product"}],"about":[{"href":"https:\/\/pistonaddict.com\/cs\/wp-json\/wp\/v2\/types\/product"}],"replies":[{"embeddable":true,"href":"https:\/\/pistonaddict.com\/cs\/wp-json\/wp\/v2\/comments?post=78316"}],"wp:featuredmedia":[{"embeddable":true,"href":"https:\/\/pistonaddict.com\/cs\/wp-json\/wp\/v2\/media\/77657"}],"wp:attachment":[{"href":"https:\/\/pistonaddict.com\/cs\/wp-json\/wp\/v2\/media?parent=78316"}],"wp:term":[{"taxonomy":"product_cat","embeddable":true,"href":"https:\/\/pistonaddict.com\/cs\/wp-json\/wp\/v2\/product_cat?post=78316"},{"taxonomy":"product_tag","embeddable":true,"href":"https:\/\/pistonaddict.com\/cs\/wp-json\/wp\/v2\/product_tag?post=78316"}],"curies":[{"name":"wp","href":"https:\/\/api.w.org\/{rel}","templated":true}]}}