{"id":77356,"date":"2023-12-11T15:55:41","date_gmt":"2023-12-11T14:55:41","guid":{"rendered":"https:\/\/pistonaddict.com\/product\/abarth-124-spider\/"},"modified":"2024-03-20T09:41:35","modified_gmt":"2024-03-20T08:41:35","slug":"abarth-124-spider","status":"publish","type":"product","link":"https:\/\/pistonaddict.com\/cs\/product\/abarth-124-spider\/","title":{"rendered":"Abarth 124 Spider"},"content":{"rendered":"<h2>Exteri\u00e9r<\/h2>\n<p>Zven\u010d\u00ed je na prvn\u00ed pohled patrn\u00e9, \u017ee se nejedn\u00e1 jen o oby\u010dejn\u00fd 124 Spider. Tento \u010dern\u011b lakovan\u00fd roadster m\u00e1 agresivn\u011bj\u0161\u00ed n\u00e1razn\u00edky, xenonov\u00e9 sv\u011btlomety a oboustrann\u00fd v\u00fdfuk vzadu se dv\u011bma chromovan\u00fdmi koncovkami na ka\u017ed\u00e9 stran\u011b. V\u0161echny tyto detaily dod\u00e1vaj\u00ed vozu impozantn\u00ed chov\u00e1n\u00ed na silnici, kter\u00e9 ho jednozna\u010dn\u011b odli\u0161uje od jeho m\u00edrn\u00e9ho bratrance. A aby toho nebylo m\u00e1lo, exkluzivitu tohoto konkr\u00e9tn\u00edho modelu jist\u011b podtrhne i odznak na boku oslavuj\u00edc\u00ed 70. v\u00fdro\u010d\u00ed zalo\u017een\u00ed zna\u010dky Abarth.<\/p>\n<p>Tento Abarth 124 Spider stoj\u00ed na 17palcov\u00fdch disc\u00edch obut\u00fdch do pneumatik Bridgestone, kter\u00e9 u\u017e maj\u00ed mo\u017en\u00e1 sv\u00e9 nejlep\u0161\u00ed \u010dasy za sebou. Z kol je tak\u00e9 dob\u0159e vid\u011bt na masivn\u00ed \u010derven\u00e9 brzdov\u00e9 t\u0159meny Brembo, kter\u00e9 slibuj\u00ed vynikaj\u00edc\u00ed brzdn\u00fd v\u00fdkon.<\/p>\n<h2>Interi\u00e9r<\/h2>\n<p>Stejn\u011b jako vn\u011bj\u0161\u00ed vzhled, i interi\u00e9r se vyzna\u010duje n\u011bkolika poutav\u00fdmi detaily, kter\u00e9 jasn\u011b ukazuj\u00ed p\u016fvod vozu. Pro za\u010d\u00e1tek p\u00e1r pohodln\u00fdch sedadel pota\u017een\u00fdch semi\u0161ovou k\u016f\u017e\u00ed s masivn\u00edm \u010derven\u00fdm n\u00e1pisem Abart vy\u0161it\u00fdm na op\u011bradle. \u010cerven\u011b zbarven\u00e9 detaily zv\u00fdraz\u0148uj\u00ed tak\u00e9 volant a p\u0159\u00edstrojov\u00fd panel za n\u00edm, kter\u00e9mu dominuje ot\u00e1\u010dkom\u011br a\u017e do 8000 ot\u00e1\u010dek za minutu. Minimalistick\u00e1 p\u0159\u00edstrojov\u00e1 deska obsahuje jen to nejnutn\u011bj\u0161\u00ed, jako jsou ovlada\u010de klimatizace a displej uprost\u0159ed, a je z\u0159ejm\u00e9, \u017ee tento v\u016fz je ur\u010den p\u0159edev\u0161\u00edm k \u0159\u00edzen\u00ed.<\/p>\n<h2>Mechanika<\/h2>\n<p>Na prvn\u00ed pohled se m\u016f\u017ee zd\u00e1t, \u017ee motor o objemu 1,4 litru pod kapotou nen\u00ed tak p\u0159esv\u011bd\u010div\u00fd, jak by se dalo o\u010dek\u00e1vat. D\u00edky turbodmychadlu a vylep\u0161en\u00e9mu palivov\u00e9mu hospod\u00e1\u0159stv\u00ed, kter\u00e9 zvy\u0161uje v\u00fdkon na 170 kon\u00ed, m\u00e1 v\u0161ak tento hladk\u00fd \u010dty\u0159v\u00e1lec po\u0159\u00e1dnou s\u00edlu. P\u0159evodovka &#8211; konven\u010dn\u00ed \u0161estistup\u0148ov\u00e1 manu\u00e1ln\u00ed &#8211; je dal\u0161\u00edm detailem, kter\u00fd prozrazuje pravou povahu Spideru. Tato konfigurace hnac\u00edho \u00fastroj\u00ed v kombinaci s vynikaj\u00edc\u00edm odpru\u017een\u00edm a schopn\u00fdmi brzdami z n\u011bj d\u011bl\u00e1 spr\u00e1vn\u00fd \u0159idi\u010dsk\u00fd v\u016fz, kter\u00fd si porad\u00ed s ka\u017edou klikatou silnic\u00ed.<\/p>\n<h2>Historie vozidla<\/h2>\n<p>Na z\u00e1v\u011br p\u00e1r slov o sou\u010dasn\u00e9m stavu tohoto vozu Abarth Spider. Posledn\u00ed pravideln\u00fd servis, kter\u00fd zahrnoval v\u00fdm\u011bnu oleje, byl proveden v lednu 2023. Ned\u00e1vno, v prosinci, byla provedena gener\u00e1ln\u00ed oprava brzd. Na z\u00e1klad\u011b poskytnut\u00fdch fotografi\u00ed a p\u0159\u00edslu\u0161n\u00e9ho videa se v\u016fz zd\u00e1 b\u00fdt v bezvadn\u00e9m stavu, bez viditeln\u00fdch po\u0161kozen\u00ed nebo zn\u00e1mek opot\u0159eben\u00ed.<\/p>\n<p>Prod\u00e1vaj\u00edc\u00ed nav\u00edc tvrd\u00ed, \u017ee v\u016fz, kter\u00fd je v sou\u010dasn\u00e9 dob\u011b v It\u00e1lii, nebyl pou\u017e\u00edv\u00e1n na z\u00e1vodn\u00edch trat\u00edch ani se ne\u00fa\u010dastnil \u017e\u00e1dn\u00e9 nehody, co\u017e potvrzuje i odpov\u00eddaj\u00edc\u00ed zpr\u00e1va o historii vozidla <a href=\"https:\/\/pistonaddict.com\/wp-content\/uploads\/2023\/12\/abarthspider.pdf\">CARFAX<\/a>.<\/p>\n<p><strong><br \/>\nPod\u00edvejte se na video se studen\u00fdm startem tohoto kr\u00e1sn\u00e9ho vozu Abarth 124 Spider :<\/strong><\/p>\n<p><iframe title=\"Cold Start Video of the Abarth 124 Spider for auction sale\" width=\"1200\" height=\"675\" src=\"https:\/\/www.youtube.com\/embed\/wZs51_ew1WU?feature=oembed\" frameborder=\"0\" allow=\"accelerometer; autoplay; clipboard-write; encrypted-media; gyroscope; picture-in-picture; web-share\" allowfullscreen><\/iframe><\/p>\n","protected":false},"excerpt":{"rendered":"<p>Pokud chcete auto, kter\u00e9 skv\u011ble vypad\u00e1, je z\u00e1bavn\u00e9 a snadno se s n\u00edm \u017eije, m\u011bli byste zv\u00e1\u017eit po\u0159\u00edzen\u00ed roadsteru. Na v\u00fdb\u011br je n\u011bkolik relativn\u011b nov\u00fdch model\u016f a jedn\u00edm z nich je 124 Spider, kter\u00fd sd\u00edl\u00ed mechanick\u00e9 z\u00e1klady s pravd\u011bpodobn\u011b nejslavn\u011bj\u0161\u00edm roadsterem sou\u010dasnosti &#8211; Mazdou MX5. P\u0159edstavuje tak jedine\u010dnou kombinaci italsk\u00e9ho stylu a japonsk\u00e9 precizn\u00ed technologie.<\/p>\n<p>A kdy\u017e to v\u0161echno je\u0161t\u011b oko\u0159en\u00ed intern\u00ed ladi\u010d Fiatu, dostanete ohniv\u00fd <strong>Abarth 124 Spider<\/strong>, jeho\u017e jeden exempl\u00e1\u0159 je v aukci pr\u00e1v\u011b na na\u0161ich str\u00e1nk\u00e1ch. Tento bezvadn\u00fd model z roku 2019 m\u00e1 najeto jen n\u011bco m\u00e1lo p\u0159es 23 000 km a v sou\u010dasn\u00e9 dob\u011b hled\u00e1 nov\u00e9ho majitele. Krom\u011b elegantn\u00edho vzhledu a p\u0159\u00edjemn\u00e9ho v\u00fdkonu skr\u00fdv\u00e1 v ruk\u00e1vu je\u0161t\u011b jedno eso.<\/p>\n","protected":false},"featured_media":77135,"comment_status":"open","ping_status":"closed","template":"","meta":{"inline_featured_image":false},"product_cat":[760],"product_tag":[2707,2711,2701,945],"acf":[],"yoast_head":"<!-- This site is optimized with the Yoast SEO plugin v22.5 - https:\/\/yoast.com\/wordpress\/plugins\/seo\/ -->\n<title>Abarth 124 Spider aukce - Piston Addict<\/title>\n<meta name=\"robots\" content=\"index, follow, max-snippet:-1, max-image-preview:large, max-video-preview:-1\" \/>\n<link rel=\"canonical\" href=\"https:\/\/pistonaddict.com\/cs\/product\/abarth-124-spider\/\" \/>\n<meta property=\"og:locale\" content=\"cs_CZ\" \/>\n<meta property=\"og:type\" content=\"article\" \/>\n<meta property=\"og:title\" content=\"Abarth 124 Spider aukce - Piston Addict\" \/>\n<meta property=\"og:description\" content=\"Pokud chcete auto, kter\u00e9 skv\u011ble vypad\u00e1, je z\u00e1bavn\u00e9 a snadno se s n\u00edm \u017eije, m\u011bli byste zv\u00e1\u017eit po\u0159\u00edzen\u00ed roadsteru. Na v\u00fdb\u011br je n\u011bkolik relativn\u011b nov\u00fdch model\u016f a jedn\u00edm z nich je 124 Spider, kter\u00fd sd\u00edl\u00ed mechanick\u00e9 z\u00e1klady s pravd\u011bpodobn\u011b nejslavn\u011bj\u0161\u00edm roadsterem sou\u010dasnosti - Mazdou MX5. P\u0159edstavuje tak jedine\u010dnou kombinaci italsk\u00e9ho stylu a japonsk\u00e9 precizn\u00ed technologie. A kdy\u017e to v\u0161echno je\u0161t\u011b oko\u0159en\u00ed intern\u00ed ladi\u010d Fiatu, dostanete ohniv\u00fd Abarth 124 Spider, jeho\u017e jeden exempl\u00e1\u0159 je v aukci pr\u00e1v\u011b na na\u0161ich str\u00e1nk\u00e1ch. Tento bezvadn\u00fd model z roku 2019 m\u00e1 najeto jen n\u011bco m\u00e1lo p\u0159es 23 000 km a v sou\u010dasn\u00e9 dob\u011b hled\u00e1 nov\u00e9ho majitele. Krom\u011b elegantn\u00edho vzhledu a p\u0159\u00edjemn\u00e9ho v\u00fdkonu skr\u00fdv\u00e1 v ruk\u00e1vu je\u0161t\u011b jedno eso.\" \/>\n<meta property=\"og:url\" content=\"https:\/\/pistonaddict.com\/cs\/product\/abarth-124-spider\/\" \/>\n<meta property=\"og:site_name\" content=\"Piston Addict\" \/>\n<meta property=\"article:modified_time\" content=\"2024-03-20T08:41:35+00:00\" \/>\n<meta property=\"og:image\" content=\"https:\/\/pistonaddict.com\/wp-content\/uploads\/2023\/12\/image00020-scaled.jpeg\" \/>\n\t<meta property=\"og:image:width\" content=\"2560\" \/>\n\t<meta property=\"og:image:height\" content=\"1920\" \/>\n\t<meta property=\"og:image:type\" content=\"image\/jpeg\" \/>\n<meta name=\"twitter:card\" content=\"summary_large_image\" \/>\n<meta name=\"twitter:label1\" content=\"Odhadovan\u00e1 doba \u010dten\u00ed\" \/>\n\t<meta name=\"twitter:data1\" content=\"3 minuty\" \/>\n<script type=\"application\/ld+json\" class=\"yoast-schema-graph\">{\"@context\":\"https:\/\/schema.org\",\"@graph\":[{\"@type\":\"WebPage\",\"@id\":\"https:\/\/pistonaddict.com\/cs\/product\/abarth-124-spider\/\",\"url\":\"https:\/\/pistonaddict.com\/cs\/product\/abarth-124-spider\/\",\"name\":\"Abarth 124 Spider aukce - Piston Addict\",\"isPartOf\":{\"@id\":\"https:\/\/pistonaddict.com\/cs\/#website\"},\"primaryImageOfPage\":{\"@id\":\"https:\/\/pistonaddict.com\/cs\/product\/abarth-124-spider\/#primaryimage\"},\"image\":{\"@id\":\"https:\/\/pistonaddict.com\/cs\/product\/abarth-124-spider\/#primaryimage\"},\"thumbnailUrl\":\"https:\/\/pistonaddict.com\/wp-content\/uploads\/2023\/12\/image00020-scaled.jpeg\",\"datePublished\":\"2023-12-11T14:55:41+00:00\",\"dateModified\":\"2024-03-20T08:41:35+00:00\",\"breadcrumb\":{\"@id\":\"https:\/\/pistonaddict.com\/cs\/product\/abarth-124-spider\/#breadcrumb\"},\"inLanguage\":\"cs\",\"potentialAction\":[{\"@type\":\"ReadAction\",\"target\":[\"https:\/\/pistonaddict.com\/cs\/product\/abarth-124-spider\/\"]}]},{\"@type\":\"ImageObject\",\"inLanguage\":\"cs\",\"@id\":\"https:\/\/pistonaddict.com\/cs\/product\/abarth-124-spider\/#primaryimage\",\"url\":\"https:\/\/pistonaddict.com\/wp-content\/uploads\/2023\/12\/image00020-scaled.jpeg\",\"contentUrl\":\"https:\/\/pistonaddict.com\/wp-content\/uploads\/2023\/12\/image00020-scaled.jpeg\",\"width\":2560,\"height\":1920},{\"@type\":\"BreadcrumbList\",\"@id\":\"https:\/\/pistonaddict.com\/cs\/product\/abarth-124-spider\/#breadcrumb\",\"itemListElement\":[{\"@type\":\"ListItem\",\"position\":1,\"name\":\"Domovsk\u00e1 str\u00e1nka\",\"item\":\"https:\/\/pistonaddict.com\/cs\/domovska-stranka-2\/\"},{\"@type\":\"ListItem\",\"position\":2,\"name\":\"Auctions\",\"item\":\"https:\/\/pistonaddict.com\/auctions-listing\/\"},{\"@type\":\"ListItem\",\"position\":3,\"name\":\"Abarth 124 Spider\"}]},{\"@type\":\"WebSite\",\"@id\":\"https:\/\/pistonaddict.com\/cs\/#website\",\"url\":\"https:\/\/pistonaddict.com\/cs\/\",\"name\":\"Piston Addict\",\"description\":\"Only interesting vehicles\",\"publisher\":{\"@id\":\"https:\/\/pistonaddict.com\/cs\/#organization\"},\"potentialAction\":[{\"@type\":\"SearchAction\",\"target\":{\"@type\":\"EntryPoint\",\"urlTemplate\":\"https:\/\/pistonaddict.com\/cs\/?s={search_term_string}\"},\"query-input\":\"required name=search_term_string\"}],\"inLanguage\":\"cs\"},{\"@type\":\"Organization\",\"@id\":\"https:\/\/pistonaddict.com\/cs\/#organization\",\"name\":\"Piston Addict\",\"url\":\"https:\/\/pistonaddict.com\/cs\/\",\"logo\":{\"@type\":\"ImageObject\",\"inLanguage\":\"cs\",\"@id\":\"https:\/\/pistonaddict.com\/cs\/#\/schema\/logo\/image\/\",\"url\":\"https:\/\/pistonaddict.com\/wp-content\/uploads\/2022\/07\/logo-6.png\",\"contentUrl\":\"https:\/\/pistonaddict.com\/wp-content\/uploads\/2022\/07\/logo-6.png\",\"width\":970,\"height\":200,\"caption\":\"Piston Addict\"},\"image\":{\"@id\":\"https:\/\/pistonaddict.com\/cs\/#\/schema\/logo\/image\/\"}}]}<\/script>\n<!-- \/ Yoast SEO plugin. -->","yoast_head_json":{"title":"Abarth 124 Spider aukce - Piston Addict","robots":{"index":"index","follow":"follow","max-snippet":"max-snippet:-1","max-image-preview":"max-image-preview:large","max-video-preview":"max-video-preview:-1"},"canonical":"https:\/\/pistonaddict.com\/cs\/product\/abarth-124-spider\/","og_locale":"cs_CZ","og_type":"article","og_title":"Abarth 124 Spider aukce - Piston Addict","og_description":"Pokud chcete auto, kter\u00e9 skv\u011ble vypad\u00e1, je z\u00e1bavn\u00e9 a snadno se s n\u00edm \u017eije, m\u011bli byste zv\u00e1\u017eit po\u0159\u00edzen\u00ed roadsteru. Na v\u00fdb\u011br je n\u011bkolik relativn\u011b nov\u00fdch model\u016f a jedn\u00edm z nich je 124 Spider, kter\u00fd sd\u00edl\u00ed mechanick\u00e9 z\u00e1klady s pravd\u011bpodobn\u011b nejslavn\u011bj\u0161\u00edm roadsterem sou\u010dasnosti - Mazdou MX5. P\u0159edstavuje tak jedine\u010dnou kombinaci italsk\u00e9ho stylu a japonsk\u00e9 precizn\u00ed technologie. A kdy\u017e to v\u0161echno je\u0161t\u011b oko\u0159en\u00ed intern\u00ed ladi\u010d Fiatu, dostanete ohniv\u00fd Abarth 124 Spider, jeho\u017e jeden exempl\u00e1\u0159 je v aukci pr\u00e1v\u011b na na\u0161ich str\u00e1nk\u00e1ch. Tento bezvadn\u00fd model z roku 2019 m\u00e1 najeto jen n\u011bco m\u00e1lo p\u0159es 23 000 km a v sou\u010dasn\u00e9 dob\u011b hled\u00e1 nov\u00e9ho majitele. Krom\u011b elegantn\u00edho vzhledu a p\u0159\u00edjemn\u00e9ho v\u00fdkonu skr\u00fdv\u00e1 v ruk\u00e1vu je\u0161t\u011b jedno eso.","og_url":"https:\/\/pistonaddict.com\/cs\/product\/abarth-124-spider\/","og_site_name":"Piston Addict","article_modified_time":"2024-03-20T08:41:35+00:00","og_image":[{"width":2560,"height":1920,"url":"https:\/\/pistonaddict.com\/wp-content\/uploads\/2023\/12\/image00020-scaled.jpeg","type":"image\/jpeg"}],"twitter_card":"summary_large_image","twitter_misc":{"Odhadovan\u00e1 doba \u010dten\u00ed":"3 minuty"},"schema":{"@context":"https:\/\/schema.org","@graph":[{"@type":"WebPage","@id":"https:\/\/pistonaddict.com\/cs\/product\/abarth-124-spider\/","url":"https:\/\/pistonaddict.com\/cs\/product\/abarth-124-spider\/","name":"Abarth 124 Spider aukce - Piston Addict","isPartOf":{"@id":"https:\/\/pistonaddict.com\/cs\/#website"},"primaryImageOfPage":{"@id":"https:\/\/pistonaddict.com\/cs\/product\/abarth-124-spider\/#primaryimage"},"image":{"@id":"https:\/\/pistonaddict.com\/cs\/product\/abarth-124-spider\/#primaryimage"},"thumbnailUrl":"https:\/\/pistonaddict.com\/wp-content\/uploads\/2023\/12\/image00020-scaled.jpeg","datePublished":"2023-12-11T14:55:41+00:00","dateModified":"2024-03-20T08:41:35+00:00","breadcrumb":{"@id":"https:\/\/pistonaddict.com\/cs\/product\/abarth-124-spider\/#breadcrumb"},"inLanguage":"cs","potentialAction":[{"@type":"ReadAction","target":["https:\/\/pistonaddict.com\/cs\/product\/abarth-124-spider\/"]}]},{"@type":"ImageObject","inLanguage":"cs","@id":"https:\/\/pistonaddict.com\/cs\/product\/abarth-124-spider\/#primaryimage","url":"https:\/\/pistonaddict.com\/wp-content\/uploads\/2023\/12\/image00020-scaled.jpeg","contentUrl":"https:\/\/pistonaddict.com\/wp-content\/uploads\/2023\/12\/image00020-scaled.jpeg","width":2560,"height":1920},{"@type":"BreadcrumbList","@id":"https:\/\/pistonaddict.com\/cs\/product\/abarth-124-spider\/#breadcrumb","itemListElement":[{"@type":"ListItem","position":1,"name":"Domovsk\u00e1 str\u00e1nka","item":"https:\/\/pistonaddict.com\/cs\/domovska-stranka-2\/"},{"@type":"ListItem","position":2,"name":"Auctions","item":"https:\/\/pistonaddict.com\/auctions-listing\/"},{"@type":"ListItem","position":3,"name":"Abarth 124 Spider"}]},{"@type":"WebSite","@id":"https:\/\/pistonaddict.com\/cs\/#website","url":"https:\/\/pistonaddict.com\/cs\/","name":"Piston Addict","description":"Only interesting vehicles","publisher":{"@id":"https:\/\/pistonaddict.com\/cs\/#organization"},"potentialAction":[{"@type":"SearchAction","target":{"@type":"EntryPoint","urlTemplate":"https:\/\/pistonaddict.com\/cs\/?s={search_term_string}"},"query-input":"required name=search_term_string"}],"inLanguage":"cs"},{"@type":"Organization","@id":"https:\/\/pistonaddict.com\/cs\/#organization","name":"Piston Addict","url":"https:\/\/pistonaddict.com\/cs\/","logo":{"@type":"ImageObject","inLanguage":"cs","@id":"https:\/\/pistonaddict.com\/cs\/#\/schema\/logo\/image\/","url":"https:\/\/pistonaddict.com\/wp-content\/uploads\/2022\/07\/logo-6.png","contentUrl":"https:\/\/pistonaddict.com\/wp-content\/uploads\/2022\/07\/logo-6.png","width":970,"height":200,"caption":"Piston Addict"},"image":{"@id":"https:\/\/pistonaddict.com\/cs\/#\/schema\/logo\/image\/"}}]}},"_links":{"self":[{"href":"https:\/\/pistonaddict.com\/cs\/wp-json\/wp\/v2\/product\/77356"}],"collection":[{"href":"https:\/\/pistonaddict.com\/cs\/wp-json\/wp\/v2\/product"}],"about":[{"href":"https:\/\/pistonaddict.com\/cs\/wp-json\/wp\/v2\/types\/product"}],"replies":[{"embeddable":true,"href":"https:\/\/pistonaddict.com\/cs\/wp-json\/wp\/v2\/comments?post=77356"}],"wp:featuredmedia":[{"embeddable":true,"href":"https:\/\/pistonaddict.com\/cs\/wp-json\/wp\/v2\/media\/77135"}],"wp:attachment":[{"href":"https:\/\/pistonaddict.com\/cs\/wp-json\/wp\/v2\/media?parent=77356"}],"wp:term":[{"taxonomy":"product_cat","embeddable":true,"href":"https:\/\/pistonaddict.com\/cs\/wp-json\/wp\/v2\/product_cat?post=77356"},{"taxonomy":"product_tag","embeddable":true,"href":"https:\/\/pistonaddict.com\/cs\/wp-json\/wp\/v2\/product_tag?post=77356"}],"curies":[{"name":"wp","href":"https:\/\/api.w.org\/{rel}","templated":true}]}}