{"id":76296,"date":"2023-12-01T10:53:23","date_gmt":"2023-12-01T09:53:23","guid":{"rendered":"https:\/\/pistonaddict.com\/product\/ferrari-488-gtb\/"},"modified":"2023-12-20T11:45:33","modified_gmt":"2023-12-20T10:45:33","slug":"ferrari-488-gtb","status":"publish","type":"product","link":"https:\/\/pistonaddict.com\/cs\/product\/ferrari-488-gtb\/","title":{"rendered":"Ferrari 488 GTB"},"content":{"rendered":"<p><strong>Historie vozu<\/strong><\/p>\n<p>V roce 2015 Ferrari nahradilo model 458 Italia modelem 488 GTB, kter\u00fd byl prvn\u00edm p\u0159epl\u0148ovan\u00fdm Ferrari s motorem V8 uprost\u0159ed od dob legend\u00e1rn\u00edho modelu F40. P\u0159esto\u017ee m\u011bl model 488 GTB ni\u017e\u0161\u00ed zdvihov\u00fd objem, proto\u017ee m\u011bl pouze 3,9litrov\u00fd osmiv\u00e1lec, m\u011bl o 100 kon\u00ed v\u00edce ne\u017e 458 Italia, tedy \u00fa\u017easn\u00fdch 670 kon\u00ed. Je\u0161t\u011b v\u00edce v\u0161ak zaujal to\u010div\u00fd moment, kter\u00fd dosahuje \u00factyhodn\u00fdch 760 Nm a zaru\u010duje bleskov\u00e9 zrychlen\u00ed, okam\u017eitou reakci na plyn a neuv\u011b\u0159itelnou j\u00edzdn\u00ed dynamiku. Stovka je dosa\u017eiteln\u00e1 za pouh\u00e9 3 sekundy a maxim\u00e1ln\u00ed rychlost 330 km\/h zn\u00ed neuv\u011b\u0159iteln\u011b. D\u00edky n\u00edzk\u00e9mu po\u010dtu najet\u00fdch kilometr\u016f, zaj\u00edmav\u00e9 v\u00fdbav\u011b a karbonov\u00fdm brzd\u00e1m je n\u00e1mi nab\u00edzen\u00fd model 488 GTB skute\u010dn\u00fdm \u0159idi\u010dsk\u00fdm speci\u00e1lem, kter\u00fd je p\u0159ipraven ohromit v\u00e1s v\u00fdkonem, kultivovanost\u00ed a j\u00edzdn\u00ed dynamikou st\u00edha\u010dky.<\/p>\n<p><strong>Interi\u00e9r<\/strong><\/p>\n<p>Vzhledem k tomu, \u017ee toto Ferrari bylo pe\u010dliv\u011b udr\u017eov\u00e1no, jsou \u010dern\u00e1 k\u016f\u017ee a interi\u00e9r z Alcantary ve velmi dobr\u00e9m stavu bez zn\u00e1mek pou\u017e\u00edv\u00e1n\u00ed. P\u016fvodn\u00ed majitel tohoto vozu se rozhodl pro v\u00fdkonnou v\u00fdbavu, jako jsou sedadla s karbonov\u00fdmi op\u011bradly v kombinaci k\u016f\u017ee a Alcantary, digit\u00e1ln\u00ed displej na volantu a karbonov\u00e9 vlo\u017eky v interi\u00e9ru. V\u0161echny tyto prvky vypadaj\u00ed dokonale, bez \u0161kr\u00e1banc\u016f, a p\u0159isp\u00edvaj\u00ed k dojmu v\u00fdkonnosti tohoto vozu. Nebyly provedeny \u017e\u00e1dn\u00e9 \u00fapravy a v\u0161e funguje, jak m\u00e1.<\/p>\n<p><strong>Stav<\/strong><\/p>\n<p>Toto Ferrari 488 GTB bylo p\u016fvodn\u011b dod\u00e1no v dubnu 2016 prvn\u00edmu majiteli ve Francii a prod\u00e1vaj\u00edc\u00ed jej z\u00edskal v roce 2022. Tento supersport je v bezvadn\u00e9m stavu a na tachometru m\u00e1 najeto pouh\u00fdch 20 500 km. S vozem se nikdy nez\u00e1vodilo, nesledovalo, ani se nestal \u00fa\u010dastn\u00edkem \u017e\u00e1dn\u00e9 nehody. V\u017edy byl pe\u010dliv\u011b udr\u017eov\u00e1n, brzdy pro\u0161ly gener\u00e1ln\u00ed opravou koncem listopadu 2023 a posledn\u00ed kompletn\u00ed servis byl proveden v kv\u011btnu t\u00e9ho\u017e roku. Budouc\u00ed majitele jist\u011b pot\u011b\u0161\u00ed, \u017ee se na tento exempl\u00e1\u0159 vztahuje prodlou\u017een\u00e1 z\u00e1ruka Ferrari (Ferrari Power), kter\u00e1 je p\u0159enosn\u00e1. \u00dadr\u017eba byla v\u017edy provedena autorizovan\u00fdm prodejcem a je zdokumentov\u00e1na. Jednou z p\u0159ednost\u00ed tohoto vozu je v\u0161ak dlouh\u00fd seznam p\u0159\u00edplatkov\u00e9 v\u00fdbavy. <strong>Tento model 488 GTB m\u00e1 syst\u00e9m ATF, keramick\u00e9 brzdy s lakovan\u00fdmi brzdov\u00fdmi t\u0159meny, karbonov\u00e9 v\u00fdpln\u011b dve\u0159\u00ed a sedadla, p\u0159edn\u00ed a zadn\u00ed PDC, zved\u00e1k zav\u011b\u0161en\u00ed a karbonov\u00e9 vlo\u017eky<\/strong>. To v\u0161e z n\u011bj d\u011bl\u00e1 jedine\u010dn\u00fd v\u016fz s ide\u00e1ln\u00edmi \u0159idi\u010dsk\u00fdmi parametry.<\/p>\n<p><strong>Exteri\u00e9r a kola<\/strong><\/p>\n<p>Tento v\u016fz 488 GTB je lakov\u00e1n v n\u00e1padn\u00e9m odst\u00ednu Grigio Silverstone a m\u00e1 slad\u011bn\u00fd \u010dern\u00fd interi\u00e9r, kter\u00fd z n\u011bj d\u011bl\u00e1 zaj\u00edmavou stavbu. A\u010dkoli nen\u00ed \u010derven\u00fd, v tmav\u011b \u0161ed\u00e9 barv\u011b je je\u0161t\u011b kr\u00e1sn\u011bj\u0161\u00ed a diskr\u00e9tn\u011bj\u0161\u00ed. Karoserie je samoz\u0159ejm\u011b bez \u0161kr\u00e1banc\u016f a prom\u00e1\u010dklin. S tov\u00e1rn\u00edmi 20palcov\u00fdmi koly obut\u00fdmi do zcela nov\u00fdch a spr\u00e1vn\u00fdch pneumatik Pirelli je tento fantastick\u00fd model 488 GTB p\u0159ipraven prom\u011bnit sv\u00fdch 670 kon\u00ed v jedine\u010dn\u00fd z\u00e1\u017eitek z j\u00edzdy.<\/p>\n<p><strong> <\/strong><strong>Dokumentace<\/strong><\/p>\n<p>Profesion\u00e1l prod\u00e1v\u00e1 toto vozidlo s p\u0159\u00edslu\u0161nou dokumentac\u00ed, kter\u00e9 se nach\u00e1z\u00ed ve Francii. <a href=\"https:\/\/pistonaddict.com\/wp-content\/uploads\/2023\/12\/Ferrari488GTB.pdf\" target=\"_blank\" rel=\"noopener\">Zpr\u00e1va CarVertical<\/a> je \u010dist\u00e1; neexistuj\u00ed \u017e\u00e1dn\u00e9 doklady o nehod\u00e1ch, oprav\u00e1ch po nehod\u00e1ch, vlastnictv\u00ed nebo pr\u00e1vn\u00edch probl\u00e9mech. Existuj\u00ed z\u00e1znamy o pravideln\u00e9 \u00fadr\u017eb\u011b, \u00fa\u010dty za prodej a \u00fa\u010dtenky. <strong>Prodlou\u017een\u00e1 tov\u00e1rn\u00ed z\u00e1ruka u tohoto modelu na 12 m\u011bs\u00edc\u016f<\/strong> a certifik\u00e1t o shod\u011b (v hodnot\u011b 2000 eur) jsou dal\u0161\u00edm d\u016fkazem, \u017ee se jedn\u00e1 o \u0161pi\u010dkov\u00fd sb\u011bratelsk\u00fd v\u016fz.<\/p>\n<p><strong><br \/>\nPod\u00edvejte se na video se studen\u00fdm startem tohoto kr\u00e1sn\u00e9ho Ferrari 488 GTB :<\/strong><\/p>\n<p><iframe title=\"Cold Start Video of the Ferrari 488 GTB for auction sale\" width=\"1200\" height=\"675\" src=\"https:\/\/www.youtube.com\/embed\/_SyEnhUZHXQ?feature=oembed\" frameborder=\"0\" allow=\"accelerometer; autoplay; clipboard-write; encrypted-media; gyroscope; picture-in-picture; web-share\" allowfullscreen><\/iframe><\/p>\n","protected":false},"excerpt":{"rendered":"<p>Jestli\u017ee Ferrari 458 Italia bylo dokonal\u00fdm vozem s atmosf\u00e9rick\u00fdm pln\u011bn\u00edm, jeho n\u00e1stupce 488 Italia byl mistrovsk\u00fdm d\u00edlem s turbodmychadlem. Model 458 Italia nastavil extr\u00e9mn\u011b vysok\u00e9 standardy pro t\u0159\u00eddu sportovn\u00edch voz\u016f s motorem uprost\u0159ed, ale Ferrari se poda\u0159ilo p\u0159ekonat o\u010dek\u00e1v\u00e1n\u00ed s modelem 488 GTB. Neuv\u011b\u0159iteln\u011b v\u00fdkonn\u00fd, agresivn\u00ed a rychl\u00fd v\u016fz 488 GTB je skute\u010dn\u00fdm sportovn\u00edm vozem pro znalce, kter\u00fd je doma na autobahnu i na z\u00e1vodn\u00edm okruhu. P\u0159\u00edklad, kter\u00fd m\u00e1me v prodeji, je jedn\u00edm z nejlep\u0161\u00edch dostupn\u00fdch.<\/p>\n","protected":false},"featured_media":75668,"comment_status":"open","ping_status":"closed","template":"","meta":{"inline_featured_image":false},"product_cat":[760],"product_tag":[2677,2193,929,2674],"acf":[],"yoast_head":"<!-- This site is optimized with the Yoast SEO plugin v22.5 - https:\/\/yoast.com\/wordpress\/plugins\/seo\/ -->\n<title>Ferrari 488 GTB aukce - Piston Addict<\/title>\n<meta name=\"robots\" content=\"index, follow, max-snippet:-1, max-image-preview:large, max-video-preview:-1\" \/>\n<link rel=\"canonical\" href=\"https:\/\/pistonaddict.com\/cs\/product\/ferrari-488-gtb\/\" \/>\n<meta property=\"og:locale\" content=\"cs_CZ\" \/>\n<meta property=\"og:type\" content=\"article\" \/>\n<meta property=\"og:title\" content=\"Ferrari 488 GTB aukce - Piston Addict\" \/>\n<meta property=\"og:description\" content=\"Jestli\u017ee Ferrari 458 Italia bylo dokonal\u00fdm vozem s atmosf\u00e9rick\u00fdm pln\u011bn\u00edm, jeho n\u00e1stupce 488 Italia byl mistrovsk\u00fdm d\u00edlem s turbodmychadlem. Model 458 Italia nastavil extr\u00e9mn\u011b vysok\u00e9 standardy pro t\u0159\u00eddu sportovn\u00edch voz\u016f s motorem uprost\u0159ed, ale Ferrari se poda\u0159ilo p\u0159ekonat o\u010dek\u00e1v\u00e1n\u00ed s modelem 488 GTB. Neuv\u011b\u0159iteln\u011b v\u00fdkonn\u00fd, agresivn\u00ed a rychl\u00fd v\u016fz 488 GTB je skute\u010dn\u00fdm sportovn\u00edm vozem pro znalce, kter\u00fd je doma na autobahnu i na z\u00e1vodn\u00edm okruhu. P\u0159\u00edklad, kter\u00fd m\u00e1me v prodeji, je jedn\u00edm z nejlep\u0161\u00edch dostupn\u00fdch.\" \/>\n<meta property=\"og:url\" content=\"https:\/\/pistonaddict.com\/cs\/product\/ferrari-488-gtb\/\" \/>\n<meta property=\"og:site_name\" content=\"Piston Addict\" \/>\n<meta property=\"article:modified_time\" content=\"2023-12-20T10:45:33+00:00\" \/>\n<meta property=\"og:image\" content=\"https:\/\/pistonaddict.com\/wp-content\/uploads\/2023\/12\/IMG_0075-1024x765.png\" \/>\n\t<meta property=\"og:image:width\" content=\"1024\" \/>\n\t<meta property=\"og:image:height\" content=\"765\" \/>\n\t<meta property=\"og:image:type\" content=\"image\/png\" \/>\n<meta name=\"twitter:card\" content=\"summary_large_image\" \/>\n<meta name=\"twitter:label1\" content=\"Odhadovan\u00e1 doba \u010dten\u00ed\" \/>\n\t<meta name=\"twitter:data1\" content=\"3 minuty\" \/>\n<script type=\"application\/ld+json\" class=\"yoast-schema-graph\">{\"@context\":\"https:\/\/schema.org\",\"@graph\":[{\"@type\":\"WebPage\",\"@id\":\"https:\/\/pistonaddict.com\/cs\/product\/ferrari-488-gtb\/\",\"url\":\"https:\/\/pistonaddict.com\/cs\/product\/ferrari-488-gtb\/\",\"name\":\"Ferrari 488 GTB aukce - Piston Addict\",\"isPartOf\":{\"@id\":\"https:\/\/pistonaddict.com\/cs\/#website\"},\"primaryImageOfPage\":{\"@id\":\"https:\/\/pistonaddict.com\/cs\/product\/ferrari-488-gtb\/#primaryimage\"},\"image\":{\"@id\":\"https:\/\/pistonaddict.com\/cs\/product\/ferrari-488-gtb\/#primaryimage\"},\"thumbnailUrl\":\"https:\/\/pistonaddict.com\/wp-content\/uploads\/2023\/12\/IMG_0075.png\",\"datePublished\":\"2023-12-01T09:53:23+00:00\",\"dateModified\":\"2023-12-20T10:45:33+00:00\",\"breadcrumb\":{\"@id\":\"https:\/\/pistonaddict.com\/cs\/product\/ferrari-488-gtb\/#breadcrumb\"},\"inLanguage\":\"cs\",\"potentialAction\":[{\"@type\":\"ReadAction\",\"target\":[\"https:\/\/pistonaddict.com\/cs\/product\/ferrari-488-gtb\/\"]}]},{\"@type\":\"ImageObject\",\"inLanguage\":\"cs\",\"@id\":\"https:\/\/pistonaddict.com\/cs\/product\/ferrari-488-gtb\/#primaryimage\",\"url\":\"https:\/\/pistonaddict.com\/wp-content\/uploads\/2023\/12\/IMG_0075.png\",\"contentUrl\":\"https:\/\/pistonaddict.com\/wp-content\/uploads\/2023\/12\/IMG_0075.png\",\"width\":2160,\"height\":1614},{\"@type\":\"BreadcrumbList\",\"@id\":\"https:\/\/pistonaddict.com\/cs\/product\/ferrari-488-gtb\/#breadcrumb\",\"itemListElement\":[{\"@type\":\"ListItem\",\"position\":1,\"name\":\"Domovsk\u00e1 str\u00e1nka\",\"item\":\"https:\/\/pistonaddict.com\/cs\/domovska-stranka-2\/\"},{\"@type\":\"ListItem\",\"position\":2,\"name\":\"Auctions\",\"item\":\"https:\/\/pistonaddict.com\/auctions-listing\/\"},{\"@type\":\"ListItem\",\"position\":3,\"name\":\"Ferrari 488 GTB\"}]},{\"@type\":\"WebSite\",\"@id\":\"https:\/\/pistonaddict.com\/cs\/#website\",\"url\":\"https:\/\/pistonaddict.com\/cs\/\",\"name\":\"Piston Addict\",\"description\":\"Only interesting vehicles\",\"publisher\":{\"@id\":\"https:\/\/pistonaddict.com\/cs\/#organization\"},\"potentialAction\":[{\"@type\":\"SearchAction\",\"target\":{\"@type\":\"EntryPoint\",\"urlTemplate\":\"https:\/\/pistonaddict.com\/cs\/?s={search_term_string}\"},\"query-input\":\"required name=search_term_string\"}],\"inLanguage\":\"cs\"},{\"@type\":\"Organization\",\"@id\":\"https:\/\/pistonaddict.com\/cs\/#organization\",\"name\":\"Piston Addict\",\"url\":\"https:\/\/pistonaddict.com\/cs\/\",\"logo\":{\"@type\":\"ImageObject\",\"inLanguage\":\"cs\",\"@id\":\"https:\/\/pistonaddict.com\/cs\/#\/schema\/logo\/image\/\",\"url\":\"https:\/\/pistonaddict.com\/wp-content\/uploads\/2022\/07\/logo-6.png\",\"contentUrl\":\"https:\/\/pistonaddict.com\/wp-content\/uploads\/2022\/07\/logo-6.png\",\"width\":970,\"height\":200,\"caption\":\"Piston Addict\"},\"image\":{\"@id\":\"https:\/\/pistonaddict.com\/cs\/#\/schema\/logo\/image\/\"}}]}<\/script>\n<!-- \/ Yoast SEO plugin. -->","yoast_head_json":{"title":"Ferrari 488 GTB aukce - Piston Addict","robots":{"index":"index","follow":"follow","max-snippet":"max-snippet:-1","max-image-preview":"max-image-preview:large","max-video-preview":"max-video-preview:-1"},"canonical":"https:\/\/pistonaddict.com\/cs\/product\/ferrari-488-gtb\/","og_locale":"cs_CZ","og_type":"article","og_title":"Ferrari 488 GTB aukce - Piston Addict","og_description":"Jestli\u017ee Ferrari 458 Italia bylo dokonal\u00fdm vozem s atmosf\u00e9rick\u00fdm pln\u011bn\u00edm, jeho n\u00e1stupce 488 Italia byl mistrovsk\u00fdm d\u00edlem s turbodmychadlem. Model 458 Italia nastavil extr\u00e9mn\u011b vysok\u00e9 standardy pro t\u0159\u00eddu sportovn\u00edch voz\u016f s motorem uprost\u0159ed, ale Ferrari se poda\u0159ilo p\u0159ekonat o\u010dek\u00e1v\u00e1n\u00ed s modelem 488 GTB. Neuv\u011b\u0159iteln\u011b v\u00fdkonn\u00fd, agresivn\u00ed a rychl\u00fd v\u016fz 488 GTB je skute\u010dn\u00fdm sportovn\u00edm vozem pro znalce, kter\u00fd je doma na autobahnu i na z\u00e1vodn\u00edm okruhu. P\u0159\u00edklad, kter\u00fd m\u00e1me v prodeji, je jedn\u00edm z nejlep\u0161\u00edch dostupn\u00fdch.","og_url":"https:\/\/pistonaddict.com\/cs\/product\/ferrari-488-gtb\/","og_site_name":"Piston Addict","article_modified_time":"2023-12-20T10:45:33+00:00","og_image":[{"width":1024,"height":765,"url":"https:\/\/pistonaddict.com\/wp-content\/uploads\/2023\/12\/IMG_0075-1024x765.png","type":"image\/png"}],"twitter_card":"summary_large_image","twitter_misc":{"Odhadovan\u00e1 doba \u010dten\u00ed":"3 minuty"},"schema":{"@context":"https:\/\/schema.org","@graph":[{"@type":"WebPage","@id":"https:\/\/pistonaddict.com\/cs\/product\/ferrari-488-gtb\/","url":"https:\/\/pistonaddict.com\/cs\/product\/ferrari-488-gtb\/","name":"Ferrari 488 GTB aukce - Piston Addict","isPartOf":{"@id":"https:\/\/pistonaddict.com\/cs\/#website"},"primaryImageOfPage":{"@id":"https:\/\/pistonaddict.com\/cs\/product\/ferrari-488-gtb\/#primaryimage"},"image":{"@id":"https:\/\/pistonaddict.com\/cs\/product\/ferrari-488-gtb\/#primaryimage"},"thumbnailUrl":"https:\/\/pistonaddict.com\/wp-content\/uploads\/2023\/12\/IMG_0075.png","datePublished":"2023-12-01T09:53:23+00:00","dateModified":"2023-12-20T10:45:33+00:00","breadcrumb":{"@id":"https:\/\/pistonaddict.com\/cs\/product\/ferrari-488-gtb\/#breadcrumb"},"inLanguage":"cs","potentialAction":[{"@type":"ReadAction","target":["https:\/\/pistonaddict.com\/cs\/product\/ferrari-488-gtb\/"]}]},{"@type":"ImageObject","inLanguage":"cs","@id":"https:\/\/pistonaddict.com\/cs\/product\/ferrari-488-gtb\/#primaryimage","url":"https:\/\/pistonaddict.com\/wp-content\/uploads\/2023\/12\/IMG_0075.png","contentUrl":"https:\/\/pistonaddict.com\/wp-content\/uploads\/2023\/12\/IMG_0075.png","width":2160,"height":1614},{"@type":"BreadcrumbList","@id":"https:\/\/pistonaddict.com\/cs\/product\/ferrari-488-gtb\/#breadcrumb","itemListElement":[{"@type":"ListItem","position":1,"name":"Domovsk\u00e1 str\u00e1nka","item":"https:\/\/pistonaddict.com\/cs\/domovska-stranka-2\/"},{"@type":"ListItem","position":2,"name":"Auctions","item":"https:\/\/pistonaddict.com\/auctions-listing\/"},{"@type":"ListItem","position":3,"name":"Ferrari 488 GTB"}]},{"@type":"WebSite","@id":"https:\/\/pistonaddict.com\/cs\/#website","url":"https:\/\/pistonaddict.com\/cs\/","name":"Piston Addict","description":"Only interesting vehicles","publisher":{"@id":"https:\/\/pistonaddict.com\/cs\/#organization"},"potentialAction":[{"@type":"SearchAction","target":{"@type":"EntryPoint","urlTemplate":"https:\/\/pistonaddict.com\/cs\/?s={search_term_string}"},"query-input":"required name=search_term_string"}],"inLanguage":"cs"},{"@type":"Organization","@id":"https:\/\/pistonaddict.com\/cs\/#organization","name":"Piston Addict","url":"https:\/\/pistonaddict.com\/cs\/","logo":{"@type":"ImageObject","inLanguage":"cs","@id":"https:\/\/pistonaddict.com\/cs\/#\/schema\/logo\/image\/","url":"https:\/\/pistonaddict.com\/wp-content\/uploads\/2022\/07\/logo-6.png","contentUrl":"https:\/\/pistonaddict.com\/wp-content\/uploads\/2022\/07\/logo-6.png","width":970,"height":200,"caption":"Piston Addict"},"image":{"@id":"https:\/\/pistonaddict.com\/cs\/#\/schema\/logo\/image\/"}}]}},"_links":{"self":[{"href":"https:\/\/pistonaddict.com\/cs\/wp-json\/wp\/v2\/product\/76296"}],"collection":[{"href":"https:\/\/pistonaddict.com\/cs\/wp-json\/wp\/v2\/product"}],"about":[{"href":"https:\/\/pistonaddict.com\/cs\/wp-json\/wp\/v2\/types\/product"}],"replies":[{"embeddable":true,"href":"https:\/\/pistonaddict.com\/cs\/wp-json\/wp\/v2\/comments?post=76296"}],"wp:featuredmedia":[{"embeddable":true,"href":"https:\/\/pistonaddict.com\/cs\/wp-json\/wp\/v2\/media\/75668"}],"wp:attachment":[{"href":"https:\/\/pistonaddict.com\/cs\/wp-json\/wp\/v2\/media?parent=76296"}],"wp:term":[{"taxonomy":"product_cat","embeddable":true,"href":"https:\/\/pistonaddict.com\/cs\/wp-json\/wp\/v2\/product_cat?post=76296"},{"taxonomy":"product_tag","embeddable":true,"href":"https:\/\/pistonaddict.com\/cs\/wp-json\/wp\/v2\/product_tag?post=76296"}],"curies":[{"name":"wp","href":"https:\/\/api.w.org\/{rel}","templated":true}]}}