{"id":75643,"date":"2023-12-01T10:02:11","date_gmt":"2023-12-01T09:02:11","guid":{"rendered":"https:\/\/pistonaddict.com\/product\/ferrari-458-italia\/"},"modified":"2023-12-20T09:59:14","modified_gmt":"2023-12-20T08:59:14","slug":"ferrari-458-italia","status":"publish","type":"product","link":"https:\/\/pistonaddict.com\/cs\/product\/ferrari-458-italia\/","title":{"rendered":"Ferrari 458 Italia"},"content":{"rendered":"<p><strong>Historie vozu<\/strong><\/p>\n<p>Model 458 Italia byl p\u0159edstaven v roce 2009 a znamenal novou \u00e9ru t\u00e9to legend\u00e1rn\u00ed zna\u010dky, nebo\u0165 p\u0159edstavil nov\u00fd designov\u00fd jazyk, motor V8 o objemu 4,5 litru, elektronick\u00fd diferenci\u00e1l a 7stup\u0148ovou dvouspojkovou automatickou p\u0159evodovku jako jedinou volitelnou motorizaci. S v\u00fdkonem 570 kon\u00ed p\u0159en\u00e1\u0161en\u00fdm na zadn\u00ed kola a \u010dervenou hranic\u00ed 9 000 ot\u00e1\u010dek za minutu poskytuje 458 Italia dynamiku j\u00edzdy t\u00e9m\u011b\u0159 jako Formule 1 se stejn\u00fdm zvukov\u00fdm projevem a vzru\u0161en\u00edm. Hned na za\u010d\u00e1tku testov\u00e1n\u00ed prohl\u00e1sili auto 458 za jedno z nejlep\u0161\u00edch silni\u010dn\u00edch Ferrari v nab\u00eddce, co\u017e je sice vysok\u00e9 hodnocen\u00ed, ale ne bezd\u016fvodn\u011b. Je to neuv\u011b\u0159iteln\u011b rychl\u00fd italsk\u00fd h\u0159ebec, kter\u00fd zrychl\u00ed z 0 na 100 km\/h za m\u00e9n\u011b ne\u017e 4 sekundy a dos\u00e1hne maxim\u00e1ln\u00ed rychlosti p\u0159es 320 km\/h. Toto konkr\u00e9tn\u00ed Ferrari 458 bylo vyrobeno v roce 2011 a sou\u010dasn\u00fd prodejce ho z\u00edskal v roce 2022. D\u00edky velmi zaj\u00edmav\u00e9 v\u00fdbav\u011b, klasick\u00e9mu \u010derveno-\u010dern\u00e9mu laku, n\u00edzk\u00e9mu po\u010dtu najet\u00fdch kilometr\u016f a ned\u00e1vn\u00e9mu servisu je p\u0159ipraven na to, aby si ho nov\u00fd majitel n\u00e1le\u017eit\u011b u\u017eil. P\u016fvodn\u00ed majitel tohoto vozu se soust\u0159edil na komfortn\u00ed v\u00fdbavu, jako je adaptivn\u00ed syst\u00e9m p\u0159edn\u00edch sv\u011btel, vyh\u0159\u00edvan\u00e1 sedadla, PDC pro snadn\u011bj\u0161\u00ed man\u00e9vrov\u00e1n\u00ed a parkov\u00e1n\u00ed, elektricky nastaviteln\u00fd sloupek \u0159\u00edzen\u00ed a mnoho dal\u0161\u00edho. To v\u0161e d\u011bl\u00e1 z tohoto modelu 458 Italia velmi dob\u0159e vybaven\u00fd a u\u017eivatelsky p\u0159\u00edv\u011btiv\u00fd exempl\u00e1\u0159.<\/p>\n<p><strong>Interi\u00e9r<\/strong><\/p>\n<p>Vzhledem k tomu, \u017ee toto Ferrari bylo pe\u010dliv\u011b udr\u017eov\u00e1no, je \u010dern\u00fd ko\u017een\u00fd interi\u00e9r ve velmi dobr\u00e9m stavu s minim\u00e1ln\u00edmi stopami pou\u017e\u00edv\u00e1n\u00ed. Sedadla s \u010derven\u00fdm pro\u0161\u00edv\u00e1n\u00edm jsou v ide\u00e1ln\u00edm stavu a p\u016fvodn\u00ed majitel si je zvolil pro elegantn\u00ed vzhled, kter\u00fd nikdy nevyjde z m\u00f3dy. Na vozidle nejsou \u017e\u00e1dn\u00e9 \u00fapravy a interi\u00e9r vypad\u00e1 jako nov\u00fd.<\/p>\n<p><strong>Stav<\/strong><\/p>\n<p>Toto Ferrari 458 Italia m\u00e1 najeto pouh\u00fdch 25 500 km, je bezvadn\u00e9 a v\u0161ichni jeho u\u017eivatel\u00e9 se o n\u011bj pe\u010dliv\u011b staraj\u00ed. V\u0161echny \u00fadr\u017ebov\u00e9 procedury byly provedeny v\u010das, posledn\u00ed v\u00fdm\u011bna oleje a servis prob\u011bhly v kv\u011btnu 2023 a brzdy byly repasov\u00e1ny teprve p\u0159ed n\u011bkolika dny, koncem listopadu 2023. U tohoto konkr\u00e9tn\u00edho p\u0159\u00edkladu je v\u0161ak je\u0161t\u011b d\u016fle\u017eit\u011bj\u0161\u00ed, \u017ee v\u0161echny tov\u00e1rn\u00ed svol\u00e1vac\u00ed akce modelu 458 Italia byly provedeny ofici\u00e1ln\u00edmi prodejci, kte\u0159\u00ed to dolo\u017eili dokumenty. V\u016fz byl p\u016fvodn\u011b dod\u00e1n v Nizozemsku a autorizovan\u00fd prodejce Ferrari provedl servisn\u00ed prohl\u00eddku. V roce 2019 byl vym\u011bn\u011bn airbag spolujezdce a v roce 2022 bylo vym\u011bn\u011bno v\u00ed\u010dko n\u00e1dr\u017eky brzdov\u00e9 kapaliny. V\u0161echny tyto z\u00e1sahy p\u0159i sta\u017een\u00ed byly schv\u00e1leny v\u00fdrobn\u00edm z\u00e1vodem a zdokumentov\u00e1ny. Je vid\u011bt, \u017ee v\u0161ichni majitel\u00e9 jsou oddan\u00ed nad\u0161enci. <strong>Tento konkr\u00e9tn\u00ed v\u016fz m\u00e1 prodlou\u017eenou z\u00e1ruku Ferrari New Power na dal\u0161\u00edch 12 m\u011bs\u00edc\u016f<\/strong>.<\/p>\n<p><strong> <\/strong><strong>Exteri\u00e9r a kola<\/strong><\/p>\n<p>Barva Rosso Corsa je nejb\u011b\u017en\u011bj\u0161\u00ed barvou Ferrari, ale tento legend\u00e1rn\u00ed odst\u00edn dokonale lad\u00ed se sv\u016fdn\u00fdmi liniemi modelu 458 Italia. P\u016fvodn\u00ed lak je bez zn\u00e1mek, bez \u0161kr\u00e1banc\u016f a od\u0159enin a v\u016fz je dokonale reprezentativn\u00ed. S 20palcov\u00fdmi origin\u00e1ln\u00edmi koly z v\u00fdroby a zcela nov\u00fdmi pneumatikami Michelin je tento v\u016fz p\u0159ipraven podat pln\u00fd v\u00fdkon. Jednou z pozoruhodn\u00fdch v\u00fdbav tohoto vozu jsou keramick\u00e9 brzdy pro neuv\u011b\u0159itelnou brzdnou s\u00edlu.<\/p>\n<p><strong>Dokumentace<\/strong><\/p>\n<p>Toto vozidlo je prod\u00e1v\u00e1no profesion\u00e1lem s p\u0159\u00edslu\u0161nou dokumentac\u00ed a nach\u00e1z\u00ed se ve Francii. Zpr\u00e1va <a href=\"https:\/\/pistonaddict.com\/wp-content\/uploads\/2023\/12\/CarVertical458.pdf\" target=\"_blank\" rel=\"noopener\">CarVertical<\/a> je \u010dist\u00e1; neexistuj\u00ed \u017e\u00e1dn\u00e9 doklady o nehod\u00e1ch, oprav\u00e1ch po nehod\u00e1ch, vlastnictv\u00ed nebo pr\u00e1vn\u00edch probl\u00e9mech. K dispozici jsou z\u00e1znamy o pravideln\u00e9 \u00fadr\u017eb\u011b, origin\u00e1ln\u00ed tov\u00e1rn\u00ed prospekty, prodejn\u00ed \u00fa\u010dty a \u00fa\u010dtenky. Prodlou\u017een\u00e1 tov\u00e1rn\u00ed z\u00e1ruka (Ferrari Power) u tohoto modelu na 12 m\u011bs\u00edc\u016f a certifik\u00e1t o shod\u011b (v hodnot\u011b 2000 eur) jsou dal\u0161\u00edm d\u016fkazem, \u017ee se jedn\u00e1 o \u0161pi\u010dkov\u00e9 sb\u011bratelsk\u00e9 vozidlo.<\/p>\n<p><strong>Pod\u00edvejte se na video se studen\u00fdm startem tohoto kr\u00e1sn\u00e9ho Ferrari 458 Italia :<\/strong><\/p>\n<p><iframe title=\"Cold Start Video of the Ferrari 458 Italia for auction sale\" width=\"1200\" height=\"675\" src=\"https:\/\/www.youtube.com\/embed\/BEdW3ySb03E?feature=oembed\" frameborder=\"0\" allow=\"accelerometer; autoplay; clipboard-write; encrypted-media; gyroscope; picture-in-picture; web-share\" allowfullscreen><\/iframe><\/p>\n","protected":false},"excerpt":{"rendered":"<p>Ferrari, kter\u00e9 je v\u017edy na \u0161pi\u010dce automobilov\u00fdch technologi\u00ed a v\u00fdkon\u016f, zavedlo do v\u0161ech sv\u00fdch model\u016f standardn\u011b p\u0159epl\u0148ov\u00e1n\u00ed turbodmychadlem a hybridn\u00ed pohonn\u00e9 \u00fastroj\u00ed. Ferrari v\u0161ak na kr\u00e1tk\u00fd okam\u017eik vyrobilo naprosto modern\u00ed sportovn\u00ed v\u016fz poh\u00e1n\u011bn\u00fd \u0159vouc\u00edm atmosf\u00e9rick\u00fdm motorem, kter\u00fd dokonale kombinoval modern\u00ed technologie, vysok\u00e9 ot\u00e1\u010dky a nesm\u00edrn\u011b v\u00fdkonn\u00fd motor s okouzluj\u00edc\u00edm pocitem ze star\u00e9 \u0161koly. Ano, mluv\u00edme o modelu 458 Italia a jsme hrd\u00ed na to, \u017ee v\u00e1m m\u016f\u017eeme nab\u00eddnout jeden z nejlep\u0161\u00edch exempl\u00e1\u0159\u016f na trhu.<\/p>\n","protected":false},"featured_media":75535,"comment_status":"open","ping_status":"closed","template":"","meta":{"inline_featured_image":false},"product_cat":[760],"product_tag":[2595,2591,929,2587],"acf":[],"yoast_head":"<!-- This site is optimized with the Yoast SEO plugin v22.5 - https:\/\/yoast.com\/wordpress\/plugins\/seo\/ -->\n<title>Ferrari 458 Italia aukce - Piston Addict<\/title>\n<meta name=\"robots\" content=\"index, follow, max-snippet:-1, max-image-preview:large, max-video-preview:-1\" \/>\n<link rel=\"canonical\" href=\"https:\/\/pistonaddict.com\/cs\/product\/ferrari-458-italia\/\" \/>\n<meta property=\"og:locale\" content=\"cs_CZ\" \/>\n<meta property=\"og:type\" content=\"article\" \/>\n<meta property=\"og:title\" content=\"Ferrari 458 Italia aukce - Piston Addict\" \/>\n<meta property=\"og:description\" content=\"Ferrari, kter\u00e9 je v\u017edy na \u0161pi\u010dce automobilov\u00fdch technologi\u00ed a v\u00fdkon\u016f, zavedlo do v\u0161ech sv\u00fdch model\u016f standardn\u011b p\u0159epl\u0148ov\u00e1n\u00ed turbodmychadlem a hybridn\u00ed pohonn\u00e9 \u00fastroj\u00ed. Ferrari v\u0161ak na kr\u00e1tk\u00fd okam\u017eik vyrobilo naprosto modern\u00ed sportovn\u00ed v\u016fz poh\u00e1n\u011bn\u00fd \u0159vouc\u00edm atmosf\u00e9rick\u00fdm motorem, kter\u00fd dokonale kombinoval modern\u00ed technologie, vysok\u00e9 ot\u00e1\u010dky a nesm\u00edrn\u011b v\u00fdkonn\u00fd motor s okouzluj\u00edc\u00edm pocitem ze star\u00e9 \u0161koly. Ano, mluv\u00edme o modelu 458 Italia a jsme hrd\u00ed na to, \u017ee v\u00e1m m\u016f\u017eeme nab\u00eddnout jeden z nejlep\u0161\u00edch exempl\u00e1\u0159\u016f na trhu.\" \/>\n<meta property=\"og:url\" content=\"https:\/\/pistonaddict.com\/cs\/product\/ferrari-458-italia\/\" \/>\n<meta property=\"og:site_name\" content=\"Piston Addict\" \/>\n<meta property=\"article:modified_time\" content=\"2023-12-20T08:59:14+00:00\" \/>\n<meta property=\"og:image\" content=\"https:\/\/pistonaddict.com\/wp-content\/uploads\/2023\/12\/IMG_0124.jpeg\" \/>\n\t<meta property=\"og:image:width\" content=\"1885\" \/>\n\t<meta property=\"og:image:height\" content=\"1207\" \/>\n\t<meta property=\"og:image:type\" content=\"image\/jpeg\" \/>\n<meta name=\"twitter:card\" content=\"summary_large_image\" \/>\n<meta name=\"twitter:label1\" content=\"Odhadovan\u00e1 doba \u010dten\u00ed\" \/>\n\t<meta name=\"twitter:data1\" content=\"4 minuty\" \/>\n<script type=\"application\/ld+json\" class=\"yoast-schema-graph\">{\"@context\":\"https:\/\/schema.org\",\"@graph\":[{\"@type\":\"WebPage\",\"@id\":\"https:\/\/pistonaddict.com\/cs\/product\/ferrari-458-italia\/\",\"url\":\"https:\/\/pistonaddict.com\/cs\/product\/ferrari-458-italia\/\",\"name\":\"Ferrari 458 Italia aukce - Piston Addict\",\"isPartOf\":{\"@id\":\"https:\/\/pistonaddict.com\/cs\/#website\"},\"primaryImageOfPage\":{\"@id\":\"https:\/\/pistonaddict.com\/cs\/product\/ferrari-458-italia\/#primaryimage\"},\"image\":{\"@id\":\"https:\/\/pistonaddict.com\/cs\/product\/ferrari-458-italia\/#primaryimage\"},\"thumbnailUrl\":\"https:\/\/pistonaddict.com\/wp-content\/uploads\/2023\/12\/IMG_0124.jpeg\",\"datePublished\":\"2023-12-01T09:02:11+00:00\",\"dateModified\":\"2023-12-20T08:59:14+00:00\",\"breadcrumb\":{\"@id\":\"https:\/\/pistonaddict.com\/cs\/product\/ferrari-458-italia\/#breadcrumb\"},\"inLanguage\":\"cs\",\"potentialAction\":[{\"@type\":\"ReadAction\",\"target\":[\"https:\/\/pistonaddict.com\/cs\/product\/ferrari-458-italia\/\"]}]},{\"@type\":\"ImageObject\",\"inLanguage\":\"cs\",\"@id\":\"https:\/\/pistonaddict.com\/cs\/product\/ferrari-458-italia\/#primaryimage\",\"url\":\"https:\/\/pistonaddict.com\/wp-content\/uploads\/2023\/12\/IMG_0124.jpeg\",\"contentUrl\":\"https:\/\/pistonaddict.com\/wp-content\/uploads\/2023\/12\/IMG_0124.jpeg\",\"width\":1885,\"height\":1207},{\"@type\":\"BreadcrumbList\",\"@id\":\"https:\/\/pistonaddict.com\/cs\/product\/ferrari-458-italia\/#breadcrumb\",\"itemListElement\":[{\"@type\":\"ListItem\",\"position\":1,\"name\":\"Domovsk\u00e1 str\u00e1nka\",\"item\":\"https:\/\/pistonaddict.com\/cs\/domovska-stranka-2\/\"},{\"@type\":\"ListItem\",\"position\":2,\"name\":\"Auctions\",\"item\":\"https:\/\/pistonaddict.com\/auctions-listing\/\"},{\"@type\":\"ListItem\",\"position\":3,\"name\":\"Ferrari 458 Italia\"}]},{\"@type\":\"WebSite\",\"@id\":\"https:\/\/pistonaddict.com\/cs\/#website\",\"url\":\"https:\/\/pistonaddict.com\/cs\/\",\"name\":\"Piston Addict\",\"description\":\"Only interesting vehicles\",\"publisher\":{\"@id\":\"https:\/\/pistonaddict.com\/cs\/#organization\"},\"potentialAction\":[{\"@type\":\"SearchAction\",\"target\":{\"@type\":\"EntryPoint\",\"urlTemplate\":\"https:\/\/pistonaddict.com\/cs\/?s={search_term_string}\"},\"query-input\":\"required name=search_term_string\"}],\"inLanguage\":\"cs\"},{\"@type\":\"Organization\",\"@id\":\"https:\/\/pistonaddict.com\/cs\/#organization\",\"name\":\"Piston Addict\",\"url\":\"https:\/\/pistonaddict.com\/cs\/\",\"logo\":{\"@type\":\"ImageObject\",\"inLanguage\":\"cs\",\"@id\":\"https:\/\/pistonaddict.com\/cs\/#\/schema\/logo\/image\/\",\"url\":\"https:\/\/pistonaddict.com\/wp-content\/uploads\/2022\/07\/logo-6.png\",\"contentUrl\":\"https:\/\/pistonaddict.com\/wp-content\/uploads\/2022\/07\/logo-6.png\",\"width\":970,\"height\":200,\"caption\":\"Piston Addict\"},\"image\":{\"@id\":\"https:\/\/pistonaddict.com\/cs\/#\/schema\/logo\/image\/\"}}]}<\/script>\n<!-- \/ Yoast SEO plugin. -->","yoast_head_json":{"title":"Ferrari 458 Italia aukce - Piston Addict","robots":{"index":"index","follow":"follow","max-snippet":"max-snippet:-1","max-image-preview":"max-image-preview:large","max-video-preview":"max-video-preview:-1"},"canonical":"https:\/\/pistonaddict.com\/cs\/product\/ferrari-458-italia\/","og_locale":"cs_CZ","og_type":"article","og_title":"Ferrari 458 Italia aukce - Piston Addict","og_description":"Ferrari, kter\u00e9 je v\u017edy na \u0161pi\u010dce automobilov\u00fdch technologi\u00ed a v\u00fdkon\u016f, zavedlo do v\u0161ech sv\u00fdch model\u016f standardn\u011b p\u0159epl\u0148ov\u00e1n\u00ed turbodmychadlem a hybridn\u00ed pohonn\u00e9 \u00fastroj\u00ed. Ferrari v\u0161ak na kr\u00e1tk\u00fd okam\u017eik vyrobilo naprosto modern\u00ed sportovn\u00ed v\u016fz poh\u00e1n\u011bn\u00fd \u0159vouc\u00edm atmosf\u00e9rick\u00fdm motorem, kter\u00fd dokonale kombinoval modern\u00ed technologie, vysok\u00e9 ot\u00e1\u010dky a nesm\u00edrn\u011b v\u00fdkonn\u00fd motor s okouzluj\u00edc\u00edm pocitem ze star\u00e9 \u0161koly. Ano, mluv\u00edme o modelu 458 Italia a jsme hrd\u00ed na to, \u017ee v\u00e1m m\u016f\u017eeme nab\u00eddnout jeden z nejlep\u0161\u00edch exempl\u00e1\u0159\u016f na trhu.","og_url":"https:\/\/pistonaddict.com\/cs\/product\/ferrari-458-italia\/","og_site_name":"Piston Addict","article_modified_time":"2023-12-20T08:59:14+00:00","og_image":[{"width":1885,"height":1207,"url":"https:\/\/pistonaddict.com\/wp-content\/uploads\/2023\/12\/IMG_0124.jpeg","type":"image\/jpeg"}],"twitter_card":"summary_large_image","twitter_misc":{"Odhadovan\u00e1 doba \u010dten\u00ed":"4 minuty"},"schema":{"@context":"https:\/\/schema.org","@graph":[{"@type":"WebPage","@id":"https:\/\/pistonaddict.com\/cs\/product\/ferrari-458-italia\/","url":"https:\/\/pistonaddict.com\/cs\/product\/ferrari-458-italia\/","name":"Ferrari 458 Italia aukce - Piston Addict","isPartOf":{"@id":"https:\/\/pistonaddict.com\/cs\/#website"},"primaryImageOfPage":{"@id":"https:\/\/pistonaddict.com\/cs\/product\/ferrari-458-italia\/#primaryimage"},"image":{"@id":"https:\/\/pistonaddict.com\/cs\/product\/ferrari-458-italia\/#primaryimage"},"thumbnailUrl":"https:\/\/pistonaddict.com\/wp-content\/uploads\/2023\/12\/IMG_0124.jpeg","datePublished":"2023-12-01T09:02:11+00:00","dateModified":"2023-12-20T08:59:14+00:00","breadcrumb":{"@id":"https:\/\/pistonaddict.com\/cs\/product\/ferrari-458-italia\/#breadcrumb"},"inLanguage":"cs","potentialAction":[{"@type":"ReadAction","target":["https:\/\/pistonaddict.com\/cs\/product\/ferrari-458-italia\/"]}]},{"@type":"ImageObject","inLanguage":"cs","@id":"https:\/\/pistonaddict.com\/cs\/product\/ferrari-458-italia\/#primaryimage","url":"https:\/\/pistonaddict.com\/wp-content\/uploads\/2023\/12\/IMG_0124.jpeg","contentUrl":"https:\/\/pistonaddict.com\/wp-content\/uploads\/2023\/12\/IMG_0124.jpeg","width":1885,"height":1207},{"@type":"BreadcrumbList","@id":"https:\/\/pistonaddict.com\/cs\/product\/ferrari-458-italia\/#breadcrumb","itemListElement":[{"@type":"ListItem","position":1,"name":"Domovsk\u00e1 str\u00e1nka","item":"https:\/\/pistonaddict.com\/cs\/domovska-stranka-2\/"},{"@type":"ListItem","position":2,"name":"Auctions","item":"https:\/\/pistonaddict.com\/auctions-listing\/"},{"@type":"ListItem","position":3,"name":"Ferrari 458 Italia"}]},{"@type":"WebSite","@id":"https:\/\/pistonaddict.com\/cs\/#website","url":"https:\/\/pistonaddict.com\/cs\/","name":"Piston Addict","description":"Only interesting vehicles","publisher":{"@id":"https:\/\/pistonaddict.com\/cs\/#organization"},"potentialAction":[{"@type":"SearchAction","target":{"@type":"EntryPoint","urlTemplate":"https:\/\/pistonaddict.com\/cs\/?s={search_term_string}"},"query-input":"required name=search_term_string"}],"inLanguage":"cs"},{"@type":"Organization","@id":"https:\/\/pistonaddict.com\/cs\/#organization","name":"Piston Addict","url":"https:\/\/pistonaddict.com\/cs\/","logo":{"@type":"ImageObject","inLanguage":"cs","@id":"https:\/\/pistonaddict.com\/cs\/#\/schema\/logo\/image\/","url":"https:\/\/pistonaddict.com\/wp-content\/uploads\/2022\/07\/logo-6.png","contentUrl":"https:\/\/pistonaddict.com\/wp-content\/uploads\/2022\/07\/logo-6.png","width":970,"height":200,"caption":"Piston Addict"},"image":{"@id":"https:\/\/pistonaddict.com\/cs\/#\/schema\/logo\/image\/"}}]}},"_links":{"self":[{"href":"https:\/\/pistonaddict.com\/cs\/wp-json\/wp\/v2\/product\/75643"}],"collection":[{"href":"https:\/\/pistonaddict.com\/cs\/wp-json\/wp\/v2\/product"}],"about":[{"href":"https:\/\/pistonaddict.com\/cs\/wp-json\/wp\/v2\/types\/product"}],"replies":[{"embeddable":true,"href":"https:\/\/pistonaddict.com\/cs\/wp-json\/wp\/v2\/comments?post=75643"}],"wp:featuredmedia":[{"embeddable":true,"href":"https:\/\/pistonaddict.com\/cs\/wp-json\/wp\/v2\/media\/75535"}],"wp:attachment":[{"href":"https:\/\/pistonaddict.com\/cs\/wp-json\/wp\/v2\/media?parent=75643"}],"wp:term":[{"taxonomy":"product_cat","embeddable":true,"href":"https:\/\/pistonaddict.com\/cs\/wp-json\/wp\/v2\/product_cat?post=75643"},{"taxonomy":"product_tag","embeddable":true,"href":"https:\/\/pistonaddict.com\/cs\/wp-json\/wp\/v2\/product_tag?post=75643"}],"curies":[{"name":"wp","href":"https:\/\/api.w.org\/{rel}","templated":true}]}}