{"id":72241,"date":"2023-11-17T17:40:02","date_gmt":"2023-11-17T16:40:02","guid":{"rendered":"https:\/\/pistonaddict.com\/product\/land-rover-defender-p90e-electric\/"},"modified":"2024-03-19T16:59:26","modified_gmt":"2024-03-19T15:59:26","slug":"land-rover-defender-p90e-electric","status":"publish","type":"product","link":"https:\/\/pistonaddict.com\/cs\/product\/land-rover-defender-p90e-electric\/","title":{"rendered":"Land Rover Defender P90E Electric"},"content":{"rendered":"<p><strong>Historie vozu<\/strong><\/p>\n<p>Land Rover Defender je ve sv\u011bt\u011b ter\u00e9nn\u00edch vozidel nespornou ikonou. Skute\u010dn\u00fd automobilov\u00fd hrdina a model, kter\u00fd je st\u00e1le symbolem robustnosti, spolehlivosti a chov\u00e1n\u00ed, s n\u00edm\u017e se dostanete kamkoli. Proto je st\u00e1le vysn\u011bn\u00fdm vozem milion\u016f fanou\u0161k\u016f off-road\u016f po cel\u00e9m sv\u011bt\u011b. Klasick\u00e9 modely, jakkoli jsou chladn\u00e9 a okouzluj\u00edc\u00ed, jsou v\u0161ak v dne\u0161n\u00edm sv\u011bt\u011b, kter\u00fd se zab\u00fdv\u00e1 dopravou a \u017eivotn\u00edm prost\u0159ed\u00edm, zastaral\u00e9. \u0160v\u00fdcarsk\u00e1 spole\u010dnost Revive na\u0161la \u0159e\u0161en\u00ed a p\u0159estav\u011bla tento exempl\u00e1\u0159 na modern\u00ed elektrick\u00fd pohon, kter\u00fd zcela zm\u011bnil dojem z tohoto klasick\u00e9ho vozidla a roz\u0161\u00ed\u0159il jeho schopnosti. Tento konkr\u00e9tn\u00ed exempl\u00e1\u0159 byl vyroben v roce 1999 v \u017e\u00e1dan\u00e9m t\u0159\u00eddve\u0159ov\u00e9m proveden\u00ed a dod\u00e1n jako nov\u00fd ve \u0160v\u00fdcarsku. Prodejce jej z\u00edskal v roce 2021 a v roce 2022 pro\u0161el d\u016fkladnou modernizac\u00ed, kterou provedla spole\u010dnost Revive a jej\u00edm\u017e v\u00fdsledkem byla prvn\u00ed p\u0159estavba Defenderu EV ve \u0160v\u00fdcarsku. P\u016fvodn\u00ed vzn\u011btov\u00fd motor byl nahrazen elektromotorem Netgain Hyper 9 o v\u00fdkonu 66 kW (100 k), kter\u00fd je dopln\u011bn bateri\u00ed o kapacit\u011b 44 kWh. Zaj\u00edmav\u00e9 je, \u017ee elektromotor byl p\u0159ipojen k p\u016fvodn\u00ed manu\u00e1ln\u00ed p\u0159evodovce a pohonu 4&#215;4. Tento Defender m\u00e1 jedine\u010dnou kombinaci elektrick\u00e9ho pohonu a \u0159adic\u00ed p\u00e1ky, vy\u0161\u0161\u00ed v\u00fdkon, vy\u0161\u0161\u00ed to\u010div\u00fd moment a dojezd p\u0159ibli\u017en\u011b 120 a\u017e 130 km.<\/p>\n<p><strong>Interi\u00e9r<\/strong><\/p>\n<p>Krom\u011b centr\u00e1ln\u00edho displeje je interi\u00e9r tohoto jedine\u010dn\u00e9ho Land Roveru Defender dobov\u00fd a ve v\u00fdborn\u00e9m stavu. Sedadla jsou pota\u017eena l\u00e1tkou a vzadu jsou skv\u011ble vypadaj\u00edc\u00ed sedadla s dun\u011bn\u00edm. P\u0159\u00edstrojov\u00e1 deska vypad\u00e1 stejn\u011b jako p\u016fvodn\u00ed. M\u00e1 n\u011bkolik dal\u0161\u00edch sp\u00edna\u010d\u016f, vylep\u0161en\u00fd audiosyst\u00e9m a palivom\u011br, kter\u00fd byl upraven tak, aby ukazoval mno\u017estv\u00ed elekt\u0159iny v bateri\u00edch, co\u017e je vynikaj\u00edc\u00ed zak\u00e1zkov\u00fd detail. P\u0159esto\u017ee m\u00e1 Defender nyn\u00ed akumul\u00e1tor, neztratil nic ze sv\u00e9 prakti\u010dnosti ani vnit\u0159n\u00edho prostoru.<\/p>\n<p><strong> <\/strong><strong>Stav<\/strong><\/p>\n<p>Tento legend\u00e1rn\u00ed ter\u00e9nn\u00ed v\u016fz najel od nov\u00e9ho vozu a\u017e do p\u0159estavby firmou Revive 187 654 km. Tento konkr\u00e9tn\u00ed exempl\u00e1\u0159 byl vybr\u00e1n pro sv\u016fj stav, absenci po\u0161kozen\u00ed nebo koroze, co\u017e jsou b\u011b\u017en\u00e9 probl\u00e9my klasick\u00fdch voz\u016f Defender. Od p\u0159estavby ujel Defender jen necel\u00fdch 10 000 kilometr\u016f a je p\u0159ipraven ujet je\u0161t\u011b mnohem v\u00edce, proto\u017ee jeho motor je zcela nov\u00fd. V sou\u010dasn\u00e9 dob\u011b je na tachometru n\u011bco m\u00e1lo p\u0159es 197 500 km. K vozu je dod\u00e1v\u00e1na obs\u00e1hl\u00e1 dokumentace, dokumentace a z\u00e1ruka spole\u010dnosti Revive. T\u011bsn\u011b p\u0159ed p\u0159estavbou v roce 2022 pro\u0161lo vozidlo d\u016fkladnou \u00fadr\u017ebou a p\u0159ed n\u011bkolika dny, v listopadu 2023, byly provedeny gener\u00e1ln\u00ed opravy brzd. Podstatn\u00e9 je, \u017ee tento Defender pro\u0161el \u0161v\u00fdcarskou technickou kontrolou, byl registrov\u00e1n a je na n\u011bj poskytov\u00e1na t\u0159\u00edlet\u00e1 z\u00e1ruka Revive, co\u017e sv\u011bd\u010d\u00ed o tom, \u017ee celkov\u00fd stav je fantastick\u00fd a \u017ee vozidlo je naprosto vhodn\u00e9 pro jak\u00e9koli pou\u017eit\u00ed na silnici i v ter\u00e9nu.<\/p>\n<p><strong> <\/strong><strong>Exteri\u00e9r a kola<\/strong><\/p>\n<p>Zvenku vypad\u00e1 tento Defender EV jako jak\u00fdkoli jin\u00fd Land Rover stejn\u00e9ho ro\u010dn\u00edku a jedin\u00e9, co ho odli\u0161uje, jsou n\u00e1lepky a nab\u00edjec\u00ed port m\u00edsto v\u00ed\u010dka palivov\u00e9 n\u00e1dr\u017ee. S origin\u00e1ln\u00edmi 16palcov\u00fdmi koly obut\u00fdmi do ter\u00e9nn\u00edch pneumatik Nokian (z roku 2021) si porad\u00ed s jak\u00fdmkoli ter\u00e9nem. Na voze nejsou \u017e\u00e1dn\u00e9 r\u00fdhy, \u0161kr\u00e1bance ani rez a \u0161ed\u00fd lak je p\u016fvodn\u00ed.<\/p>\n<p><strong> <\/strong><strong>Dokumentace<\/strong><\/p>\n<p>Majitel prod\u00e1v\u00e1 toto vozidlo s p\u0159\u00edslu\u0161nou dokumentac\u00ed a nach\u00e1z\u00ed se ve \u0160v\u00fdcarsku. <a href=\"https:\/\/pistonaddict.com\/wp-content\/uploads\/2023\/11\/CarVertical.pdf\">Vertik\u00e1ln\u00ed<\/a> zpr\u00e1va o <a href=\"https:\/\/pistonaddict.com\/wp-content\/uploads\/2023\/11\/CarVertical.pdf\">vozidle<\/a> je \u010dist\u00e1; neexistuj\u00ed \u017e\u00e1dn\u00e9 doklady o nehod\u00e1ch, oprav\u00e1ch po nehod\u00e1ch, vlastnictv\u00ed nebo pr\u00e1vn\u00edch probl\u00e9mech. Existuj\u00ed z\u00e1znamy o pravideln\u00e9 \u00fadr\u017eb\u011b, origin\u00e1ln\u00ed tov\u00e1rn\u00ed prospekty, prodejn\u00ed \u00fa\u010dty a \u00fa\u010dtenky.  <strong>K vozu je p\u0159ilo\u017eena p\u0159\u00edslu\u0161n\u00e1 dokumentace od spole\u010dnosti Revive, p\u00edsemn\u00e1 t\u0159\u00edlet\u00e1 z\u00e1ruka na elektromotor a akumul\u00e1tor a technick\u00e1 kontrola \u0161v\u00fdcarsk\u00fdmi \u00fa\u0159ady. S vozem je dod\u00e1v\u00e1na tak\u00e9 obs\u00e1hl\u00e1 u\u017eivatelsk\u00e1 p\u0159\u00edru\u010dka a pojistn\u00e1 dokumentace.<\/strong>. To v\u0161e znamen\u00e1, \u017ee tento Defender EV je pln\u011b leg\u00e1ln\u00ed, p\u0159ipraven\u00fd k v\u00fdvozu a lze jej pou\u017e\u00edvat kdekoli.<\/p>\n<p><strong>Pod\u00edvejte se na video studen\u00e9ho startu tohoto velmi zaj\u00edmav\u00e9ho Land Roveru Defender s pln\u011b elektrick\u00fdm pohonem:<\/strong><\/p>\n<p><iframe title=\"Cold Start Video of the Land Rover Defender full Electric for auction sale\" width=\"1200\" height=\"900\" src=\"https:\/\/www.youtube.com\/embed\/8ZfpIXIwhOI?feature=oembed\" frameborder=\"0\" allow=\"accelerometer; autoplay; clipboard-write; encrypted-media; gyroscope; picture-in-picture; web-share\" allowfullscreen><\/iframe><\/p>\n<p><strong> <\/strong><\/p>\n","protected":false},"excerpt":{"rendered":"<p>Jedn\u00edm z nejzaj\u00edmav\u011bj\u0161\u00edch aspekt\u016f revoluce elektrick\u00fdch vozidel je, \u017ee m\u016f\u017eeme znovu objevit klasick\u00e1 auta a vdechnout jim nov\u00fd \u017eivot. Dovybaven\u00ed klasick\u00e9ho vozidla ultramodern\u00edm elektrick\u00fdm pohonem je krokem nad r\u00e1mec renovace a p\u0159edstavuje jedine\u010dn\u00fd zp\u016fsob, jak sladit rozpoznateln\u00fd tvar s technologi\u00ed 21. stolet\u00ed. Dnes v\u00e1m takov\u00fd v\u016fz p\u0159edstavujeme &#8211; Land Rover Defender EV, prvn\u00ed klasick\u00fd Defender p\u0159estav\u011bn\u00fd na elektromobil \u0161v\u00fdcarskou spole\u010dnost\u00ed Revive.<\/p>\n","protected":false},"featured_media":71381,"comment_status":"open","ping_status":"closed","template":"","meta":{"inline_featured_image":false},"product_cat":[760],"product_tag":[2569,2486,2494,2491],"acf":[],"yoast_head":"<!-- This site is optimized with the Yoast SEO plugin v22.5 - https:\/\/yoast.com\/wordpress\/plugins\/seo\/ -->\n<title>Land Rover Defender P90E Electric aukce - Piston Addict<\/title>\n<meta name=\"robots\" content=\"index, follow, max-snippet:-1, max-image-preview:large, max-video-preview:-1\" \/>\n<link rel=\"canonical\" href=\"https:\/\/pistonaddict.com\/cs\/product\/land-rover-defender-p90e-electric\/\" \/>\n<meta property=\"og:locale\" content=\"cs_CZ\" \/>\n<meta property=\"og:type\" content=\"article\" \/>\n<meta property=\"og:title\" content=\"Land Rover Defender P90E Electric aukce - Piston Addict\" \/>\n<meta property=\"og:description\" content=\"Jedn\u00edm z nejzaj\u00edmav\u011bj\u0161\u00edch aspekt\u016f revoluce elektrick\u00fdch vozidel je, \u017ee m\u016f\u017eeme znovu objevit klasick\u00e1 auta a vdechnout jim nov\u00fd \u017eivot. Dovybaven\u00ed klasick\u00e9ho vozidla ultramodern\u00edm elektrick\u00fdm pohonem je krokem nad r\u00e1mec renovace a p\u0159edstavuje jedine\u010dn\u00fd zp\u016fsob, jak sladit rozpoznateln\u00fd tvar s technologi\u00ed 21. stolet\u00ed. Dnes v\u00e1m takov\u00fd v\u016fz p\u0159edstavujeme - Land Rover Defender EV, prvn\u00ed klasick\u00fd Defender p\u0159estav\u011bn\u00fd na elektromobil \u0161v\u00fdcarskou spole\u010dnost\u00ed Revive.\" \/>\n<meta property=\"og:url\" content=\"https:\/\/pistonaddict.com\/cs\/product\/land-rover-defender-p90e-electric\/\" \/>\n<meta property=\"og:site_name\" content=\"Piston Addict\" \/>\n<meta property=\"article:modified_time\" content=\"2024-03-19T15:59:26+00:00\" \/>\n<meta property=\"og:image\" content=\"https:\/\/pistonaddict.com\/wp-content\/uploads\/2023\/11\/def-05.jpg\" \/>\n\t<meta property=\"og:image:width\" content=\"2560\" \/>\n\t<meta property=\"og:image:height\" content=\"1440\" \/>\n\t<meta property=\"og:image:type\" content=\"image\/jpeg\" \/>\n<meta name=\"twitter:card\" content=\"summary_large_image\" \/>\n<meta name=\"twitter:label1\" content=\"Odhadovan\u00e1 doba \u010dten\u00ed\" \/>\n\t<meta name=\"twitter:data1\" content=\"4 minuty\" \/>\n<script type=\"application\/ld+json\" class=\"yoast-schema-graph\">{\"@context\":\"https:\/\/schema.org\",\"@graph\":[{\"@type\":\"WebPage\",\"@id\":\"https:\/\/pistonaddict.com\/cs\/product\/land-rover-defender-p90e-electric\/\",\"url\":\"https:\/\/pistonaddict.com\/cs\/product\/land-rover-defender-p90e-electric\/\",\"name\":\"Land Rover Defender P90E Electric aukce - Piston Addict\",\"isPartOf\":{\"@id\":\"https:\/\/pistonaddict.com\/cs\/#website\"},\"primaryImageOfPage\":{\"@id\":\"https:\/\/pistonaddict.com\/cs\/product\/land-rover-defender-p90e-electric\/#primaryimage\"},\"image\":{\"@id\":\"https:\/\/pistonaddict.com\/cs\/product\/land-rover-defender-p90e-electric\/#primaryimage\"},\"thumbnailUrl\":\"https:\/\/pistonaddict.com\/wp-content\/uploads\/2023\/11\/def-05.jpg\",\"datePublished\":\"2023-11-17T16:40:02+00:00\",\"dateModified\":\"2024-03-19T15:59:26+00:00\",\"breadcrumb\":{\"@id\":\"https:\/\/pistonaddict.com\/cs\/product\/land-rover-defender-p90e-electric\/#breadcrumb\"},\"inLanguage\":\"cs\",\"potentialAction\":[{\"@type\":\"ReadAction\",\"target\":[\"https:\/\/pistonaddict.com\/cs\/product\/land-rover-defender-p90e-electric\/\"]}]},{\"@type\":\"ImageObject\",\"inLanguage\":\"cs\",\"@id\":\"https:\/\/pistonaddict.com\/cs\/product\/land-rover-defender-p90e-electric\/#primaryimage\",\"url\":\"https:\/\/pistonaddict.com\/wp-content\/uploads\/2023\/11\/def-05.jpg\",\"contentUrl\":\"https:\/\/pistonaddict.com\/wp-content\/uploads\/2023\/11\/def-05.jpg\",\"width\":2560,\"height\":1440},{\"@type\":\"BreadcrumbList\",\"@id\":\"https:\/\/pistonaddict.com\/cs\/product\/land-rover-defender-p90e-electric\/#breadcrumb\",\"itemListElement\":[{\"@type\":\"ListItem\",\"position\":1,\"name\":\"Domovsk\u00e1 str\u00e1nka\",\"item\":\"https:\/\/pistonaddict.com\/cs\/domovska-stranka-2\/\"},{\"@type\":\"ListItem\",\"position\":2,\"name\":\"Auctions\",\"item\":\"https:\/\/pistonaddict.com\/auctions-listing\/\"},{\"@type\":\"ListItem\",\"position\":3,\"name\":\"Land Rover Defender P90E Electric\"}]},{\"@type\":\"WebSite\",\"@id\":\"https:\/\/pistonaddict.com\/cs\/#website\",\"url\":\"https:\/\/pistonaddict.com\/cs\/\",\"name\":\"Piston Addict\",\"description\":\"Only interesting vehicles\",\"publisher\":{\"@id\":\"https:\/\/pistonaddict.com\/cs\/#organization\"},\"potentialAction\":[{\"@type\":\"SearchAction\",\"target\":{\"@type\":\"EntryPoint\",\"urlTemplate\":\"https:\/\/pistonaddict.com\/cs\/?s={search_term_string}\"},\"query-input\":\"required name=search_term_string\"}],\"inLanguage\":\"cs\"},{\"@type\":\"Organization\",\"@id\":\"https:\/\/pistonaddict.com\/cs\/#organization\",\"name\":\"Piston Addict\",\"url\":\"https:\/\/pistonaddict.com\/cs\/\",\"logo\":{\"@type\":\"ImageObject\",\"inLanguage\":\"cs\",\"@id\":\"https:\/\/pistonaddict.com\/cs\/#\/schema\/logo\/image\/\",\"url\":\"https:\/\/pistonaddict.com\/wp-content\/uploads\/2022\/07\/logo-6.png\",\"contentUrl\":\"https:\/\/pistonaddict.com\/wp-content\/uploads\/2022\/07\/logo-6.png\",\"width\":970,\"height\":200,\"caption\":\"Piston Addict\"},\"image\":{\"@id\":\"https:\/\/pistonaddict.com\/cs\/#\/schema\/logo\/image\/\"}}]}<\/script>\n<!-- \/ Yoast SEO plugin. -->","yoast_head_json":{"title":"Land Rover Defender P90E Electric aukce - Piston Addict","robots":{"index":"index","follow":"follow","max-snippet":"max-snippet:-1","max-image-preview":"max-image-preview:large","max-video-preview":"max-video-preview:-1"},"canonical":"https:\/\/pistonaddict.com\/cs\/product\/land-rover-defender-p90e-electric\/","og_locale":"cs_CZ","og_type":"article","og_title":"Land Rover Defender P90E Electric aukce - Piston Addict","og_description":"Jedn\u00edm z nejzaj\u00edmav\u011bj\u0161\u00edch aspekt\u016f revoluce elektrick\u00fdch vozidel je, \u017ee m\u016f\u017eeme znovu objevit klasick\u00e1 auta a vdechnout jim nov\u00fd \u017eivot. Dovybaven\u00ed klasick\u00e9ho vozidla ultramodern\u00edm elektrick\u00fdm pohonem je krokem nad r\u00e1mec renovace a p\u0159edstavuje jedine\u010dn\u00fd zp\u016fsob, jak sladit rozpoznateln\u00fd tvar s technologi\u00ed 21. stolet\u00ed. Dnes v\u00e1m takov\u00fd v\u016fz p\u0159edstavujeme - Land Rover Defender EV, prvn\u00ed klasick\u00fd Defender p\u0159estav\u011bn\u00fd na elektromobil \u0161v\u00fdcarskou spole\u010dnost\u00ed Revive.","og_url":"https:\/\/pistonaddict.com\/cs\/product\/land-rover-defender-p90e-electric\/","og_site_name":"Piston Addict","article_modified_time":"2024-03-19T15:59:26+00:00","og_image":[{"width":2560,"height":1440,"url":"https:\/\/pistonaddict.com\/wp-content\/uploads\/2023\/11\/def-05.jpg","type":"image\/jpeg"}],"twitter_card":"summary_large_image","twitter_misc":{"Odhadovan\u00e1 doba \u010dten\u00ed":"4 minuty"},"schema":{"@context":"https:\/\/schema.org","@graph":[{"@type":"WebPage","@id":"https:\/\/pistonaddict.com\/cs\/product\/land-rover-defender-p90e-electric\/","url":"https:\/\/pistonaddict.com\/cs\/product\/land-rover-defender-p90e-electric\/","name":"Land Rover Defender P90E Electric aukce - Piston Addict","isPartOf":{"@id":"https:\/\/pistonaddict.com\/cs\/#website"},"primaryImageOfPage":{"@id":"https:\/\/pistonaddict.com\/cs\/product\/land-rover-defender-p90e-electric\/#primaryimage"},"image":{"@id":"https:\/\/pistonaddict.com\/cs\/product\/land-rover-defender-p90e-electric\/#primaryimage"},"thumbnailUrl":"https:\/\/pistonaddict.com\/wp-content\/uploads\/2023\/11\/def-05.jpg","datePublished":"2023-11-17T16:40:02+00:00","dateModified":"2024-03-19T15:59:26+00:00","breadcrumb":{"@id":"https:\/\/pistonaddict.com\/cs\/product\/land-rover-defender-p90e-electric\/#breadcrumb"},"inLanguage":"cs","potentialAction":[{"@type":"ReadAction","target":["https:\/\/pistonaddict.com\/cs\/product\/land-rover-defender-p90e-electric\/"]}]},{"@type":"ImageObject","inLanguage":"cs","@id":"https:\/\/pistonaddict.com\/cs\/product\/land-rover-defender-p90e-electric\/#primaryimage","url":"https:\/\/pistonaddict.com\/wp-content\/uploads\/2023\/11\/def-05.jpg","contentUrl":"https:\/\/pistonaddict.com\/wp-content\/uploads\/2023\/11\/def-05.jpg","width":2560,"height":1440},{"@type":"BreadcrumbList","@id":"https:\/\/pistonaddict.com\/cs\/product\/land-rover-defender-p90e-electric\/#breadcrumb","itemListElement":[{"@type":"ListItem","position":1,"name":"Domovsk\u00e1 str\u00e1nka","item":"https:\/\/pistonaddict.com\/cs\/domovska-stranka-2\/"},{"@type":"ListItem","position":2,"name":"Auctions","item":"https:\/\/pistonaddict.com\/auctions-listing\/"},{"@type":"ListItem","position":3,"name":"Land Rover Defender P90E Electric"}]},{"@type":"WebSite","@id":"https:\/\/pistonaddict.com\/cs\/#website","url":"https:\/\/pistonaddict.com\/cs\/","name":"Piston Addict","description":"Only interesting vehicles","publisher":{"@id":"https:\/\/pistonaddict.com\/cs\/#organization"},"potentialAction":[{"@type":"SearchAction","target":{"@type":"EntryPoint","urlTemplate":"https:\/\/pistonaddict.com\/cs\/?s={search_term_string}"},"query-input":"required name=search_term_string"}],"inLanguage":"cs"},{"@type":"Organization","@id":"https:\/\/pistonaddict.com\/cs\/#organization","name":"Piston Addict","url":"https:\/\/pistonaddict.com\/cs\/","logo":{"@type":"ImageObject","inLanguage":"cs","@id":"https:\/\/pistonaddict.com\/cs\/#\/schema\/logo\/image\/","url":"https:\/\/pistonaddict.com\/wp-content\/uploads\/2022\/07\/logo-6.png","contentUrl":"https:\/\/pistonaddict.com\/wp-content\/uploads\/2022\/07\/logo-6.png","width":970,"height":200,"caption":"Piston Addict"},"image":{"@id":"https:\/\/pistonaddict.com\/cs\/#\/schema\/logo\/image\/"}}]}},"_links":{"self":[{"href":"https:\/\/pistonaddict.com\/cs\/wp-json\/wp\/v2\/product\/72241"}],"collection":[{"href":"https:\/\/pistonaddict.com\/cs\/wp-json\/wp\/v2\/product"}],"about":[{"href":"https:\/\/pistonaddict.com\/cs\/wp-json\/wp\/v2\/types\/product"}],"replies":[{"embeddable":true,"href":"https:\/\/pistonaddict.com\/cs\/wp-json\/wp\/v2\/comments?post=72241"}],"wp:featuredmedia":[{"embeddable":true,"href":"https:\/\/pistonaddict.com\/cs\/wp-json\/wp\/v2\/media\/71381"}],"wp:attachment":[{"href":"https:\/\/pistonaddict.com\/cs\/wp-json\/wp\/v2\/media?parent=72241"}],"wp:term":[{"taxonomy":"product_cat","embeddable":true,"href":"https:\/\/pistonaddict.com\/cs\/wp-json\/wp\/v2\/product_cat?post=72241"},{"taxonomy":"product_tag","embeddable":true,"href":"https:\/\/pistonaddict.com\/cs\/wp-json\/wp\/v2\/product_tag?post=72241"}],"curies":[{"name":"wp","href":"https:\/\/api.w.org\/{rel}","templated":true}]}}