{"id":69412,"date":"2023-11-09T17:05:55","date_gmt":"2023-11-09T16:05:55","guid":{"rendered":"https:\/\/pistonaddict.com\/product\/mini-rover-1-3-mpi-silverstone\/"},"modified":"2023-12-20T09:53:58","modified_gmt":"2023-12-20T08:53:58","slug":"mini-rover-1-3-mpi-silverstone","status":"publish","type":"product","link":"https:\/\/pistonaddict.com\/cs\/product\/mini-rover-1-3-mpi-silverstone\/","title":{"rendered":"Mini Rover 1.3 Silverstone"},"content":{"rendered":"<h2>Exteri\u00e9r<\/h2>\n<p>Zven\u010d\u00ed jsou zn\u00e1m\u00e9 tvary tohoto \u010dern\u00e9ho dvoudve\u0159ov\u00e9ho hatchbacku ozvl\u00e1\u0161tn\u011bny detaily, jako je chromovan\u00e1 m\u0159\u00ed\u017eka chladi\u010de, z\u00e1vodn\u00ed pruhy na kapot\u011b a b\u00edle lakovan\u00e1 st\u0159echa. Vp\u0159edu se nav\u00edc nach\u00e1z\u00ed dvojice mlhov\u00fdch sv\u011btel, kter\u00e1 zlep\u0161uj\u00ed viditelnost i vzhled. To je dopln\u011bno b\u00edl\u00fdmi ukazateli sm\u011bru po cel\u00e9m obvodu, co\u017e je mnohem lep\u0161\u00ed volba ne\u017e starom\u00f3dn\u00ed \u017elut\u00e9 ukazatele. A vzadu se nach\u00e1z\u00ed v\u00fdfuk se st\u0159edovou koncovkou a chromovanou koncovkou.<\/p>\n<p>Nakonec je t\u0159eba zm\u00ednit roz\u0161\u00ed\u0159en\u00e9 podb\u011bhy kol, kter\u00e9 je\u0161t\u011b v\u00edce zd\u016fraz\u0148uj\u00ed agresivn\u00ed vzhled vozu. Tato \u00faprava v\u0161ak nen\u00ed jen v\u00fdstavn\u00ed, ale byla nutn\u00e1, aby bylo dost m\u00edsta pro \u0161irok\u00e1 sportovn\u00ed kola. A kdy\u017e u\u017e jsme u pneumatik, je t\u0159eba zm\u00ednit, \u017ee 13palcov\u00e9 r\u00e1fky na tomto voze nejsou s\u00e9riov\u00e9. Prodejce v\u0161ak tvrd\u00ed, \u017ee i ty budou poskytnuty.<\/p>\n<h2>Interi\u00e9r<\/h2>\n<p>Po usednut\u00ed do vozu se ocitnete za typicky miniaturn\u00edm t\u0159\u00edramenn\u00fdm ko\u017een\u00fdm volantem. Za n\u00edm se nach\u00e1z\u00ed p\u0159\u00edstrojov\u00e1 deska s rychlom\u011brem kon\u010d\u00edc\u00edm na 180 km\/h a ot\u00e1\u010dkom\u011brem a\u017e do 8 000 ot\u00e1\u010dek. P\u0159\u00edstrojov\u00e1 deska, kter\u00e1 je vyrobena z prav\u00e9ho d\u0159eva, je podle o\u010dek\u00e1v\u00e1n\u00ed chud\u011b vybaven\u00e1 a nab\u00edz\u00ed jen to nejnutn\u011bj\u0161\u00ed. Pat\u0159\u00ed sem sp\u00edna\u010de sv\u011btel, ovlada\u010de ventilace a stereofonn\u00ed jednotka, kter\u00e1 je v tomto p\u0159\u00edpad\u011b dodate\u010dn\u011b dod\u00e1van\u00fdm za\u0159\u00edzen\u00edm Sony.<\/p>\n<p>Zbytek interi\u00e9ru v\u00fdrazn\u011b nazna\u010duje sportovn\u00ed charakter vozu, p\u0159i\u010dem\u017e nejp\u0159esv\u011bd\u010div\u011bj\u0161\u00ed jsou p\u0159edn\u00ed sedadla. Jsou oble\u010deny do kombinace \u010dern\u00e9 k\u016f\u017ee a \u0161ed\u00e9 l\u00e1tky a poskytuj\u00ed dostate\u010dnou oporu p\u0159i zdol\u00e1v\u00e1n\u00ed \u00fazk\u00fdch zat\u00e1\u010dek, kde je Mini nejlep\u0161\u00ed. Zadn\u00ed sedadla a bo\u010dn\u00ed panel jsou \u010daloun\u011bny ve stejn\u00e9m stylu a atraktivn\u00ed vzhled dopl\u0148uje \u010derven\u00fd koberec na podlaze. Nakonec prod\u00e1vaj\u00edc\u00ed p\u0159ed p\u0159ed\u00e1n\u00edm vozu vym\u011bn\u00ed st\u0159e\u0161n\u00ed oblo\u017een\u00ed, proto\u017ee p\u016fvodn\u00ed je po\u0161kozen\u00e9 t\u011bsn\u011b nad slune\u010dn\u00edmi clonami (viz obr\u00e1zek).<\/p>\n<h2>Mechanika<\/h2>\n<p>Tento Mini Cooper m\u00e1 \u010dty\u0159v\u00e1lcov\u00fd motor 1.3, kter\u00fd poh\u00e1n\u00ed p\u0159edn\u00ed kola prost\u0159ednictv\u00edm \u010dty\u0159stup\u0148ov\u00e9 manu\u00e1ln\u00ed p\u0159evodovky. Z\u00e1kladn\u00ed konfigurace motoru poch\u00e1z\u00ed z 60. let, tento konkr\u00e9tn\u00ed model je v\u0161ak vybaven elektronick\u00fdm vst\u0159ikov\u00e1n\u00edm paliva Rover, d\u00edky n\u011bmu\u017e je v\u016fz spolehliv\u011bj\u0161\u00ed a p\u0159\u00edjemn\u011bj\u0161\u00ed na \u0159\u00edzen\u00ed.<\/p>\n<p>Pokud jde o v\u00fdkon, Mini Cooper m\u00e1 k dispozici pouze 63 kon\u00ed, co\u017e se nemus\u00ed zd\u00e1t mnoho. Mus\u00ed se v\u0161ak vypo\u0159\u00e1dat pouze s 685 kilogramy, co\u017e je hmotnost tohoto vozu. Celkov\u011b lze \u0159\u00edci, \u017ee a\u010dkoli Mini pravd\u011bpodobn\u011b nen\u00ed nijak z\u00e1vratn\u011b rychl\u00e9 na rovince, v zat\u00e1\u010dk\u00e1ch je neuv\u011b\u0159iteln\u011b z\u00e1bavn\u00e9. A to je jedna z v\u011bc\u00ed, kter\u00e9 ji u\u010dinily tak v\u00fdjime\u010dnou a slavnou.<\/p>\n<h2>Historie vozidla<\/h2>\n<p>Na z\u00e1v\u011br je\u0161t\u011b n\u011bkolik slov o sou\u010dasn\u00e9m stavu Mini, kter\u00fd prod\u00e1vaj\u00edc\u00ed popisuje jako velmi dobr\u00fd. V\u016fz byl naposledy servisov\u00e1n v \u010dervnu 2023, kdy byla provedena pravideln\u00e1 \u00fadr\u017eba a namontov\u00e1ny nov\u00e9 brzdy. Krom\u011b toho je nov\u00fd cel\u00fd v\u00fdfuk v\u010detn\u011b katalyz\u00e1toru. A podle fotografi\u00ed vypad\u00e1 v\u016fz zvenku i zevnit\u0159 dokonale. Profesion\u00e1ln\u00ed prodejce, kter\u00fd je p\u00e1t\u00fdm majitelem, nav\u00edc tvrd\u00ed, \u017ee v\u016fz nikdy nem\u011bl nehodu, co\u017e lze nav\u00edc potvrdit odpov\u00eddaj\u00edc\u00ed zpr\u00e1vou o historii vozidla <a href=\"https:\/\/pistonaddict.com\/wp-content\/uploads\/2023\/11\/CARFAX-Vehicle-History-Report-ROVER-MINI.pdf\">CARFAX<\/a>. Posledn\u00ed technick\u00e1 kontrola prob\u011bhla a byla schv\u00e1lena 6. \u0159\u00edjna 2023.<\/p>\n<p><strong><br \/>\nPod\u00edvejte se na video studen\u00e9ho startu tohoto roztomil\u00e9ho Mini Roveru Silverstone :<\/strong><\/p>\n<p><iframe title=\"Cold Start Video of the Austin Mini Silverstone for auction sale\" width=\"1200\" height=\"675\" src=\"https:\/\/www.youtube.com\/embed\/NW_53HH3Wg4?feature=oembed\" frameborder=\"0\" allow=\"accelerometer; autoplay; clipboard-write; encrypted-media; gyroscope; picture-in-picture; web-share\" allowfullscreen><\/iframe><\/p>\n","protected":false},"excerpt":{"rendered":"<p>Pokud hled\u00e1te mal\u00fd, praktick\u00fd a obratn\u00fd klasick\u00fd v\u016fz, p\u016fvodn\u00ed Mini mus\u00ed b\u00fdt na prvn\u00edm m\u00edst\u011b va\u0161eho seznamu. Po celou dobu v\u00fdroby byla tato automobilov\u00e1 ikona k dispozici v n\u011bkolika variant\u00e1ch, p\u0159i\u010dem\u017e sportovn\u00ed Cooper byl pravd\u011bpodobn\u011b nej\u017e\u00e1dan\u011bj\u0161\u00ed. Jedn\u00e1 se o v\u016fz, kter\u00fd kombinuje origin\u00e1ln\u00ed charakter Mini s \u0159adou n\u00e1dhern\u00fdch vizu\u00e1ln\u00edch detail\u016f a vzru\u0161uj\u00edc\u00edm z\u00e1\u017eitkem z j\u00edzdy. A na prodej je zde Mini Cooper z roku 1993, kter\u00fd je ve vynikaj\u00edc\u00edm stavu a dosud m\u00e1 najeto 74 000 km. Nav\u00edc je to jeden z pouh\u00fdch 400 exempl\u00e1\u0159\u016f vyroben\u00fdch v Silverstone, co\u017e mu dod\u00e1v\u00e1 exkluzivitu. Pod\u00edvejme se bl\u00ed\u017ee na to, co nab\u00edz\u00ed.<\/p>\n","protected":false},"featured_media":67404,"comment_status":"open","ping_status":"closed","template":"","meta":{"inline_featured_image":false},"product_cat":[760],"product_tag":[2441,945,2443],"acf":[],"yoast_head":"<!-- This site is optimized with the Yoast SEO plugin v22.5 - https:\/\/yoast.com\/wordpress\/plugins\/seo\/ -->\n<title>Mini Rover 1.3 Silverstone aukce - Piston Addict<\/title>\n<meta name=\"robots\" content=\"index, follow, max-snippet:-1, max-image-preview:large, max-video-preview:-1\" \/>\n<link rel=\"canonical\" href=\"https:\/\/pistonaddict.com\/cs\/product\/mini-rover-1-3-mpi-silverstone\/\" \/>\n<meta property=\"og:locale\" content=\"cs_CZ\" \/>\n<meta property=\"og:type\" content=\"article\" \/>\n<meta property=\"og:title\" content=\"Mini Rover 1.3 Silverstone aukce - Piston Addict\" \/>\n<meta property=\"og:description\" content=\"Pokud hled\u00e1te mal\u00fd, praktick\u00fd a obratn\u00fd klasick\u00fd v\u016fz, p\u016fvodn\u00ed Mini mus\u00ed b\u00fdt na prvn\u00edm m\u00edst\u011b va\u0161eho seznamu. Po celou dobu v\u00fdroby byla tato automobilov\u00e1 ikona k dispozici v n\u011bkolika variant\u00e1ch, p\u0159i\u010dem\u017e sportovn\u00ed Cooper byl pravd\u011bpodobn\u011b nej\u017e\u00e1dan\u011bj\u0161\u00ed. Jedn\u00e1 se o v\u016fz, kter\u00fd kombinuje origin\u00e1ln\u00ed charakter Mini s \u0159adou n\u00e1dhern\u00fdch vizu\u00e1ln\u00edch detail\u016f a vzru\u0161uj\u00edc\u00edm z\u00e1\u017eitkem z j\u00edzdy. A na prodej je zde Mini Cooper z roku 1993, kter\u00fd je ve vynikaj\u00edc\u00edm stavu a dosud m\u00e1 najeto 74 000 km. Nav\u00edc je to jeden z pouh\u00fdch 400 exempl\u00e1\u0159\u016f vyroben\u00fdch v Silverstone, co\u017e mu dod\u00e1v\u00e1 exkluzivitu. Pod\u00edvejme se bl\u00ed\u017ee na to, co nab\u00edz\u00ed.\" \/>\n<meta property=\"og:url\" content=\"https:\/\/pistonaddict.com\/cs\/product\/mini-rover-1-3-mpi-silverstone\/\" \/>\n<meta property=\"og:site_name\" content=\"Piston Addict\" \/>\n<meta property=\"article:modified_time\" content=\"2023-12-20T08:53:58+00:00\" \/>\n<meta property=\"og:image\" content=\"https:\/\/pistonaddict.com\/wp-content\/uploads\/2023\/11\/IMG_5534-scaled.jpeg\" \/>\n\t<meta property=\"og:image:width\" content=\"2560\" \/>\n\t<meta property=\"og:image:height\" content=\"1920\" \/>\n\t<meta property=\"og:image:type\" content=\"image\/jpeg\" \/>\n<meta name=\"twitter:card\" content=\"summary_large_image\" \/>\n<meta name=\"twitter:label1\" content=\"Odhadovan\u00e1 doba \u010dten\u00ed\" \/>\n\t<meta name=\"twitter:data1\" content=\"3 minuty\" \/>\n<script type=\"application\/ld+json\" class=\"yoast-schema-graph\">{\"@context\":\"https:\/\/schema.org\",\"@graph\":[{\"@type\":\"WebPage\",\"@id\":\"https:\/\/pistonaddict.com\/cs\/product\/mini-rover-1-3-mpi-silverstone\/\",\"url\":\"https:\/\/pistonaddict.com\/cs\/product\/mini-rover-1-3-mpi-silverstone\/\",\"name\":\"Mini Rover 1.3 Silverstone aukce - Piston Addict\",\"isPartOf\":{\"@id\":\"https:\/\/pistonaddict.com\/cs\/#website\"},\"primaryImageOfPage\":{\"@id\":\"https:\/\/pistonaddict.com\/cs\/product\/mini-rover-1-3-mpi-silverstone\/#primaryimage\"},\"image\":{\"@id\":\"https:\/\/pistonaddict.com\/cs\/product\/mini-rover-1-3-mpi-silverstone\/#primaryimage\"},\"thumbnailUrl\":\"https:\/\/pistonaddict.com\/wp-content\/uploads\/2023\/11\/IMG_5534-scaled.jpeg\",\"datePublished\":\"2023-11-09T16:05:55+00:00\",\"dateModified\":\"2023-12-20T08:53:58+00:00\",\"breadcrumb\":{\"@id\":\"https:\/\/pistonaddict.com\/cs\/product\/mini-rover-1-3-mpi-silverstone\/#breadcrumb\"},\"inLanguage\":\"cs\",\"potentialAction\":[{\"@type\":\"ReadAction\",\"target\":[\"https:\/\/pistonaddict.com\/cs\/product\/mini-rover-1-3-mpi-silverstone\/\"]}]},{\"@type\":\"ImageObject\",\"inLanguage\":\"cs\",\"@id\":\"https:\/\/pistonaddict.com\/cs\/product\/mini-rover-1-3-mpi-silverstone\/#primaryimage\",\"url\":\"https:\/\/pistonaddict.com\/wp-content\/uploads\/2023\/11\/IMG_5534-scaled.jpeg\",\"contentUrl\":\"https:\/\/pistonaddict.com\/wp-content\/uploads\/2023\/11\/IMG_5534-scaled.jpeg\",\"width\":2560,\"height\":1920},{\"@type\":\"BreadcrumbList\",\"@id\":\"https:\/\/pistonaddict.com\/cs\/product\/mini-rover-1-3-mpi-silverstone\/#breadcrumb\",\"itemListElement\":[{\"@type\":\"ListItem\",\"position\":1,\"name\":\"Domovsk\u00e1 str\u00e1nka\",\"item\":\"https:\/\/pistonaddict.com\/cs\/domovska-stranka-2\/\"},{\"@type\":\"ListItem\",\"position\":2,\"name\":\"Auctions\",\"item\":\"https:\/\/pistonaddict.com\/auctions-listing\/\"},{\"@type\":\"ListItem\",\"position\":3,\"name\":\"Mini Rover 1.3 Silverstone\"}]},{\"@type\":\"WebSite\",\"@id\":\"https:\/\/pistonaddict.com\/cs\/#website\",\"url\":\"https:\/\/pistonaddict.com\/cs\/\",\"name\":\"Piston Addict\",\"description\":\"Only interesting vehicles\",\"publisher\":{\"@id\":\"https:\/\/pistonaddict.com\/cs\/#organization\"},\"potentialAction\":[{\"@type\":\"SearchAction\",\"target\":{\"@type\":\"EntryPoint\",\"urlTemplate\":\"https:\/\/pistonaddict.com\/cs\/?s={search_term_string}\"},\"query-input\":\"required name=search_term_string\"}],\"inLanguage\":\"cs\"},{\"@type\":\"Organization\",\"@id\":\"https:\/\/pistonaddict.com\/cs\/#organization\",\"name\":\"Piston Addict\",\"url\":\"https:\/\/pistonaddict.com\/cs\/\",\"logo\":{\"@type\":\"ImageObject\",\"inLanguage\":\"cs\",\"@id\":\"https:\/\/pistonaddict.com\/cs\/#\/schema\/logo\/image\/\",\"url\":\"https:\/\/pistonaddict.com\/wp-content\/uploads\/2022\/07\/logo-6.png\",\"contentUrl\":\"https:\/\/pistonaddict.com\/wp-content\/uploads\/2022\/07\/logo-6.png\",\"width\":970,\"height\":200,\"caption\":\"Piston Addict\"},\"image\":{\"@id\":\"https:\/\/pistonaddict.com\/cs\/#\/schema\/logo\/image\/\"}}]}<\/script>\n<!-- \/ Yoast SEO plugin. -->","yoast_head_json":{"title":"Mini Rover 1.3 Silverstone aukce - Piston Addict","robots":{"index":"index","follow":"follow","max-snippet":"max-snippet:-1","max-image-preview":"max-image-preview:large","max-video-preview":"max-video-preview:-1"},"canonical":"https:\/\/pistonaddict.com\/cs\/product\/mini-rover-1-3-mpi-silverstone\/","og_locale":"cs_CZ","og_type":"article","og_title":"Mini Rover 1.3 Silverstone aukce - Piston Addict","og_description":"Pokud hled\u00e1te mal\u00fd, praktick\u00fd a obratn\u00fd klasick\u00fd v\u016fz, p\u016fvodn\u00ed Mini mus\u00ed b\u00fdt na prvn\u00edm m\u00edst\u011b va\u0161eho seznamu. Po celou dobu v\u00fdroby byla tato automobilov\u00e1 ikona k dispozici v n\u011bkolika variant\u00e1ch, p\u0159i\u010dem\u017e sportovn\u00ed Cooper byl pravd\u011bpodobn\u011b nej\u017e\u00e1dan\u011bj\u0161\u00ed. Jedn\u00e1 se o v\u016fz, kter\u00fd kombinuje origin\u00e1ln\u00ed charakter Mini s \u0159adou n\u00e1dhern\u00fdch vizu\u00e1ln\u00edch detail\u016f a vzru\u0161uj\u00edc\u00edm z\u00e1\u017eitkem z j\u00edzdy. A na prodej je zde Mini Cooper z roku 1993, kter\u00fd je ve vynikaj\u00edc\u00edm stavu a dosud m\u00e1 najeto 74 000 km. Nav\u00edc je to jeden z pouh\u00fdch 400 exempl\u00e1\u0159\u016f vyroben\u00fdch v Silverstone, co\u017e mu dod\u00e1v\u00e1 exkluzivitu. Pod\u00edvejme se bl\u00ed\u017ee na to, co nab\u00edz\u00ed.","og_url":"https:\/\/pistonaddict.com\/cs\/product\/mini-rover-1-3-mpi-silverstone\/","og_site_name":"Piston Addict","article_modified_time":"2023-12-20T08:53:58+00:00","og_image":[{"width":2560,"height":1920,"url":"https:\/\/pistonaddict.com\/wp-content\/uploads\/2023\/11\/IMG_5534-scaled.jpeg","type":"image\/jpeg"}],"twitter_card":"summary_large_image","twitter_misc":{"Odhadovan\u00e1 doba \u010dten\u00ed":"3 minuty"},"schema":{"@context":"https:\/\/schema.org","@graph":[{"@type":"WebPage","@id":"https:\/\/pistonaddict.com\/cs\/product\/mini-rover-1-3-mpi-silverstone\/","url":"https:\/\/pistonaddict.com\/cs\/product\/mini-rover-1-3-mpi-silverstone\/","name":"Mini Rover 1.3 Silverstone aukce - Piston Addict","isPartOf":{"@id":"https:\/\/pistonaddict.com\/cs\/#website"},"primaryImageOfPage":{"@id":"https:\/\/pistonaddict.com\/cs\/product\/mini-rover-1-3-mpi-silverstone\/#primaryimage"},"image":{"@id":"https:\/\/pistonaddict.com\/cs\/product\/mini-rover-1-3-mpi-silverstone\/#primaryimage"},"thumbnailUrl":"https:\/\/pistonaddict.com\/wp-content\/uploads\/2023\/11\/IMG_5534-scaled.jpeg","datePublished":"2023-11-09T16:05:55+00:00","dateModified":"2023-12-20T08:53:58+00:00","breadcrumb":{"@id":"https:\/\/pistonaddict.com\/cs\/product\/mini-rover-1-3-mpi-silverstone\/#breadcrumb"},"inLanguage":"cs","potentialAction":[{"@type":"ReadAction","target":["https:\/\/pistonaddict.com\/cs\/product\/mini-rover-1-3-mpi-silverstone\/"]}]},{"@type":"ImageObject","inLanguage":"cs","@id":"https:\/\/pistonaddict.com\/cs\/product\/mini-rover-1-3-mpi-silverstone\/#primaryimage","url":"https:\/\/pistonaddict.com\/wp-content\/uploads\/2023\/11\/IMG_5534-scaled.jpeg","contentUrl":"https:\/\/pistonaddict.com\/wp-content\/uploads\/2023\/11\/IMG_5534-scaled.jpeg","width":2560,"height":1920},{"@type":"BreadcrumbList","@id":"https:\/\/pistonaddict.com\/cs\/product\/mini-rover-1-3-mpi-silverstone\/#breadcrumb","itemListElement":[{"@type":"ListItem","position":1,"name":"Domovsk\u00e1 str\u00e1nka","item":"https:\/\/pistonaddict.com\/cs\/domovska-stranka-2\/"},{"@type":"ListItem","position":2,"name":"Auctions","item":"https:\/\/pistonaddict.com\/auctions-listing\/"},{"@type":"ListItem","position":3,"name":"Mini Rover 1.3 Silverstone"}]},{"@type":"WebSite","@id":"https:\/\/pistonaddict.com\/cs\/#website","url":"https:\/\/pistonaddict.com\/cs\/","name":"Piston Addict","description":"Only interesting vehicles","publisher":{"@id":"https:\/\/pistonaddict.com\/cs\/#organization"},"potentialAction":[{"@type":"SearchAction","target":{"@type":"EntryPoint","urlTemplate":"https:\/\/pistonaddict.com\/cs\/?s={search_term_string}"},"query-input":"required name=search_term_string"}],"inLanguage":"cs"},{"@type":"Organization","@id":"https:\/\/pistonaddict.com\/cs\/#organization","name":"Piston Addict","url":"https:\/\/pistonaddict.com\/cs\/","logo":{"@type":"ImageObject","inLanguage":"cs","@id":"https:\/\/pistonaddict.com\/cs\/#\/schema\/logo\/image\/","url":"https:\/\/pistonaddict.com\/wp-content\/uploads\/2022\/07\/logo-6.png","contentUrl":"https:\/\/pistonaddict.com\/wp-content\/uploads\/2022\/07\/logo-6.png","width":970,"height":200,"caption":"Piston Addict"},"image":{"@id":"https:\/\/pistonaddict.com\/cs\/#\/schema\/logo\/image\/"}}]}},"_links":{"self":[{"href":"https:\/\/pistonaddict.com\/cs\/wp-json\/wp\/v2\/product\/69412"}],"collection":[{"href":"https:\/\/pistonaddict.com\/cs\/wp-json\/wp\/v2\/product"}],"about":[{"href":"https:\/\/pistonaddict.com\/cs\/wp-json\/wp\/v2\/types\/product"}],"replies":[{"embeddable":true,"href":"https:\/\/pistonaddict.com\/cs\/wp-json\/wp\/v2\/comments?post=69412"}],"wp:featuredmedia":[{"embeddable":true,"href":"https:\/\/pistonaddict.com\/cs\/wp-json\/wp\/v2\/media\/67404"}],"wp:attachment":[{"href":"https:\/\/pistonaddict.com\/cs\/wp-json\/wp\/v2\/media?parent=69412"}],"wp:term":[{"taxonomy":"product_cat","embeddable":true,"href":"https:\/\/pistonaddict.com\/cs\/wp-json\/wp\/v2\/product_cat?post=69412"},{"taxonomy":"product_tag","embeddable":true,"href":"https:\/\/pistonaddict.com\/cs\/wp-json\/wp\/v2\/product_tag?post=69412"}],"curies":[{"name":"wp","href":"https:\/\/api.w.org\/{rel}","templated":true}]}}