{"id":62896,"date":"2023-10-25T19:30:40","date_gmt":"2023-10-25T17:30:40","guid":{"rendered":"https:\/\/pistonaddict.com\/product\/porsche-911-996-targa\/"},"modified":"2024-03-20T09:39:26","modified_gmt":"2024-03-20T08:39:26","slug":"porsche-911-996-targa","status":"publish","type":"product","link":"https:\/\/pistonaddict.com\/cs\/product\/porsche-911-996-targa\/","title":{"rendered":"Porsche 911 (996) Targa"},"content":{"rendered":"<p><strong>Historie vozu<\/strong><\/p>\n<p>Tento konkr\u00e9tn\u00ed exempl\u00e1\u0159 je model 911 Targa, kter\u00fd byl vyroben v roce 2004. V\u00fdjime\u010dnost spo\u010d\u00edv\u00e1 v tom, \u017ee Targa byla zdaleka nejvz\u00e1cn\u011bj\u0161\u00ed ze v\u0161ech karos\u00e1\u0159sk\u00fdch verz\u00ed modelu 996; dod\u00e1no bylo pouze 5 125 voz\u016f se speci\u00e1ln\u00ed otev\u00edrac\u00ed sklen\u011bnou st\u0159echou a odli\u0161n\u00fdmi C-sloupky. Tento v\u016fz 911 Targa, dokon\u010den\u00fd ve sv\u016fdn\u00e9m tmav\u011b modr\u00e9m odst\u00ednu se sv\u011btl\u00fdm interi\u00e9rem, byl dod\u00e1n jako nov\u00fd ve \u0160pan\u011blsku a sou\u010dasn\u00fd majitel jej z\u00edskal v roce 2023. Je poh\u00e1n\u011bn ploch\u00fdm \u0161estiv\u00e1lcem o objemu 3,6 litru, kter\u00fd je chlazen\u00fd vodou (jedna z kontroverz\u00ed generac\u00ed 996). M\u00e1 v\u0161ak \u0161estistup\u0148ovou manu\u00e1ln\u00ed p\u0159evodovku, co\u017e z n\u011bj d\u011bl\u00e1 je\u0161t\u011b vz\u00e1cn\u011bj\u0161\u00ed v\u016fz, kter\u00fd mus\u00ed m\u00edt ka\u017ed\u00fd sb\u011bratel konkr\u00e9tn\u00edch model\u016f 911. S v\u00fdkonem 320 kon\u00ed a lehkou karoseri\u00ed je tato 911 Targa p\u0159ipravena zrychlit na 100 km\/h za pouh\u00fdch 5,2 sekundy a dos\u00e1hnout maxim\u00e1ln\u00ed rychlosti 285 km\/h. Zaj\u00edmav\u00e9 je, \u017ee verze tohoto modelu s manu\u00e1ln\u00ed p\u0159evodovkou je v\u00fdrazn\u011b rychlej\u0161\u00ed ne\u017e verze s automatickou p\u0159evodovkou, co\u017e \u010din\u00ed tento v\u016fz je\u0161t\u011b \u017e\u00e1dan\u011bj\u0161\u00edm. Skute\u010dnost, \u017ee m\u00e1 v\u0161echny v\u00fdhody kabrioletu, vynikaj\u00edc\u00ed v\u00fdhled a pocit otev\u0159en\u00e9ho prostoru s prakti\u010dnost\u00ed a komfortem kup\u00e9, d\u011bl\u00e1 z t\u00e9to modr\u00e9 911 Targa velmi v\u0161estrann\u00fd \u0159idi\u010dsk\u00fd stroj s d\u016fle\u017eit\u00fdm zvukov\u00fdm doprovodem ploch\u00e9ho \u0161estiv\u00e1lce a manu\u00e1ln\u00ed p\u0159evodovkou.<\/p>\n<p><strong>Interi\u00e9r<\/strong><\/p>\n<p>Vzhledem k tomu, \u017ee se jedn\u00e1 o exempl\u00e1\u0159 s n\u00edzk\u00fdm po\u010dtem najet\u00fdch kilometr\u016f, je interi\u00e9r v bezvadn\u00e9m stavu, zcela p\u016fvodn\u00ed a s \u017e\u00e1danou v\u00fdbavou. V\u016fz v \u0161ed\u00e9 barv\u011b Savannah m\u00e1 infotainment syst\u00e9m, pr\u00e9miov\u00e9 audio s 6 CD nab\u00edje\u010dkami (dobov\u011b spr\u00e1vn\u00e9), k\u016f\u017ei a elektronicky ovl\u00e1dan\u00e1 sedadla. Kvalita interi\u00e9ru voz\u016f Porsche je v cel\u00e9m odv\u011btv\u00ed dob\u0159e zn\u00e1m\u00e1 a u tohoto modelu 911 Targa z roku 2004 tomu nen\u00ed jinak. K\u016f\u017ee je v perfektn\u00edm stavu, na palubn\u00ed desce, kart\u00e1ch dve\u0159\u00ed ani na st\u0159edov\u00e9 konzole nejsou \u017e\u00e1dn\u00e9 \u0161kr\u00e1bance. K dispozici jsou tak\u00e9 pou\u017eiteln\u00e1 zadn\u00ed sedadla, kter\u00e1 jsou ide\u00e1ln\u00ed pro d\u011bti.<\/p>\n<p><strong>Stav<\/strong><\/p>\n<p>Tato 911 Targa m\u00e1 najeto pouh\u00fdch 39 037 km a je v bezvadn\u00e9m stavu, o kter\u00fd se v\u0161ichni jej\u00ed u\u017eivatel\u00e9 pe\u010dliv\u011b starali. Vozidlo bylo zjevn\u011b m\u00e1lo pou\u017e\u00edvan\u00e9 a dob\u0159e udr\u017eovan\u00e9, jak vypl\u00fdv\u00e1 ze z\u00e1znam\u016f. Sou\u010dasn\u00fdm majitelem je prodejce ve \u0160pan\u011blsku a posledn\u00ed servisn\u00ed prohl\u00eddka prob\u011bhla v dubnu 2023, p\u0159i\u010dem\u017e brzdy byly repasov\u00e1ny teprve p\u0159ed n\u011bkolika dny v \u0159\u00edjnu 2023. Spodn\u00ed \u010d\u00e1st voz\u016f Porsche je vyrobena z hlin\u00edku, tak\u017ee nem\u016f\u017ee rezav\u011bt. Jak je v\u0161ak vid\u011bt na posledn\u00edch fotografi\u00edch spodn\u00ed strany, je na nich n\u011bkolik such\u00fdch ne\u010distot, kter\u00e9 prod\u00e1vaj\u00edc\u00ed po skon\u010den\u00ed aukce kupuj\u00edc\u00edmu vy\u010dist\u00ed. V\u016fz je p\u0159ipraven k j\u00edzd\u011b kamkoli a pravd\u011bpodobn\u011b se jedn\u00e1 o jeden z nejlep\u0161\u00edch p\u0159\u00edklad\u016f 911 996 Targa s manu\u00e1ln\u00ed p\u0159evodovkou, jak\u00fd kdy budete m\u00edt \u0161anci naj\u00edt.<\/p>\n<p><strong>Exteri\u00e9r a kola<\/strong><\/p>\n<p>Tato 911 Targa s nezna\u010denou karoseri\u00ed v p\u016flno\u010dn\u011b modr\u00e9 barv\u011b a \u0161ed\u00fdm interi\u00e9rem je n\u00e1dhern\u011b vypadaj\u00edc\u00edm strojem bez jak\u00fdchkoli \u0161kr\u00e1banc\u016f, po\u0161kozen\u00ed nebo r\u00fdh. Vozov\u00fd park tvo\u0159\u00ed 18palcov\u00e1 kola z v\u00fdroby obut\u00e1 do v\u00fdkonn\u00fdch pneumatik Bridgestone Potenza. Pneumatiky jsou z roku 2020 a maj\u00ed najeto velmi m\u00e1lo kilometr\u016f. Na tomto voze 996 Targa nejsou \u017e\u00e1dn\u00e9 \u00fapravy a je ve stavu, v jak\u00e9m byl dod\u00e1n.<\/p>\n<p><strong>Dokumentace<\/strong><\/p>\n<p>Toto vozidlo prod\u00e1v\u00e1 prodejce s p\u0159\u00edslu\u0161nou dokumentac\u00ed a nach\u00e1z\u00ed se ve \u0160pan\u011blsku. Zpr\u00e1va CarFax je \u010dist\u00e1; neexistuj\u00ed \u017e\u00e1dn\u00e9 doklady o nehod\u00e1ch, oprav\u00e1ch po nehod\u00e1ch, vlastnictv\u00ed nebo pr\u00e1vn\u00edch probl\u00e9mech. K dispozici jsou z\u00e1znamy o pravideln\u00e9 \u00fadr\u017eb\u011b a origin\u00e1ln\u00ed tov\u00e1rn\u00ed prospekty a \u00fa\u010dtenky.<\/p>\n<p><strong>Pod\u00edvejte se na video se studen\u00fdm startem tohoto kr\u00e1sn\u00e9ho Porsche 911 Targa :<\/strong><\/p>\n<p><iframe title=\"Cold Start Video of the Porsche 911 996 Targa for auction sale\" width=\"1200\" height=\"675\" src=\"https:\/\/www.youtube.com\/embed\/pOCqegVAqt8?feature=oembed\" frameborder=\"0\" allow=\"accelerometer; autoplay; clipboard-write; encrypted-media; gyroscope; picture-in-picture; web-share\" allowfullscreen><\/iframe><\/p>\n","protected":false},"excerpt":{"rendered":"<p>Generace 996 \u00factyhodn\u00e9ho modelu Porsche 911 byla p\u0159i sv\u00e9m uveden\u00ed na trh koncem 90. let velmi kontroverzn\u00ed. Od t\u00e9 doby je v\u0161ak pova\u017eov\u00e1n za ned\u00edlnou sou\u010d\u00e1st legendy 911, nesm\u00edrn\u011b d\u016fle\u017eit\u00fd model spole\u010dnosti a prvn\u00ed 911 modern\u00ed doby. D\u00edky charakteristick\u00e9mu designu, \u0161irok\u00e9 nab\u00eddce model\u016f a specifikac\u00edm za\u010dali sb\u011bratel\u00e9 objevovat skute\u010dn\u00e9 skvosty modelu 996 911. Dnes v\u00e1m s hrdost\u00ed p\u0159edstavujeme takov\u00fd model, vz\u00e1cnou verzi v ide\u00e1ln\u00ed specifikaci, kter\u00e1 upout\u00e1 pozornost ka\u017ed\u00e9ho nad\u0161ence do modelu 911.<\/p>\n","protected":false},"featured_media":59797,"comment_status":"open","ping_status":"closed","template":"","meta":{"inline_featured_image":false},"product_cat":[760],"product_tag":[2353,2298,945,2296],"acf":[],"yoast_head":"<!-- This site is optimized with the Yoast SEO plugin v22.5 - https:\/\/yoast.com\/wordpress\/plugins\/seo\/ -->\n<title>Porsche 911 (996) Targa aukce - Piston Addict<\/title>\n<meta name=\"robots\" content=\"index, follow, max-snippet:-1, max-image-preview:large, max-video-preview:-1\" \/>\n<link rel=\"canonical\" href=\"https:\/\/pistonaddict.com\/cs\/product\/porsche-911-996-targa\/\" \/>\n<meta property=\"og:locale\" content=\"cs_CZ\" \/>\n<meta property=\"og:type\" content=\"article\" \/>\n<meta property=\"og:title\" content=\"Porsche 911 (996) Targa aukce - Piston Addict\" \/>\n<meta property=\"og:description\" content=\"Generace 996 \u00factyhodn\u00e9ho modelu Porsche 911 byla p\u0159i sv\u00e9m uveden\u00ed na trh koncem 90. let velmi kontroverzn\u00ed. Od t\u00e9 doby je v\u0161ak pova\u017eov\u00e1n za ned\u00edlnou sou\u010d\u00e1st legendy 911, nesm\u00edrn\u011b d\u016fle\u017eit\u00fd model spole\u010dnosti a prvn\u00ed 911 modern\u00ed doby. D\u00edky charakteristick\u00e9mu designu, \u0161irok\u00e9 nab\u00eddce model\u016f a specifikac\u00edm za\u010dali sb\u011bratel\u00e9 objevovat skute\u010dn\u00e9 skvosty modelu 996 911. Dnes v\u00e1m s hrdost\u00ed p\u0159edstavujeme takov\u00fd model, vz\u00e1cnou verzi v ide\u00e1ln\u00ed specifikaci, kter\u00e1 upout\u00e1 pozornost ka\u017ed\u00e9ho nad\u0161ence do modelu 911.\" \/>\n<meta property=\"og:url\" content=\"https:\/\/pistonaddict.com\/cs\/product\/porsche-911-996-targa\/\" \/>\n<meta property=\"og:site_name\" content=\"Piston Addict\" \/>\n<meta property=\"article:modified_time\" content=\"2024-03-20T08:39:26+00:00\" \/>\n<meta property=\"og:image\" content=\"https:\/\/pistonaddict.com\/wp-content\/uploads\/2023\/10\/image00032-1-scaled.jpeg\" \/>\n\t<meta property=\"og:image:width\" content=\"2560\" \/>\n\t<meta property=\"og:image:height\" content=\"1920\" \/>\n\t<meta property=\"og:image:type\" content=\"image\/jpeg\" \/>\n<meta name=\"twitter:card\" content=\"summary_large_image\" \/>\n<meta name=\"twitter:label1\" content=\"Odhadovan\u00e1 doba \u010dten\u00ed\" \/>\n\t<meta name=\"twitter:data1\" content=\"4 minuty\" \/>\n<script type=\"application\/ld+json\" class=\"yoast-schema-graph\">{\"@context\":\"https:\/\/schema.org\",\"@graph\":[{\"@type\":\"WebPage\",\"@id\":\"https:\/\/pistonaddict.com\/cs\/product\/porsche-911-996-targa\/\",\"url\":\"https:\/\/pistonaddict.com\/cs\/product\/porsche-911-996-targa\/\",\"name\":\"Porsche 911 (996) Targa aukce - Piston Addict\",\"isPartOf\":{\"@id\":\"https:\/\/pistonaddict.com\/cs\/#website\"},\"primaryImageOfPage\":{\"@id\":\"https:\/\/pistonaddict.com\/cs\/product\/porsche-911-996-targa\/#primaryimage\"},\"image\":{\"@id\":\"https:\/\/pistonaddict.com\/cs\/product\/porsche-911-996-targa\/#primaryimage\"},\"thumbnailUrl\":\"https:\/\/pistonaddict.com\/wp-content\/uploads\/2023\/10\/image00032-1-scaled.jpeg\",\"datePublished\":\"2023-10-25T17:30:40+00:00\",\"dateModified\":\"2024-03-20T08:39:26+00:00\",\"breadcrumb\":{\"@id\":\"https:\/\/pistonaddict.com\/cs\/product\/porsche-911-996-targa\/#breadcrumb\"},\"inLanguage\":\"cs\",\"potentialAction\":[{\"@type\":\"ReadAction\",\"target\":[\"https:\/\/pistonaddict.com\/cs\/product\/porsche-911-996-targa\/\"]}]},{\"@type\":\"ImageObject\",\"inLanguage\":\"cs\",\"@id\":\"https:\/\/pistonaddict.com\/cs\/product\/porsche-911-996-targa\/#primaryimage\",\"url\":\"https:\/\/pistonaddict.com\/wp-content\/uploads\/2023\/10\/image00032-1-scaled.jpeg\",\"contentUrl\":\"https:\/\/pistonaddict.com\/wp-content\/uploads\/2023\/10\/image00032-1-scaled.jpeg\",\"width\":2560,\"height\":1920},{\"@type\":\"BreadcrumbList\",\"@id\":\"https:\/\/pistonaddict.com\/cs\/product\/porsche-911-996-targa\/#breadcrumb\",\"itemListElement\":[{\"@type\":\"ListItem\",\"position\":1,\"name\":\"Domovsk\u00e1 str\u00e1nka\",\"item\":\"https:\/\/pistonaddict.com\/cs\/domovska-stranka-2\/\"},{\"@type\":\"ListItem\",\"position\":2,\"name\":\"Auctions\",\"item\":\"https:\/\/pistonaddict.com\/auctions-listing\/\"},{\"@type\":\"ListItem\",\"position\":3,\"name\":\"Porsche 911 (996) Targa\"}]},{\"@type\":\"WebSite\",\"@id\":\"https:\/\/pistonaddict.com\/cs\/#website\",\"url\":\"https:\/\/pistonaddict.com\/cs\/\",\"name\":\"Piston Addict\",\"description\":\"Only interesting vehicles\",\"publisher\":{\"@id\":\"https:\/\/pistonaddict.com\/cs\/#organization\"},\"potentialAction\":[{\"@type\":\"SearchAction\",\"target\":{\"@type\":\"EntryPoint\",\"urlTemplate\":\"https:\/\/pistonaddict.com\/cs\/?s={search_term_string}\"},\"query-input\":\"required name=search_term_string\"}],\"inLanguage\":\"cs\"},{\"@type\":\"Organization\",\"@id\":\"https:\/\/pistonaddict.com\/cs\/#organization\",\"name\":\"Piston Addict\",\"url\":\"https:\/\/pistonaddict.com\/cs\/\",\"logo\":{\"@type\":\"ImageObject\",\"inLanguage\":\"cs\",\"@id\":\"https:\/\/pistonaddict.com\/cs\/#\/schema\/logo\/image\/\",\"url\":\"https:\/\/pistonaddict.com\/wp-content\/uploads\/2022\/07\/logo-6.png\",\"contentUrl\":\"https:\/\/pistonaddict.com\/wp-content\/uploads\/2022\/07\/logo-6.png\",\"width\":970,\"height\":200,\"caption\":\"Piston Addict\"},\"image\":{\"@id\":\"https:\/\/pistonaddict.com\/cs\/#\/schema\/logo\/image\/\"}}]}<\/script>\n<!-- \/ Yoast SEO plugin. -->","yoast_head_json":{"title":"Porsche 911 (996) Targa aukce - Piston Addict","robots":{"index":"index","follow":"follow","max-snippet":"max-snippet:-1","max-image-preview":"max-image-preview:large","max-video-preview":"max-video-preview:-1"},"canonical":"https:\/\/pistonaddict.com\/cs\/product\/porsche-911-996-targa\/","og_locale":"cs_CZ","og_type":"article","og_title":"Porsche 911 (996) Targa aukce - Piston Addict","og_description":"Generace 996 \u00factyhodn\u00e9ho modelu Porsche 911 byla p\u0159i sv\u00e9m uveden\u00ed na trh koncem 90. let velmi kontroverzn\u00ed. Od t\u00e9 doby je v\u0161ak pova\u017eov\u00e1n za ned\u00edlnou sou\u010d\u00e1st legendy 911, nesm\u00edrn\u011b d\u016fle\u017eit\u00fd model spole\u010dnosti a prvn\u00ed 911 modern\u00ed doby. D\u00edky charakteristick\u00e9mu designu, \u0161irok\u00e9 nab\u00eddce model\u016f a specifikac\u00edm za\u010dali sb\u011bratel\u00e9 objevovat skute\u010dn\u00e9 skvosty modelu 996 911. Dnes v\u00e1m s hrdost\u00ed p\u0159edstavujeme takov\u00fd model, vz\u00e1cnou verzi v ide\u00e1ln\u00ed specifikaci, kter\u00e1 upout\u00e1 pozornost ka\u017ed\u00e9ho nad\u0161ence do modelu 911.","og_url":"https:\/\/pistonaddict.com\/cs\/product\/porsche-911-996-targa\/","og_site_name":"Piston Addict","article_modified_time":"2024-03-20T08:39:26+00:00","og_image":[{"width":2560,"height":1920,"url":"https:\/\/pistonaddict.com\/wp-content\/uploads\/2023\/10\/image00032-1-scaled.jpeg","type":"image\/jpeg"}],"twitter_card":"summary_large_image","twitter_misc":{"Odhadovan\u00e1 doba \u010dten\u00ed":"4 minuty"},"schema":{"@context":"https:\/\/schema.org","@graph":[{"@type":"WebPage","@id":"https:\/\/pistonaddict.com\/cs\/product\/porsche-911-996-targa\/","url":"https:\/\/pistonaddict.com\/cs\/product\/porsche-911-996-targa\/","name":"Porsche 911 (996) Targa aukce - Piston Addict","isPartOf":{"@id":"https:\/\/pistonaddict.com\/cs\/#website"},"primaryImageOfPage":{"@id":"https:\/\/pistonaddict.com\/cs\/product\/porsche-911-996-targa\/#primaryimage"},"image":{"@id":"https:\/\/pistonaddict.com\/cs\/product\/porsche-911-996-targa\/#primaryimage"},"thumbnailUrl":"https:\/\/pistonaddict.com\/wp-content\/uploads\/2023\/10\/image00032-1-scaled.jpeg","datePublished":"2023-10-25T17:30:40+00:00","dateModified":"2024-03-20T08:39:26+00:00","breadcrumb":{"@id":"https:\/\/pistonaddict.com\/cs\/product\/porsche-911-996-targa\/#breadcrumb"},"inLanguage":"cs","potentialAction":[{"@type":"ReadAction","target":["https:\/\/pistonaddict.com\/cs\/product\/porsche-911-996-targa\/"]}]},{"@type":"ImageObject","inLanguage":"cs","@id":"https:\/\/pistonaddict.com\/cs\/product\/porsche-911-996-targa\/#primaryimage","url":"https:\/\/pistonaddict.com\/wp-content\/uploads\/2023\/10\/image00032-1-scaled.jpeg","contentUrl":"https:\/\/pistonaddict.com\/wp-content\/uploads\/2023\/10\/image00032-1-scaled.jpeg","width":2560,"height":1920},{"@type":"BreadcrumbList","@id":"https:\/\/pistonaddict.com\/cs\/product\/porsche-911-996-targa\/#breadcrumb","itemListElement":[{"@type":"ListItem","position":1,"name":"Domovsk\u00e1 str\u00e1nka","item":"https:\/\/pistonaddict.com\/cs\/domovska-stranka-2\/"},{"@type":"ListItem","position":2,"name":"Auctions","item":"https:\/\/pistonaddict.com\/auctions-listing\/"},{"@type":"ListItem","position":3,"name":"Porsche 911 (996) Targa"}]},{"@type":"WebSite","@id":"https:\/\/pistonaddict.com\/cs\/#website","url":"https:\/\/pistonaddict.com\/cs\/","name":"Piston Addict","description":"Only interesting vehicles","publisher":{"@id":"https:\/\/pistonaddict.com\/cs\/#organization"},"potentialAction":[{"@type":"SearchAction","target":{"@type":"EntryPoint","urlTemplate":"https:\/\/pistonaddict.com\/cs\/?s={search_term_string}"},"query-input":"required name=search_term_string"}],"inLanguage":"cs"},{"@type":"Organization","@id":"https:\/\/pistonaddict.com\/cs\/#organization","name":"Piston Addict","url":"https:\/\/pistonaddict.com\/cs\/","logo":{"@type":"ImageObject","inLanguage":"cs","@id":"https:\/\/pistonaddict.com\/cs\/#\/schema\/logo\/image\/","url":"https:\/\/pistonaddict.com\/wp-content\/uploads\/2022\/07\/logo-6.png","contentUrl":"https:\/\/pistonaddict.com\/wp-content\/uploads\/2022\/07\/logo-6.png","width":970,"height":200,"caption":"Piston Addict"},"image":{"@id":"https:\/\/pistonaddict.com\/cs\/#\/schema\/logo\/image\/"}}]}},"_links":{"self":[{"href":"https:\/\/pistonaddict.com\/cs\/wp-json\/wp\/v2\/product\/62896"}],"collection":[{"href":"https:\/\/pistonaddict.com\/cs\/wp-json\/wp\/v2\/product"}],"about":[{"href":"https:\/\/pistonaddict.com\/cs\/wp-json\/wp\/v2\/types\/product"}],"replies":[{"embeddable":true,"href":"https:\/\/pistonaddict.com\/cs\/wp-json\/wp\/v2\/comments?post=62896"}],"wp:featuredmedia":[{"embeddable":true,"href":"https:\/\/pistonaddict.com\/cs\/wp-json\/wp\/v2\/media\/59797"}],"wp:attachment":[{"href":"https:\/\/pistonaddict.com\/cs\/wp-json\/wp\/v2\/media?parent=62896"}],"wp:term":[{"taxonomy":"product_cat","embeddable":true,"href":"https:\/\/pistonaddict.com\/cs\/wp-json\/wp\/v2\/product_cat?post=62896"},{"taxonomy":"product_tag","embeddable":true,"href":"https:\/\/pistonaddict.com\/cs\/wp-json\/wp\/v2\/product_tag?post=62896"}],"curies":[{"name":"wp","href":"https:\/\/api.w.org\/{rel}","templated":true}]}}