{"id":55247,"date":"2023-10-13T09:36:04","date_gmt":"2023-10-13T07:36:04","guid":{"rendered":"https:\/\/pistonaddict.com\/product\/porsche-cayman-s-3-4-325-cv\/"},"modified":"2024-03-19T17:03:47","modified_gmt":"2024-03-19T16:03:47","slug":"porsche-cayman-s-3-4-325-cv","status":"publish","type":"product","link":"https:\/\/pistonaddict.com\/cs\/product\/porsche-cayman-s-3-4-325-cv\/","title":{"rendered":"Porsche Cayman S 3.4 325 CV"},"content":{"rendered":"<p><strong>Historie vozu<\/strong><\/p>\n<p>Tento b\u00edl\u00fd Cayman S z roku 2016 se p\u016fvodn\u011b prod\u00e1val v N\u011bmecku, ale byl p\u0159evezen do It\u00e1lie, kam ho dovezl sou\u010dasn\u00fd majitel, prodejce sportovn\u00edch voz\u016f. Rok 2016 je posledn\u00edm rokem pro Cayman generace 981, co\u017e je v\u00fdznamn\u00e9 z n\u011bkolika d\u016fvod\u016f. P\u0159edev\u0161\u00edm proto, \u017ee Cayman S m\u00e1 obnoven\u00fd 3,4litrov\u00fd ploch\u00fd \u0161estiv\u00e1lec z Porsche 911 Carrera, kter\u00fd \u0159e\u0161\u00ed jednu z nejv\u00fdznamn\u011bj\u0161\u00edch kontroverz\u00ed v sou\u010dasn\u00e9 komunit\u011b Porsche. Dlouh\u00e1 l\u00e9ta kolovaly zv\u011bsti, \u017ee se Porsche boj\u00ed d\u00e1t motor 911 do modelu Cayman, proto\u017ee se ob\u00e1v\u00e1, \u017ee by mohl nab\u00eddnout je\u0161t\u011b lep\u0161\u00ed j\u00edzdn\u00ed vlastnosti. Jedn\u00e1 se o prvn\u00ed Cayman, kter\u00fd m\u00e1 skute\u010dn\u011b motor z 911. S v\u00fdkonem 325 kon\u00ed, bleskurychlou sedmistup\u0148ovou p\u0159evodovkou PDK a speci\u00e1ln\u011b vylad\u011bn\u00fdm odpru\u017een\u00edm z v\u00fdroby je Cayman S 2016 schopen zrychlit na 100 km\/h za pouh\u00fdch 4,8 sekundy a dos\u00e1hnout maxim\u00e1ln\u00ed rychlosti 283 km\/h (176 km\/h). Nejde v\u0161ak o \u010d\u00edsla, i kdy\u017e jsou fantastick\u00e1. Cayman S m\u00e1 motor um\u00edst\u011bn\u00fd uprost\u0159ed, lehkou karoserii, p\u0159esn\u00e9 \u0159\u00edzen\u00ed a vynikaj\u00edc\u00ed brzdy, a proto tolik majitel\u016f 911 znerv\u00f3z\u0148uje. Kombinace vysokoot\u00e1\u010dkov\u00e9ho a atmosf\u00e9ricky pln\u011bn\u00e9ho motoru, agiln\u00edho podvozku a dokonal\u00e9 j\u00edzdn\u00ed dynamiky st\u00e1le rezonuje mezi sportovn\u00edmi vozy jako jeden z nejide\u00e1ln\u011bj\u0161\u00edch \u0159idi\u010dsk\u00fdch voz\u016f v\u016fbec.<\/p>\n<p><strong>Interi\u00e9r<\/strong><\/p>\n<p>Vzhledem k tomu, \u017ee toto Porsche Cayman S z roku 2016 je exempl\u00e1\u0159 s n\u00edzk\u00fdm po\u010dtem najet\u00fdch kilometr\u016f, je interi\u00e9r podle o\u010dek\u00e1v\u00e1n\u00ed bez zn\u00e1mek a ve vynikaj\u00edc\u00edm stavu. P\u016fvodn\u00ed majitel jej pe\u010dliv\u011b kontroluje s n\u011bkolika \u017e\u00e1douc\u00edmi mo\u017enostmi, kter\u00e9 dal\u0161\u00ed majitel ocen\u00ed. Elektronicky nastaviteln\u00e1 sportovn\u00ed sedadla, informa\u010dn\u00ed a z\u00e1bavn\u00ed syst\u00e9m s integrovan\u00fdm digit\u00e1ln\u00edm displejem a multifunk\u010dn\u00ed volant pov\u00fd\u0161\u00ed z\u00e1\u017eitek z j\u00edzdy na vy\u0161\u0161\u00ed \u00farove\u0148. V interi\u00e9ru je patrn\u00e1 typick\u00e1 kvalita zna\u010dky Porsche, stejn\u011b jako pozoruhodn\u00e1 v\u00fdbava a zpracov\u00e1n\u00ed.<\/p>\n<p><strong>Stav<\/strong><\/p>\n<p>Toto bezvadn\u00e9 Porsche Cayman S najelo za posledn\u00edch sedm let jen n\u011bco m\u00e1lo p\u0159es 33 000 km. Tak n\u00edzk\u00fd po\u010det najet\u00fdch kilometr\u016f, n\u011bkolik pe\u010dliv\u00fdch majitel\u016f a \u0159\u00e1dn\u00e9 z\u00e1znamy o \u00fadr\u017eb\u011b zaru\u010duj\u00ed, \u017ee v\u016fz je po celou dobu v perfektn\u00edm stavu. Prod\u00e1vaj\u00edc\u00ed je velmi renomovan\u00fd prodejce sportovn\u00edch voz\u016f v It\u00e1lii a je si natolik jist\u00fd celkov\u00fdm stavem tohoto Caymanu S, \u017ee na <strong>v\u016fz poskytuje 12m\u011bs\u00ed\u010dn\u00ed z\u00e1ruku<\/strong>, co\u017e je velmi d\u016fle\u017eit\u00e9 a odli\u0161uje tento v\u016fz od podobn\u00fdch, kter\u00e9 m\u016f\u017eete naj\u00edt na prodej. Existuj\u00ed z\u00e1znamy o \u00fadr\u017eb\u011b a v\u00fdznamn\u00fdch slu\u017eb\u00e1ch proveden\u00fdch v roce 2021.<\/p>\n<p><strong>Exteri\u00e9r a kola<\/strong><\/p>\n<p>Elegantn\u00ed b\u00edl\u00fd exteri\u00e9r nem\u00e1 \u017e\u00e1dn\u00e9 \u0161kr\u00e1bance ani r\u00fdhy a v\u016fz m\u00e1 zaj\u00edmav\u00e9 grafick\u00e9 detaily na bo\u010dn\u00edch panelech, kter\u00e9 jsou origin\u00e1ln\u00ed z v\u00fdroby a ukazuj\u00ed, \u017ee se nejedn\u00e1 o z\u00e1kladn\u00ed model Caymanu. Vzhled sportovn\u00edho vozu dotv\u00e1\u0159ej\u00ed 20palcov\u00e1 kola, stejn\u00e1 jako na dobov\u00e9 911, obut\u00e1 do t\u00e9m\u011b\u0159 nov\u00fdch pneumatik Michelin Pilot Sport 4S, zn\u00e1m\u00fdch jako volba nad\u0161en\u00fdch \u0159idi\u010d\u016f. Na voze nejsou \u017e\u00e1dn\u00e9 \u00fapravy a tento Cayman je v ide\u00e1ln\u00edm p\u016fvodn\u00edm stavu.<\/p>\n<p><strong>Dokumentace<\/strong><\/p>\n<p>Toto vozidlo prod\u00e1v\u00e1 prodejce s p\u0159\u00edslu\u0161nou dokumentac\u00ed a nach\u00e1z\u00ed se v It\u00e1lii. Zpr\u00e1va <a href=\"https:\/\/pistonaddict.com\/wp-content\/uploads\/2023\/10\/CARFAX-Vehicle-History-Report-PORSCHE-WP0ZZZ98ZGK181513.pdf\" target=\"_blank\" rel=\"noopener\">CarFax<\/a> je \u010dist\u00e1; neexistuj\u00ed \u017e\u00e1dn\u00e9 doklady o nehod\u00e1ch, oprav\u00e1ch po nehod\u00e1ch, vlastnictv\u00ed nebo pr\u00e1vn\u00edch probl\u00e9mech. Prodejce n\u00e1s v\u0161ak informoval, \u017ee v roce 2017 do\u0161lo k jedn\u00e9 nehod\u011b s motocyklem, posti\u017een\u00fd prvek, p\u0159edn\u00ed kapota, byl samoz\u0159ejm\u011b opraven. K dispozici jsou z\u00e1znamy o pravideln\u00e9 \u00fadr\u017eb\u011b a origin\u00e1ln\u00ed tov\u00e1rn\u00ed prospekty a \u00fa\u010dtenky. Sou\u010d\u00e1st\u00ed prodeje je 12m\u011bs\u00ed\u010dn\u00ed z\u00e1ruka prodejce.  <strong>Pokud nav\u00edc \u017eijete v Evrop\u011b, prodejce je schopen se postarat o dopravu a p\u0159iv\u00e9zt v\u00e1m vozidlo a\u017e dom\u016f.<\/strong><\/p>\n<p><strong> <\/strong><\/p>\n<p>Pod\u00edvejte se na video s objevem tohoto kr\u00e1sn\u00e9ho Porsche Cayman S :<\/p>\n<p><iframe title=\"Video of the Porsche Cayman S for auction sale\" width=\"1200\" height=\"675\" src=\"https:\/\/www.youtube.com\/embed\/-29PE_JnFJM?feature=oembed\" frameborder=\"0\" allow=\"accelerometer; autoplay; clipboard-write; encrypted-media; gyroscope; picture-in-picture; web-share\" allowfullscreen><\/iframe><\/p>\n","protected":false},"excerpt":{"rendered":"<p>Porsche jako spole\u010dnost, kter\u00e1 se v\u017edy sna\u017eila o dokonalost sportovn\u00edch voz\u016f, reagovala na kritiku t\u00edm nejlep\u0161\u00edm mo\u017en\u00fdm zp\u016fsobem &#8211; p\u0159edstavila model ur\u010den\u00fd pro \u0159idi\u010de, kter\u00fd je v\u0161eobecn\u011b milov\u00e1n a chv\u00e1len. Kdy\u017e debutovala prvn\u00ed generace modelu Cayman, bylo to v\u0161e, co nad\u0161enci cht\u011bli, s 90 % pocit\u016f z Porsche 911 za 60 % ceny. Cayman byl leh\u010d\u00ed, p\u0159esn\u011bj\u0161\u00ed a poutav\u011bj\u0161\u00ed v\u016fz, zat\u00edmco jeho verze S byla dokonale vyv\u00e1\u017een\u00fdm sportovn\u00edm vozem. Zde je jeden obzvl\u00e1\u0161t\u011b zaj\u00edmav\u00fd p\u0159\u00edklad v ide\u00e1ln\u00edm stavu. <strong>Pro p\u0159\u00edstup k t\u00e9to aukci <a href=\"https:\/\/pistonaddict.com\/cs\/muj-ucet\/\">si<\/a> mus\u00edte <a href=\"https:\/\/pistonaddict.com\/cs\/muj-ucet\/\">vytvo\u0159it \u00fa\u010det<\/a>.<\/strong><\/p>\n","protected":false},"featured_media":55116,"comment_status":"open","ping_status":"closed","template":"","meta":{"inline_featured_image":false},"product_cat":[760],"product_tag":[2193,2189,929,2183],"acf":[],"yoast_head":"<!-- This site is optimized with the Yoast SEO plugin v22.5 - https:\/\/yoast.com\/wordpress\/plugins\/seo\/ -->\n<title>Porsche Cayman S 3.4 325 CV aukce - Piston Addict<\/title>\n<meta name=\"robots\" content=\"index, follow, max-snippet:-1, max-image-preview:large, max-video-preview:-1\" \/>\n<link rel=\"canonical\" href=\"https:\/\/pistonaddict.com\/cs\/product\/porsche-cayman-s-3-4-325-cv\/\" \/>\n<meta property=\"og:locale\" content=\"cs_CZ\" \/>\n<meta property=\"og:type\" content=\"article\" \/>\n<meta property=\"og:title\" content=\"Porsche Cayman S 3.4 325 CV aukce - Piston Addict\" \/>\n<meta property=\"og:description\" content=\"Porsche jako spole\u010dnost, kter\u00e1 se v\u017edy sna\u017eila o dokonalost sportovn\u00edch voz\u016f, reagovala na kritiku t\u00edm nejlep\u0161\u00edm mo\u017en\u00fdm zp\u016fsobem - p\u0159edstavila model ur\u010den\u00fd pro \u0159idi\u010de, kter\u00fd je v\u0161eobecn\u011b milov\u00e1n a chv\u00e1len. Kdy\u017e debutovala prvn\u00ed generace modelu Cayman, bylo to v\u0161e, co nad\u0161enci cht\u011bli, s 90 % pocit\u016f z Porsche 911 za 60 % ceny. Cayman byl leh\u010d\u00ed, p\u0159esn\u011bj\u0161\u00ed a poutav\u011bj\u0161\u00ed v\u016fz, zat\u00edmco jeho verze S byla dokonale vyv\u00e1\u017een\u00fdm sportovn\u00edm vozem. Zde je jeden obzvl\u00e1\u0161t\u011b zaj\u00edmav\u00fd p\u0159\u00edklad v ide\u00e1ln\u00edm stavu. Pro p\u0159\u00edstup k t\u00e9to aukci si mus\u00edte vytvo\u0159it \u00fa\u010det.\" \/>\n<meta property=\"og:url\" content=\"https:\/\/pistonaddict.com\/cs\/product\/porsche-cayman-s-3-4-325-cv\/\" \/>\n<meta property=\"og:site_name\" content=\"Piston Addict\" \/>\n<meta property=\"article:modified_time\" content=\"2024-03-19T16:03:47+00:00\" \/>\n<meta property=\"og:image\" content=\"https:\/\/pistonaddict.com\/wp-content\/uploads\/2023\/10\/CAYMAN-1.png\" \/>\n\t<meta property=\"og:image:width\" content=\"1887\" \/>\n\t<meta property=\"og:image:height\" content=\"781\" \/>\n\t<meta property=\"og:image:type\" content=\"image\/png\" \/>\n<meta name=\"twitter:card\" content=\"summary_large_image\" \/>\n<meta name=\"twitter:label1\" content=\"Odhadovan\u00e1 doba \u010dten\u00ed\" \/>\n\t<meta name=\"twitter:data1\" content=\"4 minuty\" \/>\n<script type=\"application\/ld+json\" class=\"yoast-schema-graph\">{\"@context\":\"https:\/\/schema.org\",\"@graph\":[{\"@type\":\"WebPage\",\"@id\":\"https:\/\/pistonaddict.com\/cs\/product\/porsche-cayman-s-3-4-325-cv\/\",\"url\":\"https:\/\/pistonaddict.com\/cs\/product\/porsche-cayman-s-3-4-325-cv\/\",\"name\":\"Porsche Cayman S 3.4 325 CV aukce - Piston Addict\",\"isPartOf\":{\"@id\":\"https:\/\/pistonaddict.com\/cs\/#website\"},\"primaryImageOfPage\":{\"@id\":\"https:\/\/pistonaddict.com\/cs\/product\/porsche-cayman-s-3-4-325-cv\/#primaryimage\"},\"image\":{\"@id\":\"https:\/\/pistonaddict.com\/cs\/product\/porsche-cayman-s-3-4-325-cv\/#primaryimage\"},\"thumbnailUrl\":\"https:\/\/pistonaddict.com\/wp-content\/uploads\/2023\/10\/CAYMAN-1.png\",\"datePublished\":\"2023-10-13T07:36:04+00:00\",\"dateModified\":\"2024-03-19T16:03:47+00:00\",\"breadcrumb\":{\"@id\":\"https:\/\/pistonaddict.com\/cs\/product\/porsche-cayman-s-3-4-325-cv\/#breadcrumb\"},\"inLanguage\":\"cs\",\"potentialAction\":[{\"@type\":\"ReadAction\",\"target\":[\"https:\/\/pistonaddict.com\/cs\/product\/porsche-cayman-s-3-4-325-cv\/\"]}]},{\"@type\":\"ImageObject\",\"inLanguage\":\"cs\",\"@id\":\"https:\/\/pistonaddict.com\/cs\/product\/porsche-cayman-s-3-4-325-cv\/#primaryimage\",\"url\":\"https:\/\/pistonaddict.com\/wp-content\/uploads\/2023\/10\/CAYMAN-1.png\",\"contentUrl\":\"https:\/\/pistonaddict.com\/wp-content\/uploads\/2023\/10\/CAYMAN-1.png\",\"width\":1887,\"height\":781},{\"@type\":\"BreadcrumbList\",\"@id\":\"https:\/\/pistonaddict.com\/cs\/product\/porsche-cayman-s-3-4-325-cv\/#breadcrumb\",\"itemListElement\":[{\"@type\":\"ListItem\",\"position\":1,\"name\":\"Domovsk\u00e1 str\u00e1nka\",\"item\":\"https:\/\/pistonaddict.com\/cs\/domovska-stranka-2\/\"},{\"@type\":\"ListItem\",\"position\":2,\"name\":\"Auctions\",\"item\":\"https:\/\/pistonaddict.com\/auctions-listing\/\"},{\"@type\":\"ListItem\",\"position\":3,\"name\":\"Porsche Cayman S 3.4 325 CV\"}]},{\"@type\":\"WebSite\",\"@id\":\"https:\/\/pistonaddict.com\/cs\/#website\",\"url\":\"https:\/\/pistonaddict.com\/cs\/\",\"name\":\"Piston Addict\",\"description\":\"Only interesting vehicles\",\"publisher\":{\"@id\":\"https:\/\/pistonaddict.com\/cs\/#organization\"},\"potentialAction\":[{\"@type\":\"SearchAction\",\"target\":{\"@type\":\"EntryPoint\",\"urlTemplate\":\"https:\/\/pistonaddict.com\/cs\/?s={search_term_string}\"},\"query-input\":\"required name=search_term_string\"}],\"inLanguage\":\"cs\"},{\"@type\":\"Organization\",\"@id\":\"https:\/\/pistonaddict.com\/cs\/#organization\",\"name\":\"Piston Addict\",\"url\":\"https:\/\/pistonaddict.com\/cs\/\",\"logo\":{\"@type\":\"ImageObject\",\"inLanguage\":\"cs\",\"@id\":\"https:\/\/pistonaddict.com\/cs\/#\/schema\/logo\/image\/\",\"url\":\"https:\/\/pistonaddict.com\/wp-content\/uploads\/2022\/07\/logo-6.png\",\"contentUrl\":\"https:\/\/pistonaddict.com\/wp-content\/uploads\/2022\/07\/logo-6.png\",\"width\":970,\"height\":200,\"caption\":\"Piston Addict\"},\"image\":{\"@id\":\"https:\/\/pistonaddict.com\/cs\/#\/schema\/logo\/image\/\"}}]}<\/script>\n<!-- \/ Yoast SEO plugin. -->","yoast_head_json":{"title":"Porsche Cayman S 3.4 325 CV aukce - Piston Addict","robots":{"index":"index","follow":"follow","max-snippet":"max-snippet:-1","max-image-preview":"max-image-preview:large","max-video-preview":"max-video-preview:-1"},"canonical":"https:\/\/pistonaddict.com\/cs\/product\/porsche-cayman-s-3-4-325-cv\/","og_locale":"cs_CZ","og_type":"article","og_title":"Porsche Cayman S 3.4 325 CV aukce - Piston Addict","og_description":"Porsche jako spole\u010dnost, kter\u00e1 se v\u017edy sna\u017eila o dokonalost sportovn\u00edch voz\u016f, reagovala na kritiku t\u00edm nejlep\u0161\u00edm mo\u017en\u00fdm zp\u016fsobem - p\u0159edstavila model ur\u010den\u00fd pro \u0159idi\u010de, kter\u00fd je v\u0161eobecn\u011b milov\u00e1n a chv\u00e1len. Kdy\u017e debutovala prvn\u00ed generace modelu Cayman, bylo to v\u0161e, co nad\u0161enci cht\u011bli, s 90 % pocit\u016f z Porsche 911 za 60 % ceny. Cayman byl leh\u010d\u00ed, p\u0159esn\u011bj\u0161\u00ed a poutav\u011bj\u0161\u00ed v\u016fz, zat\u00edmco jeho verze S byla dokonale vyv\u00e1\u017een\u00fdm sportovn\u00edm vozem. Zde je jeden obzvl\u00e1\u0161t\u011b zaj\u00edmav\u00fd p\u0159\u00edklad v ide\u00e1ln\u00edm stavu. Pro p\u0159\u00edstup k t\u00e9to aukci si mus\u00edte vytvo\u0159it \u00fa\u010det.","og_url":"https:\/\/pistonaddict.com\/cs\/product\/porsche-cayman-s-3-4-325-cv\/","og_site_name":"Piston Addict","article_modified_time":"2024-03-19T16:03:47+00:00","og_image":[{"width":1887,"height":781,"url":"https:\/\/pistonaddict.com\/wp-content\/uploads\/2023\/10\/CAYMAN-1.png","type":"image\/png"}],"twitter_card":"summary_large_image","twitter_misc":{"Odhadovan\u00e1 doba \u010dten\u00ed":"4 minuty"},"schema":{"@context":"https:\/\/schema.org","@graph":[{"@type":"WebPage","@id":"https:\/\/pistonaddict.com\/cs\/product\/porsche-cayman-s-3-4-325-cv\/","url":"https:\/\/pistonaddict.com\/cs\/product\/porsche-cayman-s-3-4-325-cv\/","name":"Porsche Cayman S 3.4 325 CV aukce - Piston Addict","isPartOf":{"@id":"https:\/\/pistonaddict.com\/cs\/#website"},"primaryImageOfPage":{"@id":"https:\/\/pistonaddict.com\/cs\/product\/porsche-cayman-s-3-4-325-cv\/#primaryimage"},"image":{"@id":"https:\/\/pistonaddict.com\/cs\/product\/porsche-cayman-s-3-4-325-cv\/#primaryimage"},"thumbnailUrl":"https:\/\/pistonaddict.com\/wp-content\/uploads\/2023\/10\/CAYMAN-1.png","datePublished":"2023-10-13T07:36:04+00:00","dateModified":"2024-03-19T16:03:47+00:00","breadcrumb":{"@id":"https:\/\/pistonaddict.com\/cs\/product\/porsche-cayman-s-3-4-325-cv\/#breadcrumb"},"inLanguage":"cs","potentialAction":[{"@type":"ReadAction","target":["https:\/\/pistonaddict.com\/cs\/product\/porsche-cayman-s-3-4-325-cv\/"]}]},{"@type":"ImageObject","inLanguage":"cs","@id":"https:\/\/pistonaddict.com\/cs\/product\/porsche-cayman-s-3-4-325-cv\/#primaryimage","url":"https:\/\/pistonaddict.com\/wp-content\/uploads\/2023\/10\/CAYMAN-1.png","contentUrl":"https:\/\/pistonaddict.com\/wp-content\/uploads\/2023\/10\/CAYMAN-1.png","width":1887,"height":781},{"@type":"BreadcrumbList","@id":"https:\/\/pistonaddict.com\/cs\/product\/porsche-cayman-s-3-4-325-cv\/#breadcrumb","itemListElement":[{"@type":"ListItem","position":1,"name":"Domovsk\u00e1 str\u00e1nka","item":"https:\/\/pistonaddict.com\/cs\/domovska-stranka-2\/"},{"@type":"ListItem","position":2,"name":"Auctions","item":"https:\/\/pistonaddict.com\/auctions-listing\/"},{"@type":"ListItem","position":3,"name":"Porsche Cayman S 3.4 325 CV"}]},{"@type":"WebSite","@id":"https:\/\/pistonaddict.com\/cs\/#website","url":"https:\/\/pistonaddict.com\/cs\/","name":"Piston Addict","description":"Only interesting vehicles","publisher":{"@id":"https:\/\/pistonaddict.com\/cs\/#organization"},"potentialAction":[{"@type":"SearchAction","target":{"@type":"EntryPoint","urlTemplate":"https:\/\/pistonaddict.com\/cs\/?s={search_term_string}"},"query-input":"required name=search_term_string"}],"inLanguage":"cs"},{"@type":"Organization","@id":"https:\/\/pistonaddict.com\/cs\/#organization","name":"Piston Addict","url":"https:\/\/pistonaddict.com\/cs\/","logo":{"@type":"ImageObject","inLanguage":"cs","@id":"https:\/\/pistonaddict.com\/cs\/#\/schema\/logo\/image\/","url":"https:\/\/pistonaddict.com\/wp-content\/uploads\/2022\/07\/logo-6.png","contentUrl":"https:\/\/pistonaddict.com\/wp-content\/uploads\/2022\/07\/logo-6.png","width":970,"height":200,"caption":"Piston Addict"},"image":{"@id":"https:\/\/pistonaddict.com\/cs\/#\/schema\/logo\/image\/"}}]}},"_links":{"self":[{"href":"https:\/\/pistonaddict.com\/cs\/wp-json\/wp\/v2\/product\/55247"}],"collection":[{"href":"https:\/\/pistonaddict.com\/cs\/wp-json\/wp\/v2\/product"}],"about":[{"href":"https:\/\/pistonaddict.com\/cs\/wp-json\/wp\/v2\/types\/product"}],"replies":[{"embeddable":true,"href":"https:\/\/pistonaddict.com\/cs\/wp-json\/wp\/v2\/comments?post=55247"}],"wp:featuredmedia":[{"embeddable":true,"href":"https:\/\/pistonaddict.com\/cs\/wp-json\/wp\/v2\/media\/55116"}],"wp:attachment":[{"href":"https:\/\/pistonaddict.com\/cs\/wp-json\/wp\/v2\/media?parent=55247"}],"wp:term":[{"taxonomy":"product_cat","embeddable":true,"href":"https:\/\/pistonaddict.com\/cs\/wp-json\/wp\/v2\/product_cat?post=55247"},{"taxonomy":"product_tag","embeddable":true,"href":"https:\/\/pistonaddict.com\/cs\/wp-json\/wp\/v2\/product_tag?post=55247"}],"curies":[{"name":"wp","href":"https:\/\/api.w.org\/{rel}","templated":true}]}}