{"id":53482,"date":"2023-10-06T11:28:15","date_gmt":"2023-10-06T09:28:15","guid":{"rendered":"https:\/\/pistonaddict.com\/product\/porsche-911-carrera-2-cabrio-997\/"},"modified":"2023-12-20T09:49:17","modified_gmt":"2023-12-20T08:49:17","slug":"porsche-911-carrera-2-cabrio-997","status":"publish","type":"product","link":"https:\/\/pistonaddict.com\/cs\/product\/porsche-911-carrera-2-cabrio-997\/","title":{"rendered":"Porsche 911 Carrera 2 Cabrio (997)"},"content":{"rendered":"<p><strong>Historie vozu<\/strong><\/p>\n<p>Toto Porsche 911 Carrera 2 Cabrio v barv\u011b &#8220;Guards Red&#8221; bylo vyrobeno v prosinci 2006 a prod\u00e1no jako nov\u00e9 ve \u0160pan\u011blsku, kde str\u00e1vilo cel\u00fd sv\u016fj \u017eivot. Sou\u010dasn\u00fd majitel ji z\u00edskal v roce 2021. Tento kabriolet je uk\u00e1zkov\u00fdm p\u0159\u00edkladem modelu Carrera 2 generace 997, kter\u00fd je zn\u00e1m\u00fd svou lehkou konstrukc\u00ed, vysokoot\u00e1\u010dkov\u00fdmi motory a nekompromisn\u00edmi j\u00edzdn\u00edmi vlastnostmi. Purist\u00e9 zna\u010dky Porsche \u010dasto kritizovali n\u00e1sleduj\u00edc\u00ed modely 911 za to, \u017ee jsou p\u0159\u00edli\u0161 velk\u00e9 a t\u011b\u017ek\u00e9, ale v\u0161ichni se shodli na tom, \u017ee model 997 byl posledn\u00edm z klasick\u00e9 \u0159ady voz\u016f. Nab\u00edz\u00ed hbit\u00fd podvozek, motory s atmosf\u00e9rick\u00fdm pln\u011bn\u00edm, charakteristick\u00fd zvuk a jedine\u010dn\u00e9 j\u00edzdn\u00ed vlastnosti, zejm\u00e9na v proveden\u00ed RWD, jako je tento v\u016fz. Tento exempl\u00e1\u0159 je <strong>poh\u00e1n\u011bn 3,6litrov\u00fdm<\/strong> <strong>ploch\u00fdm \u0161estiv\u00e1lcem o v\u00fdkonu 325 kon\u00ed<\/strong> a v\u00edce ne\u017e slu\u0161n\u00e9m v\u00fdkonu. Sprint z 0 na 100 km\/h zvl\u00e1dne za pouh\u00fdch 4,8 sekundy a dos\u00e1hne maxim\u00e1ln\u00ed rychlosti p\u0159es 280 km\/h. Z\u00e1sadn\u00ed je v\u0161ak \u0161estistup\u0148ov\u00e1 manu\u00e1ln\u00ed p\u0159evodovka, kter\u00e1 tento \u010derven\u00fd kabriolet okam\u017eit\u011b prom\u011bn\u00ed z oby\u010dejn\u00e9 911 na vz\u00e1cn\u00fd sb\u011bratelsk\u00fd kousek. Manu\u00e1ln\u00ed p\u0159evodovka je velmi \u017e\u00e1danou volbou, kter\u00e1 nejen\u017ee pom\u00e1h\u00e1 vozu naplno vyu\u017e\u00edt jeho v\u00fdkonnostn\u00ed potenci\u00e1l, ale z\u00e1rove\u0148 z ka\u017ed\u00e9 j\u00edzdy d\u011bl\u00e1 nezapomenuteln\u00fd z\u00e1\u017eitek.<\/p>\n<p><strong>Interi\u00e9r<\/strong><\/p>\n<p>Interi\u00e9r v barv\u011b &#8220;Natural Brown&#8221; je n\u00e1padit\u011b kombinov\u00e1n s \u010derven\u00fdm exteri\u00e9rem a je\u0161t\u011b v\u00edce odli\u0161uje tento exempl\u00e1\u0159 od ostatn\u00edch model\u016f 911. Interi\u00e9r je v bezvadn\u00e9m stavu, ko\u017een\u00e1 sedadla nejsou po\u0161kr\u00e1ban\u00e1. Je tak\u00e9 dob\u0159e vybaven voliteln\u00fdmi sportovn\u00edmi sedadly, audiosyst\u00e9mem Bose a odpov\u00eddaj\u00edc\u00edm volantem. Jedin\u00fdm neorigin\u00e1ln\u00edm prvkem je hlavn\u00ed jednotka Kenwood s dotykov\u00fdm displejem, kter\u00e1 v\u0161ak vkusn\u011b zapad\u00e1 do designu palubn\u00ed desky. P\u0159esto\u017ee byl tento kabriolet provozov\u00e1n jako v\u00edkendov\u00fd cestovn\u00ed v\u016fz ve slunn\u00e9m \u0160pan\u011blsku, na n\u00e1dhern\u00e9m interi\u00e9ru z op\u00e1len\u00e9 k\u016f\u017ee nejsou \u017e\u00e1dn\u00e9 zn\u00e1mky po\u0161kozen\u00ed sluncem.<\/p>\n<p><strong>Stav<\/strong><\/p>\n<p>V\u016fz m\u00e1 najeto pouh\u00fdch 43 000 km a jeho celkov\u00fd stav je bezvadn\u00fd, bez nehod a po\u0161kozen\u00ed. Posledn\u00ed servisn\u00ed prohl\u00eddka motoru prob\u011bhla v roce 2022, zat\u00edmco brzdy byly opraveny v \u0159\u00edjnu 2023. V\u016fz byl d\u016fkladn\u011b vy\u010di\u0161t\u011bn a byla provedena anal\u00fdza oleje, kter\u00e1 uk\u00e1zala, \u017ee motor a hnac\u00ed \u00fastroj\u00ed jsou v ide\u00e1ln\u00edm stavu. Vozy 911 m\u011bly v\u017edy pov\u011bst kvalitn\u00edch voz\u016f a p\u0159i spr\u00e1vn\u00e9 \u00fadr\u017eb\u011b a pe\u010dliv\u00e9m zach\u00e1zen\u00ed, jako je tomu u tohoto vozu, mohou vydr\u017eet cel\u00fd \u017eivot.<\/p>\n<p><strong>Exteri\u00e9r a kola  <\/strong><\/p>\n<p>\u010cerven\u00e1 karoserie je v perfektn\u00edm stavu, bez \u0161kr\u00e1banc\u016f a vryp\u016f, a st\u0159echa kabrioletu je bez po\u0161kozen\u00ed. Barevn\u00e1 kombinace je vynikaj\u00edc\u00ed a odli\u0161uje tento p\u0159\u00edklad od ostatn\u00edch. Tento v\u016fz 911 Carrera 2 je vybaven 19palcov\u00fdmi koly &#8220;Lobster Claw&#8221;, kter\u00e1 jsou obuta do zcela nov\u00fdch pneumatik Michelin Pilot Sport.<\/p>\n<p><strong>Dokumentace:<\/strong><\/p>\n<p>Toto vozidlo prod\u00e1v\u00e1 prodejce s p\u0159\u00edslu\u0161nou dokumentac\u00ed se s\u00eddlem ve \u0160pan\u011blsku. Zpr\u00e1va CarFax je \u010dist\u00e1; neexistuj\u00ed \u017e\u00e1dn\u00e9 doklady o nehod\u00e1ch, oprav\u00e1ch po nehod\u00e1ch, vlastnictv\u00ed nebo pr\u00e1vn\u00edch probl\u00e9mech. K dispozici jsou z\u00e1znamy o pravideln\u00e9 \u00fadr\u017eb\u011b a origin\u00e1ln\u00ed tov\u00e1rn\u00ed prospekty a \u00fa\u010dtenky. Sou\u010d\u00e1st\u00ed dokumentace je \u0161pan\u011blsk\u00e1 technick\u00e1 kontrola (ITV), kterou v\u016fz pro\u0161el na v\u00fdbornou. Zkontrolujte <a href=\"https:\/\/pistonaddict.com\/wp-content\/uploads\/2023\/10\/CARFAX-Vehicle-History-Report-PORSCHE-911.pdf\">dokument CarFax<\/a> tohoto kr\u00e1sn\u00e9ho kabrioletu Porsche 911 Carrera.<\/p>\n<p><strong>Pro p\u0159\u00edstup do aukce tohoto pr\u00e9miov\u00e9ho vozidla je nutn\u00fd otisk kreditn\u00ed karty (automaticky uvoln\u011bn\u00fd).<\/strong><\/p>\n<p>Pod\u00edvejte se na video se studen\u00fdm startem tohoto kr\u00e1sn\u00e9ho kabrioletu Porsche 911 Carrera :<\/p>\n<p><iframe title=\"Cold Start Video of the Porsche 911 Carrera Cabrio 325 CV\" width=\"1200\" height=\"675\" src=\"https:\/\/www.youtube.com\/embed\/FNuC3o32Erw?feature=oembed\" frameborder=\"0\" allow=\"accelerometer; autoplay; clipboard-write; encrypted-media; gyroscope; picture-in-picture; web-share\" allowfullscreen><\/iframe><\/p>\n","protected":false},"excerpt":{"rendered":"<p>Porsche 911 m\u00e1 ve sv\u011bt\u011b sportovn\u00edch voz\u016f zvl\u00e1\u0161tn\u00ed postaven\u00ed. U\u017e nen\u00ed vn\u00edm\u00e1n jen jako vozidlo, proto\u017ee p\u0159ekra\u010duje hranice automobilov\u00e9ho pr\u016fmyslu a stal se kulturn\u00edm symbolem a celosv\u011btov\u011b uzn\u00e1van\u00fdm tvarem. B\u011bhem sv\u00fdch generac\u00ed se model 911 vyvinul z mal\u00e9ho sportovn\u00edho kup\u00e9 a\u017e po dne\u0161n\u00ed luxusn\u00ed v\u016fz GT. P\u0159edpokl\u00e1dejme v\u0161ak, \u017ee tou\u017e\u00edte po nezbytn\u00e9m pocitu z vozu 911, po vr\u010den\u00ed p\u0159irozen\u011b nas\u00e1van\u00e9ho motoru boxer a po \u010dist\u00e9m pocitu z j\u00edzdy. V tomto p\u0159\u00edpad\u011b je generace 997 posledn\u00ed, kter\u00e1 nab\u00edz\u00ed v\u0161echny tyto \u017e\u00e1douc\u00ed klasick\u00e9 p\u0159ednosti v modern\u00edm balen\u00ed. Je to dokonalost na \u010dty\u0159ech kolech v proveden\u00ed kabriolet a s manu\u00e1ln\u00ed p\u0159evodovkou.<\/p>\n","protected":false},"featured_media":53263,"comment_status":"open","ping_status":"closed","template":"","meta":{"inline_featured_image":false},"product_cat":[760],"product_tag":[2084,803,2080,2082,945,801],"acf":[],"yoast_head":"<!-- This site is optimized with the Yoast SEO plugin v22.5 - https:\/\/yoast.com\/wordpress\/plugins\/seo\/ -->\n<title>Porsche 911 Carrera 2 Cabrio (997) aukce - Piston Addict<\/title>\n<meta name=\"robots\" content=\"index, follow, max-snippet:-1, max-image-preview:large, max-video-preview:-1\" \/>\n<link rel=\"canonical\" href=\"https:\/\/pistonaddict.com\/cs\/product\/porsche-911-carrera-2-cabrio-997\/\" \/>\n<meta property=\"og:locale\" content=\"cs_CZ\" \/>\n<meta property=\"og:type\" content=\"article\" \/>\n<meta property=\"og:title\" content=\"Porsche 911 Carrera 2 Cabrio (997) aukce - Piston Addict\" \/>\n<meta property=\"og:description\" content=\"Porsche 911 m\u00e1 ve sv\u011bt\u011b sportovn\u00edch voz\u016f zvl\u00e1\u0161tn\u00ed postaven\u00ed. U\u017e nen\u00ed vn\u00edm\u00e1n jen jako vozidlo, proto\u017ee p\u0159ekra\u010duje hranice automobilov\u00e9ho pr\u016fmyslu a stal se kulturn\u00edm symbolem a celosv\u011btov\u011b uzn\u00e1van\u00fdm tvarem. B\u011bhem sv\u00fdch generac\u00ed se model 911 vyvinul z mal\u00e9ho sportovn\u00edho kup\u00e9 a\u017e po dne\u0161n\u00ed luxusn\u00ed v\u016fz GT. P\u0159edpokl\u00e1dejme v\u0161ak, \u017ee tou\u017e\u00edte po nezbytn\u00e9m pocitu z vozu 911, po vr\u010den\u00ed p\u0159irozen\u011b nas\u00e1van\u00e9ho motoru boxer a po \u010dist\u00e9m pocitu z j\u00edzdy. V tomto p\u0159\u00edpad\u011b je generace 997 posledn\u00ed, kter\u00e1 nab\u00edz\u00ed v\u0161echny tyto \u017e\u00e1douc\u00ed klasick\u00e9 p\u0159ednosti v modern\u00edm balen\u00ed. Je to dokonalost na \u010dty\u0159ech kolech v proveden\u00ed kabriolet a s manu\u00e1ln\u00ed p\u0159evodovkou.\" \/>\n<meta property=\"og:url\" content=\"https:\/\/pistonaddict.com\/cs\/product\/porsche-911-carrera-2-cabrio-997\/\" \/>\n<meta property=\"og:site_name\" content=\"Piston Addict\" \/>\n<meta property=\"article:modified_time\" content=\"2023-12-20T08:49:17+00:00\" \/>\n<meta property=\"og:image\" content=\"https:\/\/pistonaddict.com\/wp-content\/uploads\/2023\/10\/20220624_201726_resized-copia.jpg\" \/>\n\t<meta property=\"og:image:width\" content=\"1008\" \/>\n\t<meta property=\"og:image:height\" content=\"567\" \/>\n\t<meta property=\"og:image:type\" content=\"image\/jpeg\" \/>\n<meta name=\"twitter:card\" content=\"summary_large_image\" \/>\n<meta name=\"twitter:label1\" content=\"Odhadovan\u00e1 doba \u010dten\u00ed\" \/>\n\t<meta name=\"twitter:data1\" content=\"3 minuty\" \/>\n<script type=\"application\/ld+json\" class=\"yoast-schema-graph\">{\"@context\":\"https:\/\/schema.org\",\"@graph\":[{\"@type\":\"WebPage\",\"@id\":\"https:\/\/pistonaddict.com\/cs\/product\/porsche-911-carrera-2-cabrio-997\/\",\"url\":\"https:\/\/pistonaddict.com\/cs\/product\/porsche-911-carrera-2-cabrio-997\/\",\"name\":\"Porsche 911 Carrera 2 Cabrio (997) aukce - Piston Addict\",\"isPartOf\":{\"@id\":\"https:\/\/pistonaddict.com\/cs\/#website\"},\"primaryImageOfPage\":{\"@id\":\"https:\/\/pistonaddict.com\/cs\/product\/porsche-911-carrera-2-cabrio-997\/#primaryimage\"},\"image\":{\"@id\":\"https:\/\/pistonaddict.com\/cs\/product\/porsche-911-carrera-2-cabrio-997\/#primaryimage\"},\"thumbnailUrl\":\"https:\/\/pistonaddict.com\/wp-content\/uploads\/2023\/10\/20220624_201726_resized-copia.jpg\",\"datePublished\":\"2023-10-06T09:28:15+00:00\",\"dateModified\":\"2023-12-20T08:49:17+00:00\",\"breadcrumb\":{\"@id\":\"https:\/\/pistonaddict.com\/cs\/product\/porsche-911-carrera-2-cabrio-997\/#breadcrumb\"},\"inLanguage\":\"cs\",\"potentialAction\":[{\"@type\":\"ReadAction\",\"target\":[\"https:\/\/pistonaddict.com\/cs\/product\/porsche-911-carrera-2-cabrio-997\/\"]}]},{\"@type\":\"ImageObject\",\"inLanguage\":\"cs\",\"@id\":\"https:\/\/pistonaddict.com\/cs\/product\/porsche-911-carrera-2-cabrio-997\/#primaryimage\",\"url\":\"https:\/\/pistonaddict.com\/wp-content\/uploads\/2023\/10\/20220624_201726_resized-copia.jpg\",\"contentUrl\":\"https:\/\/pistonaddict.com\/wp-content\/uploads\/2023\/10\/20220624_201726_resized-copia.jpg\",\"width\":1008,\"height\":567},{\"@type\":\"BreadcrumbList\",\"@id\":\"https:\/\/pistonaddict.com\/cs\/product\/porsche-911-carrera-2-cabrio-997\/#breadcrumb\",\"itemListElement\":[{\"@type\":\"ListItem\",\"position\":1,\"name\":\"Domovsk\u00e1 str\u00e1nka\",\"item\":\"https:\/\/pistonaddict.com\/cs\/domovska-stranka-2\/\"},{\"@type\":\"ListItem\",\"position\":2,\"name\":\"Auctions\",\"item\":\"https:\/\/pistonaddict.com\/auctions-listing\/\"},{\"@type\":\"ListItem\",\"position\":3,\"name\":\"Porsche 911 Carrera 2 Cabrio (997)\"}]},{\"@type\":\"WebSite\",\"@id\":\"https:\/\/pistonaddict.com\/cs\/#website\",\"url\":\"https:\/\/pistonaddict.com\/cs\/\",\"name\":\"Piston Addict\",\"description\":\"Only interesting vehicles\",\"publisher\":{\"@id\":\"https:\/\/pistonaddict.com\/cs\/#organization\"},\"potentialAction\":[{\"@type\":\"SearchAction\",\"target\":{\"@type\":\"EntryPoint\",\"urlTemplate\":\"https:\/\/pistonaddict.com\/cs\/?s={search_term_string}\"},\"query-input\":\"required name=search_term_string\"}],\"inLanguage\":\"cs\"},{\"@type\":\"Organization\",\"@id\":\"https:\/\/pistonaddict.com\/cs\/#organization\",\"name\":\"Piston Addict\",\"url\":\"https:\/\/pistonaddict.com\/cs\/\",\"logo\":{\"@type\":\"ImageObject\",\"inLanguage\":\"cs\",\"@id\":\"https:\/\/pistonaddict.com\/cs\/#\/schema\/logo\/image\/\",\"url\":\"https:\/\/pistonaddict.com\/wp-content\/uploads\/2022\/07\/logo-6.png\",\"contentUrl\":\"https:\/\/pistonaddict.com\/wp-content\/uploads\/2022\/07\/logo-6.png\",\"width\":970,\"height\":200,\"caption\":\"Piston Addict\"},\"image\":{\"@id\":\"https:\/\/pistonaddict.com\/cs\/#\/schema\/logo\/image\/\"}}]}<\/script>\n<!-- \/ Yoast SEO plugin. -->","yoast_head_json":{"title":"Porsche 911 Carrera 2 Cabrio (997) aukce - Piston Addict","robots":{"index":"index","follow":"follow","max-snippet":"max-snippet:-1","max-image-preview":"max-image-preview:large","max-video-preview":"max-video-preview:-1"},"canonical":"https:\/\/pistonaddict.com\/cs\/product\/porsche-911-carrera-2-cabrio-997\/","og_locale":"cs_CZ","og_type":"article","og_title":"Porsche 911 Carrera 2 Cabrio (997) aukce - Piston Addict","og_description":"Porsche 911 m\u00e1 ve sv\u011bt\u011b sportovn\u00edch voz\u016f zvl\u00e1\u0161tn\u00ed postaven\u00ed. U\u017e nen\u00ed vn\u00edm\u00e1n jen jako vozidlo, proto\u017ee p\u0159ekra\u010duje hranice automobilov\u00e9ho pr\u016fmyslu a stal se kulturn\u00edm symbolem a celosv\u011btov\u011b uzn\u00e1van\u00fdm tvarem. B\u011bhem sv\u00fdch generac\u00ed se model 911 vyvinul z mal\u00e9ho sportovn\u00edho kup\u00e9 a\u017e po dne\u0161n\u00ed luxusn\u00ed v\u016fz GT. P\u0159edpokl\u00e1dejme v\u0161ak, \u017ee tou\u017e\u00edte po nezbytn\u00e9m pocitu z vozu 911, po vr\u010den\u00ed p\u0159irozen\u011b nas\u00e1van\u00e9ho motoru boxer a po \u010dist\u00e9m pocitu z j\u00edzdy. V tomto p\u0159\u00edpad\u011b je generace 997 posledn\u00ed, kter\u00e1 nab\u00edz\u00ed v\u0161echny tyto \u017e\u00e1douc\u00ed klasick\u00e9 p\u0159ednosti v modern\u00edm balen\u00ed. Je to dokonalost na \u010dty\u0159ech kolech v proveden\u00ed kabriolet a s manu\u00e1ln\u00ed p\u0159evodovkou.","og_url":"https:\/\/pistonaddict.com\/cs\/product\/porsche-911-carrera-2-cabrio-997\/","og_site_name":"Piston Addict","article_modified_time":"2023-12-20T08:49:17+00:00","og_image":[{"width":1008,"height":567,"url":"https:\/\/pistonaddict.com\/wp-content\/uploads\/2023\/10\/20220624_201726_resized-copia.jpg","type":"image\/jpeg"}],"twitter_card":"summary_large_image","twitter_misc":{"Odhadovan\u00e1 doba \u010dten\u00ed":"3 minuty"},"schema":{"@context":"https:\/\/schema.org","@graph":[{"@type":"WebPage","@id":"https:\/\/pistonaddict.com\/cs\/product\/porsche-911-carrera-2-cabrio-997\/","url":"https:\/\/pistonaddict.com\/cs\/product\/porsche-911-carrera-2-cabrio-997\/","name":"Porsche 911 Carrera 2 Cabrio (997) aukce - Piston Addict","isPartOf":{"@id":"https:\/\/pistonaddict.com\/cs\/#website"},"primaryImageOfPage":{"@id":"https:\/\/pistonaddict.com\/cs\/product\/porsche-911-carrera-2-cabrio-997\/#primaryimage"},"image":{"@id":"https:\/\/pistonaddict.com\/cs\/product\/porsche-911-carrera-2-cabrio-997\/#primaryimage"},"thumbnailUrl":"https:\/\/pistonaddict.com\/wp-content\/uploads\/2023\/10\/20220624_201726_resized-copia.jpg","datePublished":"2023-10-06T09:28:15+00:00","dateModified":"2023-12-20T08:49:17+00:00","breadcrumb":{"@id":"https:\/\/pistonaddict.com\/cs\/product\/porsche-911-carrera-2-cabrio-997\/#breadcrumb"},"inLanguage":"cs","potentialAction":[{"@type":"ReadAction","target":["https:\/\/pistonaddict.com\/cs\/product\/porsche-911-carrera-2-cabrio-997\/"]}]},{"@type":"ImageObject","inLanguage":"cs","@id":"https:\/\/pistonaddict.com\/cs\/product\/porsche-911-carrera-2-cabrio-997\/#primaryimage","url":"https:\/\/pistonaddict.com\/wp-content\/uploads\/2023\/10\/20220624_201726_resized-copia.jpg","contentUrl":"https:\/\/pistonaddict.com\/wp-content\/uploads\/2023\/10\/20220624_201726_resized-copia.jpg","width":1008,"height":567},{"@type":"BreadcrumbList","@id":"https:\/\/pistonaddict.com\/cs\/product\/porsche-911-carrera-2-cabrio-997\/#breadcrumb","itemListElement":[{"@type":"ListItem","position":1,"name":"Domovsk\u00e1 str\u00e1nka","item":"https:\/\/pistonaddict.com\/cs\/domovska-stranka-2\/"},{"@type":"ListItem","position":2,"name":"Auctions","item":"https:\/\/pistonaddict.com\/auctions-listing\/"},{"@type":"ListItem","position":3,"name":"Porsche 911 Carrera 2 Cabrio (997)"}]},{"@type":"WebSite","@id":"https:\/\/pistonaddict.com\/cs\/#website","url":"https:\/\/pistonaddict.com\/cs\/","name":"Piston Addict","description":"Only interesting vehicles","publisher":{"@id":"https:\/\/pistonaddict.com\/cs\/#organization"},"potentialAction":[{"@type":"SearchAction","target":{"@type":"EntryPoint","urlTemplate":"https:\/\/pistonaddict.com\/cs\/?s={search_term_string}"},"query-input":"required name=search_term_string"}],"inLanguage":"cs"},{"@type":"Organization","@id":"https:\/\/pistonaddict.com\/cs\/#organization","name":"Piston Addict","url":"https:\/\/pistonaddict.com\/cs\/","logo":{"@type":"ImageObject","inLanguage":"cs","@id":"https:\/\/pistonaddict.com\/cs\/#\/schema\/logo\/image\/","url":"https:\/\/pistonaddict.com\/wp-content\/uploads\/2022\/07\/logo-6.png","contentUrl":"https:\/\/pistonaddict.com\/wp-content\/uploads\/2022\/07\/logo-6.png","width":970,"height":200,"caption":"Piston Addict"},"image":{"@id":"https:\/\/pistonaddict.com\/cs\/#\/schema\/logo\/image\/"}}]}},"_links":{"self":[{"href":"https:\/\/pistonaddict.com\/cs\/wp-json\/wp\/v2\/product\/53482"}],"collection":[{"href":"https:\/\/pistonaddict.com\/cs\/wp-json\/wp\/v2\/product"}],"about":[{"href":"https:\/\/pistonaddict.com\/cs\/wp-json\/wp\/v2\/types\/product"}],"replies":[{"embeddable":true,"href":"https:\/\/pistonaddict.com\/cs\/wp-json\/wp\/v2\/comments?post=53482"}],"wp:featuredmedia":[{"embeddable":true,"href":"https:\/\/pistonaddict.com\/cs\/wp-json\/wp\/v2\/media\/53263"}],"wp:attachment":[{"href":"https:\/\/pistonaddict.com\/cs\/wp-json\/wp\/v2\/media?parent=53482"}],"wp:term":[{"taxonomy":"product_cat","embeddable":true,"href":"https:\/\/pistonaddict.com\/cs\/wp-json\/wp\/v2\/product_cat?post=53482"},{"taxonomy":"product_tag","embeddable":true,"href":"https:\/\/pistonaddict.com\/cs\/wp-json\/wp\/v2\/product_tag?post=53482"}],"curies":[{"name":"wp","href":"https:\/\/api.w.org\/{rel}","templated":true}]}}