{"id":47824,"date":"2024-01-16T09:00:29","date_gmt":"2024-01-16T08:00:29","guid":{"rendered":"https:\/\/pistonaddict.com\/product\/morgan-roadster-v6-3-0\/"},"modified":"2024-03-20T09:43:58","modified_gmt":"2024-03-20T08:43:58","slug":"morgan-roadster-v6-3-0","status":"publish","type":"product","link":"https:\/\/pistonaddict.com\/cs\/product\/morgan-roadster-v6-3-0\/","title":{"rendered":"Morgan Roadster V6 3.0"},"content":{"rendered":"<p><strong>Historie vozu<\/strong><\/p>\n<p>Sou\u010dasn\u00fd majitel tohoto elegantn\u00edho roadsteru jej z\u00edskal v roce 2010, kdy\u017e mu byly pouh\u00e9 t\u0159i roky. V\u016fz byl dod\u00e1n jako nov\u00fd a cel\u00fd sv\u016fj \u017eivot str\u00e1vil ve \u0160pan\u011blsku, kde byl vyu\u017e\u00edv\u00e1n k relaxa\u010dn\u00edm proj\u00ed\u017e\u010fk\u00e1m pod\u00e9l pob\u0159e\u017e\u00ed. Tato generace \u00factyhodn\u00e9ho roadsteru Morgan byla p\u0159edstavena v roce 2004, a p\u0159esto\u017ee zven\u010d\u00ed byla t\u00e9m\u011b\u0159 k nerozezn\u00e1n\u00ed, pod dlouhou kapotou se skr\u00fdvalo velmi v\u00edtan\u00e9 vylep\u0161en\u00ed &#8211; \u0161estiv\u00e1lec Ford Duratec 3,0 litru. D\u00edky 24 ventil\u016fm, modern\u00ed konstrukci a bezkonkuren\u010dn\u00ed spolehlivosti je \u0161estiv\u00e1lec Ford lep\u0161\u00ed ne\u017e star\u00fd osmiv\u00e1lec Rover, kter\u00fd Morgan pou\u017e\u00edval t\u00e9m\u011b\u0159 ve v\u0161ech ohledech. Tento motor dosahuje \u00factyhodn\u00e9ho v\u00fdkonu 223 k, a proto\u017ee je V6 krat\u0161\u00ed ne\u017e V8, je um\u00edst\u011bn v\u00edce ke st\u0159edu vozu, co\u017e zlep\u0161uje jeho ovladatelnost. Jak pravd\u011bpodobn\u011b v\u00edte, jedn\u00edm z tajemstv\u00ed jedine\u010dn\u00e9 j\u00edzdn\u00ed dynamiky vozu Morgan je jeho podvozek, kter\u00fd je \u010d\u00e1ste\u010dn\u011b vyroben ze d\u0159eva. Kdy\u017e tedy m\u00e1te roadster, kter\u00fd v\u00e1\u017e\u00ed necelou tunu, m\u00e1te z j\u00edzdy \u017eiv\u00fd z\u00e1\u017eitek a v\u0161\u00edm\u00e1te si ka\u017ed\u00e9ho detailu, jak se \u0159\u00edd\u00ed, zrychluje a ovl\u00e1d\u00e1. A mimochodem, na 100 km\/h se rozjede za 5,5 sekundy, co\u017e z n\u011bj d\u011bl\u00e1 velmi vzru\u0161uj\u00edc\u00ed v\u016fz.<\/p>\n<p><strong>Stav<\/strong><\/p>\n<p>Tento Morgan Roadster m\u00e1 najeto jen n\u011bco m\u00e1lo p\u0159es 41 000 km a od nov\u00e9ho vozu m\u00e1 dva majitele. Celkov\u00fd stav je velmi dobr\u00fd, bez po\u0161kozen\u00ed, hav\u00e1ri\u00ed a vn\u011bj\u0161\u00edch oprav. V\u016fz byl pravideln\u011b udr\u017eov\u00e1n bez jak\u00fdchkoli \u00faprav motoru, karoserie nebo zav\u011b\u0161en\u00ed. Majitel ned\u00e1vno provedl gener\u00e1ln\u00ed opravu brzd a anal\u00fdzu oleje, kter\u00e1 vy\u0161la negativn\u011b, co\u017e znamen\u00e1, \u017ee motor je v perfektn\u00edm stavu. Je to o\u010dek\u00e1van\u00e9, proto\u017ee 3,0litrov\u00fd \u0161estiv\u00e1lec Ford je zn\u00e1m\u00fd svou odolnost\u00ed a dlouhou \u017eivotnost\u00ed.<\/p>\n<p><strong>Interi\u00e9r<\/strong><\/p>\n<p>Jednou z nejlep\u0161\u00edch vlastnost\u00ed vozu Morgan Roadster byl jeho klasick\u00fd, ale elegantn\u00ed interi\u00e9r, kter\u00fd byl v tomto p\u0159\u00edpad\u011b dopln\u011bn legend\u00e1rn\u00edm d\u0159ev\u011bn\u00fdm volantem Moto-Lita. D\u0159ev\u011bn\u00e1 palubn\u00ed deska je vybavena kompletn\u00edmi p\u0159\u00edstroji, audiosyst\u00e9mem a hodinami. Z\u00e1rove\u0148 jsou sedadla \u010daloun\u011bna kr\u00e1snou b\u00e9\u017eovou k\u016f\u017e\u00ed, kter\u00e1 je v ide\u00e1ln\u00edm stavu a dokonale lad\u00ed s barvou exteri\u00e9ru. \u010cern\u00e1 st\u0159echa kabrioletu je tak\u00e9 ve skv\u011bl\u00e9m stavu a pou\u017e\u00edv\u00e1 se jen z\u0159\u00eddka, proto\u017ee vozidlo bylo ulo\u017eeno v gar\u00e1\u017ei a jezdilo za p\u011bkn\u00e9ho po\u010das\u00ed. Sou\u010d\u00e1st\u00ed je tak\u00e9 p\u016fvodn\u00ed vnit\u0159n\u00ed ob\u00e1lka Morgan.<\/p>\n<p><strong>Exteri\u00e9r a kola<\/strong><\/p>\n<p>Tento Morgan, ofici\u00e1ln\u011b naz\u00fdvan\u00fd Connaught Green, ale zn\u00e1m\u011bj\u0161\u00ed jako BRG (British Racing Green), je vyveden v nej\u017e\u00e1dan\u011bj\u0161\u00ed barv\u011b ze v\u0161ech. Klasick\u00fd tmav\u00fd odst\u00edn, kter\u00fd dokonale lad\u00ed s b\u00e9\u017eov\u00fdm interi\u00e9rem, je tou nejlep\u0161\u00ed specifikac\u00ed pro ka\u017ed\u00fd klasick\u00fd britsk\u00fd roadster. Karoserie je v perfektn\u00edm stavu, bez \u0161kr\u00e1banc\u016f a barevn\u00fdch odlesk\u016f, se zaj\u00edmav\u00fdmi detaily, jako jsou mlhov\u00e1 sv\u011btla, odznaky a ko\u017een\u00e9 p\u00e1sy dr\u017e\u00edc\u00ed kapotu (n\u00e1lepku na kapot\u011b lze snadno odstranit). Vzhled dotv\u00e1\u0159\u00ed sada 18palcov\u00fdch dr\u00e1t\u011bn\u00fdch kol obut\u00fdch do pneumatik Yokohama a vzadu um\u00edst\u011bn\u00e9 rezervn\u00ed kolo pln\u00e9 velikosti. Kola sice vypadaj\u00ed jako ze 40. let, ale jedn\u00e1 se o zcela nov\u00e9 a s l\u00e1skou obnoven\u00e9 kusy navr\u017een\u00e9 pro modern\u00ed gumy.<\/p>\n<p><strong>Dokumentace<\/strong><\/p>\n<p>Jedn\u00e1 se o vozidlo v soukrom\u00e9m vlastnictv\u00ed s p\u0159\u00edslu\u0161nou dokumentac\u00ed, kter\u00e9 se nach\u00e1z\u00ed v Palma de Mallorca, \u0160pan\u011blsko. Zpr\u00e1vy jsou \u010dist\u00e9; neexistuj\u00ed \u017e\u00e1dn\u00e9 doklady o nehod\u00e1ch, oprav\u00e1ch po nehod\u00e1ch, vlastnictv\u00ed nebo pr\u00e1vn\u00edch probl\u00e9mech. Z\u00e1znamy o pravideln\u00e9 \u00fadr\u017eb\u011b sahaj\u00ed a\u017e do roku 2020.<br \/>\nCarFax tohoto vozu Morgan Roadster V6 cabrio si m\u016f\u017eete prohl\u00e9dnout <a href=\"https:\/\/pistonaddict.com\/wp-content\/uploads\/2023\/08\/CARFAX-Vehicle-History-Report-MORGAN-ROADSTER-Convertible-2007.pdf\">zde<\/a>. <strong>\u0160pan\u011blsk\u00fd MOT (ITV) pro\u0161el a plat\u00ed do 4. srpna 2024<\/strong>.<\/p>\n<p><strong>Vybaven\u00ed a dopl\u0148ky<\/strong><\/p>\n<p>&#8211; Klasick\u00fd d\u0159ev\u011bn\u00fd volant Motolita<br \/>\n&#8211; D\u0159ev\u011bn\u00e1 p\u0159\u00edstrojov\u00e1 deska<br \/>\n&#8211; Ocelov\u00e1 hlavice \u0159adic\u00ed p\u00e1ky<br \/>\n&#8211; Bo\u010dn\u00ed kapsy v ko\u017een\u00fdch dve\u0159\u00edch<br \/>\n&#8211; P\u0159\u00ed\u010dn\u00e9 li\u0161ty \u0161t\u00edtu Morgan<br \/>\n&#8211; Vnit\u0159n\u00ed oblo\u017een\u00ed z\u00e1mk\u016f se \u0161t\u00edtem Morgan<br \/>\n&#8211; Hodiny<br \/>\n&#8211; R\u00e1dio CD\/MP3 Blaupunkt<br \/>\n&#8211; 2 p\u0159\u00eddavn\u00e1 p\u0159edn\u00ed sv\u011btla<br \/>\n&#8211; Vnit\u0159n\u00ed ko\u017een\u00fd p\u00e1s lemovan\u00fd ov\u010d\u00ed k\u016f\u017e\u00ed v horn\u00ed \u010d\u00e1sti kapoty<br \/>\n&#8211; Slune\u010dn\u00edky z \u010dern\u00e9 k\u016f\u017ee<br \/>\n&#8211; Odpojova\u010d baterie proti kr\u00e1de\u017ei<br \/>\n&#8211; P\u0159edn\u00ed li\u0161ta pro odznaky\/\u0161t\u00edtky<br \/>\n&#8211; \u010cern\u00fd ko\u017een\u00fd potah kapoty se \u0161t\u00edtem Morgan<br \/>\n&#8211; 2 \u010dern\u00e9 ko\u017een\u00e9 kryty na metakryl\u00e1tov\u00e1 okna se \u0161t\u00edtem Morgan<br \/>\n&#8211; Ochrann\u00fd kryt interi\u00e9ru vozu (modr\u00e1 l\u00e1tka) se \u0161t\u00edtem Morgan<\/p>\n<p><strong>Pod\u00edvejte se na video se studen\u00fdm startem tohoto kr\u00e1sn\u00e9ho kabrioletu Morgan Roadster V6 :<\/strong><\/p>\n<p><iframe title=\"Cold Start : Morgan Roadster V6 3.0 on PistonAddict.com\" width=\"1200\" height=\"675\" src=\"https:\/\/www.youtube.com\/embed\/yLSfe-ePOFg?start=29&#038;feature=oembed\" frameborder=\"0\" allow=\"accelerometer; autoplay; clipboard-write; encrypted-media; gyroscope; picture-in-picture; web-share\" allowfullscreen><\/iframe><\/p>\n","protected":false},"excerpt":{"rendered":"<p>Mezi mnoha klasick\u00fdmi britsk\u00fdmi vozy je Morgan Roadster nepopirateln\u011b zt\u011blesn\u011bn\u00edm britsk\u00e9ho \u0161armu v automobilov\u00e9 podob\u011b. Modern\u00ed Morgan Plus Six s nad\u010dasov\u00fdm designem, kter\u00fd poch\u00e1z\u00ed z po\u010d\u00e1tk\u016f roadster\u016f, a modelovou \u0159adou nep\u0159eru\u0161enou od roku 1950 je neodolatelnou kombinac\u00ed jedine\u010dn\u00e9 konstrukce, zak\u00e1zkov\u00e9 a ru\u010dn\u00ed v\u00fdroby a v\u00fdkonn\u00e9ho \u0161estiv\u00e1lce, kter\u00fd tuto klasiku v dobr\u00e9 v\u00ed\u0159e m\u011bn\u00ed na schopn\u00fd sportovn\u00ed v\u016fz s otev\u0159enou st\u0159echou.<\/p>\n","protected":false},"featured_media":46725,"comment_status":"open","ping_status":"closed","template":"","meta":{"inline_featured_image":false},"product_cat":[760],"product_tag":[1996,1992,945,1987,1989],"acf":[],"yoast_head":"<!-- This site is optimized with the Yoast SEO plugin v22.5 - https:\/\/yoast.com\/wordpress\/plugins\/seo\/ -->\n<title>Morgan Roadster V6 3.0 aukce - Piston Addict<\/title>\n<meta name=\"description\" content=\"\u00da\u017easn\u00fd Morgan Roadster V6 3.0 z roku 2007 ve v\u00fdborn\u00fdch podm\u00ednk\u00e1ch v auk\u010dn\u00edm prodeji na PistonAddict.com\" \/>\n<meta name=\"robots\" content=\"index, follow, max-snippet:-1, max-image-preview:large, max-video-preview:-1\" \/>\n<link rel=\"canonical\" href=\"https:\/\/pistonaddict.com\/cs\/product\/morgan-roadster-v6-3-0\/\" \/>\n<meta property=\"og:locale\" content=\"cs_CZ\" \/>\n<meta property=\"og:type\" content=\"article\" \/>\n<meta property=\"og:title\" content=\"Morgan Roadster V6 3.0 aukce - Piston Addict\" \/>\n<meta property=\"og:description\" content=\"\u00da\u017easn\u00fd Morgan Roadster V6 3.0 z roku 2007 ve v\u00fdborn\u00fdch podm\u00ednk\u00e1ch v auk\u010dn\u00edm prodeji na PistonAddict.com\" \/>\n<meta property=\"og:url\" content=\"https:\/\/pistonaddict.com\/cs\/product\/morgan-roadster-v6-3-0\/\" \/>\n<meta property=\"og:site_name\" content=\"Piston Addict\" \/>\n<meta property=\"article:modified_time\" content=\"2024-03-20T08:43:58+00:00\" \/>\n<meta property=\"og:image\" content=\"https:\/\/pistonaddict.com\/wp-content\/uploads\/2023\/08\/DSC0169-scaled.jpg\" \/>\n\t<meta property=\"og:image:width\" content=\"2560\" \/>\n\t<meta property=\"og:image:height\" content=\"1707\" \/>\n\t<meta property=\"og:image:type\" content=\"image\/jpeg\" \/>\n<meta name=\"twitter:card\" content=\"summary_large_image\" \/>\n<meta name=\"twitter:label1\" content=\"Odhadovan\u00e1 doba \u010dten\u00ed\" \/>\n\t<meta name=\"twitter:data1\" content=\"4 minuty\" \/>\n<script type=\"application\/ld+json\" class=\"yoast-schema-graph\">{\"@context\":\"https:\/\/schema.org\",\"@graph\":[{\"@type\":\"WebPage\",\"@id\":\"https:\/\/pistonaddict.com\/cs\/product\/morgan-roadster-v6-3-0\/\",\"url\":\"https:\/\/pistonaddict.com\/cs\/product\/morgan-roadster-v6-3-0\/\",\"name\":\"Morgan Roadster V6 3.0 aukce - Piston Addict\",\"isPartOf\":{\"@id\":\"https:\/\/pistonaddict.com\/cs\/#website\"},\"primaryImageOfPage\":{\"@id\":\"https:\/\/pistonaddict.com\/cs\/product\/morgan-roadster-v6-3-0\/#primaryimage\"},\"image\":{\"@id\":\"https:\/\/pistonaddict.com\/cs\/product\/morgan-roadster-v6-3-0\/#primaryimage\"},\"thumbnailUrl\":\"https:\/\/pistonaddict.com\/wp-content\/uploads\/2023\/08\/DSC0169-scaled.jpg\",\"datePublished\":\"2024-01-16T08:00:29+00:00\",\"dateModified\":\"2024-03-20T08:43:58+00:00\",\"description\":\"\u00da\u017easn\u00fd Morgan Roadster V6 3.0 z roku 2007 ve v\u00fdborn\u00fdch podm\u00ednk\u00e1ch v auk\u010dn\u00edm prodeji na PistonAddict.com\",\"breadcrumb\":{\"@id\":\"https:\/\/pistonaddict.com\/cs\/product\/morgan-roadster-v6-3-0\/#breadcrumb\"},\"inLanguage\":\"cs\",\"potentialAction\":[{\"@type\":\"ReadAction\",\"target\":[\"https:\/\/pistonaddict.com\/cs\/product\/morgan-roadster-v6-3-0\/\"]}]},{\"@type\":\"ImageObject\",\"inLanguage\":\"cs\",\"@id\":\"https:\/\/pistonaddict.com\/cs\/product\/morgan-roadster-v6-3-0\/#primaryimage\",\"url\":\"https:\/\/pistonaddict.com\/wp-content\/uploads\/2023\/08\/DSC0169-scaled.jpg\",\"contentUrl\":\"https:\/\/pistonaddict.com\/wp-content\/uploads\/2023\/08\/DSC0169-scaled.jpg\",\"width\":2560,\"height\":1707},{\"@type\":\"BreadcrumbList\",\"@id\":\"https:\/\/pistonaddict.com\/cs\/product\/morgan-roadster-v6-3-0\/#breadcrumb\",\"itemListElement\":[{\"@type\":\"ListItem\",\"position\":1,\"name\":\"Domovsk\u00e1 str\u00e1nka\",\"item\":\"https:\/\/pistonaddict.com\/cs\/domovska-stranka-2\/\"},{\"@type\":\"ListItem\",\"position\":2,\"name\":\"Auctions\",\"item\":\"https:\/\/pistonaddict.com\/auctions-listing\/\"},{\"@type\":\"ListItem\",\"position\":3,\"name\":\"Morgan Roadster V6 3.0\"}]},{\"@type\":\"WebSite\",\"@id\":\"https:\/\/pistonaddict.com\/cs\/#website\",\"url\":\"https:\/\/pistonaddict.com\/cs\/\",\"name\":\"Piston Addict\",\"description\":\"Only interesting vehicles\",\"publisher\":{\"@id\":\"https:\/\/pistonaddict.com\/cs\/#organization\"},\"potentialAction\":[{\"@type\":\"SearchAction\",\"target\":{\"@type\":\"EntryPoint\",\"urlTemplate\":\"https:\/\/pistonaddict.com\/cs\/?s={search_term_string}\"},\"query-input\":\"required name=search_term_string\"}],\"inLanguage\":\"cs\"},{\"@type\":\"Organization\",\"@id\":\"https:\/\/pistonaddict.com\/cs\/#organization\",\"name\":\"Piston Addict\",\"url\":\"https:\/\/pistonaddict.com\/cs\/\",\"logo\":{\"@type\":\"ImageObject\",\"inLanguage\":\"cs\",\"@id\":\"https:\/\/pistonaddict.com\/cs\/#\/schema\/logo\/image\/\",\"url\":\"https:\/\/pistonaddict.com\/wp-content\/uploads\/2022\/07\/logo-6.png\",\"contentUrl\":\"https:\/\/pistonaddict.com\/wp-content\/uploads\/2022\/07\/logo-6.png\",\"width\":970,\"height\":200,\"caption\":\"Piston Addict\"},\"image\":{\"@id\":\"https:\/\/pistonaddict.com\/cs\/#\/schema\/logo\/image\/\"}}]}<\/script>\n<!-- \/ Yoast SEO plugin. -->","yoast_head_json":{"title":"Morgan Roadster V6 3.0 aukce - Piston Addict","description":"\u00da\u017easn\u00fd Morgan Roadster V6 3.0 z roku 2007 ve v\u00fdborn\u00fdch podm\u00ednk\u00e1ch v auk\u010dn\u00edm prodeji na PistonAddict.com","robots":{"index":"index","follow":"follow","max-snippet":"max-snippet:-1","max-image-preview":"max-image-preview:large","max-video-preview":"max-video-preview:-1"},"canonical":"https:\/\/pistonaddict.com\/cs\/product\/morgan-roadster-v6-3-0\/","og_locale":"cs_CZ","og_type":"article","og_title":"Morgan Roadster V6 3.0 aukce - Piston Addict","og_description":"\u00da\u017easn\u00fd Morgan Roadster V6 3.0 z roku 2007 ve v\u00fdborn\u00fdch podm\u00ednk\u00e1ch v auk\u010dn\u00edm prodeji na PistonAddict.com","og_url":"https:\/\/pistonaddict.com\/cs\/product\/morgan-roadster-v6-3-0\/","og_site_name":"Piston Addict","article_modified_time":"2024-03-20T08:43:58+00:00","og_image":[{"width":2560,"height":1707,"url":"https:\/\/pistonaddict.com\/wp-content\/uploads\/2023\/08\/DSC0169-scaled.jpg","type":"image\/jpeg"}],"twitter_card":"summary_large_image","twitter_misc":{"Odhadovan\u00e1 doba \u010dten\u00ed":"4 minuty"},"schema":{"@context":"https:\/\/schema.org","@graph":[{"@type":"WebPage","@id":"https:\/\/pistonaddict.com\/cs\/product\/morgan-roadster-v6-3-0\/","url":"https:\/\/pistonaddict.com\/cs\/product\/morgan-roadster-v6-3-0\/","name":"Morgan Roadster V6 3.0 aukce - Piston Addict","isPartOf":{"@id":"https:\/\/pistonaddict.com\/cs\/#website"},"primaryImageOfPage":{"@id":"https:\/\/pistonaddict.com\/cs\/product\/morgan-roadster-v6-3-0\/#primaryimage"},"image":{"@id":"https:\/\/pistonaddict.com\/cs\/product\/morgan-roadster-v6-3-0\/#primaryimage"},"thumbnailUrl":"https:\/\/pistonaddict.com\/wp-content\/uploads\/2023\/08\/DSC0169-scaled.jpg","datePublished":"2024-01-16T08:00:29+00:00","dateModified":"2024-03-20T08:43:58+00:00","description":"\u00da\u017easn\u00fd Morgan Roadster V6 3.0 z roku 2007 ve v\u00fdborn\u00fdch podm\u00ednk\u00e1ch v auk\u010dn\u00edm prodeji na PistonAddict.com","breadcrumb":{"@id":"https:\/\/pistonaddict.com\/cs\/product\/morgan-roadster-v6-3-0\/#breadcrumb"},"inLanguage":"cs","potentialAction":[{"@type":"ReadAction","target":["https:\/\/pistonaddict.com\/cs\/product\/morgan-roadster-v6-3-0\/"]}]},{"@type":"ImageObject","inLanguage":"cs","@id":"https:\/\/pistonaddict.com\/cs\/product\/morgan-roadster-v6-3-0\/#primaryimage","url":"https:\/\/pistonaddict.com\/wp-content\/uploads\/2023\/08\/DSC0169-scaled.jpg","contentUrl":"https:\/\/pistonaddict.com\/wp-content\/uploads\/2023\/08\/DSC0169-scaled.jpg","width":2560,"height":1707},{"@type":"BreadcrumbList","@id":"https:\/\/pistonaddict.com\/cs\/product\/morgan-roadster-v6-3-0\/#breadcrumb","itemListElement":[{"@type":"ListItem","position":1,"name":"Domovsk\u00e1 str\u00e1nka","item":"https:\/\/pistonaddict.com\/cs\/domovska-stranka-2\/"},{"@type":"ListItem","position":2,"name":"Auctions","item":"https:\/\/pistonaddict.com\/auctions-listing\/"},{"@type":"ListItem","position":3,"name":"Morgan Roadster V6 3.0"}]},{"@type":"WebSite","@id":"https:\/\/pistonaddict.com\/cs\/#website","url":"https:\/\/pistonaddict.com\/cs\/","name":"Piston Addict","description":"Only interesting vehicles","publisher":{"@id":"https:\/\/pistonaddict.com\/cs\/#organization"},"potentialAction":[{"@type":"SearchAction","target":{"@type":"EntryPoint","urlTemplate":"https:\/\/pistonaddict.com\/cs\/?s={search_term_string}"},"query-input":"required name=search_term_string"}],"inLanguage":"cs"},{"@type":"Organization","@id":"https:\/\/pistonaddict.com\/cs\/#organization","name":"Piston Addict","url":"https:\/\/pistonaddict.com\/cs\/","logo":{"@type":"ImageObject","inLanguage":"cs","@id":"https:\/\/pistonaddict.com\/cs\/#\/schema\/logo\/image\/","url":"https:\/\/pistonaddict.com\/wp-content\/uploads\/2022\/07\/logo-6.png","contentUrl":"https:\/\/pistonaddict.com\/wp-content\/uploads\/2022\/07\/logo-6.png","width":970,"height":200,"caption":"Piston Addict"},"image":{"@id":"https:\/\/pistonaddict.com\/cs\/#\/schema\/logo\/image\/"}}]}},"_links":{"self":[{"href":"https:\/\/pistonaddict.com\/cs\/wp-json\/wp\/v2\/product\/47824"}],"collection":[{"href":"https:\/\/pistonaddict.com\/cs\/wp-json\/wp\/v2\/product"}],"about":[{"href":"https:\/\/pistonaddict.com\/cs\/wp-json\/wp\/v2\/types\/product"}],"replies":[{"embeddable":true,"href":"https:\/\/pistonaddict.com\/cs\/wp-json\/wp\/v2\/comments?post=47824"}],"wp:featuredmedia":[{"embeddable":true,"href":"https:\/\/pistonaddict.com\/cs\/wp-json\/wp\/v2\/media\/46725"}],"wp:attachment":[{"href":"https:\/\/pistonaddict.com\/cs\/wp-json\/wp\/v2\/media?parent=47824"}],"wp:term":[{"taxonomy":"product_cat","embeddable":true,"href":"https:\/\/pistonaddict.com\/cs\/wp-json\/wp\/v2\/product_cat?post=47824"},{"taxonomy":"product_tag","embeddable":true,"href":"https:\/\/pistonaddict.com\/cs\/wp-json\/wp\/v2\/product_tag?post=47824"}],"curies":[{"name":"wp","href":"https:\/\/api.w.org\/{rel}","templated":true}]}}