{"id":45994,"date":"2023-06-16T15:02:15","date_gmt":"2023-06-16T13:02:15","guid":{"rendered":"https:\/\/pistonaddict.com\/product\/audi-r8-v10-red-dynamite\/"},"modified":"2023-12-20T09:44:30","modified_gmt":"2023-12-20T08:44:30","slug":"audi-r8-v10-red-dynamite","status":"publish","type":"product","link":"https:\/\/pistonaddict.com\/cs\/product\/audi-r8-v10-red-dynamite\/","title":{"rendered":"Audi R8 V10 Red Dynamite"},"content":{"rendered":"<h2>Exteri\u00e9r<\/h2>\n<p>Toto Audi R8 s jasn\u011b \u010derven\u00fdm lakem a \u010dern\u00fdmi detaily je lakov\u00e1no v jasn\u011b \u010derven\u00e9 barv\u011b a nez\u016fstane bez pov\u0161imnut\u00ed, a\u0165 se objev\u00ed kdekoli. Krom\u011b toho prvky jako chromovan\u00e1 m\u0159\u00ed\u017eka chladi\u010de a kryty zrc\u00e1tek z uhl\u00edkov\u00fdch vl\u00e1ken jen umoc\u0148uj\u00ed jeho vzhled. Ale up\u0159\u00edmn\u011b \u0159e\u010deno, R8 je ohromuj\u00edc\u00ed v\u016fz v jak\u00e9koli barv\u011b a bez ohledu na p\u0159\u00edtomnost takov\u00fdch detail\u016f.<\/p>\n<p>V kone\u010dn\u00e9m d\u016fsledku se n\u011bmeck\u00fdm konstrukt\u00e9r\u016fm poda\u0159ilo v modelu R8 dos\u00e1hnout t\u00e9m\u011b\u0159 dokonal\u00e9 kombinace agresivity a jemnosti. Je t\u011b\u017ek\u00e9 uv\u011b\u0159it, \u017ee se pod n\u00edm skr\u00fdv\u00e1 v\u00edce \u010di m\u00e9n\u011b Lamborgini Aventador, kter\u00fd je mnohem honosn\u011bj\u0161\u00ed a ok\u00e1zalej\u0161\u00ed. Pokud tedy hled\u00e1te schopn\u00fd sportovn\u00ed v\u016fz, ale nechcete vypadat jako vejtaha, je R8 jednou z nejlep\u0161\u00edch voleb. Mezi dal\u0161\u00ed detaily, kter\u00e9 stoj\u00ed za pozornost, pat\u0159\u00ed masivn\u00ed zadn\u00ed spoiler a 20palcov\u00e1 kola s nov\u00fdmi pneumatikami Good Year Eagle.<\/p>\n<h2>Interi\u00e9r<\/h2>\n<p>Interi\u00e9ru tohoto konkr\u00e9tn\u00edho modelu R8 dominuje kombinace \u010dern\u00e9 k\u016f\u017ee, \u010derven\u00e9ho pro\u0161\u00edv\u00e1n\u00ed a karbonov\u00fdch ozdobn\u00fdch prvk\u016f. Sedadla, kter\u00e1 vypadaj\u00ed, jako by pr\u00e1v\u011b vyjela z tov\u00e1rny, jsou z\u00e1rove\u0148 op\u011brn\u00e1 i pohodln\u00e1. D\u00e1le je zde k\u016f\u017e\u00ed pota\u017een\u00fd t\u0159\u00edramenn\u00fd volant s ovl\u00e1dac\u00edmi tla\u010d\u00edtky pro v\u0161echny z\u00e1kladn\u00ed funkce. Krom\u011b b\u011b\u017en\u00fdch tla\u010d\u00edtek, jako jsou tla\u010d\u00edtka pro stereofonn\u00ed syst\u00e9m nebo palubn\u00ed po\u010d\u00edta\u010d, sem pat\u0159\u00ed i tla\u010d\u00edtko pro volbu j\u00edzdn\u00edho re\u017eimu, launch control a lad\u011bn\u00ed v\u00fdfuku.<\/p>\n<p>Za volantem se nach\u00e1z\u00ed digit\u00e1ln\u00ed sdru\u017een\u00fd p\u0159\u00edstroj, kter\u00fd krom\u011b z\u00e1kladn\u00edch informac\u00ed dok\u00e1\u017ee zobrazit mnohem v\u00edce. To zahrnuje navigaci, couvac\u00ed kameru a stereo, kter\u00e9 mimochodem vyr\u00e1b\u00ed sv\u011btozn\u00e1m\u00e1 spole\u010dnost Bang&amp;Olufsen.<\/p>\n<h2>Mechanika<\/h2>\n<p>Pod subtiln\u00ed a elegantn\u00ed slupkou m\u00e1 tato druh\u00e1 generace R8 tu\u017e\u0161\u00ed a leh\u010d\u00ed podvozek z hlin\u00edku a uhl\u00edkov\u00fdch vl\u00e1ken. Nejv\u00fdznamn\u011bj\u0161\u00ed sou\u010d\u00e1st\u00ed tohoto vozu je v\u0161ak podle o\u010dek\u00e1v\u00e1n\u00ed jeho motor, v\u00fdkonn\u00fd 5,2litrov\u00fd desetiv\u00e1lec. Vzhledem k tomu, \u017ee Audi tento model ozna\u010duje jako Plus, disponuje v\u00fdkonem 610 kon\u00ed a to\u010div\u00fdm momentem 560 Nm, kter\u00fd je p\u0159en\u00e1\u0161en na v\u0161echna kola prost\u0159ednictv\u00edm syst\u00e9mu Quattro a 7stup\u0148ov\u00e9 automatick\u00e9 p\u0159evodovky. S t\u00edm v\u0161\u00edm zrychl\u00ed R8 z 0 na 100 p\u0159ibli\u017en\u011b za 3 sekundy a dos\u00e1hne maxim\u00e1ln\u00ed rychlosti 329 km\/h. A aby brzdn\u00fd \u00fa\u010dinek odpov\u00eddal t\u00e9to rychlosti, jsou v\u0161ude kolem masivn\u00ed brzdy.<\/p>\n<h2>Historie vozidla<\/h2>\n<p>Podle prod\u00e1vaj\u00edc\u00edho bylo toto Audi R8 naposledy servisov\u00e1no v \u0159\u00edjnu 2022, p\u0159i\u010dem\u017e brzdy pro\u0161ly gener\u00e1ln\u00ed opravou teprve p\u0159ed n\u011bkolika dny. Na p\u0159\u00edstrojov\u00e9 desce nav\u00edc nejsou zn\u00e1my \u017e\u00e1dn\u00e9 z\u00e1vady ani varov\u00e1n\u00ed. A kone\u010dn\u011b, soud\u011b podle poskytnut\u00fdch fotografi\u00ed, nejsou na karoserii \u017e\u00e1dn\u00e9 vady, kter\u00e9 by bylo t\u0159eba hl\u00e1sit.<\/p>\n<p>&nbsp;<\/p>\n<p><strong>Pro p\u0159\u00edstup do aukce tohoto pr\u00e9miov\u00e9ho vozidla je nutn\u00fd otisk kreditn\u00ed karty.<\/strong><\/p>\n","protected":false},"excerpt":{"rendered":"<p>V\u016fz, kter\u00fd se zde prod\u00e1v\u00e1, je pravd\u011bpodobn\u011b jedn\u00edm z nejv\u00fdkonn\u011bj\u0161\u00edch model\u016f ve sv\u00e9 t\u0159\u00edd\u011b &#8211; ikonick\u00e9 Audi R8. Byl to a st\u00e1le je prvn\u00ed pokus ingolstadtsk\u00e9 automobilky na trhu supersportovn\u00edch voz\u016f, kter\u00fd se uk\u00e1zal jako velmi \u00fasp\u011b\u0161n\u00fd. Podle prod\u00e1vaj\u00edc\u00edho je toto vozidlo pln\u011b servisovan\u00e9 a nem\u011blo \u017e\u00e1dnou nehodu, co\u017e potvrzuje i odpov\u00eddaj\u00edc\u00ed zpr\u00e1va CarVertical. Nav\u00edc m\u00e1 zat\u00edm najeto necel\u00fdch 50 000 km, co\u017e u takov\u00e9ho vozu nen\u00ed mnoho. A kone\u010dn\u011b, toto <strong>Audi R8 V10 plus Quattro <\/strong>z roku 2015 se v sou\u010dasn\u00e9 dob\u011b nach\u00e1z\u00ed v Belgii, kde je registrov\u00e1no ji\u017e od doby, kdy bylo nov\u00e9. Nab\u00eddku na tento v\u016fz m\u016f\u017eete u\u010dinit tak, \u017ee <a href=\"https:\/\/pistonaddict.com\/contact-us\/\">n\u00e1s kontaktujete<\/a>.<\/p>\n","protected":false},"featured_media":43343,"comment_status":"open","ping_status":"closed","template":"","meta":{"inline_featured_image":false},"product_cat":[760],"product_tag":[1934,1937,929],"acf":[],"yoast_head":"<!-- This site is optimized with the Yoast SEO plugin v22.5 - https:\/\/yoast.com\/wordpress\/plugins\/seo\/ -->\n<title>Audi R8 V10 Red Dynamite aukce - Piston Addict<\/title>\n<meta name=\"description\" content=\"V\u016fz, kter\u00fd se zde prod\u00e1v\u00e1 v aukci, je pravd\u011bpodobn\u011b jedn\u00edm z nejv\u00fdkonn\u011bj\u0161\u00edch model\u016f ve sv\u00e9 t\u0159\u00edd\u011b - kultovn\u00ed Audi R8 V10.\" \/>\n<meta name=\"robots\" content=\"index, follow, max-snippet:-1, max-image-preview:large, max-video-preview:-1\" \/>\n<link rel=\"canonical\" href=\"https:\/\/pistonaddict.com\/cs\/product\/audi-r8-v10-red-dynamite\/\" \/>\n<meta property=\"og:locale\" content=\"cs_CZ\" \/>\n<meta property=\"og:type\" content=\"article\" \/>\n<meta property=\"og:title\" content=\"Audi R8 V10 Red Dynamite aukce - Piston Addict\" \/>\n<meta property=\"og:description\" content=\"V\u016fz, kter\u00fd se zde prod\u00e1v\u00e1 v aukci, je pravd\u011bpodobn\u011b jedn\u00edm z nejv\u00fdkonn\u011bj\u0161\u00edch model\u016f ve sv\u00e9 t\u0159\u00edd\u011b - kultovn\u00ed Audi R8 V10.\" \/>\n<meta property=\"og:url\" content=\"https:\/\/pistonaddict.com\/cs\/product\/audi-r8-v10-red-dynamite\/\" \/>\n<meta property=\"og:site_name\" content=\"Piston Addict\" \/>\n<meta property=\"article:modified_time\" content=\"2023-12-20T08:44:30+00:00\" \/>\n<meta property=\"og:image\" content=\"https:\/\/pistonaddict.com\/wp-content\/uploads\/2023\/06\/DSC_0412.jpg\" \/>\n\t<meta property=\"og:image:width\" content=\"2048\" \/>\n\t<meta property=\"og:image:height\" content=\"1365\" \/>\n\t<meta property=\"og:image:type\" content=\"image\/jpeg\" \/>\n<meta name=\"twitter:card\" content=\"summary_large_image\" \/>\n<meta name=\"twitter:label1\" content=\"Odhadovan\u00e1 doba \u010dten\u00ed\" \/>\n\t<meta name=\"twitter:data1\" content=\"3 minuty\" \/>\n<script type=\"application\/ld+json\" class=\"yoast-schema-graph\">{\"@context\":\"https:\/\/schema.org\",\"@graph\":[{\"@type\":\"WebPage\",\"@id\":\"https:\/\/pistonaddict.com\/cs\/product\/audi-r8-v10-red-dynamite\/\",\"url\":\"https:\/\/pistonaddict.com\/cs\/product\/audi-r8-v10-red-dynamite\/\",\"name\":\"Audi R8 V10 Red Dynamite aukce - Piston Addict\",\"isPartOf\":{\"@id\":\"https:\/\/pistonaddict.com\/cs\/#website\"},\"primaryImageOfPage\":{\"@id\":\"https:\/\/pistonaddict.com\/cs\/product\/audi-r8-v10-red-dynamite\/#primaryimage\"},\"image\":{\"@id\":\"https:\/\/pistonaddict.com\/cs\/product\/audi-r8-v10-red-dynamite\/#primaryimage\"},\"thumbnailUrl\":\"https:\/\/pistonaddict.com\/wp-content\/uploads\/2023\/06\/DSC_0412.jpg\",\"datePublished\":\"2023-06-16T13:02:15+00:00\",\"dateModified\":\"2023-12-20T08:44:30+00:00\",\"description\":\"V\u016fz, kter\u00fd se zde prod\u00e1v\u00e1 v aukci, je pravd\u011bpodobn\u011b jedn\u00edm z nejv\u00fdkonn\u011bj\u0161\u00edch model\u016f ve sv\u00e9 t\u0159\u00edd\u011b - kultovn\u00ed Audi R8 V10.\",\"breadcrumb\":{\"@id\":\"https:\/\/pistonaddict.com\/cs\/product\/audi-r8-v10-red-dynamite\/#breadcrumb\"},\"inLanguage\":\"cs\",\"potentialAction\":[{\"@type\":\"ReadAction\",\"target\":[\"https:\/\/pistonaddict.com\/cs\/product\/audi-r8-v10-red-dynamite\/\"]}]},{\"@type\":\"ImageObject\",\"inLanguage\":\"cs\",\"@id\":\"https:\/\/pistonaddict.com\/cs\/product\/audi-r8-v10-red-dynamite\/#primaryimage\",\"url\":\"https:\/\/pistonaddict.com\/wp-content\/uploads\/2023\/06\/DSC_0412.jpg\",\"contentUrl\":\"https:\/\/pistonaddict.com\/wp-content\/uploads\/2023\/06\/DSC_0412.jpg\",\"width\":2048,\"height\":1365},{\"@type\":\"BreadcrumbList\",\"@id\":\"https:\/\/pistonaddict.com\/cs\/product\/audi-r8-v10-red-dynamite\/#breadcrumb\",\"itemListElement\":[{\"@type\":\"ListItem\",\"position\":1,\"name\":\"Domovsk\u00e1 str\u00e1nka\",\"item\":\"https:\/\/pistonaddict.com\/cs\/domovska-stranka-2\/\"},{\"@type\":\"ListItem\",\"position\":2,\"name\":\"Auctions\",\"item\":\"https:\/\/pistonaddict.com\/auctions-listing\/\"},{\"@type\":\"ListItem\",\"position\":3,\"name\":\"Audi R8 V10 Red Dynamite\"}]},{\"@type\":\"WebSite\",\"@id\":\"https:\/\/pistonaddict.com\/cs\/#website\",\"url\":\"https:\/\/pistonaddict.com\/cs\/\",\"name\":\"Piston Addict\",\"description\":\"Only interesting vehicles\",\"publisher\":{\"@id\":\"https:\/\/pistonaddict.com\/cs\/#organization\"},\"potentialAction\":[{\"@type\":\"SearchAction\",\"target\":{\"@type\":\"EntryPoint\",\"urlTemplate\":\"https:\/\/pistonaddict.com\/cs\/?s={search_term_string}\"},\"query-input\":\"required name=search_term_string\"}],\"inLanguage\":\"cs\"},{\"@type\":\"Organization\",\"@id\":\"https:\/\/pistonaddict.com\/cs\/#organization\",\"name\":\"Piston Addict\",\"url\":\"https:\/\/pistonaddict.com\/cs\/\",\"logo\":{\"@type\":\"ImageObject\",\"inLanguage\":\"cs\",\"@id\":\"https:\/\/pistonaddict.com\/cs\/#\/schema\/logo\/image\/\",\"url\":\"https:\/\/pistonaddict.com\/wp-content\/uploads\/2022\/07\/logo-6.png\",\"contentUrl\":\"https:\/\/pistonaddict.com\/wp-content\/uploads\/2022\/07\/logo-6.png\",\"width\":970,\"height\":200,\"caption\":\"Piston Addict\"},\"image\":{\"@id\":\"https:\/\/pistonaddict.com\/cs\/#\/schema\/logo\/image\/\"}}]}<\/script>\n<!-- \/ Yoast SEO plugin. -->","yoast_head_json":{"title":"Audi R8 V10 Red Dynamite aukce - Piston Addict","description":"V\u016fz, kter\u00fd se zde prod\u00e1v\u00e1 v aukci, je pravd\u011bpodobn\u011b jedn\u00edm z nejv\u00fdkonn\u011bj\u0161\u00edch model\u016f ve sv\u00e9 t\u0159\u00edd\u011b - kultovn\u00ed Audi R8 V10.","robots":{"index":"index","follow":"follow","max-snippet":"max-snippet:-1","max-image-preview":"max-image-preview:large","max-video-preview":"max-video-preview:-1"},"canonical":"https:\/\/pistonaddict.com\/cs\/product\/audi-r8-v10-red-dynamite\/","og_locale":"cs_CZ","og_type":"article","og_title":"Audi R8 V10 Red Dynamite aukce - Piston Addict","og_description":"V\u016fz, kter\u00fd se zde prod\u00e1v\u00e1 v aukci, je pravd\u011bpodobn\u011b jedn\u00edm z nejv\u00fdkonn\u011bj\u0161\u00edch model\u016f ve sv\u00e9 t\u0159\u00edd\u011b - kultovn\u00ed Audi R8 V10.","og_url":"https:\/\/pistonaddict.com\/cs\/product\/audi-r8-v10-red-dynamite\/","og_site_name":"Piston Addict","article_modified_time":"2023-12-20T08:44:30+00:00","og_image":[{"width":2048,"height":1365,"url":"https:\/\/pistonaddict.com\/wp-content\/uploads\/2023\/06\/DSC_0412.jpg","type":"image\/jpeg"}],"twitter_card":"summary_large_image","twitter_misc":{"Odhadovan\u00e1 doba \u010dten\u00ed":"3 minuty"},"schema":{"@context":"https:\/\/schema.org","@graph":[{"@type":"WebPage","@id":"https:\/\/pistonaddict.com\/cs\/product\/audi-r8-v10-red-dynamite\/","url":"https:\/\/pistonaddict.com\/cs\/product\/audi-r8-v10-red-dynamite\/","name":"Audi R8 V10 Red Dynamite aukce - Piston Addict","isPartOf":{"@id":"https:\/\/pistonaddict.com\/cs\/#website"},"primaryImageOfPage":{"@id":"https:\/\/pistonaddict.com\/cs\/product\/audi-r8-v10-red-dynamite\/#primaryimage"},"image":{"@id":"https:\/\/pistonaddict.com\/cs\/product\/audi-r8-v10-red-dynamite\/#primaryimage"},"thumbnailUrl":"https:\/\/pistonaddict.com\/wp-content\/uploads\/2023\/06\/DSC_0412.jpg","datePublished":"2023-06-16T13:02:15+00:00","dateModified":"2023-12-20T08:44:30+00:00","description":"V\u016fz, kter\u00fd se zde prod\u00e1v\u00e1 v aukci, je pravd\u011bpodobn\u011b jedn\u00edm z nejv\u00fdkonn\u011bj\u0161\u00edch model\u016f ve sv\u00e9 t\u0159\u00edd\u011b - kultovn\u00ed Audi R8 V10.","breadcrumb":{"@id":"https:\/\/pistonaddict.com\/cs\/product\/audi-r8-v10-red-dynamite\/#breadcrumb"},"inLanguage":"cs","potentialAction":[{"@type":"ReadAction","target":["https:\/\/pistonaddict.com\/cs\/product\/audi-r8-v10-red-dynamite\/"]}]},{"@type":"ImageObject","inLanguage":"cs","@id":"https:\/\/pistonaddict.com\/cs\/product\/audi-r8-v10-red-dynamite\/#primaryimage","url":"https:\/\/pistonaddict.com\/wp-content\/uploads\/2023\/06\/DSC_0412.jpg","contentUrl":"https:\/\/pistonaddict.com\/wp-content\/uploads\/2023\/06\/DSC_0412.jpg","width":2048,"height":1365},{"@type":"BreadcrumbList","@id":"https:\/\/pistonaddict.com\/cs\/product\/audi-r8-v10-red-dynamite\/#breadcrumb","itemListElement":[{"@type":"ListItem","position":1,"name":"Domovsk\u00e1 str\u00e1nka","item":"https:\/\/pistonaddict.com\/cs\/domovska-stranka-2\/"},{"@type":"ListItem","position":2,"name":"Auctions","item":"https:\/\/pistonaddict.com\/auctions-listing\/"},{"@type":"ListItem","position":3,"name":"Audi R8 V10 Red Dynamite"}]},{"@type":"WebSite","@id":"https:\/\/pistonaddict.com\/cs\/#website","url":"https:\/\/pistonaddict.com\/cs\/","name":"Piston Addict","description":"Only interesting vehicles","publisher":{"@id":"https:\/\/pistonaddict.com\/cs\/#organization"},"potentialAction":[{"@type":"SearchAction","target":{"@type":"EntryPoint","urlTemplate":"https:\/\/pistonaddict.com\/cs\/?s={search_term_string}"},"query-input":"required name=search_term_string"}],"inLanguage":"cs"},{"@type":"Organization","@id":"https:\/\/pistonaddict.com\/cs\/#organization","name":"Piston Addict","url":"https:\/\/pistonaddict.com\/cs\/","logo":{"@type":"ImageObject","inLanguage":"cs","@id":"https:\/\/pistonaddict.com\/cs\/#\/schema\/logo\/image\/","url":"https:\/\/pistonaddict.com\/wp-content\/uploads\/2022\/07\/logo-6.png","contentUrl":"https:\/\/pistonaddict.com\/wp-content\/uploads\/2022\/07\/logo-6.png","width":970,"height":200,"caption":"Piston Addict"},"image":{"@id":"https:\/\/pistonaddict.com\/cs\/#\/schema\/logo\/image\/"}}]}},"_links":{"self":[{"href":"https:\/\/pistonaddict.com\/cs\/wp-json\/wp\/v2\/product\/45994"}],"collection":[{"href":"https:\/\/pistonaddict.com\/cs\/wp-json\/wp\/v2\/product"}],"about":[{"href":"https:\/\/pistonaddict.com\/cs\/wp-json\/wp\/v2\/types\/product"}],"replies":[{"embeddable":true,"href":"https:\/\/pistonaddict.com\/cs\/wp-json\/wp\/v2\/comments?post=45994"}],"wp:featuredmedia":[{"embeddable":true,"href":"https:\/\/pistonaddict.com\/cs\/wp-json\/wp\/v2\/media\/43343"}],"wp:attachment":[{"href":"https:\/\/pistonaddict.com\/cs\/wp-json\/wp\/v2\/media?parent=45994"}],"wp:term":[{"taxonomy":"product_cat","embeddable":true,"href":"https:\/\/pistonaddict.com\/cs\/wp-json\/wp\/v2\/product_cat?post=45994"},{"taxonomy":"product_tag","embeddable":true,"href":"https:\/\/pistonaddict.com\/cs\/wp-json\/wp\/v2\/product_tag?post=45994"}],"curies":[{"name":"wp","href":"https:\/\/api.w.org\/{rel}","templated":true}]}}