{"id":41964,"date":"2023-06-12T14:22:37","date_gmt":"2023-06-12T12:22:37","guid":{"rendered":"https:\/\/pistonaddict.com\/product\/audi-r8-4-2-fsi-v8\/"},"modified":"2024-03-20T09:15:38","modified_gmt":"2024-03-20T08:15:38","slug":"audi-r8-4-2-fsi-v8","status":"publish","type":"product","link":"https:\/\/pistonaddict.com\/cs\/product\/audi-r8-4-2-fsi-v8\/","title":{"rendered":"Audi R8 4.2 FSI V8"},"content":{"rendered":"<p><strong>Historie modelu<\/strong><\/p>\n<p>Model R8 vzbudil p\u0159i sv\u00e9m uveden\u00ed na trh v roce 2007 velkou senzaci a byl nejen prvn\u00edm supersportovn\u00edm vozem zna\u010dky Audi, ale d\u00edky sv\u00e9mu nad\u010dasov\u00e9mu designu a fantastick\u00e9mu pohonn\u00e9mu \u00fastroj\u00ed tvo\u0159en\u00e9mu vysokoot\u00e1\u010dkov\u00fdm osmiv\u00e1lcem (pozd\u011bji desetiv\u00e1lcem) a slavn\u00fdm syst\u00e9mem pohonu v\u0161ech kol Quattro byl i neuv\u011b\u0159iteln\u011b \u00fasp\u011b\u0161n\u00fd. Vzhled R8 velmi znerv\u00f3znil konkurenci, proto\u017ee z\u00e1kazn\u00edci m\u011bli kone\u010dn\u011b mo\u017enost koupit si velmi schopn\u00fd stroj s pohonem AWD a kvalitou Audi. Proto m\u011bla prvn\u00ed generace modelu R8 obrovsk\u00fd \u00fasp\u011bch a bylo vyrobeno t\u00e9m\u011b\u0159 30 000 exempl\u00e1\u0159\u016f. Tento konkr\u00e9tn\u00ed exempl\u00e1\u0159 je model z roku 2014, co\u017e znamen\u00e1, \u017ee jde o pozd\u011bj\u0161\u00ed a \u017e\u00e1dan\u011bj\u0161\u00ed verzi, kter\u00e1 z\u00edskala m\u00edrn\u00fd restyl, lep\u0161\u00ed v\u00fdbavu a vylep\u0161enou mechaniku. O v\u00fdkon se star\u00e1 4,2litrov\u00fd motor FSI V8 o v\u00fdkonu 430 kon\u00ed, kter\u00fd se p\u0159en\u00e1\u0161\u00ed na v\u0161echna \u010dty\u0159i kola prost\u0159ednictv\u00edm 7stup\u0148ov\u00e9 dvouspojkov\u00e9 automatick\u00e9 p\u0159evodovky S Tronic. Tato kombinace je schopna zrychlit z 0 na 100 km\/h za 4,2 sekundy a dos\u00e1hnout maxim\u00e1ln\u00ed rychlosti t\u011bsn\u011b nad 300 km\/h, co\u017e R8 \u0159ad\u00ed do kategorie supersport\u016f.<\/p>\n<p><strong>Stav<\/strong><\/p>\n<p>S pouh\u00fdmi 43 649 km na tachometru je toto R8 v ide\u00e1ln\u00edm stavu. Poprv\u00e9 byl dod\u00e1n koncem roku 2014 p\u016fvodn\u00edmu majiteli v Nizozemsku a sou\u010dasn\u00ed majitel\u00e9 jej z\u00edskali v roce 2021. Toto Audi R8 nebylo nikdy pou\u017eito na z\u00e1vodn\u00ed dr\u00e1ze a bylo pravideln\u011b udr\u017eov\u00e1no se servisn\u00edmi z\u00e1znamy poskytnut\u00fdmi prod\u00e1vaj\u00edc\u00edm. Tak\u00e9 tento p\u0159\u00edklad je zcela s\u00e9riov\u00fd, bez jak\u00fdchkoli \u00faprav nebo zbyte\u010dn\u00fdch dopl\u0148k\u016f. Ve\u0161ker\u00e1 tov\u00e1rn\u00ed v\u00fdbava a prvky jsou p\u0159\u00edtomny a funk\u010dn\u00ed. Posledn\u00ed servisn\u00ed prohl\u00eddka spolu s v\u00fdm\u011bnou oleje prob\u011bhla koncem \u0159\u00edjna 2022 a v \u010dervnu 2023 byla provedena gener\u00e1ln\u00ed oprava brzd. Byla provedena takzvan\u00e1 &#8220;dlouh\u00e1 \u017eivotnost&#8221; a vym\u011bn\u011bny zapalovac\u00ed sv\u00ed\u010dky. <strong>Na tuto R8 se vztahuje 6m\u011bs\u00ed\u010dn\u00ed z\u00e1ruka Bovag<\/strong>, co\u017e jen dokazuje, \u017ee je v bezvadn\u00e9m stavu.<\/p>\n<p><strong>Exteri\u00e9r a kola<\/strong><\/p>\n<p>Tento v\u016fz R8 je lakov\u00e1n v elegantn\u00ed \u010dern\u00e9 barv\u011b Panther Black a na p\u0159\u00e1n\u00ed je vybaven karbonov\u00fdm paketem s vn\u011bj\u0161\u00edmi a vnit\u0159n\u00edmi vlo\u017ekami z uhl\u00edkov\u00fdch vl\u00e1ken. Karoserie vozu je bez po\u0161kozen\u00ed, \u0161kr\u00e1banc\u016f a barev a lak je v perfektn\u00edm stavu. Jedin\u00e9, co bylo na exteri\u00e9ru t\u00e9to R8 dot\u010deno, je opraven\u00fd poklop n\u00e1dr\u017ee (dv\u00ed\u0159ka v\u00ed\u010dka palivov\u00e9 n\u00e1dr\u017ee), kter\u00fd byl proveden certifikovan\u00fdm prodejcem (faktura 5. kv\u011btna 2021). Vzhled vylep\u0161uj\u00ed voliteln\u00e1 20palcov\u00e1 kola obut\u00e1 do \u010derstv\u00fdch pneumatik Pirelli P Zero.<\/p>\n<p><strong>Interi\u00e9r<\/strong><\/p>\n<p>Interi\u00e9r pota\u017een\u00fd slad\u011bnou \u010dernou kombinac\u00ed k\u016f\u017ee a Alcantary nejev\u00ed \u017e\u00e1dn\u00e9 zn\u00e1mky opot\u0159eben\u00ed a v r\u00e1mci tov\u00e1rn\u00edho paketu v\u00fdbavy m\u00e1 vlo\u017eky z uhl\u00edkov\u00fdch vl\u00e1ken. Sedadla maj\u00ed voliteln\u00e9 vyh\u0159\u00edv\u00e1n\u00ed a v\u0161echny syst\u00e9my (audio, infotainment, HVAC) jsou v perfektn\u00edm stavu. V seznamu v\u00fdbavy stoj\u00ed za zm\u00ednku tempomat, st\u011bra\u010de s de\u0161\u0165ov\u00fdm senzorem, audiosyst\u00e9m Bang and Olufsen, automaticky stm\u00edvateln\u00e1 zrc\u00e1tka, navigace, LED osv\u011btlen\u00ed a mnoho dal\u0161\u00edho.<\/p>\n<p><strong>Dokumentace<\/strong><\/p>\n<p>Toto ojet\u00e9 vozidlo s p\u0159\u00edslu\u0161nou dokumentac\u00ed se nach\u00e1z\u00ed v Nizozemsku. Zpr\u00e1va CarFax je \u010dist\u00e1, \u017e\u00e1dn\u00e9 pr\u00e1vn\u00ed probl\u00e9my neexistuj\u00ed. Existuj\u00ed z\u00e1znamy o pravideln\u00e9 \u00fadr\u017eb\u011b a n\u011bkolika drobn\u00fdch oprav\u00e1ch. Je velmi d\u016fle\u017eit\u00e9 zm\u00ednit, \u017ee toto Audi R8 je vybaveno n\u00e1hradou BPM. N\u00e1hrada BPM je nizozemsk\u00e1 n\u00e1hrada dan\u011b z p\u0159epychu p\u0159i v\u00fdvozu. <strong> To znamen\u00e1, \u017ee pokud se kupuj\u00edc\u00ed nach\u00e1z\u00ed v jak\u00e9koli jin\u00e9 zemi Evropsk\u00e9 unie (krom\u011b Nizozemska) a zaregistruje tento v\u016fz ve sv\u00e9 domovsk\u00e9 zemi do 13 t\u00fddn\u016f od jeho zakoupen\u00ed, dostane zp\u011bt 5 967 eur<\/strong>, co\u017e je velmi v\u00fdhodn\u00e9.<br \/>\nViz <a href=\"https:\/\/pistonaddict.com\/wp-content\/uploads\/2023\/06\/CARFAX-Vehicle-History-Report-AUDI-R8.pdf\">CarFax tohoto Audi R8<\/a>.<\/p>\n<p><strong>Pro p\u0159\u00edstup do aukce tohoto pr\u00e9miov\u00e9ho vozidla je nutn\u00fd otisk kreditn\u00ed karty (automaticky uvoln\u011bn\u00fd).<\/strong><\/p>\n<p>Pod\u00edvejte se na video se studen\u00fdm startem tohoto n\u00e1dhern\u00e9ho Audi R8 zde :<\/p>\n<p><iframe title=\"Cold Start video of the Audi R8 4.2 FSI V8 on auction sale\" width=\"1200\" height=\"675\" src=\"https:\/\/www.youtube.com\/embed\/GyBid0aFEiA?feature=oembed\" frameborder=\"0\" allow=\"accelerometer; autoplay; clipboard-write; encrypted-media; gyroscope; picture-in-picture; web-share\" allowfullscreen><\/iframe><\/p>\n","protected":false},"excerpt":{"rendered":"<p>\u010casto sl\u00fdch\u00e1te ozna\u010den\u00ed &#8220;superauto pro ka\u017edodenn\u00ed pou\u017eit\u00ed&#8221;, ale jen m\u00e1lokter\u00fd v\u016fz skute\u010dn\u011b nab\u00edz\u00ed p\u0159esv\u011bd\u010div\u00fd v\u00fdkon, pou\u017eitelnost a spolehlivost p\u0159i ka\u017edodenn\u00edm pou\u017e\u00edv\u00e1n\u00ed. Audi R8 2014 je takov\u00fd skvost. D\u00edky v\u00fdkonn\u00e9mu osmiv\u00e1lci o objemu 4,2 litru, dob\u0159e vybaven\u00e9mu interi\u00e9ru a dokonal\u00e9 j\u00edzdn\u00ed dynamice je to v\u016fz, kter\u00fd si m\u016f\u017eete u\u017e\u00edvat ka\u017ed\u00fd den, a p\u0159itom si dop\u0159\u00e1t v\u0161echny v\u00fdhody j\u00edzdy v \u010distokrevn\u00e9m supersportu. Nab\u00eddku na tento v\u016fz m\u016f\u017eete u\u010dinit tak, \u017ee <a href=\"https:\/\/pistonaddict.com\/contact-us\/\">n\u00e1s kontaktujete<\/a>.<\/p>\n","protected":false},"featured_media":41832,"comment_status":"open","ping_status":"closed","template":"","meta":{"inline_featured_image":false},"product_cat":[760],"product_tag":[1873,1871,929],"acf":[],"yoast_head":"<!-- This site is optimized with the Yoast SEO plugin v22.5 - https:\/\/yoast.com\/wordpress\/plugins\/seo\/ -->\n<title>Audi R8 4.2 FSI V8 aukce - Piston Addict<\/title>\n<meta name=\"description\" content=\"Toto Audi R8 je model z roku 2014, co\u017e znamen\u00e1, \u017ee se jedn\u00e1 o pozd\u011bj\u0161\u00ed a \u017e\u00e1dan\u011bj\u0161\u00ed verzi, kter\u00e1 z\u00edskala m\u00edrn\u00fd restyl, lep\u0161\u00ed v\u00fdbavu a vylep\u0161enou mechaniku. O v\u00fdkon se star\u00e1 4,2litrov\u00fd motor FSI V8 o v\u00fdkonu 430 kon\u00ed, kter\u00fd se p\u0159en\u00e1\u0161\u00ed na v\u0161echna \u010dty\u0159i kola prost\u0159ednictv\u00edm 7stup\u0148ov\u00e9 dvouspojkov\u00e9 automatick\u00e9 p\u0159evodovky S Tronic.\" \/>\n<meta name=\"robots\" content=\"index, follow, max-snippet:-1, max-image-preview:large, max-video-preview:-1\" \/>\n<link rel=\"canonical\" href=\"https:\/\/pistonaddict.com\/cs\/product\/audi-r8-4-2-fsi-v8\/\" \/>\n<meta property=\"og:locale\" content=\"cs_CZ\" \/>\n<meta property=\"og:type\" content=\"article\" \/>\n<meta property=\"og:title\" content=\"Audi R8 4.2 FSI V8 aukce - Piston Addict\" \/>\n<meta property=\"og:description\" content=\"Toto Audi R8 je model z roku 2014, co\u017e znamen\u00e1, \u017ee se jedn\u00e1 o pozd\u011bj\u0161\u00ed a \u017e\u00e1dan\u011bj\u0161\u00ed verzi, kter\u00e1 z\u00edskala m\u00edrn\u00fd restyl, lep\u0161\u00ed v\u00fdbavu a vylep\u0161enou mechaniku. O v\u00fdkon se star\u00e1 4,2litrov\u00fd motor FSI V8 o v\u00fdkonu 430 kon\u00ed, kter\u00fd se p\u0159en\u00e1\u0161\u00ed na v\u0161echna \u010dty\u0159i kola prost\u0159ednictv\u00edm 7stup\u0148ov\u00e9 dvouspojkov\u00e9 automatick\u00e9 p\u0159evodovky S Tronic.\" \/>\n<meta property=\"og:url\" content=\"https:\/\/pistonaddict.com\/cs\/product\/audi-r8-4-2-fsi-v8\/\" \/>\n<meta property=\"og:site_name\" content=\"Piston Addict\" \/>\n<meta property=\"article:modified_time\" content=\"2024-03-20T08:15:38+00:00\" \/>\n<meta property=\"og:image\" content=\"https:\/\/pistonaddict.com\/wp-content\/uploads\/2023\/06\/foto-5.jpg\" \/>\n\t<meta property=\"og:image:width\" content=\"1024\" \/>\n\t<meta property=\"og:image:height\" content=\"683\" \/>\n\t<meta property=\"og:image:type\" content=\"image\/jpeg\" \/>\n<meta name=\"twitter:card\" content=\"summary_large_image\" \/>\n<meta name=\"twitter:label1\" content=\"Odhadovan\u00e1 doba \u010dten\u00ed\" \/>\n\t<meta name=\"twitter:data1\" content=\"4 minuty\" \/>\n<script type=\"application\/ld+json\" class=\"yoast-schema-graph\">{\"@context\":\"https:\/\/schema.org\",\"@graph\":[{\"@type\":\"WebPage\",\"@id\":\"https:\/\/pistonaddict.com\/cs\/product\/audi-r8-4-2-fsi-v8\/\",\"url\":\"https:\/\/pistonaddict.com\/cs\/product\/audi-r8-4-2-fsi-v8\/\",\"name\":\"Audi R8 4.2 FSI V8 aukce - Piston Addict\",\"isPartOf\":{\"@id\":\"https:\/\/pistonaddict.com\/cs\/#website\"},\"primaryImageOfPage\":{\"@id\":\"https:\/\/pistonaddict.com\/cs\/product\/audi-r8-4-2-fsi-v8\/#primaryimage\"},\"image\":{\"@id\":\"https:\/\/pistonaddict.com\/cs\/product\/audi-r8-4-2-fsi-v8\/#primaryimage\"},\"thumbnailUrl\":\"https:\/\/pistonaddict.com\/wp-content\/uploads\/2023\/06\/foto-5.jpg\",\"datePublished\":\"2023-06-12T12:22:37+00:00\",\"dateModified\":\"2024-03-20T08:15:38+00:00\",\"description\":\"Toto Audi R8 je model z roku 2014, co\u017e znamen\u00e1, \u017ee se jedn\u00e1 o pozd\u011bj\u0161\u00ed a \u017e\u00e1dan\u011bj\u0161\u00ed verzi, kter\u00e1 z\u00edskala m\u00edrn\u00fd restyl, lep\u0161\u00ed v\u00fdbavu a vylep\u0161enou mechaniku. O v\u00fdkon se star\u00e1 4,2litrov\u00fd motor FSI V8 o v\u00fdkonu 430 kon\u00ed, kter\u00fd se p\u0159en\u00e1\u0161\u00ed na v\u0161echna \u010dty\u0159i kola prost\u0159ednictv\u00edm 7stup\u0148ov\u00e9 dvouspojkov\u00e9 automatick\u00e9 p\u0159evodovky S Tronic.\",\"breadcrumb\":{\"@id\":\"https:\/\/pistonaddict.com\/cs\/product\/audi-r8-4-2-fsi-v8\/#breadcrumb\"},\"inLanguage\":\"cs\",\"potentialAction\":[{\"@type\":\"ReadAction\",\"target\":[\"https:\/\/pistonaddict.com\/cs\/product\/audi-r8-4-2-fsi-v8\/\"]}]},{\"@type\":\"ImageObject\",\"inLanguage\":\"cs\",\"@id\":\"https:\/\/pistonaddict.com\/cs\/product\/audi-r8-4-2-fsi-v8\/#primaryimage\",\"url\":\"https:\/\/pistonaddict.com\/wp-content\/uploads\/2023\/06\/foto-5.jpg\",\"contentUrl\":\"https:\/\/pistonaddict.com\/wp-content\/uploads\/2023\/06\/foto-5.jpg\",\"width\":1024,\"height\":683},{\"@type\":\"BreadcrumbList\",\"@id\":\"https:\/\/pistonaddict.com\/cs\/product\/audi-r8-4-2-fsi-v8\/#breadcrumb\",\"itemListElement\":[{\"@type\":\"ListItem\",\"position\":1,\"name\":\"Domovsk\u00e1 str\u00e1nka\",\"item\":\"https:\/\/pistonaddict.com\/cs\/domovska-stranka-2\/\"},{\"@type\":\"ListItem\",\"position\":2,\"name\":\"Auctions\",\"item\":\"https:\/\/pistonaddict.com\/auctions-listing\/\"},{\"@type\":\"ListItem\",\"position\":3,\"name\":\"Audi R8 4.2 FSI V8\"}]},{\"@type\":\"WebSite\",\"@id\":\"https:\/\/pistonaddict.com\/cs\/#website\",\"url\":\"https:\/\/pistonaddict.com\/cs\/\",\"name\":\"Piston Addict\",\"description\":\"Only interesting vehicles\",\"publisher\":{\"@id\":\"https:\/\/pistonaddict.com\/cs\/#organization\"},\"potentialAction\":[{\"@type\":\"SearchAction\",\"target\":{\"@type\":\"EntryPoint\",\"urlTemplate\":\"https:\/\/pistonaddict.com\/cs\/?s={search_term_string}\"},\"query-input\":\"required name=search_term_string\"}],\"inLanguage\":\"cs\"},{\"@type\":\"Organization\",\"@id\":\"https:\/\/pistonaddict.com\/cs\/#organization\",\"name\":\"Piston Addict\",\"url\":\"https:\/\/pistonaddict.com\/cs\/\",\"logo\":{\"@type\":\"ImageObject\",\"inLanguage\":\"cs\",\"@id\":\"https:\/\/pistonaddict.com\/cs\/#\/schema\/logo\/image\/\",\"url\":\"https:\/\/pistonaddict.com\/wp-content\/uploads\/2022\/07\/logo-6.png\",\"contentUrl\":\"https:\/\/pistonaddict.com\/wp-content\/uploads\/2022\/07\/logo-6.png\",\"width\":970,\"height\":200,\"caption\":\"Piston Addict\"},\"image\":{\"@id\":\"https:\/\/pistonaddict.com\/cs\/#\/schema\/logo\/image\/\"}}]}<\/script>\n<!-- \/ Yoast SEO plugin. -->","yoast_head_json":{"title":"Audi R8 4.2 FSI V8 aukce - Piston Addict","description":"Toto Audi R8 je model z roku 2014, co\u017e znamen\u00e1, \u017ee se jedn\u00e1 o pozd\u011bj\u0161\u00ed a \u017e\u00e1dan\u011bj\u0161\u00ed verzi, kter\u00e1 z\u00edskala m\u00edrn\u00fd restyl, lep\u0161\u00ed v\u00fdbavu a vylep\u0161enou mechaniku. O v\u00fdkon se star\u00e1 4,2litrov\u00fd motor FSI V8 o v\u00fdkonu 430 kon\u00ed, kter\u00fd se p\u0159en\u00e1\u0161\u00ed na v\u0161echna \u010dty\u0159i kola prost\u0159ednictv\u00edm 7stup\u0148ov\u00e9 dvouspojkov\u00e9 automatick\u00e9 p\u0159evodovky S Tronic.","robots":{"index":"index","follow":"follow","max-snippet":"max-snippet:-1","max-image-preview":"max-image-preview:large","max-video-preview":"max-video-preview:-1"},"canonical":"https:\/\/pistonaddict.com\/cs\/product\/audi-r8-4-2-fsi-v8\/","og_locale":"cs_CZ","og_type":"article","og_title":"Audi R8 4.2 FSI V8 aukce - Piston Addict","og_description":"Toto Audi R8 je model z roku 2014, co\u017e znamen\u00e1, \u017ee se jedn\u00e1 o pozd\u011bj\u0161\u00ed a \u017e\u00e1dan\u011bj\u0161\u00ed verzi, kter\u00e1 z\u00edskala m\u00edrn\u00fd restyl, lep\u0161\u00ed v\u00fdbavu a vylep\u0161enou mechaniku. O v\u00fdkon se star\u00e1 4,2litrov\u00fd motor FSI V8 o v\u00fdkonu 430 kon\u00ed, kter\u00fd se p\u0159en\u00e1\u0161\u00ed na v\u0161echna \u010dty\u0159i kola prost\u0159ednictv\u00edm 7stup\u0148ov\u00e9 dvouspojkov\u00e9 automatick\u00e9 p\u0159evodovky S Tronic.","og_url":"https:\/\/pistonaddict.com\/cs\/product\/audi-r8-4-2-fsi-v8\/","og_site_name":"Piston Addict","article_modified_time":"2024-03-20T08:15:38+00:00","og_image":[{"width":1024,"height":683,"url":"https:\/\/pistonaddict.com\/wp-content\/uploads\/2023\/06\/foto-5.jpg","type":"image\/jpeg"}],"twitter_card":"summary_large_image","twitter_misc":{"Odhadovan\u00e1 doba \u010dten\u00ed":"4 minuty"},"schema":{"@context":"https:\/\/schema.org","@graph":[{"@type":"WebPage","@id":"https:\/\/pistonaddict.com\/cs\/product\/audi-r8-4-2-fsi-v8\/","url":"https:\/\/pistonaddict.com\/cs\/product\/audi-r8-4-2-fsi-v8\/","name":"Audi R8 4.2 FSI V8 aukce - Piston Addict","isPartOf":{"@id":"https:\/\/pistonaddict.com\/cs\/#website"},"primaryImageOfPage":{"@id":"https:\/\/pistonaddict.com\/cs\/product\/audi-r8-4-2-fsi-v8\/#primaryimage"},"image":{"@id":"https:\/\/pistonaddict.com\/cs\/product\/audi-r8-4-2-fsi-v8\/#primaryimage"},"thumbnailUrl":"https:\/\/pistonaddict.com\/wp-content\/uploads\/2023\/06\/foto-5.jpg","datePublished":"2023-06-12T12:22:37+00:00","dateModified":"2024-03-20T08:15:38+00:00","description":"Toto Audi R8 je model z roku 2014, co\u017e znamen\u00e1, \u017ee se jedn\u00e1 o pozd\u011bj\u0161\u00ed a \u017e\u00e1dan\u011bj\u0161\u00ed verzi, kter\u00e1 z\u00edskala m\u00edrn\u00fd restyl, lep\u0161\u00ed v\u00fdbavu a vylep\u0161enou mechaniku. O v\u00fdkon se star\u00e1 4,2litrov\u00fd motor FSI V8 o v\u00fdkonu 430 kon\u00ed, kter\u00fd se p\u0159en\u00e1\u0161\u00ed na v\u0161echna \u010dty\u0159i kola prost\u0159ednictv\u00edm 7stup\u0148ov\u00e9 dvouspojkov\u00e9 automatick\u00e9 p\u0159evodovky S Tronic.","breadcrumb":{"@id":"https:\/\/pistonaddict.com\/cs\/product\/audi-r8-4-2-fsi-v8\/#breadcrumb"},"inLanguage":"cs","potentialAction":[{"@type":"ReadAction","target":["https:\/\/pistonaddict.com\/cs\/product\/audi-r8-4-2-fsi-v8\/"]}]},{"@type":"ImageObject","inLanguage":"cs","@id":"https:\/\/pistonaddict.com\/cs\/product\/audi-r8-4-2-fsi-v8\/#primaryimage","url":"https:\/\/pistonaddict.com\/wp-content\/uploads\/2023\/06\/foto-5.jpg","contentUrl":"https:\/\/pistonaddict.com\/wp-content\/uploads\/2023\/06\/foto-5.jpg","width":1024,"height":683},{"@type":"BreadcrumbList","@id":"https:\/\/pistonaddict.com\/cs\/product\/audi-r8-4-2-fsi-v8\/#breadcrumb","itemListElement":[{"@type":"ListItem","position":1,"name":"Domovsk\u00e1 str\u00e1nka","item":"https:\/\/pistonaddict.com\/cs\/domovska-stranka-2\/"},{"@type":"ListItem","position":2,"name":"Auctions","item":"https:\/\/pistonaddict.com\/auctions-listing\/"},{"@type":"ListItem","position":3,"name":"Audi R8 4.2 FSI V8"}]},{"@type":"WebSite","@id":"https:\/\/pistonaddict.com\/cs\/#website","url":"https:\/\/pistonaddict.com\/cs\/","name":"Piston Addict","description":"Only interesting vehicles","publisher":{"@id":"https:\/\/pistonaddict.com\/cs\/#organization"},"potentialAction":[{"@type":"SearchAction","target":{"@type":"EntryPoint","urlTemplate":"https:\/\/pistonaddict.com\/cs\/?s={search_term_string}"},"query-input":"required name=search_term_string"}],"inLanguage":"cs"},{"@type":"Organization","@id":"https:\/\/pistonaddict.com\/cs\/#organization","name":"Piston Addict","url":"https:\/\/pistonaddict.com\/cs\/","logo":{"@type":"ImageObject","inLanguage":"cs","@id":"https:\/\/pistonaddict.com\/cs\/#\/schema\/logo\/image\/","url":"https:\/\/pistonaddict.com\/wp-content\/uploads\/2022\/07\/logo-6.png","contentUrl":"https:\/\/pistonaddict.com\/wp-content\/uploads\/2022\/07\/logo-6.png","width":970,"height":200,"caption":"Piston Addict"},"image":{"@id":"https:\/\/pistonaddict.com\/cs\/#\/schema\/logo\/image\/"}}]}},"_links":{"self":[{"href":"https:\/\/pistonaddict.com\/cs\/wp-json\/wp\/v2\/product\/41964"}],"collection":[{"href":"https:\/\/pistonaddict.com\/cs\/wp-json\/wp\/v2\/product"}],"about":[{"href":"https:\/\/pistonaddict.com\/cs\/wp-json\/wp\/v2\/types\/product"}],"replies":[{"embeddable":true,"href":"https:\/\/pistonaddict.com\/cs\/wp-json\/wp\/v2\/comments?post=41964"}],"wp:featuredmedia":[{"embeddable":true,"href":"https:\/\/pistonaddict.com\/cs\/wp-json\/wp\/v2\/media\/41832"}],"wp:attachment":[{"href":"https:\/\/pistonaddict.com\/cs\/wp-json\/wp\/v2\/media?parent=41964"}],"wp:term":[{"taxonomy":"product_cat","embeddable":true,"href":"https:\/\/pistonaddict.com\/cs\/wp-json\/wp\/v2\/product_cat?post=41964"},{"taxonomy":"product_tag","embeddable":true,"href":"https:\/\/pistonaddict.com\/cs\/wp-json\/wp\/v2\/product_tag?post=41964"}],"curies":[{"name":"wp","href":"https:\/\/api.w.org\/{rel}","templated":true}]}}