{"id":39227,"date":"2023-04-19T17:31:19","date_gmt":"2023-04-19T15:31:19","guid":{"rendered":"https:\/\/pistonaddict.com\/product\/mclaren-720s\/"},"modified":"2024-03-19T17:52:37","modified_gmt":"2024-03-19T16:52:37","slug":"mclaren-720s","status":"publish","type":"product","link":"https:\/\/pistonaddict.com\/cs\/product\/mclaren-720s\/","title":{"rendered":"McLaren 720S"},"content":{"rendered":"<h2>Exteri\u00e9r<\/h2>\n<p>McLaren 720S v z\u00e1\u0159iv\u011b oran\u017eov\u00e9 barv\u011b, kter\u00fd m\u00e1te po ruce, jist\u011b vzbud\u00ed pozornost v\u0161ude, kde se objev\u00ed. Ale d\u00edky \u00fa\u017easn\u00e9mu designu inspirovan\u00e9mu \u017eralokem by byl stejn\u00fd i v jak\u00e9koli jin\u00e9 barv\u011b. Agresivn\u00ed p\u0159edn\u00ed maska, uhlazen\u00e1 silueta a praktick\u00e9 a z\u00e1rove\u0148 z\u00e1bavn\u00e9 mot\u00fdl\u00ed dve\u0159e jsou p\u016fsobiv\u00e9 z jak\u00e9hokoli \u00fahlu. Pat\u0159\u00ed k nim masivn\u00ed vzduchov\u00e9 n\u00e1stavce po stran\u00e1ch, motorov\u00fd prostor pota\u017een\u00fd s\u00ed\u0165ovinou, kter\u00fd p\u0159i zapnut\u00e9m zapalov\u00e1n\u00ed sv\u00edt\u00ed, a zadn\u00ed spoiler, kter\u00fd se p\u0159i prudk\u00e9m brzd\u011bn\u00ed vysouv\u00e1. O brzd\u011bn\u00ed se staraj\u00ed masivn\u00ed keramick\u00e9 kotou\u010de um\u00edst\u011bn\u00e9 za \u010dern\u00fdmi 19palcov\u00fdmi koly s pneumatikami Pirelli P Zero.<\/p>\n<p>P\u0159esto tento dvoum\u00edstn\u00fd v\u016fz nevypad\u00e1 tak, jak vypad\u00e1, jen pro show, proto\u017ee v\u011bt\u0161ina tvar\u016f jeho karoserie je tvarov\u00e1na tak, aby zlep\u0161ovala aerodynamiku a vytv\u00e1\u0159ela p\u0159\u00edtlak. McLaren 720S tak ukazuje, \u017ee tvar a funkce mohou b\u00fdt v dokonal\u00e9 harmonii.<\/p>\n<h2>Interi\u00e9r<\/h2>\n<p>Interi\u00e9r vozu McLaren, od\u011bn\u00fd do Alcantary a uhl\u00edkov\u00fdch vl\u00e1ken, d\u00e1le prozrazuje, jak moc je tento v\u016fz zam\u011b\u0159en\u00fd na z\u00e1vodn\u00ed dr\u00e1hu. Prvn\u00ed z nich je dvojice sportovn\u00edch sedadel, kter\u00e1 jsou tvarovan\u00e1 tak, aby \u0159idi\u010de a spolujezdce pevn\u011b p\u0159ipoutala v ostr\u00fdch zat\u00e1\u010dk\u00e1ch. D\u00e1le je zde t\u0159\u00edramenn\u00fd volant pota\u017een\u00fd k\u016f\u017e\u00ed, kter\u00fd r\u00e1muje digit\u00e1ln\u00ed p\u0159\u00edstrojov\u00fd panel. Ve standardn\u00edm re\u017eimu zobrazuje r\u016fzn\u00e9 parametry motoru a vozidla, nap\u0159\u00edklad ot\u00e1\u010dky a teplotu motoru. Po zapnut\u00ed re\u017eimu Track se v\u0161ak cel\u00fd sdru\u017een\u00fd p\u0159\u00edstroj sklop\u00ed dol\u016f a v jeho horn\u00ed \u010d\u00e1sti se objev\u00ed mal\u00fd displej, kter\u00fd zobrazuje pouze ot\u00e1\u010dkom\u011br, rychlost a za\u0159azen\u00fd rychlostn\u00ed stupe\u0148. St\u0159edov\u00e1 konzola je sice \u0159\u00eddk\u00e1, ale funk\u010dn\u011b vybaven\u00e1 z\u00e1kladn\u00edmi knofl\u00edky a tla\u010d\u00edtky a dopln\u011bn\u00e1 st\u0159edov\u00fdm dotykov\u00fdm displejem orientovan\u00fdm na \u0159idi\u010de.<\/p>\n<h2>Mechanika<\/h2>\n<p>Pod elegantn\u00ed a aerodynamicky tvarovanou slupkou m\u00e1 720S monokokov\u00fd podvozek z uhl\u00edkov\u00fdch vl\u00e1ken, kter\u00fd McLaren naz\u00fdv\u00e1 MonoCage. Tato konstrukce inspirovan\u00e1 modelem F1 je nejen lehk\u00e1, ale tak\u00e9 extr\u00e9mn\u011b tuh\u00e1, co\u017e sni\u017euje proh\u00fdb\u00e1n\u00ed karoserie p\u0159i prudk\u00e9m pr\u016fjezdu zat\u00e1\u010dkou.<\/p>\n<p>Srdcem ka\u017ed\u00e9ho supersportovn\u00edho vozu je motor, kter\u00fd je u McLarenu um\u00edst\u011bn hned za sedadly. V tov\u00e1rn\u00ed \u00faprav\u011b dosahuje dvakr\u00e1t p\u0159epl\u0148ovan\u00fd osmiv\u00e1lec, kter\u00fd se zde skr\u00fdv\u00e1, v\u00fdkonu 720 kon\u00ed, jemu\u017e v\u016fz vd\u011b\u010d\u00ed za sv\u00e9 jm\u00e9no, a ohromuj\u00edc\u00edho to\u010div\u00e9ho momentu 770 Nm. V\u00fdkon je p\u0159en\u00e1\u0161en na zadn\u00ed kola prost\u0159ednictv\u00edm svi\u017en\u00e9 sedmistup\u0148ov\u00e9 dvouspojkov\u00e9 p\u0159evodovky.<\/p>\n<p>A to v\u0161e ve voze, kter\u00fd v\u00e1\u017e\u00ed pouh\u00fdch 1400 kg, je v\u00edce ne\u017e dost pro vynikaj\u00edc\u00ed j\u00edzdn\u00ed vlastnosti a v\u00fdkon. V \u0159e\u010di \u010d\u00edsel to znamen\u00e1 zrychlen\u00ed z 0 na 100 za 2,9 sekundy a maxim\u00e1ln\u00ed rychlost 212 mil za hodinu. Nejedn\u00e1 se v\u0161ak o b\u011b\u017en\u00fd, tov\u00e1rn\u011b vylad\u011bn\u00fd McLaren 720S. M\u00edsto toho jej majitel vybavil syst\u00e9mem Litchfield Custom Tune, kter\u00fd zvy\u0161uje v\u00fdkon motoru na 800 kon\u00ed.<\/p>\n<h2>Historie vozidla<\/h2>\n<p>Prod\u00e1vaj\u00edc\u00ed uv\u00e1d\u00ed, \u017ee ve\u0161ker\u00e1 \u00fadr\u017eba byla prov\u00e1d\u011bna pravideln\u011b, p\u0159i\u010dem\u017e posledn\u00ed servisn\u00ed prohl\u00eddka prob\u011bhla v \u0159\u00edjnu 2022. V sou\u010dasn\u00e9 dob\u011b nejsou na p\u0159\u00edstrojov\u00e9 desce zn\u00e1my \u017e\u00e1dn\u00e9 z\u00e1vady ani varov\u00e1n\u00ed. Soud\u011b podle poskytnut\u00fdch fotografi\u00ed nejsou na karoserii \u017e\u00e1dn\u00e9 vady, kter\u00e9 by bylo t\u0159eba hl\u00e1sit.<\/p>\n","protected":false},"excerpt":{"rendered":"<p>V prodeji je McLaren 720S, pravd\u011bpodobn\u011b jeden z nejv\u00fdkonn\u011bj\u0161\u00edch voz\u016f ve sv\u00e9 t\u0159\u00edd\u011b. D\u00edky p\u0159epl\u0148ovan\u00e9mu motoru V8 a nejmodern\u011bj\u0161\u00edmu odpru\u017een\u00ed je toto kup\u00e9 na rovince i v zat\u00e1\u010dk\u00e1ch neuv\u011b\u0159iteln\u011b rychl\u00e9. Podle profesion\u00e1ln\u00edho prodejce, kter\u00fd v\u016fz dra\u017e\u00ed, je tento McLaren 720S z roku 2017 bezvadn\u00fd, pln\u011b servisovan\u00fd a nebyl \u00fa\u010dastn\u00edkem \u017e\u00e1dn\u00e9 nehody. Zat\u00edm ujel n\u011bco p\u0159es 4 000 mil a v sou\u010dasn\u00e9 dob\u011b se nach\u00e1z\u00ed ve Velk\u00e9 Brit\u00e1nii.<\/p>\n","protected":false},"featured_media":39150,"comment_status":"open","ping_status":"closed","template":"","meta":{"inline_featured_image":false},"product_cat":[760],"product_tag":[1661,1659,929,1654],"acf":[],"yoast_head":"<!-- This site is optimized with the Yoast SEO plugin v22.5 - https:\/\/yoast.com\/wordpress\/plugins\/seo\/ -->\n<title>McLaren 720S aukce - Piston Addict<\/title>\n<meta name=\"description\" content=\"Pod\u00edvejte se na tento McLaren 720S na prodej v aukci na PistonAddict.com\" \/>\n<meta name=\"robots\" content=\"index, follow, max-snippet:-1, max-image-preview:large, max-video-preview:-1\" \/>\n<link rel=\"canonical\" href=\"https:\/\/pistonaddict.com\/cs\/product\/mclaren-720s\/\" \/>\n<meta property=\"og:locale\" content=\"cs_CZ\" \/>\n<meta property=\"og:type\" content=\"article\" \/>\n<meta property=\"og:title\" content=\"McLaren 720S aukce - Piston Addict\" \/>\n<meta property=\"og:description\" content=\"Pod\u00edvejte se na tento McLaren 720S na prodej v aukci na PistonAddict.com\" \/>\n<meta property=\"og:url\" content=\"https:\/\/pistonaddict.com\/cs\/product\/mclaren-720s\/\" \/>\n<meta property=\"og:site_name\" content=\"Piston Addict\" \/>\n<meta property=\"article:modified_time\" content=\"2024-03-19T16:52:37+00:00\" \/>\n<meta property=\"og:image\" content=\"https:\/\/pistonaddict.com\/wp-content\/uploads\/2023\/04\/LuxurycarLondonApril11PistonAddict_0851-scaled.jpg\" \/>\n\t<meta property=\"og:image:width\" content=\"2560\" \/>\n\t<meta property=\"og:image:height\" content=\"1534\" \/>\n\t<meta property=\"og:image:type\" content=\"image\/jpeg\" \/>\n<meta name=\"twitter:card\" content=\"summary_large_image\" \/>\n<meta name=\"twitter:label1\" content=\"Odhadovan\u00e1 doba \u010dten\u00ed\" \/>\n\t<meta name=\"twitter:data1\" content=\"3 minuty\" \/>\n<script type=\"application\/ld+json\" class=\"yoast-schema-graph\">{\"@context\":\"https:\/\/schema.org\",\"@graph\":[{\"@type\":\"WebPage\",\"@id\":\"https:\/\/pistonaddict.com\/cs\/product\/mclaren-720s\/\",\"url\":\"https:\/\/pistonaddict.com\/cs\/product\/mclaren-720s\/\",\"name\":\"McLaren 720S aukce - Piston Addict\",\"isPartOf\":{\"@id\":\"https:\/\/pistonaddict.com\/cs\/#website\"},\"primaryImageOfPage\":{\"@id\":\"https:\/\/pistonaddict.com\/cs\/product\/mclaren-720s\/#primaryimage\"},\"image\":{\"@id\":\"https:\/\/pistonaddict.com\/cs\/product\/mclaren-720s\/#primaryimage\"},\"thumbnailUrl\":\"https:\/\/pistonaddict.com\/wp-content\/uploads\/2023\/04\/LuxurycarLondonApril11PistonAddict_0851-scaled.jpg\",\"datePublished\":\"2023-04-19T15:31:19+00:00\",\"dateModified\":\"2024-03-19T16:52:37+00:00\",\"description\":\"Pod\u00edvejte se na tento McLaren 720S na prodej v aukci na PistonAddict.com\",\"breadcrumb\":{\"@id\":\"https:\/\/pistonaddict.com\/cs\/product\/mclaren-720s\/#breadcrumb\"},\"inLanguage\":\"cs\",\"potentialAction\":[{\"@type\":\"ReadAction\",\"target\":[\"https:\/\/pistonaddict.com\/cs\/product\/mclaren-720s\/\"]}]},{\"@type\":\"ImageObject\",\"inLanguage\":\"cs\",\"@id\":\"https:\/\/pistonaddict.com\/cs\/product\/mclaren-720s\/#primaryimage\",\"url\":\"https:\/\/pistonaddict.com\/wp-content\/uploads\/2023\/04\/LuxurycarLondonApril11PistonAddict_0851-scaled.jpg\",\"contentUrl\":\"https:\/\/pistonaddict.com\/wp-content\/uploads\/2023\/04\/LuxurycarLondonApril11PistonAddict_0851-scaled.jpg\",\"width\":2560,\"height\":1534},{\"@type\":\"BreadcrumbList\",\"@id\":\"https:\/\/pistonaddict.com\/cs\/product\/mclaren-720s\/#breadcrumb\",\"itemListElement\":[{\"@type\":\"ListItem\",\"position\":1,\"name\":\"Domovsk\u00e1 str\u00e1nka\",\"item\":\"https:\/\/pistonaddict.com\/cs\/domovska-stranka-2\/\"},{\"@type\":\"ListItem\",\"position\":2,\"name\":\"Auctions\",\"item\":\"https:\/\/pistonaddict.com\/auctions-listing\/\"},{\"@type\":\"ListItem\",\"position\":3,\"name\":\"McLaren 720S\"}]},{\"@type\":\"WebSite\",\"@id\":\"https:\/\/pistonaddict.com\/cs\/#website\",\"url\":\"https:\/\/pistonaddict.com\/cs\/\",\"name\":\"Piston Addict\",\"description\":\"Only interesting vehicles\",\"publisher\":{\"@id\":\"https:\/\/pistonaddict.com\/cs\/#organization\"},\"potentialAction\":[{\"@type\":\"SearchAction\",\"target\":{\"@type\":\"EntryPoint\",\"urlTemplate\":\"https:\/\/pistonaddict.com\/cs\/?s={search_term_string}\"},\"query-input\":\"required name=search_term_string\"}],\"inLanguage\":\"cs\"},{\"@type\":\"Organization\",\"@id\":\"https:\/\/pistonaddict.com\/cs\/#organization\",\"name\":\"Piston Addict\",\"url\":\"https:\/\/pistonaddict.com\/cs\/\",\"logo\":{\"@type\":\"ImageObject\",\"inLanguage\":\"cs\",\"@id\":\"https:\/\/pistonaddict.com\/cs\/#\/schema\/logo\/image\/\",\"url\":\"https:\/\/pistonaddict.com\/wp-content\/uploads\/2022\/07\/logo-6.png\",\"contentUrl\":\"https:\/\/pistonaddict.com\/wp-content\/uploads\/2022\/07\/logo-6.png\",\"width\":970,\"height\":200,\"caption\":\"Piston Addict\"},\"image\":{\"@id\":\"https:\/\/pistonaddict.com\/cs\/#\/schema\/logo\/image\/\"}}]}<\/script>\n<!-- \/ Yoast SEO plugin. -->","yoast_head_json":{"title":"McLaren 720S aukce - Piston Addict","description":"Pod\u00edvejte se na tento McLaren 720S na prodej v aukci na PistonAddict.com","robots":{"index":"index","follow":"follow","max-snippet":"max-snippet:-1","max-image-preview":"max-image-preview:large","max-video-preview":"max-video-preview:-1"},"canonical":"https:\/\/pistonaddict.com\/cs\/product\/mclaren-720s\/","og_locale":"cs_CZ","og_type":"article","og_title":"McLaren 720S aukce - Piston Addict","og_description":"Pod\u00edvejte se na tento McLaren 720S na prodej v aukci na PistonAddict.com","og_url":"https:\/\/pistonaddict.com\/cs\/product\/mclaren-720s\/","og_site_name":"Piston Addict","article_modified_time":"2024-03-19T16:52:37+00:00","og_image":[{"width":2560,"height":1534,"url":"https:\/\/pistonaddict.com\/wp-content\/uploads\/2023\/04\/LuxurycarLondonApril11PistonAddict_0851-scaled.jpg","type":"image\/jpeg"}],"twitter_card":"summary_large_image","twitter_misc":{"Odhadovan\u00e1 doba \u010dten\u00ed":"3 minuty"},"schema":{"@context":"https:\/\/schema.org","@graph":[{"@type":"WebPage","@id":"https:\/\/pistonaddict.com\/cs\/product\/mclaren-720s\/","url":"https:\/\/pistonaddict.com\/cs\/product\/mclaren-720s\/","name":"McLaren 720S aukce - Piston Addict","isPartOf":{"@id":"https:\/\/pistonaddict.com\/cs\/#website"},"primaryImageOfPage":{"@id":"https:\/\/pistonaddict.com\/cs\/product\/mclaren-720s\/#primaryimage"},"image":{"@id":"https:\/\/pistonaddict.com\/cs\/product\/mclaren-720s\/#primaryimage"},"thumbnailUrl":"https:\/\/pistonaddict.com\/wp-content\/uploads\/2023\/04\/LuxurycarLondonApril11PistonAddict_0851-scaled.jpg","datePublished":"2023-04-19T15:31:19+00:00","dateModified":"2024-03-19T16:52:37+00:00","description":"Pod\u00edvejte se na tento McLaren 720S na prodej v aukci na PistonAddict.com","breadcrumb":{"@id":"https:\/\/pistonaddict.com\/cs\/product\/mclaren-720s\/#breadcrumb"},"inLanguage":"cs","potentialAction":[{"@type":"ReadAction","target":["https:\/\/pistonaddict.com\/cs\/product\/mclaren-720s\/"]}]},{"@type":"ImageObject","inLanguage":"cs","@id":"https:\/\/pistonaddict.com\/cs\/product\/mclaren-720s\/#primaryimage","url":"https:\/\/pistonaddict.com\/wp-content\/uploads\/2023\/04\/LuxurycarLondonApril11PistonAddict_0851-scaled.jpg","contentUrl":"https:\/\/pistonaddict.com\/wp-content\/uploads\/2023\/04\/LuxurycarLondonApril11PistonAddict_0851-scaled.jpg","width":2560,"height":1534},{"@type":"BreadcrumbList","@id":"https:\/\/pistonaddict.com\/cs\/product\/mclaren-720s\/#breadcrumb","itemListElement":[{"@type":"ListItem","position":1,"name":"Domovsk\u00e1 str\u00e1nka","item":"https:\/\/pistonaddict.com\/cs\/domovska-stranka-2\/"},{"@type":"ListItem","position":2,"name":"Auctions","item":"https:\/\/pistonaddict.com\/auctions-listing\/"},{"@type":"ListItem","position":3,"name":"McLaren 720S"}]},{"@type":"WebSite","@id":"https:\/\/pistonaddict.com\/cs\/#website","url":"https:\/\/pistonaddict.com\/cs\/","name":"Piston Addict","description":"Only interesting vehicles","publisher":{"@id":"https:\/\/pistonaddict.com\/cs\/#organization"},"potentialAction":[{"@type":"SearchAction","target":{"@type":"EntryPoint","urlTemplate":"https:\/\/pistonaddict.com\/cs\/?s={search_term_string}"},"query-input":"required name=search_term_string"}],"inLanguage":"cs"},{"@type":"Organization","@id":"https:\/\/pistonaddict.com\/cs\/#organization","name":"Piston Addict","url":"https:\/\/pistonaddict.com\/cs\/","logo":{"@type":"ImageObject","inLanguage":"cs","@id":"https:\/\/pistonaddict.com\/cs\/#\/schema\/logo\/image\/","url":"https:\/\/pistonaddict.com\/wp-content\/uploads\/2022\/07\/logo-6.png","contentUrl":"https:\/\/pistonaddict.com\/wp-content\/uploads\/2022\/07\/logo-6.png","width":970,"height":200,"caption":"Piston Addict"},"image":{"@id":"https:\/\/pistonaddict.com\/cs\/#\/schema\/logo\/image\/"}}]}},"_links":{"self":[{"href":"https:\/\/pistonaddict.com\/cs\/wp-json\/wp\/v2\/product\/39227"}],"collection":[{"href":"https:\/\/pistonaddict.com\/cs\/wp-json\/wp\/v2\/product"}],"about":[{"href":"https:\/\/pistonaddict.com\/cs\/wp-json\/wp\/v2\/types\/product"}],"replies":[{"embeddable":true,"href":"https:\/\/pistonaddict.com\/cs\/wp-json\/wp\/v2\/comments?post=39227"}],"wp:featuredmedia":[{"embeddable":true,"href":"https:\/\/pistonaddict.com\/cs\/wp-json\/wp\/v2\/media\/39150"}],"wp:attachment":[{"href":"https:\/\/pistonaddict.com\/cs\/wp-json\/wp\/v2\/media?parent=39227"}],"wp:term":[{"taxonomy":"product_cat","embeddable":true,"href":"https:\/\/pistonaddict.com\/cs\/wp-json\/wp\/v2\/product_cat?post=39227"},{"taxonomy":"product_tag","embeddable":true,"href":"https:\/\/pistonaddict.com\/cs\/wp-json\/wp\/v2\/product_tag?post=39227"}],"curies":[{"name":"wp","href":"https:\/\/api.w.org\/{rel}","templated":true}]}}