{"id":35642,"date":"2023-04-19T15:45:16","date_gmt":"2023-04-19T13:45:16","guid":{"rendered":"https:\/\/pistonaddict.com\/product\/bmw-m4\/"},"modified":"2024-03-19T17:51:07","modified_gmt":"2024-03-19T16:51:07","slug":"bmw-m4","status":"publish","type":"product","link":"https:\/\/pistonaddict.com\/cs\/product\/bmw-m4\/","title":{"rendered":"BMW M4"},"content":{"rendered":"<p><strong>Historie vozu<\/strong><\/p>\n<p>M4 \u0159ady F82 byla pro BMW velk\u00fdm krokem, kdy\u017e v roce 2014 debutovala. Byl to prvn\u00ed produkt M, kter\u00fd byl vybaven p\u0159epl\u0148ovan\u00fdm \u0161estiv\u00e1lcov\u00fdm motorem, elektrick\u00fdm posilova\u010dem \u0159\u00edzen\u00ed a rozs\u00e1hl\u00fdm pou\u017eit\u00edm uhl\u00edkov\u00fdch vl\u00e1ken v konstrukci vozu. V\u00fdsledkem byl fantastick\u00fd j\u00edzdn\u00ed stroj s v\u00fdkonem 425 kon\u00ed v s\u00e9riov\u00e9 podob\u011b, skladn\u00fdm odpru\u017een\u00edm a skv\u011bl\u00fdm v\u00fdkonem. F82 byl tak\u00e9 prvn\u00edm modelem, kter\u00fd pou\u017e\u00edval ozna\u010den\u00ed M4, co\u017e bylo ozna\u010den\u00ed pro verzi kup\u00e9 modelu M3. Tento konkr\u00e9tn\u00ed exempl\u00e1\u0159 byl vyroben v roce 2017 a jedn\u00e1 se o \u017e\u00e1dan\u011bj\u0161\u00ed a vylep\u0161en\u00fd pozd\u011bj\u0161\u00ed model. Nejzaj\u00edmav\u011bj\u0161\u00ed na tomto voze je v\u0161ak jeho specifikace, stav a po\u010det najet\u00fdch kilometr\u016f. S n\u00e1jezdem jen n\u011bco m\u00e1lo p\u0159es 2000 mil (3500 km) se jedn\u00e1 prakticky o zcela nov\u00fd v\u016fz, co\u017e z n\u011bj d\u011bl\u00e1 investi\u010dn\u011b zaj\u00edmav\u00e9 vozidlo. Tato M4 je v\u0161ak tak\u00e9 bohat\u011b voliteln\u00e1 a vkusn\u011b upraven\u00e1, aby poskytovala vy\u0161\u0161\u00ed v\u00fdkon, lep\u0161\u00ed j\u00edzdn\u00ed vlastnosti a celkov\u011b p\u016fsobivou j\u00edzdn\u00ed dynamiku. Nov\u00fd v\u016fz si objednal VIP z\u00e1kazn\u00edk BMW, kter\u00fd p\u0159esn\u011b v\u011bd\u011bl, jak si vybrat dokonalou M4.<\/p>\n<p><strong> <\/strong><strong>Stav<\/strong><\/p>\n<p>Minim\u00e1ln\u00ed po\u010det najet\u00fdch kilometr\u016f zaru\u010duje, \u017ee tato M4 je v perfektn\u00edm stavu, bez mechanick\u00fdch z\u00e1vad, po\u0161kozen\u00ed p\u0159i nehod\u011b a s ned\u00e1vn\u00fdm servisem proveden\u00fdm v \u00fanoru 2022. Krom\u011b p\u016fsobiv\u00e9ho seznamu tov\u00e1rn\u00ed v\u00fdbavy m\u00e1 v\u0161ak tento konkr\u00e9tn\u00ed v\u016fz upraven\u00e9 odpru\u017een\u00ed a sed\u00ed n\u00ed\u017ee ne\u017e s\u00e9riov\u00fd v\u016fz, co\u017e zaji\u0161\u0165uje je\u0161t\u011b lep\u0161\u00ed ovladatelnost a pocit z j\u00edzdy. To je v\u0161ak jen za\u010d\u00e1tek, p\u016fvodn\u00ed majitel tohoto vozu nainstaloval titanov\u00fd v\u00fdfukov\u00fd syst\u00e9m Akrapovi\u010d s karbonov\u00fdmi koncovkami, kter\u00e9 umoc\u0148uj\u00ed zvuk slavn\u00e9ho \u0161estiv\u00e1lce. Vn\u011bj\u0161\u00ed \u00fapravy byly dopln\u011bny p\u0159edn\u00edm karbonov\u00fdm splitterem, zadn\u00edm spoilerem a dodate\u010dn\u011b dod\u00e1van\u00fdmi koly. Zaj\u00edmav\u00e9 je, \u017ee i kdy\u017e je 425 kon\u00ed pom\u011brn\u011b hodn\u011b, p\u016fvodn\u00ed majitel zv\u00fd\u0161il v\u00fdkon a motor nyn\u00ed dosahuje v\u00fdkonu 510 kon\u00ed, co\u017e z t\u00e9to M4 d\u011bl\u00e1 skute\u010dn\u011b kompetentn\u00ed v\u016fz. P\u0159evodovkou je 7stup\u0148ov\u00e1 automatick\u00e1 p\u0159evodovka DCT od BMW, kter\u00e1 je inteligentn\u00ed volbou kombinuj\u00edc\u00ed komfort a v\u00fdkon. Toto vozidlo je na p\u0159\u00e1n\u00ed vybaveno keramick\u00fdmi brzdov\u00fdmi kotou\u010di.<\/p>\n<p><strong>Interi\u00e9r<\/strong><\/p>\n<p>Interi\u00e9r \u010daloun\u011bn\u00fd \u010dernou k\u016f\u017e\u00ed se specifick\u00fdmi sedadly M a karbonov\u00fdmi akcenty nejev\u00ed \u017e\u00e1dn\u00e9 zn\u00e1mky pou\u017e\u00edv\u00e1n\u00ed. D\u00edky perfektn\u00ed poloze sedadel, pr\u00e9miov\u00e9mu audiosyst\u00e9mu a proslul\u00e9mu informa\u010dn\u00edmu a z\u00e1bavn\u00edmu syst\u00e9mu iDrive od BMW bude pobyt v t\u00e9to M4 radost a z\u00e1rove\u0148 budete zdol\u00e1vat kilometry \u00fa\u017easnou rychlost\u00ed. V interi\u00e9ru nedo\u0161lo k \u017e\u00e1dn\u00fdm \u00faprav\u00e1m a seznam p\u0159\u00edplatkov\u00e9 v\u00fdbavy a komfortn\u00edch prvk\u016f je rozs\u00e1hl\u00fd.<\/p>\n<p><strong>Exteri\u00e9r a kola<\/strong><\/p>\n<p>Tento v\u016fz M4 je dokon\u010den v n\u00e1padn\u00e9m odst\u00ednu \u017elut\u00e9 metal\u00edzy Austin a jeho exteri\u00e9r je bez poskvrnky, v\u0161echny ozdobn\u00e9 prvky jsou p\u0159\u00edtomny a bez po\u0161kozen\u00ed. Karbonov\u00e9 bity jsou sou\u010d\u00e1st\u00ed katalogu M Performance Accessories a perfektn\u011b pasuj\u00ed. Pozoruhodn\u00fdm detailem jsou aftermarketov\u00e1 kola HRE, kter\u00e1 lad\u00ed s exteri\u00e9rem a jsou leh\u010d\u00ed a pevn\u011bj\u0161\u00ed ne\u017e tov\u00e1rn\u00ed d\u00edly.<\/p>\n<p><strong>Dokumentace<\/strong><\/p>\n<p>Jedn\u00e1 se o vozidlo v soukrom\u00e9m vlastnictv\u00ed s p\u0159\u00edslu\u0161nou dokumentac\u00ed, kter\u00e9 se nach\u00e1z\u00ed v Lond\u00fdn\u011b ve Velk\u00e9 Brit\u00e1nii. Zpr\u00e1va CarVertical je \u010dist\u00e1; neexistuj\u00ed \u017e\u00e1dn\u00e9 doklady o nehod\u00e1ch, oprav\u00e1ch po nehod\u00e1ch nebo pr\u00e1vn\u00edch probl\u00e9mech. Existuj\u00ed z\u00e1znamy o pravideln\u00e9 \u00fadr\u017eb\u011b.<\/p>\n","protected":false},"excerpt":{"rendered":"<p>Existuje dobr\u00fd d\u016fvod, pro\u010d je BMW M4 mezi fanou\u0161ky v\u00fdkonn\u00fdch voz\u016f tak uzn\u00e1van\u00e9. \u017d\u00e1dn\u00fd jin\u00fd v\u016fz ve sv\u00e9 t\u0159\u00edd\u011b nenab\u00edz\u00ed tak p\u016fsobivou dynamiku sportovn\u00edho vozu a ka\u017edodenn\u00ed pou\u017eitelnost jako M4 \u0159ady F82. Tento konkr\u00e9tn\u00ed v\u016fz je dokonal\u00fdm p\u0159\u00edkladem, m\u00edrn\u011b upraven\u00fdm pro je\u0161t\u011b lep\u0161\u00ed j\u00edzdu, s minim\u00e1ln\u00edm po\u010dtem najet\u00fdch kilometr\u016f, dob\u0159e udr\u017eovan\u00fdm a p\u0159ipraven\u00fdm pro dal\u0161\u00edho majitele.<\/p>\n","protected":false},"featured_media":35424,"comment_status":"open","ping_status":"closed","template":"","meta":{"inline_featured_image":false},"product_cat":[760],"product_tag":[1390,929,1387,1389],"acf":[],"yoast_head":"<!-- This site is optimized with the Yoast SEO plugin v22.5 - https:\/\/yoast.com\/wordpress\/plugins\/seo\/ -->\n<title>BMW M4 aukce - Piston Addict<\/title>\n<meta name=\"description\" content=\"Prohl\u00e9dn\u011bte si toto BMW M4 na prodej v aukci na PistonAddict.com s automatickou p\u0159evodovkou a pouh\u00fdmi 2053 km.\" \/>\n<meta name=\"robots\" content=\"index, follow, max-snippet:-1, max-image-preview:large, max-video-preview:-1\" \/>\n<link rel=\"canonical\" href=\"https:\/\/pistonaddict.com\/cs\/product\/bmw-m4\/\" \/>\n<meta property=\"og:locale\" content=\"cs_CZ\" \/>\n<meta property=\"og:type\" content=\"article\" \/>\n<meta property=\"og:title\" content=\"BMW M4 aukce - Piston Addict\" \/>\n<meta property=\"og:description\" content=\"Prohl\u00e9dn\u011bte si toto BMW M4 na prodej v aukci na PistonAddict.com s automatickou p\u0159evodovkou a pouh\u00fdmi 2053 km.\" \/>\n<meta property=\"og:url\" content=\"https:\/\/pistonaddict.com\/cs\/product\/bmw-m4\/\" \/>\n<meta property=\"og:site_name\" content=\"Piston Addict\" \/>\n<meta property=\"article:modified_time\" content=\"2024-03-19T16:51:07+00:00\" \/>\n<meta property=\"og:image\" content=\"https:\/\/pistonaddict.com\/wp-content\/uploads\/2023\/04\/LuxurycarLondonApril11PistonAddict_0647-scaled.jpg\" \/>\n\t<meta property=\"og:image:width\" content=\"2560\" \/>\n\t<meta property=\"og:image:height\" content=\"1708\" \/>\n\t<meta property=\"og:image:type\" content=\"image\/jpeg\" \/>\n<meta name=\"twitter:card\" content=\"summary_large_image\" \/>\n<meta name=\"twitter:label1\" content=\"Odhadovan\u00e1 doba \u010dten\u00ed\" \/>\n\t<meta name=\"twitter:data1\" content=\"3 minuty\" \/>\n<script type=\"application\/ld+json\" class=\"yoast-schema-graph\">{\"@context\":\"https:\/\/schema.org\",\"@graph\":[{\"@type\":\"WebPage\",\"@id\":\"https:\/\/pistonaddict.com\/cs\/product\/bmw-m4\/\",\"url\":\"https:\/\/pistonaddict.com\/cs\/product\/bmw-m4\/\",\"name\":\"BMW M4 aukce - Piston Addict\",\"isPartOf\":{\"@id\":\"https:\/\/pistonaddict.com\/cs\/#website\"},\"primaryImageOfPage\":{\"@id\":\"https:\/\/pistonaddict.com\/cs\/product\/bmw-m4\/#primaryimage\"},\"image\":{\"@id\":\"https:\/\/pistonaddict.com\/cs\/product\/bmw-m4\/#primaryimage\"},\"thumbnailUrl\":\"https:\/\/pistonaddict.com\/wp-content\/uploads\/2023\/04\/LuxurycarLondonApril11PistonAddict_0647-scaled.jpg\",\"datePublished\":\"2023-04-19T13:45:16+00:00\",\"dateModified\":\"2024-03-19T16:51:07+00:00\",\"description\":\"Prohl\u00e9dn\u011bte si toto BMW M4 na prodej v aukci na PistonAddict.com s automatickou p\u0159evodovkou a pouh\u00fdmi 2053 km.\",\"breadcrumb\":{\"@id\":\"https:\/\/pistonaddict.com\/cs\/product\/bmw-m4\/#breadcrumb\"},\"inLanguage\":\"cs\",\"potentialAction\":[{\"@type\":\"ReadAction\",\"target\":[\"https:\/\/pistonaddict.com\/cs\/product\/bmw-m4\/\"]}]},{\"@type\":\"ImageObject\",\"inLanguage\":\"cs\",\"@id\":\"https:\/\/pistonaddict.com\/cs\/product\/bmw-m4\/#primaryimage\",\"url\":\"https:\/\/pistonaddict.com\/wp-content\/uploads\/2023\/04\/LuxurycarLondonApril11PistonAddict_0647-scaled.jpg\",\"contentUrl\":\"https:\/\/pistonaddict.com\/wp-content\/uploads\/2023\/04\/LuxurycarLondonApril11PistonAddict_0647-scaled.jpg\",\"width\":2560,\"height\":1708},{\"@type\":\"BreadcrumbList\",\"@id\":\"https:\/\/pistonaddict.com\/cs\/product\/bmw-m4\/#breadcrumb\",\"itemListElement\":[{\"@type\":\"ListItem\",\"position\":1,\"name\":\"Domovsk\u00e1 str\u00e1nka\",\"item\":\"https:\/\/pistonaddict.com\/cs\/domovska-stranka-2\/\"},{\"@type\":\"ListItem\",\"position\":2,\"name\":\"Auctions\",\"item\":\"https:\/\/pistonaddict.com\/auctions-listing\/\"},{\"@type\":\"ListItem\",\"position\":3,\"name\":\"BMW M4\"}]},{\"@type\":\"WebSite\",\"@id\":\"https:\/\/pistonaddict.com\/cs\/#website\",\"url\":\"https:\/\/pistonaddict.com\/cs\/\",\"name\":\"Piston Addict\",\"description\":\"Only interesting vehicles\",\"publisher\":{\"@id\":\"https:\/\/pistonaddict.com\/cs\/#organization\"},\"potentialAction\":[{\"@type\":\"SearchAction\",\"target\":{\"@type\":\"EntryPoint\",\"urlTemplate\":\"https:\/\/pistonaddict.com\/cs\/?s={search_term_string}\"},\"query-input\":\"required name=search_term_string\"}],\"inLanguage\":\"cs\"},{\"@type\":\"Organization\",\"@id\":\"https:\/\/pistonaddict.com\/cs\/#organization\",\"name\":\"Piston Addict\",\"url\":\"https:\/\/pistonaddict.com\/cs\/\",\"logo\":{\"@type\":\"ImageObject\",\"inLanguage\":\"cs\",\"@id\":\"https:\/\/pistonaddict.com\/cs\/#\/schema\/logo\/image\/\",\"url\":\"https:\/\/pistonaddict.com\/wp-content\/uploads\/2022\/07\/logo-6.png\",\"contentUrl\":\"https:\/\/pistonaddict.com\/wp-content\/uploads\/2022\/07\/logo-6.png\",\"width\":970,\"height\":200,\"caption\":\"Piston Addict\"},\"image\":{\"@id\":\"https:\/\/pistonaddict.com\/cs\/#\/schema\/logo\/image\/\"}}]}<\/script>\n<!-- \/ Yoast SEO plugin. -->","yoast_head_json":{"title":"BMW M4 aukce - Piston Addict","description":"Prohl\u00e9dn\u011bte si toto BMW M4 na prodej v aukci na PistonAddict.com s automatickou p\u0159evodovkou a pouh\u00fdmi 2053 km.","robots":{"index":"index","follow":"follow","max-snippet":"max-snippet:-1","max-image-preview":"max-image-preview:large","max-video-preview":"max-video-preview:-1"},"canonical":"https:\/\/pistonaddict.com\/cs\/product\/bmw-m4\/","og_locale":"cs_CZ","og_type":"article","og_title":"BMW M4 aukce - Piston Addict","og_description":"Prohl\u00e9dn\u011bte si toto BMW M4 na prodej v aukci na PistonAddict.com s automatickou p\u0159evodovkou a pouh\u00fdmi 2053 km.","og_url":"https:\/\/pistonaddict.com\/cs\/product\/bmw-m4\/","og_site_name":"Piston Addict","article_modified_time":"2024-03-19T16:51:07+00:00","og_image":[{"width":2560,"height":1708,"url":"https:\/\/pistonaddict.com\/wp-content\/uploads\/2023\/04\/LuxurycarLondonApril11PistonAddict_0647-scaled.jpg","type":"image\/jpeg"}],"twitter_card":"summary_large_image","twitter_misc":{"Odhadovan\u00e1 doba \u010dten\u00ed":"3 minuty"},"schema":{"@context":"https:\/\/schema.org","@graph":[{"@type":"WebPage","@id":"https:\/\/pistonaddict.com\/cs\/product\/bmw-m4\/","url":"https:\/\/pistonaddict.com\/cs\/product\/bmw-m4\/","name":"BMW M4 aukce - Piston Addict","isPartOf":{"@id":"https:\/\/pistonaddict.com\/cs\/#website"},"primaryImageOfPage":{"@id":"https:\/\/pistonaddict.com\/cs\/product\/bmw-m4\/#primaryimage"},"image":{"@id":"https:\/\/pistonaddict.com\/cs\/product\/bmw-m4\/#primaryimage"},"thumbnailUrl":"https:\/\/pistonaddict.com\/wp-content\/uploads\/2023\/04\/LuxurycarLondonApril11PistonAddict_0647-scaled.jpg","datePublished":"2023-04-19T13:45:16+00:00","dateModified":"2024-03-19T16:51:07+00:00","description":"Prohl\u00e9dn\u011bte si toto BMW M4 na prodej v aukci na PistonAddict.com s automatickou p\u0159evodovkou a pouh\u00fdmi 2053 km.","breadcrumb":{"@id":"https:\/\/pistonaddict.com\/cs\/product\/bmw-m4\/#breadcrumb"},"inLanguage":"cs","potentialAction":[{"@type":"ReadAction","target":["https:\/\/pistonaddict.com\/cs\/product\/bmw-m4\/"]}]},{"@type":"ImageObject","inLanguage":"cs","@id":"https:\/\/pistonaddict.com\/cs\/product\/bmw-m4\/#primaryimage","url":"https:\/\/pistonaddict.com\/wp-content\/uploads\/2023\/04\/LuxurycarLondonApril11PistonAddict_0647-scaled.jpg","contentUrl":"https:\/\/pistonaddict.com\/wp-content\/uploads\/2023\/04\/LuxurycarLondonApril11PistonAddict_0647-scaled.jpg","width":2560,"height":1708},{"@type":"BreadcrumbList","@id":"https:\/\/pistonaddict.com\/cs\/product\/bmw-m4\/#breadcrumb","itemListElement":[{"@type":"ListItem","position":1,"name":"Domovsk\u00e1 str\u00e1nka","item":"https:\/\/pistonaddict.com\/cs\/domovska-stranka-2\/"},{"@type":"ListItem","position":2,"name":"Auctions","item":"https:\/\/pistonaddict.com\/auctions-listing\/"},{"@type":"ListItem","position":3,"name":"BMW M4"}]},{"@type":"WebSite","@id":"https:\/\/pistonaddict.com\/cs\/#website","url":"https:\/\/pistonaddict.com\/cs\/","name":"Piston Addict","description":"Only interesting vehicles","publisher":{"@id":"https:\/\/pistonaddict.com\/cs\/#organization"},"potentialAction":[{"@type":"SearchAction","target":{"@type":"EntryPoint","urlTemplate":"https:\/\/pistonaddict.com\/cs\/?s={search_term_string}"},"query-input":"required name=search_term_string"}],"inLanguage":"cs"},{"@type":"Organization","@id":"https:\/\/pistonaddict.com\/cs\/#organization","name":"Piston Addict","url":"https:\/\/pistonaddict.com\/cs\/","logo":{"@type":"ImageObject","inLanguage":"cs","@id":"https:\/\/pistonaddict.com\/cs\/#\/schema\/logo\/image\/","url":"https:\/\/pistonaddict.com\/wp-content\/uploads\/2022\/07\/logo-6.png","contentUrl":"https:\/\/pistonaddict.com\/wp-content\/uploads\/2022\/07\/logo-6.png","width":970,"height":200,"caption":"Piston Addict"},"image":{"@id":"https:\/\/pistonaddict.com\/cs\/#\/schema\/logo\/image\/"}}]}},"_links":{"self":[{"href":"https:\/\/pistonaddict.com\/cs\/wp-json\/wp\/v2\/product\/35642"}],"collection":[{"href":"https:\/\/pistonaddict.com\/cs\/wp-json\/wp\/v2\/product"}],"about":[{"href":"https:\/\/pistonaddict.com\/cs\/wp-json\/wp\/v2\/types\/product"}],"replies":[{"embeddable":true,"href":"https:\/\/pistonaddict.com\/cs\/wp-json\/wp\/v2\/comments?post=35642"}],"wp:featuredmedia":[{"embeddable":true,"href":"https:\/\/pistonaddict.com\/cs\/wp-json\/wp\/v2\/media\/35424"}],"wp:attachment":[{"href":"https:\/\/pistonaddict.com\/cs\/wp-json\/wp\/v2\/media?parent=35642"}],"wp:term":[{"taxonomy":"product_cat","embeddable":true,"href":"https:\/\/pistonaddict.com\/cs\/wp-json\/wp\/v2\/product_cat?post=35642"},{"taxonomy":"product_tag","embeddable":true,"href":"https:\/\/pistonaddict.com\/cs\/wp-json\/wp\/v2\/product_tag?post=35642"}],"curies":[{"name":"wp","href":"https:\/\/api.w.org\/{rel}","templated":true}]}}