{"id":34596,"date":"2023-04-19T15:06:28","date_gmt":"2023-04-19T13:06:28","guid":{"rendered":"https:\/\/pistonaddict.com\/product\/bentley-flying-spur\/"},"modified":"2024-03-19T17:47:59","modified_gmt":"2024-03-19T16:47:59","slug":"bentley-flying-spur","status":"publish","type":"product","link":"https:\/\/pistonaddict.com\/cs\/product\/bentley-flying-spur\/","title":{"rendered":"Bentley Flying Spur"},"content":{"rendered":"<p><strong>Historie vozu<\/strong><\/p>\n<p>Tento Flying Spur je jedn\u00edm z prvn\u00edch voz\u016f, kter\u00e9 budou koncem roku 2020 dod\u00e1ny zn\u00e1m\u00fdm VIP z\u00e1kazn\u00edk\u016fm Bentley. Jedn\u00e1 se o v\u016fz jednoho majitele, kter\u00fd m\u00e1 najeto pouze 8359 km. Tento v\u016fz Flying Spur v \u017e\u00e1dan\u00e9 zelen\u00e9 barv\u011b s odpov\u00eddaj\u00edc\u00ed op\u00e1lenou k\u016f\u017e\u00ed byl vybaven paketem exteri\u00e9rov\u00fdch dopl\u0148k\u016f Black-out a jedn\u00e1 se o model First Edition. Ve sv\u011bt\u011b Bentley jsou modely First Edition v\u017edy nej\u017e\u00e1dan\u011bj\u0161\u00ed d\u00edky specifick\u00e9 a jedine\u010dn\u00e9 volb\u011b barev, jemn\u00fdm detail\u016fm a v\u00fdbav\u011b, kter\u00e1 je \u010dasto u voz\u016f standardn\u00ed specifikace sou\u010d\u00e1st\u00ed p\u0159\u00edplatkov\u00e9 v\u00fdbavy.<\/p>\n<p><strong>Stav vozu<\/strong><\/p>\n<p>P\u016fvodn\u00ed a sou\u010dasn\u00fd majitel si nejen po\u0159\u00eddil paket First Edition, ale tak\u00e9 doplnil ji\u017e tak p\u016fsobivou v\u00fdbavu o \u0159adu prvk\u016f a vybaven\u00ed, kter\u00e9 pat\u0159\u00ed k nejvy\u0161\u0161\u00edm specifikac\u00edm vozu Bentley Flying Spurs. Voliteln\u00fd motor W12 o objemu 6,0 litru dosahuje v\u00fdkonu 626 kon\u00ed a dok\u00e1\u017ee tento superluxusn\u00ed sedan vyst\u0159elit na stovku za p\u016fsobiv\u00fdch 3,5 sekundy. Je\u0161t\u011b v\u00edce fascinuj\u00edc\u00ed je maxim\u00e1ln\u00ed rychlost, a pokud se ocitnete na neomezen\u00e9m \u00faseku Autobahnu, m\u016f\u017eete dos\u00e1hnout a\u017e 333 km\/h! Jsme si jisti, \u017ee i p\u0159i t\u00e9to rychlosti bude tento Flying Spur stabiln\u00ed a pohodln\u00fd.<\/p>\n<p><strong>Exteri\u00e9r a kola<\/strong><\/p>\n<p>D\u00edky pe\u010dliv\u00e9 \u00fadr\u017eb\u011b, klimatizovan\u00e9 gar\u00e1\u017ei a n\u00edzk\u00e9mu po\u010dtu najet\u00fdch kilometr\u016f se tento Flying Spur prod\u00e1v\u00e1 s perfektn\u00edm stavem laku, bez po\u0161kozen\u00ed exteri\u00e9ru (i interi\u00e9ru) a s p\u016fvodn\u00edmi koly. Jedn\u00edm z drobn\u00fdch, ale zaj\u00edmav\u00fdch detail\u016f je \u010dern\u00e1 st\u0159echa, kter\u00e1 dokonale lad\u00ed s \u010dern\u00fdm oblo\u017een\u00edm exteri\u00e9ru a je\u0161t\u011b v\u00edce umoc\u0148uje sportovn\u00ed charakter tohoto elegantn\u00edho sedanu.<\/p>\n<p><strong>Interi\u00e9r<\/strong><\/p>\n<p>Jednou z nejzaj\u00edmav\u011bj\u0161\u00edch \u010d\u00e1st\u00ed tohoto vozu je interi\u00e9r. Tento v\u016fz Flying Spur je navr\u017een jako dokonal\u00e1 kombinace modern\u00edch technologi\u00ed a klasick\u00e9ho p\u0159\u00edstupu k luxusu a je pota\u017een \u017e\u00e1danou hn\u011bdou k\u016f\u017e\u00ed s kontrastn\u00ed zelenou k\u016f\u017e\u00ed a d\u0159ev\u011bn\u00fdmi vlo\u017ekami. V\u016fz je pln\u00fd nejr\u016fzn\u011bj\u0161\u00edho komfortu a na n\u011bkter\u00fdch chromovan\u00fdch \u010d\u00e1stech se nach\u00e1z\u00ed ochrann\u00e1 f\u00f3lie, kter\u00e1 sv\u011bd\u010d\u00ed o tom, \u017ee tento v\u016fz byl sotva pou\u017e\u00edv\u00e1n.<\/p>\n<p><strong>Dokumentace<\/strong><\/p>\n<p>Jedn\u00e1 se o vozidlo v soukrom\u00e9m vlastnictv\u00ed s p\u0159\u00edslu\u0161nou dokumentac\u00ed, kter\u00e9 se nach\u00e1z\u00ed v Lond\u00fdn\u011b ve Velk\u00e9 Brit\u00e1nii. Zpr\u00e1va CarVertical je \u010dist\u00e1; neexistuj\u00ed \u017e\u00e1dn\u00e9 doklady o nehod\u00e1ch, oprav\u00e1ch po nehod\u00e1ch nebo pr\u00e1vn\u00edch probl\u00e9mech. Existuj\u00ed z\u00e1znamy o pravideln\u00e9 \u00fadr\u017eb\u011b.<\/p>\n","protected":false},"excerpt":{"rendered":"<p>Stejn\u011b jako mnoho konkurent\u016f se i Bentley v bl\u00edzk\u00e9 budoucnosti zam\u011b\u0159\u00ed na modely s elektrick\u00fdm pohonem. To znamen\u00e1, \u017ee m\u00e1te mo\u017en\u00e1 posledn\u00ed \u0161anci po\u0159\u00eddit si majest\u00e1tn\u00ed luxusn\u00ed v\u016fz s pohonem na spalovac\u00ed motor, jako je tento Flying Spur, ve velmi \u017e\u00e1dan\u00e9 specifikaci a stavu jako nov\u00fd. Tento jedine\u010dn\u00fd v\u016fz poh\u00e1n\u011bn\u00fd charakteristick\u00fdm motorem W12 je ide\u00e1ln\u00ed pro n\u00e1ro\u010dn\u00e9 znalce voz\u016f Bentley.<\/p>\n","protected":false},"featured_media":34079,"comment_status":"open","ping_status":"closed","template":"","meta":{"inline_featured_image":false},"product_cat":[760],"product_tag":[1355,929,1347,1352],"acf":[],"yoast_head":"<!-- This site is optimized with the Yoast SEO plugin v22.5 - https:\/\/yoast.com\/wordpress\/plugins\/seo\/ -->\n<title>Bentley Flying Spur aukce - Piston Addict<\/title>\n<meta name=\"description\" content=\"Prohl\u00e9dn\u011bte si tento Bentley Flying Spur v aukci na PistonAddict.com s automatickou p\u0159evodovkou a pouh\u00fdmi 8359 km.\" \/>\n<meta name=\"robots\" content=\"index, follow, max-snippet:-1, max-image-preview:large, max-video-preview:-1\" \/>\n<link rel=\"canonical\" href=\"https:\/\/pistonaddict.com\/cs\/product\/bentley-flying-spur\/\" \/>\n<meta property=\"og:locale\" content=\"cs_CZ\" \/>\n<meta property=\"og:type\" content=\"article\" \/>\n<meta property=\"og:title\" content=\"Bentley Flying Spur aukce - Piston Addict\" \/>\n<meta property=\"og:description\" content=\"Prohl\u00e9dn\u011bte si tento Bentley Flying Spur v aukci na PistonAddict.com s automatickou p\u0159evodovkou a pouh\u00fdmi 8359 km.\" \/>\n<meta property=\"og:url\" content=\"https:\/\/pistonaddict.com\/cs\/product\/bentley-flying-spur\/\" \/>\n<meta property=\"og:site_name\" content=\"Piston Addict\" \/>\n<meta property=\"article:modified_time\" content=\"2024-03-19T16:47:59+00:00\" \/>\n<meta property=\"og:image\" content=\"https:\/\/pistonaddict.com\/wp-content\/uploads\/2023\/04\/LuxurycarLondonApril11PistonAddict_0433-scaled.jpg\" \/>\n\t<meta property=\"og:image:width\" content=\"2560\" \/>\n\t<meta property=\"og:image:height\" content=\"1505\" \/>\n\t<meta property=\"og:image:type\" content=\"image\/jpeg\" \/>\n<meta name=\"twitter:card\" content=\"summary_large_image\" \/>\n<meta name=\"twitter:label1\" content=\"Odhadovan\u00e1 doba \u010dten\u00ed\" \/>\n\t<meta name=\"twitter:data1\" content=\"2 minuty\" \/>\n<script type=\"application\/ld+json\" class=\"yoast-schema-graph\">{\"@context\":\"https:\/\/schema.org\",\"@graph\":[{\"@type\":\"WebPage\",\"@id\":\"https:\/\/pistonaddict.com\/cs\/product\/bentley-flying-spur\/\",\"url\":\"https:\/\/pistonaddict.com\/cs\/product\/bentley-flying-spur\/\",\"name\":\"Bentley Flying Spur aukce - Piston Addict\",\"isPartOf\":{\"@id\":\"https:\/\/pistonaddict.com\/cs\/#website\"},\"primaryImageOfPage\":{\"@id\":\"https:\/\/pistonaddict.com\/cs\/product\/bentley-flying-spur\/#primaryimage\"},\"image\":{\"@id\":\"https:\/\/pistonaddict.com\/cs\/product\/bentley-flying-spur\/#primaryimage\"},\"thumbnailUrl\":\"https:\/\/pistonaddict.com\/wp-content\/uploads\/2023\/04\/LuxurycarLondonApril11PistonAddict_0433-scaled.jpg\",\"datePublished\":\"2023-04-19T13:06:28+00:00\",\"dateModified\":\"2024-03-19T16:47:59+00:00\",\"description\":\"Prohl\u00e9dn\u011bte si tento Bentley Flying Spur v aukci na PistonAddict.com s automatickou p\u0159evodovkou a pouh\u00fdmi 8359 km.\",\"breadcrumb\":{\"@id\":\"https:\/\/pistonaddict.com\/cs\/product\/bentley-flying-spur\/#breadcrumb\"},\"inLanguage\":\"cs\",\"potentialAction\":[{\"@type\":\"ReadAction\",\"target\":[\"https:\/\/pistonaddict.com\/cs\/product\/bentley-flying-spur\/\"]}]},{\"@type\":\"ImageObject\",\"inLanguage\":\"cs\",\"@id\":\"https:\/\/pistonaddict.com\/cs\/product\/bentley-flying-spur\/#primaryimage\",\"url\":\"https:\/\/pistonaddict.com\/wp-content\/uploads\/2023\/04\/LuxurycarLondonApril11PistonAddict_0433-scaled.jpg\",\"contentUrl\":\"https:\/\/pistonaddict.com\/wp-content\/uploads\/2023\/04\/LuxurycarLondonApril11PistonAddict_0433-scaled.jpg\",\"width\":2560,\"height\":1505},{\"@type\":\"BreadcrumbList\",\"@id\":\"https:\/\/pistonaddict.com\/cs\/product\/bentley-flying-spur\/#breadcrumb\",\"itemListElement\":[{\"@type\":\"ListItem\",\"position\":1,\"name\":\"Domovsk\u00e1 str\u00e1nka\",\"item\":\"https:\/\/pistonaddict.com\/cs\/domovska-stranka-2\/\"},{\"@type\":\"ListItem\",\"position\":2,\"name\":\"Auctions\",\"item\":\"https:\/\/pistonaddict.com\/auctions-listing\/\"},{\"@type\":\"ListItem\",\"position\":3,\"name\":\"Bentley Flying Spur\"}]},{\"@type\":\"WebSite\",\"@id\":\"https:\/\/pistonaddict.com\/cs\/#website\",\"url\":\"https:\/\/pistonaddict.com\/cs\/\",\"name\":\"Piston Addict\",\"description\":\"Only interesting vehicles\",\"publisher\":{\"@id\":\"https:\/\/pistonaddict.com\/cs\/#organization\"},\"potentialAction\":[{\"@type\":\"SearchAction\",\"target\":{\"@type\":\"EntryPoint\",\"urlTemplate\":\"https:\/\/pistonaddict.com\/cs\/?s={search_term_string}\"},\"query-input\":\"required name=search_term_string\"}],\"inLanguage\":\"cs\"},{\"@type\":\"Organization\",\"@id\":\"https:\/\/pistonaddict.com\/cs\/#organization\",\"name\":\"Piston Addict\",\"url\":\"https:\/\/pistonaddict.com\/cs\/\",\"logo\":{\"@type\":\"ImageObject\",\"inLanguage\":\"cs\",\"@id\":\"https:\/\/pistonaddict.com\/cs\/#\/schema\/logo\/image\/\",\"url\":\"https:\/\/pistonaddict.com\/wp-content\/uploads\/2022\/07\/logo-6.png\",\"contentUrl\":\"https:\/\/pistonaddict.com\/wp-content\/uploads\/2022\/07\/logo-6.png\",\"width\":970,\"height\":200,\"caption\":\"Piston Addict\"},\"image\":{\"@id\":\"https:\/\/pistonaddict.com\/cs\/#\/schema\/logo\/image\/\"}}]}<\/script>\n<!-- \/ Yoast SEO plugin. -->","yoast_head_json":{"title":"Bentley Flying Spur aukce - Piston Addict","description":"Prohl\u00e9dn\u011bte si tento Bentley Flying Spur v aukci na PistonAddict.com s automatickou p\u0159evodovkou a pouh\u00fdmi 8359 km.","robots":{"index":"index","follow":"follow","max-snippet":"max-snippet:-1","max-image-preview":"max-image-preview:large","max-video-preview":"max-video-preview:-1"},"canonical":"https:\/\/pistonaddict.com\/cs\/product\/bentley-flying-spur\/","og_locale":"cs_CZ","og_type":"article","og_title":"Bentley Flying Spur aukce - Piston Addict","og_description":"Prohl\u00e9dn\u011bte si tento Bentley Flying Spur v aukci na PistonAddict.com s automatickou p\u0159evodovkou a pouh\u00fdmi 8359 km.","og_url":"https:\/\/pistonaddict.com\/cs\/product\/bentley-flying-spur\/","og_site_name":"Piston Addict","article_modified_time":"2024-03-19T16:47:59+00:00","og_image":[{"width":2560,"height":1505,"url":"https:\/\/pistonaddict.com\/wp-content\/uploads\/2023\/04\/LuxurycarLondonApril11PistonAddict_0433-scaled.jpg","type":"image\/jpeg"}],"twitter_card":"summary_large_image","twitter_misc":{"Odhadovan\u00e1 doba \u010dten\u00ed":"2 minuty"},"schema":{"@context":"https:\/\/schema.org","@graph":[{"@type":"WebPage","@id":"https:\/\/pistonaddict.com\/cs\/product\/bentley-flying-spur\/","url":"https:\/\/pistonaddict.com\/cs\/product\/bentley-flying-spur\/","name":"Bentley Flying Spur aukce - Piston Addict","isPartOf":{"@id":"https:\/\/pistonaddict.com\/cs\/#website"},"primaryImageOfPage":{"@id":"https:\/\/pistonaddict.com\/cs\/product\/bentley-flying-spur\/#primaryimage"},"image":{"@id":"https:\/\/pistonaddict.com\/cs\/product\/bentley-flying-spur\/#primaryimage"},"thumbnailUrl":"https:\/\/pistonaddict.com\/wp-content\/uploads\/2023\/04\/LuxurycarLondonApril11PistonAddict_0433-scaled.jpg","datePublished":"2023-04-19T13:06:28+00:00","dateModified":"2024-03-19T16:47:59+00:00","description":"Prohl\u00e9dn\u011bte si tento Bentley Flying Spur v aukci na PistonAddict.com s automatickou p\u0159evodovkou a pouh\u00fdmi 8359 km.","breadcrumb":{"@id":"https:\/\/pistonaddict.com\/cs\/product\/bentley-flying-spur\/#breadcrumb"},"inLanguage":"cs","potentialAction":[{"@type":"ReadAction","target":["https:\/\/pistonaddict.com\/cs\/product\/bentley-flying-spur\/"]}]},{"@type":"ImageObject","inLanguage":"cs","@id":"https:\/\/pistonaddict.com\/cs\/product\/bentley-flying-spur\/#primaryimage","url":"https:\/\/pistonaddict.com\/wp-content\/uploads\/2023\/04\/LuxurycarLondonApril11PistonAddict_0433-scaled.jpg","contentUrl":"https:\/\/pistonaddict.com\/wp-content\/uploads\/2023\/04\/LuxurycarLondonApril11PistonAddict_0433-scaled.jpg","width":2560,"height":1505},{"@type":"BreadcrumbList","@id":"https:\/\/pistonaddict.com\/cs\/product\/bentley-flying-spur\/#breadcrumb","itemListElement":[{"@type":"ListItem","position":1,"name":"Domovsk\u00e1 str\u00e1nka","item":"https:\/\/pistonaddict.com\/cs\/domovska-stranka-2\/"},{"@type":"ListItem","position":2,"name":"Auctions","item":"https:\/\/pistonaddict.com\/auctions-listing\/"},{"@type":"ListItem","position":3,"name":"Bentley Flying Spur"}]},{"@type":"WebSite","@id":"https:\/\/pistonaddict.com\/cs\/#website","url":"https:\/\/pistonaddict.com\/cs\/","name":"Piston Addict","description":"Only interesting vehicles","publisher":{"@id":"https:\/\/pistonaddict.com\/cs\/#organization"},"potentialAction":[{"@type":"SearchAction","target":{"@type":"EntryPoint","urlTemplate":"https:\/\/pistonaddict.com\/cs\/?s={search_term_string}"},"query-input":"required name=search_term_string"}],"inLanguage":"cs"},{"@type":"Organization","@id":"https:\/\/pistonaddict.com\/cs\/#organization","name":"Piston Addict","url":"https:\/\/pistonaddict.com\/cs\/","logo":{"@type":"ImageObject","inLanguage":"cs","@id":"https:\/\/pistonaddict.com\/cs\/#\/schema\/logo\/image\/","url":"https:\/\/pistonaddict.com\/wp-content\/uploads\/2022\/07\/logo-6.png","contentUrl":"https:\/\/pistonaddict.com\/wp-content\/uploads\/2022\/07\/logo-6.png","width":970,"height":200,"caption":"Piston Addict"},"image":{"@id":"https:\/\/pistonaddict.com\/cs\/#\/schema\/logo\/image\/"}}]}},"_links":{"self":[{"href":"https:\/\/pistonaddict.com\/cs\/wp-json\/wp\/v2\/product\/34596"}],"collection":[{"href":"https:\/\/pistonaddict.com\/cs\/wp-json\/wp\/v2\/product"}],"about":[{"href":"https:\/\/pistonaddict.com\/cs\/wp-json\/wp\/v2\/types\/product"}],"replies":[{"embeddable":true,"href":"https:\/\/pistonaddict.com\/cs\/wp-json\/wp\/v2\/comments?post=34596"}],"wp:featuredmedia":[{"embeddable":true,"href":"https:\/\/pistonaddict.com\/cs\/wp-json\/wp\/v2\/media\/34079"}],"wp:attachment":[{"href":"https:\/\/pistonaddict.com\/cs\/wp-json\/wp\/v2\/media?parent=34596"}],"wp:term":[{"taxonomy":"product_cat","embeddable":true,"href":"https:\/\/pistonaddict.com\/cs\/wp-json\/wp\/v2\/product_cat?post=34596"},{"taxonomy":"product_tag","embeddable":true,"href":"https:\/\/pistonaddict.com\/cs\/wp-json\/wp\/v2\/product_tag?post=34596"}],"curies":[{"name":"wp","href":"https:\/\/api.w.org\/{rel}","templated":true}]}}