{"id":33360,"date":"2023-04-19T09:41:30","date_gmt":"2023-04-19T07:41:30","guid":{"rendered":"https:\/\/pistonaddict.com\/product\/jensen-interceptor\/"},"modified":"2024-03-19T17:48:49","modified_gmt":"2024-03-19T16:48:49","slug":"jensen-interceptor","status":"publish","type":"product","link":"https:\/\/pistonaddict.com\/cs\/product\/jensen-interceptor\/","title":{"rendered":"Jensen Interceptor R Mk3"},"content":{"rendered":"<p><strong>Historie vozu<\/strong><\/p>\n<p>Tento konkr\u00e9tn\u00ed Jensen Interceptor byl p\u016fvodn\u00edmu majiteli dod\u00e1n v b\u0159eznu 1972. V\u016fz poh\u00e1n\u011bl mohutn\u00fd osmiv\u00e1lec Chrysler 440 CID, kter\u00fd kv\u016fli zp\u0159\u00edsn\u011bn\u00fdm emisn\u00edm norm\u00e1m dosahoval v\u00fdkonu pouh\u00fdch 280 kon\u00ed. Modely Mk3 (p\u0159edstaven\u00e9 v roce 1971) byly zn\u00e1m\u00e9 sv\u00fdm luxusn\u00edm interi\u00e9rem, dlouh\u00fdm seznamem standardn\u00ed v\u00fdbavy a plynulou j\u00edzdn\u00ed dynamikou. Proto\u017ee v\u0161ak v\u011bt\u0161ina Interceptor\u016f \u017eila sv\u016fj \u017eivot jako sou\u010d\u00e1st sb\u00edrek klasick\u00fdch voz\u016f, tento exempl\u00e1\u0159 pro\u0161el rozs\u00e1hlou \u00fapravou, z\u00edskal nov\u00fd \u017eivot a byl mohutn\u011b modernizov\u00e1n. Z cestovn\u00edho vozu ze 70. let se tak st\u00e1v\u00e1 svalnat\u00fd stroj 21. stolet\u00ed, kter\u00fd je p\u0159ipraven p\u0159ekvapit majitele voz\u016f Porsche na d\u00e1lnici. Britsk\u00e1 spole\u010dnost JIR provedla kompletn\u00ed p\u0159estavbu, p\u0159i n\u00ed\u017e zachovala p\u016fvodn\u00ed linie, ale v\u00fdrazn\u011b vylep\u0161ila mechaniku.<\/p>\n<p><strong>Stav vozu<\/strong><\/p>\n<p>Tento Jensen Interceptor R m\u00e1 od kompletn\u00ed p\u0159estavby najeto m\u00e9n\u011b ne\u017e 10 000 km a je v bezvadn\u00e9m stavu. Vzhledem k tomu, \u017ee se jedn\u00e1 o uk\u00e1zkov\u00fd p\u0159\u00edklad \u00fasp\u011b\u0161n\u00e9ho restomodu, jsou specifikace obzvl\u00e1\u0161t\u011b zaj\u00edmav\u00e9. N\u00e1klady na stavbu tohoto vozu p\u0159es\u00e1hly 200 000 liber, tak\u017ee seznam \u00faprav, zak\u00e1zkov\u00fdch komponent\u016f a unik\u00e1tn\u00edch d\u00edl\u016f je rozs\u00e1hl\u00fd. P\u0159esn\u011b tento Interceptor R je pova\u017eov\u00e1n za nejvysp\u011blej\u0161\u00ed Jensen na sv\u011bt\u011b. Pod kapotou je 6,2litrov\u00fd osmiv\u00e1lec z modelu Corvette ZR1 o v\u00fdkonu p\u0159es 600 kon\u00ed, kter\u00fd se p\u0159en\u00e1\u0161\u00ed na zadn\u00ed kola prost\u0159ednictv\u00edm \u0161estistup\u0148ov\u00e9 automatick\u00e9 p\u0159evodovky. Takov\u00fd v\u00fdkon vy\u017eadoval sadu brzd AP, upraven\u00e9 zav\u011b\u0161en\u00ed a mnoho dal\u0161\u00edho. V\u00fdsledkem je fantastick\u00fd stroj, kter\u00fd dok\u00e1\u017ee zrychlit na 100 km za n\u011bco m\u00e1lo p\u0159es 4 sekundy a pohodln\u011b se pohybovat vysok\u00fdmi rychlostmi.<\/p>\n<p><strong>Interi\u00e9r<\/strong><\/p>\n<p>V interi\u00e9ru byla kl\u00ed\u010dov\u00e1 decentnost s klasick\u00fdm uspo\u0159\u00e1d\u00e1n\u00edm palubn\u00ed desky a oblo\u017een\u00edm, ale s modernizovan\u00fdmi sedadly, technologiemi a nejjemn\u011bj\u0161\u00edm ko\u017een\u00fdm \u010daloun\u011bn\u00edm. V\u00ednov\u00e1 barva dokonale lad\u00ed s dvoubarevn\u00fdm exteri\u00e9rem. Majitel\u00e9 klasick\u00fdch voz\u016f Jensen by v\u00e1m \u0159ekli, \u017ee tyto vozy m\u011bly v dob\u011b sv\u00e9ho vzniku slo\u017eitou elektroniku a \u010dasto i slo\u017eit\u00e9 syst\u00e9my. Tento exempl\u00e1\u0159 na\u0161t\u011bst\u00ed z\u00edskal kompletn\u00ed p\u0159estavbu, modern\u00ed komponenty, prvky, funk\u010dn\u00ed klimatizaci a pr\u00e9miov\u00fd audiosyst\u00e9m.<\/p>\n<p><strong>Exteri\u00e9r a kola<\/strong><\/p>\n<p>Tento Interceptor R z roku 1972, dokon\u010den\u00fd v elegantn\u00ed dvoubarevn\u00e9 kombinaci, vypad\u00e1 docela s\u00e9riov\u011b, ale jakmile se pod\u00edv\u00e1te na detaily, zjist\u00edte, \u017ee je to n\u011bco jin\u00e9ho. Kola jsou vyrobena na zak\u00e1zku a velmi se podobaj\u00ed p\u016fvodn\u00edmu designu, jsou v\u0161ak \u0161ir\u0161\u00ed a v\u011bt\u0161\u00ed. Pro lep\u0161\u00ed chlazen\u00ed v\u00fdkonn\u00e9ho motoru byl p\u0159id\u00e1n bo\u010dn\u00ed ventila\u010dn\u00ed otvor a diskr\u00e9tn\u011b byla dopln\u011bna jin\u00e1 m\u0159\u00ed\u017eka chladi\u010de a odznaky. Ti, kdo se v klasick\u00fdch Interceptorech orientuj\u00ed, v\u011bd\u00ed, \u017ee tyto vozy byly n\u00e1chyln\u00e9 ke korozi, ale tento exempl\u00e1\u0159 je po v\u0161ech proveden\u00fdch prac\u00edch prakticky nov\u00fdm vozem bez jak\u00fdchkoli podobn\u00fdch probl\u00e9m\u016f.<\/p>\n<p><strong>  Dokumentace<\/strong><\/p>\n<p>Jedn\u00e1 se o vozidlo v soukrom\u00e9m vlastnictv\u00ed s p\u0159\u00edslu\u0161nou dokumentac\u00ed, kter\u00e9 se nach\u00e1z\u00ed v Lond\u00fdn\u011b ve Velk\u00e9 Brit\u00e1nii. Zpr\u00e1va CarVertical je \u010dist\u00e1; neexistuj\u00ed \u017e\u00e1dn\u00e9 doklady o nehod\u00e1ch, oprav\u00e1ch po nehod\u00e1ch nebo pr\u00e1vn\u00edch probl\u00e9mech. Existuj\u00ed z\u00e1znamy o pravideln\u00e9 \u00fadr\u017eb\u011b. Budouc\u00ed majitel\u00e9 by r\u00e1di v\u011bd\u011bli, \u017ee tento konkr\u00e9tn\u00ed exempl\u00e1\u0159 je vozem celebrit, kter\u00fd testoval slavn\u00fd Jeremy Clarkson a kter\u00fd se v letech 2011\/2012 objevil v po\u0159adu Top Gear.<\/p>\n","protected":false},"excerpt":{"rendered":"<p>P\u0159esto\u017ee tento kr\u00e1sn\u00fd Interceptor vypad\u00e1 zvenku docela s\u00e9riov\u011b, skr\u00fdv\u00e1 v sob\u011b vzru\u0161uj\u00edc\u00ed tajemstv\u00ed. P\u0159epl\u0148ovan\u00fd motor V8 s v\u00fdkonem 600 kon\u00ed a ohromuj\u00edc\u00edm v\u00fdkonem zabalen\u00fd do jednoho z nejkr\u00e1sn\u011bj\u0161\u00edch design\u016f 70. let. Tohle je spr\u00e1vn\u00fd britsk\u00fd restomod GT s americk\u00fdm srdcem, kter\u00fd je p\u0159ipraven p\u0159ekonat v\u0161e, co mu stoj\u00ed v cest\u011b.<\/p>\n","protected":false},"featured_media":32662,"comment_status":"open","ping_status":"closed","template":"","meta":{"inline_featured_image":false},"product_cat":[760],"product_tag":[1269,929,1136,1135],"acf":[],"yoast_head":"<!-- This site is optimized with the Yoast SEO plugin v22.5 - https:\/\/yoast.com\/wordpress\/plugins\/seo\/ -->\n<title>Jensen Interceptor R Mk3 aukce - Piston Addict<\/title>\n<meta name=\"description\" content=\"Pod\u00edvejte se na tento Jensen Interceptor R MK3 k prodeji v aukci na PistonAddict.com\" \/>\n<meta name=\"robots\" content=\"index, follow, max-snippet:-1, max-image-preview:large, max-video-preview:-1\" \/>\n<link rel=\"canonical\" href=\"https:\/\/pistonaddict.com\/cs\/product\/jensen-interceptor\/\" \/>\n<meta property=\"og:locale\" content=\"cs_CZ\" \/>\n<meta property=\"og:type\" content=\"article\" \/>\n<meta property=\"og:title\" content=\"Jensen Interceptor R Mk3 aukce - Piston Addict\" \/>\n<meta property=\"og:description\" content=\"Pod\u00edvejte se na tento Jensen Interceptor R MK3 k prodeji v aukci na PistonAddict.com\" \/>\n<meta property=\"og:url\" content=\"https:\/\/pistonaddict.com\/cs\/product\/jensen-interceptor\/\" \/>\n<meta property=\"og:site_name\" content=\"Piston Addict\" \/>\n<meta property=\"article:modified_time\" content=\"2024-03-19T16:48:49+00:00\" \/>\n<meta property=\"og:image\" content=\"https:\/\/pistonaddict.com\/wp-content\/uploads\/2023\/04\/LuxurycarLondonApril11PistonAddict_0906-scaled.jpg\" \/>\n\t<meta property=\"og:image:width\" content=\"2560\" \/>\n\t<meta property=\"og:image:height\" content=\"1505\" \/>\n\t<meta property=\"og:image:type\" content=\"image\/jpeg\" \/>\n<meta name=\"twitter:card\" content=\"summary_large_image\" \/>\n<meta name=\"twitter:label1\" content=\"Odhadovan\u00e1 doba \u010dten\u00ed\" \/>\n\t<meta name=\"twitter:data1\" content=\"3 minuty\" \/>\n<script type=\"application\/ld+json\" class=\"yoast-schema-graph\">{\"@context\":\"https:\/\/schema.org\",\"@graph\":[{\"@type\":\"WebPage\",\"@id\":\"https:\/\/pistonaddict.com\/cs\/product\/jensen-interceptor\/\",\"url\":\"https:\/\/pistonaddict.com\/cs\/product\/jensen-interceptor\/\",\"name\":\"Jensen Interceptor R Mk3 aukce - Piston Addict\",\"isPartOf\":{\"@id\":\"https:\/\/pistonaddict.com\/cs\/#website\"},\"primaryImageOfPage\":{\"@id\":\"https:\/\/pistonaddict.com\/cs\/product\/jensen-interceptor\/#primaryimage\"},\"image\":{\"@id\":\"https:\/\/pistonaddict.com\/cs\/product\/jensen-interceptor\/#primaryimage\"},\"thumbnailUrl\":\"https:\/\/pistonaddict.com\/wp-content\/uploads\/2023\/04\/LuxurycarLondonApril11PistonAddict_0906-scaled.jpg\",\"datePublished\":\"2023-04-19T07:41:30+00:00\",\"dateModified\":\"2024-03-19T16:48:49+00:00\",\"description\":\"Pod\u00edvejte se na tento Jensen Interceptor R MK3 k prodeji v aukci na PistonAddict.com\",\"breadcrumb\":{\"@id\":\"https:\/\/pistonaddict.com\/cs\/product\/jensen-interceptor\/#breadcrumb\"},\"inLanguage\":\"cs\",\"potentialAction\":[{\"@type\":\"ReadAction\",\"target\":[\"https:\/\/pistonaddict.com\/cs\/product\/jensen-interceptor\/\"]}]},{\"@type\":\"ImageObject\",\"inLanguage\":\"cs\",\"@id\":\"https:\/\/pistonaddict.com\/cs\/product\/jensen-interceptor\/#primaryimage\",\"url\":\"https:\/\/pistonaddict.com\/wp-content\/uploads\/2023\/04\/LuxurycarLondonApril11PistonAddict_0906-scaled.jpg\",\"contentUrl\":\"https:\/\/pistonaddict.com\/wp-content\/uploads\/2023\/04\/LuxurycarLondonApril11PistonAddict_0906-scaled.jpg\",\"width\":2560,\"height\":1505},{\"@type\":\"BreadcrumbList\",\"@id\":\"https:\/\/pistonaddict.com\/cs\/product\/jensen-interceptor\/#breadcrumb\",\"itemListElement\":[{\"@type\":\"ListItem\",\"position\":1,\"name\":\"Domovsk\u00e1 str\u00e1nka\",\"item\":\"https:\/\/pistonaddict.com\/cs\/domovska-stranka-2\/\"},{\"@type\":\"ListItem\",\"position\":2,\"name\":\"Auctions\",\"item\":\"https:\/\/pistonaddict.com\/auctions-listing\/\"},{\"@type\":\"ListItem\",\"position\":3,\"name\":\"Jensen Interceptor R Mk3\"}]},{\"@type\":\"WebSite\",\"@id\":\"https:\/\/pistonaddict.com\/cs\/#website\",\"url\":\"https:\/\/pistonaddict.com\/cs\/\",\"name\":\"Piston Addict\",\"description\":\"Only interesting vehicles\",\"publisher\":{\"@id\":\"https:\/\/pistonaddict.com\/cs\/#organization\"},\"potentialAction\":[{\"@type\":\"SearchAction\",\"target\":{\"@type\":\"EntryPoint\",\"urlTemplate\":\"https:\/\/pistonaddict.com\/cs\/?s={search_term_string}\"},\"query-input\":\"required name=search_term_string\"}],\"inLanguage\":\"cs\"},{\"@type\":\"Organization\",\"@id\":\"https:\/\/pistonaddict.com\/cs\/#organization\",\"name\":\"Piston Addict\",\"url\":\"https:\/\/pistonaddict.com\/cs\/\",\"logo\":{\"@type\":\"ImageObject\",\"inLanguage\":\"cs\",\"@id\":\"https:\/\/pistonaddict.com\/cs\/#\/schema\/logo\/image\/\",\"url\":\"https:\/\/pistonaddict.com\/wp-content\/uploads\/2022\/07\/logo-6.png\",\"contentUrl\":\"https:\/\/pistonaddict.com\/wp-content\/uploads\/2022\/07\/logo-6.png\",\"width\":970,\"height\":200,\"caption\":\"Piston Addict\"},\"image\":{\"@id\":\"https:\/\/pistonaddict.com\/cs\/#\/schema\/logo\/image\/\"}}]}<\/script>\n<!-- \/ Yoast SEO plugin. -->","yoast_head_json":{"title":"Jensen Interceptor R Mk3 aukce - Piston Addict","description":"Pod\u00edvejte se na tento Jensen Interceptor R MK3 k prodeji v aukci na PistonAddict.com","robots":{"index":"index","follow":"follow","max-snippet":"max-snippet:-1","max-image-preview":"max-image-preview:large","max-video-preview":"max-video-preview:-1"},"canonical":"https:\/\/pistonaddict.com\/cs\/product\/jensen-interceptor\/","og_locale":"cs_CZ","og_type":"article","og_title":"Jensen Interceptor R Mk3 aukce - Piston Addict","og_description":"Pod\u00edvejte se na tento Jensen Interceptor R MK3 k prodeji v aukci na PistonAddict.com","og_url":"https:\/\/pistonaddict.com\/cs\/product\/jensen-interceptor\/","og_site_name":"Piston Addict","article_modified_time":"2024-03-19T16:48:49+00:00","og_image":[{"width":2560,"height":1505,"url":"https:\/\/pistonaddict.com\/wp-content\/uploads\/2023\/04\/LuxurycarLondonApril11PistonAddict_0906-scaled.jpg","type":"image\/jpeg"}],"twitter_card":"summary_large_image","twitter_misc":{"Odhadovan\u00e1 doba \u010dten\u00ed":"3 minuty"},"schema":{"@context":"https:\/\/schema.org","@graph":[{"@type":"WebPage","@id":"https:\/\/pistonaddict.com\/cs\/product\/jensen-interceptor\/","url":"https:\/\/pistonaddict.com\/cs\/product\/jensen-interceptor\/","name":"Jensen Interceptor R Mk3 aukce - Piston Addict","isPartOf":{"@id":"https:\/\/pistonaddict.com\/cs\/#website"},"primaryImageOfPage":{"@id":"https:\/\/pistonaddict.com\/cs\/product\/jensen-interceptor\/#primaryimage"},"image":{"@id":"https:\/\/pistonaddict.com\/cs\/product\/jensen-interceptor\/#primaryimage"},"thumbnailUrl":"https:\/\/pistonaddict.com\/wp-content\/uploads\/2023\/04\/LuxurycarLondonApril11PistonAddict_0906-scaled.jpg","datePublished":"2023-04-19T07:41:30+00:00","dateModified":"2024-03-19T16:48:49+00:00","description":"Pod\u00edvejte se na tento Jensen Interceptor R MK3 k prodeji v aukci na PistonAddict.com","breadcrumb":{"@id":"https:\/\/pistonaddict.com\/cs\/product\/jensen-interceptor\/#breadcrumb"},"inLanguage":"cs","potentialAction":[{"@type":"ReadAction","target":["https:\/\/pistonaddict.com\/cs\/product\/jensen-interceptor\/"]}]},{"@type":"ImageObject","inLanguage":"cs","@id":"https:\/\/pistonaddict.com\/cs\/product\/jensen-interceptor\/#primaryimage","url":"https:\/\/pistonaddict.com\/wp-content\/uploads\/2023\/04\/LuxurycarLondonApril11PistonAddict_0906-scaled.jpg","contentUrl":"https:\/\/pistonaddict.com\/wp-content\/uploads\/2023\/04\/LuxurycarLondonApril11PistonAddict_0906-scaled.jpg","width":2560,"height":1505},{"@type":"BreadcrumbList","@id":"https:\/\/pistonaddict.com\/cs\/product\/jensen-interceptor\/#breadcrumb","itemListElement":[{"@type":"ListItem","position":1,"name":"Domovsk\u00e1 str\u00e1nka","item":"https:\/\/pistonaddict.com\/cs\/domovska-stranka-2\/"},{"@type":"ListItem","position":2,"name":"Auctions","item":"https:\/\/pistonaddict.com\/auctions-listing\/"},{"@type":"ListItem","position":3,"name":"Jensen Interceptor R Mk3"}]},{"@type":"WebSite","@id":"https:\/\/pistonaddict.com\/cs\/#website","url":"https:\/\/pistonaddict.com\/cs\/","name":"Piston Addict","description":"Only interesting vehicles","publisher":{"@id":"https:\/\/pistonaddict.com\/cs\/#organization"},"potentialAction":[{"@type":"SearchAction","target":{"@type":"EntryPoint","urlTemplate":"https:\/\/pistonaddict.com\/cs\/?s={search_term_string}"},"query-input":"required name=search_term_string"}],"inLanguage":"cs"},{"@type":"Organization","@id":"https:\/\/pistonaddict.com\/cs\/#organization","name":"Piston Addict","url":"https:\/\/pistonaddict.com\/cs\/","logo":{"@type":"ImageObject","inLanguage":"cs","@id":"https:\/\/pistonaddict.com\/cs\/#\/schema\/logo\/image\/","url":"https:\/\/pistonaddict.com\/wp-content\/uploads\/2022\/07\/logo-6.png","contentUrl":"https:\/\/pistonaddict.com\/wp-content\/uploads\/2022\/07\/logo-6.png","width":970,"height":200,"caption":"Piston Addict"},"image":{"@id":"https:\/\/pistonaddict.com\/cs\/#\/schema\/logo\/image\/"}}]}},"_links":{"self":[{"href":"https:\/\/pistonaddict.com\/cs\/wp-json\/wp\/v2\/product\/33360"}],"collection":[{"href":"https:\/\/pistonaddict.com\/cs\/wp-json\/wp\/v2\/product"}],"about":[{"href":"https:\/\/pistonaddict.com\/cs\/wp-json\/wp\/v2\/types\/product"}],"replies":[{"embeddable":true,"href":"https:\/\/pistonaddict.com\/cs\/wp-json\/wp\/v2\/comments?post=33360"}],"wp:featuredmedia":[{"embeddable":true,"href":"https:\/\/pistonaddict.com\/cs\/wp-json\/wp\/v2\/media\/32662"}],"wp:attachment":[{"href":"https:\/\/pistonaddict.com\/cs\/wp-json\/wp\/v2\/media?parent=33360"}],"wp:term":[{"taxonomy":"product_cat","embeddable":true,"href":"https:\/\/pistonaddict.com\/cs\/wp-json\/wp\/v2\/product_cat?post=33360"},{"taxonomy":"product_tag","embeddable":true,"href":"https:\/\/pistonaddict.com\/cs\/wp-json\/wp\/v2\/product_tag?post=33360"}],"curies":[{"name":"wp","href":"https:\/\/api.w.org\/{rel}","templated":true}]}}