{"id":32597,"date":"2023-04-18T18:05:14","date_gmt":"2023-04-18T16:05:14","guid":{"rendered":"https:\/\/pistonaddict.com\/product\/maserati-ghibli-ss-49-litru\/"},"modified":"2024-03-19T17:37:26","modified_gmt":"2024-03-19T16:37:26","slug":"maserati-ghibli-ss-49-litru","status":"publish","type":"product","link":"https:\/\/pistonaddict.com\/cs\/product\/maserati-ghibli-ss-49-litru\/","title":{"rendered":"Maserati Ghibli SS 4,9 litru"},"content":{"rendered":"<h2>Exteri\u00e9r<\/h2>\n<p>V\u016fz prod\u00e1van\u00fd v t\u00e9to aukci m\u00e1 modrou barvu a atraktivn\u00ed vyskakovac\u00ed sv\u011btlomety vp\u0159edu. Co v\u0161ak \u010din\u00ed tento Sypder tak p\u0159ita\u017eliv\u00fdm a poutav\u00fdm, je jeho elegantn\u00ed silueta. Tento dvoudve\u0159ov\u00fd roadster s n\u00edzkou p\u0159\u00edd\u00ed p\u0159ipom\u00ednaj\u00edc\u00ed \u017eraloka, svalnat\u00fdmi podb\u011bhy kol a sva\u017euj\u00edc\u00ed se z\u00e1d\u00ed navrhl Giorgetto Giugiaro, jeden z nejv\u011bt\u0161\u00edch n\u00e1vrh\u00e1\u0159\u016f v oboru. D\u00edky tomu je ide\u00e1ln\u00ed pro pohodovou j\u00edzdu po bulv\u00e1ru nebo po malebn\u00fdch pob\u0159e\u017en\u00edch cest\u00e1ch. A v nep\u0159\u00edzniv\u00e9m po\u010das\u00ed p\u0159ijde vhod skl\u00e1dac\u00ed m\u011bkk\u00e1 st\u0159echa ukryt\u00e1 pod barevn\u011b odli\u0161en\u00fdm krytem tonneau. V\u016fz m\u00e1 15palcov\u00e1 dr\u00e1t\u011bn\u00e1 kola od Ruote Borrani a dobov\u00e9 pneumatiky Michelin Radial X. Za pozornost stoj\u00ed tak\u00e9 chromovan\u00e9 n\u00e1razn\u00edky a funk\u010dn\u00ed v\u011btrac\u00ed otvory na kapot\u011b a blatn\u00edc\u00edch.<\/p>\n<h2>Interi\u00e9r<\/h2>\n<p>Uvnit\u0159 tohoto konkr\u00e9tn\u00edho Maserati jsou dv\u011b pohodln\u00e1 a z\u00e1rove\u0148 op\u011brn\u00e1 sedadla pota\u017een\u00e1 m\u011bkkou sv\u011btle hn\u011bdou k\u016f\u017e\u00ed. Stejn\u00fdm pro o\u010di p\u0159\u00edjemn\u00fdm materi\u00e1lem je \u010daloun\u011bna v\u011bt\u0161ina interi\u00e9ru, krom\u011b horn\u00ed \u010d\u00e1sti palubn\u00ed desky, kter\u00e1 je pota\u017eena \u010dern\u00fdm semi\u0161em. Soud\u011b podle fotografi\u00ed poskytnut\u00fdch prod\u00e1vaj\u00edc\u00edm je interi\u00e9r v bezvadn\u00e9m stavu. Po vstupu do vozu se \u0159idi\u010d chop\u00ed kr\u00e1sn\u00e9ho d\u0159ev\u011bn\u00e9ho volantu se t\u0159emi rameny z nerezov\u00e9 oceli uprost\u0159ed. Za n\u00edm se nach\u00e1z\u00ed sdru\u017een\u00fd p\u0159\u00edstroj s ot\u00e1\u010dkom\u011brem s \u010dervenou linkou 5 555 ot\u00e1\u010dek za minutu a rychlom\u011brem, jeho\u017e koncov\u00e1 hodnota je 300 km\/h. Krom\u011b nich m\u00e1 toto Ghibli p\u011bt centr\u00e1ln\u011b um\u00edst\u011bn\u00fdch ukazatel\u016f, kter\u00e9 zobrazuj\u00ed d\u016fle\u017eit\u00e9 parametry, jako je tlak oleje, teplota a hladina paliva. Na tachometru je v tuto chv\u00edli p\u0159ibli\u017en\u011b 13 000 km.<\/p>\n<h2>Mechanika<\/h2>\n<p>Prod\u00e1van\u00fd v\u016fz je model SS, co\u017e znamen\u00e1, \u017ee je vybaven v\u011bt\u0161\u00edm a v\u00fdkonn\u011bj\u0161\u00edm motorem V8 o objemu 4,9 litru. \u010cty\u0159i dvoukomorov\u00e9 karbur\u00e1tory Weber mu dod\u00e1vaj\u00ed v\u00fdkon 335 kon\u00ed a to\u010div\u00fd moment o n\u011bco vy\u0161\u0161\u00ed ne\u017e 480 Nm, kter\u00fd je p\u0159en\u00e1\u0161en na zadn\u00ed kola prost\u0159ednictv\u00edm p\u011btistup\u0148ov\u00e9 manu\u00e1ln\u00ed p\u0159evodovky. To sta\u010d\u00ed k tomu, aby tento roadster Ghibli SS dos\u00e1hl maxim\u00e1ln\u00ed rychlosti 280 km\/h, co\u017e z n\u011bj \u010din\u00ed nejrychlej\u0161\u00ed Maserati sv\u00e9 doby. Krom\u011b mechaniky m\u00e1 v\u016fz trubkov\u00fd ocelov\u00fd podvozek, kter\u00fd zaji\u0161\u0165uje lehkost a tuhost konstrukce.<\/p>\n<h2>Historie vozidla<\/h2>\n<p>Uvedenou p\u0159estavbu Spyderu provedla specializovan\u00e1 d\u00edlna v Monden\u011b, co\u017e je z\u00e1rukou kvality pr\u00e1ce. Tato \u00faprava je mezi majiteli Ghibli obl\u00edben\u00e1, proto\u017ee Maserati vyrobilo m\u00e9n\u011b ne\u017e 50 tov\u00e1rn\u00edch Spyder\u016f. V\u016fz nav\u00edc pro\u0161el d\u016fkladnou renovac\u00ed, kterou provedla renomovan\u00e1 restaur\u00e1torsk\u00e1 firma Furlonger Cars z Ashfordu, kter\u00e1 se zab\u00fdv\u00e1 italsk\u00fdmi superauty.<\/p>\n<p>Podle majitele byla ve\u0161ker\u00e1 \u00fadr\u017eba prov\u00e1d\u011bna pravideln\u011b, posledn\u00ed servisn\u00ed prohl\u00eddka prob\u011bhla v \u010dervnu 2021. V sou\u010dasn\u00e9 dob\u011b nejsou zn\u00e1my \u017e\u00e1dn\u00e9 z\u00e1vady ani probl\u00e9my s \u017e\u00e1dnou z jeho sou\u010d\u00e1st\u00ed. Krom\u011b toho nejsou na karoserii patrn\u00e9 \u017e\u00e1dn\u00e9 v\u00fdrazn\u00e9 \u0161kr\u00e1bance, prom\u00e1\u010dkliny ani jin\u00e9 nedostatky.<\/p>\n","protected":false},"excerpt":{"rendered":"<p>Tento otev\u0159en\u00fd roadster Maserati Ghibli SS z roku 1971, kter\u00fd m\u00e1 najeto jen n\u011bco m\u00e1lo p\u0159es 13 000 km, prod\u00e1v\u00e1 majitel v soukrom\u00ed. Pohon zaji\u0161\u0165uje motor V8 spojen\u00fd s p\u011btistup\u0148ovou manu\u00e1ln\u00ed p\u0159evodovkou. A\u010dkoli je tento v\u016fz vzhledov\u011b toto\u017en\u00fd s ikonick\u00fdm modelem Spyder, p\u016fvodn\u011b vznikl jako kup\u00e9 a teprve pozd\u011bji byl p\u0159estav\u011bn do sou\u010dasn\u00e9 podoby. Krom\u011b toho, \u017ee je tento v\u016fz v t\u00e9m\u011b\u0159 bezvadn\u00e9m stavu, je tak\u00e9 pln\u011b servisovan\u00fd a &#8211; podle majitele &#8211; nebyl \u00fa\u010dastn\u00edkem \u017e\u00e1dn\u00e9 nehody a v sou\u010dasn\u00e9 dob\u011b se nach\u00e1z\u00ed ve Velk\u00e9 Brit\u00e1nii.<\/p>\n","protected":false},"featured_media":32144,"comment_status":"open","ping_status":"closed","template":"","meta":{"inline_featured_image":false},"product_cat":[760],"product_tag":[1242,1084,945,1080],"acf":[],"yoast_head":"<!-- This site is optimized with the Yoast SEO plugin v22.5 - https:\/\/yoast.com\/wordpress\/plugins\/seo\/ -->\n<title>Maserati Ghibli SS 4,9 litru aukce - Piston Addict<\/title>\n<meta name=\"description\" content=\"Prohl\u00e9dn\u011bte si toto Maserati Ghibli SS 4.9 l na prodej v aukci na PistonAddict.com s manu\u00e1ln\u00ed p\u0159evodovkou a pouh\u00fdmi 13 220 km.\" \/>\n<meta name=\"robots\" content=\"index, follow, max-snippet:-1, max-image-preview:large, max-video-preview:-1\" \/>\n<link rel=\"canonical\" href=\"https:\/\/pistonaddict.com\/cs\/product\/maserati-ghibli-ss-49-litru\/\" \/>\n<meta property=\"og:locale\" content=\"cs_CZ\" \/>\n<meta property=\"og:type\" content=\"article\" \/>\n<meta property=\"og:title\" content=\"Maserati Ghibli SS 4,9 litru aukce - Piston Addict\" \/>\n<meta property=\"og:description\" content=\"Prohl\u00e9dn\u011bte si toto Maserati Ghibli SS 4.9 l na prodej v aukci na PistonAddict.com s manu\u00e1ln\u00ed p\u0159evodovkou a pouh\u00fdmi 13 220 km.\" \/>\n<meta property=\"og:url\" content=\"https:\/\/pistonaddict.com\/cs\/product\/maserati-ghibli-ss-49-litru\/\" \/>\n<meta property=\"og:site_name\" content=\"Piston Addict\" \/>\n<meta property=\"article:modified_time\" content=\"2024-03-19T16:37:26+00:00\" \/>\n<meta property=\"og:image\" content=\"https:\/\/pistonaddict.com\/wp-content\/uploads\/2023\/04\/Maserati13-scaled.jpg\" \/>\n\t<meta property=\"og:image:width\" content=\"2560\" \/>\n\t<meta property=\"og:image:height\" content=\"1609\" \/>\n\t<meta property=\"og:image:type\" content=\"image\/jpeg\" \/>\n<meta name=\"twitter:card\" content=\"summary_large_image\" \/>\n<meta name=\"twitter:label1\" content=\"Odhadovan\u00e1 doba \u010dten\u00ed\" \/>\n\t<meta name=\"twitter:data1\" content=\"3 minuty\" \/>\n<script type=\"application\/ld+json\" class=\"yoast-schema-graph\">{\"@context\":\"https:\/\/schema.org\",\"@graph\":[{\"@type\":\"WebPage\",\"@id\":\"https:\/\/pistonaddict.com\/cs\/product\/maserati-ghibli-ss-49-litru\/\",\"url\":\"https:\/\/pistonaddict.com\/cs\/product\/maserati-ghibli-ss-49-litru\/\",\"name\":\"Maserati Ghibli SS 4,9 litru aukce - Piston Addict\",\"isPartOf\":{\"@id\":\"https:\/\/pistonaddict.com\/cs\/#website\"},\"primaryImageOfPage\":{\"@id\":\"https:\/\/pistonaddict.com\/cs\/product\/maserati-ghibli-ss-49-litru\/#primaryimage\"},\"image\":{\"@id\":\"https:\/\/pistonaddict.com\/cs\/product\/maserati-ghibli-ss-49-litru\/#primaryimage\"},\"thumbnailUrl\":\"https:\/\/pistonaddict.com\/wp-content\/uploads\/2023\/04\/Maserati13-scaled.jpg\",\"datePublished\":\"2023-04-18T16:05:14+00:00\",\"dateModified\":\"2024-03-19T16:37:26+00:00\",\"description\":\"Prohl\u00e9dn\u011bte si toto Maserati Ghibli SS 4.9 l na prodej v aukci na PistonAddict.com s manu\u00e1ln\u00ed p\u0159evodovkou a pouh\u00fdmi 13 220 km.\",\"breadcrumb\":{\"@id\":\"https:\/\/pistonaddict.com\/cs\/product\/maserati-ghibli-ss-49-litru\/#breadcrumb\"},\"inLanguage\":\"cs\",\"potentialAction\":[{\"@type\":\"ReadAction\",\"target\":[\"https:\/\/pistonaddict.com\/cs\/product\/maserati-ghibli-ss-49-litru\/\"]}]},{\"@type\":\"ImageObject\",\"inLanguage\":\"cs\",\"@id\":\"https:\/\/pistonaddict.com\/cs\/product\/maserati-ghibli-ss-49-litru\/#primaryimage\",\"url\":\"https:\/\/pistonaddict.com\/wp-content\/uploads\/2023\/04\/Maserati13-scaled.jpg\",\"contentUrl\":\"https:\/\/pistonaddict.com\/wp-content\/uploads\/2023\/04\/Maserati13-scaled.jpg\",\"width\":2560,\"height\":1609},{\"@type\":\"BreadcrumbList\",\"@id\":\"https:\/\/pistonaddict.com\/cs\/product\/maserati-ghibli-ss-49-litru\/#breadcrumb\",\"itemListElement\":[{\"@type\":\"ListItem\",\"position\":1,\"name\":\"Domovsk\u00e1 str\u00e1nka\",\"item\":\"https:\/\/pistonaddict.com\/cs\/domovska-stranka-2\/\"},{\"@type\":\"ListItem\",\"position\":2,\"name\":\"Auctions\",\"item\":\"https:\/\/pistonaddict.com\/auctions-listing\/\"},{\"@type\":\"ListItem\",\"position\":3,\"name\":\"Maserati Ghibli SS 4,9 litru\"}]},{\"@type\":\"WebSite\",\"@id\":\"https:\/\/pistonaddict.com\/cs\/#website\",\"url\":\"https:\/\/pistonaddict.com\/cs\/\",\"name\":\"Piston Addict\",\"description\":\"Only interesting vehicles\",\"publisher\":{\"@id\":\"https:\/\/pistonaddict.com\/cs\/#organization\"},\"potentialAction\":[{\"@type\":\"SearchAction\",\"target\":{\"@type\":\"EntryPoint\",\"urlTemplate\":\"https:\/\/pistonaddict.com\/cs\/?s={search_term_string}\"},\"query-input\":\"required name=search_term_string\"}],\"inLanguage\":\"cs\"},{\"@type\":\"Organization\",\"@id\":\"https:\/\/pistonaddict.com\/cs\/#organization\",\"name\":\"Piston Addict\",\"url\":\"https:\/\/pistonaddict.com\/cs\/\",\"logo\":{\"@type\":\"ImageObject\",\"inLanguage\":\"cs\",\"@id\":\"https:\/\/pistonaddict.com\/cs\/#\/schema\/logo\/image\/\",\"url\":\"https:\/\/pistonaddict.com\/wp-content\/uploads\/2022\/07\/logo-6.png\",\"contentUrl\":\"https:\/\/pistonaddict.com\/wp-content\/uploads\/2022\/07\/logo-6.png\",\"width\":970,\"height\":200,\"caption\":\"Piston Addict\"},\"image\":{\"@id\":\"https:\/\/pistonaddict.com\/cs\/#\/schema\/logo\/image\/\"}}]}<\/script>\n<!-- \/ Yoast SEO plugin. -->","yoast_head_json":{"title":"Maserati Ghibli SS 4,9 litru aukce - Piston Addict","description":"Prohl\u00e9dn\u011bte si toto Maserati Ghibli SS 4.9 l na prodej v aukci na PistonAddict.com s manu\u00e1ln\u00ed p\u0159evodovkou a pouh\u00fdmi 13 220 km.","robots":{"index":"index","follow":"follow","max-snippet":"max-snippet:-1","max-image-preview":"max-image-preview:large","max-video-preview":"max-video-preview:-1"},"canonical":"https:\/\/pistonaddict.com\/cs\/product\/maserati-ghibli-ss-49-litru\/","og_locale":"cs_CZ","og_type":"article","og_title":"Maserati Ghibli SS 4,9 litru aukce - Piston Addict","og_description":"Prohl\u00e9dn\u011bte si toto Maserati Ghibli SS 4.9 l na prodej v aukci na PistonAddict.com s manu\u00e1ln\u00ed p\u0159evodovkou a pouh\u00fdmi 13 220 km.","og_url":"https:\/\/pistonaddict.com\/cs\/product\/maserati-ghibli-ss-49-litru\/","og_site_name":"Piston Addict","article_modified_time":"2024-03-19T16:37:26+00:00","og_image":[{"width":2560,"height":1609,"url":"https:\/\/pistonaddict.com\/wp-content\/uploads\/2023\/04\/Maserati13-scaled.jpg","type":"image\/jpeg"}],"twitter_card":"summary_large_image","twitter_misc":{"Odhadovan\u00e1 doba \u010dten\u00ed":"3 minuty"},"schema":{"@context":"https:\/\/schema.org","@graph":[{"@type":"WebPage","@id":"https:\/\/pistonaddict.com\/cs\/product\/maserati-ghibli-ss-49-litru\/","url":"https:\/\/pistonaddict.com\/cs\/product\/maserati-ghibli-ss-49-litru\/","name":"Maserati Ghibli SS 4,9 litru aukce - Piston Addict","isPartOf":{"@id":"https:\/\/pistonaddict.com\/cs\/#website"},"primaryImageOfPage":{"@id":"https:\/\/pistonaddict.com\/cs\/product\/maserati-ghibli-ss-49-litru\/#primaryimage"},"image":{"@id":"https:\/\/pistonaddict.com\/cs\/product\/maserati-ghibli-ss-49-litru\/#primaryimage"},"thumbnailUrl":"https:\/\/pistonaddict.com\/wp-content\/uploads\/2023\/04\/Maserati13-scaled.jpg","datePublished":"2023-04-18T16:05:14+00:00","dateModified":"2024-03-19T16:37:26+00:00","description":"Prohl\u00e9dn\u011bte si toto Maserati Ghibli SS 4.9 l na prodej v aukci na PistonAddict.com s manu\u00e1ln\u00ed p\u0159evodovkou a pouh\u00fdmi 13 220 km.","breadcrumb":{"@id":"https:\/\/pistonaddict.com\/cs\/product\/maserati-ghibli-ss-49-litru\/#breadcrumb"},"inLanguage":"cs","potentialAction":[{"@type":"ReadAction","target":["https:\/\/pistonaddict.com\/cs\/product\/maserati-ghibli-ss-49-litru\/"]}]},{"@type":"ImageObject","inLanguage":"cs","@id":"https:\/\/pistonaddict.com\/cs\/product\/maserati-ghibli-ss-49-litru\/#primaryimage","url":"https:\/\/pistonaddict.com\/wp-content\/uploads\/2023\/04\/Maserati13-scaled.jpg","contentUrl":"https:\/\/pistonaddict.com\/wp-content\/uploads\/2023\/04\/Maserati13-scaled.jpg","width":2560,"height":1609},{"@type":"BreadcrumbList","@id":"https:\/\/pistonaddict.com\/cs\/product\/maserati-ghibli-ss-49-litru\/#breadcrumb","itemListElement":[{"@type":"ListItem","position":1,"name":"Domovsk\u00e1 str\u00e1nka","item":"https:\/\/pistonaddict.com\/cs\/domovska-stranka-2\/"},{"@type":"ListItem","position":2,"name":"Auctions","item":"https:\/\/pistonaddict.com\/auctions-listing\/"},{"@type":"ListItem","position":3,"name":"Maserati Ghibli SS 4,9 litru"}]},{"@type":"WebSite","@id":"https:\/\/pistonaddict.com\/cs\/#website","url":"https:\/\/pistonaddict.com\/cs\/","name":"Piston Addict","description":"Only interesting vehicles","publisher":{"@id":"https:\/\/pistonaddict.com\/cs\/#organization"},"potentialAction":[{"@type":"SearchAction","target":{"@type":"EntryPoint","urlTemplate":"https:\/\/pistonaddict.com\/cs\/?s={search_term_string}"},"query-input":"required name=search_term_string"}],"inLanguage":"cs"},{"@type":"Organization","@id":"https:\/\/pistonaddict.com\/cs\/#organization","name":"Piston Addict","url":"https:\/\/pistonaddict.com\/cs\/","logo":{"@type":"ImageObject","inLanguage":"cs","@id":"https:\/\/pistonaddict.com\/cs\/#\/schema\/logo\/image\/","url":"https:\/\/pistonaddict.com\/wp-content\/uploads\/2022\/07\/logo-6.png","contentUrl":"https:\/\/pistonaddict.com\/wp-content\/uploads\/2022\/07\/logo-6.png","width":970,"height":200,"caption":"Piston Addict"},"image":{"@id":"https:\/\/pistonaddict.com\/cs\/#\/schema\/logo\/image\/"}}]}},"_links":{"self":[{"href":"https:\/\/pistonaddict.com\/cs\/wp-json\/wp\/v2\/product\/32597"}],"collection":[{"href":"https:\/\/pistonaddict.com\/cs\/wp-json\/wp\/v2\/product"}],"about":[{"href":"https:\/\/pistonaddict.com\/cs\/wp-json\/wp\/v2\/types\/product"}],"replies":[{"embeddable":true,"href":"https:\/\/pistonaddict.com\/cs\/wp-json\/wp\/v2\/comments?post=32597"}],"wp:featuredmedia":[{"embeddable":true,"href":"https:\/\/pistonaddict.com\/cs\/wp-json\/wp\/v2\/media\/32144"}],"wp:attachment":[{"href":"https:\/\/pistonaddict.com\/cs\/wp-json\/wp\/v2\/media?parent=32597"}],"wp:term":[{"taxonomy":"product_cat","embeddable":true,"href":"https:\/\/pistonaddict.com\/cs\/wp-json\/wp\/v2\/product_cat?post=32597"},{"taxonomy":"product_tag","embeddable":true,"href":"https:\/\/pistonaddict.com\/cs\/wp-json\/wp\/v2\/product_tag?post=32597"}],"curies":[{"name":"wp","href":"https:\/\/api.w.org\/{rel}","templated":true}]}}