{"id":29713,"date":"2023-03-02T21:25:19","date_gmt":"2023-03-02T20:25:19","guid":{"rendered":"https:\/\/pistonaddict.com\/product\/1985-porsche-911-carrera-3-2-na-prodej\/"},"modified":"2024-03-22T16:10:46","modified_gmt":"2024-03-22T15:10:46","slug":"1985-porsche-911-carrera-3-2-for-sale","status":"publish","type":"product","link":"https:\/\/pistonaddict.com\/cs\/product\/1985-porsche-911-carrera-3-2-for-sale\/","title":{"rendered":"1985 Porsche 911 Carrera 3.2 na prodej v aukci"},"content":{"rendered":"<p><strong>Historie vozu<\/strong><\/p>\n<p>Prodejce z\u00edskal tento kr\u00e1sn\u00fd p\u0159\u00edklad kouzeln\u00e9ho vozu z poloviny 80. let v roce 1997 v Lucembursku a dovezl jej do \u0160v\u00fdcarska. Tato Carrera je vybavena standardn\u00edm 3,2litrov\u00fdm ploch\u00fdm \u0161estiv\u00e1lcem, kter\u00fd prost\u0159ednictv\u00edm p\u011btistup\u0148ov\u00e9 manu\u00e1ln\u00ed p\u0159evodovky p\u0159en\u00e1\u0161\u00ed na zadn\u00ed kola v\u00fdkon 231 kon\u00ed. Motor m\u00e1 vst\u0159ikov\u00e1n\u00ed paliva a dok\u00e1\u017ee tento legend\u00e1rn\u00ed sportovn\u00ed v\u016fz zrychlit z 0 na 100 km\/h za 5,9 sekundy a dos\u00e1hnout maxim\u00e1ln\u00ed, st\u00e1le \u00factyhodn\u00e9 rychlosti 245 km\/h (150 mph). Nejsou k dispozici \u017e\u00e1dn\u00e9 z\u00e1znamy o \u00faprav\u00e1ch motoru, ale v\u016fz byl pravideln\u011b udr\u017eov\u00e1n a posledn\u00ed servisn\u00ed prohl\u00eddka byla provedena koncem b\u0159ezna 2022. Toto \u010dern\u00e9 Porsche m\u00e1 zat\u00edm najeto 168 000 km.<\/p>\n<p><strong>Stav<\/strong><\/p>\n<p>Vozidlo pro\u0161lo kompletn\u00ed profesion\u00e1ln\u00ed p\u0159estavbou karoserie a renovac\u00ed motoru s pou\u017eit\u00edm origin\u00e1ln\u00edch d\u00edl\u016f a komponent\u016f. Pro\u0161el \u0161v\u00fdcarskou technickou kontrolou a jeho cesta je leg\u00e1ln\u00ed a registrovan\u00e1. Potenci\u00e1ln\u00ed kupuj\u00edc\u00ed cht\u011bj\u00ed v\u011bd\u011bt, \u017ee anal\u00fdza oleje byla provedena a jej\u00ed v\u00fdsledky jsou v po\u0159\u00e1dku. Na vide\u00edch m\u016f\u017eete vid\u011bt, \u017ee tlak oleje a v\u0161echny m\u011b\u0159i\u010de funguj\u00ed spr\u00e1vn\u011b. V podvozku nejsou \u017e\u00e1dn\u00e9 \u00faniky oleje, motorov\u00fd prostor je uklizen\u00fd a jsou na n\u011bm v\u0161echna p\u016fvodn\u00ed raz\u00edtka a ozna\u010den\u00ed.<\/p>\n<p><strong>Interi\u00e9r<\/strong><\/p>\n<p>Interi\u00e9r tohoto Porsche 911 Carrera 3.2 z roku 1985 je p\u016fvodn\u00ed, sedadla a dve\u0159n\u00ed karty jsou pota\u017eeny k\u016f\u017e\u00ed. V porovn\u00e1n\u00ed s podobn\u00fdmi vozy m\u00e1 tento trojit\u00fd \u010dern\u00fd exempl\u00e1\u0159 (karoserie, interi\u00e9r a koberce &#8211; v\u0161e \u010dern\u00e9) n\u011bkolik sb\u011bratelsky \u017e\u00e1dan\u00fdch prvk\u016f v\u00fdbavy. Prvn\u00ed z nich jsou ko\u017een\u00e1 sedadla s mo\u017enost\u00ed elektrick\u00e9ho ovl\u00e1d\u00e1n\u00ed. Za druh\u00e9, tento p\u0159\u00edklad je vybaven klimatizac\u00ed, kter\u00e1 je v\u00edtan\u00fdm dopl\u0148kem, zejm\u00e9na v hork\u00fdch letn\u00edch dnech. Za t\u0159et\u00ed, tato Carrera z roku 1985 m\u00e1 tak\u00e9 st\u0159e\u0161n\u00ed okno, elektricky ovl\u00e1dan\u00e1 zrc\u00e1tka a ost\u0159ikova\u010de sv\u011btlomet\u016f, co\u017e p\u0159isp\u00edv\u00e1 k lep\u0161\u00edmu z\u00e1\u017eitku z j\u00edzdy. Zadn\u00ed sklo je vyh\u0159\u00edvan\u00e9 a na zadn\u00edm sedadle je instalov\u00e1na stereofonn\u00ed jednotka pro va\u0161e obl\u00edben\u00e9 skladby z 80. let. \u0158adic\u00ed p\u00e1ka v\u0161ak nen\u00ed origin\u00e1ln\u00ed.<\/p>\n<p><strong>Exteri\u00e9r a kola<\/strong><\/p>\n<p>V\u0161echny vn\u011bj\u0161\u00ed oblo\u017een\u00ed, li\u0161ty a plastov\u00e9 d\u00edly vypadaj\u00ed v perfektn\u00edm stavu a kolem otvoru st\u0159e\u0161n\u00edho okna nen\u00ed viditeln\u00e1 \u017e\u00e1dn\u00e1 koroze, co\u017e je u t\u011bchto voz\u016f b\u011b\u017en\u00fd probl\u00e9m. Znamen\u00e1 to, \u017ee o vozidlo je dob\u0159e postar\u00e1no a je pou\u017e\u00edv\u00e1no jen sporadicky. Zaj\u00edmav\u00e9 je, \u017ee se majitel rozhodl vylep\u0161it vozov\u00fd park tohoto Porsche 911 Carrera z roku 1985. M\u00edsto tov\u00e1rn\u011b spr\u00e1vn\u00fdch 15palcov\u00fdch kol m\u00e1 tento v\u016fz 16palcov\u00e1 origin\u00e1ln\u00ed kola Fuchs obut\u00e1 do pneumatik Pirelli P Zero. Zadn\u00ed jsou samoz\u0159ejm\u011b \u0161ir\u0161\u00ed ne\u017e p\u0159edn\u00ed. Jedn\u00e1 se o b\u011b\u017enou \u00fapravu, kter\u00e1 pom\u00e1h\u00e1 vzhledu i j\u00edzdn\u00ed dynamice. Pneumatiky byly namontov\u00e1ny v polovin\u011b roku 2021. V\u016fz je dod\u00e1v\u00e1n s origin\u00e1ln\u00ed sadou n\u00e1\u0159ad\u00ed a rezervn\u00edm kolem, co\u017e ukazuje na sb\u011bratelsky p\u0159\u00edznivou \u00farove\u0148 originality.<\/p>\n<p><strong>Dokumentace<\/strong><\/p>\n<p>Jedn\u00e1 se o vozidlo v soukrom\u00e9m vlastnictv\u00ed s p\u0159\u00edslu\u0161nou dokumentac\u00ed, kter\u00e9 se nach\u00e1z\u00ed v \u017denev\u011b ve \u0160v\u00fdcarsku. Zpr\u00e1va CarVertical je \u010dist\u00e1; neexistuj\u00ed \u017e\u00e1dn\u00e9 doklady o nehod\u00e1ch, oprav\u00e1ch po nehod\u00e1ch nebo o vlastnictv\u00ed, ani o pr\u00e1vn\u00edch probl\u00e9mech. Z\u00e1znamy o pravideln\u00e9 \u00fadr\u017eb\u011b sahaj\u00ed a\u017e do roku 2015.<\/p>\n","protected":false},"excerpt":{"rendered":"<p>Tato Carrera 3.2 z roku 1985, dokon\u010den\u00e1 v elegantn\u00edm \u010dern\u00e9m odst\u00ednu Porsche a s odpov\u00eddaj\u00edc\u00edm interi\u00e9rem, je dokonal\u00fdm p\u0159\u00edkladem klasick\u00e9 911 v \u0159idi\u010dsk\u00e9 kvalit\u011b, p\u0159ipraven\u00e9 pro nov\u00e9ho majitele. Tato Carrera s nezna\u010dkov\u00fdm exteri\u00e9rem, n\u011bkolika \u017e\u00e1dan\u00fdmi prvky v\u00fdbavy a dob\u0159e vybaven\u00fdm interi\u00e9rem je dob\u0159e udr\u017eovan\u00fd a spolehliv\u00fd klasick\u00fd v\u016fz s velk\u00fdm v\u00fdkonem, kter\u00fd je p\u0159ipraven k tomu, abyste se s n\u00edm bez obav vydali na letn\u00ed cestu nap\u0159\u00ed\u010d Evropou.<\/p>\n","protected":false},"featured_media":29658,"comment_status":"open","ping_status":"closed","template":"","meta":{"inline_featured_image":false},"product_cat":[760],"product_tag":[946,803,891,945,801],"acf":[],"yoast_head":"<!-- This site is optimized with the Yoast SEO plugin v22.5 - https:\/\/yoast.com\/wordpress\/plugins\/seo\/ -->\n<title>1985 Porsche 911 Carrera 3.2 na prodej v aukci - Piston Addict<\/title>\n<meta name=\"description\" content=\"Prohl\u00e9dn\u011bte si tento n\u00e1dhern\u00fd Porsche 911 Carrera 3.2 z roku 1985 na aukci na PistonAddict.com\" \/>\n<meta name=\"robots\" content=\"index, follow, max-snippet:-1, max-image-preview:large, max-video-preview:-1\" \/>\n<link rel=\"canonical\" href=\"https:\/\/pistonaddict.com\/cs\/product\/1985-porsche-911-carrera-3-2-for-sale\/\" \/>\n<meta property=\"og:locale\" content=\"cs_CZ\" \/>\n<meta property=\"og:type\" content=\"article\" \/>\n<meta property=\"og:title\" content=\"1985 Porsche 911 Carrera 3.2 na prodej v aukci - Piston Addict\" \/>\n<meta property=\"og:description\" content=\"Prohl\u00e9dn\u011bte si tento n\u00e1dhern\u00fd Porsche 911 Carrera 3.2 z roku 1985 na aukci na PistonAddict.com\" \/>\n<meta property=\"og:url\" content=\"https:\/\/pistonaddict.com\/cs\/product\/1985-porsche-911-carrera-3-2-for-sale\/\" \/>\n<meta property=\"og:site_name\" content=\"Piston Addict\" \/>\n<meta property=\"article:modified_time\" content=\"2024-03-22T15:10:46+00:00\" \/>\n<meta property=\"og:image\" content=\"https:\/\/pistonaddict.com\/wp-content\/uploads\/2023\/03\/IMG_2519-scaled.jpeg\" \/>\n\t<meta property=\"og:image:width\" content=\"2560\" \/>\n\t<meta property=\"og:image:height\" content=\"1920\" \/>\n\t<meta property=\"og:image:type\" content=\"image\/jpeg\" \/>\n<meta name=\"twitter:card\" content=\"summary_large_image\" \/>\n<meta name=\"twitter:label1\" content=\"Odhadovan\u00e1 doba \u010dten\u00ed\" \/>\n\t<meta name=\"twitter:data1\" content=\"3 minuty\" \/>\n<script type=\"application\/ld+json\" class=\"yoast-schema-graph\">{\"@context\":\"https:\/\/schema.org\",\"@graph\":[{\"@type\":\"WebPage\",\"@id\":\"https:\/\/pistonaddict.com\/cs\/product\/1985-porsche-911-carrera-3-2-for-sale\/\",\"url\":\"https:\/\/pistonaddict.com\/cs\/product\/1985-porsche-911-carrera-3-2-for-sale\/\",\"name\":\"1985 Porsche 911 Carrera 3.2 na prodej v aukci - Piston Addict\",\"isPartOf\":{\"@id\":\"https:\/\/pistonaddict.com\/cs\/#website\"},\"primaryImageOfPage\":{\"@id\":\"https:\/\/pistonaddict.com\/cs\/product\/1985-porsche-911-carrera-3-2-for-sale\/#primaryimage\"},\"image\":{\"@id\":\"https:\/\/pistonaddict.com\/cs\/product\/1985-porsche-911-carrera-3-2-for-sale\/#primaryimage\"},\"thumbnailUrl\":\"https:\/\/pistonaddict.com\/wp-content\/uploads\/2023\/03\/IMG_2519-scaled.jpeg\",\"datePublished\":\"2023-03-02T20:25:19+00:00\",\"dateModified\":\"2024-03-22T15:10:46+00:00\",\"description\":\"Prohl\u00e9dn\u011bte si tento n\u00e1dhern\u00fd Porsche 911 Carrera 3.2 z roku 1985 na aukci na PistonAddict.com\",\"breadcrumb\":{\"@id\":\"https:\/\/pistonaddict.com\/cs\/product\/1985-porsche-911-carrera-3-2-for-sale\/#breadcrumb\"},\"inLanguage\":\"cs\",\"potentialAction\":[{\"@type\":\"ReadAction\",\"target\":[\"https:\/\/pistonaddict.com\/cs\/product\/1985-porsche-911-carrera-3-2-for-sale\/\"]}]},{\"@type\":\"ImageObject\",\"inLanguage\":\"cs\",\"@id\":\"https:\/\/pistonaddict.com\/cs\/product\/1985-porsche-911-carrera-3-2-for-sale\/#primaryimage\",\"url\":\"https:\/\/pistonaddict.com\/wp-content\/uploads\/2023\/03\/IMG_2519-scaled.jpeg\",\"contentUrl\":\"https:\/\/pistonaddict.com\/wp-content\/uploads\/2023\/03\/IMG_2519-scaled.jpeg\",\"width\":2560,\"height\":1920},{\"@type\":\"BreadcrumbList\",\"@id\":\"https:\/\/pistonaddict.com\/cs\/product\/1985-porsche-911-carrera-3-2-for-sale\/#breadcrumb\",\"itemListElement\":[{\"@type\":\"ListItem\",\"position\":1,\"name\":\"Domovsk\u00e1 str\u00e1nka\",\"item\":\"https:\/\/pistonaddict.com\/cs\/domovska-stranka-2\/\"},{\"@type\":\"ListItem\",\"position\":2,\"name\":\"Auctions\",\"item\":\"https:\/\/pistonaddict.com\/auctions-listing\/\"},{\"@type\":\"ListItem\",\"position\":3,\"name\":\"1985 Porsche 911 Carrera 3.2 na prodej v aukci\"}]},{\"@type\":\"WebSite\",\"@id\":\"https:\/\/pistonaddict.com\/cs\/#website\",\"url\":\"https:\/\/pistonaddict.com\/cs\/\",\"name\":\"Piston Addict\",\"description\":\"Only interesting vehicles\",\"publisher\":{\"@id\":\"https:\/\/pistonaddict.com\/cs\/#organization\"},\"potentialAction\":[{\"@type\":\"SearchAction\",\"target\":{\"@type\":\"EntryPoint\",\"urlTemplate\":\"https:\/\/pistonaddict.com\/cs\/?s={search_term_string}\"},\"query-input\":\"required name=search_term_string\"}],\"inLanguage\":\"cs\"},{\"@type\":\"Organization\",\"@id\":\"https:\/\/pistonaddict.com\/cs\/#organization\",\"name\":\"Piston Addict\",\"url\":\"https:\/\/pistonaddict.com\/cs\/\",\"logo\":{\"@type\":\"ImageObject\",\"inLanguage\":\"cs\",\"@id\":\"https:\/\/pistonaddict.com\/cs\/#\/schema\/logo\/image\/\",\"url\":\"https:\/\/pistonaddict.com\/wp-content\/uploads\/2022\/07\/logo-6.png\",\"contentUrl\":\"https:\/\/pistonaddict.com\/wp-content\/uploads\/2022\/07\/logo-6.png\",\"width\":970,\"height\":200,\"caption\":\"Piston Addict\"},\"image\":{\"@id\":\"https:\/\/pistonaddict.com\/cs\/#\/schema\/logo\/image\/\"}}]}<\/script>\n<!-- \/ Yoast SEO plugin. -->","yoast_head_json":{"title":"1985 Porsche 911 Carrera 3.2 na prodej v aukci - Piston Addict","description":"Prohl\u00e9dn\u011bte si tento n\u00e1dhern\u00fd Porsche 911 Carrera 3.2 z roku 1985 na aukci na PistonAddict.com","robots":{"index":"index","follow":"follow","max-snippet":"max-snippet:-1","max-image-preview":"max-image-preview:large","max-video-preview":"max-video-preview:-1"},"canonical":"https:\/\/pistonaddict.com\/cs\/product\/1985-porsche-911-carrera-3-2-for-sale\/","og_locale":"cs_CZ","og_type":"article","og_title":"1985 Porsche 911 Carrera 3.2 na prodej v aukci - Piston Addict","og_description":"Prohl\u00e9dn\u011bte si tento n\u00e1dhern\u00fd Porsche 911 Carrera 3.2 z roku 1985 na aukci na PistonAddict.com","og_url":"https:\/\/pistonaddict.com\/cs\/product\/1985-porsche-911-carrera-3-2-for-sale\/","og_site_name":"Piston Addict","article_modified_time":"2024-03-22T15:10:46+00:00","og_image":[{"width":2560,"height":1920,"url":"https:\/\/pistonaddict.com\/wp-content\/uploads\/2023\/03\/IMG_2519-scaled.jpeg","type":"image\/jpeg"}],"twitter_card":"summary_large_image","twitter_misc":{"Odhadovan\u00e1 doba \u010dten\u00ed":"3 minuty"},"schema":{"@context":"https:\/\/schema.org","@graph":[{"@type":"WebPage","@id":"https:\/\/pistonaddict.com\/cs\/product\/1985-porsche-911-carrera-3-2-for-sale\/","url":"https:\/\/pistonaddict.com\/cs\/product\/1985-porsche-911-carrera-3-2-for-sale\/","name":"1985 Porsche 911 Carrera 3.2 na prodej v aukci - Piston Addict","isPartOf":{"@id":"https:\/\/pistonaddict.com\/cs\/#website"},"primaryImageOfPage":{"@id":"https:\/\/pistonaddict.com\/cs\/product\/1985-porsche-911-carrera-3-2-for-sale\/#primaryimage"},"image":{"@id":"https:\/\/pistonaddict.com\/cs\/product\/1985-porsche-911-carrera-3-2-for-sale\/#primaryimage"},"thumbnailUrl":"https:\/\/pistonaddict.com\/wp-content\/uploads\/2023\/03\/IMG_2519-scaled.jpeg","datePublished":"2023-03-02T20:25:19+00:00","dateModified":"2024-03-22T15:10:46+00:00","description":"Prohl\u00e9dn\u011bte si tento n\u00e1dhern\u00fd Porsche 911 Carrera 3.2 z roku 1985 na aukci na PistonAddict.com","breadcrumb":{"@id":"https:\/\/pistonaddict.com\/cs\/product\/1985-porsche-911-carrera-3-2-for-sale\/#breadcrumb"},"inLanguage":"cs","potentialAction":[{"@type":"ReadAction","target":["https:\/\/pistonaddict.com\/cs\/product\/1985-porsche-911-carrera-3-2-for-sale\/"]}]},{"@type":"ImageObject","inLanguage":"cs","@id":"https:\/\/pistonaddict.com\/cs\/product\/1985-porsche-911-carrera-3-2-for-sale\/#primaryimage","url":"https:\/\/pistonaddict.com\/wp-content\/uploads\/2023\/03\/IMG_2519-scaled.jpeg","contentUrl":"https:\/\/pistonaddict.com\/wp-content\/uploads\/2023\/03\/IMG_2519-scaled.jpeg","width":2560,"height":1920},{"@type":"BreadcrumbList","@id":"https:\/\/pistonaddict.com\/cs\/product\/1985-porsche-911-carrera-3-2-for-sale\/#breadcrumb","itemListElement":[{"@type":"ListItem","position":1,"name":"Domovsk\u00e1 str\u00e1nka","item":"https:\/\/pistonaddict.com\/cs\/domovska-stranka-2\/"},{"@type":"ListItem","position":2,"name":"Auctions","item":"https:\/\/pistonaddict.com\/auctions-listing\/"},{"@type":"ListItem","position":3,"name":"1985 Porsche 911 Carrera 3.2 na prodej v aukci"}]},{"@type":"WebSite","@id":"https:\/\/pistonaddict.com\/cs\/#website","url":"https:\/\/pistonaddict.com\/cs\/","name":"Piston Addict","description":"Only interesting vehicles","publisher":{"@id":"https:\/\/pistonaddict.com\/cs\/#organization"},"potentialAction":[{"@type":"SearchAction","target":{"@type":"EntryPoint","urlTemplate":"https:\/\/pistonaddict.com\/cs\/?s={search_term_string}"},"query-input":"required name=search_term_string"}],"inLanguage":"cs"},{"@type":"Organization","@id":"https:\/\/pistonaddict.com\/cs\/#organization","name":"Piston Addict","url":"https:\/\/pistonaddict.com\/cs\/","logo":{"@type":"ImageObject","inLanguage":"cs","@id":"https:\/\/pistonaddict.com\/cs\/#\/schema\/logo\/image\/","url":"https:\/\/pistonaddict.com\/wp-content\/uploads\/2022\/07\/logo-6.png","contentUrl":"https:\/\/pistonaddict.com\/wp-content\/uploads\/2022\/07\/logo-6.png","width":970,"height":200,"caption":"Piston Addict"},"image":{"@id":"https:\/\/pistonaddict.com\/cs\/#\/schema\/logo\/image\/"}}]}},"_links":{"self":[{"href":"https:\/\/pistonaddict.com\/cs\/wp-json\/wp\/v2\/product\/29713"}],"collection":[{"href":"https:\/\/pistonaddict.com\/cs\/wp-json\/wp\/v2\/product"}],"about":[{"href":"https:\/\/pistonaddict.com\/cs\/wp-json\/wp\/v2\/types\/product"}],"replies":[{"embeddable":true,"href":"https:\/\/pistonaddict.com\/cs\/wp-json\/wp\/v2\/comments?post=29713"}],"wp:featuredmedia":[{"embeddable":true,"href":"https:\/\/pistonaddict.com\/cs\/wp-json\/wp\/v2\/media\/29658"}],"wp:attachment":[{"href":"https:\/\/pistonaddict.com\/cs\/wp-json\/wp\/v2\/media?parent=29713"}],"wp:term":[{"taxonomy":"product_cat","embeddable":true,"href":"https:\/\/pistonaddict.com\/cs\/wp-json\/wp\/v2\/product_cat?post=29713"},{"taxonomy":"product_tag","embeddable":true,"href":"https:\/\/pistonaddict.com\/cs\/wp-json\/wp\/v2\/product_tag?post=29713"}],"curies":[{"name":"wp","href":"https:\/\/api.w.org\/{rel}","templated":true}]}}