{"id":108789,"date":"2024-06-11T17:05:07","date_gmt":"2024-06-11T15:05:07","guid":{"rendered":"https:\/\/pistonaddict.com\/product\/lamborghini-urraco-p250\/"},"modified":"2024-06-12T09:53:33","modified_gmt":"2024-06-12T07:53:33","slug":"lamborghini-urraco-p250","status":"publish","type":"product","link":"https:\/\/pistonaddict.com\/cs\/product\/lamborghini-urraco-p250\/","title":{"rendered":"Lamborghini Urraco P250"},"content":{"rendered":"<h2>Exteri\u00e9r<\/h2>\n<p>Zven\u010d\u00ed m\u00e1 tento italsk\u00fd \u010dty\u0159m\u00edstn\u00fd v\u016fz kl\u00ednovitou siluetu, kter\u00e1 je charakteristick\u00e1 pro v\u011bt\u0161inu supersport\u016f t\u00e9 doby. P\u0159edn\u00ed \u010d\u00e1sti dominuj\u00ed ikonick\u00e9 v\u00fdsuvn\u00e9 sv\u011btlomety, kter\u00e9 jsou naprostou nezbytnost\u00ed pro um\u00edst\u011bn\u00ed ploch\u00e9, n\u00edzko zav\u011b\u0161en\u00e9 kapoty. Na boc\u00edch vozu jsou nejv\u00edce patrn\u00e9 svalnat\u00e9 podb\u011bhy kol, do nich\u017e jsou zasazena p\u016fvodn\u00ed 14palcov\u00e1 kola z lehk\u00fdch slitin obut\u00e1 do dobov\u011b korektn\u00edch pneumatik Michelin XWX. Krom\u011b toho si pozorn\u00e9 oko v\u0161imne na zadn\u00ed stran\u011b dvojit\u00e9ho ANSA z nerezov\u00e9 oceli, kter\u00e9 vyrobila zn\u00e1m\u00e1 ladi\u010dsk\u00e1 firma Abart. Tento konkr\u00e9tn\u00ed v\u016fz je lakov\u00e1n elegantn\u00ed st\u0159\u00edbrnou barvou, kter\u00e1 jeho agresivn\u00edmu postoji dod\u00e1v\u00e1 elegantn\u00ed n\u00e1dech.<\/p>\n<h2>Interi\u00e9r<\/h2>\n<p>Po otev\u0159en\u00ed dve\u0159\u00ed se objev\u00ed bohat\u00fd interi\u00e9r Lamba v barv\u011b Nero, na n\u011bm\u017e jsou nejpozoruhodn\u011bj\u0161\u00ed kbel\u00edkov\u00e1 p\u0159edn\u00ed sedadla, jejich\u017e stav prod\u00e1vaj\u00edc\u00ed ozna\u010duje jako &#8220;nov\u00e1&#8221;. Stejn\u00fd popis lze pou\u017e\u00edt i pro zadn\u00ed lavici, kter\u00e1 je dostate\u010dn\u011b prostorn\u00e1 pro dv\u011b osoby. Po usednut\u00ed se \u0159idi\u010d d\u00edv\u00e1 na \u010dty\u0159ramenn\u00fd ko\u017een\u00fd volant, za n\u00edm\u017e se nach\u00e1z\u00ed propracovan\u00fd p\u0159\u00edstrojov\u00fd panel. Krom\u011b tachometru s rychlost\u00ed a\u017e 280 km\/h a ot\u00e1\u010dkom\u011bru na 9000 ot\u00e1\u010dek za minutu jsou na cifern\u00edku tak\u00e9 ukazatele teploty motoru, tlaku oleje a nap\u011bt\u00ed p\u0159i nab\u00edjen\u00ed. P\u0159\u00edstrojov\u00e1 deska je pota\u017eena tmav\u011b \u0161edou k\u016f\u017e\u00ed Alcantara, kter\u00e1 j\u00ed dod\u00e1v\u00e1 m\u011bkk\u00fd pocit a ploch\u00fd vzhled, kter\u00fd neodr\u00e1\u017e\u00ed slune\u010dn\u00ed paprsky.<\/p>\n<h2>Mechanika<\/h2>\n<p>Tento model Urraco s ozna\u010den\u00edm P250 je vybaven motorem V8 o objemu 2,5 litru, kter\u00fd dosahuje v\u00fdkonu 250 kon\u00ed a stejn\u011b p\u016fsobiv\u00e9ho to\u010div\u00e9ho momentu 220 Nm. Tento v\u00fdkon je p\u0159en\u00e1\u0161en prost\u0159ednictv\u00edm p\u011btistup\u0148ov\u00e9 manu\u00e1ln\u00ed p\u0159evodovky, kter\u00e1 zaji\u0161\u0165uje zrychlen\u00ed z 0 na 100 za necel\u00fdch 7 sekund a maxim\u00e1ln\u00ed rychlost 240 km\/h. Tyto v\u00fdkony, p\u016fsobiv\u00e9 i na dne\u0161n\u00ed pom\u011bry, \u010dinily z modelu Uracco jeden z nejrychlej\u0161\u00edch \u010dty\u0159m\u00edstn\u00fdch voz\u016f t\u00e9 doby. \u0158\u00edzen\u00ed je p\u0159esn\u00e9 d\u00edky nez\u00e1visl\u00e9mu zav\u011b\u0161en\u00ed kol a o bezpe\u010dn\u00e9 zastaven\u00ed se staraj\u00ed \u00fa\u010dinn\u00e9 a odoln\u00e9 kotou\u010dov\u00e9 brzdy na v\u0161ech \u010dty\u0159ech kolech.<\/p>\n<h2>Historie vozidla<\/h2>\n<p>Lamborghini Urraco P250, kter\u00e9 zde m\u00e1me, bylo vyrobeno v roce 1975 a v sou\u010dasn\u00e9 dob\u011b m\u00e1 najeto 78 000 km. V pr\u016fb\u011bhu let nebyl v\u016fz nikdy pou\u017eit na trati ani se nestal \u00fa\u010dastn\u00edkem nehody. V roce 2016 pro\u0161el rozs\u00e1hlou gener\u00e1ln\u00ed opravou, b\u011bhem n\u00ed\u017e byl kompletn\u011b zrekonstruov\u00e1n motor a zav\u011b\u0161en\u00ed, zat\u00edmco podvozek dostal novou vrstvu antikorozn\u00ed ochrany. Sou\u010dasn\u011b byl kompletn\u011b p\u0159e\u010daloun\u011bn interi\u00e9r a v\u016fz byl nov\u011b nalakov\u00e1n. Vizu\u00e1ln\u00ed nedostatky se omezuj\u00ed na drobn\u00e9 po\u0161kozen\u00ed dve\u0159\u00ed \u0159idi\u010de, kter\u00e9 bude p\u0159ed p\u0159ed\u00e1n\u00edm budouc\u00edmu majiteli opraveno. Vozidlo se v sou\u010dasn\u00e9 dob\u011b nach\u00e1z\u00ed ve \u0160pan\u011blsku, kde je od prvn\u00edho dne registrov\u00e1no.<\/p>\n<p><strong>Pod\u00edvejte se na video studen\u00e9ho startu tohoto \u00fa\u017easn\u00e9ho<\/strong> <strong>Lamborghini Urraco P250<\/strong>:<\/p>\n<p><iframe title=\"Cold Start Video of the amazing Lamborghini Urraco P250\" width=\"1200\" height=\"675\" src=\"https:\/\/www.youtube.com\/embed\/wt_LCr8LgcQ?feature=oembed\" frameborder=\"0\" allow=\"accelerometer; autoplay; clipboard-write; encrypted-media; gyroscope; picture-in-picture; web-share\" referrerpolicy=\"strict-origin-when-cross-origin\" allowfullscreen><\/iframe><\/p>\n<p><strong>A videoprohl\u00eddka :<\/strong><\/p>\n<p><iframe title=\"Video Tour of the Lamborghini Urraco P250\" width=\"1200\" height=\"675\" src=\"https:\/\/www.youtube.com\/embed\/azU8K1XDHOA?feature=oembed\" frameborder=\"0\" allow=\"accelerometer; autoplay; clipboard-write; encrypted-media; gyroscope; picture-in-picture; web-share\" referrerpolicy=\"strict-origin-when-cross-origin\" allowfullscreen><\/iframe><\/p>\n","protected":false},"excerpt":{"rendered":"<p>Urraco, pojmenovan\u00e9 po plemeni bojov\u00fdch b\u00fdk\u016f z Miury, je sportovn\u00ed v\u016fz, kter\u00fd Lamborghini vyr\u00e1b\u011blo v letech 1972-1979. Tento \u010dty\u0159m\u00edstn\u00fd v\u016fz, navr\u017een\u00fd firmou Bertone, m\u011bl za c\u00edl postavit se konkurent\u016fm, jako jsou Ferrari 308 GT4 a legend\u00e1rn\u00ed Porsche 911. P\u0159esto\u017ee Urraco vypadalo \u00fachvatn\u011b a snadno se \u0159\u00eddilo, nebyl jeho prodejn\u00ed \u00fasp\u011bch nijak velk\u00fd &#8211; b\u011bhem sedmi let v\u00fdroby se vyrobilo pouze 791 voz\u016f. Takto omezen\u00fd po\u010det vyroben\u00fdch kus\u016f v\u0161ak zaji\u0161\u0165uje exkluzivitu, tak\u017ee ti, kdo si toto st\u0159\u00edbrn\u00e9 Lambo koup\u00ed, budou m\u00edt n\u011bco, co se \u010dasto nevid\u00ed.<\/p>\n","protected":false},"featured_media":108751,"comment_status":"open","ping_status":"closed","template":"","meta":{"inline_featured_image":false},"product_cat":[760],"product_tag":[4235,4236,4234,945],"acf":[],"yoast_head":"<!-- This site is optimized with the Yoast SEO plugin v22.5 - https:\/\/yoast.com\/wordpress\/plugins\/seo\/ -->\n<title>Lamborghini Urraco P250 - Piston Addict<\/title>\n<meta name=\"robots\" content=\"index, follow, max-snippet:-1, max-image-preview:large, max-video-preview:-1\" \/>\n<link rel=\"canonical\" href=\"https:\/\/pistonaddict.com\/cs\/product\/lamborghini-urraco-p250\/\" \/>\n<meta property=\"og:locale\" content=\"cs_CZ\" \/>\n<meta property=\"og:type\" content=\"article\" \/>\n<meta property=\"og:title\" content=\"Lamborghini Urraco P250 - Piston Addict\" \/>\n<meta property=\"og:description\" content=\"Urraco, pojmenovan\u00e9 po plemeni bojov\u00fdch b\u00fdk\u016f z Miury, je sportovn\u00ed v\u016fz, kter\u00fd Lamborghini vyr\u00e1b\u011blo v letech 1972-1979. Tento \u010dty\u0159m\u00edstn\u00fd v\u016fz, navr\u017een\u00fd firmou Bertone, m\u011bl za c\u00edl postavit se konkurent\u016fm, jako jsou Ferrari 308 GT4 a legend\u00e1rn\u00ed Porsche 911. P\u0159esto\u017ee Urraco vypadalo \u00fachvatn\u011b a snadno se \u0159\u00eddilo, nebyl jeho prodejn\u00ed \u00fasp\u011bch nijak velk\u00fd - b\u011bhem sedmi let v\u00fdroby se vyrobilo pouze 791 voz\u016f. Takto omezen\u00fd po\u010det vyroben\u00fdch kus\u016f v\u0161ak zaji\u0161\u0165uje exkluzivitu, tak\u017ee ti, kdo si toto st\u0159\u00edbrn\u00e9 Lambo koup\u00ed, budou m\u00edt n\u011bco, co se \u010dasto nevid\u00ed.\" \/>\n<meta property=\"og:url\" content=\"https:\/\/pistonaddict.com\/cs\/product\/lamborghini-urraco-p250\/\" \/>\n<meta property=\"og:site_name\" content=\"Piston Addict\" \/>\n<meta property=\"article:modified_time\" content=\"2024-06-12T07:53:33+00:00\" \/>\n<meta property=\"og:image\" content=\"https:\/\/pistonaddict.com\/wp-content\/uploads\/2024\/06\/IMG-20231121-WA0182.jpg\" \/>\n\t<meta property=\"og:image:width\" content=\"2048\" \/>\n\t<meta property=\"og:image:height\" content=\"1536\" \/>\n\t<meta property=\"og:image:type\" content=\"image\/jpeg\" \/>\n<meta name=\"twitter:card\" content=\"summary_large_image\" \/>\n<meta name=\"twitter:label1\" content=\"Odhadovan\u00e1 doba \u010dten\u00ed\" \/>\n\t<meta name=\"twitter:data1\" content=\"3 minuty\" \/>\n<script type=\"application\/ld+json\" class=\"yoast-schema-graph\">{\"@context\":\"https:\/\/schema.org\",\"@graph\":[{\"@type\":\"WebPage\",\"@id\":\"https:\/\/pistonaddict.com\/cs\/product\/lamborghini-urraco-p250\/\",\"url\":\"https:\/\/pistonaddict.com\/cs\/product\/lamborghini-urraco-p250\/\",\"name\":\"Lamborghini Urraco P250 - Piston Addict\",\"isPartOf\":{\"@id\":\"https:\/\/pistonaddict.com\/cs\/#website\"},\"primaryImageOfPage\":{\"@id\":\"https:\/\/pistonaddict.com\/cs\/product\/lamborghini-urraco-p250\/#primaryimage\"},\"image\":{\"@id\":\"https:\/\/pistonaddict.com\/cs\/product\/lamborghini-urraco-p250\/#primaryimage\"},\"thumbnailUrl\":\"https:\/\/pistonaddict.com\/wp-content\/uploads\/2024\/06\/IMG-20231121-WA0182.jpg\",\"datePublished\":\"2024-06-11T15:05:07+00:00\",\"dateModified\":\"2024-06-12T07:53:33+00:00\",\"breadcrumb\":{\"@id\":\"https:\/\/pistonaddict.com\/cs\/product\/lamborghini-urraco-p250\/#breadcrumb\"},\"inLanguage\":\"cs\",\"potentialAction\":[{\"@type\":\"ReadAction\",\"target\":[\"https:\/\/pistonaddict.com\/cs\/product\/lamborghini-urraco-p250\/\"]}]},{\"@type\":\"ImageObject\",\"inLanguage\":\"cs\",\"@id\":\"https:\/\/pistonaddict.com\/cs\/product\/lamborghini-urraco-p250\/#primaryimage\",\"url\":\"https:\/\/pistonaddict.com\/wp-content\/uploads\/2024\/06\/IMG-20231121-WA0182.jpg\",\"contentUrl\":\"https:\/\/pistonaddict.com\/wp-content\/uploads\/2024\/06\/IMG-20231121-WA0182.jpg\",\"width\":2048,\"height\":1536},{\"@type\":\"BreadcrumbList\",\"@id\":\"https:\/\/pistonaddict.com\/cs\/product\/lamborghini-urraco-p250\/#breadcrumb\",\"itemListElement\":[{\"@type\":\"ListItem\",\"position\":1,\"name\":\"Domovsk\u00e1 str\u00e1nka\",\"item\":\"https:\/\/pistonaddict.com\/cs\/domovska-stranka-2\/\"},{\"@type\":\"ListItem\",\"position\":2,\"name\":\"Auctions\",\"item\":\"https:\/\/pistonaddict.com\/auctions-listing\/\"},{\"@type\":\"ListItem\",\"position\":3,\"name\":\"Lamborghini Urraco P250\"}]},{\"@type\":\"WebSite\",\"@id\":\"https:\/\/pistonaddict.com\/cs\/#website\",\"url\":\"https:\/\/pistonaddict.com\/cs\/\",\"name\":\"Piston Addict\",\"description\":\"Only interesting vehicles\",\"publisher\":{\"@id\":\"https:\/\/pistonaddict.com\/cs\/#organization\"},\"potentialAction\":[{\"@type\":\"SearchAction\",\"target\":{\"@type\":\"EntryPoint\",\"urlTemplate\":\"https:\/\/pistonaddict.com\/cs\/?s={search_term_string}\"},\"query-input\":\"required name=search_term_string\"}],\"inLanguage\":\"cs\"},{\"@type\":\"Organization\",\"@id\":\"https:\/\/pistonaddict.com\/cs\/#organization\",\"name\":\"Piston Addict\",\"url\":\"https:\/\/pistonaddict.com\/cs\/\",\"logo\":{\"@type\":\"ImageObject\",\"inLanguage\":\"cs\",\"@id\":\"https:\/\/pistonaddict.com\/cs\/#\/schema\/logo\/image\/\",\"url\":\"https:\/\/pistonaddict.com\/wp-content\/uploads\/2022\/07\/logo-6.png\",\"contentUrl\":\"https:\/\/pistonaddict.com\/wp-content\/uploads\/2022\/07\/logo-6.png\",\"width\":970,\"height\":200,\"caption\":\"Piston Addict\"},\"image\":{\"@id\":\"https:\/\/pistonaddict.com\/cs\/#\/schema\/logo\/image\/\"}}]}<\/script>\n<!-- \/ Yoast SEO plugin. -->","yoast_head_json":{"title":"Lamborghini Urraco P250 - Piston Addict","robots":{"index":"index","follow":"follow","max-snippet":"max-snippet:-1","max-image-preview":"max-image-preview:large","max-video-preview":"max-video-preview:-1"},"canonical":"https:\/\/pistonaddict.com\/cs\/product\/lamborghini-urraco-p250\/","og_locale":"cs_CZ","og_type":"article","og_title":"Lamborghini Urraco P250 - Piston Addict","og_description":"Urraco, pojmenovan\u00e9 po plemeni bojov\u00fdch b\u00fdk\u016f z Miury, je sportovn\u00ed v\u016fz, kter\u00fd Lamborghini vyr\u00e1b\u011blo v letech 1972-1979. Tento \u010dty\u0159m\u00edstn\u00fd v\u016fz, navr\u017een\u00fd firmou Bertone, m\u011bl za c\u00edl postavit se konkurent\u016fm, jako jsou Ferrari 308 GT4 a legend\u00e1rn\u00ed Porsche 911. P\u0159esto\u017ee Urraco vypadalo \u00fachvatn\u011b a snadno se \u0159\u00eddilo, nebyl jeho prodejn\u00ed \u00fasp\u011bch nijak velk\u00fd - b\u011bhem sedmi let v\u00fdroby se vyrobilo pouze 791 voz\u016f. Takto omezen\u00fd po\u010det vyroben\u00fdch kus\u016f v\u0161ak zaji\u0161\u0165uje exkluzivitu, tak\u017ee ti, kdo si toto st\u0159\u00edbrn\u00e9 Lambo koup\u00ed, budou m\u00edt n\u011bco, co se \u010dasto nevid\u00ed.","og_url":"https:\/\/pistonaddict.com\/cs\/product\/lamborghini-urraco-p250\/","og_site_name":"Piston Addict","article_modified_time":"2024-06-12T07:53:33+00:00","og_image":[{"width":2048,"height":1536,"url":"https:\/\/pistonaddict.com\/wp-content\/uploads\/2024\/06\/IMG-20231121-WA0182.jpg","type":"image\/jpeg"}],"twitter_card":"summary_large_image","twitter_misc":{"Odhadovan\u00e1 doba \u010dten\u00ed":"3 minuty"},"schema":{"@context":"https:\/\/schema.org","@graph":[{"@type":"WebPage","@id":"https:\/\/pistonaddict.com\/cs\/product\/lamborghini-urraco-p250\/","url":"https:\/\/pistonaddict.com\/cs\/product\/lamborghini-urraco-p250\/","name":"Lamborghini Urraco P250 - Piston Addict","isPartOf":{"@id":"https:\/\/pistonaddict.com\/cs\/#website"},"primaryImageOfPage":{"@id":"https:\/\/pistonaddict.com\/cs\/product\/lamborghini-urraco-p250\/#primaryimage"},"image":{"@id":"https:\/\/pistonaddict.com\/cs\/product\/lamborghini-urraco-p250\/#primaryimage"},"thumbnailUrl":"https:\/\/pistonaddict.com\/wp-content\/uploads\/2024\/06\/IMG-20231121-WA0182.jpg","datePublished":"2024-06-11T15:05:07+00:00","dateModified":"2024-06-12T07:53:33+00:00","breadcrumb":{"@id":"https:\/\/pistonaddict.com\/cs\/product\/lamborghini-urraco-p250\/#breadcrumb"},"inLanguage":"cs","potentialAction":[{"@type":"ReadAction","target":["https:\/\/pistonaddict.com\/cs\/product\/lamborghini-urraco-p250\/"]}]},{"@type":"ImageObject","inLanguage":"cs","@id":"https:\/\/pistonaddict.com\/cs\/product\/lamborghini-urraco-p250\/#primaryimage","url":"https:\/\/pistonaddict.com\/wp-content\/uploads\/2024\/06\/IMG-20231121-WA0182.jpg","contentUrl":"https:\/\/pistonaddict.com\/wp-content\/uploads\/2024\/06\/IMG-20231121-WA0182.jpg","width":2048,"height":1536},{"@type":"BreadcrumbList","@id":"https:\/\/pistonaddict.com\/cs\/product\/lamborghini-urraco-p250\/#breadcrumb","itemListElement":[{"@type":"ListItem","position":1,"name":"Domovsk\u00e1 str\u00e1nka","item":"https:\/\/pistonaddict.com\/cs\/domovska-stranka-2\/"},{"@type":"ListItem","position":2,"name":"Auctions","item":"https:\/\/pistonaddict.com\/auctions-listing\/"},{"@type":"ListItem","position":3,"name":"Lamborghini Urraco P250"}]},{"@type":"WebSite","@id":"https:\/\/pistonaddict.com\/cs\/#website","url":"https:\/\/pistonaddict.com\/cs\/","name":"Piston Addict","description":"Only interesting vehicles","publisher":{"@id":"https:\/\/pistonaddict.com\/cs\/#organization"},"potentialAction":[{"@type":"SearchAction","target":{"@type":"EntryPoint","urlTemplate":"https:\/\/pistonaddict.com\/cs\/?s={search_term_string}"},"query-input":"required name=search_term_string"}],"inLanguage":"cs"},{"@type":"Organization","@id":"https:\/\/pistonaddict.com\/cs\/#organization","name":"Piston Addict","url":"https:\/\/pistonaddict.com\/cs\/","logo":{"@type":"ImageObject","inLanguage":"cs","@id":"https:\/\/pistonaddict.com\/cs\/#\/schema\/logo\/image\/","url":"https:\/\/pistonaddict.com\/wp-content\/uploads\/2022\/07\/logo-6.png","contentUrl":"https:\/\/pistonaddict.com\/wp-content\/uploads\/2022\/07\/logo-6.png","width":970,"height":200,"caption":"Piston Addict"},"image":{"@id":"https:\/\/pistonaddict.com\/cs\/#\/schema\/logo\/image\/"}}]}},"_links":{"self":[{"href":"https:\/\/pistonaddict.com\/cs\/wp-json\/wp\/v2\/product\/108789"}],"collection":[{"href":"https:\/\/pistonaddict.com\/cs\/wp-json\/wp\/v2\/product"}],"about":[{"href":"https:\/\/pistonaddict.com\/cs\/wp-json\/wp\/v2\/types\/product"}],"replies":[{"embeddable":true,"href":"https:\/\/pistonaddict.com\/cs\/wp-json\/wp\/v2\/comments?post=108789"}],"wp:featuredmedia":[{"embeddable":true,"href":"https:\/\/pistonaddict.com\/cs\/wp-json\/wp\/v2\/media\/108751"}],"wp:attachment":[{"href":"https:\/\/pistonaddict.com\/cs\/wp-json\/wp\/v2\/media?parent=108789"}],"wp:term":[{"taxonomy":"product_cat","embeddable":true,"href":"https:\/\/pistonaddict.com\/cs\/wp-json\/wp\/v2\/product_cat?post=108789"},{"taxonomy":"product_tag","embeddable":true,"href":"https:\/\/pistonaddict.com\/cs\/wp-json\/wp\/v2\/product_tag?post=108789"}],"curies":[{"name":"wp","href":"https:\/\/api.w.org\/{rel}","templated":true}]}}