{"id":104849,"date":"2024-05-21T11:33:26","date_gmt":"2024-05-21T09:33:26","guid":{"rendered":"https:\/\/pistonaddict.com\/product\/fisker-karma-2\/"},"modified":"2024-05-21T14:15:34","modified_gmt":"2024-05-21T12:15:34","slug":"fisker-karma-2","status":"publish","type":"product","link":"https:\/\/pistonaddict.com\/cs\/product\/fisker-karma-2\/","title":{"rendered":"Fisker Karma"},"content":{"rendered":"<p><strong>Historie vozu<\/strong><\/p>\n<p>Fisker Karma, d\u016fkaz geniality Henrika Fiskera, byl p\u0159edstaven v roce 2011. Tento plug-in hybridn\u00ed elektromobil (PHEV) nejen\u017ee posunul hranice automobilov\u00e9ho designu a technologie, ale tak\u00e9 si z\u00edskal srdce svou v\u00fdraznou estetikou, luxusn\u00edm interi\u00e9rem a inovativn\u00ed technikou. A\u010dkoli hybridy nebyly v t\u00e9 dob\u011b \u017e\u00e1dnou novinkou, Karma zm\u011bnila jejich vn\u00edm\u00e1n\u00ed a ze v\u0161edn\u00edch voz\u016f se stala atraktivn\u00ed z\u00e1le\u017eitost\u00ed. Plynule spojuje v\u00fdkon a udr\u017eitelnost, tak\u017ee hybridy jsou \u0161etrn\u00e9 k \u017eivotn\u00edmu prost\u0159ed\u00ed, stylov\u00e9 a vzru\u0161uj\u00edc\u00ed. Model Karma poh\u00e1n\u011bn\u00fd silnou kombinac\u00ed 2,0litrov\u00e9ho p\u0159epl\u0148ovan\u00e9ho benzinov\u00e9ho motoru a dvou elektromotor\u016f se py\u0161nil p\u016fsobiv\u00fdmi v\u00fdkonov\u00fdmi parametry. Zrychlen\u00ed z 0 na 100 km\/h za pouh\u00fdch 5,9 sekundy a maxim\u00e1ln\u00ed rychlost p\u0159esahuj\u00edc\u00ed 200 km\/h uk\u00e1zaly jeho sportovn\u00ed p\u016fvod. T\u011bchto v\u00fdkon\u016f v\u0161ak dos\u00e1hl p\u0159i zachov\u00e1n\u00ed chv\u00e1lyhodn\u00e9 spot\u0159eby paliva. Krom\u011b v\u00fdkonu se charakteristick\u00fdm rysem vozu Karma stal jeho design. Sv\u00fdmi ladn\u00fdmi liniemi a impozantn\u00edm vzhledem vzbuzoval pozornost v\u0161ude, kde se objevil, a z\u00edskal si obdiv automobilov\u00fdch nad\u0161enc\u016f po cel\u00e9m sv\u011bt\u011b. Tento konkr\u00e9tn\u00ed model, iterace druh\u00e9 s\u00e9rie z roku 2013, je vz\u00e1cn\u00fd a exkluzivn\u00ed. Tento v\u016fz Fisker Karma byl vyroben v po\u010dtu 2 349 kus\u016f a pat\u0159\u00ed k posledn\u00ed s\u00e9rii s po\u0159adov\u00fdm \u010d\u00edslem 2 259. Jedn\u00e1 se o vz\u00e1cn\u00fd klenot, touto jedine\u010dnou kombinac\u00ed barvy a r\u00e1fk\u016f se m\u016f\u017ee pochlubit pouze 188 vozidel na cel\u00e9m sv\u011bt\u011b.<\/p>\n<p><strong>Stav<\/strong><\/p>\n<p>S pouh\u00fdmi 82 080 km, rozs\u00e1hlou servisn\u00ed histori\u00ed a pouze n\u011bkolika oddan\u00fdmi majiteli je tato Karma v bezvadn\u00e9m stavu. Co se t\u00fd\u010de spot\u0159eby paliva, tvrzen\u00ed spole\u010dnosti Fisker o dojezdu v\u00edce ne\u017e 80 km pouze na elekt\u0159inu je opodstatn\u011bn\u00e9, tak\u017ee je vhodn\u00fd pro ka\u017edodenn\u00ed doj\u00ed\u017ed\u011bn\u00ed do pr\u00e1ce. Pozoruhodn\u00e9 jsou i \u00fadaje o spot\u0159eb\u011b benzinu a elekt\u0159iny, kter\u00e1 v pr\u016fm\u011bru \u010din\u00ed pouh\u00fdch 4,5 litru paliva na 100 km. Potenci\u00e1ln\u00ed kupuj\u00edc\u00ed ocen\u00ed pe\u010dlivou \u00fadr\u017ebu tohoto vozidla, o \u010dem\u017e sv\u011bd\u010d\u00ed obs\u00e1hl\u00e9 servisn\u00ed z\u00e1znamy. Koncem roku 2022 byla provedena v\u00fdm\u011bna oleje, v b\u0159eznu 2024 kompletn\u00ed servis a v kv\u011btnu 2024 gener\u00e1ln\u00ed oprava brzdov\u00e9 soustavy, aby byla tato elegantn\u00ed \u010dern\u00e1 Karma ve \u0161pi\u010dkov\u00e9m stavu. Nejd\u016fle\u017eit\u011bj\u0161\u00ed je zm\u00ednit, \u017ee baterie skon\u010dila v roce 2017, kdy v\u016fz koupil sou\u010dasn\u00fd majitel &#8211; co\u017e znamen\u00e1, \u017ee budouc\u00ed majitel\u00e9 budou m\u00edt bezprobl\u00e9mov\u00e9 zku\u0161enosti s vlastnictv\u00edm.<\/p>\n<p><strong>Interi\u00e9r<\/strong><\/p>\n<p>Kombinace \u010dern\u00e9 k\u016f\u017ee a Alcantary dokonale lad\u00ed s exteri\u00e9rem, ale nejd\u016fle\u017eit\u011bj\u0161\u00ed je, \u017ee interi\u00e9r je ve stavu jako nov\u00fd, bez jak\u00fdchkoli trhlin, po\u0161kozen\u00ed nebo \u00faprav. Nechyb\u00ed informa\u010dn\u00ed a z\u00e1bavn\u00ed syst\u00e9m ani audiosyst\u00e9m a bezr\u00e1mov\u00e9 dve\u0159e dod\u00e1vaj\u00ed tomuto sedanu sportovn\u00ed a kup\u00e9 charakter. D\u00edky sv\u00e9 specifick\u00e9 konstrukci sed\u00ed Karma n\u00edzko a poskytuje cestuj\u00edc\u00edm v\u00edce vnit\u0159n\u00edho prostoru ne\u017e konkurence. V\u0161echny funkce, jako nap\u0159\u00edklad vyh\u0159\u00edvan\u00e1 sedadla, jsou funk\u010dn\u00ed a funk\u010dn\u00ed.<\/p>\n<p><strong>Exteri\u00e9r a kola<\/strong><\/p>\n<p>Leskl\u00e1 \u010dern\u00e1 barva je v perfektn\u00edm stavu, bez \u0161kr\u00e1banc\u016f, vryp\u016f nebo po\u0161kozen\u00ed. Unik\u00e1tn\u00ed sol\u00e1rn\u00ed st\u0159echa je p\u0159\u00edtomna a funk\u010dn\u00ed a st\u00e1le slou\u017e\u00ed jako jeden z nejpozoruhodn\u011bj\u0161\u00edch prvk\u016f tohoto modelu. Tato Karma je vybavena voliteln\u00fdmi 22palcov\u00fdmi koly obut\u00fdmi do pneumatik Pirelli na p\u0159edn\u00edch kolech a pneumatikami Goodyear na zadn\u00edch kolech. P\u0159edn\u00ed pneumatiky byly namontov\u00e1ny v b\u0159eznu 2024 a jsou jako nov\u00e9. Jedinou opravou exteri\u00e9ru je renovace jedine\u010dn\u011b vypadaj\u00edc\u00edch kol, tak\u017ee vypadaj\u00ed, jako by byla pr\u00e1v\u011b dod\u00e1na.<\/p>\n<p><strong>Dokumentace<\/strong><\/p>\n<p>Tento v\u016fz se nach\u00e1z\u00ed ve \u0160v\u00fdcarsku a je prod\u00e1v\u00e1n soukromou osobou. <a href=\"https:\/\/pistonaddict.com\/wp-content\/uploads\/2024\/05\/YH4K14AA4CA002259.pdf\">Zpr\u00e1va CarVertical<\/a> je \u010dist\u00e1; neexistuj\u00ed \u017e\u00e1dn\u00e9 doklady o nehod\u00e1ch, oprav\u00e1ch po nehod\u00e1ch, vlastnictv\u00ed nebo pr\u00e1vn\u00edch probl\u00e9mech. Existuj\u00ed z\u00e1znamy o pravideln\u00e9 \u00fadr\u017eb\u011b, \u00fa\u010dty za prodej a \u00fa\u010dtenky. Na tento model nen\u00ed k dispozici \u017e\u00e1dn\u00e1 tov\u00e1rn\u00ed z\u00e1ruka.<\/p>\n<p><strong>Pod\u00edvejte se na video tohoto n\u00e1dhern\u00e9ho vozu Fisker Karma :<\/strong><\/p>\n<p><iframe title=\"Video Tour of the Fisker Karma for auction sale\" width=\"1200\" height=\"675\" src=\"https:\/\/www.youtube.com\/embed\/xv_ZkvmcPKw?feature=oembed\" frameborder=\"0\" allow=\"accelerometer; autoplay; clipboard-write; encrypted-media; gyroscope; picture-in-picture; web-share\" referrerpolicy=\"strict-origin-when-cross-origin\" allowfullscreen><\/iframe><\/p>\n","protected":false},"excerpt":{"rendered":"<p>Fisker Karma z\u016fstane nav\u017edy v pam\u011bti jako jeden z nejzaj\u00edmav\u011bj\u0161\u00edch a jeden z prvn\u00edch celosv\u011btov\u011b dostupn\u00fdch hybrid\u016f. D\u00edky jedine\u010dn\u00e9mu designu, v\u00fdkonn\u00e9mu pohonn\u00e9mu \u00fastroj\u00ed, skv\u011bl\u00e9 v\u00fdbav\u011b a velmi n\u00edzk\u00e9mu po\u010dtu vyroben\u00fdch kus\u016f je Karma v podstat\u011b prvn\u00edm sb\u011bratelsk\u00fdm vozem modern\u00ed \u00e9ry elektromobil\u016f\/hybrid\u016f. Budouc\u00ed klasika? Ur\u010dit\u011b!<\/p>\n","protected":false},"featured_media":104613,"comment_status":"open","ping_status":"closed","template":"","meta":{"inline_featured_image":false},"product_cat":[760],"product_tag":[4107,4108,929,1775,4109],"acf":[],"yoast_head":"<!-- This site is optimized with the Yoast SEO plugin v22.5 - https:\/\/yoast.com\/wordpress\/plugins\/seo\/ -->\n<title>Fisker Karma - Piston Addict<\/title>\n<meta name=\"robots\" content=\"index, follow, max-snippet:-1, max-image-preview:large, max-video-preview:-1\" \/>\n<link rel=\"canonical\" href=\"https:\/\/pistonaddict.com\/cs\/product\/fisker-karma-2\/\" \/>\n<meta property=\"og:locale\" content=\"cs_CZ\" \/>\n<meta property=\"og:type\" content=\"article\" \/>\n<meta property=\"og:title\" content=\"Fisker Karma - Piston Addict\" \/>\n<meta property=\"og:description\" content=\"Fisker Karma z\u016fstane nav\u017edy v pam\u011bti jako jeden z nejzaj\u00edmav\u011bj\u0161\u00edch a jeden z prvn\u00edch celosv\u011btov\u011b dostupn\u00fdch hybrid\u016f. D\u00edky jedine\u010dn\u00e9mu designu, v\u00fdkonn\u00e9mu pohonn\u00e9mu \u00fastroj\u00ed, skv\u011bl\u00e9 v\u00fdbav\u011b a velmi n\u00edzk\u00e9mu po\u010dtu vyroben\u00fdch kus\u016f je Karma v podstat\u011b prvn\u00edm sb\u011bratelsk\u00fdm vozem modern\u00ed \u00e9ry elektromobil\u016f\/hybrid\u016f. Budouc\u00ed klasika? Ur\u010dit\u011b!\" \/>\n<meta property=\"og:url\" content=\"https:\/\/pistonaddict.com\/cs\/product\/fisker-karma-2\/\" \/>\n<meta property=\"og:site_name\" content=\"Piston Addict\" \/>\n<meta property=\"article:modified_time\" content=\"2024-05-21T12:15:34+00:00\" \/>\n<meta property=\"og:image\" content=\"https:\/\/pistonaddict.com\/wp-content\/uploads\/2024\/05\/IMG-20240321-WA0010.jpg\" \/>\n\t<meta property=\"og:image:width\" content=\"2000\" \/>\n\t<meta property=\"og:image:height\" content=\"1500\" \/>\n\t<meta property=\"og:image:type\" content=\"image\/jpeg\" \/>\n<meta name=\"twitter:card\" content=\"summary_large_image\" \/>\n<meta name=\"twitter:label1\" content=\"Odhadovan\u00e1 doba \u010dten\u00ed\" \/>\n\t<meta name=\"twitter:data1\" content=\"4 minuty\" \/>\n<script type=\"application\/ld+json\" class=\"yoast-schema-graph\">{\"@context\":\"https:\/\/schema.org\",\"@graph\":[{\"@type\":\"WebPage\",\"@id\":\"https:\/\/pistonaddict.com\/cs\/product\/fisker-karma-2\/\",\"url\":\"https:\/\/pistonaddict.com\/cs\/product\/fisker-karma-2\/\",\"name\":\"Fisker Karma - Piston Addict\",\"isPartOf\":{\"@id\":\"https:\/\/pistonaddict.com\/cs\/#website\"},\"primaryImageOfPage\":{\"@id\":\"https:\/\/pistonaddict.com\/cs\/product\/fisker-karma-2\/#primaryimage\"},\"image\":{\"@id\":\"https:\/\/pistonaddict.com\/cs\/product\/fisker-karma-2\/#primaryimage\"},\"thumbnailUrl\":\"https:\/\/pistonaddict.com\/wp-content\/uploads\/2024\/05\/IMG-20240321-WA0010.jpg\",\"datePublished\":\"2024-05-21T09:33:26+00:00\",\"dateModified\":\"2024-05-21T12:15:34+00:00\",\"breadcrumb\":{\"@id\":\"https:\/\/pistonaddict.com\/cs\/product\/fisker-karma-2\/#breadcrumb\"},\"inLanguage\":\"cs\",\"potentialAction\":[{\"@type\":\"ReadAction\",\"target\":[\"https:\/\/pistonaddict.com\/cs\/product\/fisker-karma-2\/\"]}]},{\"@type\":\"ImageObject\",\"inLanguage\":\"cs\",\"@id\":\"https:\/\/pistonaddict.com\/cs\/product\/fisker-karma-2\/#primaryimage\",\"url\":\"https:\/\/pistonaddict.com\/wp-content\/uploads\/2024\/05\/IMG-20240321-WA0010.jpg\",\"contentUrl\":\"https:\/\/pistonaddict.com\/wp-content\/uploads\/2024\/05\/IMG-20240321-WA0010.jpg\",\"width\":2000,\"height\":1500},{\"@type\":\"BreadcrumbList\",\"@id\":\"https:\/\/pistonaddict.com\/cs\/product\/fisker-karma-2\/#breadcrumb\",\"itemListElement\":[{\"@type\":\"ListItem\",\"position\":1,\"name\":\"Domovsk\u00e1 str\u00e1nka\",\"item\":\"https:\/\/pistonaddict.com\/cs\/domovska-stranka-2\/\"},{\"@type\":\"ListItem\",\"position\":2,\"name\":\"Auctions\",\"item\":\"https:\/\/pistonaddict.com\/auctions-listing\/\"},{\"@type\":\"ListItem\",\"position\":3,\"name\":\"Fisker Karma\"}]},{\"@type\":\"WebSite\",\"@id\":\"https:\/\/pistonaddict.com\/cs\/#website\",\"url\":\"https:\/\/pistonaddict.com\/cs\/\",\"name\":\"Piston Addict\",\"description\":\"Only interesting vehicles\",\"publisher\":{\"@id\":\"https:\/\/pistonaddict.com\/cs\/#organization\"},\"potentialAction\":[{\"@type\":\"SearchAction\",\"target\":{\"@type\":\"EntryPoint\",\"urlTemplate\":\"https:\/\/pistonaddict.com\/cs\/?s={search_term_string}\"},\"query-input\":\"required name=search_term_string\"}],\"inLanguage\":\"cs\"},{\"@type\":\"Organization\",\"@id\":\"https:\/\/pistonaddict.com\/cs\/#organization\",\"name\":\"Piston Addict\",\"url\":\"https:\/\/pistonaddict.com\/cs\/\",\"logo\":{\"@type\":\"ImageObject\",\"inLanguage\":\"cs\",\"@id\":\"https:\/\/pistonaddict.com\/cs\/#\/schema\/logo\/image\/\",\"url\":\"https:\/\/pistonaddict.com\/wp-content\/uploads\/2022\/07\/logo-6.png\",\"contentUrl\":\"https:\/\/pistonaddict.com\/wp-content\/uploads\/2022\/07\/logo-6.png\",\"width\":970,\"height\":200,\"caption\":\"Piston Addict\"},\"image\":{\"@id\":\"https:\/\/pistonaddict.com\/cs\/#\/schema\/logo\/image\/\"}}]}<\/script>\n<!-- \/ Yoast SEO plugin. -->","yoast_head_json":{"title":"Fisker Karma - Piston Addict","robots":{"index":"index","follow":"follow","max-snippet":"max-snippet:-1","max-image-preview":"max-image-preview:large","max-video-preview":"max-video-preview:-1"},"canonical":"https:\/\/pistonaddict.com\/cs\/product\/fisker-karma-2\/","og_locale":"cs_CZ","og_type":"article","og_title":"Fisker Karma - Piston Addict","og_description":"Fisker Karma z\u016fstane nav\u017edy v pam\u011bti jako jeden z nejzaj\u00edmav\u011bj\u0161\u00edch a jeden z prvn\u00edch celosv\u011btov\u011b dostupn\u00fdch hybrid\u016f. D\u00edky jedine\u010dn\u00e9mu designu, v\u00fdkonn\u00e9mu pohonn\u00e9mu \u00fastroj\u00ed, skv\u011bl\u00e9 v\u00fdbav\u011b a velmi n\u00edzk\u00e9mu po\u010dtu vyroben\u00fdch kus\u016f je Karma v podstat\u011b prvn\u00edm sb\u011bratelsk\u00fdm vozem modern\u00ed \u00e9ry elektromobil\u016f\/hybrid\u016f. Budouc\u00ed klasika? Ur\u010dit\u011b!","og_url":"https:\/\/pistonaddict.com\/cs\/product\/fisker-karma-2\/","og_site_name":"Piston Addict","article_modified_time":"2024-05-21T12:15:34+00:00","og_image":[{"width":2000,"height":1500,"url":"https:\/\/pistonaddict.com\/wp-content\/uploads\/2024\/05\/IMG-20240321-WA0010.jpg","type":"image\/jpeg"}],"twitter_card":"summary_large_image","twitter_misc":{"Odhadovan\u00e1 doba \u010dten\u00ed":"4 minuty"},"schema":{"@context":"https:\/\/schema.org","@graph":[{"@type":"WebPage","@id":"https:\/\/pistonaddict.com\/cs\/product\/fisker-karma-2\/","url":"https:\/\/pistonaddict.com\/cs\/product\/fisker-karma-2\/","name":"Fisker Karma - Piston Addict","isPartOf":{"@id":"https:\/\/pistonaddict.com\/cs\/#website"},"primaryImageOfPage":{"@id":"https:\/\/pistonaddict.com\/cs\/product\/fisker-karma-2\/#primaryimage"},"image":{"@id":"https:\/\/pistonaddict.com\/cs\/product\/fisker-karma-2\/#primaryimage"},"thumbnailUrl":"https:\/\/pistonaddict.com\/wp-content\/uploads\/2024\/05\/IMG-20240321-WA0010.jpg","datePublished":"2024-05-21T09:33:26+00:00","dateModified":"2024-05-21T12:15:34+00:00","breadcrumb":{"@id":"https:\/\/pistonaddict.com\/cs\/product\/fisker-karma-2\/#breadcrumb"},"inLanguage":"cs","potentialAction":[{"@type":"ReadAction","target":["https:\/\/pistonaddict.com\/cs\/product\/fisker-karma-2\/"]}]},{"@type":"ImageObject","inLanguage":"cs","@id":"https:\/\/pistonaddict.com\/cs\/product\/fisker-karma-2\/#primaryimage","url":"https:\/\/pistonaddict.com\/wp-content\/uploads\/2024\/05\/IMG-20240321-WA0010.jpg","contentUrl":"https:\/\/pistonaddict.com\/wp-content\/uploads\/2024\/05\/IMG-20240321-WA0010.jpg","width":2000,"height":1500},{"@type":"BreadcrumbList","@id":"https:\/\/pistonaddict.com\/cs\/product\/fisker-karma-2\/#breadcrumb","itemListElement":[{"@type":"ListItem","position":1,"name":"Domovsk\u00e1 str\u00e1nka","item":"https:\/\/pistonaddict.com\/cs\/domovska-stranka-2\/"},{"@type":"ListItem","position":2,"name":"Auctions","item":"https:\/\/pistonaddict.com\/auctions-listing\/"},{"@type":"ListItem","position":3,"name":"Fisker Karma"}]},{"@type":"WebSite","@id":"https:\/\/pistonaddict.com\/cs\/#website","url":"https:\/\/pistonaddict.com\/cs\/","name":"Piston Addict","description":"Only interesting vehicles","publisher":{"@id":"https:\/\/pistonaddict.com\/cs\/#organization"},"potentialAction":[{"@type":"SearchAction","target":{"@type":"EntryPoint","urlTemplate":"https:\/\/pistonaddict.com\/cs\/?s={search_term_string}"},"query-input":"required name=search_term_string"}],"inLanguage":"cs"},{"@type":"Organization","@id":"https:\/\/pistonaddict.com\/cs\/#organization","name":"Piston Addict","url":"https:\/\/pistonaddict.com\/cs\/","logo":{"@type":"ImageObject","inLanguage":"cs","@id":"https:\/\/pistonaddict.com\/cs\/#\/schema\/logo\/image\/","url":"https:\/\/pistonaddict.com\/wp-content\/uploads\/2022\/07\/logo-6.png","contentUrl":"https:\/\/pistonaddict.com\/wp-content\/uploads\/2022\/07\/logo-6.png","width":970,"height":200,"caption":"Piston Addict"},"image":{"@id":"https:\/\/pistonaddict.com\/cs\/#\/schema\/logo\/image\/"}}]}},"_links":{"self":[{"href":"https:\/\/pistonaddict.com\/cs\/wp-json\/wp\/v2\/product\/104849"}],"collection":[{"href":"https:\/\/pistonaddict.com\/cs\/wp-json\/wp\/v2\/product"}],"about":[{"href":"https:\/\/pistonaddict.com\/cs\/wp-json\/wp\/v2\/types\/product"}],"replies":[{"embeddable":true,"href":"https:\/\/pistonaddict.com\/cs\/wp-json\/wp\/v2\/comments?post=104849"}],"wp:featuredmedia":[{"embeddable":true,"href":"https:\/\/pistonaddict.com\/cs\/wp-json\/wp\/v2\/media\/104613"}],"wp:attachment":[{"href":"https:\/\/pistonaddict.com\/cs\/wp-json\/wp\/v2\/media?parent=104849"}],"wp:term":[{"taxonomy":"product_cat","embeddable":true,"href":"https:\/\/pistonaddict.com\/cs\/wp-json\/wp\/v2\/product_cat?post=104849"},{"taxonomy":"product_tag","embeddable":true,"href":"https:\/\/pistonaddict.com\/cs\/wp-json\/wp\/v2\/product_tag?post=104849"}],"curies":[{"name":"wp","href":"https:\/\/api.w.org\/{rel}","templated":true}]}}